{"id":4203,"date":"2015-01-23T14:12:55","date_gmt":"2015-01-23T13:12:55","guid":{"rendered":"http:\/\/www.carideal.com\/blog\/?page_id=4203"},"modified":"2020-01-26T14:58:10","modified_gmt":"2020-01-26T13:58:10","slug":"a-propos-de-carideal-le-blog","status":"publish","type":"page","link":"https:\/\/www.carideal.com\/blog\/a-propos-de-carideal-le-blog\/","title":{"rendered":"A propos de Carideal Le Blog"},"content":{"rendered":"<h2>Carideal le blog automobile : il y a tr\u00e8s longtemps d\u00e9j\u00e0<\/h2>\n<p>C'est h\u00e9r\u00e9ditaire.... Haut comme trois pommes je tra\u00eenais d\u00e9j\u00e0 dans le <a href=\"http:\/\/www.carideal.com\/blog\/garage-automobile\/\">Garage<\/a> \u00e0 d\u00e9monter des carburateurs.... L'esprit latin aidant l'automobile a toujours \u00e9t\u00e9 une source d'inspiration. C'est la raison d'\u00eatre du <a href=\"http:\/\/www.carideal.com\/blog\/\">Blog Automobile<\/a> du Mandataire Carideal.com.<\/p>\n<figure id=\"attachment_14950\" aria-describedby=\"caption-attachment-14950\" style=\"width: 690px\" class=\"wp-caption aligncenter\"><img loading=\"lazy\" decoding=\"async\" class=\"size-full wp-image-14950\" src=\"http:\/\/www.carideal.com\/blog\/wp-content\/uploads\/2015\/01\/carideal-vendezvotrevoiture.fr-08-11-2016-e1580047026324.jpg\" alt=\"A propos du Blog automobile de Carideal : site d'infos auto\" width=\"700\" height=\"525\" \/><figcaption id=\"caption-attachment-14950\" class=\"wp-caption-text\">A propos du Blog automobile de Carideal : site d'infos auto<\/figcaption><\/figure>\n<p>L'automobile a fait d'\u00e9norme progr\u00e8s et en fera encore, les horizons sont vastes, il faut l'expliquer \u00e0 nos clients et visiteurs. Bonne lecture.<\/p>\n<p>Le Blog de Carideal\u00a0est un site Internet fran\u00e7ais\u00a0bas\u00e9 sur l'Internet pour les automobiles et les <a href=\"http:\/\/www.carideal.com\/blog\/sport-auto\/\">courses automobiles<\/a>, qui appartient et est exploit\u00e9 par Schiavon.<\/p>\n<h2>Actualit\u00e9 auto<\/h2>\n<p>Retrouvez toutes les <a href=\"http:\/\/www.carideal.com\/blog\/actualites-auto\/\">actualit\u00e9s auto<\/a> sur notre Blog mis \u00e0 jour<\/p>\n<ul class=\"lcp_catlist\" id=\"lcp_instance_0\"><li><a href=\"https:\/\/www.carideal.com\/blog\/2025\/03\/10\/maserati-renonce-a-la-mc20-folgore-electrique\/\">Maserati renonce \u00e0 la MC20 Folgore \u00e9lectrique<\/a><div class=\"lcp_excerpt\">\nMaserati renonce \u00e0 la MC20 Folgore \u00e9lectrique\n\n\nD\u00e9voil\u00e9e en 2020, la Maserati MC20 avait suscit\u00e9 un vif int\u00e9r\u00eat, notamment gr\u00e2ce \u00e0 l&rsquo;annonce d&rsquo;une d\u00e9clinaison enti\u00e8rement \u00e9lectrique baptis\u00e9e Folgore. Maserati avait alors clairement affich\u00e9 son ambition : devenir un leader de l\u2019\u00e9lectrification des supercars d&rsquo;ici 2025. Toutefois, la marque italienne a r\u00e9cemment pris une d\u00e9cision radicale : ...<\/div><\/li><li><a href=\"https:\/\/www.carideal.com\/blog\/2020\/10\/07\/piech-automotive-se-prepare-a-produire-des-voitures-de-sport-electriques\/\">Piech Automotive se pr\u00e9pare \u00e0 produire des voitures de sport \u00e9lectriques<\/a><div class=\"lcp_excerpt\">\nLa Prog\u00e9niture de Porsche : Piech Automotive se pr\u00e9pare \u00e0 produire des voitures de sport \u00e9lectriques\n\n\nPiech Automotive va produire des voitures de sport \u00e9lectriques : Entreprise portant le nom de Ferdinand Piech, petit-fils et neveu des fondateurs de Porsche.\n\n\nPiech Automotive se pr\u00e9pare \u00e0 produire des voitures de sport \u00e9lectriques\n\n\n\nLes voitures \u00e9lectriques les plus rapides\n\n\n\nBien que ...<\/div><\/li><li><a href=\"https:\/\/www.carideal.com\/blog\/2020\/02\/28\/ds-aero-sport-lounge-le-concept-car-ds-devoile\/\">DS Aero Sport Lounge le Concept car DS d\u00e9voil\u00e9<\/a><div class=\"lcp_excerpt\">\nLe concept car DS Aero Sport Lounge d\u00e9voil\u00e9\n\n\nLe dernier concept car de DS Aero Sport, qui offre une autonomie de plus de 640 km, pr\u00e9sente un nouveau style de carrosserie pour l&rsquo;\u00e8re \u00e9lectrique.\n\n\n\nDS Aero Sport Lounge le Concept car DS d\u00e9voil\u00e9\n\n\n\nDS a d\u00e9voil\u00e9 le concept de l&rsquo;Aero Sport Lounge avant le Salon de l&rsquo;automobile de ...<\/div><\/li><li><a href=\"https:\/\/www.carideal.com\/blog\/2019\/09\/07\/salon-de-francfort-2019-en-avant-premiere\/\">Salon de Francfort 2019 en avant-premi\u00e8re<\/a><div class=\"lcp_excerpt\">Salon de Francfort 2019 en avant-premi\u00e8re\nLe Salon de Francfort 2019 approche \u00e0 grands pas, avec BMW, Cupra, Hyundai, Land Rover, Porsche et VW.\nLe Salon de Francfort 2019 ouvre ses portes \u00e0 la presse mondiale le jeudi 12 septembre. C&rsquo;est l&rsquo;un des \u00e9v\u00e9nements les plus importants du calendrier automobile, ayant attir\u00e9 jusqu&rsquo;\u00e0 850 000 visiteurs les ...<\/div><\/li><li><a href=\"https:\/\/www.carideal.com\/blog\/2019\/08\/29\/premiere-image-nouveau-land-rover-defender-2020\/\">Premi\u00e8re image du nouveau Land Rover Defender 2020<\/a><div class=\"lcp_excerpt\">Premi\u00e8re image du nouveau Land Rover Defender 2020\nPremi\u00e8re Image fuit\u00e9e du Nouveau land Rover Defender 2020 renaissant, tir\u00e9es du tournage du prochain film de James Bond.\nL&rsquo;image du nouveau Land Rover Defender a fait couler beaucoup d&rsquo;encre sur le web, quelques jours \u00e0 peine avant la premi\u00e8re mondiale tr\u00e8s attendue de ce tout nouveau tout-terrain au ...<\/div><\/li><li><a href=\"https:\/\/www.carideal.com\/blog\/2019\/07\/24\/les-futurs-modeles-mercedes-benz-2019-2020\/\">Les futurs mod\u00e8les Mercedes-Benz 2019 2020<\/a><div class=\"lcp_excerpt\">\nLes futurs mod\u00e8les Mercedes-Benz 2019-2020\n\n\nLe Mercedes CLA Shooting Brake est maintenant \u00e0 seulement quelques semaines des showroom des concessionnaires\n\n\nL&rsquo;extension sans fin des gammes de v\u00e9hicules se traduit-elle par une augmentation constante des ventes ? Pas si vous \u00eates Audi, ou maintenant, Mercedes-Benz aussi. Tous sur les futurs mod\u00e8les Mercedes. La marque est \u00e0 peine en ...<\/div><\/li><li><a href=\"https:\/\/www.carideal.com\/blog\/2019\/06\/13\/voitures-cool-le-top-10-des-voitures-les-plus-cool-du-monde\/\">Voitures cool : le top 10 des voitures les plus cool du monde<\/a><div class=\"lcp_excerpt\">Voitures cool : le top 10 des voitures les plus cool du monde\nNotre enqu\u00eate sur les voitures cool a r\u00e9v\u00e9l\u00e9 le top 10 des voitures les plus cool au monde selon vous. Et les voici\u2026\nOn s&rsquo;est largement pos\u00e9 la question, creus\u00e9 les m\u00e9ninges et revu plusieurs crit\u00e8res et voici les r\u00e9sultats : ce sont les ...<\/div><\/li><li><a href=\"https:\/\/www.carideal.com\/blog\/2019\/02\/19\/concept-citroen-ami-one-ravive-esprit-2cv\/\">Concept Citroen AMI ONE ravive l&rsquo;esprit de la 2CV<\/a><div class=\"lcp_excerpt\">\nLe nouveau concept Citroen AMI ONE ravive l&rsquo;esprit de la 2CV\n\n\nLe nouveau concept Citro\u00ebn AMI ONE \u00e0 deux places enti\u00e8rement \u00e9lectrique sera officiellement d\u00e9voil\u00e9 au salon de l&rsquo;auto de Gen\u00e8ve avec une autonomie de 100 km.\n\n\nConcept Citroen AMI ONE\n\n\nD\u00e9j\u00e0 le nom m&rsquo;interpelle, bien entendu cela n&rsquo;est pas sans rappeler les Ami 6, Ami 8 et ...<\/div><\/li><li><a href=\"https:\/\/www.carideal.com\/blog\/2019\/02\/10\/nouvelle-skoda-kamiq-2019-photos\/\">Nouvelle Skoda Kamiq 2019 surprise avant sa pr\u00e9sentation \u00e0 Gen\u00e8ve<\/a><div class=\"lcp_excerpt\">La nouvelle Skoda Kamiq 2019 espionn\u00e9e avant sa pr\u00e9sentation \u00e0 Gen\u00e8ve\nLe prochain SUV de Skoda le Kamiq 2019 a \u00e9t\u00e9 film\u00e9, apr\u00e8s que la marque tch\u00e8que a d\u00e9voil\u00e9 un nouvel int\u00e9rieur\nLes photographes espions de Carscoop ont pris le prochain SUV Skoda Kamiq en photo alors qu&rsquo;il \u00e9tait \u00e0 l\u2019essai avant son lancement au Salon de ...<\/div><\/li><li><a href=\"https:\/\/www.carideal.com\/blog\/2019\/01\/30\/renault-clio-2019-axee-technologie-qualite\/\">Renault Clio 5 ax\u00e9e sur la qualit\u00e9 et la technologie<\/a><div class=\"lcp_excerpt\">Nouvelle Renault Clio 5 ax\u00e9e sur la qualit\u00e9 et plus de technologie\nLa nouvelle Renault Clio 5 arrive avant le salon de l&rsquo;auto de Gen\u00e8ve, avec un regard \u00e9volutif \u00e0 l&rsquo;ext\u00e9rieur mais de grands changements \u00e0 l&rsquo;int\u00e9rieur.\u00a0C\u2019est la toute nouvelle Renault Clio 5, r\u00e9v\u00e9l\u00e9e par des images officielles avant ses d\u00e9buts publics au Salon de l\u2019automobile ...<\/div><\/li><\/ul>\n<h2><\/h2>\n","protected":false},"excerpt":{"rendered":"<p>Carideal le blog automobile : il y a tr\u00e8s longtemps d\u00e9j\u00e0 C&rsquo;est h\u00e9r\u00e9ditaire&#8230;. Haut comme trois pommes je tra\u00eenais d\u00e9j\u00e0 dans le Garage \u00e0 d\u00e9monter des carburateurs&#8230;. L&rsquo;esprit latin aidant l&rsquo;automobile a toujours \u00e9t\u00e9 une source d&rsquo;inspiration. C&rsquo;est la raison d&rsquo;\u00eatre du Blog Automobile du Mandataire Carideal.com. L&rsquo;automobile a fait d&rsquo;\u00e9norme progr\u00e8s et en fera &#8230; <a title=\"A propos de Carideal Le Blog\" class=\"read-more\" href=\"https:\/\/www.carideal.com\/blog\/a-propos-de-carideal-le-blog\/\" aria-label=\"En savoir plus sur A propos de Carideal Le Blog\">Lire plus<\/a><\/p>\n","protected":false},"author":3,"featured_media":14950,"parent":0,"menu_order":0,"comment_status":"open","ping_status":"open","template":"","meta":{"_uag_custom_page_level_css":"","_themeisle_gutenberg_block_has_review":false,"footnotes":""},"class_list":["post-4203","page","type-page","status-publish","has-post-thumbnail"],"wppr_data":{"cwp_meta_box_check":"No"},"yoast_head":"<!-- This site is optimized with the Yoast SEO plugin v24.8.1 - https:\/\/yoast.com\/wordpress\/plugins\/seo\/ -->\n<title>A propos de Carideal Le Blog - Blog auto Carid\u00e9al<\/title>\n<meta name=\"description\" content=\"Le Blog Carideal est un site Internet fran\u00e7ais bas\u00e9 sur l&#039;Internet automobiles et les courses automobiles, qui appartient et est exploit\u00e9 par Schiavon\" \/>\n<meta name=\"robots\" content=\"index, follow, max-snippet:-1, max-image-preview:large, max-video-preview:-1\" \/>\n<link rel=\"canonical\" href=\"https:\/\/www.carideal.com\/blog\/a-propos-de-carideal-le-blog\/\" \/>\n<meta property=\"og:locale\" content=\"fr_FR\" \/>\n<meta property=\"og:type\" content=\"article\" \/>\n<meta property=\"og:title\" content=\"A propos de Carideal Le Blog - Blog auto Carid\u00e9al\" \/>\n<meta property=\"og:description\" content=\"Le Blog Carideal est un site Internet fran\u00e7ais bas\u00e9 sur l&#039;Internet automobiles et les courses automobiles, qui appartient et est exploit\u00e9 par Schiavon\" \/>\n<meta property=\"og:url\" content=\"https:\/\/www.carideal.com\/blog\/a-propos-de-carideal-le-blog\/\" \/>\n<meta property=\"og:site_name\" content=\"Blog auto Carid\u00e9al\" \/>\n<meta property=\"article:publisher\" content=\"https:\/\/www.facebook.com\/Carideal.mandataire.automobile\" \/>\n<meta property=\"article:modified_time\" content=\"2020-01-26T13:58:10+00:00\" \/>\n<meta property=\"og:image\" content=\"https:\/\/www.carideal.com\/blog\/wp-content\/uploads\/2015\/01\/carideal-vendezvotrevoiture.fr-08-11-2016-e1580047026324.jpg\" \/>\n\t<meta property=\"og:image:width\" content=\"700\" \/>\n\t<meta property=\"og:image:height\" content=\"525\" \/>\n\t<meta property=\"og:image:type\" content=\"image\/jpeg\" \/>\n<meta name=\"twitter:card\" content=\"summary_large_image\" \/>\n<meta name=\"twitter:site\" content=\"@caridealauto\" \/>\n<meta name=\"twitter:label1\" content=\"Dur\u00e9e de lecture estim\u00e9e\" \/>\n\t<meta name=\"twitter:data1\" content=\"1 minute\" \/>\n<script type=\"application\/ld+json\" class=\"yoast-schema-graph\">{\"@context\":\"https:\/\/schema.org\",\"@graph\":[{\"@type\":\"WebPage\",\"@id\":\"https:\/\/www.carideal.com\/blog\/a-propos-de-carideal-le-blog\/\",\"url\":\"https:\/\/www.carideal.com\/blog\/a-propos-de-carideal-le-blog\/\",\"name\":\"A propos de Carideal Le Blog - Blog auto Carid\u00e9al\",\"isPartOf\":{\"@id\":\"https:\/\/www.carideal.com\/blog\/#website\"},\"primaryImageOfPage\":{\"@id\":\"https:\/\/www.carideal.com\/blog\/a-propos-de-carideal-le-blog\/#primaryimage\"},\"image\":{\"@id\":\"https:\/\/www.carideal.com\/blog\/a-propos-de-carideal-le-blog\/#primaryimage\"},\"thumbnailUrl\":\"https:\/\/www.carideal.com\/blog\/wp-content\/uploads\/2015\/01\/carideal-vendezvotrevoiture.fr-08-11-2016-e1580047026324.jpg\",\"datePublished\":\"2015-01-23T13:12:55+00:00\",\"dateModified\":\"2020-01-26T13:58:10+00:00\",\"description\":\"Le Blog Carideal est un site Internet fran\u00e7ais bas\u00e9 sur l'Internet automobiles et les courses automobiles, qui appartient et est exploit\u00e9 par Schiavon\",\"breadcrumb\":{\"@id\":\"https:\/\/www.carideal.com\/blog\/a-propos-de-carideal-le-blog\/#breadcrumb\"},\"inLanguage\":\"fr-FR\",\"potentialAction\":[{\"@type\":\"ReadAction\",\"target\":[\"https:\/\/www.carideal.com\/blog\/a-propos-de-carideal-le-blog\/\"]}]},{\"@type\":\"ImageObject\",\"inLanguage\":\"fr-FR\",\"@id\":\"https:\/\/www.carideal.com\/blog\/a-propos-de-carideal-le-blog\/#primaryimage\",\"url\":\"https:\/\/www.carideal.com\/blog\/wp-content\/uploads\/2015\/01\/carideal-vendezvotrevoiture.fr-08-11-2016-e1580047026324.jpg\",\"contentUrl\":\"https:\/\/www.carideal.com\/blog\/wp-content\/uploads\/2015\/01\/carideal-vendezvotrevoiture.fr-08-11-2016-e1580047026324.jpg\",\"width\":700,\"height\":525,\"caption\":\"A propos du Blog automobile de Carideal : site d'infos auto\"},{\"@type\":\"BreadcrumbList\",\"@id\":\"https:\/\/www.carideal.com\/blog\/a-propos-de-carideal-le-blog\/#breadcrumb\",\"itemListElement\":[{\"@type\":\"ListItem\",\"position\":1,\"name\":\"Blog Carid\u00e9al\",\"item\":\"https:\/\/www.carideal.com\/blog\/\"},{\"@type\":\"ListItem\",\"position\":2,\"name\":\"A propos de Carideal Le Blog\"}]},{\"@type\":\"WebSite\",\"@id\":\"https:\/\/www.carideal.com\/blog\/#website\",\"url\":\"https:\/\/www.carideal.com\/blog\/\",\"name\":\"Blog auto Carid\u00e9al\",\"description\":\"Actualit\u00e9 auto par des passionn\u00e9s\",\"publisher\":{\"@id\":\"https:\/\/www.carideal.com\/blog\/#organization\"},\"potentialAction\":[{\"@type\":\"SearchAction\",\"target\":{\"@type\":\"EntryPoint\",\"urlTemplate\":\"https:\/\/www.carideal.com\/blog\/?s={search_term_string}\"},\"query-input\":{\"@type\":\"PropertyValueSpecification\",\"valueRequired\":true,\"valueName\":\"search_term_string\"}}],\"inLanguage\":\"fr-FR\"},{\"@type\":\"Organization\",\"@id\":\"https:\/\/www.carideal.com\/blog\/#organization\",\"name\":\"Carideal\",\"url\":\"https:\/\/www.carideal.com\/blog\/\",\"logo\":{\"@type\":\"ImageObject\",\"inLanguage\":\"fr-FR\",\"@id\":\"https:\/\/www.carideal.com\/blog\/#\/schema\/logo\/image\/\",\"url\":\"http:\/\/www.carideal.com\/blog\/wp-content\/uploads\/2016\/03\/logo-carideal-mandataire-automobile.png\",\"contentUrl\":\"http:\/\/www.carideal.com\/blog\/wp-content\/uploads\/2016\/03\/logo-carideal-mandataire-automobile.png\",\"width\":300,\"height\":300,\"caption\":\"Carideal\"},\"image\":{\"@id\":\"https:\/\/www.carideal.com\/blog\/#\/schema\/logo\/image\/\"},\"sameAs\":[\"https:\/\/www.facebook.com\/Carideal.mandataire.automobile\",\"https:\/\/x.com\/caridealauto\",\"https:\/\/www.instagram.com\/carideal1\/\",\"https:\/\/www.linkedin.com\/company\/carideal.com\",\"https:\/\/fr.pinterest.com\/schiavonsas\/\",\"https:\/\/www.youtube.com\/user\/caridealsas\"]}]}<\/script>\n<!-- \/ Yoast SEO plugin. -->","yoast_head_json":{"title":"A propos de Carideal Le Blog - Blog auto Carid\u00e9al","description":"Le Blog Carideal est un site Internet fran\u00e7ais bas\u00e9 sur l'Internet automobiles et les courses automobiles, qui appartient et est exploit\u00e9 par Schiavon","robots":{"index":"index","follow":"follow","max-snippet":"max-snippet:-1","max-image-preview":"max-image-preview:large","max-video-preview":"max-video-preview:-1"},"canonical":"https:\/\/www.carideal.com\/blog\/a-propos-de-carideal-le-blog\/","og_locale":"fr_FR","og_type":"article","og_title":"A propos de Carideal Le Blog - Blog auto Carid\u00e9al","og_description":"Le Blog Carideal est un site Internet fran\u00e7ais bas\u00e9 sur l'Internet automobiles et les courses automobiles, qui appartient et est exploit\u00e9 par Schiavon","og_url":"https:\/\/www.carideal.com\/blog\/a-propos-de-carideal-le-blog\/","og_site_name":"Blog auto Carid\u00e9al","article_publisher":"https:\/\/www.facebook.com\/Carideal.mandataire.automobile","article_modified_time":"2020-01-26T13:58:10+00:00","og_image":[{"width":700,"height":525,"url":"https:\/\/www.carideal.com\/blog\/wp-content\/uploads\/2015\/01\/carideal-vendezvotrevoiture.fr-08-11-2016-e1580047026324.jpg","type":"image\/jpeg"}],"twitter_card":"summary_large_image","twitter_site":"@caridealauto","twitter_misc":{"Dur\u00e9e de lecture estim\u00e9e":"1 minute"},"schema":{"@context":"https:\/\/schema.org","@graph":[{"@type":"WebPage","@id":"https:\/\/www.carideal.com\/blog\/a-propos-de-carideal-le-blog\/","url":"https:\/\/www.carideal.com\/blog\/a-propos-de-carideal-le-blog\/","name":"A propos de Carideal Le Blog - Blog auto Carid\u00e9al","isPartOf":{"@id":"https:\/\/www.carideal.com\/blog\/#website"},"primaryImageOfPage":{"@id":"https:\/\/www.carideal.com\/blog\/a-propos-de-carideal-le-blog\/#primaryimage"},"image":{"@id":"https:\/\/www.carideal.com\/blog\/a-propos-de-carideal-le-blog\/#primaryimage"},"thumbnailUrl":"https:\/\/www.carideal.com\/blog\/wp-content\/uploads\/2015\/01\/carideal-vendezvotrevoiture.fr-08-11-2016-e1580047026324.jpg","datePublished":"2015-01-23T13:12:55+00:00","dateModified":"2020-01-26T13:58:10+00:00","description":"Le Blog Carideal est un site Internet fran\u00e7ais bas\u00e9 sur l'Internet automobiles et les courses automobiles, qui appartient et est exploit\u00e9 par Schiavon","breadcrumb":{"@id":"https:\/\/www.carideal.com\/blog\/a-propos-de-carideal-le-blog\/#breadcrumb"},"inLanguage":"fr-FR","potentialAction":[{"@type":"ReadAction","target":["https:\/\/www.carideal.com\/blog\/a-propos-de-carideal-le-blog\/"]}]},{"@type":"ImageObject","inLanguage":"fr-FR","@id":"https:\/\/www.carideal.com\/blog\/a-propos-de-carideal-le-blog\/#primaryimage","url":"https:\/\/www.carideal.com\/blog\/wp-content\/uploads\/2015\/01\/carideal-vendezvotrevoiture.fr-08-11-2016-e1580047026324.jpg","contentUrl":"https:\/\/www.carideal.com\/blog\/wp-content\/uploads\/2015\/01\/carideal-vendezvotrevoiture.fr-08-11-2016-e1580047026324.jpg","width":700,"height":525,"caption":"A propos du Blog automobile de Carideal : site d'infos auto"},{"@type":"BreadcrumbList","@id":"https:\/\/www.carideal.com\/blog\/a-propos-de-carideal-le-blog\/#breadcrumb","itemListElement":[{"@type":"ListItem","position":1,"name":"Blog Carid\u00e9al","item":"https:\/\/www.carideal.com\/blog\/"},{"@type":"ListItem","position":2,"name":"A propos de Carideal Le Blog"}]},{"@type":"WebSite","@id":"https:\/\/www.carideal.com\/blog\/#website","url":"https:\/\/www.carideal.com\/blog\/","name":"Blog auto Carid\u00e9al","description":"Actualit\u00e9 auto par des passionn\u00e9s","publisher":{"@id":"https:\/\/www.carideal.com\/blog\/#organization"},"potentialAction":[{"@type":"SearchAction","target":{"@type":"EntryPoint","urlTemplate":"https:\/\/www.carideal.com\/blog\/?s={search_term_string}"},"query-input":{"@type":"PropertyValueSpecification","valueRequired":true,"valueName":"search_term_string"}}],"inLanguage":"fr-FR"},{"@type":"Organization","@id":"https:\/\/www.carideal.com\/blog\/#organization","name":"Carideal","url":"https:\/\/www.carideal.com\/blog\/","logo":{"@type":"ImageObject","inLanguage":"fr-FR","@id":"https:\/\/www.carideal.com\/blog\/#\/schema\/logo\/image\/","url":"http:\/\/www.carideal.com\/blog\/wp-content\/uploads\/2016\/03\/logo-carideal-mandataire-automobile.png","contentUrl":"http:\/\/www.carideal.com\/blog\/wp-content\/uploads\/2016\/03\/logo-carideal-mandataire-automobile.png","width":300,"height":300,"caption":"Carideal"},"image":{"@id":"https:\/\/www.carideal.com\/blog\/#\/schema\/logo\/image\/"},"sameAs":["https:\/\/www.facebook.com\/Carideal.mandataire.automobile","https:\/\/x.com\/caridealauto","https:\/\/www.instagram.com\/carideal1\/","https:\/\/www.linkedin.com\/company\/carideal.com","https:\/\/fr.pinterest.com\/schiavonsas\/","https:\/\/www.youtube.com\/user\/caridealsas"]}]}},"uagb_featured_image_src":{"full":["https:\/\/www.carideal.com\/blog\/wp-content\/uploads\/2015\/01\/carideal-vendezvotrevoiture.fr-08-11-2016-e1580047026324.jpg",700,525,false],"thumbnail":["https:\/\/www.carideal.com\/blog\/wp-content\/uploads\/2015\/01\/carideal-vendezvotrevoiture.fr-08-11-2016-150x150.jpg",150,150,true],"medium":["https:\/\/www.carideal.com\/blog\/wp-content\/uploads\/2015\/01\/carideal-vendezvotrevoiture.fr-08-11-2016-300x225.jpg",300,225,true],"medium_large":["https:\/\/www.carideal.com\/blog\/wp-content\/uploads\/2015\/01\/carideal-vendezvotrevoiture.fr-08-11-2016-768x576.jpg",768,576,true],"large":["https:\/\/www.carideal.com\/blog\/wp-content\/uploads\/2015\/01\/carideal-vendezvotrevoiture.fr-08-11-2016-e1580047026324.jpg",700,525,false],"1536x1536":["https:\/\/www.carideal.com\/blog\/wp-content\/uploads\/2015\/01\/carideal-vendezvotrevoiture.fr-08-11-2016-e1580047026324.jpg",700,525,false],"2048x2048":["https:\/\/www.carideal.com\/blog\/wp-content\/uploads\/2015\/01\/carideal-vendezvotrevoiture.fr-08-11-2016-e1580047026324.jpg",700,525,false],"wppr-widget":["https:\/\/www.carideal.com\/blog\/wp-content\/uploads\/2015\/01\/carideal-vendezvotrevoiture.fr-08-11-2016-e1580047026324.jpg",50,38,false]},"uagb_author_info":{"display_name":"Nicolas SCHIAVON","author_link":"https:\/\/www.carideal.com\/blog\/author\/nschiavon\/"},"uagb_comment_info":0,"uagb_excerpt":"Carideal le blog automobile : il y a tr\u00e8s longtemps d\u00e9j\u00e0 C'est h\u00e9r\u00e9ditaire.... Haut comme trois pommes je tra\u00eenais d\u00e9j\u00e0 dans le Garage \u00e0 d\u00e9monter des carburateurs.... L'esprit latin aidant l'automobile a toujours \u00e9t\u00e9 une source d'inspiration. C'est la raison d'\u00eatre du Blog Automobile du Mandataire Carideal.com. L'automobile a fait d'\u00e9norme progr\u00e8s et en fera\u2026","_links":{"self":[{"href":"https:\/\/www.carideal.com\/blog\/wp-json\/wp\/v2\/pages\/4203"}],"collection":[{"href":"https:\/\/www.carideal.com\/blog\/wp-json\/wp\/v2\/pages"}],"about":[{"href":"https:\/\/www.carideal.com\/blog\/wp-json\/wp\/v2\/types\/page"}],"author":[{"embeddable":true,"href":"https:\/\/www.carideal.com\/blog\/wp-json\/wp\/v2\/users\/3"}],"replies":[{"embeddable":true,"href":"https:\/\/www.carideal.com\/blog\/wp-json\/wp\/v2\/comments?post=4203"}],"version-history":[{"count":0,"href":"https:\/\/www.carideal.com\/blog\/wp-json\/wp\/v2\/pages\/4203\/revisions"}],"wp:featuredmedia":[{"embeddable":true,"href":"https:\/\/www.carideal.com\/blog\/wp-json\/wp\/v2\/media\/14950"}],"wp:attachment":[{"href":"https:\/\/www.carideal.com\/blog\/wp-json\/wp\/v2\/media?parent=4203"}],"curies":[{"name":"wp","href":"https:\/\/api.w.org\/{rel}","templated":true}]}}