{"id":26710,"date":"2023-01-20T19:44:40","date_gmt":"2023-01-20T18:44:40","guid":{"rendered":"http:\/\/www.carideal.com\/blog\/?page_id=26710"},"modified":"2023-01-20T19:44:41","modified_gmt":"2023-01-20T18:44:41","slug":"autour-de-moi","status":"publish","type":"page","link":"https:\/\/www.carideal.com\/blog\/depot-vente\/autour-de-moi\/","title":{"rendered":"D\u00e9pot vente auto autour de moi"},"content":{"rendered":"\n<h2 class=\"wp-block-heading\">Votre Meilleur Alli\u00e9 pour Trouver une Voiture d'Occasion : Les D\u00e9p\u00f4ts-Ventes d'Automobiles Autour de Chez Vous !<\/h2>\n\n\n\n<p>Les <a href=\"http:\/\/www.carideal.com\/blog\/depot-vente\/\">d\u00e9p\u00f4ts-ventes d'automobiles<\/a> sont devenus ces derni\u00e8res ann\u00e9es le meilleur alli\u00e9 des automobilistes \u00e0 la recherche d'une voiture d'occasion. Les d\u00e9p\u00f4ts-ventes offrent aux consommateurs la possibilit\u00e9 de trouver une voiture \u00e0 un prix abordable, avec une garantie de qualit\u00e9 et un excellent rapport qualit\u00e9-prix. Les d\u00e9p\u00f4ts-ventes proposent un large choix de <a href=\"http:\/\/www.carideal.com\/blog\/voitures-occasions\/\">voitures d'occasion<\/a>, ainsi que des conseils et des services personnalis\u00e9s pour vous aider \u00e0 trouver la voiture qui vous convient. De plus, les d\u00e9p\u00f4ts-ventes se trouvent souvent \u00e0 proximit\u00e9 de chez vous, ce qui vous permet de trouver une voiture d'occasion \u00e0 un prix abordable et avec une garantie de qualit\u00e9.<\/p>\n\n\n\n<h2 class=\"wp-block-heading\">Trouvez votre voiture d'occasion id\u00e9ale pr\u00e8s de chez vous gr\u00e2ce aux d\u00e9p\u00f4ts-ventes d'automobiles<\/h2>\n\n\n\n<p>Les d\u00e9p\u00f4ts-ventes d'automobiles sont une excellente alternative pour trouver la voiture d'occasion id\u00e9ale. Le service Depot vente auto autour de moi facilite la recherche en offrant une plateforme en ligne pour parcourir les annonces et trouver la voiture qui correspond \u00e0 votre budget et \u00e0 vos besoins. Avec un vaste inventaire de v\u00e9hicules de toutes marques et mod\u00e8les, \u00e0 des prix raisonnables, le service vous permet de trouver la bonne voiture pr\u00e8s de chez vous.<\/p>\n\n\n\n<h2 class=\"wp-block-heading\">Trouvez la voiture de vos r\u00eaves pr\u00e8s de chez vous gr\u00e2ce au d\u00e9p\u00f4t-vente !<\/h2>\n\n\n\n<p>Tu r\u00eaves d'avoir une voiture \u00e0 toi ? Alors, ne cherche plus loin, car le d\u00e9p\u00f4t-vente est l\u00e0 pour toi ! Tu peux trouver les voitures de tes r\u00eaves \u00e0 proximit\u00e9 de chez toi, et \u00e0 des prix tr\u00e8s avantageux. De plus, tu peux \u00eatre s\u00fbr que tu trouveras des voitures en tr\u00e8s bon \u00e9tat et bien entretenues. Alors, n'attends plus et trouve la voiture de tes r\u00eaves pr\u00e8s de chez toi gr\u00e2ce au d\u00e9p\u00f4t-vente !<\/p>\n\n\n\n<h2 class=\"wp-block-heading\">Trouvez votre Voiture d'Occasion Id\u00e9ale autour de Chez Vous : D\u00e9couvrez les Offres de D\u00e9p\u00f4t-Vente Automobiles Pr\u00e8s de Chez Vous !<\/h2>\n\n\n\n<p>Trouvez la voiture d'occasion id\u00e9ale autour de chez vous ! D\u00e9couvrez les offres de d\u00e9p\u00f4t-vente automobiles pr\u00e8s de chez vous et trouvez le v\u00e9hicule qui vous convient le mieux. Que vous cherchiez un v\u00e9hicule pour vous d\u00e9placer lors de vos entra\u00eenements sportifs, pour vous rendre \u00e0 vos comp\u00e9titions ou pour vos d\u00e9placements professionnels, vous trouverez certainement une voiture qui r\u00e9pond \u00e0 vos attentes et \u00e0 votre budget, gr\u00e2ce aux offres de d\u00e9p\u00f4t-vente automobiles pr\u00e8s de chez vous. Alors n'h\u00e9sitez plus et trouvez votre voiture d'occasion id\u00e9ale autour de chez vous !<\/p>\n\n\n\n<blockquote class=\"instagram-media\" data-instgrm-captioned data-instgrm-permalink=\"https:\/\/www.instagram.com\/p\/B6s_ASGoxdG\/?utm_source=ig_embed&amp;utm_campaign=loading\" data-instgrm-version=\"14\" style=\" background:#FFF; border:0; border-radius:3px; box-shadow:0 0 1px 0 rgba(0,0,0,0.5),0 1px 10px 0 rgba(0,0,0,0.15); margin: 1px; max-width:540px; min-width:326px; padding:0; width:99.375%; width:-webkit-calc(100% - 2px); width:calc(100% - 2px);\"><div style=\"padding:16px;\"> <a href=\"https:\/\/www.instagram.com\/p\/B6s_ASGoxdG\/?utm_source=ig_embed&amp;utm_campaign=loading\" style=\" background:#FFFFFF; line-height:0; padding:0 0; text-align:center; text-decoration:none; width:100%;\" target=\"_blank\" rel=\"noopener\"> <div style=\" display: flex; flex-direction: row; align-items: center;\"> <div style=\"background-color: #F4F4F4; border-radius: 50%; flex-grow: 0; height: 40px; margin-right: 14px; width: 40px;\"><\/div> <div style=\"display: flex; flex-direction: column; flex-grow: 1; justify-content: center;\"> <div style=\" background-color: #F4F4F4; border-radius: 4px; flex-grow: 0; height: 14px; margin-bottom: 6px; width: 100px;\"><\/div> <div style=\" background-color: #F4F4F4; border-radius: 4px; flex-grow: 0; height: 14px; width: 60px;\"><\/div><\/div><\/div><div style=\"padding: 19% 0;\"><\/div> <div style=\"display:block; height:50px; margin:0 auto 12px; width:50px;\"><svg width=\"50px\" height=\"50px\" viewBox=\"0 0 60 60\" version=\"1.1\" xmlns=\"https:\/\/www.w3.org\/2000\/svg\" xmlns:xlink=\"https:\/\/www.w3.org\/1999\/xlink\"><g stroke=\"none\" stroke-width=\"1\" fill=\"none\" fill-rule=\"evenodd\"><g transform=\"translate(-511.000000, -20.000000)\" fill=\"#000000\"><g><path d=\"M556.869,30.41 C554.814,30.41 553.148,32.076 553.148,34.131 C553.148,36.186 554.814,37.852 556.869,37.852 C558.924,37.852 560.59,36.186 560.59,34.131 C560.59,32.076 558.924,30.41 556.869,30.41 M541,60.657 C535.114,60.657 530.342,55.887 530.342,50 C530.342,44.114 535.114,39.342 541,39.342 C546.887,39.342 551.658,44.114 551.658,50 C551.658,55.887 546.887,60.657 541,60.657 M541,33.886 C532.1,33.886 524.886,41.1 524.886,50 C524.886,58.899 532.1,66.113 541,66.113 C549.9,66.113 557.115,58.899 557.115,50 C557.115,41.1 549.9,33.886 541,33.886 M565.378,62.101 C565.244,65.022 564.756,66.606 564.346,67.663 C563.803,69.06 563.154,70.057 562.106,71.106 C561.058,72.155 560.06,72.803 558.662,73.347 C557.607,73.757 556.021,74.244 553.102,74.378 C549.944,74.521 548.997,74.552 541,74.552 C533.003,74.552 532.056,74.521 528.898,74.378 C525.979,74.244 524.393,73.757 523.338,73.347 C521.94,72.803 520.942,72.155 519.894,71.106 C518.846,70.057 518.197,69.06 517.654,67.663 C517.244,66.606 516.755,65.022 516.623,62.101 C516.479,58.943 516.448,57.996 516.448,50 C516.448,42.003 516.479,41.056 516.623,37.899 C516.755,34.978 517.244,33.391 517.654,32.338 C518.197,30.938 518.846,29.942 519.894,28.894 C520.942,27.846 521.94,27.196 523.338,26.654 C524.393,26.244 525.979,25.756 528.898,25.623 C532.057,25.479 533.004,25.448 541,25.448 C548.997,25.448 549.943,25.479 553.102,25.623 C556.021,25.756 557.607,26.244 558.662,26.654 C560.06,27.196 561.058,27.846 562.106,28.894 C563.154,29.942 563.803,30.938 564.346,32.338 C564.756,33.391 565.244,34.978 565.378,37.899 C565.522,41.056 565.552,42.003 565.552,50 C565.552,57.996 565.522,58.943 565.378,62.101 M570.82,37.631 C570.674,34.438 570.167,32.258 569.425,30.349 C568.659,28.377 567.633,26.702 565.965,25.035 C564.297,23.368 562.623,22.342 560.652,21.575 C558.743,20.834 556.562,20.326 553.369,20.18 C550.169,20.033 549.148,20 541,20 C532.853,20 531.831,20.033 528.631,20.18 C525.438,20.326 523.257,20.834 521.349,21.575 C519.376,22.342 517.703,23.368 516.035,25.035 C514.368,26.702 513.342,28.377 512.574,30.349 C511.834,32.258 511.326,34.438 511.181,37.631 C511.035,40.831 511,41.851 511,50 C511,58.147 511.035,59.17 511.181,62.369 C511.326,65.562 511.834,67.743 512.574,69.651 C513.342,71.625 514.368,73.296 516.035,74.965 C517.703,76.634 519.376,77.658 521.349,78.425 C523.257,79.167 525.438,79.673 528.631,79.82 C531.831,79.965 532.853,80.001 541,80.001 C549.148,80.001 550.169,79.965 553.369,79.82 C556.562,79.673 558.743,79.167 560.652,78.425 C562.623,77.658 564.297,76.634 565.965,74.965 C567.633,73.296 568.659,71.625 569.425,69.651 C570.167,67.743 570.674,65.562 570.82,62.369 C570.966,59.17 571,58.147 571,50 C571,41.851 570.966,40.831 570.82,37.631\"><\/path><\/g><\/g><\/g><\/svg><\/div><div style=\"padding-top: 8px;\"> <div style=\" color:#3897f0; font-family:Arial,sans-serif; font-size:14px; font-style:normal; font-weight:550; line-height:18px;\">Voir cette publication sur Instagram<\/div><\/div><div style=\"padding: 12.5% 0;\"><\/div> <div style=\"display: flex; flex-direction: row; margin-bottom: 14px; align-items: center;\"><div> <div style=\"background-color: #F4F4F4; border-radius: 50%; height: 12.5px; width: 12.5px; transform: translateX(0px) translateY(7px);\"><\/div> <div style=\"background-color: #F4F4F4; height: 12.5px; transform: rotate(-45deg) translateX(3px) translateY(1px); width: 12.5px; flex-grow: 0; margin-right: 14px; margin-left: 2px;\"><\/div> <div style=\"background-color: #F4F4F4; border-radius: 50%; height: 12.5px; width: 12.5px; transform: translateX(9px) translateY(-18px);\"><\/div><\/div><div style=\"margin-left: 8px;\"> <div style=\" background-color: #F4F4F4; border-radius: 50%; flex-grow: 0; height: 20px; width: 20px;\"><\/div> <div style=\" width: 0; height: 0; border-top: 2px solid transparent; border-left: 6px solid #f4f4f4; border-bottom: 2px solid transparent; transform: translateX(16px) translateY(-4px) rotate(30deg)\"><\/div><\/div><div style=\"margin-left: auto;\"> <div style=\" width: 0px; border-top: 8px solid #F4F4F4; border-right: 8px solid transparent; transform: translateY(16px);\"><\/div> <div style=\" background-color: #F4F4F4; flex-grow: 0; height: 12px; width: 16px; transform: translateY(-4px);\"><\/div> <div style=\" width: 0; height: 0; border-top: 8px solid #F4F4F4; border-left: 8px solid transparent; transform: translateY(-4px) translateX(8px);\"><\/div><\/div><\/div> <div style=\"display: flex; flex-direction: column; flex-grow: 1; justify-content: center; margin-bottom: 24px;\"> <div style=\" background-color: #F4F4F4; border-radius: 4px; flex-grow: 0; height: 14px; margin-bottom: 6px; width: 224px;\"><\/div> <div style=\" background-color: #F4F4F4; border-radius: 4px; flex-grow: 0; height: 14px; width: 144px;\"><\/div><\/div><\/a><p style=\" color:#c9c8cd; font-family:Arial,sans-serif; font-size:14px; line-height:17px; margin-bottom:0; margin-top:8px; overflow:hidden; padding:8px 0 7px; text-align:center; text-overflow:ellipsis; white-space:nowrap;\"><a href=\"https:\/\/www.instagram.com\/p\/B6s_ASGoxdG\/?utm_source=ig_embed&amp;utm_campaign=loading\" style=\" color:#c9c8cd; font-family:Arial,sans-serif; font-size:14px; font-style:normal; font-weight:normal; line-height:17px; text-decoration:none;\" target=\"_blank\" rel=\"noopener\">Une publication partag\u00e9e par CARIDEAL (@carideal1)<\/a><\/p><\/div><\/blockquote> <script async src=\"\/\/www.instagram.com\/embed.js\"><\/script>\n\n\n\n<h2 class=\"wp-block-heading\">Trouvez votre prochaine voiture d'occasion facilement : D\u00e9p\u00f4t-Vente Auto autour de chez vous .<\/h2>\n\n\n\n<p>En cherchant votre prochaine voiture d'occasion, pourquoi ne pas vous tourner vers un d\u00e9p\u00f4t-vente auto autour de chez vous ? Vous trouverez une vari\u00e9t\u00e9 de mod\u00e8les et de marques, avec des prix tr\u00e8s raisonnables. Vous pourrez \u00e9galement b\u00e9n\u00e9ficier d'un service de qualit\u00e9 propos\u00e9 par des professionnels qui sauront vous conseiller et vous accompagner dans votre achat. Alors n'attendez plus et trouvez facilement votre prochaine voiture d'occasion dans un d\u00e9p\u00f4t-vente auto autour de chez vous !<\/p>\n\n\n\n<h4 class=\"wp-block-heading\">Lectures suppl\u00e9mentaires<\/h4>\n\n\n\n<ul class=\"wp-block-list\">\n<li><a href=\"http:\/\/www.carideal.com\/blog\/meilleur-site-pour-vendre-voiture\/\">Meilleur site pour vendre une voiture<\/a><\/li>\n\n\n\n<li><a href=\"http:\/\/www.carideal.com\/blog\/comment-vendre-un-vehicule\/\">Comment vendre une voiture ?<\/a><\/li>\n\n\n\n<li><a href=\"http:\/\/www.carideal.com\/blog\/quelles-demarches-pour-vendre-une-voiture-a-un-particulier\/\">Quelles d\u00e9marches pour vendre une voiture ?<\/a><\/li>\n<\/ul>\n\n\n\n<h2 class=\"wp-block-heading\">D\u00e9couvrez le depot-vente auto le plus proche de chez vous !<\/h2>\n\n\n\n<p>Les d\u00e9p\u00f4ts-ventes automobiles proposent une solution pratique, \u00e9conomique et s\u00fbre pour acheter ou vendre une voiture. Gr\u00e2ce aux moteurs de recherche int\u00e9gr\u00e9s aux sites internet de ces d\u00e9p\u00f4ts-ventes, vous pouvez trouver en quelques clics le d\u00e9p\u00f4t-vente le plus proche de chez vous et consulter leur catalogue. Vous pourrez alors d\u00e9couvrir un vaste choix de v\u00e9hicules d'occasion, avec des informations d\u00e9taill\u00e9es sur leurs caract\u00e9ristiques et sur leur \u00e9tat. De plus, les concessionnaires automobiles et les garages sont souvent pr\u00e9sents dans les d\u00e9p\u00f4ts-ventes, ce qui vous permet de b\u00e9n\u00e9ficier de leurs conseils et services. Trouvez donc facilement le d\u00e9p\u00f4t-vente auto le plus proche de chez vous et d\u00e9couvrez les avantages qu'il vous offre !<\/p>\n","protected":false},"excerpt":{"rendered":"<p>Votre Meilleur Alli\u00e9 pour Trouver une Voiture d&rsquo;Occasion : Les D\u00e9p\u00f4ts-Ventes d&rsquo;Automobiles Autour de Chez Vous ! Les d\u00e9p\u00f4ts-ventes d&rsquo;automobiles sont devenus ces derni\u00e8res ann\u00e9es le meilleur alli\u00e9 des automobilistes \u00e0 la recherche d&rsquo;une voiture d&rsquo;occasion. Les d\u00e9p\u00f4ts-ventes offrent aux consommateurs la possibilit\u00e9 de trouver une voiture \u00e0 un prix abordable, avec une garantie de &#8230; <a title=\"D\u00e9pot vente auto autour de moi\" class=\"read-more\" href=\"https:\/\/www.carideal.com\/blog\/depot-vente\/autour-de-moi\/\" aria-label=\"En savoir plus sur D\u00e9pot vente auto autour de moi\">Lire plus<\/a><\/p>\n","protected":false},"author":3,"featured_media":26711,"parent":26672,"menu_order":0,"comment_status":"closed","ping_status":"closed","template":"","meta":{"_uag_custom_page_level_css":"","_themeisle_gutenberg_block_has_review":false,"footnotes":""},"class_list":["post-26710","page","type-page","status-publish","has-post-thumbnail"],"wppr_data":{"cwp_meta_box_check":"No"},"yoast_head":"<!-- This site is optimized with the Yoast SEO plugin v24.8.1 - https:\/\/yoast.com\/wordpress\/plugins\/seo\/ -->\n<title>D\u00e9pot vente auto autour de moi - Blog auto Carid\u00e9al<\/title>\n<meta name=\"robots\" content=\"index, follow, max-snippet:-1, max-image-preview:large, max-video-preview:-1\" \/>\n<link rel=\"canonical\" href=\"https:\/\/www.carideal.com\/blog\/depot-vente\/autour-de-moi\/\" \/>\n<meta property=\"og:locale\" content=\"fr_FR\" \/>\n<meta property=\"og:type\" content=\"article\" \/>\n<meta property=\"og:title\" content=\"D\u00e9pot vente auto autour de moi - Blog auto Carid\u00e9al\" \/>\n<meta property=\"og:description\" content=\"Votre Meilleur Alli\u00e9 pour Trouver une Voiture d&#039;Occasion : Les D\u00e9p\u00f4ts-Ventes d&#039;Automobiles Autour de Chez Vous ! Les d\u00e9p\u00f4ts-ventes d&#039;automobiles sont devenus ces derni\u00e8res ann\u00e9es le meilleur alli\u00e9 des automobilistes \u00e0 la recherche d&#039;une voiture d&#039;occasion. Les d\u00e9p\u00f4ts-ventes offrent aux consommateurs la possibilit\u00e9 de trouver une voiture \u00e0 un prix abordable, avec une garantie de ... Lire plus\" \/>\n<meta property=\"og:url\" content=\"https:\/\/www.carideal.com\/blog\/depot-vente\/autour-de-moi\/\" \/>\n<meta property=\"og:site_name\" content=\"Blog auto Carid\u00e9al\" \/>\n<meta property=\"article:publisher\" content=\"https:\/\/www.facebook.com\/Carideal.mandataire.automobile\" \/>\n<meta property=\"article:modified_time\" content=\"2023-01-20T18:44:41+00:00\" \/>\n<meta property=\"og:image\" content=\"https:\/\/www.carideal.com\/blog\/wp-content\/uploads\/2023\/01\/depot-vente-auto-1.jpg\" \/>\n\t<meta property=\"og:image:width\" content=\"1200\" \/>\n\t<meta property=\"og:image:height\" content=\"527\" \/>\n\t<meta property=\"og:image:type\" content=\"image\/jpeg\" \/>\n<meta name=\"twitter:card\" content=\"summary_large_image\" \/>\n<meta name=\"twitter:site\" content=\"@caridealauto\" \/>\n<meta name=\"twitter:label1\" content=\"Dur\u00e9e de lecture estim\u00e9e\" \/>\n\t<meta name=\"twitter:data1\" content=\"4 minutes\" \/>\n<script type=\"application\/ld+json\" class=\"yoast-schema-graph\">{\"@context\":\"https:\/\/schema.org\",\"@graph\":[{\"@type\":\"WebPage\",\"@id\":\"https:\/\/www.carideal.com\/blog\/depot-vente\/autour-de-moi\/\",\"url\":\"https:\/\/www.carideal.com\/blog\/depot-vente\/autour-de-moi\/\",\"name\":\"D\u00e9pot vente auto autour de moi - Blog auto Carid\u00e9al\",\"isPartOf\":{\"@id\":\"https:\/\/www.carideal.com\/blog\/#website\"},\"primaryImageOfPage\":{\"@id\":\"https:\/\/www.carideal.com\/blog\/depot-vente\/autour-de-moi\/#primaryimage\"},\"image\":{\"@id\":\"https:\/\/www.carideal.com\/blog\/depot-vente\/autour-de-moi\/#primaryimage\"},\"thumbnailUrl\":\"https:\/\/www.carideal.com\/blog\/wp-content\/uploads\/2023\/01\/depot-vente-auto-1.jpg\",\"datePublished\":\"2023-01-20T18:44:40+00:00\",\"dateModified\":\"2023-01-20T18:44:41+00:00\",\"breadcrumb\":{\"@id\":\"https:\/\/www.carideal.com\/blog\/depot-vente\/autour-de-moi\/#breadcrumb\"},\"inLanguage\":\"fr-FR\",\"potentialAction\":[{\"@type\":\"ReadAction\",\"target\":[\"https:\/\/www.carideal.com\/blog\/depot-vente\/autour-de-moi\/\"]}]},{\"@type\":\"ImageObject\",\"inLanguage\":\"fr-FR\",\"@id\":\"https:\/\/www.carideal.com\/blog\/depot-vente\/autour-de-moi\/#primaryimage\",\"url\":\"https:\/\/www.carideal.com\/blog\/wp-content\/uploads\/2023\/01\/depot-vente-auto-1.jpg\",\"contentUrl\":\"https:\/\/www.carideal.com\/blog\/wp-content\/uploads\/2023\/01\/depot-vente-auto-1.jpg\",\"width\":1200,\"height\":527,\"caption\":\"D\u00e9pot vente autour de moi\"},{\"@type\":\"BreadcrumbList\",\"@id\":\"https:\/\/www.carideal.com\/blog\/depot-vente\/autour-de-moi\/#breadcrumb\",\"itemListElement\":[{\"@type\":\"ListItem\",\"position\":1,\"name\":\"Blog Carid\u00e9al\",\"item\":\"https:\/\/www.carideal.com\/blog\/\"},{\"@type\":\"ListItem\",\"position\":2,\"name\":\"D\u00e9p\u00f4t vente voiture\",\"item\":\"https:\/\/www.carideal.com\/blog\/depot-vente\/\"},{\"@type\":\"ListItem\",\"position\":3,\"name\":\"D\u00e9pot vente auto autour de moi\"}]},{\"@type\":\"WebSite\",\"@id\":\"https:\/\/www.carideal.com\/blog\/#website\",\"url\":\"https:\/\/www.carideal.com\/blog\/\",\"name\":\"Blog auto Carid\u00e9al\",\"description\":\"Actualit\u00e9 auto par des passionn\u00e9s\",\"publisher\":{\"@id\":\"https:\/\/www.carideal.com\/blog\/#organization\"},\"potentialAction\":[{\"@type\":\"SearchAction\",\"target\":{\"@type\":\"EntryPoint\",\"urlTemplate\":\"https:\/\/www.carideal.com\/blog\/?s={search_term_string}\"},\"query-input\":{\"@type\":\"PropertyValueSpecification\",\"valueRequired\":true,\"valueName\":\"search_term_string\"}}],\"inLanguage\":\"fr-FR\"},{\"@type\":\"Organization\",\"@id\":\"https:\/\/www.carideal.com\/blog\/#organization\",\"name\":\"Carideal\",\"url\":\"https:\/\/www.carideal.com\/blog\/\",\"logo\":{\"@type\":\"ImageObject\",\"inLanguage\":\"fr-FR\",\"@id\":\"https:\/\/www.carideal.com\/blog\/#\/schema\/logo\/image\/\",\"url\":\"http:\/\/www.carideal.com\/blog\/wp-content\/uploads\/2016\/03\/logo-carideal-mandataire-automobile.png\",\"contentUrl\":\"http:\/\/www.carideal.com\/blog\/wp-content\/uploads\/2016\/03\/logo-carideal-mandataire-automobile.png\",\"width\":300,\"height\":300,\"caption\":\"Carideal\"},\"image\":{\"@id\":\"https:\/\/www.carideal.com\/blog\/#\/schema\/logo\/image\/\"},\"sameAs\":[\"https:\/\/www.facebook.com\/Carideal.mandataire.automobile\",\"https:\/\/x.com\/caridealauto\",\"https:\/\/www.instagram.com\/carideal1\/\",\"https:\/\/www.linkedin.com\/company\/carideal.com\",\"https:\/\/fr.pinterest.com\/schiavonsas\/\",\"https:\/\/www.youtube.com\/user\/caridealsas\"]}]}<\/script>\n<!-- \/ Yoast SEO plugin. -->","yoast_head_json":{"title":"D\u00e9pot vente auto autour de moi - Blog auto Carid\u00e9al","robots":{"index":"index","follow":"follow","max-snippet":"max-snippet:-1","max-image-preview":"max-image-preview:large","max-video-preview":"max-video-preview:-1"},"canonical":"https:\/\/www.carideal.com\/blog\/depot-vente\/autour-de-moi\/","og_locale":"fr_FR","og_type":"article","og_title":"D\u00e9pot vente auto autour de moi - Blog auto Carid\u00e9al","og_description":"Votre Meilleur Alli\u00e9 pour Trouver une Voiture d'Occasion : Les D\u00e9p\u00f4ts-Ventes d'Automobiles Autour de Chez Vous ! Les d\u00e9p\u00f4ts-ventes d'automobiles sont devenus ces derni\u00e8res ann\u00e9es le meilleur alli\u00e9 des automobilistes \u00e0 la recherche d'une voiture d'occasion. Les d\u00e9p\u00f4ts-ventes offrent aux consommateurs la possibilit\u00e9 de trouver une voiture \u00e0 un prix abordable, avec une garantie de ... Lire plus","og_url":"https:\/\/www.carideal.com\/blog\/depot-vente\/autour-de-moi\/","og_site_name":"Blog auto Carid\u00e9al","article_publisher":"https:\/\/www.facebook.com\/Carideal.mandataire.automobile","article_modified_time":"2023-01-20T18:44:41+00:00","og_image":[{"width":1200,"height":527,"url":"https:\/\/www.carideal.com\/blog\/wp-content\/uploads\/2023\/01\/depot-vente-auto-1.jpg","type":"image\/jpeg"}],"twitter_card":"summary_large_image","twitter_site":"@caridealauto","twitter_misc":{"Dur\u00e9e de lecture estim\u00e9e":"4 minutes"},"schema":{"@context":"https:\/\/schema.org","@graph":[{"@type":"WebPage","@id":"https:\/\/www.carideal.com\/blog\/depot-vente\/autour-de-moi\/","url":"https:\/\/www.carideal.com\/blog\/depot-vente\/autour-de-moi\/","name":"D\u00e9pot vente auto autour de moi - Blog auto Carid\u00e9al","isPartOf":{"@id":"https:\/\/www.carideal.com\/blog\/#website"},"primaryImageOfPage":{"@id":"https:\/\/www.carideal.com\/blog\/depot-vente\/autour-de-moi\/#primaryimage"},"image":{"@id":"https:\/\/www.carideal.com\/blog\/depot-vente\/autour-de-moi\/#primaryimage"},"thumbnailUrl":"https:\/\/www.carideal.com\/blog\/wp-content\/uploads\/2023\/01\/depot-vente-auto-1.jpg","datePublished":"2023-01-20T18:44:40+00:00","dateModified":"2023-01-20T18:44:41+00:00","breadcrumb":{"@id":"https:\/\/www.carideal.com\/blog\/depot-vente\/autour-de-moi\/#breadcrumb"},"inLanguage":"fr-FR","potentialAction":[{"@type":"ReadAction","target":["https:\/\/www.carideal.com\/blog\/depot-vente\/autour-de-moi\/"]}]},{"@type":"ImageObject","inLanguage":"fr-FR","@id":"https:\/\/www.carideal.com\/blog\/depot-vente\/autour-de-moi\/#primaryimage","url":"https:\/\/www.carideal.com\/blog\/wp-content\/uploads\/2023\/01\/depot-vente-auto-1.jpg","contentUrl":"https:\/\/www.carideal.com\/blog\/wp-content\/uploads\/2023\/01\/depot-vente-auto-1.jpg","width":1200,"height":527,"caption":"D\u00e9pot vente autour de moi"},{"@type":"BreadcrumbList","@id":"https:\/\/www.carideal.com\/blog\/depot-vente\/autour-de-moi\/#breadcrumb","itemListElement":[{"@type":"ListItem","position":1,"name":"Blog Carid\u00e9al","item":"https:\/\/www.carideal.com\/blog\/"},{"@type":"ListItem","position":2,"name":"D\u00e9p\u00f4t vente voiture","item":"https:\/\/www.carideal.com\/blog\/depot-vente\/"},{"@type":"ListItem","position":3,"name":"D\u00e9pot vente auto autour de moi"}]},{"@type":"WebSite","@id":"https:\/\/www.carideal.com\/blog\/#website","url":"https:\/\/www.carideal.com\/blog\/","name":"Blog auto Carid\u00e9al","description":"Actualit\u00e9 auto par des passionn\u00e9s","publisher":{"@id":"https:\/\/www.carideal.com\/blog\/#organization"},"potentialAction":[{"@type":"SearchAction","target":{"@type":"EntryPoint","urlTemplate":"https:\/\/www.carideal.com\/blog\/?s={search_term_string}"},"query-input":{"@type":"PropertyValueSpecification","valueRequired":true,"valueName":"search_term_string"}}],"inLanguage":"fr-FR"},{"@type":"Organization","@id":"https:\/\/www.carideal.com\/blog\/#organization","name":"Carideal","url":"https:\/\/www.carideal.com\/blog\/","logo":{"@type":"ImageObject","inLanguage":"fr-FR","@id":"https:\/\/www.carideal.com\/blog\/#\/schema\/logo\/image\/","url":"http:\/\/www.carideal.com\/blog\/wp-content\/uploads\/2016\/03\/logo-carideal-mandataire-automobile.png","contentUrl":"http:\/\/www.carideal.com\/blog\/wp-content\/uploads\/2016\/03\/logo-carideal-mandataire-automobile.png","width":300,"height":300,"caption":"Carideal"},"image":{"@id":"https:\/\/www.carideal.com\/blog\/#\/schema\/logo\/image\/"},"sameAs":["https:\/\/www.facebook.com\/Carideal.mandataire.automobile","https:\/\/x.com\/caridealauto","https:\/\/www.instagram.com\/carideal1\/","https:\/\/www.linkedin.com\/company\/carideal.com","https:\/\/fr.pinterest.com\/schiavonsas\/","https:\/\/www.youtube.com\/user\/caridealsas"]}]}},"uagb_featured_image_src":{"full":["https:\/\/www.carideal.com\/blog\/wp-content\/uploads\/2023\/01\/depot-vente-auto-1.jpg",1200,527,false],"thumbnail":["https:\/\/www.carideal.com\/blog\/wp-content\/uploads\/2023\/01\/depot-vente-auto-1-150x150.jpg",150,150,true],"medium":["https:\/\/www.carideal.com\/blog\/wp-content\/uploads\/2023\/01\/depot-vente-auto-1-300x132.jpg",300,132,true],"medium_large":["https:\/\/www.carideal.com\/blog\/wp-content\/uploads\/2023\/01\/depot-vente-auto-1-768x337.jpg",768,337,true],"large":["https:\/\/www.carideal.com\/blog\/wp-content\/uploads\/2023\/01\/depot-vente-auto-1-1024x450.jpg",1024,450,true],"1536x1536":["https:\/\/www.carideal.com\/blog\/wp-content\/uploads\/2023\/01\/depot-vente-auto-1.jpg",1200,527,false],"2048x2048":["https:\/\/www.carideal.com\/blog\/wp-content\/uploads\/2023\/01\/depot-vente-auto-1.jpg",1200,527,false],"wppr-widget":["https:\/\/www.carideal.com\/blog\/wp-content\/uploads\/2023\/01\/depot-vente-auto-1-50x22.jpg",50,22,true]},"uagb_author_info":{"display_name":"Nicolas SCHIAVON","author_link":"https:\/\/www.carideal.com\/blog\/author\/nschiavon\/"},"uagb_comment_info":0,"uagb_excerpt":"Votre Meilleur Alli\u00e9 pour Trouver une Voiture d'Occasion : Les D\u00e9p\u00f4ts-Ventes d'Automobiles Autour de Chez Vous ! Les d\u00e9p\u00f4ts-ventes d'automobiles sont devenus ces derni\u00e8res ann\u00e9es le meilleur alli\u00e9 des automobilistes \u00e0 la recherche d'une voiture d'occasion. Les d\u00e9p\u00f4ts-ventes offrent aux consommateurs la possibilit\u00e9 de trouver une voiture \u00e0 un prix abordable, avec une garantie de\u2026","_links":{"self":[{"href":"https:\/\/www.carideal.com\/blog\/wp-json\/wp\/v2\/pages\/26710"}],"collection":[{"href":"https:\/\/www.carideal.com\/blog\/wp-json\/wp\/v2\/pages"}],"about":[{"href":"https:\/\/www.carideal.com\/blog\/wp-json\/wp\/v2\/types\/page"}],"author":[{"embeddable":true,"href":"https:\/\/www.carideal.com\/blog\/wp-json\/wp\/v2\/users\/3"}],"replies":[{"embeddable":true,"href":"https:\/\/www.carideal.com\/blog\/wp-json\/wp\/v2\/comments?post=26710"}],"version-history":[{"count":0,"href":"https:\/\/www.carideal.com\/blog\/wp-json\/wp\/v2\/pages\/26710\/revisions"}],"up":[{"embeddable":true,"href":"https:\/\/www.carideal.com\/blog\/wp-json\/wp\/v2\/pages\/26672"}],"wp:featuredmedia":[{"embeddable":true,"href":"https:\/\/www.carideal.com\/blog\/wp-json\/wp\/v2\/media\/26711"}],"wp:attachment":[{"href":"https:\/\/www.carideal.com\/blog\/wp-json\/wp\/v2\/media?parent=26710"}],"curies":[{"name":"wp","href":"https:\/\/api.w.org\/{rel}","templated":true}]}}