{"id":26672,"date":"2023-01-20T13:50:46","date_gmt":"2023-01-20T12:50:46","guid":{"rendered":"http:\/\/www.carideal.com\/blog\/?page_id=26672"},"modified":"2024-01-20T20:56:32","modified_gmt":"2024-01-20T19:56:32","slug":"depot-vente","status":"publish","type":"page","link":"https:\/\/www.carideal.com\/blog\/depot-vente\/","title":{"rendered":"D\u00e9p\u00f4t vente voiture"},"content":{"rendered":"\n<h2 class=\"wp-block-heading\">Comment trouver la voiture de vos r\u00eaves gr\u00e2ce au d\u00e9p\u00f4t-vente !<\/h2>\n\n\n\n<p>Le d\u00e9p\u00f4t-vente est un moyen id\u00e9al pour trouver la voiture de ses r\u00eaves \u00e0 des prix tr\u00e8s abordables. En effet, en achetant une voiture d'occasion via un d\u00e9p\u00f4t-vente, vous pourrez b\u00e9n\u00e9ficier de tarifs nettement inf\u00e9rieurs \u00e0 ceux propos\u00e9s par les concessionnaires traditionnels. Vous trouverez des v\u00e9hicules propos\u00e9s par des particuliers ou des entreprises qui font le choix de se s\u00e9parer de leur v\u00e9hicule pour diverses raisons. De plus, les d\u00e9p\u00f4t-ventes vous permettent d'effectuer des recherches tr\u00e8s pr\u00e9cises pour trouver la voiture de vos r\u00eaves, en fonction de vos crit\u00e8res de recherche, et m\u00eame de comparer les offres selon le budget que vous avez \u00e0 disposition.<\/p>\n\n\n\n<ul class=\"wp-block-list\">\n<li><a href=\"http:\/\/www.carideal.com\/blog\/depot-vente\/autour-de-moi\/\">D\u00e9p\u00f4t vente auto autour de moi<\/a><\/li>\n<\/ul>\n\n\n\n<h2 class=\"wp-block-heading\">Les affaires s'acc\u00e9l\u00e8rent dans le domaine des d\u00e9p\u00f4ts-ventes automobiles !<\/h2>\n\n\n\n<p>Les d\u00e9p\u00f4ts-ventes automobiles voient leurs affaires s'acc\u00e9l\u00e9rer de plus en plus. De plus en plus de particuliers et de professionnels s'orientent vers ce type d'achat\/vente pour leurs v\u00e9hicules. Les d\u00e9p\u00f4ts-ventes permettent aux acheteurs de trouver des v\u00e9hicules \u00e0 un prix abordable et aux vendeurs de vendre leurs v\u00e9hicules rapidement et sans tracas. Avec des processus de vente simples et transparents et des <a href=\"https:\/\/www.carideal.com\/blog\/credit-auto\/\">proc\u00e9dures de financement flexibles<\/a>, ces d\u00e9p\u00f4ts-ventes gagnent en popularit\u00e9 et attirent de plus en plus de clients.<\/p>\n\n\n\n<h2 class=\"wp-block-heading\">Vendre sa voiture facilement : le d\u00e9p\u00f4t-vente pour enfants !<\/h2>\n\n\n\n<p>Vendre sa voiture peut \u00eatre un vrai casse-t\u00eate pour les enfants ! Heureusement, il y a le d\u00e9p\u00f4t-vente pour enfants ! Gr\u00e2ce \u00e0 lui, vous pourrez facilement vendre votre voiture et obtenir un bon prix. Vous n'aurez pas \u00e0 vous soucier de la publicit\u00e9 ou des visites pour votre v\u00e9hicule, car le d\u00e9p\u00f4t-vente s'occupera de tout. Vous n'aurez qu'\u00e0 d\u00e9terminer le prix de votre voiture et le d\u00e9p\u00f4t-vente s'occupera du reste. Alors n'attendez plus et vendez votre voiture facilement avec le d\u00e9p\u00f4t-vente pour enfants !<\/p>\n\n\n\n<blockquote class=\"twitter-tweet\"><p lang=\"fr\" dir=\"ltr\">\"Relisez cet article\" Depot vente voiture occasion D\u00e9p\u00f4t vente de voiture d'occasion : Vous nous confiez la vente d <a href=\"https:\/\/t.co\/1BMzoHe2aj\">https:\/\/t.co\/1BMzoHe2aj<\/a><\/p>\u2014 CARIDEAL (@caridealauto) <a href=\"https:\/\/twitter.com\/caridealauto\/status\/1050227997247180800?ref_src=twsrc%5Etfw\">October 11, 2018<\/a><\/blockquote> <script async=\"\" src=\"https:\/\/platform.twitter.com\/widgets.js\" charset=\"utf-8\"><\/script>\n\n\n\n<h2 class=\"wp-block-heading\">Trouvez la Voiture Id\u00e9ale \u00e0 Prix Abordable gr\u00e2ce au D\u00e9p\u00f4t-Vente Auto !<\/h2>\n\n\n\n<p>En tant que sportif, je recherche une voiture qui me permet de m'entra\u00eener et de me d\u00e9placer partout o\u00f9 je le souhaite. C'est pourquoi je suis ravi d'avoir d\u00e9couvert le D\u00e9p\u00f4t-Vente Auto ! Gr\u00e2ce \u00e0 lui, je peux trouver la voiture de mes r\u00eaves \u00e0 un prix abordable. Au D\u00e9p\u00f4t-Vente Auto, je peux choisir parmi une vaste s\u00e9lection de v\u00e9hicules d'occasion, tous garantis et v\u00e9rifi\u00e9s, en toute s\u00e9curit\u00e9. C'est un moyen simple et pratique de trouver la voiture parfaite \u00e0 un prix abordable.<\/p>\n\n\n\n<h2 class=\"wp-block-heading\">Trouvez votre Prochaine Voiture d'Occasion \u00e0 Prix Abordable dans notre D\u00e9p\u00f4t Vente Automobile !<\/h2>\n\n\n\n<p>Si vous cherchez une voiture d'occasion \u00e0 un prix abordable, alors n'h\u00e9sitez pas \u00e0 consulter notre d\u00e9p\u00f4t vente automobile. Nous avons une grande vari\u00e9t\u00e9 de voitures d'occasion qui sont toutes bien entretenues et \u00e0 des prix tr\u00e8s raisonnables. Vous pouvez choisir parmi une vari\u00e9t\u00e9 de marques et de mod\u00e8les et choisir la voiture qui convient \u00e0 vos besoins et \u00e0 votre budget. Nous vous offrons \u00e9galement des services suppl\u00e9mentaires tels que <a href=\"https:\/\/www.carideal.com\/blog\/garantie\/\">des garanties<\/a> et des services de financement pour vous aider \u00e0 acheter votre prochaine voiture d'occasion \u00e0 un prix abordable. Ne manquez pas cette occasion et venez voir ce que nous avons \u00e0 offrir dans notre d\u00e9p\u00f4t vente automobile.<\/p>\n\n\n\n<h4 class=\"wp-block-heading\">Lectures suppl\u00e9mentaires<\/h4>\n\n\n\n<ul class=\"wp-block-list\">\n<li><a href=\"http:\/\/www.carideal.com\/blog\/comment-vendre-un-vehicule\/\">Comment vendre une voiture ?<\/a><\/li>\n\n\n\n<li><a href=\"http:\/\/www.carideal.com\/blog\/quelles-demarches-pour-vendre-une-voiture-a-un-particulier\/\">Quelles d\u00e9marches pour vendre une voiture ?<\/a><\/li>\n\n\n\n<li><a href=\"http:\/\/www.carideal.com\/blog\/quelles-sont-les-obligations-pour-vendre-une-voiture\/\">Quelles sont les obligations pour vendre une voiture ?<\/a><\/li>\n\n\n\n<li><a href=\"http:\/\/www.carideal.com\/blog\/2022\/04\/01\/peut-on-faire-une-carte-grise-sans-permis\/\">Peut-on faire une carte grise sans permis ?<\/a><\/li>\n<\/ul>\n\n\n\n<h2 class=\"wp-block-heading\">Les avantages du d\u00e9p\u00f4t-vente automobile : comment profiter des occasions pour acheter votre voiture.<\/h2>\n\n\n\n<p>Le d\u00e9p\u00f4t-vente automobile est une excellente possibilit\u00e9 pour les acheteurs de voitures d'occasion, car cela leur offre un large choix de mod\u00e8les et de marques. Les voitures de d\u00e9p\u00f4t-vente sont g\u00e9n\u00e9ralement plus abordables que lorsqu'elles sont achet\u00e9es directement aupr\u00e8s d'un concessionnaire. De plus, les voitures propos\u00e9es par les d\u00e9p\u00f4ts-vente sont toujours inspect\u00e9es et r\u00e9vis\u00e9es avant d'\u00eatre mises en vente, ce qui rend l'achat plus s\u00fbr et plus s\u00fbr. En outre, les d\u00e9p\u00f4ts-vente offrent souvent des voitures avec des garanties et des assurances suppl\u00e9mentaires, ce qui peut aider \u00e0 r\u00e9duire le co\u00fbt du v\u00e9hicule et \u00e0 vous prot\u00e9ger contre d'\u00e9ventuelles r\u00e9parations co\u00fbteuses. Enfin, les d\u00e9p\u00f4ts-vente proposent souvent des services de financement et de reprise, ce qui permet aux acheteurs de b\u00e9n\u00e9ficier d'un prix plus bas et d'un achat plus facile.<\/p>\n\n\n\n<figure class=\"wp-block-embed is-type-video is-provider-youtube wp-block-embed-youtube wp-embed-aspect-16-9 wp-has-aspect-ratio\"><div class=\"wp-block-embed__wrapper\">\n<iframe loading=\"lazy\" title=\"Bien vendre sa voiture\" width=\"1200\" height=\"675\" src=\"https:\/\/www.youtube.com\/embed\/zg6V6xCNasM?feature=oembed\" frameborder=\"0\" allow=\"accelerometer; autoplay; clipboard-write; encrypted-media; gyroscope; picture-in-picture; web-share\" allowfullscreen><\/iframe>\n<\/div><\/figure>\n\n\n\n<div class=\"wp-block-columns is-layout-flex wp-container-core-columns-is-layout-1 wp-block-columns-is-layout-flex\">\n<div class=\"wp-block-column is-layout-flow wp-block-column-is-layout-flow\">\n<ul class=\"wp-block-list\">\n<li><a href=\"http:\/\/www.carideal.com\/blog\/depot-vente\/depot-vente-auto-reims-la-neuvillette\/\">Reims la Neuvillette<\/a><\/li>\n<\/ul>\n<\/div>\n\n\n\n<div class=\"wp-block-column is-layout-flow wp-block-column-is-layout-flow\">\n<ul class=\"wp-block-list\">\n<li><a href=\"http:\/\/www.carideal.com\/blog\/depot-vente\/perpignan\/\">D\u00e9p\u00f4t vente auto \u00e0 Perpignan<\/a><\/li>\n<\/ul>\n<\/div>\n\n\n\n<div class=\"wp-block-column is-layout-flow wp-block-column-is-layout-flow\"><\/div>\n<\/div>\n","protected":false},"excerpt":{"rendered":"<p>Comment trouver la voiture de vos r\u00eaves gr\u00e2ce au d\u00e9p\u00f4t-vente ! Le d\u00e9p\u00f4t-vente est un moyen id\u00e9al pour trouver la voiture de ses r\u00eaves \u00e0 des prix tr\u00e8s abordables. En effet, en achetant une voiture d&rsquo;occasion via un d\u00e9p\u00f4t-vente, vous pourrez b\u00e9n\u00e9ficier de tarifs nettement inf\u00e9rieurs \u00e0 ceux propos\u00e9s par les concessionnaires traditionnels. Vous trouverez &#8230; <a title=\"D\u00e9p\u00f4t vente voiture\" class=\"read-more\" href=\"https:\/\/www.carideal.com\/blog\/depot-vente\/\" aria-label=\"En savoir plus sur D\u00e9p\u00f4t vente voiture\">Lire plus<\/a><\/p>\n","protected":false},"author":3,"featured_media":26674,"parent":0,"menu_order":0,"comment_status":"closed","ping_status":"closed","template":"","meta":{"_uag_custom_page_level_css":"","_themeisle_gutenberg_block_has_review":false,"footnotes":""},"class_list":["post-26672","page","type-page","status-publish","has-post-thumbnail"],"wppr_data":{"cwp_meta_box_check":"No"},"yoast_head":"<!-- This site is optimized with the Yoast SEO plugin v24.8.1 - https:\/\/yoast.com\/wordpress\/plugins\/seo\/ -->\n<title>D\u00e9p\u00f4t vente voiture - Blog auto Carid\u00e9al<\/title>\n<meta name=\"description\" content=\"Le d\u00e9p\u00f4t-vente est un moyen id\u00e9al pour trouver la voiture de ses r\u00eaves \u00e0 des prix tr\u00e8s abordables. En effet, en achetant une voiture d&#039;occasion via un d\u00e9p\u00f4t-vente\" \/>\n<meta name=\"robots\" content=\"index, follow, max-snippet:-1, max-image-preview:large, max-video-preview:-1\" \/>\n<link rel=\"canonical\" href=\"https:\/\/www.carideal.com\/blog\/depot-vente\/\" \/>\n<meta property=\"og:locale\" content=\"fr_FR\" \/>\n<meta property=\"og:type\" content=\"article\" \/>\n<meta property=\"og:title\" content=\"D\u00e9p\u00f4t vente voiture - Blog auto Carid\u00e9al\" \/>\n<meta property=\"og:description\" content=\"Le d\u00e9p\u00f4t-vente est un moyen id\u00e9al pour trouver la voiture de ses r\u00eaves \u00e0 des prix tr\u00e8s abordables. En effet, en achetant une voiture d&#039;occasion via un d\u00e9p\u00f4t-vente\" \/>\n<meta property=\"og:url\" content=\"https:\/\/www.carideal.com\/blog\/depot-vente\/\" \/>\n<meta property=\"og:site_name\" content=\"Blog auto Carid\u00e9al\" \/>\n<meta property=\"article:publisher\" content=\"https:\/\/www.facebook.com\/Carideal.mandataire.automobile\" \/>\n<meta property=\"article:modified_time\" content=\"2024-01-20T19:56:32+00:00\" \/>\n<meta property=\"og:image\" content=\"https:\/\/www.carideal.com\/blog\/wp-content\/uploads\/2023\/01\/depot-vente-auto.jpg\" \/>\n\t<meta property=\"og:image:width\" content=\"1200\" \/>\n\t<meta property=\"og:image:height\" content=\"527\" \/>\n\t<meta property=\"og:image:type\" content=\"image\/jpeg\" \/>\n<meta name=\"twitter:card\" content=\"summary_large_image\" \/>\n<meta name=\"twitter:site\" content=\"@caridealauto\" \/>\n<meta name=\"twitter:label1\" content=\"Dur\u00e9e de lecture estim\u00e9e\" \/>\n\t<meta name=\"twitter:data1\" content=\"4 minutes\" \/>\n<script type=\"application\/ld+json\" class=\"yoast-schema-graph\">{\"@context\":\"https:\/\/schema.org\",\"@graph\":[{\"@type\":\"WebPage\",\"@id\":\"https:\/\/www.carideal.com\/blog\/depot-vente\/\",\"url\":\"https:\/\/www.carideal.com\/blog\/depot-vente\/\",\"name\":\"D\u00e9p\u00f4t vente voiture - Blog auto Carid\u00e9al\",\"isPartOf\":{\"@id\":\"https:\/\/www.carideal.com\/blog\/#website\"},\"primaryImageOfPage\":{\"@id\":\"https:\/\/www.carideal.com\/blog\/depot-vente\/#primaryimage\"},\"image\":{\"@id\":\"https:\/\/www.carideal.com\/blog\/depot-vente\/#primaryimage\"},\"thumbnailUrl\":\"https:\/\/www.carideal.com\/blog\/wp-content\/uploads\/2023\/01\/depot-vente-auto.jpg\",\"datePublished\":\"2023-01-20T12:50:46+00:00\",\"dateModified\":\"2024-01-20T19:56:32+00:00\",\"description\":\"Le d\u00e9p\u00f4t-vente est un moyen id\u00e9al pour trouver la voiture de ses r\u00eaves \u00e0 des prix tr\u00e8s abordables. En effet, en achetant une voiture d'occasion via un d\u00e9p\u00f4t-vente\",\"breadcrumb\":{\"@id\":\"https:\/\/www.carideal.com\/blog\/depot-vente\/#breadcrumb\"},\"inLanguage\":\"fr-FR\",\"potentialAction\":[{\"@type\":\"ReadAction\",\"target\":[\"https:\/\/www.carideal.com\/blog\/depot-vente\/\"]}]},{\"@type\":\"ImageObject\",\"inLanguage\":\"fr-FR\",\"@id\":\"https:\/\/www.carideal.com\/blog\/depot-vente\/#primaryimage\",\"url\":\"https:\/\/www.carideal.com\/blog\/wp-content\/uploads\/2023\/01\/depot-vente-auto.jpg\",\"contentUrl\":\"https:\/\/www.carideal.com\/blog\/wp-content\/uploads\/2023\/01\/depot-vente-auto.jpg\",\"width\":1200,\"height\":527,\"caption\":\"D\u00e9pot vente automobile\"},{\"@type\":\"BreadcrumbList\",\"@id\":\"https:\/\/www.carideal.com\/blog\/depot-vente\/#breadcrumb\",\"itemListElement\":[{\"@type\":\"ListItem\",\"position\":1,\"name\":\"Blog Carid\u00e9al\",\"item\":\"https:\/\/www.carideal.com\/blog\/\"},{\"@type\":\"ListItem\",\"position\":2,\"name\":\"D\u00e9p\u00f4t vente voiture\"}]},{\"@type\":\"WebSite\",\"@id\":\"https:\/\/www.carideal.com\/blog\/#website\",\"url\":\"https:\/\/www.carideal.com\/blog\/\",\"name\":\"Blog auto Carid\u00e9al\",\"description\":\"Actualit\u00e9 auto par des passionn\u00e9s\",\"publisher\":{\"@id\":\"https:\/\/www.carideal.com\/blog\/#organization\"},\"potentialAction\":[{\"@type\":\"SearchAction\",\"target\":{\"@type\":\"EntryPoint\",\"urlTemplate\":\"https:\/\/www.carideal.com\/blog\/?s={search_term_string}\"},\"query-input\":{\"@type\":\"PropertyValueSpecification\",\"valueRequired\":true,\"valueName\":\"search_term_string\"}}],\"inLanguage\":\"fr-FR\"},{\"@type\":\"Organization\",\"@id\":\"https:\/\/www.carideal.com\/blog\/#organization\",\"name\":\"Carideal\",\"url\":\"https:\/\/www.carideal.com\/blog\/\",\"logo\":{\"@type\":\"ImageObject\",\"inLanguage\":\"fr-FR\",\"@id\":\"https:\/\/www.carideal.com\/blog\/#\/schema\/logo\/image\/\",\"url\":\"http:\/\/www.carideal.com\/blog\/wp-content\/uploads\/2016\/03\/logo-carideal-mandataire-automobile.png\",\"contentUrl\":\"http:\/\/www.carideal.com\/blog\/wp-content\/uploads\/2016\/03\/logo-carideal-mandataire-automobile.png\",\"width\":300,\"height\":300,\"caption\":\"Carideal\"},\"image\":{\"@id\":\"https:\/\/www.carideal.com\/blog\/#\/schema\/logo\/image\/\"},\"sameAs\":[\"https:\/\/www.facebook.com\/Carideal.mandataire.automobile\",\"https:\/\/x.com\/caridealauto\",\"https:\/\/www.instagram.com\/carideal1\/\",\"https:\/\/www.linkedin.com\/company\/carideal.com\",\"https:\/\/fr.pinterest.com\/schiavonsas\/\",\"https:\/\/www.youtube.com\/user\/caridealsas\"]}]}<\/script>\n<!-- \/ Yoast SEO plugin. -->","yoast_head_json":{"title":"D\u00e9p\u00f4t vente voiture - Blog auto Carid\u00e9al","description":"Le d\u00e9p\u00f4t-vente est un moyen id\u00e9al pour trouver la voiture de ses r\u00eaves \u00e0 des prix tr\u00e8s abordables. En effet, en achetant une voiture d'occasion via un d\u00e9p\u00f4t-vente","robots":{"index":"index","follow":"follow","max-snippet":"max-snippet:-1","max-image-preview":"max-image-preview:large","max-video-preview":"max-video-preview:-1"},"canonical":"https:\/\/www.carideal.com\/blog\/depot-vente\/","og_locale":"fr_FR","og_type":"article","og_title":"D\u00e9p\u00f4t vente voiture - Blog auto Carid\u00e9al","og_description":"Le d\u00e9p\u00f4t-vente est un moyen id\u00e9al pour trouver la voiture de ses r\u00eaves \u00e0 des prix tr\u00e8s abordables. En effet, en achetant une voiture d'occasion via un d\u00e9p\u00f4t-vente","og_url":"https:\/\/www.carideal.com\/blog\/depot-vente\/","og_site_name":"Blog auto Carid\u00e9al","article_publisher":"https:\/\/www.facebook.com\/Carideal.mandataire.automobile","article_modified_time":"2024-01-20T19:56:32+00:00","og_image":[{"width":1200,"height":527,"url":"https:\/\/www.carideal.com\/blog\/wp-content\/uploads\/2023\/01\/depot-vente-auto.jpg","type":"image\/jpeg"}],"twitter_card":"summary_large_image","twitter_site":"@caridealauto","twitter_misc":{"Dur\u00e9e de lecture estim\u00e9e":"4 minutes"},"schema":{"@context":"https:\/\/schema.org","@graph":[{"@type":"WebPage","@id":"https:\/\/www.carideal.com\/blog\/depot-vente\/","url":"https:\/\/www.carideal.com\/blog\/depot-vente\/","name":"D\u00e9p\u00f4t vente voiture - Blog auto Carid\u00e9al","isPartOf":{"@id":"https:\/\/www.carideal.com\/blog\/#website"},"primaryImageOfPage":{"@id":"https:\/\/www.carideal.com\/blog\/depot-vente\/#primaryimage"},"image":{"@id":"https:\/\/www.carideal.com\/blog\/depot-vente\/#primaryimage"},"thumbnailUrl":"https:\/\/www.carideal.com\/blog\/wp-content\/uploads\/2023\/01\/depot-vente-auto.jpg","datePublished":"2023-01-20T12:50:46+00:00","dateModified":"2024-01-20T19:56:32+00:00","description":"Le d\u00e9p\u00f4t-vente est un moyen id\u00e9al pour trouver la voiture de ses r\u00eaves \u00e0 des prix tr\u00e8s abordables. En effet, en achetant une voiture d'occasion via un d\u00e9p\u00f4t-vente","breadcrumb":{"@id":"https:\/\/www.carideal.com\/blog\/depot-vente\/#breadcrumb"},"inLanguage":"fr-FR","potentialAction":[{"@type":"ReadAction","target":["https:\/\/www.carideal.com\/blog\/depot-vente\/"]}]},{"@type":"ImageObject","inLanguage":"fr-FR","@id":"https:\/\/www.carideal.com\/blog\/depot-vente\/#primaryimage","url":"https:\/\/www.carideal.com\/blog\/wp-content\/uploads\/2023\/01\/depot-vente-auto.jpg","contentUrl":"https:\/\/www.carideal.com\/blog\/wp-content\/uploads\/2023\/01\/depot-vente-auto.jpg","width":1200,"height":527,"caption":"D\u00e9pot vente automobile"},{"@type":"BreadcrumbList","@id":"https:\/\/www.carideal.com\/blog\/depot-vente\/#breadcrumb","itemListElement":[{"@type":"ListItem","position":1,"name":"Blog Carid\u00e9al","item":"https:\/\/www.carideal.com\/blog\/"},{"@type":"ListItem","position":2,"name":"D\u00e9p\u00f4t vente voiture"}]},{"@type":"WebSite","@id":"https:\/\/www.carideal.com\/blog\/#website","url":"https:\/\/www.carideal.com\/blog\/","name":"Blog auto Carid\u00e9al","description":"Actualit\u00e9 auto par des passionn\u00e9s","publisher":{"@id":"https:\/\/www.carideal.com\/blog\/#organization"},"potentialAction":[{"@type":"SearchAction","target":{"@type":"EntryPoint","urlTemplate":"https:\/\/www.carideal.com\/blog\/?s={search_term_string}"},"query-input":{"@type":"PropertyValueSpecification","valueRequired":true,"valueName":"search_term_string"}}],"inLanguage":"fr-FR"},{"@type":"Organization","@id":"https:\/\/www.carideal.com\/blog\/#organization","name":"Carideal","url":"https:\/\/www.carideal.com\/blog\/","logo":{"@type":"ImageObject","inLanguage":"fr-FR","@id":"https:\/\/www.carideal.com\/blog\/#\/schema\/logo\/image\/","url":"http:\/\/www.carideal.com\/blog\/wp-content\/uploads\/2016\/03\/logo-carideal-mandataire-automobile.png","contentUrl":"http:\/\/www.carideal.com\/blog\/wp-content\/uploads\/2016\/03\/logo-carideal-mandataire-automobile.png","width":300,"height":300,"caption":"Carideal"},"image":{"@id":"https:\/\/www.carideal.com\/blog\/#\/schema\/logo\/image\/"},"sameAs":["https:\/\/www.facebook.com\/Carideal.mandataire.automobile","https:\/\/x.com\/caridealauto","https:\/\/www.instagram.com\/carideal1\/","https:\/\/www.linkedin.com\/company\/carideal.com","https:\/\/fr.pinterest.com\/schiavonsas\/","https:\/\/www.youtube.com\/user\/caridealsas"]}]}},"uagb_featured_image_src":{"full":["https:\/\/www.carideal.com\/blog\/wp-content\/uploads\/2023\/01\/depot-vente-auto.jpg",1200,527,false],"thumbnail":["https:\/\/www.carideal.com\/blog\/wp-content\/uploads\/2023\/01\/depot-vente-auto-150x150.jpg",150,150,true],"medium":["https:\/\/www.carideal.com\/blog\/wp-content\/uploads\/2023\/01\/depot-vente-auto-300x132.jpg",300,132,true],"medium_large":["https:\/\/www.carideal.com\/blog\/wp-content\/uploads\/2023\/01\/depot-vente-auto-768x337.jpg",768,337,true],"large":["https:\/\/www.carideal.com\/blog\/wp-content\/uploads\/2023\/01\/depot-vente-auto-1024x450.jpg",1024,450,true],"1536x1536":["https:\/\/www.carideal.com\/blog\/wp-content\/uploads\/2023\/01\/depot-vente-auto.jpg",1200,527,false],"2048x2048":["https:\/\/www.carideal.com\/blog\/wp-content\/uploads\/2023\/01\/depot-vente-auto.jpg",1200,527,false],"wppr-widget":["https:\/\/www.carideal.com\/blog\/wp-content\/uploads\/2023\/01\/depot-vente-auto-50x22.jpg",50,22,true]},"uagb_author_info":{"display_name":"Nicolas SCHIAVON","author_link":"https:\/\/www.carideal.com\/blog\/author\/nschiavon\/"},"uagb_comment_info":0,"uagb_excerpt":"Comment trouver la voiture de vos r\u00eaves gr\u00e2ce au d\u00e9p\u00f4t-vente ! Le d\u00e9p\u00f4t-vente est un moyen id\u00e9al pour trouver la voiture de ses r\u00eaves \u00e0 des prix tr\u00e8s abordables. En effet, en achetant une voiture d'occasion via un d\u00e9p\u00f4t-vente, vous pourrez b\u00e9n\u00e9ficier de tarifs nettement inf\u00e9rieurs \u00e0 ceux propos\u00e9s par les concessionnaires traditionnels. Vous trouverez\u2026","_links":{"self":[{"href":"https:\/\/www.carideal.com\/blog\/wp-json\/wp\/v2\/pages\/26672"}],"collection":[{"href":"https:\/\/www.carideal.com\/blog\/wp-json\/wp\/v2\/pages"}],"about":[{"href":"https:\/\/www.carideal.com\/blog\/wp-json\/wp\/v2\/types\/page"}],"author":[{"embeddable":true,"href":"https:\/\/www.carideal.com\/blog\/wp-json\/wp\/v2\/users\/3"}],"replies":[{"embeddable":true,"href":"https:\/\/www.carideal.com\/blog\/wp-json\/wp\/v2\/comments?post=26672"}],"version-history":[{"count":0,"href":"https:\/\/www.carideal.com\/blog\/wp-json\/wp\/v2\/pages\/26672\/revisions"}],"wp:featuredmedia":[{"embeddable":true,"href":"https:\/\/www.carideal.com\/blog\/wp-json\/wp\/v2\/media\/26674"}],"wp:attachment":[{"href":"https:\/\/www.carideal.com\/blog\/wp-json\/wp\/v2\/media?parent=26672"}],"curies":[{"name":"wp","href":"https:\/\/api.w.org\/{rel}","templated":true}]}}