{"id":26668,"date":"2023-01-21T18:28:10","date_gmt":"2023-01-21T17:28:10","guid":{"rendered":"http:\/\/www.carideal.com\/blog\/?page_id=26668"},"modified":"2023-01-21T18:28:11","modified_gmt":"2023-01-21T17:28:11","slug":"recherche-pas-cheres","status":"publish","type":"page","link":"https:\/\/www.carideal.com\/blog\/voitures-occasions\/bordeaux\/recherche-pas-cheres\/","title":{"rendered":"Recherche de Voitures d&rsquo;Occasion Pas Ch\u00e8res \u00e0 Bordeaux (33000)"},"content":{"rendered":"\n<h1 class=\"wp-block-heading\">Votre Voiture Pas Ch\u00e8re Occasion \u00e0 Bordeaux (33000): D\u00e9couvrez les Meilleures Annonces d'Achat de V\u00e9hicules Pas Chers!<\/h1>\n\n\n\n<p>Depuis des d\u00e9cennies, les <a href=\"http:\/\/www.carideal.com\/blog\/marque-de-voiture-actualites-essais\/\">constructeurs automobiles<\/a> ont cr\u00e9\u00e9 des mod\u00e8les de voitures qui ont chang\u00e9 la fa\u00e7on dont nous nous d\u00e9pla\u00e7ons. De <a href=\"http:\/\/www.carideal.com\/blog\/marque-de-voiture-actualites-essais\/alfa-romeo\/\">Alfa Romeo<\/a> \u00e0 <a href=\"http:\/\/www.carideal.com\/blog\/marque-de-voiture-actualites-essais\/tesla\/\">Tesla<\/a>, de Bentley \u00e0 Cupra, de Dodge \u00e0 MG, des marques connues et moins connues ont contribu\u00e9 \u00e0 fa\u00e7onner le paysage automobile. Cette introduction se penche sur les principales marques automobiles et leurs mod\u00e8les embl\u00e9matiques, ainsi que sur quelques-unes des plus grandes marques sp\u00e9cialis\u00e9es qui font un impact sur le march\u00e9 aujourd'hui.<\/p>\n\n\n<div class=\"wp-block-image\">\n<figure class=\"aligncenter size-large\"><a href=\"http:\/\/www.carideal.com\/blog\/wp-content\/uploads\/2023\/01\/voiture-neuve-bordeaux-1.webp\"><img loading=\"lazy\" decoding=\"async\" width=\"1024\" height=\"571\" src=\"http:\/\/www.carideal.com\/blog\/wp-content\/uploads\/2023\/01\/voiture-neuve-bordeaux-1-1024x571.webp\" alt=\"Recherche de Voitures d'Occasion Pas Ch\u00e8res \u00e0 Bordeaux (33000)\" class=\"wp-image-26718\" srcset=\"https:\/\/www.carideal.com\/blog\/wp-content\/uploads\/2023\/01\/voiture-neuve-bordeaux-1-1024x571.webp 1024w, https:\/\/www.carideal.com\/blog\/wp-content\/uploads\/2023\/01\/voiture-neuve-bordeaux-1-300x167.webp 300w, https:\/\/www.carideal.com\/blog\/wp-content\/uploads\/2023\/01\/voiture-neuve-bordeaux-1-768x428.webp 768w, https:\/\/www.carideal.com\/blog\/wp-content\/uploads\/2023\/01\/voiture-neuve-bordeaux-1-50x28.webp 50w, https:\/\/www.carideal.com\/blog\/wp-content\/uploads\/2023\/01\/voiture-neuve-bordeaux-1-110x61.webp 110w, https:\/\/www.carideal.com\/blog\/wp-content\/uploads\/2023\/01\/voiture-neuve-bordeaux-1-420x234.webp 420w, https:\/\/www.carideal.com\/blog\/wp-content\/uploads\/2023\/01\/voiture-neuve-bordeaux-1-248x138.webp 248w, https:\/\/www.carideal.com\/blog\/wp-content\/uploads\/2023\/01\/voiture-neuve-bordeaux-1-770x430.webp 770w, https:\/\/www.carideal.com\/blog\/wp-content\/uploads\/2023\/01\/voiture-neuve-bordeaux-1.webp 1040w\" sizes=\"(max-width: 1024px) 100vw, 1024px\" \/><\/a><figcaption class=\"wp-element-caption\">Recherche de Voitures d'Occasion Pas Ch\u00e8res \u00e0 Bordeaux (33000)<\/figcaption><\/figure><\/div>\n\n\n<h2 class=\"wp-block-heading\">Acheter une voiture d'occasion par marque<\/h2>\n\n\n\n<p>Alfa Romeo, Audi, BMW, Citro\u00ebn, Dacia, DS, Fiat, Ford, Honda, Hyundai, Isuzu, Jaguar, Jeep, Kia, Land Rover, Lexus, Maserati, Mercedes, Mini, Nissan, Opel, Peugeot, Porsche, Renault, Seat, Skoda, Suzuki, Toyota, Volkswagen, Volvo, Abarth, Austin, Bentley, Chevrolet, Cupra, Dodge, Ferrari, Lotus, Mazda, MG, Mitsubishi, PGO, Smart, Tesla et Triumph.<\/p>\n\n\n\n<h2 class=\"wp-block-heading\">Achetez une voiture d'occasion \u00e0 Bordeaux<\/h2>\n\n\n\n<p>Auto-selection vous propose une liste compl\u00e8te et vari\u00e9e de <a href=\"http:\/\/www.carideal.com\/blog\/voitures-occasions\/bordeaux\/\">voitures d'occasion \u00e0 vendre \u00e0 Bordeaux<\/a> et ses environs. Que ce soit \u00e0 Andernos-les-Bains, Arcachon, Ambars-et-Lagrave, Bruges, Blanquefort, Floirac, Cestas, Gujan-Mestras, Eysines, Lormont, Cenon, Gradignan, Le Bouscat, Libourne, B\u00e8gles, La Teste-de-Buch, Saint-M\u00e9dard-en-Jalles, Villenave-d'Ornon, Talence ou Pessac, nous nous assurons que les v\u00e9hicules d'occasion que nous proposons restent \u00e0 proximit\u00e9 afin que vous puissiez trouver votre v\u00e9hicule d'occasion au meilleur prix sans effectuer de longs trajets. Bordeaux (Gironde, 33) est une ville connue dans le monde entier pour ses vignobles et ses vins. Vous y trouverez notamment la Place de la Bourse, le Miroir deau et La cit\u00e9 du vin. Dans le quartier des Chartrons, au nord de Bordeaux, se trouvent de nombreux concessionnaires et garages proposant un large choix de v\u00e9hicules d'occasion pour tous les budgets (du pas cher au premium). 64,4 % des m\u00e9nages bordelais poss\u00e8dent au moins une voiture.<\/p>\n\n\n\n<h2 class=\"wp-block-heading\">Les meilleurs revendeurs automobiles \u00e0 Bordeaux selon les avis des clients<\/h2>\n\n\n\n<p>D\u00e9couvrez les offres des concessionnaires automobiles American Coffee Garage, Louit Moto, Auto Bordeaux Occasions, Mondauto et BVM Motors, situ\u00e9s \u00e0 Montussan, Merignac, Villenave-d'Ornon et Bordeaux. Obtenez leurs heures d'ouverture et coordonn\u00e9es, lisez les avis et trouvez les voitures qui vous int\u00e9ressent.<\/p>\n\n\n\n<h2 class=\"wp-block-heading\">Marques disponibles pr\u00e8s de Bordeaux : une liste<\/h2>\n\n\n\n<p>Je souhaite vous proposer une solution. Je souhaite vous offrir une solution.<\/p>\n\n\n\n<h2 class=\"wp-block-heading\">Rendre la lecture plus accessible<\/h2>\n\n\n\n<p>Discutez et obtenez des conseils sur l'automobile sur notre forum, avis de propri\u00e9taires, essais auto, fiches fiabilit\u00e9 et comparatifs auto.<\/p>\n\n\n\n<figure class=\"wp-block-embed is-type-video is-provider-youtube wp-block-embed-youtube wp-embed-aspect-16-9 wp-has-aspect-ratio\"><div class=\"wp-block-embed__wrapper\">\n<iframe loading=\"lazy\" title=\"Citro\u00ebn DS3 hdi 110 occasion Carideal mandataire auto Bordeaux\" width=\"1200\" height=\"675\" src=\"https:\/\/www.youtube.com\/embed\/0kMQciDQORE?feature=oembed\" frameborder=\"0\" allow=\"accelerometer; autoplay; clipboard-write; encrypted-media; gyroscope; picture-in-picture; web-share\" allowfullscreen><\/iframe>\n<\/div><\/figure>\n","protected":false},"excerpt":{"rendered":"<p>Votre Voiture Pas Ch\u00e8re Occasion \u00e0 Bordeaux (33000): D\u00e9couvrez les Meilleures Annonces d&rsquo;Achat de V\u00e9hicules Pas Chers! Depuis des d\u00e9cennies, les constructeurs automobiles ont cr\u00e9\u00e9 des mod\u00e8les de voitures qui ont chang\u00e9 la fa\u00e7on dont nous nous d\u00e9pla\u00e7ons. De Alfa Romeo \u00e0 Tesla, de Bentley \u00e0 Cupra, de Dodge \u00e0 MG, des marques connues et &#8230; <a title=\"Recherche de Voitures d&rsquo;Occasion Pas Ch\u00e8res \u00e0 Bordeaux (33000)\" class=\"read-more\" href=\"https:\/\/www.carideal.com\/blog\/voitures-occasions\/bordeaux\/recherche-pas-cheres\/\" aria-label=\"En savoir plus sur Recherche de Voitures d&rsquo;Occasion Pas Ch\u00e8res \u00e0 Bordeaux (33000)\">Lire plus<\/a><\/p>\n","protected":false},"author":3,"featured_media":26718,"parent":16783,"menu_order":0,"comment_status":"closed","ping_status":"closed","template":"template-fullwidth.php","meta":{"_uag_custom_page_level_css":"","_themeisle_gutenberg_block_has_review":false,"footnotes":""},"class_list":["post-26668","page","type-page","status-publish","has-post-thumbnail"],"wppr_data":{"cwp_meta_box_check":"No"},"yoast_head":"<!-- This site is optimized with the Yoast SEO plugin v24.8.1 - https:\/\/yoast.com\/wordpress\/plugins\/seo\/ -->\n<title>Recherche de Voitures d&#039;Occasion Pas Ch\u00e8res \u00e0 Bordeaux (33000) - Blog auto Carid\u00e9al<\/title>\n<meta name=\"description\" content=\"On vous propose une liste compl\u00e8te et vari\u00e9e de voitures d&#039;occasion \u00e0 vendre \u00e0 Bordeaux et ses environs.\" \/>\n<meta name=\"robots\" content=\"index, follow, max-snippet:-1, max-image-preview:large, max-video-preview:-1\" \/>\n<link rel=\"canonical\" href=\"https:\/\/www.carideal.com\/blog\/voitures-occasions\/bordeaux\/recherche-pas-cheres\/\" \/>\n<meta property=\"og:locale\" content=\"fr_FR\" \/>\n<meta property=\"og:type\" content=\"article\" \/>\n<meta property=\"og:title\" content=\"Recherche de Voitures d&#039;Occasion Pas Ch\u00e8res \u00e0 Bordeaux (33000) - Blog auto Carid\u00e9al\" \/>\n<meta property=\"og:description\" content=\"On vous propose une liste compl\u00e8te et vari\u00e9e de voitures d&#039;occasion \u00e0 vendre \u00e0 Bordeaux et ses environs.\" \/>\n<meta property=\"og:url\" content=\"https:\/\/www.carideal.com\/blog\/voitures-occasions\/bordeaux\/recherche-pas-cheres\/\" \/>\n<meta property=\"og:site_name\" content=\"Blog auto Carid\u00e9al\" \/>\n<meta property=\"article:publisher\" content=\"https:\/\/www.facebook.com\/Carideal.mandataire.automobile\" \/>\n<meta property=\"article:modified_time\" content=\"2023-01-21T17:28:11+00:00\" \/>\n<meta property=\"og:image\" content=\"https:\/\/www.carideal.com\/blog\/wp-content\/uploads\/2023\/01\/voiture-neuve-bordeaux-1.webp\" \/>\n\t<meta property=\"og:image:width\" content=\"1040\" \/>\n\t<meta property=\"og:image:height\" content=\"580\" \/>\n\t<meta property=\"og:image:type\" content=\"image\/webp\" \/>\n<meta name=\"twitter:card\" content=\"summary_large_image\" \/>\n<meta name=\"twitter:site\" content=\"@caridealauto\" \/>\n<meta name=\"twitter:label1\" content=\"Dur\u00e9e de lecture estim\u00e9e\" \/>\n\t<meta name=\"twitter:data1\" content=\"3 minutes\" \/>\n<script type=\"application\/ld+json\" class=\"yoast-schema-graph\">{\"@context\":\"https:\/\/schema.org\",\"@graph\":[{\"@type\":\"WebPage\",\"@id\":\"https:\/\/www.carideal.com\/blog\/voitures-occasions\/bordeaux\/recherche-pas-cheres\/\",\"url\":\"https:\/\/www.carideal.com\/blog\/voitures-occasions\/bordeaux\/recherche-pas-cheres\/\",\"name\":\"Recherche de Voitures d'Occasion Pas Ch\u00e8res \u00e0 Bordeaux (33000) - Blog auto Carid\u00e9al\",\"isPartOf\":{\"@id\":\"https:\/\/www.carideal.com\/blog\/#website\"},\"primaryImageOfPage\":{\"@id\":\"https:\/\/www.carideal.com\/blog\/voitures-occasions\/bordeaux\/recherche-pas-cheres\/#primaryimage\"},\"image\":{\"@id\":\"https:\/\/www.carideal.com\/blog\/voitures-occasions\/bordeaux\/recherche-pas-cheres\/#primaryimage\"},\"thumbnailUrl\":\"https:\/\/www.carideal.com\/blog\/wp-content\/uploads\/2023\/01\/voiture-neuve-bordeaux-1.webp\",\"datePublished\":\"2023-01-21T17:28:10+00:00\",\"dateModified\":\"2023-01-21T17:28:11+00:00\",\"description\":\"On vous propose une liste compl\u00e8te et vari\u00e9e de voitures d'occasion \u00e0 vendre \u00e0 Bordeaux et ses environs.\",\"breadcrumb\":{\"@id\":\"https:\/\/www.carideal.com\/blog\/voitures-occasions\/bordeaux\/recherche-pas-cheres\/#breadcrumb\"},\"inLanguage\":\"fr-FR\",\"potentialAction\":[{\"@type\":\"ReadAction\",\"target\":[\"https:\/\/www.carideal.com\/blog\/voitures-occasions\/bordeaux\/recherche-pas-cheres\/\"]}]},{\"@type\":\"ImageObject\",\"inLanguage\":\"fr-FR\",\"@id\":\"https:\/\/www.carideal.com\/blog\/voitures-occasions\/bordeaux\/recherche-pas-cheres\/#primaryimage\",\"url\":\"https:\/\/www.carideal.com\/blog\/wp-content\/uploads\/2023\/01\/voiture-neuve-bordeaux-1.webp\",\"contentUrl\":\"https:\/\/www.carideal.com\/blog\/wp-content\/uploads\/2023\/01\/voiture-neuve-bordeaux-1.webp\",\"width\":1040,\"height\":580,\"caption\":\"Recherche de Voitures d'Occasion Pas Ch\u00e8res \u00e0 Bordeaux (33000)\"},{\"@type\":\"BreadcrumbList\",\"@id\":\"https:\/\/www.carideal.com\/blog\/voitures-occasions\/bordeaux\/recherche-pas-cheres\/#breadcrumb\",\"itemListElement\":[{\"@type\":\"ListItem\",\"position\":1,\"name\":\"Blog Carid\u00e9al\",\"item\":\"https:\/\/www.carideal.com\/blog\/\"},{\"@type\":\"ListItem\",\"position\":2,\"name\":\"Voitures occasions\",\"item\":\"https:\/\/www.carideal.com\/blog\/voitures-occasions\/\"},{\"@type\":\"ListItem\",\"position\":3,\"name\":\"Bordeaux\",\"item\":\"https:\/\/www.carideal.com\/blog\/voitures-occasions\/bordeaux\/\"},{\"@type\":\"ListItem\",\"position\":4,\"name\":\"Recherche de Voitures d&rsquo;Occasion Pas Ch\u00e8res \u00e0 Bordeaux (33000)\"}]},{\"@type\":\"WebSite\",\"@id\":\"https:\/\/www.carideal.com\/blog\/#website\",\"url\":\"https:\/\/www.carideal.com\/blog\/\",\"name\":\"Blog auto Carid\u00e9al\",\"description\":\"Actualit\u00e9 auto par des passionn\u00e9s\",\"publisher\":{\"@id\":\"https:\/\/www.carideal.com\/blog\/#organization\"},\"potentialAction\":[{\"@type\":\"SearchAction\",\"target\":{\"@type\":\"EntryPoint\",\"urlTemplate\":\"https:\/\/www.carideal.com\/blog\/?s={search_term_string}\"},\"query-input\":{\"@type\":\"PropertyValueSpecification\",\"valueRequired\":true,\"valueName\":\"search_term_string\"}}],\"inLanguage\":\"fr-FR\"},{\"@type\":\"Organization\",\"@id\":\"https:\/\/www.carideal.com\/blog\/#organization\",\"name\":\"Carideal\",\"url\":\"https:\/\/www.carideal.com\/blog\/\",\"logo\":{\"@type\":\"ImageObject\",\"inLanguage\":\"fr-FR\",\"@id\":\"https:\/\/www.carideal.com\/blog\/#\/schema\/logo\/image\/\",\"url\":\"http:\/\/www.carideal.com\/blog\/wp-content\/uploads\/2016\/03\/logo-carideal-mandataire-automobile.png\",\"contentUrl\":\"http:\/\/www.carideal.com\/blog\/wp-content\/uploads\/2016\/03\/logo-carideal-mandataire-automobile.png\",\"width\":300,\"height\":300,\"caption\":\"Carideal\"},\"image\":{\"@id\":\"https:\/\/www.carideal.com\/blog\/#\/schema\/logo\/image\/\"},\"sameAs\":[\"https:\/\/www.facebook.com\/Carideal.mandataire.automobile\",\"https:\/\/x.com\/caridealauto\",\"https:\/\/www.instagram.com\/carideal1\/\",\"https:\/\/www.linkedin.com\/company\/carideal.com\",\"https:\/\/fr.pinterest.com\/schiavonsas\/\",\"https:\/\/www.youtube.com\/user\/caridealsas\"]}]}<\/script>\n<!-- \/ Yoast SEO plugin. -->","yoast_head_json":{"title":"Recherche de Voitures d'Occasion Pas Ch\u00e8res \u00e0 Bordeaux (33000) - Blog auto Carid\u00e9al","description":"On vous propose une liste compl\u00e8te et vari\u00e9e de voitures d'occasion \u00e0 vendre \u00e0 Bordeaux et ses environs.","robots":{"index":"index","follow":"follow","max-snippet":"max-snippet:-1","max-image-preview":"max-image-preview:large","max-video-preview":"max-video-preview:-1"},"canonical":"https:\/\/www.carideal.com\/blog\/voitures-occasions\/bordeaux\/recherche-pas-cheres\/","og_locale":"fr_FR","og_type":"article","og_title":"Recherche de Voitures d'Occasion Pas Ch\u00e8res \u00e0 Bordeaux (33000) - Blog auto Carid\u00e9al","og_description":"On vous propose une liste compl\u00e8te et vari\u00e9e de voitures d'occasion \u00e0 vendre \u00e0 Bordeaux et ses environs.","og_url":"https:\/\/www.carideal.com\/blog\/voitures-occasions\/bordeaux\/recherche-pas-cheres\/","og_site_name":"Blog auto Carid\u00e9al","article_publisher":"https:\/\/www.facebook.com\/Carideal.mandataire.automobile","article_modified_time":"2023-01-21T17:28:11+00:00","og_image":[{"width":1040,"height":580,"url":"https:\/\/www.carideal.com\/blog\/wp-content\/uploads\/2023\/01\/voiture-neuve-bordeaux-1.webp","type":"image\/webp"}],"twitter_card":"summary_large_image","twitter_site":"@caridealauto","twitter_misc":{"Dur\u00e9e de lecture estim\u00e9e":"3 minutes"},"schema":{"@context":"https:\/\/schema.org","@graph":[{"@type":"WebPage","@id":"https:\/\/www.carideal.com\/blog\/voitures-occasions\/bordeaux\/recherche-pas-cheres\/","url":"https:\/\/www.carideal.com\/blog\/voitures-occasions\/bordeaux\/recherche-pas-cheres\/","name":"Recherche de Voitures d'Occasion Pas Ch\u00e8res \u00e0 Bordeaux (33000) - Blog auto Carid\u00e9al","isPartOf":{"@id":"https:\/\/www.carideal.com\/blog\/#website"},"primaryImageOfPage":{"@id":"https:\/\/www.carideal.com\/blog\/voitures-occasions\/bordeaux\/recherche-pas-cheres\/#primaryimage"},"image":{"@id":"https:\/\/www.carideal.com\/blog\/voitures-occasions\/bordeaux\/recherche-pas-cheres\/#primaryimage"},"thumbnailUrl":"https:\/\/www.carideal.com\/blog\/wp-content\/uploads\/2023\/01\/voiture-neuve-bordeaux-1.webp","datePublished":"2023-01-21T17:28:10+00:00","dateModified":"2023-01-21T17:28:11+00:00","description":"On vous propose une liste compl\u00e8te et vari\u00e9e de voitures d'occasion \u00e0 vendre \u00e0 Bordeaux et ses environs.","breadcrumb":{"@id":"https:\/\/www.carideal.com\/blog\/voitures-occasions\/bordeaux\/recherche-pas-cheres\/#breadcrumb"},"inLanguage":"fr-FR","potentialAction":[{"@type":"ReadAction","target":["https:\/\/www.carideal.com\/blog\/voitures-occasions\/bordeaux\/recherche-pas-cheres\/"]}]},{"@type":"ImageObject","inLanguage":"fr-FR","@id":"https:\/\/www.carideal.com\/blog\/voitures-occasions\/bordeaux\/recherche-pas-cheres\/#primaryimage","url":"https:\/\/www.carideal.com\/blog\/wp-content\/uploads\/2023\/01\/voiture-neuve-bordeaux-1.webp","contentUrl":"https:\/\/www.carideal.com\/blog\/wp-content\/uploads\/2023\/01\/voiture-neuve-bordeaux-1.webp","width":1040,"height":580,"caption":"Recherche de Voitures d'Occasion Pas Ch\u00e8res \u00e0 Bordeaux (33000)"},{"@type":"BreadcrumbList","@id":"https:\/\/www.carideal.com\/blog\/voitures-occasions\/bordeaux\/recherche-pas-cheres\/#breadcrumb","itemListElement":[{"@type":"ListItem","position":1,"name":"Blog Carid\u00e9al","item":"https:\/\/www.carideal.com\/blog\/"},{"@type":"ListItem","position":2,"name":"Voitures occasions","item":"https:\/\/www.carideal.com\/blog\/voitures-occasions\/"},{"@type":"ListItem","position":3,"name":"Bordeaux","item":"https:\/\/www.carideal.com\/blog\/voitures-occasions\/bordeaux\/"},{"@type":"ListItem","position":4,"name":"Recherche de Voitures d&rsquo;Occasion Pas Ch\u00e8res \u00e0 Bordeaux (33000)"}]},{"@type":"WebSite","@id":"https:\/\/www.carideal.com\/blog\/#website","url":"https:\/\/www.carideal.com\/blog\/","name":"Blog auto Carid\u00e9al","description":"Actualit\u00e9 auto par des passionn\u00e9s","publisher":{"@id":"https:\/\/www.carideal.com\/blog\/#organization"},"potentialAction":[{"@type":"SearchAction","target":{"@type":"EntryPoint","urlTemplate":"https:\/\/www.carideal.com\/blog\/?s={search_term_string}"},"query-input":{"@type":"PropertyValueSpecification","valueRequired":true,"valueName":"search_term_string"}}],"inLanguage":"fr-FR"},{"@type":"Organization","@id":"https:\/\/www.carideal.com\/blog\/#organization","name":"Carideal","url":"https:\/\/www.carideal.com\/blog\/","logo":{"@type":"ImageObject","inLanguage":"fr-FR","@id":"https:\/\/www.carideal.com\/blog\/#\/schema\/logo\/image\/","url":"http:\/\/www.carideal.com\/blog\/wp-content\/uploads\/2016\/03\/logo-carideal-mandataire-automobile.png","contentUrl":"http:\/\/www.carideal.com\/blog\/wp-content\/uploads\/2016\/03\/logo-carideal-mandataire-automobile.png","width":300,"height":300,"caption":"Carideal"},"image":{"@id":"https:\/\/www.carideal.com\/blog\/#\/schema\/logo\/image\/"},"sameAs":["https:\/\/www.facebook.com\/Carideal.mandataire.automobile","https:\/\/x.com\/caridealauto","https:\/\/www.instagram.com\/carideal1\/","https:\/\/www.linkedin.com\/company\/carideal.com","https:\/\/fr.pinterest.com\/schiavonsas\/","https:\/\/www.youtube.com\/user\/caridealsas"]}]}},"uagb_featured_image_src":{"full":["https:\/\/www.carideal.com\/blog\/wp-content\/uploads\/2023\/01\/voiture-neuve-bordeaux-1.webp",1040,580,false],"thumbnail":["https:\/\/www.carideal.com\/blog\/wp-content\/uploads\/2023\/01\/voiture-neuve-bordeaux-1-150x150.webp",150,150,true],"medium":["https:\/\/www.carideal.com\/blog\/wp-content\/uploads\/2023\/01\/voiture-neuve-bordeaux-1-300x167.webp",300,167,true],"medium_large":["https:\/\/www.carideal.com\/blog\/wp-content\/uploads\/2023\/01\/voiture-neuve-bordeaux-1-768x428.webp",768,428,true],"large":["https:\/\/www.carideal.com\/blog\/wp-content\/uploads\/2023\/01\/voiture-neuve-bordeaux-1-1024x571.webp",1024,571,true],"1536x1536":["https:\/\/www.carideal.com\/blog\/wp-content\/uploads\/2023\/01\/voiture-neuve-bordeaux-1.webp",1040,580,false],"2048x2048":["https:\/\/www.carideal.com\/blog\/wp-content\/uploads\/2023\/01\/voiture-neuve-bordeaux-1.webp",1040,580,false],"wppr-widget":["https:\/\/www.carideal.com\/blog\/wp-content\/uploads\/2023\/01\/voiture-neuve-bordeaux-1-50x28.webp",50,28,true]},"uagb_author_info":{"display_name":"Nicolas SCHIAVON","author_link":"https:\/\/www.carideal.com\/blog\/author\/nschiavon\/"},"uagb_comment_info":0,"uagb_excerpt":"Votre Voiture Pas Ch\u00e8re Occasion \u00e0 Bordeaux (33000): D\u00e9couvrez les Meilleures Annonces d'Achat de V\u00e9hicules Pas Chers! Depuis des d\u00e9cennies, les constructeurs automobiles ont cr\u00e9\u00e9 des mod\u00e8les de voitures qui ont chang\u00e9 la fa\u00e7on dont nous nous d\u00e9pla\u00e7ons. De Alfa Romeo \u00e0 Tesla, de Bentley \u00e0 Cupra, de Dodge \u00e0 MG, des marques connues et\u2026","_links":{"self":[{"href":"https:\/\/www.carideal.com\/blog\/wp-json\/wp\/v2\/pages\/26668"}],"collection":[{"href":"https:\/\/www.carideal.com\/blog\/wp-json\/wp\/v2\/pages"}],"about":[{"href":"https:\/\/www.carideal.com\/blog\/wp-json\/wp\/v2\/types\/page"}],"author":[{"embeddable":true,"href":"https:\/\/www.carideal.com\/blog\/wp-json\/wp\/v2\/users\/3"}],"replies":[{"embeddable":true,"href":"https:\/\/www.carideal.com\/blog\/wp-json\/wp\/v2\/comments?post=26668"}],"version-history":[{"count":0,"href":"https:\/\/www.carideal.com\/blog\/wp-json\/wp\/v2\/pages\/26668\/revisions"}],"up":[{"embeddable":true,"href":"https:\/\/www.carideal.com\/blog\/wp-json\/wp\/v2\/pages\/16783"}],"wp:featuredmedia":[{"embeddable":true,"href":"https:\/\/www.carideal.com\/blog\/wp-json\/wp\/v2\/media\/26718"}],"wp:attachment":[{"href":"https:\/\/www.carideal.com\/blog\/wp-json\/wp\/v2\/media?parent=26668"}],"curies":[{"name":"wp","href":"https:\/\/api.w.org\/{rel}","templated":true}]}}