{"id":26643,"date":"2023-01-17T19:41:46","date_gmt":"2023-01-17T18:41:46","guid":{"rendered":"http:\/\/www.carideal.com\/blog\/?page_id=26643"},"modified":"2024-01-22T18:24:25","modified_gmt":"2024-01-22T17:24:25","slug":"pas-cher","status":"publish","type":"page","link":"https:\/\/www.carideal.com\/blog\/voiture-neuve-region\/bordeaux\/pas-cher\/","title":{"rendered":"Comment acheter une voiture neuve pas cher \u00e0 Bordeaux ?"},"content":{"rendered":"\n<h2 class=\"wp-block-heading\">Comment acheter une voiture neuve pas cher \u00e0 Bordeaux ?<\/h2>\n\n\n\n<p>Pas mal de personnes veulent acheter une <a href=\"http:\/\/www.carideal.com\/blog\/voiture-neuve-region\/bordeaux\/\">voiture neuve \u00e0 Bordeaux<\/a> et ses alentours. Chacun a ses propres crit\u00e8res et le prix est souvent important.<\/p>\n\n\n<div class=\"wp-block-image\">\n<figure class=\"aligncenter size-large\"><a href=\"http:\/\/www.carideal.com\/blog\/wp-content\/uploads\/2023\/01\/achat-voiture-neuve-pas-cher-bordeaux-001-scaled.jpg\"><img loading=\"lazy\" decoding=\"async\" width=\"1024\" height=\"357\" src=\"http:\/\/www.carideal.com\/blog\/wp-content\/uploads\/2023\/01\/achat-voiture-neuve-pas-cher-bordeaux-001-1024x357.jpg\" alt=\"Achat voiture neuve \u00e0 Bordeaux\" class=\"wp-image-26646\" srcset=\"https:\/\/www.carideal.com\/blog\/wp-content\/uploads\/2023\/01\/achat-voiture-neuve-pas-cher-bordeaux-001-scaled.jpg 1024w, https:\/\/www.carideal.com\/blog\/wp-content\/uploads\/2023\/01\/achat-voiture-neuve-pas-cher-bordeaux-001-300x105.jpg 300w, https:\/\/www.carideal.com\/blog\/wp-content\/uploads\/2023\/01\/achat-voiture-neuve-pas-cher-bordeaux-001-768x268.jpg 768w, https:\/\/www.carideal.com\/blog\/wp-content\/uploads\/2023\/01\/achat-voiture-neuve-pas-cher-bordeaux-001-50x17.jpg 50w, https:\/\/www.carideal.com\/blog\/wp-content\/uploads\/2023\/01\/achat-voiture-neuve-pas-cher-bordeaux-001-110x38.jpg 110w, https:\/\/www.carideal.com\/blog\/wp-content\/uploads\/2023\/01\/achat-voiture-neuve-pas-cher-bordeaux-001-420x146.jpg 420w, https:\/\/www.carideal.com\/blog\/wp-content\/uploads\/2023\/01\/achat-voiture-neuve-pas-cher-bordeaux-001-770x268.jpg 770w\" sizes=\"(max-width: 1024px) 100vw, 1024px\" \/><\/a><figcaption class=\"wp-element-caption\">Achat voiture neuve \u00e0 Bordeaux<\/figcaption><\/figure><\/div>\n\n\n<h2 class=\"wp-block-heading\">Acheter une voiture pas ch\u00e8re \u00e0 Bordeaux<\/h2>\n\n\n\n<p>Il existe plusieurs mani\u00e8res d'acheter une voiture neuve pas cher \u00e0 Bordeaux. Voici quelques exemples :<\/p>\n\n\n\n<ol class=\"wp-block-list\">\n<li><strong>D\u00e9stockage :<\/strong> Les concessions peuvent parfois avoir des mod\u00e8les en fin de s\u00e9rie ou des v\u00e9hicules de d\u00e9monstration qui sont vendus \u00e0 des prix r\u00e9duits. Il est donc int\u00e9ressant de v\u00e9rifier r\u00e9guli\u00e8rement les offres de d\u00e9stockage pour trouver une bonne affaire.<\/li>\n\n\n\n<li><strong>Achat par un mandataire :<\/strong> Les <a href=\"http:\/\/www.carideal.com\/blog\/carideal-mandataire-auto-france\/bordeaux\/\">mandataires<\/a> sont des personnes ou des entreprises qui ach\u00e8tent des v\u00e9hicules directement aupr\u00e8s des constructeurs ou des importateurs, puis les revendent aux particuliers. Cette solution peut permettre de r\u00e9aliser des \u00e9conomies importantes, car les mandataires b\u00e9n\u00e9ficient souvent de tarifs pr\u00e9f\u00e9rentiels.<\/li>\n\n\n\n<li><strong>Achat chez un concessionnaire \u00e0 Bordeaux :<\/strong> Les concessionnaires proposent des v\u00e9hicules neufs \u00e0 des tarifs fixes, mais il est possible de n\u00e9gocier les prix pour obtenir une meilleure offre. Il est \u00e9galement possible de profiter des promotions et des offres sp\u00e9ciales propos\u00e9es par les constructeurs ou les concessionnaires. Il est important de comparer les diff\u00e9rentes offres pour trouver la meilleure affaire.<\/li>\n<\/ol>\n\n\n\n<p>En somme, il est possible d'acheter une voiture neuve pas ch\u00e8re \u00e0 Bordeaux en \u00e9tant vigilant aux offres de d\u00e9stockage, en passant par un mandataire ou en n\u00e9gociant les prix chez un concessionnaire. Il est important de comparer les diff\u00e9rentes offres pour trouver la meilleure affaire.<\/p>\n","protected":false},"excerpt":{"rendered":"<p>Comment acheter une voiture neuve pas cher \u00e0 Bordeaux ? Pas mal de personnes veulent acheter une voiture neuve \u00e0 Bordeaux et ses alentours. Chacun a ses propres crit\u00e8res et le prix est souvent important. Acheter une voiture pas ch\u00e8re \u00e0 Bordeaux Il existe plusieurs mani\u00e8res d&rsquo;acheter une voiture neuve pas cher \u00e0 Bordeaux. Voici &#8230; <a title=\"Comment acheter une voiture neuve pas cher \u00e0 Bordeaux ?\" class=\"read-more\" href=\"https:\/\/www.carideal.com\/blog\/voiture-neuve-region\/bordeaux\/pas-cher\/\" aria-label=\"En savoir plus sur Comment acheter une voiture neuve pas cher \u00e0 Bordeaux ?\">Lire plus<\/a><\/p>\n","protected":false},"author":3,"featured_media":26646,"parent":26635,"menu_order":0,"comment_status":"closed","ping_status":"closed","template":"template-fullwidth.php","meta":{"_uag_custom_page_level_css":"","_themeisle_gutenberg_block_has_review":false,"footnotes":""},"class_list":["post-26643","page","type-page","status-publish","has-post-thumbnail"],"wppr_data":{"cwp_meta_box_check":"No"},"yoast_head":"<!-- This site is optimized with the Yoast SEO plugin v24.8.1 - https:\/\/yoast.com\/wordpress\/plugins\/seo\/ -->\n<title>Comment acheter une voiture neuve pas cher \u00e0 Bordeaux ? - Blog auto Carid\u00e9al<\/title>\n<meta name=\"description\" content=\"Il existe plusieurs mani\u00e8res d&#039;acheter une voiture neuve pas cher \u00e0 Bordeaux. Voici quelques exemples : mandataire concessionnaire ou destockage\" \/>\n<meta name=\"robots\" content=\"index, follow, max-snippet:-1, max-image-preview:large, max-video-preview:-1\" \/>\n<link rel=\"canonical\" href=\"https:\/\/www.carideal.com\/blog\/voiture-neuve-region\/bordeaux\/pas-cher\/\" \/>\n<meta property=\"og:locale\" content=\"fr_FR\" \/>\n<meta property=\"og:type\" content=\"article\" \/>\n<meta property=\"og:title\" content=\"Comment acheter une voiture neuve pas cher \u00e0 Bordeaux ? - Blog auto Carid\u00e9al\" \/>\n<meta property=\"og:description\" content=\"Il existe plusieurs mani\u00e8res d&#039;acheter une voiture neuve pas cher \u00e0 Bordeaux. Voici quelques exemples : mandataire concessionnaire ou destockage\" \/>\n<meta property=\"og:url\" content=\"https:\/\/www.carideal.com\/blog\/voiture-neuve-region\/bordeaux\/pas-cher\/\" \/>\n<meta property=\"og:site_name\" content=\"Blog auto Carid\u00e9al\" \/>\n<meta property=\"article:publisher\" content=\"https:\/\/www.facebook.com\/Carideal.mandataire.automobile\" \/>\n<meta property=\"article:modified_time\" content=\"2024-01-22T17:24:25+00:00\" \/>\n<meta property=\"og:image\" content=\"https:\/\/www.carideal.com\/blog\/wp-content\/uploads\/2023\/01\/achat-voiture-neuve-pas-cher-bordeaux-001-scaled.jpg\" \/>\n\t<meta property=\"og:image:width\" content=\"1024\" \/>\n\t<meta property=\"og:image:height\" content=\"357\" \/>\n\t<meta property=\"og:image:type\" content=\"image\/jpeg\" \/>\n<meta name=\"twitter:card\" content=\"summary_large_image\" \/>\n<meta name=\"twitter:site\" content=\"@caridealauto\" \/>\n<meta name=\"twitter:label1\" content=\"Dur\u00e9e de lecture estim\u00e9e\" \/>\n\t<meta name=\"twitter:data1\" content=\"2 minutes\" \/>\n<script type=\"application\/ld+json\" class=\"yoast-schema-graph\">{\"@context\":\"https:\/\/schema.org\",\"@graph\":[{\"@type\":\"WebPage\",\"@id\":\"https:\/\/www.carideal.com\/blog\/voiture-neuve-region\/bordeaux\/pas-cher\/\",\"url\":\"https:\/\/www.carideal.com\/blog\/voiture-neuve-region\/bordeaux\/pas-cher\/\",\"name\":\"Comment acheter une voiture neuve pas cher \u00e0 Bordeaux ? - Blog auto Carid\u00e9al\",\"isPartOf\":{\"@id\":\"https:\/\/www.carideal.com\/blog\/#website\"},\"primaryImageOfPage\":{\"@id\":\"https:\/\/www.carideal.com\/blog\/voiture-neuve-region\/bordeaux\/pas-cher\/#primaryimage\"},\"image\":{\"@id\":\"https:\/\/www.carideal.com\/blog\/voiture-neuve-region\/bordeaux\/pas-cher\/#primaryimage\"},\"thumbnailUrl\":\"https:\/\/www.carideal.com\/blog\/wp-content\/uploads\/2023\/01\/achat-voiture-neuve-pas-cher-bordeaux-001-scaled.jpg\",\"datePublished\":\"2023-01-17T18:41:46+00:00\",\"dateModified\":\"2024-01-22T17:24:25+00:00\",\"description\":\"Il existe plusieurs mani\u00e8res d'acheter une voiture neuve pas cher \u00e0 Bordeaux. Voici quelques exemples : mandataire concessionnaire ou destockage\",\"breadcrumb\":{\"@id\":\"https:\/\/www.carideal.com\/blog\/voiture-neuve-region\/bordeaux\/pas-cher\/#breadcrumb\"},\"inLanguage\":\"fr-FR\",\"potentialAction\":[{\"@type\":\"ReadAction\",\"target\":[\"https:\/\/www.carideal.com\/blog\/voiture-neuve-region\/bordeaux\/pas-cher\/\"]}]},{\"@type\":\"ImageObject\",\"inLanguage\":\"fr-FR\",\"@id\":\"https:\/\/www.carideal.com\/blog\/voiture-neuve-region\/bordeaux\/pas-cher\/#primaryimage\",\"url\":\"https:\/\/www.carideal.com\/blog\/wp-content\/uploads\/2023\/01\/achat-voiture-neuve-pas-cher-bordeaux-001-scaled.jpg\",\"contentUrl\":\"https:\/\/www.carideal.com\/blog\/wp-content\/uploads\/2023\/01\/achat-voiture-neuve-pas-cher-bordeaux-001-scaled.jpg\",\"width\":1024,\"height\":357,\"caption\":\"Achat voiture neuve \u00e0 Bordeaux\"},{\"@type\":\"BreadcrumbList\",\"@id\":\"https:\/\/www.carideal.com\/blog\/voiture-neuve-region\/bordeaux\/pas-cher\/#breadcrumb\",\"itemListElement\":[{\"@type\":\"ListItem\",\"position\":1,\"name\":\"Blog Carid\u00e9al\",\"item\":\"https:\/\/www.carideal.com\/blog\/\"},{\"@type\":\"ListItem\",\"position\":2,\"name\":\"Voitures neuves par r\u00e9gion et d\u00e9partement\",\"item\":\"https:\/\/www.carideal.com\/blog\/voiture-neuve-region\/\"},{\"@type\":\"ListItem\",\"position\":3,\"name\":\"Comment acheter une voiture neuve \u00e0 Bordeaux ?\",\"item\":\"https:\/\/www.carideal.com\/blog\/voiture-neuve-region\/bordeaux\/\"},{\"@type\":\"ListItem\",\"position\":4,\"name\":\"Comment acheter une voiture neuve pas cher \u00e0 Bordeaux ?\"}]},{\"@type\":\"WebSite\",\"@id\":\"https:\/\/www.carideal.com\/blog\/#website\",\"url\":\"https:\/\/www.carideal.com\/blog\/\",\"name\":\"Blog auto Carid\u00e9al\",\"description\":\"Actualit\u00e9 auto par des passionn\u00e9s\",\"publisher\":{\"@id\":\"https:\/\/www.carideal.com\/blog\/#organization\"},\"potentialAction\":[{\"@type\":\"SearchAction\",\"target\":{\"@type\":\"EntryPoint\",\"urlTemplate\":\"https:\/\/www.carideal.com\/blog\/?s={search_term_string}\"},\"query-input\":{\"@type\":\"PropertyValueSpecification\",\"valueRequired\":true,\"valueName\":\"search_term_string\"}}],\"inLanguage\":\"fr-FR\"},{\"@type\":\"Organization\",\"@id\":\"https:\/\/www.carideal.com\/blog\/#organization\",\"name\":\"Carideal\",\"url\":\"https:\/\/www.carideal.com\/blog\/\",\"logo\":{\"@type\":\"ImageObject\",\"inLanguage\":\"fr-FR\",\"@id\":\"https:\/\/www.carideal.com\/blog\/#\/schema\/logo\/image\/\",\"url\":\"http:\/\/www.carideal.com\/blog\/wp-content\/uploads\/2016\/03\/logo-carideal-mandataire-automobile.png\",\"contentUrl\":\"http:\/\/www.carideal.com\/blog\/wp-content\/uploads\/2016\/03\/logo-carideal-mandataire-automobile.png\",\"width\":300,\"height\":300,\"caption\":\"Carideal\"},\"image\":{\"@id\":\"https:\/\/www.carideal.com\/blog\/#\/schema\/logo\/image\/\"},\"sameAs\":[\"https:\/\/www.facebook.com\/Carideal.mandataire.automobile\",\"https:\/\/x.com\/caridealauto\",\"https:\/\/www.instagram.com\/carideal1\/\",\"https:\/\/www.linkedin.com\/company\/carideal.com\",\"https:\/\/fr.pinterest.com\/schiavonsas\/\",\"https:\/\/www.youtube.com\/user\/caridealsas\"]}]}<\/script>\n<!-- \/ Yoast SEO plugin. -->","yoast_head_json":{"title":"Comment acheter une voiture neuve pas cher \u00e0 Bordeaux ? - Blog auto Carid\u00e9al","description":"Il existe plusieurs mani\u00e8res d'acheter une voiture neuve pas cher \u00e0 Bordeaux. Voici quelques exemples : mandataire concessionnaire ou destockage","robots":{"index":"index","follow":"follow","max-snippet":"max-snippet:-1","max-image-preview":"max-image-preview:large","max-video-preview":"max-video-preview:-1"},"canonical":"https:\/\/www.carideal.com\/blog\/voiture-neuve-region\/bordeaux\/pas-cher\/","og_locale":"fr_FR","og_type":"article","og_title":"Comment acheter une voiture neuve pas cher \u00e0 Bordeaux ? - Blog auto Carid\u00e9al","og_description":"Il existe plusieurs mani\u00e8res d'acheter une voiture neuve pas cher \u00e0 Bordeaux. Voici quelques exemples : mandataire concessionnaire ou destockage","og_url":"https:\/\/www.carideal.com\/blog\/voiture-neuve-region\/bordeaux\/pas-cher\/","og_site_name":"Blog auto Carid\u00e9al","article_publisher":"https:\/\/www.facebook.com\/Carideal.mandataire.automobile","article_modified_time":"2024-01-22T17:24:25+00:00","og_image":[{"width":1024,"height":357,"url":"https:\/\/www.carideal.com\/blog\/wp-content\/uploads\/2023\/01\/achat-voiture-neuve-pas-cher-bordeaux-001-scaled.jpg","type":"image\/jpeg"}],"twitter_card":"summary_large_image","twitter_site":"@caridealauto","twitter_misc":{"Dur\u00e9e de lecture estim\u00e9e":"2 minutes"},"schema":{"@context":"https:\/\/schema.org","@graph":[{"@type":"WebPage","@id":"https:\/\/www.carideal.com\/blog\/voiture-neuve-region\/bordeaux\/pas-cher\/","url":"https:\/\/www.carideal.com\/blog\/voiture-neuve-region\/bordeaux\/pas-cher\/","name":"Comment acheter une voiture neuve pas cher \u00e0 Bordeaux ? - Blog auto Carid\u00e9al","isPartOf":{"@id":"https:\/\/www.carideal.com\/blog\/#website"},"primaryImageOfPage":{"@id":"https:\/\/www.carideal.com\/blog\/voiture-neuve-region\/bordeaux\/pas-cher\/#primaryimage"},"image":{"@id":"https:\/\/www.carideal.com\/blog\/voiture-neuve-region\/bordeaux\/pas-cher\/#primaryimage"},"thumbnailUrl":"https:\/\/www.carideal.com\/blog\/wp-content\/uploads\/2023\/01\/achat-voiture-neuve-pas-cher-bordeaux-001-scaled.jpg","datePublished":"2023-01-17T18:41:46+00:00","dateModified":"2024-01-22T17:24:25+00:00","description":"Il existe plusieurs mani\u00e8res d'acheter une voiture neuve pas cher \u00e0 Bordeaux. Voici quelques exemples : mandataire concessionnaire ou destockage","breadcrumb":{"@id":"https:\/\/www.carideal.com\/blog\/voiture-neuve-region\/bordeaux\/pas-cher\/#breadcrumb"},"inLanguage":"fr-FR","potentialAction":[{"@type":"ReadAction","target":["https:\/\/www.carideal.com\/blog\/voiture-neuve-region\/bordeaux\/pas-cher\/"]}]},{"@type":"ImageObject","inLanguage":"fr-FR","@id":"https:\/\/www.carideal.com\/blog\/voiture-neuve-region\/bordeaux\/pas-cher\/#primaryimage","url":"https:\/\/www.carideal.com\/blog\/wp-content\/uploads\/2023\/01\/achat-voiture-neuve-pas-cher-bordeaux-001-scaled.jpg","contentUrl":"https:\/\/www.carideal.com\/blog\/wp-content\/uploads\/2023\/01\/achat-voiture-neuve-pas-cher-bordeaux-001-scaled.jpg","width":1024,"height":357,"caption":"Achat voiture neuve \u00e0 Bordeaux"},{"@type":"BreadcrumbList","@id":"https:\/\/www.carideal.com\/blog\/voiture-neuve-region\/bordeaux\/pas-cher\/#breadcrumb","itemListElement":[{"@type":"ListItem","position":1,"name":"Blog Carid\u00e9al","item":"https:\/\/www.carideal.com\/blog\/"},{"@type":"ListItem","position":2,"name":"Voitures neuves par r\u00e9gion et d\u00e9partement","item":"https:\/\/www.carideal.com\/blog\/voiture-neuve-region\/"},{"@type":"ListItem","position":3,"name":"Comment acheter une voiture neuve \u00e0 Bordeaux ?","item":"https:\/\/www.carideal.com\/blog\/voiture-neuve-region\/bordeaux\/"},{"@type":"ListItem","position":4,"name":"Comment acheter une voiture neuve pas cher \u00e0 Bordeaux ?"}]},{"@type":"WebSite","@id":"https:\/\/www.carideal.com\/blog\/#website","url":"https:\/\/www.carideal.com\/blog\/","name":"Blog auto Carid\u00e9al","description":"Actualit\u00e9 auto par des passionn\u00e9s","publisher":{"@id":"https:\/\/www.carideal.com\/blog\/#organization"},"potentialAction":[{"@type":"SearchAction","target":{"@type":"EntryPoint","urlTemplate":"https:\/\/www.carideal.com\/blog\/?s={search_term_string}"},"query-input":{"@type":"PropertyValueSpecification","valueRequired":true,"valueName":"search_term_string"}}],"inLanguage":"fr-FR"},{"@type":"Organization","@id":"https:\/\/www.carideal.com\/blog\/#organization","name":"Carideal","url":"https:\/\/www.carideal.com\/blog\/","logo":{"@type":"ImageObject","inLanguage":"fr-FR","@id":"https:\/\/www.carideal.com\/blog\/#\/schema\/logo\/image\/","url":"http:\/\/www.carideal.com\/blog\/wp-content\/uploads\/2016\/03\/logo-carideal-mandataire-automobile.png","contentUrl":"http:\/\/www.carideal.com\/blog\/wp-content\/uploads\/2016\/03\/logo-carideal-mandataire-automobile.png","width":300,"height":300,"caption":"Carideal"},"image":{"@id":"https:\/\/www.carideal.com\/blog\/#\/schema\/logo\/image\/"},"sameAs":["https:\/\/www.facebook.com\/Carideal.mandataire.automobile","https:\/\/x.com\/caridealauto","https:\/\/www.instagram.com\/carideal1\/","https:\/\/www.linkedin.com\/company\/carideal.com","https:\/\/fr.pinterest.com\/schiavonsas\/","https:\/\/www.youtube.com\/user\/caridealsas"]}]}},"uagb_featured_image_src":{"full":["https:\/\/www.carideal.com\/blog\/wp-content\/uploads\/2023\/01\/achat-voiture-neuve-pas-cher-bordeaux-001-scaled.jpg",1024,357,false],"thumbnail":["https:\/\/www.carideal.com\/blog\/wp-content\/uploads\/2023\/01\/achat-voiture-neuve-pas-cher-bordeaux-001-150x150.jpg",150,150,true],"medium":["https:\/\/www.carideal.com\/blog\/wp-content\/uploads\/2023\/01\/achat-voiture-neuve-pas-cher-bordeaux-001-300x105.jpg",300,105,true],"medium_large":["https:\/\/www.carideal.com\/blog\/wp-content\/uploads\/2023\/01\/achat-voiture-neuve-pas-cher-bordeaux-001-768x268.jpg",768,268,true],"large":["https:\/\/www.carideal.com\/blog\/wp-content\/uploads\/2023\/01\/achat-voiture-neuve-pas-cher-bordeaux-001-1024x357.jpg",1024,357,true],"1536x1536":["https:\/\/www.carideal.com\/blog\/wp-content\/uploads\/2023\/01\/achat-voiture-neuve-pas-cher-bordeaux-001-scaled.jpg",1024,357,false],"2048x2048":["https:\/\/www.carideal.com\/blog\/wp-content\/uploads\/2023\/01\/achat-voiture-neuve-pas-cher-bordeaux-001-scaled.jpg",1024,357,false],"wppr-widget":["https:\/\/www.carideal.com\/blog\/wp-content\/uploads\/2023\/01\/achat-voiture-neuve-pas-cher-bordeaux-001-50x17.jpg",50,17,true]},"uagb_author_info":{"display_name":"Nicolas SCHIAVON","author_link":"https:\/\/www.carideal.com\/blog\/author\/nschiavon\/"},"uagb_comment_info":0,"uagb_excerpt":"Comment acheter une voiture neuve pas cher \u00e0 Bordeaux ? Pas mal de personnes veulent acheter une voiture neuve \u00e0 Bordeaux et ses alentours. Chacun a ses propres crit\u00e8res et le prix est souvent important. Acheter une voiture pas ch\u00e8re \u00e0 Bordeaux Il existe plusieurs mani\u00e8res d'acheter une voiture neuve pas cher \u00e0 Bordeaux. Voici\u2026","_links":{"self":[{"href":"https:\/\/www.carideal.com\/blog\/wp-json\/wp\/v2\/pages\/26643"}],"collection":[{"href":"https:\/\/www.carideal.com\/blog\/wp-json\/wp\/v2\/pages"}],"about":[{"href":"https:\/\/www.carideal.com\/blog\/wp-json\/wp\/v2\/types\/page"}],"author":[{"embeddable":true,"href":"https:\/\/www.carideal.com\/blog\/wp-json\/wp\/v2\/users\/3"}],"replies":[{"embeddable":true,"href":"https:\/\/www.carideal.com\/blog\/wp-json\/wp\/v2\/comments?post=26643"}],"version-history":[{"count":0,"href":"https:\/\/www.carideal.com\/blog\/wp-json\/wp\/v2\/pages\/26643\/revisions"}],"up":[{"embeddable":true,"href":"https:\/\/www.carideal.com\/blog\/wp-json\/wp\/v2\/pages\/26635"}],"wp:featuredmedia":[{"embeddable":true,"href":"https:\/\/www.carideal.com\/blog\/wp-json\/wp\/v2\/media\/26646"}],"wp:attachment":[{"href":"https:\/\/www.carideal.com\/blog\/wp-json\/wp\/v2\/media?parent=26643"}],"curies":[{"name":"wp","href":"https:\/\/api.w.org\/{rel}","templated":true}]}}