{"id":26251,"date":"2021-04-21T08:41:59","date_gmt":"2021-04-21T06:41:59","guid":{"rendered":"http:\/\/www.carideal.com\/blog\/?page_id=26251"},"modified":"2024-01-20T20:59:22","modified_gmt":"2024-01-20T19:59:22","slug":"ou-acheter-une-voiture-doccasion","status":"publish","type":"page","link":"https:\/\/www.carideal.com\/blog\/ou-acheter-une-voiture-doccasion\/","title":{"rendered":"O\u00f9 acheter une voiture d&rsquo;occasion ?"},"content":{"rendered":"\n<h2 class=\"wp-block-heading\">O\u00f9 acheter une voiture d'occasion ?<\/h2>\n\n\n\n<p>Si vous avez d\u00e9cid\u00e9 d\u2019acheter une voiture d\u2019occasion, vous pouvez proc\u00e9der de plusieurs mani\u00e8res, certaines plus risqu\u00e9es que d\u2019autres le but \u00e9tant qu'elle soit <a href=\"http:\/\/www.carideal.com\/blog\/ou-acheter-une-voiture-doccasion-fiable\/\">fiable<\/a>. Lisez la suite pour d\u00e9couvrir les diff\u00e9rents avantages et inconv\u00e9nients d'acheter chez un concessionnaire de voitures d'occasion, un vendeur priv\u00e9, une salle de vente aux ench\u00e8res de voitures ou un <a href=\"http:\/\/www.carideal.com\/blog\/voitures-occasions\/\">site Web de vente de voitures<\/a>, afin de trouver la <a href=\"http:\/\/www.carideal.com\/blog\/quelle-est-la-meilleure-voiture-doccasion\/\">meilleure voiture d'occasion<\/a>.<\/p>\n\n\n\n<ul class=\"wp-block-list\">\n<li><a href=\"http:\/\/www.carideal.com\/blog\/quel-site-pour-acheter-une-voiture-doccasion\/\">Quel site pour acheter une voiture d'occasion ?<\/a><\/li>\n<\/ul>\n\n\n<div class=\"wp-block-image\">\n<figure class=\"aligncenter size-full\"><a href=\"http:\/\/www.carideal.com\/blog\/wp-content\/uploads\/2021\/04\/ou-acheter-voiture-occasion.jpg\"><img loading=\"lazy\" decoding=\"async\" width=\"600\" height=\"267\" src=\"http:\/\/www.carideal.com\/blog\/wp-content\/uploads\/2021\/04\/ou-acheter-voiture-occasion.jpg\" alt=\"O\u00f9 acheter une voiture d'occasion ?\" class=\"wp-image-26255\" srcset=\"https:\/\/www.carideal.com\/blog\/wp-content\/uploads\/2021\/04\/ou-acheter-voiture-occasion.jpg 600w, https:\/\/www.carideal.com\/blog\/wp-content\/uploads\/2021\/04\/ou-acheter-voiture-occasion-300x134.jpg 300w, https:\/\/www.carideal.com\/blog\/wp-content\/uploads\/2021\/04\/ou-acheter-voiture-occasion-50x22.jpg 50w, https:\/\/www.carideal.com\/blog\/wp-content\/uploads\/2021\/04\/ou-acheter-voiture-occasion-110x49.jpg 110w, https:\/\/www.carideal.com\/blog\/wp-content\/uploads\/2021\/04\/ou-acheter-voiture-occasion-420x187.jpg 420w\" sizes=\"(max-width: 600px) 100vw, 600px\" \/><\/a><figcaption class=\"wp-element-caption\">O\u00f9 acheter une voiture d'occasion ?<\/figcaption><\/figure><\/div>\n\n\n<h2 class=\"wp-block-heading\">Acheter une voiture d'occasion chez un concessionnaire automobile et ind\u00e9pendants<\/h2>\n\n\n\n<ul class=\"wp-block-list\">\n<li><a href=\"http:\/\/www.carideal.com\/blog\/comment-vendre-sa-voiture-doccasion\/\">Comment vendre sa voiture d'occasion ?<\/a><\/li>\n<\/ul>\n\n\n\n<p>Si vous songez \u00e0 acheter une voiture d'occasion chez un concessionnaire, vous pouvez vous adresser \u00e0 un concessionnaire franchis\u00e9 qui vend \u00e9galement des voitures d'occasion, \u00e0 un concessionnaire ind\u00e9pendant de voitures d'occasion ou \u00e0 un supermarch\u00e9 automobile.<\/p>\n\n\n\n<ul class=\"wp-block-list\">\n<li><a href=\"http:\/\/www.carideal.com\/blog\/meilleur-site-pour-vendre-voiture\/\">Quel est le meilleur site pour vendre une voiture ?<\/a><\/li>\n<\/ul>\n\n\n\n<h3 class=\"wp-block-heading\">Avantages d'acheter par l'interm\u00e9diaire d'un concessionnaire<\/h3>\n\n\n\n<ul class=\"wp-block-list\">\n<li>Vos droits de consommateur sont plus forts que si vous achetez de particulier \u00e0 particulier.<\/li>\n\n\n\n<li>Une voiture achet\u00e9e chez un concessionnaire aura syst\u00e9matiquement <a href=\"https:\/\/www.carideal.com\/blog\/garantie\/\">une garantie<\/a>.<\/li>\n\n\n\n<li>Vous pourrez probablement faire <a href=\"http:\/\/www.carideal.com\/blog\/2015\/02\/16\/reprise-de-votre-voiture\/\">reprendre votre voiture existante<\/a>.<\/li>\n\n\n\n<li>Des options de <a href=\"http:\/\/www.carideal.com\/blog\/credit-auto\/\">financement automobile<\/a> peuvent \u00eatre disponibles, y compris le <a href=\"https:\/\/www.carideal.com\/blog\/credit-auto\/leasing\/\">leasing<\/a>, le cr\u00e9dit automobile, la location longue dur\u00e9e ou le r\u00e8glement comptant.<\/li>\n\n\n\n<li>Si vous achetez presque neuf, il se peut qu\u2019il reste une partie de la garantie du fabricant.<\/li>\n\n\n\n<li>Le concessionnaire aura normalement inspect\u00e9 la voiture et r\u00e9par\u00e9 tout d\u00e9faut majeur.<\/li>\n\n\n\n<li>Vous pouvez n\u00e9gocier avec un concessionnaire.<\/li>\n\n\n\n<li>\u00c0 certaines p\u00e9riodes de l'ann\u00e9e, vous pourriez obtenir une offre particuli\u00e8rement int\u00e9ressante s'ils souhaitent d\u00e9stocker des voitures neuves pour atteindre leurs objectifs de vente ou des voitures d'occasions pour faire rentrer de l'argent frais.<\/li>\n<\/ul>\n\n\n\n<h3 class=\"wp-block-heading\">Inconv\u00e9nients d'acheter via un concessionnaire<\/h3>\n\n\n\n<ul class=\"wp-block-list\">\n<li>Les prix des concessionnaires ont tendance \u00e0 \u00eatre plus \u00e9lev\u00e9s que lors de l\u2019achat d\u2019une voiture \u00e0 un particulier.<\/li>\n\n\n\n<li>Vous devez savoir comment n\u00e9gocier la meilleure offre.<\/li>\n\n\n\n<li>La garantie offerte peut inclure des clauses restrictives.<\/li>\n<\/ul>\n\n\n\n<h2 class=\"wp-block-heading\">Acheter une voiture d'occasion \u00e0 un particulier<\/h2>\n\n\n\n<p>L'achat d'une voiture d'occasion \u00e0 un particulier peut \u00eatre risqu\u00e9, car s'il y a des probl\u00e8mes par la suite, vous avez moins de retour l\u00e9gal qu'avec un concessionnaire. Il s\u2019agit donc de \u00abm\u00e9fiez-vous des acheteurs\u202f!\u00bb<\/p>\n\n\n\n<h3 class=\"wp-block-heading\">Avantages de l'achat \u00e0 un particulier<\/h3>\n\n\n\n<ul class=\"wp-block-list\">\n<li>Vous paierez probablement moins que si vous achetiez la m\u00eame voiture chez un concessionnaire.<\/li>\n\n\n\n<li>Si un vendeur est d\u00e9sesp\u00e9r\u00e9 de trouver un acheteur, vous pouvez probablement n\u00e9gocier une grosse remise.<\/li>\n\n\n\n<li>Vous rencontrez l'ancien propri\u00e9taire.<\/li>\n<\/ul>\n\n\n\n<h3 class=\"wp-block-heading\">Inconv\u00e9nients d'acheter \u00e0 un particulier<\/h3>\n\n\n\n<ul class=\"wp-block-list\">\n<li>Vous n'aurez pas l'assurance d'une garantie \u00e0 moins que la voiture ne soit livr\u00e9e avec le temps restant sur la garantie d'un constructeur - vous voudrez peut-\u00eatre souscrire une extension de garantie pour cela.<\/li>\n\n\n\n<li>Vous n\u2019aurez pas la possibilit\u00e9 de choisir un plan de financement automobile, vous devrez donc organiser votre propre pr\u00eat si vous en aviez besoin.<\/li>\n\n\n\n<li>Vous avez moins de droits de consommateur - la voiture doit seulement \u00eatre en bon \u00e9tat de marche et \u00abtelle que d\u00e9crite\u00bb, et le vendeur doit avoir le droit l\u00e9gal de la vendre.<\/li>\n\n\n\n<li>Vos recherches et vos contr\u00f4les sont essentiels - si vous vous retrouvez avec une voiture d\u00e9fectueuse et que le vendeur n\u2019a rien fait de mal, vous ne pouvez pas y faire grand-chose.<\/li>\n\n\n\n<li>Vous n'aurez pas la possibilit\u00e9 de faire reprendre votre voiture existante.<\/li>\n<\/ul>\n\n\n\n<h2 class=\"wp-block-heading\">Ventes aux ench\u00e8res de voitures<\/h2>\n\n\n\n<p>Les ench\u00e8res sont l'un des moyens les plus risqu\u00e9s d'acheter une voiture d'occasion. Mais ils peuvent \u00eatre un bon endroit pour trouver des bonnes affaires, \u00e0 condition que vous respectiez votre budget et que vous preniez quelques pr\u00e9cautions de base.<\/p>\n\n\n\n<h3 class=\"wp-block-heading\">Ventes aux ench\u00e8res de voitures en direct<\/h3>\n\n\n\n<p>Attention cher acheteur !<br>O\u00f9 que vous achetiez une voiture d'occasion, assurez-vous de :<\/p>\n\n\n\n<p>Posez beaucoup de questions<br>Faites vos recherches et vos contr\u00f4les<br>Faites un essai routier de la voiture avant de prendre une d\u00e9cision<br>Environ <a href=\"https:\/\/www.conseildesventes.fr\/sites\/default\/files\/bilan2019\/Communique-bilan2019.pdf\">300 000 voitures<\/a> sont vendues aux ench\u00e8res physique et en direct en France chaque ann\u00e9e.<\/p>\n\n\n\n<p>Un grand nombre de ces voitures sont des reprises de concessionnaires ou des v\u00e9hicules pr\u00e9c\u00e9demment utilis\u00e9s par des soci\u00e9t\u00e9s de cr\u00e9dit-bail et des gestionnaires de parcs automobiles. Les concessionnaires ind\u00e9pendants ach\u00e8tent les deux tiers de leurs voitures d'occasion aux ench\u00e8res.<\/p>\n\n\n\n<p>Les plus grandes maisons de ventes aux ench\u00e8res, BC auto ench\u00e8re, Alcopa Auction, VP Auto.com comprennent un rapport m\u00e9canique sur la plupart des voitures vendues de moins de huit ans.<\/p>\n\n\n\n<p>Le <a href=\"https:\/\/www.bca.com\/fr\/BCAuto-Encheres\/Menu-principal\/Decouvrir\/Colonne-1\/Professionnels-de-lautomobile\/Inspection-VO\/\">bilan technique<\/a> est effectu\u00e9 et comprend&nbsp;: les freins (via un entra\u00eenement sur site), l'\u00e9clairage, l'usure des pneus, le bruit du moteur, le contr\u00f4le de la bo\u00eete de vitesses, la suspension du v\u00e9hicule et les niveaux de liquide.<\/p>\n\n\n\n<p>Si la voiture que vous achetez ne correspond pas \u00e0 son rapport BCA Assured, vous avez jusqu'\u00e0 48 heures ou 500 miles de conduite pour informer BCA.<\/p>\n\n\n\n<p>Ils rectifieront ensuite le (s) d\u00e9faut (s) et, dans les cas extr\u00eames, vous rembourseront.<\/p>\n\n\n\n<h3 class=\"wp-block-heading\">Avantages des ench\u00e8res de voitures en direct<\/h3>\n\n\n\n<p>Bon endroit pour faire de bonnes affaires, \u00e0 condition que vous fassiez d'abord vos recherches et que vous testiez la voiture si vous le pouvez.<\/p>\n\n\n\n<h3 class=\"wp-block-heading\">Inconv\u00e9nients des ench\u00e8res de voitures en direct<\/h3>\n\n\n\n<ul class=\"wp-block-list\">\n<li>Une fois que le marteau est tomb\u00e9, il n'y a pas de recul.<\/li>\n\n\n\n<li>\u00c0 moins que la voiture n\u2019appartienne ni ne soit d\u00e9crite par le vendeur, il est peu probable que vous ayez de nombreux droits de consommateur - consultez le site Web du commissaire-priseur \u00e0 ce sujet.<\/li>\n\n\n\n<li>Il est facile de se laisser emporter et de d\u00e9passer son budget.<\/li>\n<\/ul>\n\n\n\n<h3 class=\"wp-block-heading\">Ventes aux ench\u00e8res sur internet<\/h3>\n\n\n\n<p>Les ench\u00e8res en ligne sont de plus en plus populaires, avec Alcopa-Auction dans une nouvelle fen\u00eatre l'un des sites pr\u00e9f\u00e9r\u00e9s.<\/p>\n\n\n\n<p>Il y a des avantages et des inconv\u00e9nients similaires \u00e0 l'achat \u00e0 un particulier, avec quelques autres ci-dessous.<\/p>\n\n\n\n<p>Si vous envisagez d'acheter une voiture dans le cadre d'une vente aux ench\u00e8res sur internet, il est particuli\u00e8rement important de rechercher \u00e0 l'avance la voiture que vous recherchez.<\/p>\n\n\n\n<p>Assurez-vous de l'avoir v\u00e9rifi\u00e9 et test\u00e9 de mani\u00e8re approfondie avant de faire une offre.<\/p>\n\n\n\n<h3 class=\"wp-block-heading\">Avantages des ench\u00e8res sur internet<\/h3>\n\n\n\n<ul class=\"wp-block-list\">\n<li>Recherche facile \u00e0 l'aide de filtres.<\/li>\n\n\n\n<li>Bon endroit pour trouver des bonnes affaires.<\/li>\n<\/ul>\n\n\n\n<h3 class=\"wp-block-heading\">Inconv\u00e9nients des ench\u00e8res en ligne<\/h3>\n\n\n\n<ul class=\"wp-block-list\">\n<li>Pour vous assurer que la voiture est vraiment ce qu'elle semble \u00eatre, vous devez l'inspecter avant d'ench\u00e9rir - mais ce n'est pas toujours possible.<\/li>\n\n\n\n<li>Vous avez peu ou pas de droits l\u00e9gaux, sauf si la voiture ne correspond pas \u00e0 sa description ou si le vendeur n\u2019est pas le propri\u00e9taire l\u00e9gal.<\/li>\n<\/ul>\n\n\n\n<h2 class=\"wp-block-heading\">Votre prochaine \u00e9tape<\/h2>\n\n\n\n<p>D\u00e9couvrez quand acheter une voiture pour profiter au maximum des offres saisonni\u00e8res des concessionnaires.<\/p>\n","protected":false},"excerpt":{"rendered":"<p>O\u00f9 acheter une voiture d&rsquo;occasion ? Si vous avez d\u00e9cid\u00e9 d\u2019acheter une voiture d\u2019occasion, vous pouvez proc\u00e9der de plusieurs mani\u00e8res, certaines plus risqu\u00e9es que d\u2019autres le but \u00e9tant qu&rsquo;elle soit fiable. Lisez la suite pour d\u00e9couvrir les diff\u00e9rents avantages et inconv\u00e9nients d&rsquo;acheter chez un concessionnaire de voitures d&rsquo;occasion, un vendeur priv\u00e9, une salle de vente &#8230; <a title=\"O\u00f9 acheter une voiture d&rsquo;occasion ?\" class=\"read-more\" href=\"https:\/\/www.carideal.com\/blog\/ou-acheter-une-voiture-doccasion\/\" aria-label=\"En savoir plus sur O\u00f9 acheter une voiture d&rsquo;occasion ?\">Lire plus<\/a><\/p>\n","protected":false},"author":3,"featured_media":26255,"parent":0,"menu_order":0,"comment_status":"closed","ping_status":"closed","template":"","meta":{"_uag_custom_page_level_css":"","_themeisle_gutenberg_block_has_review":false,"footnotes":""},"class_list":["post-26251","page","type-page","status-publish","has-post-thumbnail"],"wppr_data":{"cwp_meta_box_check":"No"},"yoast_head":"<!-- This site is optimized with the Yoast SEO plugin v24.8.1 - https:\/\/yoast.com\/wordpress\/plugins\/seo\/ -->\n<title>O\u00f9 acheter une voiture d&#039;occasion ? - Blog auto Carid\u00e9al<\/title>\n<meta name=\"robots\" content=\"index, follow, max-snippet:-1, max-image-preview:large, max-video-preview:-1\" \/>\n<link rel=\"canonical\" href=\"https:\/\/www.carideal.com\/blog\/ou-acheter-une-voiture-doccasion\/\" \/>\n<meta property=\"og:locale\" content=\"fr_FR\" \/>\n<meta property=\"og:type\" content=\"article\" \/>\n<meta property=\"og:title\" content=\"O\u00f9 acheter une voiture d&#039;occasion ? - Blog auto Carid\u00e9al\" \/>\n<meta property=\"og:description\" content=\"O\u00f9 acheter une voiture d&#039;occasion ? Si vous avez d\u00e9cid\u00e9 d\u2019acheter une voiture d\u2019occasion, vous pouvez proc\u00e9der de plusieurs mani\u00e8res, certaines plus risqu\u00e9es que d\u2019autres le but \u00e9tant qu&#039;elle soit fiable. Lisez la suite pour d\u00e9couvrir les diff\u00e9rents avantages et inconv\u00e9nients d&#039;acheter chez un concessionnaire de voitures d&#039;occasion, un vendeur priv\u00e9, une salle de vente ... Lire plus\" \/>\n<meta property=\"og:url\" content=\"https:\/\/www.carideal.com\/blog\/ou-acheter-une-voiture-doccasion\/\" \/>\n<meta property=\"og:site_name\" content=\"Blog auto Carid\u00e9al\" \/>\n<meta property=\"article:publisher\" content=\"https:\/\/www.facebook.com\/Carideal.mandataire.automobile\" \/>\n<meta property=\"article:modified_time\" content=\"2024-01-20T19:59:22+00:00\" \/>\n<meta property=\"og:image\" content=\"https:\/\/www.carideal.com\/blog\/wp-content\/uploads\/2021\/04\/ou-acheter-voiture-occasion.jpg\" \/>\n\t<meta property=\"og:image:width\" content=\"600\" \/>\n\t<meta property=\"og:image:height\" content=\"267\" \/>\n\t<meta property=\"og:image:type\" content=\"image\/jpeg\" \/>\n<meta name=\"twitter:card\" content=\"summary_large_image\" \/>\n<meta name=\"twitter:site\" content=\"@caridealauto\" \/>\n<meta name=\"twitter:label1\" content=\"Dur\u00e9e de lecture estim\u00e9e\" \/>\n\t<meta name=\"twitter:data1\" content=\"6 minutes\" \/>\n<script type=\"application\/ld+json\" class=\"yoast-schema-graph\">{\"@context\":\"https:\/\/schema.org\",\"@graph\":[{\"@type\":\"WebPage\",\"@id\":\"https:\/\/www.carideal.com\/blog\/ou-acheter-une-voiture-doccasion\/\",\"url\":\"https:\/\/www.carideal.com\/blog\/ou-acheter-une-voiture-doccasion\/\",\"name\":\"O\u00f9 acheter une voiture d'occasion ? - Blog auto Carid\u00e9al\",\"isPartOf\":{\"@id\":\"https:\/\/www.carideal.com\/blog\/#website\"},\"primaryImageOfPage\":{\"@id\":\"https:\/\/www.carideal.com\/blog\/ou-acheter-une-voiture-doccasion\/#primaryimage\"},\"image\":{\"@id\":\"https:\/\/www.carideal.com\/blog\/ou-acheter-une-voiture-doccasion\/#primaryimage\"},\"thumbnailUrl\":\"https:\/\/www.carideal.com\/blog\/wp-content\/uploads\/2021\/04\/ou-acheter-voiture-occasion.jpg\",\"datePublished\":\"2021-04-21T06:41:59+00:00\",\"dateModified\":\"2024-01-20T19:59:22+00:00\",\"breadcrumb\":{\"@id\":\"https:\/\/www.carideal.com\/blog\/ou-acheter-une-voiture-doccasion\/#breadcrumb\"},\"inLanguage\":\"fr-FR\",\"potentialAction\":[{\"@type\":\"ReadAction\",\"target\":[\"https:\/\/www.carideal.com\/blog\/ou-acheter-une-voiture-doccasion\/\"]}]},{\"@type\":\"ImageObject\",\"inLanguage\":\"fr-FR\",\"@id\":\"https:\/\/www.carideal.com\/blog\/ou-acheter-une-voiture-doccasion\/#primaryimage\",\"url\":\"https:\/\/www.carideal.com\/blog\/wp-content\/uploads\/2021\/04\/ou-acheter-voiture-occasion.jpg\",\"contentUrl\":\"https:\/\/www.carideal.com\/blog\/wp-content\/uploads\/2021\/04\/ou-acheter-voiture-occasion.jpg\",\"width\":600,\"height\":267,\"caption\":\"O\u00f9 acheter une voiture d'occasion ?\"},{\"@type\":\"BreadcrumbList\",\"@id\":\"https:\/\/www.carideal.com\/blog\/ou-acheter-une-voiture-doccasion\/#breadcrumb\",\"itemListElement\":[{\"@type\":\"ListItem\",\"position\":1,\"name\":\"Blog Carid\u00e9al\",\"item\":\"https:\/\/www.carideal.com\/blog\/\"},{\"@type\":\"ListItem\",\"position\":2,\"name\":\"O\u00f9 acheter une voiture d&rsquo;occasion ?\"}]},{\"@type\":\"WebSite\",\"@id\":\"https:\/\/www.carideal.com\/blog\/#website\",\"url\":\"https:\/\/www.carideal.com\/blog\/\",\"name\":\"Blog auto Carid\u00e9al\",\"description\":\"Actualit\u00e9 auto par des passionn\u00e9s\",\"publisher\":{\"@id\":\"https:\/\/www.carideal.com\/blog\/#organization\"},\"potentialAction\":[{\"@type\":\"SearchAction\",\"target\":{\"@type\":\"EntryPoint\",\"urlTemplate\":\"https:\/\/www.carideal.com\/blog\/?s={search_term_string}\"},\"query-input\":{\"@type\":\"PropertyValueSpecification\",\"valueRequired\":true,\"valueName\":\"search_term_string\"}}],\"inLanguage\":\"fr-FR\"},{\"@type\":\"Organization\",\"@id\":\"https:\/\/www.carideal.com\/blog\/#organization\",\"name\":\"Carideal\",\"url\":\"https:\/\/www.carideal.com\/blog\/\",\"logo\":{\"@type\":\"ImageObject\",\"inLanguage\":\"fr-FR\",\"@id\":\"https:\/\/www.carideal.com\/blog\/#\/schema\/logo\/image\/\",\"url\":\"http:\/\/www.carideal.com\/blog\/wp-content\/uploads\/2016\/03\/logo-carideal-mandataire-automobile.png\",\"contentUrl\":\"http:\/\/www.carideal.com\/blog\/wp-content\/uploads\/2016\/03\/logo-carideal-mandataire-automobile.png\",\"width\":300,\"height\":300,\"caption\":\"Carideal\"},\"image\":{\"@id\":\"https:\/\/www.carideal.com\/blog\/#\/schema\/logo\/image\/\"},\"sameAs\":[\"https:\/\/www.facebook.com\/Carideal.mandataire.automobile\",\"https:\/\/x.com\/caridealauto\",\"https:\/\/www.instagram.com\/carideal1\/\",\"https:\/\/www.linkedin.com\/company\/carideal.com\",\"https:\/\/fr.pinterest.com\/schiavonsas\/\",\"https:\/\/www.youtube.com\/user\/caridealsas\"]}]}<\/script>\n<!-- \/ Yoast SEO plugin. -->","yoast_head_json":{"title":"O\u00f9 acheter une voiture d'occasion ? - Blog auto Carid\u00e9al","robots":{"index":"index","follow":"follow","max-snippet":"max-snippet:-1","max-image-preview":"max-image-preview:large","max-video-preview":"max-video-preview:-1"},"canonical":"https:\/\/www.carideal.com\/blog\/ou-acheter-une-voiture-doccasion\/","og_locale":"fr_FR","og_type":"article","og_title":"O\u00f9 acheter une voiture d'occasion ? - Blog auto Carid\u00e9al","og_description":"O\u00f9 acheter une voiture d'occasion ? Si vous avez d\u00e9cid\u00e9 d\u2019acheter une voiture d\u2019occasion, vous pouvez proc\u00e9der de plusieurs mani\u00e8res, certaines plus risqu\u00e9es que d\u2019autres le but \u00e9tant qu'elle soit fiable. Lisez la suite pour d\u00e9couvrir les diff\u00e9rents avantages et inconv\u00e9nients d'acheter chez un concessionnaire de voitures d'occasion, un vendeur priv\u00e9, une salle de vente ... Lire plus","og_url":"https:\/\/www.carideal.com\/blog\/ou-acheter-une-voiture-doccasion\/","og_site_name":"Blog auto Carid\u00e9al","article_publisher":"https:\/\/www.facebook.com\/Carideal.mandataire.automobile","article_modified_time":"2024-01-20T19:59:22+00:00","og_image":[{"width":600,"height":267,"url":"https:\/\/www.carideal.com\/blog\/wp-content\/uploads\/2021\/04\/ou-acheter-voiture-occasion.jpg","type":"image\/jpeg"}],"twitter_card":"summary_large_image","twitter_site":"@caridealauto","twitter_misc":{"Dur\u00e9e de lecture estim\u00e9e":"6 minutes"},"schema":{"@context":"https:\/\/schema.org","@graph":[{"@type":"WebPage","@id":"https:\/\/www.carideal.com\/blog\/ou-acheter-une-voiture-doccasion\/","url":"https:\/\/www.carideal.com\/blog\/ou-acheter-une-voiture-doccasion\/","name":"O\u00f9 acheter une voiture d'occasion ? - Blog auto Carid\u00e9al","isPartOf":{"@id":"https:\/\/www.carideal.com\/blog\/#website"},"primaryImageOfPage":{"@id":"https:\/\/www.carideal.com\/blog\/ou-acheter-une-voiture-doccasion\/#primaryimage"},"image":{"@id":"https:\/\/www.carideal.com\/blog\/ou-acheter-une-voiture-doccasion\/#primaryimage"},"thumbnailUrl":"https:\/\/www.carideal.com\/blog\/wp-content\/uploads\/2021\/04\/ou-acheter-voiture-occasion.jpg","datePublished":"2021-04-21T06:41:59+00:00","dateModified":"2024-01-20T19:59:22+00:00","breadcrumb":{"@id":"https:\/\/www.carideal.com\/blog\/ou-acheter-une-voiture-doccasion\/#breadcrumb"},"inLanguage":"fr-FR","potentialAction":[{"@type":"ReadAction","target":["https:\/\/www.carideal.com\/blog\/ou-acheter-une-voiture-doccasion\/"]}]},{"@type":"ImageObject","inLanguage":"fr-FR","@id":"https:\/\/www.carideal.com\/blog\/ou-acheter-une-voiture-doccasion\/#primaryimage","url":"https:\/\/www.carideal.com\/blog\/wp-content\/uploads\/2021\/04\/ou-acheter-voiture-occasion.jpg","contentUrl":"https:\/\/www.carideal.com\/blog\/wp-content\/uploads\/2021\/04\/ou-acheter-voiture-occasion.jpg","width":600,"height":267,"caption":"O\u00f9 acheter une voiture d'occasion ?"},{"@type":"BreadcrumbList","@id":"https:\/\/www.carideal.com\/blog\/ou-acheter-une-voiture-doccasion\/#breadcrumb","itemListElement":[{"@type":"ListItem","position":1,"name":"Blog Carid\u00e9al","item":"https:\/\/www.carideal.com\/blog\/"},{"@type":"ListItem","position":2,"name":"O\u00f9 acheter une voiture d&rsquo;occasion ?"}]},{"@type":"WebSite","@id":"https:\/\/www.carideal.com\/blog\/#website","url":"https:\/\/www.carideal.com\/blog\/","name":"Blog auto Carid\u00e9al","description":"Actualit\u00e9 auto par des passionn\u00e9s","publisher":{"@id":"https:\/\/www.carideal.com\/blog\/#organization"},"potentialAction":[{"@type":"SearchAction","target":{"@type":"EntryPoint","urlTemplate":"https:\/\/www.carideal.com\/blog\/?s={search_term_string}"},"query-input":{"@type":"PropertyValueSpecification","valueRequired":true,"valueName":"search_term_string"}}],"inLanguage":"fr-FR"},{"@type":"Organization","@id":"https:\/\/www.carideal.com\/blog\/#organization","name":"Carideal","url":"https:\/\/www.carideal.com\/blog\/","logo":{"@type":"ImageObject","inLanguage":"fr-FR","@id":"https:\/\/www.carideal.com\/blog\/#\/schema\/logo\/image\/","url":"http:\/\/www.carideal.com\/blog\/wp-content\/uploads\/2016\/03\/logo-carideal-mandataire-automobile.png","contentUrl":"http:\/\/www.carideal.com\/blog\/wp-content\/uploads\/2016\/03\/logo-carideal-mandataire-automobile.png","width":300,"height":300,"caption":"Carideal"},"image":{"@id":"https:\/\/www.carideal.com\/blog\/#\/schema\/logo\/image\/"},"sameAs":["https:\/\/www.facebook.com\/Carideal.mandataire.automobile","https:\/\/x.com\/caridealauto","https:\/\/www.instagram.com\/carideal1\/","https:\/\/www.linkedin.com\/company\/carideal.com","https:\/\/fr.pinterest.com\/schiavonsas\/","https:\/\/www.youtube.com\/user\/caridealsas"]}]}},"uagb_featured_image_src":{"full":["https:\/\/www.carideal.com\/blog\/wp-content\/uploads\/2021\/04\/ou-acheter-voiture-occasion.jpg",600,267,false],"thumbnail":["https:\/\/www.carideal.com\/blog\/wp-content\/uploads\/2021\/04\/ou-acheter-voiture-occasion-150x150.jpg",150,150,true],"medium":["https:\/\/www.carideal.com\/blog\/wp-content\/uploads\/2021\/04\/ou-acheter-voiture-occasion-300x134.jpg",300,134,true],"medium_large":["https:\/\/www.carideal.com\/blog\/wp-content\/uploads\/2021\/04\/ou-acheter-voiture-occasion.jpg",600,267,false],"large":["https:\/\/www.carideal.com\/blog\/wp-content\/uploads\/2021\/04\/ou-acheter-voiture-occasion.jpg",600,267,false],"1536x1536":["https:\/\/www.carideal.com\/blog\/wp-content\/uploads\/2021\/04\/ou-acheter-voiture-occasion.jpg",600,267,false],"2048x2048":["https:\/\/www.carideal.com\/blog\/wp-content\/uploads\/2021\/04\/ou-acheter-voiture-occasion.jpg",600,267,false],"wppr-widget":["https:\/\/www.carideal.com\/blog\/wp-content\/uploads\/2021\/04\/ou-acheter-voiture-occasion-50x22.jpg",50,22,true]},"uagb_author_info":{"display_name":"Nicolas SCHIAVON","author_link":"https:\/\/www.carideal.com\/blog\/author\/nschiavon\/"},"uagb_comment_info":0,"uagb_excerpt":"O\u00f9 acheter une voiture d'occasion ? Si vous avez d\u00e9cid\u00e9 d\u2019acheter une voiture d\u2019occasion, vous pouvez proc\u00e9der de plusieurs mani\u00e8res, certaines plus risqu\u00e9es que d\u2019autres le but \u00e9tant qu'elle soit fiable. Lisez la suite pour d\u00e9couvrir les diff\u00e9rents avantages et inconv\u00e9nients d'acheter chez un concessionnaire de voitures d'occasion, un vendeur priv\u00e9, une salle de vente\u2026","_links":{"self":[{"href":"https:\/\/www.carideal.com\/blog\/wp-json\/wp\/v2\/pages\/26251"}],"collection":[{"href":"https:\/\/www.carideal.com\/blog\/wp-json\/wp\/v2\/pages"}],"about":[{"href":"https:\/\/www.carideal.com\/blog\/wp-json\/wp\/v2\/types\/page"}],"author":[{"embeddable":true,"href":"https:\/\/www.carideal.com\/blog\/wp-json\/wp\/v2\/users\/3"}],"replies":[{"embeddable":true,"href":"https:\/\/www.carideal.com\/blog\/wp-json\/wp\/v2\/comments?post=26251"}],"version-history":[{"count":0,"href":"https:\/\/www.carideal.com\/blog\/wp-json\/wp\/v2\/pages\/26251\/revisions"}],"wp:featuredmedia":[{"embeddable":true,"href":"https:\/\/www.carideal.com\/blog\/wp-json\/wp\/v2\/media\/26255"}],"wp:attachment":[{"href":"https:\/\/www.carideal.com\/blog\/wp-json\/wp\/v2\/media?parent=26251"}],"curies":[{"name":"wp","href":"https:\/\/api.w.org\/{rel}","templated":true}]}}