{"id":26167,"date":"2021-01-08T17:39:23","date_gmt":"2021-01-08T16:39:23","guid":{"rendered":"http:\/\/www.carideal.com\/blog\/?page_id=26167"},"modified":"2021-01-14T14:08:21","modified_gmt":"2021-01-14T13:08:21","slug":"russe","status":"publish","type":"page","link":"https:\/\/www.carideal.com\/blog\/marque-de-voiture-actualites-essais\/russe\/","title":{"rendered":"Marques de voiture russe &#8211; Les constructeurs"},"content":{"rendered":"\n<h2 class=\"wp-block-heading\">Marques de voiture russe et les constructeurs<\/h2>\n\n\n\n<p>La production automobile est une industrie importante en Russie, et les <strong>marques de voiture russe<\/strong> emploient directement environ 600 000 personnes, soit 1 % de la main-d'\u0153uvre totale du pays. Les principales <a href=\"http:\/\/www.carideal.com\/blog\/marque-de-voiture-actualites-essais\/\">marques automobiles<\/a> locales sont les producteurs de v\u00e9hicules l\u00e9gers AvtoVAZ et GAZ, tandis que KamAZ est le premier producteur de v\u00e9hicules lourds.<\/p>\n\n\n\n<figure class=\"wp-block-image size-large\"><a href=\"http:\/\/www.carideal.com\/blog\/wp-content\/uploads\/2021\/01\/Marque-de-voiture-russe.jpg\"><img loading=\"lazy\" decoding=\"async\" width=\"600\" height=\"392\" src=\"http:\/\/www.carideal.com\/blog\/wp-content\/uploads\/2021\/01\/Marque-de-voiture-russe.jpg\" alt=\"Marques de voiture russe\" class=\"wp-image-26169\" srcset=\"https:\/\/www.carideal.com\/blog\/wp-content\/uploads\/2021\/01\/Marque-de-voiture-russe.jpg 600w, https:\/\/www.carideal.com\/blog\/wp-content\/uploads\/2021\/01\/Marque-de-voiture-russe-300x196.jpg 300w, https:\/\/www.carideal.com\/blog\/wp-content\/uploads\/2021\/01\/Marque-de-voiture-russe-50x33.jpg 50w, https:\/\/www.carideal.com\/blog\/wp-content\/uploads\/2021\/01\/Marque-de-voiture-russe-110x72.jpg 110w, https:\/\/www.carideal.com\/blog\/wp-content\/uploads\/2021\/01\/Marque-de-voiture-russe-420x274.jpg 420w\" sizes=\"(max-width: 600px) 100vw, 600px\" \/><\/a><figcaption>Marques de voiture russe<\/figcaption><\/figure>\n\n\n\n<p>AvtoVAZ est un constructeur automobile russe. Il est surtout connu pour sa s\u00e9rie phare de v\u00e9hicules Lada.<\/p>\n\n\n\n<p>Les marques de voiture russe ont bien \u00e9volu\u00e9es depuis les ann\u00e9es 60 et le ressemblent plus \u00e0 des copies de voiture am\u00e9ricaine.<\/p>\n\n\n\n<p>En Union sovi\u00e9tique, ses produits portaient diff\u00e9rents noms, dont Zhiguli, Oka et Spoutnik, qui ont \u00e9t\u00e9 progressivement \u00e9limin\u00e9s dans les ann\u00e9es 1990 et remplac\u00e9s par Lada pour le march\u00e9 russe.<\/p>\n\n\n\n<p>L'usine AvtoVAZ est le plus grand constructeur automobile de Russie et d'Europe de l'Est.<\/p>\n\n\n\n<p>Jetons un coup d'\u0153il ! Quelles sont les marques de voitures qui figurent sur la liste.<\/p>\n\n\n\n<h2 class=\"wp-block-heading\">Liste des marques de voitures russes<\/h2>\n\n\n\n<h3 class=\"wp-block-heading\">1. Lada<\/h3>\n\n\n\n<p>Voitures compactes<\/p>\n\n\n\n<h3 class=\"wp-block-heading\">2. GAZ<\/h3>\n\n\n\n<p>Automobiles<\/p>\n\n\n\n<h3 class=\"wp-block-heading\">3. Kamaz<\/h3>\n\n\n\n<p>Camions<\/p>\n\n\n\n<h3 class=\"wp-block-heading\">Pages similaires<\/h3>\n\n\n\n\n\n<h3 class=\"wp-block-heading\">4. UAZ<\/h3>\n\n\n\n<p>V\u00e9hicules commerciaux<\/p>\n\n\n\n<h3 class=\"wp-block-heading\">Quelques voitures russes r\u00e9centes <\/h3>\n\n\n\n<ul class=\"wp-block-list\"><li>La ZIM-12 Akoula (Requin) \u2026<\/li><li>La Volk (Loup) \u2026<\/li><li>La GAZ-21. \u2026<\/li><li>La LADA Evolution. \u2026<\/li><li>La LADA Raven (\u0421orbeau) \u2026<\/li><li>La nouvelle Volga by Stanislav Cheshuin. \u2026<\/li><li>La GAZ-20M Pobeda. \u2026<\/li><li>La <a href=\"https:\/\/www.leblogauto.com\/2010\/02\/gaz-volga-5000-gl-virtuelle.html\">Volga 5000 GL<\/a>.<\/li><\/ul>\n\n\n\n<h3 class=\"wp-block-heading\">Les autres marques de voitures<\/h3>\n\n\n\n<div class=\"wp-block-columns is-layout-flex wp-container-core-columns-is-layout-1 wp-block-columns-is-layout-flex\">\n<div class=\"wp-block-column is-layout-flow wp-block-column-is-layout-flow\">\n<ul class=\"wp-block-list\"><li>Marques de voiture am\u00e9ricaines<\/li><li><a href=\"http:\/\/www.carideal.com\/blog\/marque-de-voiture-actualites-essais\/japonaise\/\">Marques de voitures japonaises<\/a><\/li><li><a href=\"http:\/\/www.carideal.com\/blog\/marque-de-voiture-actualites-essais\/allemande\/\">Marques de voitures allemandes<\/a><\/li><li><a href=\"http:\/\/www.carideal.com\/blog\/marque-de-voiture-actualites-essais\/italiennes\/\">Marques de voitures italiennes<\/a><\/li><li><a href=\"http:\/\/www.carideal.com\/blog\/marque-de-voiture-actualites-essais\/marques-de-voitures-britanniques\/\">Marques de voitures britanniques<\/a><\/li><li>Marques automobiles fran\u00e7aises<\/li><li><a href=\"http:\/\/www.carideal.com\/blog\/marque-de-voiture-actualites-essais\/indiennes\/\">Marques de voitures indiennes<\/a><\/li><li>Marques de voitures n\u00e9erlandaises<\/li><li>Marques de voitures tch\u00e8ques<\/li><li>Marques de voitures br\u00e9siliennes<\/li><\/ul>\n<\/div>\n\n\n\n<div class=\"wp-block-column is-layout-flow wp-block-column-is-layout-flow\">\n<ul class=\"wp-block-list\"><li><a href=\"http:\/\/www.carideal.com\/blog\/marque-de-voiture-actualites-essais\/malaisie\/\">Marques de voiture malaisienne<\/a><\/li><li>Les marques de voitures des \u00c9mirats Arabes Unis<\/li><li>Marques de voitures de Taiwan<\/li><li>Marques de voitures mexicaines<\/li><li>Marques de voitures iraniennes<\/li><li>Marques de voitures cor\u00e9ennes<\/li><li><a href=\"http:\/\/www.carideal.com\/blog\/2007\/11\/27\/l-industrie-automobile-chinoise\/\">Marques de voiture chinoise<\/a><\/li><li>Marques de voiture africaine<\/li><li>Marques de voiture belge<\/li><li><a href=\"http:\/\/www.carideal.com\/blog\/marque-de-voiture-actualites-essais\/russe\/\">Marques de voiture russe<\/a><\/li><li>Marques de voiture suisse<\/li><\/ul>\n<\/div>\n<\/div>\n","protected":false},"excerpt":{"rendered":"<p>Marques de voiture russe et les constructeurs La production automobile est une industrie importante en Russie, et les marques de voiture russe emploient directement environ 600 000 personnes, soit 1 % de la main-d&rsquo;\u0153uvre totale du pays. Les principales marques automobiles locales sont les producteurs de v\u00e9hicules l\u00e9gers AvtoVAZ et GAZ, tandis que KamAZ est &#8230; <a title=\"Marques de voiture russe &#8211; Les constructeurs\" class=\"read-more\" href=\"https:\/\/www.carideal.com\/blog\/marque-de-voiture-actualites-essais\/russe\/\" aria-label=\"En savoir plus sur Marques de voiture russe &#8211; Les constructeurs\">Lire plus<\/a><\/p>\n","protected":false},"author":3,"featured_media":26169,"parent":13389,"menu_order":0,"comment_status":"closed","ping_status":"closed","template":"","meta":{"_uag_custom_page_level_css":"","_themeisle_gutenberg_block_has_review":false,"footnotes":""},"class_list":["post-26167","page","type-page","status-publish","has-post-thumbnail"],"wppr_data":{"cwp_meta_box_check":"No"},"yoast_head":"<!-- This site is optimized with the Yoast SEO plugin v24.8.1 - https:\/\/yoast.com\/wordpress\/plugins\/seo\/ -->\n<title>Marques de voiture russe - Les constructeurs - Blog auto Carid\u00e9al<\/title>\n<meta name=\"description\" content=\"La production automobile est une industrie importante en Russie, et les marques de voiture russe emploient directement environ 600 000 personnes,\" \/>\n<meta name=\"robots\" content=\"index, follow, max-snippet:-1, max-image-preview:large, max-video-preview:-1\" \/>\n<link rel=\"canonical\" href=\"https:\/\/www.carideal.com\/blog\/marque-de-voiture-actualites-essais\/russe\/\" \/>\n<meta property=\"og:locale\" content=\"fr_FR\" \/>\n<meta property=\"og:type\" content=\"article\" \/>\n<meta property=\"og:title\" content=\"Marques de voiture russe - Les constructeurs - Blog auto Carid\u00e9al\" \/>\n<meta property=\"og:description\" content=\"La production automobile est une industrie importante en Russie, et les marques de voiture russe emploient directement environ 600 000 personnes,\" \/>\n<meta property=\"og:url\" content=\"https:\/\/www.carideal.com\/blog\/marque-de-voiture-actualites-essais\/russe\/\" \/>\n<meta property=\"og:site_name\" content=\"Blog auto Carid\u00e9al\" \/>\n<meta property=\"article:publisher\" content=\"https:\/\/www.facebook.com\/Carideal.mandataire.automobile\" \/>\n<meta property=\"article:modified_time\" content=\"2021-01-14T13:08:21+00:00\" \/>\n<meta property=\"og:image\" content=\"https:\/\/www.carideal.com\/blog\/wp-content\/uploads\/2021\/01\/Marque-de-voiture-russe.jpg\" \/>\n\t<meta property=\"og:image:width\" content=\"600\" \/>\n\t<meta property=\"og:image:height\" content=\"392\" \/>\n\t<meta property=\"og:image:type\" content=\"image\/jpeg\" \/>\n<meta name=\"twitter:card\" content=\"summary_large_image\" \/>\n<meta name=\"twitter:site\" content=\"@caridealauto\" \/>\n<meta name=\"twitter:label1\" content=\"Dur\u00e9e de lecture estim\u00e9e\" \/>\n\t<meta name=\"twitter:data1\" content=\"2 minutes\" \/>\n<script type=\"application\/ld+json\" class=\"yoast-schema-graph\">{\"@context\":\"https:\/\/schema.org\",\"@graph\":[{\"@type\":\"WebPage\",\"@id\":\"https:\/\/www.carideal.com\/blog\/marque-de-voiture-actualites-essais\/russe\/\",\"url\":\"https:\/\/www.carideal.com\/blog\/marque-de-voiture-actualites-essais\/russe\/\",\"name\":\"Marques de voiture russe - Les constructeurs - Blog auto Carid\u00e9al\",\"isPartOf\":{\"@id\":\"https:\/\/www.carideal.com\/blog\/#website\"},\"primaryImageOfPage\":{\"@id\":\"https:\/\/www.carideal.com\/blog\/marque-de-voiture-actualites-essais\/russe\/#primaryimage\"},\"image\":{\"@id\":\"https:\/\/www.carideal.com\/blog\/marque-de-voiture-actualites-essais\/russe\/#primaryimage\"},\"thumbnailUrl\":\"https:\/\/www.carideal.com\/blog\/wp-content\/uploads\/2021\/01\/Marque-de-voiture-russe.jpg\",\"datePublished\":\"2021-01-08T16:39:23+00:00\",\"dateModified\":\"2021-01-14T13:08:21+00:00\",\"description\":\"La production automobile est une industrie importante en Russie, et les marques de voiture russe emploient directement environ 600 000 personnes,\",\"breadcrumb\":{\"@id\":\"https:\/\/www.carideal.com\/blog\/marque-de-voiture-actualites-essais\/russe\/#breadcrumb\"},\"inLanguage\":\"fr-FR\",\"potentialAction\":[{\"@type\":\"ReadAction\",\"target\":[\"https:\/\/www.carideal.com\/blog\/marque-de-voiture-actualites-essais\/russe\/\"]}]},{\"@type\":\"ImageObject\",\"inLanguage\":\"fr-FR\",\"@id\":\"https:\/\/www.carideal.com\/blog\/marque-de-voiture-actualites-essais\/russe\/#primaryimage\",\"url\":\"https:\/\/www.carideal.com\/blog\/wp-content\/uploads\/2021\/01\/Marque-de-voiture-russe.jpg\",\"contentUrl\":\"https:\/\/www.carideal.com\/blog\/wp-content\/uploads\/2021\/01\/Marque-de-voiture-russe.jpg\",\"width\":600,\"height\":392,\"caption\":\"Marques de voiture russe\"},{\"@type\":\"BreadcrumbList\",\"@id\":\"https:\/\/www.carideal.com\/blog\/marque-de-voiture-actualites-essais\/russe\/#breadcrumb\",\"itemListElement\":[{\"@type\":\"ListItem\",\"position\":1,\"name\":\"Blog Carid\u00e9al\",\"item\":\"https:\/\/www.carideal.com\/blog\/\"},{\"@type\":\"ListItem\",\"position\":2,\"name\":\"Marque de voiture\",\"item\":\"https:\/\/www.carideal.com\/blog\/marque-de-voiture-actualites-essais\/\"},{\"@type\":\"ListItem\",\"position\":3,\"name\":\"Marques de voiture russe &#8211; Les constructeurs\"}]},{\"@type\":\"WebSite\",\"@id\":\"https:\/\/www.carideal.com\/blog\/#website\",\"url\":\"https:\/\/www.carideal.com\/blog\/\",\"name\":\"Blog auto Carid\u00e9al\",\"description\":\"Actualit\u00e9 auto par des passionn\u00e9s\",\"publisher\":{\"@id\":\"https:\/\/www.carideal.com\/blog\/#organization\"},\"potentialAction\":[{\"@type\":\"SearchAction\",\"target\":{\"@type\":\"EntryPoint\",\"urlTemplate\":\"https:\/\/www.carideal.com\/blog\/?s={search_term_string}\"},\"query-input\":{\"@type\":\"PropertyValueSpecification\",\"valueRequired\":true,\"valueName\":\"search_term_string\"}}],\"inLanguage\":\"fr-FR\"},{\"@type\":\"Organization\",\"@id\":\"https:\/\/www.carideal.com\/blog\/#organization\",\"name\":\"Carideal\",\"url\":\"https:\/\/www.carideal.com\/blog\/\",\"logo\":{\"@type\":\"ImageObject\",\"inLanguage\":\"fr-FR\",\"@id\":\"https:\/\/www.carideal.com\/blog\/#\/schema\/logo\/image\/\",\"url\":\"http:\/\/www.carideal.com\/blog\/wp-content\/uploads\/2016\/03\/logo-carideal-mandataire-automobile.png\",\"contentUrl\":\"http:\/\/www.carideal.com\/blog\/wp-content\/uploads\/2016\/03\/logo-carideal-mandataire-automobile.png\",\"width\":300,\"height\":300,\"caption\":\"Carideal\"},\"image\":{\"@id\":\"https:\/\/www.carideal.com\/blog\/#\/schema\/logo\/image\/\"},\"sameAs\":[\"https:\/\/www.facebook.com\/Carideal.mandataire.automobile\",\"https:\/\/x.com\/caridealauto\",\"https:\/\/www.instagram.com\/carideal1\/\",\"https:\/\/www.linkedin.com\/company\/carideal.com\",\"https:\/\/fr.pinterest.com\/schiavonsas\/\",\"https:\/\/www.youtube.com\/user\/caridealsas\"]}]}<\/script>\n<!-- \/ Yoast SEO plugin. -->","yoast_head_json":{"title":"Marques de voiture russe - Les constructeurs - Blog auto Carid\u00e9al","description":"La production automobile est une industrie importante en Russie, et les marques de voiture russe emploient directement environ 600 000 personnes,","robots":{"index":"index","follow":"follow","max-snippet":"max-snippet:-1","max-image-preview":"max-image-preview:large","max-video-preview":"max-video-preview:-1"},"canonical":"https:\/\/www.carideal.com\/blog\/marque-de-voiture-actualites-essais\/russe\/","og_locale":"fr_FR","og_type":"article","og_title":"Marques de voiture russe - Les constructeurs - Blog auto Carid\u00e9al","og_description":"La production automobile est une industrie importante en Russie, et les marques de voiture russe emploient directement environ 600 000 personnes,","og_url":"https:\/\/www.carideal.com\/blog\/marque-de-voiture-actualites-essais\/russe\/","og_site_name":"Blog auto Carid\u00e9al","article_publisher":"https:\/\/www.facebook.com\/Carideal.mandataire.automobile","article_modified_time":"2021-01-14T13:08:21+00:00","og_image":[{"width":600,"height":392,"url":"https:\/\/www.carideal.com\/blog\/wp-content\/uploads\/2021\/01\/Marque-de-voiture-russe.jpg","type":"image\/jpeg"}],"twitter_card":"summary_large_image","twitter_site":"@caridealauto","twitter_misc":{"Dur\u00e9e de lecture estim\u00e9e":"2 minutes"},"schema":{"@context":"https:\/\/schema.org","@graph":[{"@type":"WebPage","@id":"https:\/\/www.carideal.com\/blog\/marque-de-voiture-actualites-essais\/russe\/","url":"https:\/\/www.carideal.com\/blog\/marque-de-voiture-actualites-essais\/russe\/","name":"Marques de voiture russe - Les constructeurs - Blog auto Carid\u00e9al","isPartOf":{"@id":"https:\/\/www.carideal.com\/blog\/#website"},"primaryImageOfPage":{"@id":"https:\/\/www.carideal.com\/blog\/marque-de-voiture-actualites-essais\/russe\/#primaryimage"},"image":{"@id":"https:\/\/www.carideal.com\/blog\/marque-de-voiture-actualites-essais\/russe\/#primaryimage"},"thumbnailUrl":"https:\/\/www.carideal.com\/blog\/wp-content\/uploads\/2021\/01\/Marque-de-voiture-russe.jpg","datePublished":"2021-01-08T16:39:23+00:00","dateModified":"2021-01-14T13:08:21+00:00","description":"La production automobile est une industrie importante en Russie, et les marques de voiture russe emploient directement environ 600 000 personnes,","breadcrumb":{"@id":"https:\/\/www.carideal.com\/blog\/marque-de-voiture-actualites-essais\/russe\/#breadcrumb"},"inLanguage":"fr-FR","potentialAction":[{"@type":"ReadAction","target":["https:\/\/www.carideal.com\/blog\/marque-de-voiture-actualites-essais\/russe\/"]}]},{"@type":"ImageObject","inLanguage":"fr-FR","@id":"https:\/\/www.carideal.com\/blog\/marque-de-voiture-actualites-essais\/russe\/#primaryimage","url":"https:\/\/www.carideal.com\/blog\/wp-content\/uploads\/2021\/01\/Marque-de-voiture-russe.jpg","contentUrl":"https:\/\/www.carideal.com\/blog\/wp-content\/uploads\/2021\/01\/Marque-de-voiture-russe.jpg","width":600,"height":392,"caption":"Marques de voiture russe"},{"@type":"BreadcrumbList","@id":"https:\/\/www.carideal.com\/blog\/marque-de-voiture-actualites-essais\/russe\/#breadcrumb","itemListElement":[{"@type":"ListItem","position":1,"name":"Blog Carid\u00e9al","item":"https:\/\/www.carideal.com\/blog\/"},{"@type":"ListItem","position":2,"name":"Marque de voiture","item":"https:\/\/www.carideal.com\/blog\/marque-de-voiture-actualites-essais\/"},{"@type":"ListItem","position":3,"name":"Marques de voiture russe &#8211; Les constructeurs"}]},{"@type":"WebSite","@id":"https:\/\/www.carideal.com\/blog\/#website","url":"https:\/\/www.carideal.com\/blog\/","name":"Blog auto Carid\u00e9al","description":"Actualit\u00e9 auto par des passionn\u00e9s","publisher":{"@id":"https:\/\/www.carideal.com\/blog\/#organization"},"potentialAction":[{"@type":"SearchAction","target":{"@type":"EntryPoint","urlTemplate":"https:\/\/www.carideal.com\/blog\/?s={search_term_string}"},"query-input":{"@type":"PropertyValueSpecification","valueRequired":true,"valueName":"search_term_string"}}],"inLanguage":"fr-FR"},{"@type":"Organization","@id":"https:\/\/www.carideal.com\/blog\/#organization","name":"Carideal","url":"https:\/\/www.carideal.com\/blog\/","logo":{"@type":"ImageObject","inLanguage":"fr-FR","@id":"https:\/\/www.carideal.com\/blog\/#\/schema\/logo\/image\/","url":"http:\/\/www.carideal.com\/blog\/wp-content\/uploads\/2016\/03\/logo-carideal-mandataire-automobile.png","contentUrl":"http:\/\/www.carideal.com\/blog\/wp-content\/uploads\/2016\/03\/logo-carideal-mandataire-automobile.png","width":300,"height":300,"caption":"Carideal"},"image":{"@id":"https:\/\/www.carideal.com\/blog\/#\/schema\/logo\/image\/"},"sameAs":["https:\/\/www.facebook.com\/Carideal.mandataire.automobile","https:\/\/x.com\/caridealauto","https:\/\/www.instagram.com\/carideal1\/","https:\/\/www.linkedin.com\/company\/carideal.com","https:\/\/fr.pinterest.com\/schiavonsas\/","https:\/\/www.youtube.com\/user\/caridealsas"]}]}},"uagb_featured_image_src":{"full":["https:\/\/www.carideal.com\/blog\/wp-content\/uploads\/2021\/01\/Marque-de-voiture-russe.jpg",600,392,false],"thumbnail":["https:\/\/www.carideal.com\/blog\/wp-content\/uploads\/2021\/01\/Marque-de-voiture-russe-150x150.jpg",150,150,true],"medium":["https:\/\/www.carideal.com\/blog\/wp-content\/uploads\/2021\/01\/Marque-de-voiture-russe-300x196.jpg",300,196,true],"medium_large":["https:\/\/www.carideal.com\/blog\/wp-content\/uploads\/2021\/01\/Marque-de-voiture-russe.jpg",600,392,false],"large":["https:\/\/www.carideal.com\/blog\/wp-content\/uploads\/2021\/01\/Marque-de-voiture-russe.jpg",600,392,false],"1536x1536":["https:\/\/www.carideal.com\/blog\/wp-content\/uploads\/2021\/01\/Marque-de-voiture-russe.jpg",600,392,false],"2048x2048":["https:\/\/www.carideal.com\/blog\/wp-content\/uploads\/2021\/01\/Marque-de-voiture-russe.jpg",600,392,false],"wppr-widget":["https:\/\/www.carideal.com\/blog\/wp-content\/uploads\/2021\/01\/Marque-de-voiture-russe-50x33.jpg",50,33,true]},"uagb_author_info":{"display_name":"Nicolas SCHIAVON","author_link":"https:\/\/www.carideal.com\/blog\/author\/nschiavon\/"},"uagb_comment_info":0,"uagb_excerpt":"Marques de voiture russe et les constructeurs La production automobile est une industrie importante en Russie, et les marques de voiture russe emploient directement environ 600 000 personnes, soit 1 % de la main-d'\u0153uvre totale du pays. Les principales marques automobiles locales sont les producteurs de v\u00e9hicules l\u00e9gers AvtoVAZ et GAZ, tandis que KamAZ est\u2026","_links":{"self":[{"href":"https:\/\/www.carideal.com\/blog\/wp-json\/wp\/v2\/pages\/26167"}],"collection":[{"href":"https:\/\/www.carideal.com\/blog\/wp-json\/wp\/v2\/pages"}],"about":[{"href":"https:\/\/www.carideal.com\/blog\/wp-json\/wp\/v2\/types\/page"}],"author":[{"embeddable":true,"href":"https:\/\/www.carideal.com\/blog\/wp-json\/wp\/v2\/users\/3"}],"replies":[{"embeddable":true,"href":"https:\/\/www.carideal.com\/blog\/wp-json\/wp\/v2\/comments?post=26167"}],"version-history":[{"count":0,"href":"https:\/\/www.carideal.com\/blog\/wp-json\/wp\/v2\/pages\/26167\/revisions"}],"up":[{"embeddable":true,"href":"https:\/\/www.carideal.com\/blog\/wp-json\/wp\/v2\/pages\/13389"}],"wp:featuredmedia":[{"embeddable":true,"href":"https:\/\/www.carideal.com\/blog\/wp-json\/wp\/v2\/media\/26169"}],"wp:attachment":[{"href":"https:\/\/www.carideal.com\/blog\/wp-json\/wp\/v2\/media?parent=26167"}],"curies":[{"name":"wp","href":"https:\/\/api.w.org\/{rel}","templated":true}]}}