{"id":26160,"date":"2021-01-06T10:08:56","date_gmt":"2021-01-06T09:08:56","guid":{"rendered":"http:\/\/www.carideal.com\/blog\/?page_id=26160"},"modified":"2021-01-08T18:36:12","modified_gmt":"2021-01-08T17:36:12","slug":"marques-de-supercar","status":"publish","type":"page","link":"https:\/\/www.carideal.com\/blog\/marques-de-supercar\/","title":{"rendered":"Marques de Supercar"},"content":{"rendered":"\n<h2 class=\"wp-block-heading\">Les meilleures marques de supercars au monde<\/h2>\n\n\n\n<p>En ce qui concerne les <strong>marques de supercars<\/strong>, il n'existe pas de d\u00e9finition fixe de ce qui constitue une hypercar. Une tentative de <strong>d\u00e9finition<\/strong> est \"une supercar haut de gamme, de production limit\u00e9e, dont le prix est d'environ ou de plus d'un million d'euros\".<\/p>\n\n\n\n<figure class=\"wp-block-image size-large\"><a href=\"http:\/\/www.carideal.com\/blog\/wp-content\/uploads\/2021\/01\/marques-de-supercar-hypercar.jpg\"><img loading=\"lazy\" decoding=\"async\" width=\"600\" height=\"256\" src=\"http:\/\/www.carideal.com\/blog\/wp-content\/uploads\/2021\/01\/marques-de-supercar-hypercar.jpg\" alt=\"Les meilleures marques de supercars au monde\" class=\"wp-image-26161\" srcset=\"https:\/\/www.carideal.com\/blog\/wp-content\/uploads\/2021\/01\/marques-de-supercar-hypercar.jpg 600w, https:\/\/www.carideal.com\/blog\/wp-content\/uploads\/2021\/01\/marques-de-supercar-hypercar-300x128.jpg 300w, https:\/\/www.carideal.com\/blog\/wp-content\/uploads\/2021\/01\/marques-de-supercar-hypercar-50x21.jpg 50w, https:\/\/www.carideal.com\/blog\/wp-content\/uploads\/2021\/01\/marques-de-supercar-hypercar-110x47.jpg 110w, https:\/\/www.carideal.com\/blog\/wp-content\/uploads\/2021\/01\/marques-de-supercar-hypercar-420x179.jpg 420w\" sizes=\"(max-width: 600px) 100vw, 600px\" \/><\/a><figcaption>Les meilleures marques de supercars au monde<\/figcaption><\/figure>\n\n\n\n<p>Ces <a href=\"http:\/\/www.carideal.com\/blog\/marque-de-voiture-actualites-essais\/\">marques de voitures<\/a> sont rares, exclusives et tr\u00e8s ch\u00e8res. \u00c0 titre indicatif, nous avons \u00e9tabli une liste des meilleures marques de supercars au monde. Voyons voir quelles marques de supercars ont \u00e9t\u00e9 retenues dans la liste. Nous noterons dans ce classement, le pays d'origine et la vitesse maxi de chaque hypercar.<\/p>\n\n\n\n<ul class=\"wp-block-list\"><li><a href=\"http:\/\/www.carideal.com\/blog\/marques-de-voiture-de-sport\/\">Les marques de voitures de sport<\/a><\/li><li><a href=\"http:\/\/www.carideal.com\/blog\/marques-de-supercar\/\">Les marques de Supercars<\/a><\/li><\/ul>\n\n\n\n<h2 class=\"wp-block-heading\">Classement des marques de supercars (Top 20)<\/h2>\n\n\n\n<h3 class=\"wp-block-heading\">1. Logo de Devel Sixteen<\/h3>\n\n\n\n<p>Duba\u00ef, \u00c9mirats arabes unis<br>2018 Devel Sixteen (500 km\/h)<\/p>\n\n\n\n<h3 class=\"wp-block-heading\">2. Koenigsegg<\/h3>\n\n\n\n<p>Su\u00e8de<br>Koenigsegg Agera RS (458 km\/h)<\/p>\n\n\n\n<h3 class=\"wp-block-heading\">3. Hennessey Performance Engineering<\/h3>\n\n\n\n<p>\u00c9tats-Unis<br><a href=\"http:\/\/www.carideal.com\/blog\/2010\/12\/21\/la-venom-gt-de-hennessey-passe-au-banc-de-puissance\/\">Hennessey Venom GT<\/a> (435 km\/h)<\/p>\n\n\n\n<h3 class=\"wp-block-heading\">4. Bugatti<\/h3>\n\n\n\n<p>France<br>Veyron 16.4 Super Sport (431 km\/h)<\/p>\n\n\n\n<h3 class=\"wp-block-heading\">5. 9ff<\/h3>\n\n\n\n<p>Allemagne<br><a href=\"http:\/\/www.carideal.com\/blog\/2008\/12\/24\/porsche-911-9ff-draxster-1300-chevaux\/\">9ff GT9-R<\/a> (420 km\/h)<\/p>\n\n\n\n<h3 class=\"wp-block-heading\">6. SSC North Am\u00e9rica<\/h3>\n\n\n\n<p>\u00c9tats-Unis<br>SSC Ultimate Aero TT (414 km\/h)<\/p>\n\n\n\n<h3 class=\"wp-block-heading\">7. W Motors<\/h3>\n\n\n\n<p>Duba\u00ef, \u00c9mirats arabes unis<br>W Motors Fenyr SuperSport (400 km\/h)<\/p>\n\n\n\n<h3 class=\"wp-block-heading\">8. Saleen<\/h3>\n\n\n\n<p>\u00c9tats-Unis<br>Saleen S7 Twin Turbo Competition (399 km\/h)<\/p>\n\n\n\n<h3 class=\"wp-block-heading\">9. McLaren<\/h3>\n\n\n\n<p>Royaume-Uni<br>McLaren F1 GT (391 km\/h)<\/p>\n\n\n\n<h3 class=\"wp-block-heading\">10. Pagani<\/h3>\n\n\n\n<p>Italie<br>Pagani Huayra Pearl (380 km\/h)<\/p>\n\n\n\n<h3 class=\"wp-block-heading\">11. Ruf<\/h3>\n\n\n\n<p>Allemagne<br>Ruf CTR3 Clubsport (380 km\/h)<\/p>\n\n\n\n<h3 class=\"wp-block-heading\">12. Zenvo<\/h3>\n\n\n\n<p>Danemark<br>Zenvo ST1 (375 km\/h)<\/p>\n\n\n\n<h3 class=\"wp-block-heading\">13. Noble<\/h3>\n\n\n\n<p>Royaume-Uni<br>Noble M600 (362 km\/h)<\/p>\n\n\n\n<h3 class=\"wp-block-heading\">14. Aston Martin<\/h3>\n\n\n\n<p>Royaume-Uni<br><a href=\"http:\/\/www.carideal.com\/blog\/2015\/04\/07\/aston-martin-vulcan\/\">Aston Martin Vulcan<\/a> (360,5 km\/h)<\/p>\n\n\n\n<h3 class=\"wp-block-heading\">15. Gumpert<\/h3>\n\n\n\n<p>Allemagne<br>Gumpert Apollo (360,4 km\/h)<\/p>\n\n\n\n<h3 class=\"wp-block-heading\">16. Lamborghini<\/h3>\n\n\n\n<p><a href=\"http:\/\/www.carideal.com\/blog\/marque-de-voiture-actualites-essais\/italiennes\/\">Italie<\/a><br><a href=\"http:\/\/www.carideal.com\/blog\/marque-de-voiture-actualites-essais\/lamborghini\/\">Lamborghini<\/a><br>Lamborghini Veneno (356 km\/h)<\/p>\n\n\n\n<h3 class=\"wp-block-heading\">17. Arrinera<\/h3>\n\n\n\n<p>Pologne<br>Arrinera<br>Arrinera Hussarya 33 (350 km\/h)<\/p>\n\n\n\n<h3 class=\"wp-block-heading\">18. Ferrari<\/h3>\n\n\n\n<p><a href=\"http:\/\/www.carideal.com\/blog\/marque-de-voiture-actualites-essais\/italiennes\/\">Italie<\/a><br><a href=\"http:\/\/www.carideal.com\/blog\/marque-de-voiture-actualites-essais\/ferrari\/\">Ferrari<\/a><br><a href=\"http:\/\/www.carideal.com\/blog\/2013\/08\/01\/ferrari-laferrari\/\">Ferrari LaFerrari<\/a> (349 km\/h)<\/p>\n\n\n\n<h3 class=\"wp-block-heading\">19. Spyker<\/h3>\n\n\n\n<p>Pays-Bas<br>Spyker<br>Spyker C8 Double 12 S (345 km\/h)<\/p>\n\n\n\n<h4 class=\"wp-block-heading\">Pages similaires<\/h4>\n\n\n\n\n\n<h3 class=\"wp-block-heading\">20. Porsche<\/h3>\n\n\n\n<p><a href=\"http:\/\/www.carideal.com\/blog\/marque-de-voiture-actualites-essais\/allemande\/\">Allemagne<\/a><br><a href=\"http:\/\/www.carideal.com\/blog\/marque-de-voiture-actualites-essais\/porsche\/\">Porsche<\/a><br><a href=\"http:\/\/www.carideal.com\/blog\/2011\/02\/14\/porsche-918-rsr-hybride\/\">Porsche 918 Spyder<\/a> (345 km\/h)<\/p>\n","protected":false},"excerpt":{"rendered":"<p>Les meilleures marques de supercars au monde En ce qui concerne les marques de supercars, il n&rsquo;existe pas de d\u00e9finition fixe de ce qui constitue une hypercar. Une tentative de d\u00e9finition est \u00ab\u00a0une supercar haut de gamme, de production limit\u00e9e, dont le prix est d&rsquo;environ ou de plus d&rsquo;un million d&rsquo;euros\u00a0\u00bb. Ces marques de voitures &#8230; <a title=\"Marques de Supercar\" class=\"read-more\" href=\"https:\/\/www.carideal.com\/blog\/marques-de-supercar\/\" aria-label=\"En savoir plus sur Marques de Supercar\">Lire plus<\/a><\/p>\n","protected":false},"author":3,"featured_media":26161,"parent":0,"menu_order":0,"comment_status":"closed","ping_status":"closed","template":"","meta":{"_uag_custom_page_level_css":"","_themeisle_gutenberg_block_has_review":false,"footnotes":""},"class_list":["post-26160","page","type-page","status-publish","has-post-thumbnail"],"wppr_data":{"cwp_meta_box_check":"No"},"yoast_head":"<!-- This site is optimized with the Yoast SEO plugin v24.8.1 - https:\/\/yoast.com\/wordpress\/plugins\/seo\/ -->\n<title>Marques de Supercar - Blog auto Carid\u00e9al<\/title>\n<meta name=\"description\" content=\"En ce qui concerne les marques de supercar, il n&#039;existe pas de d\u00e9finition fixe de ce qui constitue une hypercar\" \/>\n<meta name=\"robots\" content=\"index, follow, max-snippet:-1, max-image-preview:large, max-video-preview:-1\" \/>\n<link rel=\"canonical\" href=\"https:\/\/www.carideal.com\/blog\/marques-de-supercar\/\" \/>\n<meta property=\"og:locale\" content=\"fr_FR\" \/>\n<meta property=\"og:type\" content=\"article\" \/>\n<meta property=\"og:title\" content=\"Marques de Supercar - Blog auto Carid\u00e9al\" \/>\n<meta property=\"og:description\" content=\"En ce qui concerne les marques de supercar, il n&#039;existe pas de d\u00e9finition fixe de ce qui constitue une hypercar\" \/>\n<meta property=\"og:url\" content=\"https:\/\/www.carideal.com\/blog\/marques-de-supercar\/\" \/>\n<meta property=\"og:site_name\" content=\"Blog auto Carid\u00e9al\" \/>\n<meta property=\"article:publisher\" content=\"https:\/\/www.facebook.com\/Carideal.mandataire.automobile\" \/>\n<meta property=\"article:modified_time\" content=\"2021-01-08T17:36:12+00:00\" \/>\n<meta property=\"og:image\" content=\"https:\/\/www.carideal.com\/blog\/wp-content\/uploads\/2021\/01\/marques-de-supercar-hypercar.jpg\" \/>\n\t<meta property=\"og:image:width\" content=\"600\" \/>\n\t<meta property=\"og:image:height\" content=\"256\" \/>\n\t<meta property=\"og:image:type\" content=\"image\/jpeg\" \/>\n<meta name=\"twitter:card\" content=\"summary_large_image\" \/>\n<meta name=\"twitter:site\" content=\"@caridealauto\" \/>\n<meta name=\"twitter:label1\" content=\"Dur\u00e9e de lecture estim\u00e9e\" \/>\n\t<meta name=\"twitter:data1\" content=\"1 minute\" \/>\n<script type=\"application\/ld+json\" class=\"yoast-schema-graph\">{\"@context\":\"https:\/\/schema.org\",\"@graph\":[{\"@type\":\"WebPage\",\"@id\":\"https:\/\/www.carideal.com\/blog\/marques-de-supercar\/\",\"url\":\"https:\/\/www.carideal.com\/blog\/marques-de-supercar\/\",\"name\":\"Marques de Supercar - Blog auto Carid\u00e9al\",\"isPartOf\":{\"@id\":\"https:\/\/www.carideal.com\/blog\/#website\"},\"primaryImageOfPage\":{\"@id\":\"https:\/\/www.carideal.com\/blog\/marques-de-supercar\/#primaryimage\"},\"image\":{\"@id\":\"https:\/\/www.carideal.com\/blog\/marques-de-supercar\/#primaryimage\"},\"thumbnailUrl\":\"https:\/\/www.carideal.com\/blog\/wp-content\/uploads\/2021\/01\/marques-de-supercar-hypercar.jpg\",\"datePublished\":\"2021-01-06T09:08:56+00:00\",\"dateModified\":\"2021-01-08T17:36:12+00:00\",\"description\":\"En ce qui concerne les marques de supercar, il n'existe pas de d\u00e9finition fixe de ce qui constitue une hypercar\",\"breadcrumb\":{\"@id\":\"https:\/\/www.carideal.com\/blog\/marques-de-supercar\/#breadcrumb\"},\"inLanguage\":\"fr-FR\",\"potentialAction\":[{\"@type\":\"ReadAction\",\"target\":[\"https:\/\/www.carideal.com\/blog\/marques-de-supercar\/\"]}]},{\"@type\":\"ImageObject\",\"inLanguage\":\"fr-FR\",\"@id\":\"https:\/\/www.carideal.com\/blog\/marques-de-supercar\/#primaryimage\",\"url\":\"https:\/\/www.carideal.com\/blog\/wp-content\/uploads\/2021\/01\/marques-de-supercar-hypercar.jpg\",\"contentUrl\":\"https:\/\/www.carideal.com\/blog\/wp-content\/uploads\/2021\/01\/marques-de-supercar-hypercar.jpg\",\"width\":600,\"height\":256,\"caption\":\"Les meilleures marques de supercars au monde\"},{\"@type\":\"BreadcrumbList\",\"@id\":\"https:\/\/www.carideal.com\/blog\/marques-de-supercar\/#breadcrumb\",\"itemListElement\":[{\"@type\":\"ListItem\",\"position\":1,\"name\":\"Blog Carid\u00e9al\",\"item\":\"https:\/\/www.carideal.com\/blog\/\"},{\"@type\":\"ListItem\",\"position\":2,\"name\":\"Marques de Supercar\"}]},{\"@type\":\"WebSite\",\"@id\":\"https:\/\/www.carideal.com\/blog\/#website\",\"url\":\"https:\/\/www.carideal.com\/blog\/\",\"name\":\"Blog auto Carid\u00e9al\",\"description\":\"Actualit\u00e9 auto par des passionn\u00e9s\",\"publisher\":{\"@id\":\"https:\/\/www.carideal.com\/blog\/#organization\"},\"potentialAction\":[{\"@type\":\"SearchAction\",\"target\":{\"@type\":\"EntryPoint\",\"urlTemplate\":\"https:\/\/www.carideal.com\/blog\/?s={search_term_string}\"},\"query-input\":{\"@type\":\"PropertyValueSpecification\",\"valueRequired\":true,\"valueName\":\"search_term_string\"}}],\"inLanguage\":\"fr-FR\"},{\"@type\":\"Organization\",\"@id\":\"https:\/\/www.carideal.com\/blog\/#organization\",\"name\":\"Carideal\",\"url\":\"https:\/\/www.carideal.com\/blog\/\",\"logo\":{\"@type\":\"ImageObject\",\"inLanguage\":\"fr-FR\",\"@id\":\"https:\/\/www.carideal.com\/blog\/#\/schema\/logo\/image\/\",\"url\":\"http:\/\/www.carideal.com\/blog\/wp-content\/uploads\/2016\/03\/logo-carideal-mandataire-automobile.png\",\"contentUrl\":\"http:\/\/www.carideal.com\/blog\/wp-content\/uploads\/2016\/03\/logo-carideal-mandataire-automobile.png\",\"width\":300,\"height\":300,\"caption\":\"Carideal\"},\"image\":{\"@id\":\"https:\/\/www.carideal.com\/blog\/#\/schema\/logo\/image\/\"},\"sameAs\":[\"https:\/\/www.facebook.com\/Carideal.mandataire.automobile\",\"https:\/\/x.com\/caridealauto\",\"https:\/\/www.instagram.com\/carideal1\/\",\"https:\/\/www.linkedin.com\/company\/carideal.com\",\"https:\/\/fr.pinterest.com\/schiavonsas\/\",\"https:\/\/www.youtube.com\/user\/caridealsas\"]}]}<\/script>\n<!-- \/ Yoast SEO plugin. -->","yoast_head_json":{"title":"Marques de Supercar - Blog auto Carid\u00e9al","description":"En ce qui concerne les marques de supercar, il n'existe pas de d\u00e9finition fixe de ce qui constitue une hypercar","robots":{"index":"index","follow":"follow","max-snippet":"max-snippet:-1","max-image-preview":"max-image-preview:large","max-video-preview":"max-video-preview:-1"},"canonical":"https:\/\/www.carideal.com\/blog\/marques-de-supercar\/","og_locale":"fr_FR","og_type":"article","og_title":"Marques de Supercar - Blog auto Carid\u00e9al","og_description":"En ce qui concerne les marques de supercar, il n'existe pas de d\u00e9finition fixe de ce qui constitue une hypercar","og_url":"https:\/\/www.carideal.com\/blog\/marques-de-supercar\/","og_site_name":"Blog auto Carid\u00e9al","article_publisher":"https:\/\/www.facebook.com\/Carideal.mandataire.automobile","article_modified_time":"2021-01-08T17:36:12+00:00","og_image":[{"width":600,"height":256,"url":"https:\/\/www.carideal.com\/blog\/wp-content\/uploads\/2021\/01\/marques-de-supercar-hypercar.jpg","type":"image\/jpeg"}],"twitter_card":"summary_large_image","twitter_site":"@caridealauto","twitter_misc":{"Dur\u00e9e de lecture estim\u00e9e":"1 minute"},"schema":{"@context":"https:\/\/schema.org","@graph":[{"@type":"WebPage","@id":"https:\/\/www.carideal.com\/blog\/marques-de-supercar\/","url":"https:\/\/www.carideal.com\/blog\/marques-de-supercar\/","name":"Marques de Supercar - Blog auto Carid\u00e9al","isPartOf":{"@id":"https:\/\/www.carideal.com\/blog\/#website"},"primaryImageOfPage":{"@id":"https:\/\/www.carideal.com\/blog\/marques-de-supercar\/#primaryimage"},"image":{"@id":"https:\/\/www.carideal.com\/blog\/marques-de-supercar\/#primaryimage"},"thumbnailUrl":"https:\/\/www.carideal.com\/blog\/wp-content\/uploads\/2021\/01\/marques-de-supercar-hypercar.jpg","datePublished":"2021-01-06T09:08:56+00:00","dateModified":"2021-01-08T17:36:12+00:00","description":"En ce qui concerne les marques de supercar, il n'existe pas de d\u00e9finition fixe de ce qui constitue une hypercar","breadcrumb":{"@id":"https:\/\/www.carideal.com\/blog\/marques-de-supercar\/#breadcrumb"},"inLanguage":"fr-FR","potentialAction":[{"@type":"ReadAction","target":["https:\/\/www.carideal.com\/blog\/marques-de-supercar\/"]}]},{"@type":"ImageObject","inLanguage":"fr-FR","@id":"https:\/\/www.carideal.com\/blog\/marques-de-supercar\/#primaryimage","url":"https:\/\/www.carideal.com\/blog\/wp-content\/uploads\/2021\/01\/marques-de-supercar-hypercar.jpg","contentUrl":"https:\/\/www.carideal.com\/blog\/wp-content\/uploads\/2021\/01\/marques-de-supercar-hypercar.jpg","width":600,"height":256,"caption":"Les meilleures marques de supercars au monde"},{"@type":"BreadcrumbList","@id":"https:\/\/www.carideal.com\/blog\/marques-de-supercar\/#breadcrumb","itemListElement":[{"@type":"ListItem","position":1,"name":"Blog Carid\u00e9al","item":"https:\/\/www.carideal.com\/blog\/"},{"@type":"ListItem","position":2,"name":"Marques de Supercar"}]},{"@type":"WebSite","@id":"https:\/\/www.carideal.com\/blog\/#website","url":"https:\/\/www.carideal.com\/blog\/","name":"Blog auto Carid\u00e9al","description":"Actualit\u00e9 auto par des passionn\u00e9s","publisher":{"@id":"https:\/\/www.carideal.com\/blog\/#organization"},"potentialAction":[{"@type":"SearchAction","target":{"@type":"EntryPoint","urlTemplate":"https:\/\/www.carideal.com\/blog\/?s={search_term_string}"},"query-input":{"@type":"PropertyValueSpecification","valueRequired":true,"valueName":"search_term_string"}}],"inLanguage":"fr-FR"},{"@type":"Organization","@id":"https:\/\/www.carideal.com\/blog\/#organization","name":"Carideal","url":"https:\/\/www.carideal.com\/blog\/","logo":{"@type":"ImageObject","inLanguage":"fr-FR","@id":"https:\/\/www.carideal.com\/blog\/#\/schema\/logo\/image\/","url":"http:\/\/www.carideal.com\/blog\/wp-content\/uploads\/2016\/03\/logo-carideal-mandataire-automobile.png","contentUrl":"http:\/\/www.carideal.com\/blog\/wp-content\/uploads\/2016\/03\/logo-carideal-mandataire-automobile.png","width":300,"height":300,"caption":"Carideal"},"image":{"@id":"https:\/\/www.carideal.com\/blog\/#\/schema\/logo\/image\/"},"sameAs":["https:\/\/www.facebook.com\/Carideal.mandataire.automobile","https:\/\/x.com\/caridealauto","https:\/\/www.instagram.com\/carideal1\/","https:\/\/www.linkedin.com\/company\/carideal.com","https:\/\/fr.pinterest.com\/schiavonsas\/","https:\/\/www.youtube.com\/user\/caridealsas"]}]}},"uagb_featured_image_src":{"full":["https:\/\/www.carideal.com\/blog\/wp-content\/uploads\/2021\/01\/marques-de-supercar-hypercar.jpg",600,256,false],"thumbnail":["https:\/\/www.carideal.com\/blog\/wp-content\/uploads\/2021\/01\/marques-de-supercar-hypercar-150x150.jpg",150,150,true],"medium":["https:\/\/www.carideal.com\/blog\/wp-content\/uploads\/2021\/01\/marques-de-supercar-hypercar-300x128.jpg",300,128,true],"medium_large":["https:\/\/www.carideal.com\/blog\/wp-content\/uploads\/2021\/01\/marques-de-supercar-hypercar.jpg",600,256,false],"large":["https:\/\/www.carideal.com\/blog\/wp-content\/uploads\/2021\/01\/marques-de-supercar-hypercar.jpg",600,256,false],"1536x1536":["https:\/\/www.carideal.com\/blog\/wp-content\/uploads\/2021\/01\/marques-de-supercar-hypercar.jpg",600,256,false],"2048x2048":["https:\/\/www.carideal.com\/blog\/wp-content\/uploads\/2021\/01\/marques-de-supercar-hypercar.jpg",600,256,false],"wppr-widget":["https:\/\/www.carideal.com\/blog\/wp-content\/uploads\/2021\/01\/marques-de-supercar-hypercar-50x21.jpg",50,21,true]},"uagb_author_info":{"display_name":"Nicolas SCHIAVON","author_link":"https:\/\/www.carideal.com\/blog\/author\/nschiavon\/"},"uagb_comment_info":0,"uagb_excerpt":"Les meilleures marques de supercars au monde En ce qui concerne les marques de supercars, il n'existe pas de d\u00e9finition fixe de ce qui constitue une hypercar. Une tentative de d\u00e9finition est \"une supercar haut de gamme, de production limit\u00e9e, dont le prix est d'environ ou de plus d'un million d'euros\". Ces marques de voitures\u2026","_links":{"self":[{"href":"https:\/\/www.carideal.com\/blog\/wp-json\/wp\/v2\/pages\/26160"}],"collection":[{"href":"https:\/\/www.carideal.com\/blog\/wp-json\/wp\/v2\/pages"}],"about":[{"href":"https:\/\/www.carideal.com\/blog\/wp-json\/wp\/v2\/types\/page"}],"author":[{"embeddable":true,"href":"https:\/\/www.carideal.com\/blog\/wp-json\/wp\/v2\/users\/3"}],"replies":[{"embeddable":true,"href":"https:\/\/www.carideal.com\/blog\/wp-json\/wp\/v2\/comments?post=26160"}],"version-history":[{"count":0,"href":"https:\/\/www.carideal.com\/blog\/wp-json\/wp\/v2\/pages\/26160\/revisions"}],"wp:featuredmedia":[{"embeddable":true,"href":"https:\/\/www.carideal.com\/blog\/wp-json\/wp\/v2\/media\/26161"}],"wp:attachment":[{"href":"https:\/\/www.carideal.com\/blog\/wp-json\/wp\/v2\/media?parent=26160"}],"curies":[{"name":"wp","href":"https:\/\/api.w.org\/{rel}","templated":true}]}}