{"id":26126,"date":"2020-12-31T16:09:50","date_gmt":"2020-12-31T15:09:50","guid":{"rendered":"http:\/\/www.carideal.com\/blog\/?page_id=26126"},"modified":"2021-01-14T14:05:39","modified_gmt":"2021-01-14T13:05:39","slug":"japonaise","status":"publish","type":"page","link":"https:\/\/www.carideal.com\/blog\/marque-de-voiture-actualites-essais\/japonaise\/","title":{"rendered":"Marques de voiture japonaise"},"content":{"rendered":"\n<h2 class=\"wp-block-heading\">Marques de voitures japonaises<\/h2>\n\n\n\n<p>L'industrie automobile au Japon est l'une des industries les plus importantes et les plus vastes au monde. Les constructeurs automobiles japonais comprennent <a href=\"http:\/\/www.carideal.com\/blog\/marque-de-voiture-actualites-essais\/toyota\/\">Toyota<\/a>, <a href=\"http:\/\/www.carideal.com\/blog\/marque-de-voiture-actualites-essais\/honda\/\">Honda<\/a>, <a href=\"http:\/\/www.carideal.com\/blog\/marque-de-voiture-actualites-essais\/nissan\/\">Nissan<\/a>, Mazda, Subaru, Mitsubishi, <a href=\"http:\/\/www.carideal.com\/blog\/marque-de-voiture-actualites-essais\/suzuki\/\">Suzuki<\/a>, Isuzu, Daihatsu et Mitsuoka.<\/p>\n\n\n\n<figure class=\"wp-block-image size-full\"><a href=\"http:\/\/www.carideal.com\/blog\/wp-content\/uploads\/2020\/12\/marque-de-voiture-japonaise.jpg\"><img loading=\"lazy\" decoding=\"async\" width=\"600\" height=\"392\" src=\"http:\/\/www.carideal.com\/blog\/wp-content\/uploads\/2020\/12\/marque-de-voiture-japonaise.jpg\" alt=\"Marques de voiture japonaise\" class=\"wp-image-26129\" srcset=\"https:\/\/www.carideal.com\/blog\/wp-content\/uploads\/2020\/12\/marque-de-voiture-japonaise.jpg 600w, https:\/\/www.carideal.com\/blog\/wp-content\/uploads\/2020\/12\/marque-de-voiture-japonaise-300x196.jpg 300w, https:\/\/www.carideal.com\/blog\/wp-content\/uploads\/2020\/12\/marque-de-voiture-japonaise-50x33.jpg 50w, https:\/\/www.carideal.com\/blog\/wp-content\/uploads\/2020\/12\/marque-de-voiture-japonaise-110x72.jpg 110w, https:\/\/www.carideal.com\/blog\/wp-content\/uploads\/2020\/12\/marque-de-voiture-japonaise-420x274.jpg 420w\" sizes=\"(max-width: 600px) 100vw, 600px\" \/><\/a><figcaption>Marques de voiture japonaise<\/figcaption><\/figure>\n\n\n\n<p>Les marques de voitures de luxe japonaises comprennent <a href=\"http:\/\/www.carideal.com\/blog\/marque-de-voiture-actualites-essais\/lexus\/\">Lexus<\/a>, Acura, Infiniti, Toyota Crown et Toyota Century.<\/p>\n\n\n\n<p>La Nissan GT-R est la meilleure voiture de sport japonaise de tous les temps. La Mazda MX-5, la voiture de sport la plus vendue au monde.<\/p>\n\n\n\n<p>Voyons voir ! Quelles sont les <a href=\"http:\/\/www.carideal.com\/blog\/marque-de-voiture-actualites-essais\/\">marques de voitures<\/a> qui figurent sur la liste des marques de voiture japonaise.<\/p>\n\n\n\n<h2 class=\"wp-block-heading\">Marques de voiture japonaise grand public<\/h2>\n\n\n\n<p>Sur le march\u00e9 de masse, Toyota est sans aucun doute la marque automobile la plus populaire au monde, suivie de Honda, Subaru et Nissan.<\/p>\n\n\n\n<p>Toyota est le deuxi\u00e8me plus grand constructeur automobile au monde, derri\u00e8re <a href=\"http:\/\/www.carideal.com\/blog\/marque-de-voiture-actualites-essais\/volkswagen\/\">Volkswagen<\/a> (<a href=\"http:\/\/www.carideal.com\/blog\/marque-de-voiture-actualites-essais\/allemande\/\">Allemagne<\/a>), sur la base des ventes de 2019.<\/p>\n\n\n\n<h3 class=\"wp-block-heading\">1. Toyota<\/h3>\n\n\n\n<p>Voitures de grande diffusion<\/p>\n\n\n\n<h3 class=\"wp-block-heading\">2. Honda<\/h3>\n\n\n\n<p>Voitures de grande diffusion<\/p>\n\n\n\n<h3 class=\"wp-block-heading\">3. Subaru<\/h3>\n\n\n\n<p>Voitures de grande diffusion<\/p>\n\n\n\n<h3 class=\"wp-block-heading\">4. Nissan<\/h3>\n\n\n\n<p>Voitures de grande diffusion<\/p>\n\n\n\n<h3 class=\"wp-block-heading\">5. Mazda<\/h3>\n\n\n\n<p>Voitures de grande diffusion<\/p>\n\n\n\n<h3 class=\"wp-block-heading\">6. Mitsubishi<\/h3>\n\n\n\n<p>Voitures de grande diffusion<\/p>\n\n\n\n<h3 class=\"wp-block-heading\">7. Suzuki<\/h3>\n\n\n\n<p>Voitures \u00e9conomiques<\/p>\n\n\n\n<h2 class=\"wp-block-heading\">Marques de voitures de luxe japonaise<\/h2>\n\n\n\n<p>La Lexus est commercialis\u00e9e dans plus de 70 pays et territoires du monde entier et est devenue la marque de <a href=\"http:\/\/www.carideal.com\/blog\/2020\/06\/20\/meilleures-voitures-de-luxe-2020\/\">voitures de luxe<\/a> la plus vendue au Japon. Selon l'enqu\u00eate de J.D. Power Vehicle Dependability Survey : 2020 Brand Ranking, la marque de voiture japonaise la <a href=\"http:\/\/www.carideal.com\/blog\/2019\/11\/28\/voitures-les-plus-fiables-2019\/\">plus fiable<\/a> \u00e9tait Lexus.<\/p>\n\n\n\n<h3 class=\"wp-block-heading\">1. Lexus<\/h3>\n\n\n\n<p>V\u00e9hicules de luxe<\/p>\n\n\n\n<h3 class=\"wp-block-heading\">2. Acura<\/h3>\n\n\n\n<p>V\u00e9hicules de luxe<\/p>\n\n\n\n<h3 class=\"wp-block-heading\">3. Infiniti<\/h3>\n\n\n\n<p>V\u00e9hicules de luxe<\/p>\n\n\n\n<h3 class=\"wp-block-heading\">4. Toyota<\/h3>\n\n\n\n<p>V\u00e9hicules de luxe<\/p>\n\n\n\n<h3 class=\"wp-block-heading\">5. Mitsuoka<\/h3>\n\n\n\n<p>V\u00e9hicules de luxe<\/p>\n\n\n\n<h2 class=\"wp-block-heading\">Marques de camions japonnais<\/h2>\n\n\n\n<p>Hino est l'un des principaux producteurs de camions diesel moyens et lourds en Asie. C'est une filiale de Toyota Motor Corporation et l'une des 16 grandes soci\u00e9t\u00e9s du groupe Toyota.<\/p>\n\n\n\n<h3 class=\"wp-block-heading\">1. Hino<\/h3>\n\n\n\n<p>Camions l\u00e9gers, moyens et lourds, bus<\/p>\n\n\n\n<h3 class=\"wp-block-heading\">2. Isuzu<\/h3>\n\n\n\n<p>Camions de taille moyenne (classes 3-6), autobus<\/p>\n\n\n\n<h3 class=\"wp-block-heading\">3. UD<\/h3>\n\n\n\n<p>Camions l\u00e9gers, moyens et lourds<\/p>\n\n\n\n<h3 class=\"wp-block-heading\">4. Datsun<\/h3>\n\n\n\n<p>Camions l\u00e9gers, voitures \u00e9conomiques<\/p>\n\n\n\n<h2 class=\"wp-block-heading\">Autres marques automobiles Japonaises<\/h2>\n\n\n\n<h3 class=\"wp-block-heading\">1. Nissan Nismo<\/h3>\n\n\n\n<p>Haute performance<\/p>\n\n\n\n<h3 class=\"wp-block-heading\">2. Nissan GT-R<\/h3>\n\n\n\n<p>Voitures de sport<\/p>\n\n\n\n<h3 class=\"wp-block-heading\">3. Daihatsu<\/h3>\n\n\n\n<p>Automobiles, moteurs<\/p>\n\n\n\n<h3 class=\"wp-block-heading\">4. Autobacs<\/h3>\n\n\n\n<p>Automobiles<\/p>\n\n\n\n<h3 class=\"wp-block-heading\">5. Scion<\/h3>\n\n\n\n<p>V\u00e9hicules compacts de sport<\/p>\n\n\n\n<h4 class=\"wp-block-heading\">Pages similaires<\/h4>\n\n\n\n\n\n<h4 class=\"wp-block-heading\">Les autres marques de voitures<\/h4>\n\n\n\n<div class=\"wp-block-columns is-layout-flex wp-container-core-columns-is-layout-1 wp-block-columns-is-layout-flex\">\n<div class=\"wp-block-column is-layout-flow wp-block-column-is-layout-flow\">\n<ul class=\"wp-block-list\"><li>Marques de voiture am\u00e9ricaines<\/li><li><a href=\"http:\/\/www.carideal.com\/blog\/marque-de-voiture-actualites-essais\/japonaise\/\">Marques de voitures japonaises<\/a><\/li><li><a href=\"http:\/\/www.carideal.com\/blog\/marque-de-voiture-actualites-essais\/allemande\/\">Marques de voitures allemandes<\/a><\/li><li><a href=\"http:\/\/www.carideal.com\/blog\/marque-de-voiture-actualites-essais\/italiennes\/\">Marques de voitures italiennes<\/a><\/li><li><a href=\"http:\/\/www.carideal.com\/blog\/marque-de-voiture-actualites-essais\/marques-de-voitures-britanniques\/\">Marques de voitures britanniques<\/a><\/li><li>Marques automobiles fran\u00e7aises<\/li><li><a href=\"http:\/\/www.carideal.com\/blog\/marque-de-voiture-actualites-essais\/indiennes\/\">Marques de voitures indiennes<\/a><\/li><li>Marques de voitures n\u00e9erlandaises<\/li><li>Marques de voitures tch\u00e8ques<\/li><li>Marques de voitures br\u00e9siliennes<\/li><\/ul>\n<\/div>\n\n\n\n<div class=\"wp-block-column is-layout-flow wp-block-column-is-layout-flow\">\n<ul class=\"wp-block-list\"><li><a href=\"http:\/\/www.carideal.com\/blog\/marque-de-voiture-actualites-essais\/malaisie\/\">Marques de voitures malaisiennes<\/a><\/li><li>Les marques de voitures des \u00c9mirats Arabes Unis<\/li><li>Marques de voitures de Taiwan<\/li><li>Marques de voitures mexicaines<\/li><li>Marques de voitures iraniennes<\/li><li>Marques de voitures cor\u00e9ennes<\/li><li><a href=\"http:\/\/www.carideal.com\/blog\/2007\/11\/27\/l-industrie-automobile-chinoise\/\">Marques de voiture chinoise<\/a><\/li><li>Marques de voiture africaine<\/li><li>Marques de voiture belge<\/li><li><a href=\"http:\/\/www.carideal.com\/blog\/marque-de-voiture-actualites-essais\/russe\/\">Marques de voiture russe<\/a><\/li><li>Marques de voiture suisse<\/li><\/ul>\n<\/div>\n<\/div>\n","protected":false},"excerpt":{"rendered":"<p>Marques de voitures japonaises L&rsquo;industrie automobile au Japon est l&rsquo;une des industries les plus importantes et les plus vastes au monde. Les constructeurs automobiles japonais comprennent Toyota, Honda, Nissan, Mazda, Subaru, Mitsubishi, Suzuki, Isuzu, Daihatsu et Mitsuoka. Les marques de voitures de luxe japonaises comprennent Lexus, Acura, Infiniti, Toyota Crown et Toyota Century. La Nissan &#8230; <a title=\"Marques de voiture japonaise\" class=\"read-more\" href=\"https:\/\/www.carideal.com\/blog\/marque-de-voiture-actualites-essais\/japonaise\/\" aria-label=\"En savoir plus sur Marques de voiture japonaise\">Lire plus<\/a><\/p>\n","protected":false},"author":3,"featured_media":26129,"parent":13389,"menu_order":0,"comment_status":"closed","ping_status":"closed","template":"","meta":{"_uag_custom_page_level_css":"","_themeisle_gutenberg_block_has_review":false,"footnotes":""},"class_list":["post-26126","page","type-page","status-publish","has-post-thumbnail"],"wppr_data":{"cwp_meta_box_check":"No"},"yoast_head":"<!-- This site is optimized with the Yoast SEO plugin v24.8.1 - https:\/\/yoast.com\/wordpress\/plugins\/seo\/ -->\n<title>Marques de voiture japonaise - Blog auto Carid\u00e9al<\/title>\n<meta name=\"description\" content=\"Voyons voir ! Quelles sont les marques de voitures qui figurent sur la liste des marques de voiture japonaise.\" \/>\n<meta name=\"robots\" content=\"index, follow, max-snippet:-1, max-image-preview:large, max-video-preview:-1\" \/>\n<link rel=\"canonical\" href=\"https:\/\/www.carideal.com\/blog\/marque-de-voiture-actualites-essais\/japonaise\/\" \/>\n<meta property=\"og:locale\" content=\"fr_FR\" \/>\n<meta property=\"og:type\" content=\"article\" \/>\n<meta property=\"og:title\" content=\"Marques de voiture japonaise - Blog auto Carid\u00e9al\" \/>\n<meta property=\"og:description\" content=\"Voyons voir ! Quelles sont les marques de voitures qui figurent sur la liste des marques de voiture japonaise.\" \/>\n<meta property=\"og:url\" content=\"https:\/\/www.carideal.com\/blog\/marque-de-voiture-actualites-essais\/japonaise\/\" \/>\n<meta property=\"og:site_name\" content=\"Blog auto Carid\u00e9al\" \/>\n<meta property=\"article:publisher\" content=\"https:\/\/www.facebook.com\/Carideal.mandataire.automobile\" \/>\n<meta property=\"article:modified_time\" content=\"2021-01-14T13:05:39+00:00\" \/>\n<meta property=\"og:image\" content=\"https:\/\/www.carideal.com\/blog\/wp-content\/uploads\/2020\/12\/marque-de-voiture-japonaise.jpg\" \/>\n\t<meta property=\"og:image:width\" content=\"600\" \/>\n\t<meta property=\"og:image:height\" content=\"392\" \/>\n\t<meta property=\"og:image:type\" content=\"image\/jpeg\" \/>\n<meta name=\"twitter:card\" content=\"summary_large_image\" \/>\n<meta name=\"twitter:site\" content=\"@caridealauto\" \/>\n<meta name=\"twitter:label1\" content=\"Dur\u00e9e de lecture estim\u00e9e\" \/>\n\t<meta name=\"twitter:data1\" content=\"2 minutes\" \/>\n<script type=\"application\/ld+json\" class=\"yoast-schema-graph\">{\"@context\":\"https:\/\/schema.org\",\"@graph\":[{\"@type\":\"WebPage\",\"@id\":\"https:\/\/www.carideal.com\/blog\/marque-de-voiture-actualites-essais\/japonaise\/\",\"url\":\"https:\/\/www.carideal.com\/blog\/marque-de-voiture-actualites-essais\/japonaise\/\",\"name\":\"Marques de voiture japonaise - Blog auto Carid\u00e9al\",\"isPartOf\":{\"@id\":\"https:\/\/www.carideal.com\/blog\/#website\"},\"primaryImageOfPage\":{\"@id\":\"https:\/\/www.carideal.com\/blog\/marque-de-voiture-actualites-essais\/japonaise\/#primaryimage\"},\"image\":{\"@id\":\"https:\/\/www.carideal.com\/blog\/marque-de-voiture-actualites-essais\/japonaise\/#primaryimage\"},\"thumbnailUrl\":\"https:\/\/www.carideal.com\/blog\/wp-content\/uploads\/2020\/12\/marque-de-voiture-japonaise.jpg\",\"datePublished\":\"2020-12-31T15:09:50+00:00\",\"dateModified\":\"2021-01-14T13:05:39+00:00\",\"description\":\"Voyons voir ! Quelles sont les marques de voitures qui figurent sur la liste des marques de voiture japonaise.\",\"breadcrumb\":{\"@id\":\"https:\/\/www.carideal.com\/blog\/marque-de-voiture-actualites-essais\/japonaise\/#breadcrumb\"},\"inLanguage\":\"fr-FR\",\"potentialAction\":[{\"@type\":\"ReadAction\",\"target\":[\"https:\/\/www.carideal.com\/blog\/marque-de-voiture-actualites-essais\/japonaise\/\"]}]},{\"@type\":\"ImageObject\",\"inLanguage\":\"fr-FR\",\"@id\":\"https:\/\/www.carideal.com\/blog\/marque-de-voiture-actualites-essais\/japonaise\/#primaryimage\",\"url\":\"https:\/\/www.carideal.com\/blog\/wp-content\/uploads\/2020\/12\/marque-de-voiture-japonaise.jpg\",\"contentUrl\":\"https:\/\/www.carideal.com\/blog\/wp-content\/uploads\/2020\/12\/marque-de-voiture-japonaise.jpg\",\"width\":600,\"height\":392,\"caption\":\"Marques de voiture japonaise\"},{\"@type\":\"BreadcrumbList\",\"@id\":\"https:\/\/www.carideal.com\/blog\/marque-de-voiture-actualites-essais\/japonaise\/#breadcrumb\",\"itemListElement\":[{\"@type\":\"ListItem\",\"position\":1,\"name\":\"Blog Carid\u00e9al\",\"item\":\"https:\/\/www.carideal.com\/blog\/\"},{\"@type\":\"ListItem\",\"position\":2,\"name\":\"Marque de voiture\",\"item\":\"https:\/\/www.carideal.com\/blog\/marque-de-voiture-actualites-essais\/\"},{\"@type\":\"ListItem\",\"position\":3,\"name\":\"Marques de voiture japonaise\"}]},{\"@type\":\"WebSite\",\"@id\":\"https:\/\/www.carideal.com\/blog\/#website\",\"url\":\"https:\/\/www.carideal.com\/blog\/\",\"name\":\"Blog auto Carid\u00e9al\",\"description\":\"Actualit\u00e9 auto par des passionn\u00e9s\",\"publisher\":{\"@id\":\"https:\/\/www.carideal.com\/blog\/#organization\"},\"potentialAction\":[{\"@type\":\"SearchAction\",\"target\":{\"@type\":\"EntryPoint\",\"urlTemplate\":\"https:\/\/www.carideal.com\/blog\/?s={search_term_string}\"},\"query-input\":{\"@type\":\"PropertyValueSpecification\",\"valueRequired\":true,\"valueName\":\"search_term_string\"}}],\"inLanguage\":\"fr-FR\"},{\"@type\":\"Organization\",\"@id\":\"https:\/\/www.carideal.com\/blog\/#organization\",\"name\":\"Carideal\",\"url\":\"https:\/\/www.carideal.com\/blog\/\",\"logo\":{\"@type\":\"ImageObject\",\"inLanguage\":\"fr-FR\",\"@id\":\"https:\/\/www.carideal.com\/blog\/#\/schema\/logo\/image\/\",\"url\":\"http:\/\/www.carideal.com\/blog\/wp-content\/uploads\/2016\/03\/logo-carideal-mandataire-automobile.png\",\"contentUrl\":\"http:\/\/www.carideal.com\/blog\/wp-content\/uploads\/2016\/03\/logo-carideal-mandataire-automobile.png\",\"width\":300,\"height\":300,\"caption\":\"Carideal\"},\"image\":{\"@id\":\"https:\/\/www.carideal.com\/blog\/#\/schema\/logo\/image\/\"},\"sameAs\":[\"https:\/\/www.facebook.com\/Carideal.mandataire.automobile\",\"https:\/\/x.com\/caridealauto\",\"https:\/\/www.instagram.com\/carideal1\/\",\"https:\/\/www.linkedin.com\/company\/carideal.com\",\"https:\/\/fr.pinterest.com\/schiavonsas\/\",\"https:\/\/www.youtube.com\/user\/caridealsas\"]}]}<\/script>\n<!-- \/ Yoast SEO plugin. -->","yoast_head_json":{"title":"Marques de voiture japonaise - Blog auto Carid\u00e9al","description":"Voyons voir ! Quelles sont les marques de voitures qui figurent sur la liste des marques de voiture japonaise.","robots":{"index":"index","follow":"follow","max-snippet":"max-snippet:-1","max-image-preview":"max-image-preview:large","max-video-preview":"max-video-preview:-1"},"canonical":"https:\/\/www.carideal.com\/blog\/marque-de-voiture-actualites-essais\/japonaise\/","og_locale":"fr_FR","og_type":"article","og_title":"Marques de voiture japonaise - Blog auto Carid\u00e9al","og_description":"Voyons voir ! Quelles sont les marques de voitures qui figurent sur la liste des marques de voiture japonaise.","og_url":"https:\/\/www.carideal.com\/blog\/marque-de-voiture-actualites-essais\/japonaise\/","og_site_name":"Blog auto Carid\u00e9al","article_publisher":"https:\/\/www.facebook.com\/Carideal.mandataire.automobile","article_modified_time":"2021-01-14T13:05:39+00:00","og_image":[{"width":600,"height":392,"url":"https:\/\/www.carideal.com\/blog\/wp-content\/uploads\/2020\/12\/marque-de-voiture-japonaise.jpg","type":"image\/jpeg"}],"twitter_card":"summary_large_image","twitter_site":"@caridealauto","twitter_misc":{"Dur\u00e9e de lecture estim\u00e9e":"2 minutes"},"schema":{"@context":"https:\/\/schema.org","@graph":[{"@type":"WebPage","@id":"https:\/\/www.carideal.com\/blog\/marque-de-voiture-actualites-essais\/japonaise\/","url":"https:\/\/www.carideal.com\/blog\/marque-de-voiture-actualites-essais\/japonaise\/","name":"Marques de voiture japonaise - Blog auto Carid\u00e9al","isPartOf":{"@id":"https:\/\/www.carideal.com\/blog\/#website"},"primaryImageOfPage":{"@id":"https:\/\/www.carideal.com\/blog\/marque-de-voiture-actualites-essais\/japonaise\/#primaryimage"},"image":{"@id":"https:\/\/www.carideal.com\/blog\/marque-de-voiture-actualites-essais\/japonaise\/#primaryimage"},"thumbnailUrl":"https:\/\/www.carideal.com\/blog\/wp-content\/uploads\/2020\/12\/marque-de-voiture-japonaise.jpg","datePublished":"2020-12-31T15:09:50+00:00","dateModified":"2021-01-14T13:05:39+00:00","description":"Voyons voir ! Quelles sont les marques de voitures qui figurent sur la liste des marques de voiture japonaise.","breadcrumb":{"@id":"https:\/\/www.carideal.com\/blog\/marque-de-voiture-actualites-essais\/japonaise\/#breadcrumb"},"inLanguage":"fr-FR","potentialAction":[{"@type":"ReadAction","target":["https:\/\/www.carideal.com\/blog\/marque-de-voiture-actualites-essais\/japonaise\/"]}]},{"@type":"ImageObject","inLanguage":"fr-FR","@id":"https:\/\/www.carideal.com\/blog\/marque-de-voiture-actualites-essais\/japonaise\/#primaryimage","url":"https:\/\/www.carideal.com\/blog\/wp-content\/uploads\/2020\/12\/marque-de-voiture-japonaise.jpg","contentUrl":"https:\/\/www.carideal.com\/blog\/wp-content\/uploads\/2020\/12\/marque-de-voiture-japonaise.jpg","width":600,"height":392,"caption":"Marques de voiture japonaise"},{"@type":"BreadcrumbList","@id":"https:\/\/www.carideal.com\/blog\/marque-de-voiture-actualites-essais\/japonaise\/#breadcrumb","itemListElement":[{"@type":"ListItem","position":1,"name":"Blog Carid\u00e9al","item":"https:\/\/www.carideal.com\/blog\/"},{"@type":"ListItem","position":2,"name":"Marque de voiture","item":"https:\/\/www.carideal.com\/blog\/marque-de-voiture-actualites-essais\/"},{"@type":"ListItem","position":3,"name":"Marques de voiture japonaise"}]},{"@type":"WebSite","@id":"https:\/\/www.carideal.com\/blog\/#website","url":"https:\/\/www.carideal.com\/blog\/","name":"Blog auto Carid\u00e9al","description":"Actualit\u00e9 auto par des passionn\u00e9s","publisher":{"@id":"https:\/\/www.carideal.com\/blog\/#organization"},"potentialAction":[{"@type":"SearchAction","target":{"@type":"EntryPoint","urlTemplate":"https:\/\/www.carideal.com\/blog\/?s={search_term_string}"},"query-input":{"@type":"PropertyValueSpecification","valueRequired":true,"valueName":"search_term_string"}}],"inLanguage":"fr-FR"},{"@type":"Organization","@id":"https:\/\/www.carideal.com\/blog\/#organization","name":"Carideal","url":"https:\/\/www.carideal.com\/blog\/","logo":{"@type":"ImageObject","inLanguage":"fr-FR","@id":"https:\/\/www.carideal.com\/blog\/#\/schema\/logo\/image\/","url":"http:\/\/www.carideal.com\/blog\/wp-content\/uploads\/2016\/03\/logo-carideal-mandataire-automobile.png","contentUrl":"http:\/\/www.carideal.com\/blog\/wp-content\/uploads\/2016\/03\/logo-carideal-mandataire-automobile.png","width":300,"height":300,"caption":"Carideal"},"image":{"@id":"https:\/\/www.carideal.com\/blog\/#\/schema\/logo\/image\/"},"sameAs":["https:\/\/www.facebook.com\/Carideal.mandataire.automobile","https:\/\/x.com\/caridealauto","https:\/\/www.instagram.com\/carideal1\/","https:\/\/www.linkedin.com\/company\/carideal.com","https:\/\/fr.pinterest.com\/schiavonsas\/","https:\/\/www.youtube.com\/user\/caridealsas"]}]}},"uagb_featured_image_src":{"full":["https:\/\/www.carideal.com\/blog\/wp-content\/uploads\/2020\/12\/marque-de-voiture-japonaise.jpg",600,392,false],"thumbnail":["https:\/\/www.carideal.com\/blog\/wp-content\/uploads\/2020\/12\/marque-de-voiture-japonaise-150x150.jpg",150,150,true],"medium":["https:\/\/www.carideal.com\/blog\/wp-content\/uploads\/2020\/12\/marque-de-voiture-japonaise-300x196.jpg",300,196,true],"medium_large":["https:\/\/www.carideal.com\/blog\/wp-content\/uploads\/2020\/12\/marque-de-voiture-japonaise.jpg",600,392,false],"large":["https:\/\/www.carideal.com\/blog\/wp-content\/uploads\/2020\/12\/marque-de-voiture-japonaise.jpg",600,392,false],"1536x1536":["https:\/\/www.carideal.com\/blog\/wp-content\/uploads\/2020\/12\/marque-de-voiture-japonaise.jpg",600,392,false],"2048x2048":["https:\/\/www.carideal.com\/blog\/wp-content\/uploads\/2020\/12\/marque-de-voiture-japonaise.jpg",600,392,false],"wppr-widget":["https:\/\/www.carideal.com\/blog\/wp-content\/uploads\/2020\/12\/marque-de-voiture-japonaise-50x33.jpg",50,33,true]},"uagb_author_info":{"display_name":"Nicolas SCHIAVON","author_link":"https:\/\/www.carideal.com\/blog\/author\/nschiavon\/"},"uagb_comment_info":0,"uagb_excerpt":"Marques de voitures japonaises L'industrie automobile au Japon est l'une des industries les plus importantes et les plus vastes au monde. Les constructeurs automobiles japonais comprennent Toyota, Honda, Nissan, Mazda, Subaru, Mitsubishi, Suzuki, Isuzu, Daihatsu et Mitsuoka. Les marques de voitures de luxe japonaises comprennent Lexus, Acura, Infiniti, Toyota Crown et Toyota Century. La Nissan\u2026","_links":{"self":[{"href":"https:\/\/www.carideal.com\/blog\/wp-json\/wp\/v2\/pages\/26126"}],"collection":[{"href":"https:\/\/www.carideal.com\/blog\/wp-json\/wp\/v2\/pages"}],"about":[{"href":"https:\/\/www.carideal.com\/blog\/wp-json\/wp\/v2\/types\/page"}],"author":[{"embeddable":true,"href":"https:\/\/www.carideal.com\/blog\/wp-json\/wp\/v2\/users\/3"}],"replies":[{"embeddable":true,"href":"https:\/\/www.carideal.com\/blog\/wp-json\/wp\/v2\/comments?post=26126"}],"version-history":[{"count":0,"href":"https:\/\/www.carideal.com\/blog\/wp-json\/wp\/v2\/pages\/26126\/revisions"}],"up":[{"embeddable":true,"href":"https:\/\/www.carideal.com\/blog\/wp-json\/wp\/v2\/pages\/13389"}],"wp:featuredmedia":[{"embeddable":true,"href":"https:\/\/www.carideal.com\/blog\/wp-json\/wp\/v2\/media\/26129"}],"wp:attachment":[{"href":"https:\/\/www.carideal.com\/blog\/wp-json\/wp\/v2\/media?parent=26126"}],"curies":[{"name":"wp","href":"https:\/\/api.w.org\/{rel}","templated":true}]}}