{"id":26109,"date":"2020-12-30T20:36:52","date_gmt":"2020-12-30T19:36:52","guid":{"rendered":"http:\/\/www.carideal.com\/blog\/?page_id=26109"},"modified":"2021-01-14T14:01:46","modified_gmt":"2021-01-14T13:01:46","slug":"allemande","status":"publish","type":"page","link":"https:\/\/www.carideal.com\/blog\/marque-de-voiture-actualites-essais\/allemande\/","title":{"rendered":"Marques de voiture allemande"},"content":{"rendered":"\n<h2 class=\"wp-block-heading\">Marques de voiture allemande<\/h2>\n\n\n\n<p>L'automobile \u00e0 essence a \u00e9t\u00e9 invent\u00e9e en Allemagne par Karl Benz. L'Allemagne est r\u00e9put\u00e9e pour les <a href=\"http:\/\/www.carideal.com\/blog\/2019\/10\/17\/meilleures-voitures-de-sport\/\">voitures de sport<\/a> performantes et de haute qualit\u00e9 fabriqu\u00e9es par <a href=\"http:\/\/www.carideal.com\/blog\/marque-de-voiture-actualites-essais\/porsche\/\">Porsche<\/a>, et les voitures de <a href=\"http:\/\/www.carideal.com\/blog\/marque-de-voiture-actualites-essais\/mercedes\/\">Mercedes<\/a>, <a href=\"http:\/\/www.carideal.com\/blog\/marque-de-voiture-actualites-essais\/bmw\/\">BMW<\/a> et <a href=\"http:\/\/www.carideal.com\/blog\/marque-de-voiture-actualites-essais\/audi\/\">Audi<\/a> sont c\u00e9l\u00e8bres pour leur <a href=\"http:\/\/www.carideal.com\/blog\/2019\/11\/28\/voitures-les-plus-fiables-2019\/\">qualit\u00e9<\/a> et leur innovation technologique. Passons en revue les <strong>marques de voiture Allemande<\/strong>.<\/p>\n\n\n\n<figure class=\"wp-block-image size-large\"><a href=\"http:\/\/www.carideal.com\/blog\/wp-content\/uploads\/2020\/12\/Marque-de-voiture-allemande.jpg\"><img loading=\"lazy\" decoding=\"async\" width=\"600\" height=\"392\" src=\"http:\/\/www.carideal.com\/blog\/wp-content\/uploads\/2020\/12\/Marque-de-voiture-allemande.jpg\" alt=\"Marque de voiture Allemande\" class=\"wp-image-26110\" srcset=\"https:\/\/www.carideal.com\/blog\/wp-content\/uploads\/2020\/12\/Marque-de-voiture-allemande.jpg 600w, https:\/\/www.carideal.com\/blog\/wp-content\/uploads\/2020\/12\/Marque-de-voiture-allemande-300x196.jpg 300w, https:\/\/www.carideal.com\/blog\/wp-content\/uploads\/2020\/12\/Marque-de-voiture-allemande-50x33.jpg 50w, https:\/\/www.carideal.com\/blog\/wp-content\/uploads\/2020\/12\/Marque-de-voiture-allemande-110x72.jpg 110w, https:\/\/www.carideal.com\/blog\/wp-content\/uploads\/2020\/12\/Marque-de-voiture-allemande-420x274.jpg 420w\" sizes=\"(max-width: 600px) 100vw, 600px\" \/><\/a><figcaption>Marque de voiture Allemande<\/figcaption><\/figure>\n\n\n\n<p>En d\u00e9cembre 2019, le groupe <a href=\"http:\/\/www.carideal.com\/blog\/marque-de-voiture-actualites-essais\/volkswagen\/\">Volkswagen<\/a> est le plus grand constructeur automobile au monde (sur la base des ventes de 2019).<\/p>\n\n\n\n<p>Voyons voir ! Quelles sont les <a href=\"http:\/\/www.carideal.com\/blog\/marque-de-voiture-actualites-essais\/\">marques de voitures<\/a> qui figurent sur la liste.<\/p>\n\n\n\n<h2 class=\"wp-block-heading\">Marques de voitures de luxe et d'ultra-luxe Allemande<\/h2>\n\n\n\n<p>Mercedes-Benz est la marque de <a href=\"http:\/\/www.carideal.com\/blog\/2013\/01\/23\/audi-mercedes-bmw-un-trio-de-luxe\/\">voitures de luxe<\/a> la plus populaire. Mercedes-Benz est d\u00e9crite par les fans comme \u00e9tant fiable, bien faite, de bonne qualit\u00e9, ch\u00e8re et luxueuse. Elle est suivie par BMW et Audi.<\/p>\n\n\n\n<ul class=\"wp-block-list\"><li><a href=\"http:\/\/www.carideal.com\/blog\/2020\/06\/20\/meilleures-voitures-de-luxe-2020\/\">Les meilleures voitures de Luxe<\/a><\/li><\/ul>\n\n\n\n<p>Porsche est la marque de voitures de sport de luxe la plus populaire. Selon l'enqu\u00eate J.D. Power Vehicle Dependability Survey : Classement des marques en 2020, la marque de voiture allemande la plus fiable \u00e9tait Porsche.<\/p>\n\n\n\n<h3 class=\"wp-block-heading\">1 Maybach<\/h3>\n\n\n\n<p>Voitures de luxe<\/p>\n\n\n\n<h3 class=\"wp-block-heading\">2. Porsche<\/h3>\n\n\n\n<p>Voitures de sport de luxe<\/p>\n\n\n\n<h3 class=\"wp-block-heading\">3. Mercedes-Benz<\/h3>\n\n\n\n<p>V\u00e9hicules de luxe<\/p>\n\n\n\n<h3 class=\"wp-block-heading\">4. BMW<\/h3>\n\n\n\n<p>V\u00e9hicules de luxe<\/p>\n\n\n\n<h3 class=\"wp-block-heading\">5. AUDI<\/h3>\n\n\n\n<p>V\u00e9hicules de luxe<\/p>\n\n\n\n<h3 class=\"wp-block-heading\">6. Smart<\/h3>\n\n\n\n<p>Petites voitures de luxe<\/p>\n\n\n\n<h2 class=\"wp-block-heading\">Marques de voitures de grande diffusion allemande<\/h2>\n\n\n\n<p>Sur le march\u00e9 populaire, la marque <a href=\"http:\/\/www.carideal.com\/blog\/marque-de-voiture-actualites-essais\/volkswagen\/\">Volkswagen<\/a> et <a href=\"http:\/\/www.carideal.com\/blog\/marque-de-voiture-actualites-essais\/opel\/\">Opel<\/a> sont les plus connues.<\/p>\n\n\n\n<h3 class=\"wp-block-heading\">1. Volkswagen<\/h3>\n\n\n\n<p>Voitures de grande diffusion<\/p>\n\n\n\n<h3 class=\"wp-block-heading\">2. Opel<\/h3>\n\n\n\n<p>Voitures de grande diffusion<\/p>\n\n\n\n<h3 class=\"wp-block-heading\">3. Borgward<\/h3>\n\n\n\n<p>Voitures de grande diffusion<\/p>\n\n\n\n<h2 class=\"wp-block-heading\">Marques Allemandes de voitures de sport<\/h2>\n\n\n\n<h3 class=\"wp-block-heading\">1. Apollo<\/h3>\n\n\n\n<p>Voitures de sport<\/p>\n\n\n\n<h3 class=\"wp-block-heading\">2. Artega<\/h3>\n\n\n\n<p>Voitures de sport<\/p>\n\n\n\n<h3 class=\"wp-block-heading\">3. Melkus<\/h3>\n\n\n\n<p>Voitures de sport<\/p>\n\n\n\n<h3 class=\"wp-block-heading\">4. Bitter<\/h3>\n\n\n\n<p>Sports-Luxe<\/p>\n\n\n\n<h3 class=\"wp-block-heading\">5. Isdera<\/h3>\n\n\n\n<p>Voitures de sport<\/p>\n\n\n\n<h2 class=\"wp-block-heading\">Marques allemandes de voiture Haute performance<\/h2>\n\n\n\n<h3 class=\"wp-block-heading\">1. BMW M<\/h3>\n\n\n\n<p>Haute performance<\/p>\n\n\n\n<h3 class=\"wp-block-heading\">2. Mercedes-AMG<\/h3>\n\n\n\n<p>Haute performance<\/p>\n\n\n\n<h3 class=\"wp-block-heading\">3. Audi Sport<\/h3>\n\n\n\n<p>Haute performance<\/p>\n\n\n\n<h3 class=\"wp-block-heading\">4. Alpina<\/h3>\n\n\n\n<p>Haute performance<\/p>\n\n\n\n<h3 class=\"wp-block-heading\">5. Brabus<\/h3>\n\n\n\n<p>Haute performance<\/p>\n\n\n\n<h2 class=\"wp-block-heading\">Marque de Car Tuning, modification de la voiture pr\u00e9paration moteur et voiture<\/h2>\n\n\n\n<h3 class=\"wp-block-heading\">1. 9ff<\/h3>\n\n\n\n<p>Car Tuning<\/p>\n\n\n\n<h3 class=\"wp-block-heading\">2. Brabus<\/h3>\n\n\n\n<p>Performance &amp; Tuning<\/p>\n\n\n\n<h3 class=\"wp-block-heading\">3. RUF<\/h3>\n\n\n\n<p>Car Tuning<\/p>\n\n\n\n<h3 class=\"wp-block-heading\">4. Carlsson<\/h3>\n\n\n\n<p>Car Tuning<\/p>\n\n\n\n<h3 class=\"wp-block-heading\">5. TechArt<\/h3>\n\n\n\n<p>Car Tuning<\/p>\n\n\n\n<h3 class=\"wp-block-heading\">6. ABT<\/h3>\n\n\n\n<p>Car Tuning<\/p>\n\n\n\n<h3 class=\"wp-block-heading\">7. Mansory<\/h3>\n\n\n\n<p>Modification de voiture<\/p>\n\n\n\n<h2 class=\"wp-block-heading\">Constructeur automobile, Camion, Autobus, Autre<\/h2>\n\n\n\n<h3 class=\"wp-block-heading\">1. Daimler<\/h3>\n\n\n\n<p>Constructeur<\/p>\n\n\n\n<h3 class=\"wp-block-heading\">2. MAN<\/h3>\n\n\n\n<p>Camions<\/p>\n\n\n\n<h3 class=\"wp-block-heading\">3. Setra<\/h3>\n\n\n\n<p>Bus<\/p>\n\n\n\n<h3 class=\"wp-block-heading\">4. Wiesmann<\/h3>\n\n\n\n<p>Cabriolets<\/p>\n\n\n\n<h3 class=\"wp-block-heading\">5. EDAG<\/h3>\n\n\n\n<p>Concept cars<\/p>\n\n\n\n<h2 class=\"wp-block-heading\">Marques de voitures allemandes disparues<\/h2>\n\n\n\n<h3 class=\"wp-block-heading\">1. Gumpert<\/h3>\n\n\n\n<p>Supercars<\/p>\n\n\n\n<h3 class=\"wp-block-heading\">2. Wartburg<\/h3>\n\n\n\n<p>Automobiles<\/p>\n\n\n\n<h3 class=\"wp-block-heading\">3. DKW<\/h3>\n\n\n\n<p>Automobiles<\/p>\n\n\n\n<h3 class=\"wp-block-heading\">4. Lloyd<\/h3>\n\n\n\n<p>Constructeur automobile<\/p>\n\n\n\n<h3 class=\"wp-block-heading\">5. Wanderer<\/h3>\n\n\n\n<p>Constructeur Automobile<\/p>\n\n\n\n<h3 class=\"wp-block-heading\">6. Horch<\/h3>\n\n\n\n<p>Voitures de luxe<\/p>\n\n\n\n<h4 class=\"wp-block-heading\">Pages similaires<\/h4>\n\n\n\n\n\n<h3 class=\"wp-block-heading\">Les autres marques de voitures<\/h3>\n\n\n\n<div class=\"wp-block-columns is-layout-flex wp-container-core-columns-is-layout-1 wp-block-columns-is-layout-flex\">\n<div class=\"wp-block-column is-layout-flow wp-block-column-is-layout-flow\">\n<ul class=\"wp-block-list\"><li>Marques de voiture am\u00e9ricaines<\/li><li><a href=\"http:\/\/www.carideal.com\/blog\/marque-de-voiture-actualites-essais\/japonaise\/\">Marques de voitures japonaises<\/a><\/li><li><a href=\"http:\/\/www.carideal.com\/blog\/marque-de-voiture-actualites-essais\/allemande\/\">Marques de voitures allemandes<\/a><\/li><li><a href=\"http:\/\/www.carideal.com\/blog\/marque-de-voiture-actualites-essais\/italiennes\/\">Marques de voitures italiennes<\/a><\/li><li><a href=\"http:\/\/www.carideal.com\/blog\/marque-de-voiture-actualites-essais\/marques-de-voitures-britanniques\/\">Marques de voitures britanniques<\/a><\/li><li>Marques automobiles fran\u00e7aises<\/li><li><a href=\"http:\/\/www.carideal.com\/blog\/marque-de-voiture-actualites-essais\/indiennes\/\">Marques de voitures indiennes<\/a><\/li><li>Marques de voitures n\u00e9erlandaises<\/li><li>Marques de voitures tch\u00e8ques<\/li><li>Marques de voitures br\u00e9siliennes<\/li><\/ul>\n<\/div>\n\n\n\n<div class=\"wp-block-column is-layout-flow wp-block-column-is-layout-flow\">\n<ul class=\"wp-block-list\"><li><a href=\"http:\/\/www.carideal.com\/blog\/marque-de-voiture-actualites-essais\/malaisie\/\">Marques de voitures malaisiennes<\/a><\/li><li>Les marques de voitures des \u00c9mirats Arabes Unis<\/li><li>Marques de voitures de Taiwan<\/li><li>Marques de voitures mexicaines<\/li><li>Marques de voitures iraniennes<\/li><li>Marques de voitures cor\u00e9ennes<\/li><li><a href=\"http:\/\/www.carideal.com\/blog\/2007\/11\/27\/l-industrie-automobile-chinoise\/\">Marques de voiture chinoise<\/a><\/li><li>Marques de voiture africaine<\/li><li>Marques de voiture belge<\/li><li><a href=\"http:\/\/www.carideal.com\/blog\/marque-de-voiture-actualites-essais\/russe\/\">Marques de voiture russe<\/a><\/li><li>Marques de voiture suisse<\/li><\/ul>\n<\/div>\n<\/div>\n","protected":false},"excerpt":{"rendered":"<p>Marques de voiture allemande L&rsquo;automobile \u00e0 essence a \u00e9t\u00e9 invent\u00e9e en Allemagne par Karl Benz. L&rsquo;Allemagne est r\u00e9put\u00e9e pour les voitures de sport performantes et de haute qualit\u00e9 fabriqu\u00e9es par Porsche, et les voitures de Mercedes, BMW et Audi sont c\u00e9l\u00e8bres pour leur qualit\u00e9 et leur innovation technologique. Passons en revue les marques de voiture &#8230; <a title=\"Marques de voiture allemande\" class=\"read-more\" href=\"https:\/\/www.carideal.com\/blog\/marque-de-voiture-actualites-essais\/allemande\/\" aria-label=\"En savoir plus sur Marques de voiture allemande\">Lire plus<\/a><\/p>\n","protected":false},"author":3,"featured_media":26110,"parent":13389,"menu_order":0,"comment_status":"closed","ping_status":"closed","template":"","meta":{"_uag_custom_page_level_css":"","_themeisle_gutenberg_block_has_review":false,"footnotes":""},"class_list":["post-26109","page","type-page","status-publish","has-post-thumbnail"],"wppr_data":{"cwp_meta_box_check":"No"},"yoast_head":"<!-- This site is optimized with the Yoast SEO plugin v24.8.1 - https:\/\/yoast.com\/wordpress\/plugins\/seo\/ -->\n<title>Marques de voiture allemande - Blog auto Carid\u00e9al<\/title>\n<meta name=\"description\" content=\"L&#039;automobile \u00e0 essence a \u00e9t\u00e9 invent\u00e9e en Allemagne par Karl Benz. Passons en revue les marques de voiture Allemande.\" \/>\n<meta name=\"robots\" content=\"index, follow, max-snippet:-1, max-image-preview:large, max-video-preview:-1\" \/>\n<link rel=\"canonical\" href=\"https:\/\/www.carideal.com\/blog\/marque-de-voiture-actualites-essais\/allemande\/\" \/>\n<meta property=\"og:locale\" content=\"fr_FR\" \/>\n<meta property=\"og:type\" content=\"article\" \/>\n<meta property=\"og:title\" content=\"Marques de voiture allemande - Blog auto Carid\u00e9al\" \/>\n<meta property=\"og:description\" content=\"L&#039;automobile \u00e0 essence a \u00e9t\u00e9 invent\u00e9e en Allemagne par Karl Benz. Passons en revue les marques de voiture Allemande.\" \/>\n<meta property=\"og:url\" content=\"https:\/\/www.carideal.com\/blog\/marque-de-voiture-actualites-essais\/allemande\/\" \/>\n<meta property=\"og:site_name\" content=\"Blog auto Carid\u00e9al\" \/>\n<meta property=\"article:publisher\" content=\"https:\/\/www.facebook.com\/Carideal.mandataire.automobile\" \/>\n<meta property=\"article:modified_time\" content=\"2021-01-14T13:01:46+00:00\" \/>\n<meta property=\"og:image\" content=\"https:\/\/www.carideal.com\/blog\/wp-content\/uploads\/2020\/12\/Marque-de-voiture-allemande.jpg\" \/>\n\t<meta property=\"og:image:width\" content=\"600\" \/>\n\t<meta property=\"og:image:height\" content=\"392\" \/>\n\t<meta property=\"og:image:type\" content=\"image\/jpeg\" \/>\n<meta name=\"twitter:card\" content=\"summary_large_image\" \/>\n<meta name=\"twitter:site\" content=\"@caridealauto\" \/>\n<meta name=\"twitter:label1\" content=\"Dur\u00e9e de lecture estim\u00e9e\" \/>\n\t<meta name=\"twitter:data1\" content=\"2 minutes\" \/>\n<script type=\"application\/ld+json\" class=\"yoast-schema-graph\">{\"@context\":\"https:\/\/schema.org\",\"@graph\":[{\"@type\":\"WebPage\",\"@id\":\"https:\/\/www.carideal.com\/blog\/marque-de-voiture-actualites-essais\/allemande\/\",\"url\":\"https:\/\/www.carideal.com\/blog\/marque-de-voiture-actualites-essais\/allemande\/\",\"name\":\"Marques de voiture allemande - Blog auto Carid\u00e9al\",\"isPartOf\":{\"@id\":\"https:\/\/www.carideal.com\/blog\/#website\"},\"primaryImageOfPage\":{\"@id\":\"https:\/\/www.carideal.com\/blog\/marque-de-voiture-actualites-essais\/allemande\/#primaryimage\"},\"image\":{\"@id\":\"https:\/\/www.carideal.com\/blog\/marque-de-voiture-actualites-essais\/allemande\/#primaryimage\"},\"thumbnailUrl\":\"https:\/\/www.carideal.com\/blog\/wp-content\/uploads\/2020\/12\/Marque-de-voiture-allemande.jpg\",\"datePublished\":\"2020-12-30T19:36:52+00:00\",\"dateModified\":\"2021-01-14T13:01:46+00:00\",\"description\":\"L'automobile \u00e0 essence a \u00e9t\u00e9 invent\u00e9e en Allemagne par Karl Benz. Passons en revue les marques de voiture Allemande.\",\"breadcrumb\":{\"@id\":\"https:\/\/www.carideal.com\/blog\/marque-de-voiture-actualites-essais\/allemande\/#breadcrumb\"},\"inLanguage\":\"fr-FR\",\"potentialAction\":[{\"@type\":\"ReadAction\",\"target\":[\"https:\/\/www.carideal.com\/blog\/marque-de-voiture-actualites-essais\/allemande\/\"]}]},{\"@type\":\"ImageObject\",\"inLanguage\":\"fr-FR\",\"@id\":\"https:\/\/www.carideal.com\/blog\/marque-de-voiture-actualites-essais\/allemande\/#primaryimage\",\"url\":\"https:\/\/www.carideal.com\/blog\/wp-content\/uploads\/2020\/12\/Marque-de-voiture-allemande.jpg\",\"contentUrl\":\"https:\/\/www.carideal.com\/blog\/wp-content\/uploads\/2020\/12\/Marque-de-voiture-allemande.jpg\",\"width\":600,\"height\":392,\"caption\":\"Marque de voiture Allemande\"},{\"@type\":\"BreadcrumbList\",\"@id\":\"https:\/\/www.carideal.com\/blog\/marque-de-voiture-actualites-essais\/allemande\/#breadcrumb\",\"itemListElement\":[{\"@type\":\"ListItem\",\"position\":1,\"name\":\"Blog Carid\u00e9al\",\"item\":\"https:\/\/www.carideal.com\/blog\/\"},{\"@type\":\"ListItem\",\"position\":2,\"name\":\"Marque de voiture\",\"item\":\"https:\/\/www.carideal.com\/blog\/marque-de-voiture-actualites-essais\/\"},{\"@type\":\"ListItem\",\"position\":3,\"name\":\"Marques de voiture allemande\"}]},{\"@type\":\"WebSite\",\"@id\":\"https:\/\/www.carideal.com\/blog\/#website\",\"url\":\"https:\/\/www.carideal.com\/blog\/\",\"name\":\"Blog auto Carid\u00e9al\",\"description\":\"Actualit\u00e9 auto par des passionn\u00e9s\",\"publisher\":{\"@id\":\"https:\/\/www.carideal.com\/blog\/#organization\"},\"potentialAction\":[{\"@type\":\"SearchAction\",\"target\":{\"@type\":\"EntryPoint\",\"urlTemplate\":\"https:\/\/www.carideal.com\/blog\/?s={search_term_string}\"},\"query-input\":{\"@type\":\"PropertyValueSpecification\",\"valueRequired\":true,\"valueName\":\"search_term_string\"}}],\"inLanguage\":\"fr-FR\"},{\"@type\":\"Organization\",\"@id\":\"https:\/\/www.carideal.com\/blog\/#organization\",\"name\":\"Carideal\",\"url\":\"https:\/\/www.carideal.com\/blog\/\",\"logo\":{\"@type\":\"ImageObject\",\"inLanguage\":\"fr-FR\",\"@id\":\"https:\/\/www.carideal.com\/blog\/#\/schema\/logo\/image\/\",\"url\":\"http:\/\/www.carideal.com\/blog\/wp-content\/uploads\/2016\/03\/logo-carideal-mandataire-automobile.png\",\"contentUrl\":\"http:\/\/www.carideal.com\/blog\/wp-content\/uploads\/2016\/03\/logo-carideal-mandataire-automobile.png\",\"width\":300,\"height\":300,\"caption\":\"Carideal\"},\"image\":{\"@id\":\"https:\/\/www.carideal.com\/blog\/#\/schema\/logo\/image\/\"},\"sameAs\":[\"https:\/\/www.facebook.com\/Carideal.mandataire.automobile\",\"https:\/\/x.com\/caridealauto\",\"https:\/\/www.instagram.com\/carideal1\/\",\"https:\/\/www.linkedin.com\/company\/carideal.com\",\"https:\/\/fr.pinterest.com\/schiavonsas\/\",\"https:\/\/www.youtube.com\/user\/caridealsas\"]}]}<\/script>\n<!-- \/ Yoast SEO plugin. -->","yoast_head_json":{"title":"Marques de voiture allemande - Blog auto Carid\u00e9al","description":"L'automobile \u00e0 essence a \u00e9t\u00e9 invent\u00e9e en Allemagne par Karl Benz. Passons en revue les marques de voiture Allemande.","robots":{"index":"index","follow":"follow","max-snippet":"max-snippet:-1","max-image-preview":"max-image-preview:large","max-video-preview":"max-video-preview:-1"},"canonical":"https:\/\/www.carideal.com\/blog\/marque-de-voiture-actualites-essais\/allemande\/","og_locale":"fr_FR","og_type":"article","og_title":"Marques de voiture allemande - Blog auto Carid\u00e9al","og_description":"L'automobile \u00e0 essence a \u00e9t\u00e9 invent\u00e9e en Allemagne par Karl Benz. Passons en revue les marques de voiture Allemande.","og_url":"https:\/\/www.carideal.com\/blog\/marque-de-voiture-actualites-essais\/allemande\/","og_site_name":"Blog auto Carid\u00e9al","article_publisher":"https:\/\/www.facebook.com\/Carideal.mandataire.automobile","article_modified_time":"2021-01-14T13:01:46+00:00","og_image":[{"width":600,"height":392,"url":"https:\/\/www.carideal.com\/blog\/wp-content\/uploads\/2020\/12\/Marque-de-voiture-allemande.jpg","type":"image\/jpeg"}],"twitter_card":"summary_large_image","twitter_site":"@caridealauto","twitter_misc":{"Dur\u00e9e de lecture estim\u00e9e":"2 minutes"},"schema":{"@context":"https:\/\/schema.org","@graph":[{"@type":"WebPage","@id":"https:\/\/www.carideal.com\/blog\/marque-de-voiture-actualites-essais\/allemande\/","url":"https:\/\/www.carideal.com\/blog\/marque-de-voiture-actualites-essais\/allemande\/","name":"Marques de voiture allemande - Blog auto Carid\u00e9al","isPartOf":{"@id":"https:\/\/www.carideal.com\/blog\/#website"},"primaryImageOfPage":{"@id":"https:\/\/www.carideal.com\/blog\/marque-de-voiture-actualites-essais\/allemande\/#primaryimage"},"image":{"@id":"https:\/\/www.carideal.com\/blog\/marque-de-voiture-actualites-essais\/allemande\/#primaryimage"},"thumbnailUrl":"https:\/\/www.carideal.com\/blog\/wp-content\/uploads\/2020\/12\/Marque-de-voiture-allemande.jpg","datePublished":"2020-12-30T19:36:52+00:00","dateModified":"2021-01-14T13:01:46+00:00","description":"L'automobile \u00e0 essence a \u00e9t\u00e9 invent\u00e9e en Allemagne par Karl Benz. Passons en revue les marques de voiture Allemande.","breadcrumb":{"@id":"https:\/\/www.carideal.com\/blog\/marque-de-voiture-actualites-essais\/allemande\/#breadcrumb"},"inLanguage":"fr-FR","potentialAction":[{"@type":"ReadAction","target":["https:\/\/www.carideal.com\/blog\/marque-de-voiture-actualites-essais\/allemande\/"]}]},{"@type":"ImageObject","inLanguage":"fr-FR","@id":"https:\/\/www.carideal.com\/blog\/marque-de-voiture-actualites-essais\/allemande\/#primaryimage","url":"https:\/\/www.carideal.com\/blog\/wp-content\/uploads\/2020\/12\/Marque-de-voiture-allemande.jpg","contentUrl":"https:\/\/www.carideal.com\/blog\/wp-content\/uploads\/2020\/12\/Marque-de-voiture-allemande.jpg","width":600,"height":392,"caption":"Marque de voiture Allemande"},{"@type":"BreadcrumbList","@id":"https:\/\/www.carideal.com\/blog\/marque-de-voiture-actualites-essais\/allemande\/#breadcrumb","itemListElement":[{"@type":"ListItem","position":1,"name":"Blog Carid\u00e9al","item":"https:\/\/www.carideal.com\/blog\/"},{"@type":"ListItem","position":2,"name":"Marque de voiture","item":"https:\/\/www.carideal.com\/blog\/marque-de-voiture-actualites-essais\/"},{"@type":"ListItem","position":3,"name":"Marques de voiture allemande"}]},{"@type":"WebSite","@id":"https:\/\/www.carideal.com\/blog\/#website","url":"https:\/\/www.carideal.com\/blog\/","name":"Blog auto Carid\u00e9al","description":"Actualit\u00e9 auto par des passionn\u00e9s","publisher":{"@id":"https:\/\/www.carideal.com\/blog\/#organization"},"potentialAction":[{"@type":"SearchAction","target":{"@type":"EntryPoint","urlTemplate":"https:\/\/www.carideal.com\/blog\/?s={search_term_string}"},"query-input":{"@type":"PropertyValueSpecification","valueRequired":true,"valueName":"search_term_string"}}],"inLanguage":"fr-FR"},{"@type":"Organization","@id":"https:\/\/www.carideal.com\/blog\/#organization","name":"Carideal","url":"https:\/\/www.carideal.com\/blog\/","logo":{"@type":"ImageObject","inLanguage":"fr-FR","@id":"https:\/\/www.carideal.com\/blog\/#\/schema\/logo\/image\/","url":"http:\/\/www.carideal.com\/blog\/wp-content\/uploads\/2016\/03\/logo-carideal-mandataire-automobile.png","contentUrl":"http:\/\/www.carideal.com\/blog\/wp-content\/uploads\/2016\/03\/logo-carideal-mandataire-automobile.png","width":300,"height":300,"caption":"Carideal"},"image":{"@id":"https:\/\/www.carideal.com\/blog\/#\/schema\/logo\/image\/"},"sameAs":["https:\/\/www.facebook.com\/Carideal.mandataire.automobile","https:\/\/x.com\/caridealauto","https:\/\/www.instagram.com\/carideal1\/","https:\/\/www.linkedin.com\/company\/carideal.com","https:\/\/fr.pinterest.com\/schiavonsas\/","https:\/\/www.youtube.com\/user\/caridealsas"]}]}},"uagb_featured_image_src":{"full":["https:\/\/www.carideal.com\/blog\/wp-content\/uploads\/2020\/12\/Marque-de-voiture-allemande.jpg",600,392,false],"thumbnail":["https:\/\/www.carideal.com\/blog\/wp-content\/uploads\/2020\/12\/Marque-de-voiture-allemande-150x150.jpg",150,150,true],"medium":["https:\/\/www.carideal.com\/blog\/wp-content\/uploads\/2020\/12\/Marque-de-voiture-allemande-300x196.jpg",300,196,true],"medium_large":["https:\/\/www.carideal.com\/blog\/wp-content\/uploads\/2020\/12\/Marque-de-voiture-allemande.jpg",600,392,false],"large":["https:\/\/www.carideal.com\/blog\/wp-content\/uploads\/2020\/12\/Marque-de-voiture-allemande.jpg",600,392,false],"1536x1536":["https:\/\/www.carideal.com\/blog\/wp-content\/uploads\/2020\/12\/Marque-de-voiture-allemande.jpg",600,392,false],"2048x2048":["https:\/\/www.carideal.com\/blog\/wp-content\/uploads\/2020\/12\/Marque-de-voiture-allemande.jpg",600,392,false],"wppr-widget":["https:\/\/www.carideal.com\/blog\/wp-content\/uploads\/2020\/12\/Marque-de-voiture-allemande-50x33.jpg",50,33,true]},"uagb_author_info":{"display_name":"Nicolas SCHIAVON","author_link":"https:\/\/www.carideal.com\/blog\/author\/nschiavon\/"},"uagb_comment_info":0,"uagb_excerpt":"Marques de voiture allemande L'automobile \u00e0 essence a \u00e9t\u00e9 invent\u00e9e en Allemagne par Karl Benz. L'Allemagne est r\u00e9put\u00e9e pour les voitures de sport performantes et de haute qualit\u00e9 fabriqu\u00e9es par Porsche, et les voitures de Mercedes, BMW et Audi sont c\u00e9l\u00e8bres pour leur qualit\u00e9 et leur innovation technologique. Passons en revue les marques de voiture\u2026","_links":{"self":[{"href":"https:\/\/www.carideal.com\/blog\/wp-json\/wp\/v2\/pages\/26109"}],"collection":[{"href":"https:\/\/www.carideal.com\/blog\/wp-json\/wp\/v2\/pages"}],"about":[{"href":"https:\/\/www.carideal.com\/blog\/wp-json\/wp\/v2\/types\/page"}],"author":[{"embeddable":true,"href":"https:\/\/www.carideal.com\/blog\/wp-json\/wp\/v2\/users\/3"}],"replies":[{"embeddable":true,"href":"https:\/\/www.carideal.com\/blog\/wp-json\/wp\/v2\/comments?post=26109"}],"version-history":[{"count":0,"href":"https:\/\/www.carideal.com\/blog\/wp-json\/wp\/v2\/pages\/26109\/revisions"}],"up":[{"embeddable":true,"href":"https:\/\/www.carideal.com\/blog\/wp-json\/wp\/v2\/pages\/13389"}],"wp:featuredmedia":[{"embeddable":true,"href":"https:\/\/www.carideal.com\/blog\/wp-json\/wp\/v2\/media\/26110"}],"wp:attachment":[{"href":"https:\/\/www.carideal.com\/blog\/wp-json\/wp\/v2\/media?parent=26109"}],"curies":[{"name":"wp","href":"https:\/\/api.w.org\/{rel}","templated":true}]}}