{"id":25973,"date":"2020-12-15T18:54:04","date_gmt":"2020-12-15T17:54:04","guid":{"rendered":"http:\/\/www.carideal.com\/blog\/?page_id=25973"},"modified":"2021-01-14T14:02:19","modified_gmt":"2021-01-14T13:02:19","slug":"marques-de-voitures-britanniques","status":"publish","type":"page","link":"https:\/\/www.carideal.com\/blog\/marque-de-voiture-actualites-essais\/marques-de-voitures-britanniques\/","title":{"rendered":"Marques de voiture Britannique"},"content":{"rendered":"\n<h2 class=\"wp-block-heading\">Marques de voitures britanniques<\/h2>\n\n\n\n<p>Question <strong>marques de voitures britanniques<\/strong>, l'industrie automobile du Royaume-Uni est aujourd'hui surtout connue pour ses <a href=\"http:\/\/www.carideal.com\/blog\/2013\/01\/23\/audi-mercedes-bmw-un-trio-de-luxe\/\">voitures de luxe<\/a> et ses marques de sport de luxe, notamment <a href=\"http:\/\/www.carideal.com\/blog\/marque-de-voiture-actualites-essais\/rolls-royce\/\">Rolls-Royce<\/a>, <a href=\"http:\/\/www.carideal.com\/blog\/marque-de-voiture-actualites-essais\/bentley\/\">Bentley<\/a>, <a href=\"http:\/\/www.carideal.com\/blog\/marque-de-voiture-actualites-essais\/aston-martin\/\">Aston Martin<\/a>, Lagonda, <a href=\"http:\/\/www.carideal.com\/blog\/marque-de-voiture-actualites-essais\/land-rover\/\">Land Rover<\/a>, <a href=\"http:\/\/www.carideal.com\/blog\/marque-de-voiture-actualites-essais\/jaguar\/\">Jaguar<\/a>, McLaren, Lotus, Mini, MG et Morgan.<\/p>\n\n\n\n<figure class=\"wp-block-image size-large\"><a href=\"http:\/\/www.carideal.com\/blog\/wp-content\/uploads\/2020\/12\/Marques-de-voiture-britanique.jpg\"><img loading=\"lazy\" decoding=\"async\" width=\"600\" height=\"342\" src=\"http:\/\/www.carideal.com\/blog\/wp-content\/uploads\/2020\/12\/Marques-de-voiture-britanique.jpg\" alt=\"Marques de voitures Britanniques\" class=\"wp-image-25977\" srcset=\"https:\/\/www.carideal.com\/blog\/wp-content\/uploads\/2020\/12\/Marques-de-voiture-britanique.jpg 600w, https:\/\/www.carideal.com\/blog\/wp-content\/uploads\/2020\/12\/Marques-de-voiture-britanique-300x171.jpg 300w, https:\/\/www.carideal.com\/blog\/wp-content\/uploads\/2020\/12\/Marques-de-voiture-britanique-50x29.jpg 50w, https:\/\/www.carideal.com\/blog\/wp-content\/uploads\/2020\/12\/Marques-de-voiture-britanique-110x63.jpg 110w, https:\/\/www.carideal.com\/blog\/wp-content\/uploads\/2020\/12\/Marques-de-voiture-britanique-420x239.jpg 420w\" sizes=\"(max-width: 600px) 100vw, 600px\" \/><\/a><figcaption>Marques de voitures Britanniques<\/figcaption><\/figure>\n\n\n\n<p>La Grande-Bretagne \u00e9tait l'un des pays industriels les plus avanc\u00e9s du monde, cependant, l'industrie automobile qui repr\u00e9sentait ses r\u00e9alisations en mati\u00e8re de d\u00e9veloppement industriel a d\u00e9clin\u00e9. Certaines de ses <a href=\"http:\/\/www.carideal.com\/blog\/marque-de-voiture-actualites-essais\/marques-de-voitures-britanniques\/6-marques-de-luxe-vendues-par-langleterre\/\">marques ont \u00e9t\u00e9 vendues<\/a>.<\/p>\n\n\n\n<p>Les c\u00e9l\u00e8bres <a href=\"http:\/\/www.carideal.com\/blog\/marque-de-voiture-actualites-essais\/\">marques de voitures<\/a> anglaises comme Bentley, Rolls-Royce et MINI ont appartenu \u00e0 l'Allemagne (<a href=\"http:\/\/www.carideal.com\/blog\/marque-de-voiture-actualites-essais\/volkswagen\/\">Volkswagen<\/a>, <a href=\"http:\/\/www.carideal.com\/blog\/marque-de-voiture-actualites-essais\/bmw\/\">BMW<\/a>) ; Land Rover et Jaguar ont \u00e9t\u00e9 vendues \u00e0 <a href=\"http:\/\/www.carideal.com\/blog\/2011\/07\/21\/tata-produit-des-land-rover-en-inde\/\">Tata<\/a> (Inde), et Lotus a \u00e9t\u00e9 fusionn\u00e9e et achet\u00e9e par la <a href=\"http:\/\/www.carideal.com\/blog\/2007\/11\/27\/l-industrie-automobile-chinoise\/\">marque chinoise<\/a> Geely Auto.<\/p>\n\n\n\n<p>Voyons voir ! Quelles sont les marques de voitures qui figurent sur la liste.<\/p>\n\n\n\n<h3 class=\"wp-block-heading\">Marques de voitures ultra-luxe<\/h3>\n\n\n\n<p>Bentley est la marque de voitures de luxe la plus populaire.<\/p>\n\n\n\n<ul class=\"wp-block-list\"><li>Bentley<\/li><li>Rolls-Royce<\/li><li>Lagonda<\/li><\/ul>\n\n\n\n<h3 class=\"wp-block-heading\">Marques de voitures de luxe britanniques<\/h3>\n\n\n\n<ul class=\"wp-block-list\"><li>Land Rover<\/li><li>Jaguar<\/li><li>Mini<\/li><\/ul>\n\n\n\n<h3 class=\"wp-block-heading\">Marques de voitures de sport<\/h3>\n\n\n\n<p>Aston Martin est la marque britannique embl\u00e9matique des voitures de sport de luxe. <a href=\"http:\/\/www.carideal.com\/blog\/2015\/04\/07\/aston-martin-vulcan\/\">Aston Martin Vulcan<\/a> - Vitesse maximale : 360,5 km\/h (224 mph), ou <a href=\"http:\/\/www.carideal.com\/blog\/2017\/02\/07\/les-meilleures-hypercars-2017\/\">Hypercar<\/a>, class\u00e9e 14e parmi les 20 <a href=\"http:\/\/www.carideal.com\/blog\/2013\/04\/03\/la-voiture-la-plus-rapide-du-monde-hennessey-venom-gt-425-kmh\/\">voitures les plus rapides au monde<\/a>. <a href=\"http:\/\/www.carideal.com\/blog\/2019\/10\/17\/meilleures-voitures-de-sport\/\">Meilleurs voiture de sport<\/a>.<\/p>\n\n\n\n<ul class=\"wp-block-list\"><li>Aston Martin<\/li><li>McLaren<\/li><li>Lotus<\/li><li>Morgan<\/li><li>Noble<\/li><li>Arash<\/li><li>Ascari<\/li><li>TVR<\/li><li>Ginetta<\/li><li>Lister<\/li><li>Zenos<\/li><li>AC<\/li><li>Atalanta<\/li><li>BAC<\/li><li>Suffolk<\/li><li>Ronart<\/li><li>Ultima<\/li><li>Gardner Douglas<\/li><li>Brooke<\/li><li>Marlin<\/li><\/ul>\n\n\n\n<h3 class=\"wp-block-heading\">Marque de Roadsters Britanique<\/h3>\n\n\n\n<ul class=\"wp-block-list\"><li>Elemental<\/li><li>Caparo<\/li><li>Caterham<\/li><li>Westfield<\/li><li>Elva<\/li><li>MEV<\/li><li>MK<\/li><\/ul>\n\n\n\n<h3 class=\"wp-block-heading\">Autres marques Anglaise<\/h3>\n\n\n\n<ul class=\"wp-block-list\"><li>Vauxhall<\/li><li>MG<\/li><li><a href=\"http:\/\/www.carideal.com\/blog\/marque-de-voiture-actualites-essais\/ariel\/\">Ariel<\/a><\/li><li>David Brown<\/li><li>Keating<\/li><li>LEVC<\/li><li>Grinnall<\/li><li>Prodrive<\/li><li>Radical<\/li><li><a href=\"http:\/\/www.carideal.com\/blog\/2019\/12\/30\/bowler-specialiste-de-la-preparation-4x4-achete-par-land-rover\/\">Bowler<\/a><\/li><li>JBA Motors<\/li><li>Axon<\/li><li>Bristol<\/li><\/ul>\n\n\n\n<h3 class=\"wp-block-heading\">Marques de voitures Britanniques disparues<\/h3>\n\n\n\n<ul class=\"wp-block-list\"><li>Eterniti<\/li><li>ERF<\/li><li>Marcos<\/li><li>Foden<\/li><li>Rover<\/li><li>Morris<\/li><li>Triumph<\/li><li>Jensen<\/li><li>Singer<\/li><li>Riley<\/li><li>Leyland<\/li><li>Alvis<\/li><li>Berkeley<\/li><li>Austin<\/li><li>Hillman<\/li><\/ul>\n\n\n\n<h4 class=\"wp-block-heading\">Pages similaires<\/h4>\n\n\n\n\n\n<h3 class=\"wp-block-heading\">Les autres marques de voitures<\/h3>\n\n\n\n<div class=\"wp-block-columns is-layout-flex wp-container-core-columns-is-layout-1 wp-block-columns-is-layout-flex\">\n<div class=\"wp-block-column is-layout-flow wp-block-column-is-layout-flow\">\n<ul class=\"wp-block-list\"><li>Marques de voiture am\u00e9ricaines<\/li><li><a href=\"http:\/\/www.carideal.com\/blog\/marque-de-voiture-actualites-essais\/japonaise\/\">Marques de voitures japonaises<\/a><\/li><li><a href=\"http:\/\/www.carideal.com\/blog\/marque-de-voiture-actualites-essais\/allemande\/\">Marques de voitures allemandes<\/a><\/li><li><a href=\"http:\/\/www.carideal.com\/blog\/marque-de-voiture-actualites-essais\/italiennes\/\">Marques de voitures italiennes<\/a><\/li><li><a href=\"http:\/\/www.carideal.com\/blog\/marque-de-voiture-actualites-essais\/marques-de-voitures-britanniques\/\">Marques de voitures britanniques<\/a><\/li><li>Marques automobiles fran\u00e7aises<\/li><li><a href=\"http:\/\/www.carideal.com\/blog\/marque-de-voiture-actualites-essais\/indiennes\/\">Marques de voitures indiennes<\/a><\/li><li>Marques de voitures n\u00e9erlandaises<\/li><li>Marques de voitures tch\u00e8ques<\/li><li>Marques de voitures br\u00e9siliennes<\/li><\/ul>\n<\/div>\n\n\n\n<div class=\"wp-block-column is-layout-flow wp-block-column-is-layout-flow\">\n<ul class=\"wp-block-list\"><li><a href=\"http:\/\/www.carideal.com\/blog\/marque-de-voiture-actualites-essais\/malaisie\/\">Marques de voitures malaisiennes<\/a><\/li><li>Les marques de voitures des \u00c9mirats Arabes Unis<\/li><li>Marques de voitures de Taiwan<\/li><li>Marques de voitures mexicaines<\/li><li>Marques de voitures iraniennes<\/li><li>Marques de voitures cor\u00e9ennes<\/li><li><a href=\"http:\/\/www.carideal.com\/blog\/2007\/11\/27\/l-industrie-automobile-chinoise\/\">Marques de voiture chinoise<\/a><\/li><li>Marques de voiture africaine<\/li><li>Marques de voiture belge<\/li><li><a href=\"http:\/\/www.carideal.com\/blog\/marque-de-voiture-actualites-essais\/russe\/\">Marques de voiture russe<\/a><\/li><li>Marques de voiture suisse<\/li><\/ul>\n<\/div>\n<\/div>\n","protected":false},"excerpt":{"rendered":"<p>Marques de voitures britanniques Question marques de voitures britanniques, l&rsquo;industrie automobile du Royaume-Uni est aujourd&rsquo;hui surtout connue pour ses voitures de luxe et ses marques de sport de luxe, notamment Rolls-Royce, Bentley, Aston Martin, Lagonda, Land Rover, Jaguar, McLaren, Lotus, Mini, MG et Morgan. La Grande-Bretagne \u00e9tait l&rsquo;un des pays industriels les plus avanc\u00e9s du &#8230; <a title=\"Marques de voiture Britannique\" class=\"read-more\" href=\"https:\/\/www.carideal.com\/blog\/marque-de-voiture-actualites-essais\/marques-de-voitures-britanniques\/\" aria-label=\"En savoir plus sur Marques de voiture Britannique\">Lire plus<\/a><\/p>\n","protected":false},"author":3,"featured_media":25977,"parent":13389,"menu_order":0,"comment_status":"closed","ping_status":"closed","template":"","meta":{"_uag_custom_page_level_css":"","_themeisle_gutenberg_block_has_review":false,"footnotes":""},"class_list":["post-25973","page","type-page","status-publish","has-post-thumbnail"],"wppr_data":{"cwp_meta_box_check":"No"},"yoast_head":"<!-- This site is optimized with the Yoast SEO plugin v24.8.1 - https:\/\/yoast.com\/wordpress\/plugins\/seo\/ -->\n<title>Marques de voiture Britannique - Blog auto Carid\u00e9al<\/title>\n<meta name=\"description\" content=\"Question marques de voitures britanniques, l&#039;industrie automobile du Royaume-Uni est aujourd&#039;hui surtout connue pour ses voitures de luxe et ses marques de sport de luxe\" \/>\n<meta name=\"robots\" content=\"index, follow, max-snippet:-1, max-image-preview:large, max-video-preview:-1\" \/>\n<link rel=\"canonical\" href=\"https:\/\/www.carideal.com\/blog\/marque-de-voiture-actualites-essais\/marques-de-voitures-britanniques\/\" \/>\n<meta property=\"og:locale\" content=\"fr_FR\" \/>\n<meta property=\"og:type\" content=\"article\" \/>\n<meta property=\"og:title\" content=\"Marques de voiture Britannique - Blog auto Carid\u00e9al\" \/>\n<meta property=\"og:description\" content=\"Question marques de voitures britanniques, l&#039;industrie automobile du Royaume-Uni est aujourd&#039;hui surtout connue pour ses voitures de luxe et ses marques de sport de luxe\" \/>\n<meta property=\"og:url\" content=\"https:\/\/www.carideal.com\/blog\/marque-de-voiture-actualites-essais\/marques-de-voitures-britanniques\/\" \/>\n<meta property=\"og:site_name\" content=\"Blog auto Carid\u00e9al\" \/>\n<meta property=\"article:publisher\" content=\"https:\/\/www.facebook.com\/Carideal.mandataire.automobile\" \/>\n<meta property=\"article:modified_time\" content=\"2021-01-14T13:02:19+00:00\" \/>\n<meta property=\"og:image\" content=\"https:\/\/www.carideal.com\/blog\/wp-content\/uploads\/2020\/12\/Marques-de-voiture-britanique.jpg\" \/>\n\t<meta property=\"og:image:width\" content=\"600\" \/>\n\t<meta property=\"og:image:height\" content=\"342\" \/>\n\t<meta property=\"og:image:type\" content=\"image\/jpeg\" \/>\n<meta name=\"twitter:card\" content=\"summary_large_image\" \/>\n<meta name=\"twitter:site\" content=\"@caridealauto\" \/>\n<meta name=\"twitter:label1\" content=\"Dur\u00e9e de lecture estim\u00e9e\" \/>\n\t<meta name=\"twitter:data1\" content=\"2 minutes\" \/>\n<script type=\"application\/ld+json\" class=\"yoast-schema-graph\">{\"@context\":\"https:\/\/schema.org\",\"@graph\":[{\"@type\":\"WebPage\",\"@id\":\"https:\/\/www.carideal.com\/blog\/marque-de-voiture-actualites-essais\/marques-de-voitures-britanniques\/\",\"url\":\"https:\/\/www.carideal.com\/blog\/marque-de-voiture-actualites-essais\/marques-de-voitures-britanniques\/\",\"name\":\"Marques de voiture Britannique - Blog auto Carid\u00e9al\",\"isPartOf\":{\"@id\":\"https:\/\/www.carideal.com\/blog\/#website\"},\"primaryImageOfPage\":{\"@id\":\"https:\/\/www.carideal.com\/blog\/marque-de-voiture-actualites-essais\/marques-de-voitures-britanniques\/#primaryimage\"},\"image\":{\"@id\":\"https:\/\/www.carideal.com\/blog\/marque-de-voiture-actualites-essais\/marques-de-voitures-britanniques\/#primaryimage\"},\"thumbnailUrl\":\"https:\/\/www.carideal.com\/blog\/wp-content\/uploads\/2020\/12\/Marques-de-voiture-britanique.jpg\",\"datePublished\":\"2020-12-15T17:54:04+00:00\",\"dateModified\":\"2021-01-14T13:02:19+00:00\",\"description\":\"Question marques de voitures britanniques, l'industrie automobile du Royaume-Uni est aujourd'hui surtout connue pour ses voitures de luxe et ses marques de sport de luxe\",\"breadcrumb\":{\"@id\":\"https:\/\/www.carideal.com\/blog\/marque-de-voiture-actualites-essais\/marques-de-voitures-britanniques\/#breadcrumb\"},\"inLanguage\":\"fr-FR\",\"potentialAction\":[{\"@type\":\"ReadAction\",\"target\":[\"https:\/\/www.carideal.com\/blog\/marque-de-voiture-actualites-essais\/marques-de-voitures-britanniques\/\"]}]},{\"@type\":\"ImageObject\",\"inLanguage\":\"fr-FR\",\"@id\":\"https:\/\/www.carideal.com\/blog\/marque-de-voiture-actualites-essais\/marques-de-voitures-britanniques\/#primaryimage\",\"url\":\"https:\/\/www.carideal.com\/blog\/wp-content\/uploads\/2020\/12\/Marques-de-voiture-britanique.jpg\",\"contentUrl\":\"https:\/\/www.carideal.com\/blog\/wp-content\/uploads\/2020\/12\/Marques-de-voiture-britanique.jpg\",\"width\":600,\"height\":342,\"caption\":\"Marques de voitures Britanniques\"},{\"@type\":\"BreadcrumbList\",\"@id\":\"https:\/\/www.carideal.com\/blog\/marque-de-voiture-actualites-essais\/marques-de-voitures-britanniques\/#breadcrumb\",\"itemListElement\":[{\"@type\":\"ListItem\",\"position\":1,\"name\":\"Blog Carid\u00e9al\",\"item\":\"https:\/\/www.carideal.com\/blog\/\"},{\"@type\":\"ListItem\",\"position\":2,\"name\":\"Marque de voiture\",\"item\":\"https:\/\/www.carideal.com\/blog\/marque-de-voiture-actualites-essais\/\"},{\"@type\":\"ListItem\",\"position\":3,\"name\":\"Marques de voiture Britannique\"}]},{\"@type\":\"WebSite\",\"@id\":\"https:\/\/www.carideal.com\/blog\/#website\",\"url\":\"https:\/\/www.carideal.com\/blog\/\",\"name\":\"Blog auto Carid\u00e9al\",\"description\":\"Actualit\u00e9 auto par des passionn\u00e9s\",\"publisher\":{\"@id\":\"https:\/\/www.carideal.com\/blog\/#organization\"},\"potentialAction\":[{\"@type\":\"SearchAction\",\"target\":{\"@type\":\"EntryPoint\",\"urlTemplate\":\"https:\/\/www.carideal.com\/blog\/?s={search_term_string}\"},\"query-input\":{\"@type\":\"PropertyValueSpecification\",\"valueRequired\":true,\"valueName\":\"search_term_string\"}}],\"inLanguage\":\"fr-FR\"},{\"@type\":\"Organization\",\"@id\":\"https:\/\/www.carideal.com\/blog\/#organization\",\"name\":\"Carideal\",\"url\":\"https:\/\/www.carideal.com\/blog\/\",\"logo\":{\"@type\":\"ImageObject\",\"inLanguage\":\"fr-FR\",\"@id\":\"https:\/\/www.carideal.com\/blog\/#\/schema\/logo\/image\/\",\"url\":\"http:\/\/www.carideal.com\/blog\/wp-content\/uploads\/2016\/03\/logo-carideal-mandataire-automobile.png\",\"contentUrl\":\"http:\/\/www.carideal.com\/blog\/wp-content\/uploads\/2016\/03\/logo-carideal-mandataire-automobile.png\",\"width\":300,\"height\":300,\"caption\":\"Carideal\"},\"image\":{\"@id\":\"https:\/\/www.carideal.com\/blog\/#\/schema\/logo\/image\/\"},\"sameAs\":[\"https:\/\/www.facebook.com\/Carideal.mandataire.automobile\",\"https:\/\/x.com\/caridealauto\",\"https:\/\/www.instagram.com\/carideal1\/\",\"https:\/\/www.linkedin.com\/company\/carideal.com\",\"https:\/\/fr.pinterest.com\/schiavonsas\/\",\"https:\/\/www.youtube.com\/user\/caridealsas\"]}]}<\/script>\n<!-- \/ Yoast SEO plugin. -->","yoast_head_json":{"title":"Marques de voiture Britannique - Blog auto Carid\u00e9al","description":"Question marques de voitures britanniques, l'industrie automobile du Royaume-Uni est aujourd'hui surtout connue pour ses voitures de luxe et ses marques de sport de luxe","robots":{"index":"index","follow":"follow","max-snippet":"max-snippet:-1","max-image-preview":"max-image-preview:large","max-video-preview":"max-video-preview:-1"},"canonical":"https:\/\/www.carideal.com\/blog\/marque-de-voiture-actualites-essais\/marques-de-voitures-britanniques\/","og_locale":"fr_FR","og_type":"article","og_title":"Marques de voiture Britannique - Blog auto Carid\u00e9al","og_description":"Question marques de voitures britanniques, l'industrie automobile du Royaume-Uni est aujourd'hui surtout connue pour ses voitures de luxe et ses marques de sport de luxe","og_url":"https:\/\/www.carideal.com\/blog\/marque-de-voiture-actualites-essais\/marques-de-voitures-britanniques\/","og_site_name":"Blog auto Carid\u00e9al","article_publisher":"https:\/\/www.facebook.com\/Carideal.mandataire.automobile","article_modified_time":"2021-01-14T13:02:19+00:00","og_image":[{"width":600,"height":342,"url":"https:\/\/www.carideal.com\/blog\/wp-content\/uploads\/2020\/12\/Marques-de-voiture-britanique.jpg","type":"image\/jpeg"}],"twitter_card":"summary_large_image","twitter_site":"@caridealauto","twitter_misc":{"Dur\u00e9e de lecture estim\u00e9e":"2 minutes"},"schema":{"@context":"https:\/\/schema.org","@graph":[{"@type":"WebPage","@id":"https:\/\/www.carideal.com\/blog\/marque-de-voiture-actualites-essais\/marques-de-voitures-britanniques\/","url":"https:\/\/www.carideal.com\/blog\/marque-de-voiture-actualites-essais\/marques-de-voitures-britanniques\/","name":"Marques de voiture Britannique - Blog auto Carid\u00e9al","isPartOf":{"@id":"https:\/\/www.carideal.com\/blog\/#website"},"primaryImageOfPage":{"@id":"https:\/\/www.carideal.com\/blog\/marque-de-voiture-actualites-essais\/marques-de-voitures-britanniques\/#primaryimage"},"image":{"@id":"https:\/\/www.carideal.com\/blog\/marque-de-voiture-actualites-essais\/marques-de-voitures-britanniques\/#primaryimage"},"thumbnailUrl":"https:\/\/www.carideal.com\/blog\/wp-content\/uploads\/2020\/12\/Marques-de-voiture-britanique.jpg","datePublished":"2020-12-15T17:54:04+00:00","dateModified":"2021-01-14T13:02:19+00:00","description":"Question marques de voitures britanniques, l'industrie automobile du Royaume-Uni est aujourd'hui surtout connue pour ses voitures de luxe et ses marques de sport de luxe","breadcrumb":{"@id":"https:\/\/www.carideal.com\/blog\/marque-de-voiture-actualites-essais\/marques-de-voitures-britanniques\/#breadcrumb"},"inLanguage":"fr-FR","potentialAction":[{"@type":"ReadAction","target":["https:\/\/www.carideal.com\/blog\/marque-de-voiture-actualites-essais\/marques-de-voitures-britanniques\/"]}]},{"@type":"ImageObject","inLanguage":"fr-FR","@id":"https:\/\/www.carideal.com\/blog\/marque-de-voiture-actualites-essais\/marques-de-voitures-britanniques\/#primaryimage","url":"https:\/\/www.carideal.com\/blog\/wp-content\/uploads\/2020\/12\/Marques-de-voiture-britanique.jpg","contentUrl":"https:\/\/www.carideal.com\/blog\/wp-content\/uploads\/2020\/12\/Marques-de-voiture-britanique.jpg","width":600,"height":342,"caption":"Marques de voitures Britanniques"},{"@type":"BreadcrumbList","@id":"https:\/\/www.carideal.com\/blog\/marque-de-voiture-actualites-essais\/marques-de-voitures-britanniques\/#breadcrumb","itemListElement":[{"@type":"ListItem","position":1,"name":"Blog Carid\u00e9al","item":"https:\/\/www.carideal.com\/blog\/"},{"@type":"ListItem","position":2,"name":"Marque de voiture","item":"https:\/\/www.carideal.com\/blog\/marque-de-voiture-actualites-essais\/"},{"@type":"ListItem","position":3,"name":"Marques de voiture Britannique"}]},{"@type":"WebSite","@id":"https:\/\/www.carideal.com\/blog\/#website","url":"https:\/\/www.carideal.com\/blog\/","name":"Blog auto Carid\u00e9al","description":"Actualit\u00e9 auto par des passionn\u00e9s","publisher":{"@id":"https:\/\/www.carideal.com\/blog\/#organization"},"potentialAction":[{"@type":"SearchAction","target":{"@type":"EntryPoint","urlTemplate":"https:\/\/www.carideal.com\/blog\/?s={search_term_string}"},"query-input":{"@type":"PropertyValueSpecification","valueRequired":true,"valueName":"search_term_string"}}],"inLanguage":"fr-FR"},{"@type":"Organization","@id":"https:\/\/www.carideal.com\/blog\/#organization","name":"Carideal","url":"https:\/\/www.carideal.com\/blog\/","logo":{"@type":"ImageObject","inLanguage":"fr-FR","@id":"https:\/\/www.carideal.com\/blog\/#\/schema\/logo\/image\/","url":"http:\/\/www.carideal.com\/blog\/wp-content\/uploads\/2016\/03\/logo-carideal-mandataire-automobile.png","contentUrl":"http:\/\/www.carideal.com\/blog\/wp-content\/uploads\/2016\/03\/logo-carideal-mandataire-automobile.png","width":300,"height":300,"caption":"Carideal"},"image":{"@id":"https:\/\/www.carideal.com\/blog\/#\/schema\/logo\/image\/"},"sameAs":["https:\/\/www.facebook.com\/Carideal.mandataire.automobile","https:\/\/x.com\/caridealauto","https:\/\/www.instagram.com\/carideal1\/","https:\/\/www.linkedin.com\/company\/carideal.com","https:\/\/fr.pinterest.com\/schiavonsas\/","https:\/\/www.youtube.com\/user\/caridealsas"]}]}},"uagb_featured_image_src":{"full":["https:\/\/www.carideal.com\/blog\/wp-content\/uploads\/2020\/12\/Marques-de-voiture-britanique.jpg",600,342,false],"thumbnail":["https:\/\/www.carideal.com\/blog\/wp-content\/uploads\/2020\/12\/Marques-de-voiture-britanique-150x150.jpg",150,150,true],"medium":["https:\/\/www.carideal.com\/blog\/wp-content\/uploads\/2020\/12\/Marques-de-voiture-britanique-300x171.jpg",300,171,true],"medium_large":["https:\/\/www.carideal.com\/blog\/wp-content\/uploads\/2020\/12\/Marques-de-voiture-britanique.jpg",600,342,false],"large":["https:\/\/www.carideal.com\/blog\/wp-content\/uploads\/2020\/12\/Marques-de-voiture-britanique.jpg",600,342,false],"1536x1536":["https:\/\/www.carideal.com\/blog\/wp-content\/uploads\/2020\/12\/Marques-de-voiture-britanique.jpg",600,342,false],"2048x2048":["https:\/\/www.carideal.com\/blog\/wp-content\/uploads\/2020\/12\/Marques-de-voiture-britanique.jpg",600,342,false],"wppr-widget":["https:\/\/www.carideal.com\/blog\/wp-content\/uploads\/2020\/12\/Marques-de-voiture-britanique-50x29.jpg",50,29,true]},"uagb_author_info":{"display_name":"Nicolas SCHIAVON","author_link":"https:\/\/www.carideal.com\/blog\/author\/nschiavon\/"},"uagb_comment_info":0,"uagb_excerpt":"Marques de voitures britanniques Question marques de voitures britanniques, l'industrie automobile du Royaume-Uni est aujourd'hui surtout connue pour ses voitures de luxe et ses marques de sport de luxe, notamment Rolls-Royce, Bentley, Aston Martin, Lagonda, Land Rover, Jaguar, McLaren, Lotus, Mini, MG et Morgan. La Grande-Bretagne \u00e9tait l'un des pays industriels les plus avanc\u00e9s du\u2026","_links":{"self":[{"href":"https:\/\/www.carideal.com\/blog\/wp-json\/wp\/v2\/pages\/25973"}],"collection":[{"href":"https:\/\/www.carideal.com\/blog\/wp-json\/wp\/v2\/pages"}],"about":[{"href":"https:\/\/www.carideal.com\/blog\/wp-json\/wp\/v2\/types\/page"}],"author":[{"embeddable":true,"href":"https:\/\/www.carideal.com\/blog\/wp-json\/wp\/v2\/users\/3"}],"replies":[{"embeddable":true,"href":"https:\/\/www.carideal.com\/blog\/wp-json\/wp\/v2\/comments?post=25973"}],"version-history":[{"count":0,"href":"https:\/\/www.carideal.com\/blog\/wp-json\/wp\/v2\/pages\/25973\/revisions"}],"up":[{"embeddable":true,"href":"https:\/\/www.carideal.com\/blog\/wp-json\/wp\/v2\/pages\/13389"}],"wp:featuredmedia":[{"embeddable":true,"href":"https:\/\/www.carideal.com\/blog\/wp-json\/wp\/v2\/media\/25977"}],"wp:attachment":[{"href":"https:\/\/www.carideal.com\/blog\/wp-json\/wp\/v2\/media?parent=25973"}],"curies":[{"name":"wp","href":"https:\/\/api.w.org\/{rel}","templated":true}]}}