{"id":25774,"date":"2020-10-05T12:10:40","date_gmt":"2020-10-05T10:10:40","guid":{"rendered":"http:\/\/www.carideal.com\/blog\/?page_id=25774"},"modified":"2020-10-05T16:17:44","modified_gmt":"2020-10-05T14:17:44","slug":"quelles-sont-les-obligations-pour-vendre-une-voiture","status":"publish","type":"page","link":"https:\/\/www.carideal.com\/blog\/quelles-sont-les-obligations-pour-vendre-une-voiture\/","title":{"rendered":"Quelles sont les obligations pour vendre une voiture ?"},"content":{"rendered":"\n<h2 class=\"wp-block-heading\">Quelles sont les obligations pour vendre une voiture ?<\/h2>\n\n\n\n<p>Ces conseils sont destin\u00e9s aux personnes qui vendent une <a href=\"http:\/\/www.carideal.com\/blog\/voitures-occasions\/\">voiture d'occasion<\/a> \u00e0 titre priv\u00e9. Si vous \u00eates pris dans un conflit juridique concernant la vente d'une voiture, c'est peut-\u00eatre que vous n'avez pas respect\u00e9 les <strong>obligations pour vendre une voiture<\/strong>.<\/p>\n\n\n\n<figure class=\"wp-block-image size-large\"><img loading=\"lazy\" decoding=\"async\" width=\"600\" height=\"338\" src=\"http:\/\/www.carideal.com\/blog\/wp-content\/uploads\/2020\/10\/quelles-sont-les-obligations-pour-vendre-une-voiture.jpg\" alt=\"Quelles sont les obligations pour vendre une voiture ?\" class=\"wp-image-25775\" srcset=\"https:\/\/www.carideal.com\/blog\/wp-content\/uploads\/2020\/10\/quelles-sont-les-obligations-pour-vendre-une-voiture.jpg 600w, https:\/\/www.carideal.com\/blog\/wp-content\/uploads\/2020\/10\/quelles-sont-les-obligations-pour-vendre-une-voiture-300x169.jpg 300w, https:\/\/www.carideal.com\/blog\/wp-content\/uploads\/2020\/10\/quelles-sont-les-obligations-pour-vendre-une-voiture-50x28.jpg 50w, https:\/\/www.carideal.com\/blog\/wp-content\/uploads\/2020\/10\/quelles-sont-les-obligations-pour-vendre-une-voiture-110x62.jpg 110w, https:\/\/www.carideal.com\/blog\/wp-content\/uploads\/2020\/10\/quelles-sont-les-obligations-pour-vendre-une-voiture-420x237.jpg 420w\" sizes=\"(max-width: 600px) 100vw, 600px\" \/><figcaption>Quelles sont les obligations pour vendre une voiture ?<\/figcaption><\/figure>\n\n\n\n<h2 class=\"wp-block-heading\">Pr\u00e9paration d'une voiture \u00e0 la vente<\/h2>\n\n\n\n<ul class=\"wp-block-list\"><li><a href=\"http:\/\/www.carideal.com\/blog\/comment-vendre-un-vehicule\/\">Comment vendre un v\u00e9hicule<\/a><\/li><\/ul>\n\n\n\n<p><a href=\"http:\/\/www.carideal.com\/blog\/quelles-demarches-pour-vendre-une-voiture-a-un-particulier\/\">Avant de vendre une voiture<\/a>, vous devez vous assurer qu'elle est en parfait \u00e9tat de marche. S'il y a des d\u00e9fauts mineurs, vous devez envisager de les <a href=\"http:\/\/www.carideal.com\/blog\/2008\/12\/14\/obligation-de-reparer-21-points-de-controle-en-cas-daccident\/\">faire r\u00e9parer<\/a> - la <a href=\"http:\/\/www.carideal.com\/blog\/garage-automobile\/reparation-accident\/\">remise en \u00e9tat<\/a> de la voiture am\u00e9liorera sa valeur, et si l'acheteur estime que vous l'avez induit en erreur en ne lui r\u00e9v\u00e9lant pas tous les probl\u00e8mes, il peut vous poursuivre en justice pour fausses d\u00e9clarations, ou pour <a href=\"http:\/\/www.carideal.com\/blog\/2014\/06\/05\/les-recours-contre-le-vice-cache\/\">vices cach\u00e9s<\/a>.<\/p>\n\n\n\n<ul class=\"wp-block-list\"><li><a href=\"http:\/\/www.carideal.com\/blog\/comment-vendre-sa-voiture-doccasion\/\">Comment vendre sa voiture d'occasion<\/a><\/li><\/ul>\n\n\n\n<p>C'est particuli\u00e8rement vrai si la voiture pr\u00e9sente un d\u00e9faut majeur et qu'elle est de ce fait inutilisable, par exemple si les pneus sont us\u00e9s ou les r\u00e9troviseurs cass\u00e9s. La vente d'une voiture en mauvais \u00e9tat est un d\u00e9lit p\u00e9nal, sauf si l'acheteur est pleinement conscient de ce fait ; il serait donc sage de le pr\u00e9ciser d\u00e8s le moment o\u00f9 vous faites de la publicit\u00e9 pour la voiture.<\/p>\n\n\n\n<p>La vente d'une voiture en mauvais \u00e9tat est un d\u00e9lit p\u00e9nal, sauf si l'acheteur est pleinement conscient de ce fait.<\/p>\n\n\n\n<p>Si vous souhaitez vous d\u00e9barrasser d'un v\u00e9hicule en mauvais \u00e9tat de marche, vous pouvez envisager de le vendre \u00e0 la casse.<\/p>\n\n\n\n<h2 class=\"wp-block-heading\">Documents n\u00e9cessaires pour la vente d'une voiture<\/h2>\n\n\n\n<p>Vous devez \u00e9galement rassembler tous les documents dont vous disposez, tels que l'historique d'entretien, le certificat du contr\u00f4le technique et le certificat de cession. Si le contr\u00f4le technique a expir\u00e9 ou est sur le point d'expirer, vous devez envisager de le renouveler. Si la voiture n'est pas munie d'un certificat de contr\u00f4le technique en cours de validit\u00e9 au point de vente, l'acheteur ne pourra pas l'immatriculer ni la conduire.<\/p>\n\n\n\n<h3 class=\"wp-block-heading\">\u2013 Les documents Obligatoires :<\/h3>\n\n\n\n<p>1) La carte grise<br>2) Le certificat de non gage<br>3) Le formulaire de d\u00e9claration de cession<br>4) Le certificat de contr\u00f4le technique (si la voiture a plus de 4 ans)<\/p>\n\n\n\n<h3 class=\"wp-block-heading\">\u2013 Les documents Optionnels :<\/h3>\n\n\n\n<p>5) Le carnet d\u2019entretien<br>6) L\u2019assurance<br>7) La promesse de vente<\/p>\n\n\n\n<p>Si vous ne pouvez pas trouver ces documents, vous devrez les faire remplacer - vous pouvez obtenir un certificat de remplacement du contr\u00f4le technique aupr\u00e8s de n'importe quelle centre de contr\u00f4le technique. Vous aurez besoin du num\u00e9ro d'immatriculation du v\u00e9hicule, ainsi que du num\u00e9ro du contr\u00f4le technique. <\/p>\n\n\n\n<h2 class=\"wp-block-heading\">Vente d'une voiture \u00e0 titre priv\u00e9<\/h2>\n\n\n\n<p>Si vous vendez une voiture, votre principale responsabilit\u00e9 est de vous assurer que vous d\u00e9crivez et repr\u00e9sentez la voiture de mani\u00e8re juste et pr\u00e9cise \u00e0 l'acheteur potentiel. En tant que vendeur priv\u00e9, vous n'\u00eates pas strictement tenu de garantir \u00e0 l'acheteur que la voiture est en bon \u00e9tat. Toutefois, vous ne pouvez pas pr\u00e9tendre qu'une voiture est en bon \u00e9tat de marche alors qu'elle ne l'est pas. Par cons\u00e9quent, si un acheteur potentiel vous pose des questions sur l'\u00e9tat du v\u00e9hicule, vous devez \u00eatre totalement honn\u00eate.<\/p>\n\n\n\n<blockquote class=\"wp-block-quote is-layout-flow wp-block-quote-is-layout-flow\"><p>Si un acheteur potentiel vous interroge sur l'\u00e9tat du v\u00e9hicule, vous devez \u00eatre totalement honn\u00eate.<\/p><\/blockquote>\n\n\n\n<p>Lorsque vous avez conclu la vente, vous devez fournir \u00e0 l'acheteur un <a href=\"https:\/\/www.service-public.fr\/particuliers\/vosdroits\/R20300\">certificat de cession de voiture<\/a>. Il s'agit d'un re\u00e7u, sign\u00e9 par l'acheteur et le vendeur, qui indique que la voiture a \u00e9t\u00e9 vendue. <\/p>\n\n\n\n<p>Si la voiture n'est pas en \u00e9tat de marche, vous devrez l'indiquer clairement dans l'annonce initiale. La vente d'un v\u00e9hicule en mauvais \u00e9tat est ill\u00e9gale, \u00e0 moins que la personne ne souhaite l'acheter pour le faire r\u00e9parer ou le remplacer.<\/p>\n\n\n\n<p>Vous pourriez \u00e9galement \u00eatre accus\u00e9 d'avoir induit l'acheteur en erreur s'il vous fait part de ses intentions et que vous ne lui r\u00e9v\u00e9lez pas que la voiture ne convient pas \u00e0 ses besoins. Par exemple, si l'acheteur vous a dit qu'il avait besoin d'une voiture pour de longs trajets r\u00e9guliers, il peut \u00eatre consid\u00e9r\u00e9 que vous l'avez induit en erreur si vous saviez que la voiture ne serait pas adapt\u00e9e \u00e0 ses besoins.<\/p>\n\n\n\n<p>En revanche, si le conducteur n'a jamais fait part de son intention et que vous ne l'avez pas inform\u00e9 que la voiture survivrait \u00e0 de longues distances, il lui sera difficile de prouver que vous l'avez d\u00e9lib\u00e9r\u00e9ment induit en erreur.<\/p>\n\n\n\n<p>De m\u00eame, si la voiture tombe en panne quelques semaines apr\u00e8s que l'acheteur l'a emport\u00e9e, il devra prouver que la voiture n'\u00e9tait pas en \u00e9tat de rouler au moment de l'achat.<\/p>\n\n\n\n<h2 class=\"wp-block-heading\">Si un acheteur potentiel souhaite faire un essai de conduite<\/h2>\n\n\n\n<p>Avant de laisser un acheteur potentiel prendre la voiture en main, vous devez vous assurer qu'il est l\u00e9galement autoris\u00e9 \u00e0 le faire. Cela signifie que vous devez v\u00e9rifier qu'il poss\u00e8de un <a href=\"http:\/\/www.carideal.com\/blog\/2013\/09\/13\/nouveau-permis-de-conduire\/\">permis de conduire<\/a> valide et qu'il est assur\u00e9 pour conduire votre voiture. Il se peut qu'il soit couvert par l'assurance \"Conduite d'autres voitures\", qui lui permet de conduire la voiture de quelqu'un d'autre avec l'autorisation du propri\u00e9taire.<\/p>\n\n\n\n<p>Vous pouvez inclure les conducteurs d'essai dans votre propre <a href=\"http:\/\/www.carideal.com\/blog\/2014\/03\/02\/comment-reduire-le-cout-de-lassurance-automobile\/\">assurance<\/a>, et si vous pr\u00e9voyez de permettre \u00e0 un certain nombre de personnes de conduire votre voiture, vous pouvez temporairement \u00e9tendre votre couverture pour permettre \u00e0 d'autres personnes de conduire le v\u00e9hicule. Vous devez contacter votre assureur pour voir si cela est possible.<\/p>\n\n\n\n<p>Vous devez toujours accompagner un acheteur potentiel lors d'un essai de conduite. Ne le laissez pas dans une position o\u00f9 il pourrait voler la voiture ; par exemple, ne sortez pas de la voiture tant que les cl\u00e9s sont encore sur le contact. Pour \u00eatre s\u00fbr, vous devez \u00e9galement lui demander son nom, son adresse et son num\u00e9ro de t\u00e9l\u00e9phone avant de le laisser faire un essai de conduite.<\/p>\n\n\n\n<h2 class=\"wp-block-heading\">Apr\u00e8s avoir vendu votre voiture<\/h2>\n\n\n\n<p>Une fois la voiture vendue, vous devez conserver votre certificat de cession pour prouver que vous n'\u00eates plus propri\u00e9taire et <a href=\"https:\/\/www.service-public.fr\/particuliers\/vosdroits\/F1707\">envoyer une copie<\/a> \u00e0 l'administration pour lui faire savoir que vous n'\u00eates plus propri\u00e9taire de la voiture. <\/p>\n\n\n\n<p>Si vous ne le faites pas, vous risquez d'avoir des probl\u00e8mes par la suite - par exemple, si le nouveau propri\u00e9taire de la voiture commet une infraction routi\u00e8re, vous pourriez devoir prouver que vous ne conduisiez pas la voiture, si les autorit\u00e9s estiment que vous en \u00eates toujours propri\u00e9taire.<\/p>\n\n\n\n<h2 class=\"wp-block-heading\">Vente d'une voiture \u00e0 la casse<\/h2>\n\n\n\n<p>Si votre voiture est vieille ou en mauvais \u00e9tat et que vous ne trouvez personne qui veuille l'acheter, vous pouvez la vendre \u00e0 une casse. Il existe des r\u00e8gles sp\u00e9cifiques concernant la mise \u00e0 la ferraille des voitures. Vous devez donc veiller \u00e0 ne vendre qu'\u00e0 une installation de traitement autoris\u00e9e.<\/p>\n\n\n\n<p>Vous ne devez accepter que le paiement sous forme de ch\u00e8que ou de transfert de virement, car il est interdit de payer la ferraille en esp\u00e8ces. Cette mesure a \u00e9t\u00e9 introduite pour lutter contre le vol de m\u00e9taux. Vous devrez \u00e9galement pr\u00e9senter une pi\u00e8ce d'identit\u00e9 lorsque vous vendrez votre voiture \u00e0 la casse.<\/p>\n\n\n\n<p>Si une casse est pr\u00eate \u00e0 ignorer l'une ou l'autre de ces r\u00e8gles, c'est un bon signe qu'il ne faut pas lui faire confiance. Lorsque vous vendez votre voiture \u00e0 la ferraille, vous devez recevoir un <a href=\"https:\/\/www.formulaires.service-public.fr\/gf\/cerfa_14365.do\">certificat de destruction<\/a>, soit par la poste, soit par courrier \u00e9lectronique. Assurez-vous de le recevoir - il prouve que vous n'\u00eates plus responsable du v\u00e9hicule. Si vous n'avez pas re\u00e7u le certificat de destruction apr\u00e8s quatre semaines, vous devez contacter le SIV.<\/p>\n\n\n\n<p>Vous devez informer le SIV que vous avez vendu votre v\u00e9hicule \u00e0 la casse. Si vous ne le faites pas, vous pouvez \u00eatre condamn\u00e9 \u00e0 une amende. Si vous vendez une voiture \u00e0 une casse et que vous n'avez pas de certificat de destruction comme preuve, vous pourriez quand m\u00eame \u00eatre passible de sanctions pour infraction au code de la route, des taxes sur les v\u00e9hicules et vous pourriez \u00e9galement \u00eatre condamn\u00e9 \u00e0 une amende.<\/p>\n","protected":false},"excerpt":{"rendered":"<p>Quelles sont les obligations pour vendre une voiture ? Ces conseils sont destin\u00e9s aux personnes qui vendent une voiture d&rsquo;occasion \u00e0 titre priv\u00e9. Si vous \u00eates pris dans un conflit juridique concernant la vente d&rsquo;une voiture, c&rsquo;est peut-\u00eatre que vous n&rsquo;avez pas respect\u00e9 les obligations pour vendre une voiture. Pr\u00e9paration d&rsquo;une voiture \u00e0 la vente &#8230; <a title=\"Quelles sont les obligations pour vendre une voiture ?\" class=\"read-more\" href=\"https:\/\/www.carideal.com\/blog\/quelles-sont-les-obligations-pour-vendre-une-voiture\/\" aria-label=\"En savoir plus sur Quelles sont les obligations pour vendre une voiture ?\">Lire plus<\/a><\/p>\n","protected":false},"author":3,"featured_media":25775,"parent":0,"menu_order":0,"comment_status":"closed","ping_status":"closed","template":"template-fullwidth.php","meta":{"_uag_custom_page_level_css":"","_themeisle_gutenberg_block_has_review":false,"footnotes":""},"class_list":["post-25774","page","type-page","status-publish","has-post-thumbnail"],"wppr_data":{"cwp_meta_box_check":"No"},"yoast_head":"<!-- This site is optimized with the Yoast SEO plugin v24.8.1 - https:\/\/yoast.com\/wordpress\/plugins\/seo\/ -->\n<title>Quelles sont les obligations pour vendre une voiture ? - Blog auto Carid\u00e9al<\/title>\n<meta name=\"description\" content=\"Si vous ne respectez pas les obligations pour vendre une voiture, vous risquez d&#039;\u00eates pris dans un conflit juridique concernant la vente d&#039;une voiture\" \/>\n<meta name=\"robots\" content=\"index, follow, max-snippet:-1, max-image-preview:large, max-video-preview:-1\" \/>\n<link rel=\"canonical\" href=\"https:\/\/www.carideal.com\/blog\/quelles-sont-les-obligations-pour-vendre-une-voiture\/\" \/>\n<meta property=\"og:locale\" content=\"fr_FR\" \/>\n<meta property=\"og:type\" content=\"article\" \/>\n<meta property=\"og:title\" content=\"Quelles sont les obligations pour vendre une voiture ? - Blog auto Carid\u00e9al\" \/>\n<meta property=\"og:description\" content=\"Si vous ne respectez pas les obligations pour vendre une voiture, vous risquez d&#039;\u00eates pris dans un conflit juridique concernant la vente d&#039;une voiture\" \/>\n<meta property=\"og:url\" content=\"https:\/\/www.carideal.com\/blog\/quelles-sont-les-obligations-pour-vendre-une-voiture\/\" \/>\n<meta property=\"og:site_name\" content=\"Blog auto Carid\u00e9al\" \/>\n<meta property=\"article:publisher\" content=\"https:\/\/www.facebook.com\/Carideal.mandataire.automobile\" \/>\n<meta property=\"article:modified_time\" content=\"2020-10-05T14:17:44+00:00\" \/>\n<meta property=\"og:image\" content=\"https:\/\/www.carideal.com\/blog\/wp-content\/uploads\/2020\/10\/quelles-sont-les-obligations-pour-vendre-une-voiture.jpg\" \/>\n\t<meta property=\"og:image:width\" content=\"600\" \/>\n\t<meta property=\"og:image:height\" content=\"338\" \/>\n\t<meta property=\"og:image:type\" content=\"image\/jpeg\" \/>\n<meta name=\"twitter:card\" content=\"summary_large_image\" \/>\n<meta name=\"twitter:site\" content=\"@caridealauto\" \/>\n<meta name=\"twitter:label1\" content=\"Dur\u00e9e de lecture estim\u00e9e\" \/>\n\t<meta name=\"twitter:data1\" content=\"7 minutes\" \/>\n<script type=\"application\/ld+json\" class=\"yoast-schema-graph\">{\"@context\":\"https:\/\/schema.org\",\"@graph\":[{\"@type\":\"WebPage\",\"@id\":\"https:\/\/www.carideal.com\/blog\/quelles-sont-les-obligations-pour-vendre-une-voiture\/\",\"url\":\"https:\/\/www.carideal.com\/blog\/quelles-sont-les-obligations-pour-vendre-une-voiture\/\",\"name\":\"Quelles sont les obligations pour vendre une voiture ? - Blog auto Carid\u00e9al\",\"isPartOf\":{\"@id\":\"https:\/\/www.carideal.com\/blog\/#website\"},\"primaryImageOfPage\":{\"@id\":\"https:\/\/www.carideal.com\/blog\/quelles-sont-les-obligations-pour-vendre-une-voiture\/#primaryimage\"},\"image\":{\"@id\":\"https:\/\/www.carideal.com\/blog\/quelles-sont-les-obligations-pour-vendre-une-voiture\/#primaryimage\"},\"thumbnailUrl\":\"https:\/\/www.carideal.com\/blog\/wp-content\/uploads\/2020\/10\/quelles-sont-les-obligations-pour-vendre-une-voiture.jpg\",\"datePublished\":\"2020-10-05T10:10:40+00:00\",\"dateModified\":\"2020-10-05T14:17:44+00:00\",\"description\":\"Si vous ne respectez pas les obligations pour vendre une voiture, vous risquez d'\u00eates pris dans un conflit juridique concernant la vente d'une voiture\",\"breadcrumb\":{\"@id\":\"https:\/\/www.carideal.com\/blog\/quelles-sont-les-obligations-pour-vendre-une-voiture\/#breadcrumb\"},\"inLanguage\":\"fr-FR\",\"potentialAction\":[{\"@type\":\"ReadAction\",\"target\":[\"https:\/\/www.carideal.com\/blog\/quelles-sont-les-obligations-pour-vendre-une-voiture\/\"]}]},{\"@type\":\"ImageObject\",\"inLanguage\":\"fr-FR\",\"@id\":\"https:\/\/www.carideal.com\/blog\/quelles-sont-les-obligations-pour-vendre-une-voiture\/#primaryimage\",\"url\":\"https:\/\/www.carideal.com\/blog\/wp-content\/uploads\/2020\/10\/quelles-sont-les-obligations-pour-vendre-une-voiture.jpg\",\"contentUrl\":\"https:\/\/www.carideal.com\/blog\/wp-content\/uploads\/2020\/10\/quelles-sont-les-obligations-pour-vendre-une-voiture.jpg\",\"width\":600,\"height\":338,\"caption\":\"Quelles sont les obligations pour vendre une voiture ?\"},{\"@type\":\"BreadcrumbList\",\"@id\":\"https:\/\/www.carideal.com\/blog\/quelles-sont-les-obligations-pour-vendre-une-voiture\/#breadcrumb\",\"itemListElement\":[{\"@type\":\"ListItem\",\"position\":1,\"name\":\"Blog Carid\u00e9al\",\"item\":\"https:\/\/www.carideal.com\/blog\/\"},{\"@type\":\"ListItem\",\"position\":2,\"name\":\"Quelles sont les obligations pour vendre une voiture ?\"}]},{\"@type\":\"WebSite\",\"@id\":\"https:\/\/www.carideal.com\/blog\/#website\",\"url\":\"https:\/\/www.carideal.com\/blog\/\",\"name\":\"Blog auto Carid\u00e9al\",\"description\":\"Actualit\u00e9 auto par des passionn\u00e9s\",\"publisher\":{\"@id\":\"https:\/\/www.carideal.com\/blog\/#organization\"},\"potentialAction\":[{\"@type\":\"SearchAction\",\"target\":{\"@type\":\"EntryPoint\",\"urlTemplate\":\"https:\/\/www.carideal.com\/blog\/?s={search_term_string}\"},\"query-input\":{\"@type\":\"PropertyValueSpecification\",\"valueRequired\":true,\"valueName\":\"search_term_string\"}}],\"inLanguage\":\"fr-FR\"},{\"@type\":\"Organization\",\"@id\":\"https:\/\/www.carideal.com\/blog\/#organization\",\"name\":\"Carideal\",\"url\":\"https:\/\/www.carideal.com\/blog\/\",\"logo\":{\"@type\":\"ImageObject\",\"inLanguage\":\"fr-FR\",\"@id\":\"https:\/\/www.carideal.com\/blog\/#\/schema\/logo\/image\/\",\"url\":\"http:\/\/www.carideal.com\/blog\/wp-content\/uploads\/2016\/03\/logo-carideal-mandataire-automobile.png\",\"contentUrl\":\"http:\/\/www.carideal.com\/blog\/wp-content\/uploads\/2016\/03\/logo-carideal-mandataire-automobile.png\",\"width\":300,\"height\":300,\"caption\":\"Carideal\"},\"image\":{\"@id\":\"https:\/\/www.carideal.com\/blog\/#\/schema\/logo\/image\/\"},\"sameAs\":[\"https:\/\/www.facebook.com\/Carideal.mandataire.automobile\",\"https:\/\/x.com\/caridealauto\",\"https:\/\/www.instagram.com\/carideal1\/\",\"https:\/\/www.linkedin.com\/company\/carideal.com\",\"https:\/\/fr.pinterest.com\/schiavonsas\/\",\"https:\/\/www.youtube.com\/user\/caridealsas\"]}]}<\/script>\n<!-- \/ Yoast SEO plugin. -->","yoast_head_json":{"title":"Quelles sont les obligations pour vendre une voiture ? - Blog auto Carid\u00e9al","description":"Si vous ne respectez pas les obligations pour vendre une voiture, vous risquez d'\u00eates pris dans un conflit juridique concernant la vente d'une voiture","robots":{"index":"index","follow":"follow","max-snippet":"max-snippet:-1","max-image-preview":"max-image-preview:large","max-video-preview":"max-video-preview:-1"},"canonical":"https:\/\/www.carideal.com\/blog\/quelles-sont-les-obligations-pour-vendre-une-voiture\/","og_locale":"fr_FR","og_type":"article","og_title":"Quelles sont les obligations pour vendre une voiture ? - Blog auto Carid\u00e9al","og_description":"Si vous ne respectez pas les obligations pour vendre une voiture, vous risquez d'\u00eates pris dans un conflit juridique concernant la vente d'une voiture","og_url":"https:\/\/www.carideal.com\/blog\/quelles-sont-les-obligations-pour-vendre-une-voiture\/","og_site_name":"Blog auto Carid\u00e9al","article_publisher":"https:\/\/www.facebook.com\/Carideal.mandataire.automobile","article_modified_time":"2020-10-05T14:17:44+00:00","og_image":[{"width":600,"height":338,"url":"https:\/\/www.carideal.com\/blog\/wp-content\/uploads\/2020\/10\/quelles-sont-les-obligations-pour-vendre-une-voiture.jpg","type":"image\/jpeg"}],"twitter_card":"summary_large_image","twitter_site":"@caridealauto","twitter_misc":{"Dur\u00e9e de lecture estim\u00e9e":"7 minutes"},"schema":{"@context":"https:\/\/schema.org","@graph":[{"@type":"WebPage","@id":"https:\/\/www.carideal.com\/blog\/quelles-sont-les-obligations-pour-vendre-une-voiture\/","url":"https:\/\/www.carideal.com\/blog\/quelles-sont-les-obligations-pour-vendre-une-voiture\/","name":"Quelles sont les obligations pour vendre une voiture ? - Blog auto Carid\u00e9al","isPartOf":{"@id":"https:\/\/www.carideal.com\/blog\/#website"},"primaryImageOfPage":{"@id":"https:\/\/www.carideal.com\/blog\/quelles-sont-les-obligations-pour-vendre-une-voiture\/#primaryimage"},"image":{"@id":"https:\/\/www.carideal.com\/blog\/quelles-sont-les-obligations-pour-vendre-une-voiture\/#primaryimage"},"thumbnailUrl":"https:\/\/www.carideal.com\/blog\/wp-content\/uploads\/2020\/10\/quelles-sont-les-obligations-pour-vendre-une-voiture.jpg","datePublished":"2020-10-05T10:10:40+00:00","dateModified":"2020-10-05T14:17:44+00:00","description":"Si vous ne respectez pas les obligations pour vendre une voiture, vous risquez d'\u00eates pris dans un conflit juridique concernant la vente d'une voiture","breadcrumb":{"@id":"https:\/\/www.carideal.com\/blog\/quelles-sont-les-obligations-pour-vendre-une-voiture\/#breadcrumb"},"inLanguage":"fr-FR","potentialAction":[{"@type":"ReadAction","target":["https:\/\/www.carideal.com\/blog\/quelles-sont-les-obligations-pour-vendre-une-voiture\/"]}]},{"@type":"ImageObject","inLanguage":"fr-FR","@id":"https:\/\/www.carideal.com\/blog\/quelles-sont-les-obligations-pour-vendre-une-voiture\/#primaryimage","url":"https:\/\/www.carideal.com\/blog\/wp-content\/uploads\/2020\/10\/quelles-sont-les-obligations-pour-vendre-une-voiture.jpg","contentUrl":"https:\/\/www.carideal.com\/blog\/wp-content\/uploads\/2020\/10\/quelles-sont-les-obligations-pour-vendre-une-voiture.jpg","width":600,"height":338,"caption":"Quelles sont les obligations pour vendre une voiture ?"},{"@type":"BreadcrumbList","@id":"https:\/\/www.carideal.com\/blog\/quelles-sont-les-obligations-pour-vendre-une-voiture\/#breadcrumb","itemListElement":[{"@type":"ListItem","position":1,"name":"Blog Carid\u00e9al","item":"https:\/\/www.carideal.com\/blog\/"},{"@type":"ListItem","position":2,"name":"Quelles sont les obligations pour vendre une voiture ?"}]},{"@type":"WebSite","@id":"https:\/\/www.carideal.com\/blog\/#website","url":"https:\/\/www.carideal.com\/blog\/","name":"Blog auto Carid\u00e9al","description":"Actualit\u00e9 auto par des passionn\u00e9s","publisher":{"@id":"https:\/\/www.carideal.com\/blog\/#organization"},"potentialAction":[{"@type":"SearchAction","target":{"@type":"EntryPoint","urlTemplate":"https:\/\/www.carideal.com\/blog\/?s={search_term_string}"},"query-input":{"@type":"PropertyValueSpecification","valueRequired":true,"valueName":"search_term_string"}}],"inLanguage":"fr-FR"},{"@type":"Organization","@id":"https:\/\/www.carideal.com\/blog\/#organization","name":"Carideal","url":"https:\/\/www.carideal.com\/blog\/","logo":{"@type":"ImageObject","inLanguage":"fr-FR","@id":"https:\/\/www.carideal.com\/blog\/#\/schema\/logo\/image\/","url":"http:\/\/www.carideal.com\/blog\/wp-content\/uploads\/2016\/03\/logo-carideal-mandataire-automobile.png","contentUrl":"http:\/\/www.carideal.com\/blog\/wp-content\/uploads\/2016\/03\/logo-carideal-mandataire-automobile.png","width":300,"height":300,"caption":"Carideal"},"image":{"@id":"https:\/\/www.carideal.com\/blog\/#\/schema\/logo\/image\/"},"sameAs":["https:\/\/www.facebook.com\/Carideal.mandataire.automobile","https:\/\/x.com\/caridealauto","https:\/\/www.instagram.com\/carideal1\/","https:\/\/www.linkedin.com\/company\/carideal.com","https:\/\/fr.pinterest.com\/schiavonsas\/","https:\/\/www.youtube.com\/user\/caridealsas"]}]}},"uagb_featured_image_src":{"full":["https:\/\/www.carideal.com\/blog\/wp-content\/uploads\/2020\/10\/quelles-sont-les-obligations-pour-vendre-une-voiture.jpg",600,338,false],"thumbnail":["https:\/\/www.carideal.com\/blog\/wp-content\/uploads\/2020\/10\/quelles-sont-les-obligations-pour-vendre-une-voiture-150x150.jpg",150,150,true],"medium":["https:\/\/www.carideal.com\/blog\/wp-content\/uploads\/2020\/10\/quelles-sont-les-obligations-pour-vendre-une-voiture-300x169.jpg",300,169,true],"medium_large":["https:\/\/www.carideal.com\/blog\/wp-content\/uploads\/2020\/10\/quelles-sont-les-obligations-pour-vendre-une-voiture.jpg",600,338,false],"large":["https:\/\/www.carideal.com\/blog\/wp-content\/uploads\/2020\/10\/quelles-sont-les-obligations-pour-vendre-une-voiture.jpg",600,338,false],"1536x1536":["https:\/\/www.carideal.com\/blog\/wp-content\/uploads\/2020\/10\/quelles-sont-les-obligations-pour-vendre-une-voiture.jpg",600,338,false],"2048x2048":["https:\/\/www.carideal.com\/blog\/wp-content\/uploads\/2020\/10\/quelles-sont-les-obligations-pour-vendre-une-voiture.jpg",600,338,false],"wppr-widget":["https:\/\/www.carideal.com\/blog\/wp-content\/uploads\/2020\/10\/quelles-sont-les-obligations-pour-vendre-une-voiture-50x28.jpg",50,28,true]},"uagb_author_info":{"display_name":"Nicolas SCHIAVON","author_link":"https:\/\/www.carideal.com\/blog\/author\/nschiavon\/"},"uagb_comment_info":0,"uagb_excerpt":"Quelles sont les obligations pour vendre une voiture ? Ces conseils sont destin\u00e9s aux personnes qui vendent une voiture d'occasion \u00e0 titre priv\u00e9. Si vous \u00eates pris dans un conflit juridique concernant la vente d'une voiture, c'est peut-\u00eatre que vous n'avez pas respect\u00e9 les obligations pour vendre une voiture. Pr\u00e9paration d'une voiture \u00e0 la vente\u2026","_links":{"self":[{"href":"https:\/\/www.carideal.com\/blog\/wp-json\/wp\/v2\/pages\/25774"}],"collection":[{"href":"https:\/\/www.carideal.com\/blog\/wp-json\/wp\/v2\/pages"}],"about":[{"href":"https:\/\/www.carideal.com\/blog\/wp-json\/wp\/v2\/types\/page"}],"author":[{"embeddable":true,"href":"https:\/\/www.carideal.com\/blog\/wp-json\/wp\/v2\/users\/3"}],"replies":[{"embeddable":true,"href":"https:\/\/www.carideal.com\/blog\/wp-json\/wp\/v2\/comments?post=25774"}],"version-history":[{"count":0,"href":"https:\/\/www.carideal.com\/blog\/wp-json\/wp\/v2\/pages\/25774\/revisions"}],"wp:featuredmedia":[{"embeddable":true,"href":"https:\/\/www.carideal.com\/blog\/wp-json\/wp\/v2\/media\/25775"}],"wp:attachment":[{"href":"https:\/\/www.carideal.com\/blog\/wp-json\/wp\/v2\/media?parent=25774"}],"curies":[{"name":"wp","href":"https:\/\/api.w.org\/{rel}","templated":true}]}}