{"id":20283,"date":"2019-11-25T21:18:13","date_gmt":"2019-11-25T20:18:13","guid":{"rendered":"http:\/\/www.carideal.com\/blog\/?page_id=20283"},"modified":"2020-04-24T11:59:36","modified_gmt":"2020-04-24T09:59:36","slug":"quelles-demarches-pour-vendre-une-voiture-a-un-particulier","status":"publish","type":"page","link":"https:\/\/www.carideal.com\/blog\/quelles-demarches-pour-vendre-une-voiture-a-un-particulier\/","title":{"rendered":"Quelles d\u00e9marches pour vendre une voiture \u00e0 un particulier ?"},"content":{"rendered":"<h2>Quelles d\u00e9marches pour vendre une voiture \u00e0 un particulier ?<\/h2>\n<p>Processus d'immatriculation des v\u00e9hicules Transfert de propri\u00e9t\u00e9 du v\u00e9hicule. Quelles sont les <strong>d\u00e9marches pour vendre une voiture \u00e0 un particulier ?<\/strong> <a href=\"http:\/\/www.carideal.com\/blog\/comment-vendre-un-vehicule\/\">Comment vendre ma voiture ?<\/a><\/p>\n<figure id=\"attachment_20286\" aria-describedby=\"caption-attachment-20286\" style=\"width: 790px\" class=\"wp-caption alignnone\"><img loading=\"lazy\" decoding=\"async\" class=\"wp-image-20286 size-full\" src=\"http:\/\/www.carideal.com\/blog\/wp-content\/uploads\/2019\/11\/d\u00e9marches-pour-vendre-voiture.jpg\" alt=\"Quelles d\u00e9marches pour vendre une voiture \u00e0 un particulier ?\" width=\"800\" height=\"530\" \/><figcaption id=\"caption-attachment-20286\" class=\"wp-caption-text\">Quelles d\u00e9marches pour vendre une voiture \u00e0 un particulier ?<\/figcaption><\/figure>\n<h3>3.1. Certificat d'immatriculation du v\u00e9hicule<\/h3>\n<p>Lors de la vente ou du transfert de propri\u00e9t\u00e9 d'un <a href=\"http:\/\/www.carideal.com\/blog\/voitures-occasions\/\">v\u00e9hicule d'occasion<\/a> en France, il est n\u00e9cessaire d'obtenir un nouveau certificat d'immatriculation, appel\u00e9 carte grise, ou plus officiellement un certificat d'immatriculation.<\/p>\n<p>Le document confirme :<\/p>\n<p>- que le v\u00e9hicule, au moment de son immatriculation, a fait l'objet d'un <a href=\"http:\/\/www.carideal.com\/blog\/2017\/03\/14\/coc-incontournable-achat-voiture\/\">certificat de conformit\u00e9<\/a> avec la l\u00e9gislation fran\u00e7aise et communautaire r\u00e9gissant l'utilisation des v\u00e9hicules sur la voie publique ;<\/p>\n<p>- qu'il a \u00e9t\u00e9 officiellement enregistr\u00e9 aupr\u00e8s des autorit\u00e9s comp\u00e9tentes et qu'un num\u00e9ro de licence a \u00e9t\u00e9 attribu\u00e9 dans le cadre d'un processus d'enregistrement appel\u00e9 \"immatriculation\" ;<\/p>\n<p>- le d\u00e9tenteur actuellement immatricul\u00e9 du v\u00e9hicule.<\/p>\n<p>- les caract\u00e9ristiques techniques du v\u00e9hicule.<\/p>\n<p>En plus de la r\u00e9immatriculation lors de la vente d'un v\u00e9hicule, vous devez obtenir une nouvelle carte grise lors d'un changement d'adresse, d'un mariage, d'un d\u00e9c\u00e8s ou d'un divorce pour l'obtenir \u00e0 votre nom exact, \u00e0 votre nom conjoint ou unique.<\/p>\n<p>Vous \u00eates \u00e9galement tenu d'obtenir une nouvelle carte grise en cas de perte, de vol ou de d\u00e9gradation, lorsque vous devez \u00e9galement en informer imm\u00e9diatement la police\/les gendarmes.<\/p>\n<h3>3.2. Quels papiers pour les d\u00e9marches<\/h3>\n<p>Afin d'accomplir les formalit\u00e9s pour la vente et l'achat, la documentation requise est la suivante :<\/p>\n<p><strong>i. Certificat de cession<\/strong> - Ce formulaire est le document de transfert, confirmant que l'ancien propri\u00e9taire transf\u00e8re le v\u00e9hicule au nouveau propri\u00e9taire.<\/p>\n<p>Dans le pass\u00e9, il a \u00e9t\u00e9 connu sous le nom de D\u00e9claration de cession d'un v\u00e9hicule, mais il est maintenant plus r\u00e9cemment appel\u00e9 Certificat de cession d'un v\u00e9hicule d'occasion.<\/p>\n<p>Il doit \u00eatre rempli par l'ancien propri\u00e9taire, sign\u00e9 par lui et par l'acheteur. S'il y a plus d'un propri\u00e9taire du v\u00e9hicule, toutes les parties doivent signer le certificat.<\/p>\n<p>Trois exemplaires du formulaire doivent \u00eatre remplis : l'un est conserv\u00e9 par le vendeur, le second est remis \u00e0 l'acheteur et le troisi\u00e8me est remis \u00e0 l'autorit\u00e9 d'enregistrement par l'acheteur dans les 15 jours suivant la vente. Le processus ne peut se faire qu'en ligne (voir ci-dessous), bien que la documentation papier doive \u00eatre compl\u00e9t\u00e9e.<\/p>\n<p>Outre les donn\u00e9es personnelles, toutes les informations \u00e0 remplir figurent sur le certificat d'immatriculation du v\u00e9hicule, la carte grise.<\/p>\n<p>Il est simplement important que vous vous assuriez que les renseignements sont correctement transf\u00e9r\u00e9s et qu'aucune correction n'est apport\u00e9e au formulaire, ce qui pourrait compliquer le traitement du transfert.<\/p>\n<p>ii. <strong>Confirmation de l'absence de privil\u00e8ge<\/strong> - Le vendeur est \u00e9galement tenu de fournir \u00e0 l'acheteur un certificat de situation administrative (anciennement appel\u00e9 <strong>certificat de non-gage<\/strong>) dat\u00e9 de moins de 15 jours, confirmant qu'il est libre propri\u00e9taire du v\u00e9hicule et peut en disposer librement.<\/p>\n<p>Le certificat peut \u00eatre obtenu par l'acheteur ou en ligne et sans frais aupr\u00e8s du minist\u00e8re de l'Int\u00e9rieur.<\/p>\n<p><strong>iii. Document d'immatriculation\u00a0(Carte Grise)<\/strong> - A l'issue de la vente, le certificat d'immatriculation doit \u00eatre remis au nouveau propri\u00e9taire, annot\u00e9 \"vendu le (date)\" et sign\u00e9 par le vendeur.<\/p>\n<p>Si la voiture a \u00e9t\u00e9 immatricul\u00e9e depuis 2004, le nouveau certificat d'immatriculation en service depuis cette date comporte une partie d\u00e9tachable sur laquelle le nom du nouveau propri\u00e9taire peut \u00eatre inscrit, et sign\u00e9e par le vendeur, que le nouveau propri\u00e9taire peut utiliser en attendant les formalit\u00e9s de la nouvelle immatriculation.<\/p>\n<p><strong>iv. Certificat de contr\u00f4le technique<\/strong> - Si le v\u00e9hicule a plus de 4 ans, le nouveau propri\u00e9taire doit \u00e9galement \u00eatre muni d'un certificat de Contr\u00f4le Technique - CT \u00e0 jour, qui doit avoir une validit\u00e9 d'au moins 18 mois. Un scan est valide pour deux ans, donc il doit avoir \u00e9t\u00e9 effectu\u00e9 dans les six mois suivant la vente.<\/p>\n<p><strong>v. D\u00e9c\u00e8s, mariage, divorce ou changement d'adresse<\/strong> - Vous devrez fournir des preuves appropri\u00e9es, p. ex. certificat de d\u00e9c\u00e8s, certificat de mariage, passeport, confirmation documentaire de la nouvelle adresse, au besoin.<\/p>\n<p>Dans le cas de la mise \u00e0 la casse d'un v\u00e9hicule, la d\u00e9claration doit \u00eatre faite en collaboration avec le professionnel de la casse pour destruction.<\/p>\n<p><strong>vi. Certificat de conformit\u00e9<\/strong> - Il existe des exigences suppl\u00e9mentaires pour l'importation d'un v\u00e9hicule en France, principalement en ce qui concerne la d\u00e9livrance d'un certificat de conformit\u00e9, qui ne sont pas couvertes dans ces notes. Pour en savoir plus, consultez la rubrique Importer un v\u00e9hicule en France.<\/p>\n<h3>3.3. D\u00e9marches d'immatriculation du v\u00e9hicule<\/h3>\n<p>Dans le pass\u00e9, un nouveau propri\u00e9taire \u00e9tait tenu d'envoyer son certificat de demande d'immatriculation \u00e0 sa pr\u00e9fecture dans un d\u00e9lai d'un mois et de demander son propre certificat de cession.<\/p>\n<p>Pour ce faire, une demande de certificat d'immatriculation a \u00e9t\u00e9 remplie.<\/p>\n<p>Depuis 2017, ce processus ne peut \u00eatre entrepris qu'en ligne \u00e0 l'<a href=\"https:\/\/ants.gouv.fr\/\">Agence nationale des titres s\u00e9curis\u00e9s<\/a> ou via France Connect, bien que, comme nous l'indiquons ci-dessous, il soit \u00e9galement entrepris par des prestataires professionnels agr\u00e9\u00e9s.<\/p>\n<p>Vous devrez fournir :<\/p>\n<ul>\n<li>la carte grise actuelle,<\/li>\n<li>une pi\u00e8ce d'identit\u00e9,<\/li>\n<li>un justificatif de domicile.<\/li>\n<li>le paiement des taxes d'enregistrement.<\/li>\n<\/ul>\n<p>Le co\u00fbt de la nouvelle carte grise d\u00e9pend d'un certain nombre de facteurs, notamment la puissance fiscale du v\u00e9hicule et le taux d'\u00e9mission de CO2.<\/p>\n<p>Chaque r\u00e9gion applique ses propres frais, bien qu'ils soient \u00e0 peu pr\u00e8s semblables pour chaque type de v\u00e9hicule.<\/p>\n<p>Chaque r\u00e9gion applique sa propre redevance, bien qu'elle soit globalement similaire pour chaque type de v\u00e9hicule, allant d'environ 75 euros pour les voitures les plus petites et les plus vertes \u00e0 plusieurs milliers d'euros potentiellement pour les v\u00e9hicules les plus gros et les plus \u00e9metteurs de CO2.<\/p>\n<p>Pour en savoir plus sur les taxes, consultez notre section sur les taxes d'immatriculation des v\u00e9hicules. La plupart de ces taxes ne sont pas payables lors d'un simple changement de nom ou d'adresse.<\/p>\n<p>Le num\u00e9ro d'immatriculation du v\u00e9hicule demeurera le m\u00eame, sauf pour les v\u00e9hicules d'avant 2009 qui peuvent fonctionner avec un syst\u00e8me de num\u00e9rotation maintenant abandonn\u00e9.<\/p>\n<p>Le nouveau syst\u00e8me d'enregistrement de v\u00e9hicule en ligne SIV, du gouvernement a \u00e9t\u00e9 un \u00e9chec colossal, en raison de difficult\u00e9s de navigation et de probl\u00e8mes techniques.<\/p>\n<p>De nombreux propri\u00e9taires de v\u00e9hicules n'\u00e9tant pas en mesure d'immatriculer leur v\u00e9hicule \u00e0 l'aide du syst\u00e8me, ils ont eu recours \u00e0 des entreprises priv\u00e9es qui ont acc\u00e8s \u00e0 un syst\u00e8me d'immatriculation professionnel.<\/p>\n<p>Les entreprises calculent \u00e9galement les taxes \u00e0 payer \u00e0 l'aide de calculateurs en ligne, mais les r\u00e9sultats des tests que nous avons effectu\u00e9s ne sont pas toujours coh\u00e9rents, avec des chiffres parfois sup\u00e9rieurs au niveau officiel des imp\u00f4ts dus \u00e0 l'aide du calculateur de l'\u00c9tat.<\/p>\n<p>En raison de notre exp\u00e9rience et des probl\u00e8mes auxquels sont confront\u00e9s les lecteurs, nous avons fait appel \u00e0 une soci\u00e9t\u00e9 d'enregistrement professionnelle r\u00e9put\u00e9e et de premier plan pour fournir un service d'enregistrement en langue anglaise \u00e0 nos lecteurs.<\/p>\n<p>L'entreprise a maintenant effectu\u00e9 des centaines d'enregistrements et, bien que certaines personnes aient \u00e9t\u00e9 confuses et anxieuses au sujet du processus, nous n'avons pas encore re\u00e7u une seule plainte. Au contraire, nous avons re\u00e7u de nombreux courriels de lecteurs exprimant un haut degr\u00e9 de satisfaction \u00e0 son \u00e9gard.<\/p>\n<p>Vous pouvez utiliser le service \u00e0 Demande Carte-Grise.<\/p>\n<p>Lorsque vous arrivez sur la page, cliquez sur le bouton \"S\u00e9lectionner la langue\" en haut \u00e0 gauche, ou utilisez la langue originale en fran\u00e7ais. La traduction n'est pas \u00e0 100%, mais devrait \u00eatre suffisante pour compl\u00e9ter le processus.<\/p>\n<p>Ainsi, certaines particularit\u00e9s de la version traduite sont :<\/p>\n<p>Vous devrez produire les documents n\u00e9cessaires \u00e0 l'enregistrement, comme indiqu\u00e9 ci-dessus ; l'entreprise ne pourra pas vous les obtenir.<\/p>\n<p>Si vous avez une question ou un probl\u00e8me avec le processus il y a un num\u00e9ro de t\u00e9l\u00e9phone que vous pouvez appeler pendant les heures de travail - 0892882300 - mais c'est un num\u00e9ro sur-tax\u00e9.<\/p>\n<p>Une fois que vous avez fait la demande, l'entreprise fournit un soutien en ligne et t\u00e9l\u00e9phonique en anglais, lorsque les erreurs qui ont pu \u00eatre faites avec la demande peuvent \u00eatre rectifi\u00e9es.<\/p>\n<p>Ce service n'est accessible qu'aux personnes ayant une adresse en France, pour prendre r\u00e9ception de la remise du document de r\u00e9f\u00e9rence.<\/p>\n","protected":false},"excerpt":{"rendered":"<p>Quelles d\u00e9marches pour vendre une voiture \u00e0 un particulier ? Processus d&rsquo;immatriculation des v\u00e9hicules Transfert de propri\u00e9t\u00e9 du v\u00e9hicule. Quelles sont les d\u00e9marches pour vendre une voiture \u00e0 un particulier ? Comment vendre ma voiture ? 3.1. Certificat d&rsquo;immatriculation du v\u00e9hicule Lors de la vente ou du transfert de propri\u00e9t\u00e9 d&rsquo;un v\u00e9hicule d&rsquo;occasion en France, &#8230; <a title=\"Quelles d\u00e9marches pour vendre une voiture \u00e0 un particulier ?\" class=\"read-more\" href=\"https:\/\/www.carideal.com\/blog\/quelles-demarches-pour-vendre-une-voiture-a-un-particulier\/\" aria-label=\"En savoir plus sur Quelles d\u00e9marches pour vendre une voiture \u00e0 un particulier ?\">Lire plus<\/a><\/p>\n","protected":false},"author":3,"featured_media":20286,"parent":0,"menu_order":0,"comment_status":"closed","ping_status":"closed","template":"","meta":{"_uag_custom_page_level_css":"","_themeisle_gutenberg_block_has_review":false,"footnotes":""},"class_list":["post-20283","page","type-page","status-publish","has-post-thumbnail"],"wppr_data":{"cwp_meta_box_check":"No"},"yoast_head":"<!-- This site is optimized with the Yoast SEO plugin v24.8.1 - https:\/\/yoast.com\/wordpress\/plugins\/seo\/ -->\n<title>Quelles d\u00e9marches pour vendre une voiture \u00e0 un particulier ? - Blog auto Carid\u00e9al<\/title>\n<meta name=\"description\" content=\"Renseignez-vous sur les papiers et les d\u00e9marches pour vendre une voiture lors de l\u2019immatriculation ou du transfert de propri\u00e9t\u00e9 d\u2019un v\u00e9hicule en France\" \/>\n<meta name=\"robots\" content=\"index, follow, max-snippet:-1, max-image-preview:large, max-video-preview:-1\" \/>\n<link rel=\"canonical\" href=\"https:\/\/www.carideal.com\/blog\/quelles-demarches-pour-vendre-une-voiture-a-un-particulier\/\" \/>\n<meta property=\"og:locale\" content=\"fr_FR\" \/>\n<meta property=\"og:type\" content=\"article\" \/>\n<meta property=\"og:title\" content=\"Quelles d\u00e9marches pour vendre une voiture \u00e0 un particulier ? - Blog auto Carid\u00e9al\" \/>\n<meta property=\"og:description\" content=\"Renseignez-vous sur les papiers et les d\u00e9marches pour vendre une voiture lors de l\u2019immatriculation ou du transfert de propri\u00e9t\u00e9 d\u2019un v\u00e9hicule en France\" \/>\n<meta property=\"og:url\" content=\"https:\/\/www.carideal.com\/blog\/quelles-demarches-pour-vendre-une-voiture-a-un-particulier\/\" \/>\n<meta property=\"og:site_name\" content=\"Blog auto Carid\u00e9al\" \/>\n<meta property=\"article:publisher\" content=\"https:\/\/www.facebook.com\/Carideal.mandataire.automobile\" \/>\n<meta property=\"article:modified_time\" content=\"2020-04-24T09:59:36+00:00\" \/>\n<meta property=\"og:image\" content=\"https:\/\/www.carideal.com\/blog\/wp-content\/uploads\/2019\/11\/d\u00e9marches-pour-vendre-voiture-e1582306765810.jpg\" \/>\n\t<meta property=\"og:image:width\" content=\"600\" \/>\n\t<meta property=\"og:image:height\" content=\"397\" \/>\n\t<meta property=\"og:image:type\" content=\"image\/jpeg\" \/>\n<meta name=\"twitter:card\" content=\"summary_large_image\" \/>\n<meta name=\"twitter:site\" content=\"@caridealauto\" \/>\n<meta name=\"twitter:label1\" content=\"Dur\u00e9e de lecture estim\u00e9e\" \/>\n\t<meta name=\"twitter:data1\" content=\"7 minutes\" \/>\n<script type=\"application\/ld+json\" class=\"yoast-schema-graph\">{\"@context\":\"https:\/\/schema.org\",\"@graph\":[{\"@type\":\"WebPage\",\"@id\":\"https:\/\/www.carideal.com\/blog\/quelles-demarches-pour-vendre-une-voiture-a-un-particulier\/\",\"url\":\"https:\/\/www.carideal.com\/blog\/quelles-demarches-pour-vendre-une-voiture-a-un-particulier\/\",\"name\":\"Quelles d\u00e9marches pour vendre une voiture \u00e0 un particulier ? - Blog auto Carid\u00e9al\",\"isPartOf\":{\"@id\":\"https:\/\/www.carideal.com\/blog\/#website\"},\"primaryImageOfPage\":{\"@id\":\"https:\/\/www.carideal.com\/blog\/quelles-demarches-pour-vendre-une-voiture-a-un-particulier\/#primaryimage\"},\"image\":{\"@id\":\"https:\/\/www.carideal.com\/blog\/quelles-demarches-pour-vendre-une-voiture-a-un-particulier\/#primaryimage\"},\"thumbnailUrl\":\"https:\/\/www.carideal.com\/blog\/wp-content\/uploads\/2019\/11\/d\u00e9marches-pour-vendre-voiture-e1582306765810.jpg\",\"datePublished\":\"2019-11-25T20:18:13+00:00\",\"dateModified\":\"2020-04-24T09:59:36+00:00\",\"description\":\"Renseignez-vous sur les papiers et les d\u00e9marches pour vendre une voiture lors de l\u2019immatriculation ou du transfert de propri\u00e9t\u00e9 d\u2019un v\u00e9hicule en France\",\"breadcrumb\":{\"@id\":\"https:\/\/www.carideal.com\/blog\/quelles-demarches-pour-vendre-une-voiture-a-un-particulier\/#breadcrumb\"},\"inLanguage\":\"fr-FR\",\"potentialAction\":[{\"@type\":\"ReadAction\",\"target\":[\"https:\/\/www.carideal.com\/blog\/quelles-demarches-pour-vendre-une-voiture-a-un-particulier\/\"]}]},{\"@type\":\"ImageObject\",\"inLanguage\":\"fr-FR\",\"@id\":\"https:\/\/www.carideal.com\/blog\/quelles-demarches-pour-vendre-une-voiture-a-un-particulier\/#primaryimage\",\"url\":\"https:\/\/www.carideal.com\/blog\/wp-content\/uploads\/2019\/11\/d\u00e9marches-pour-vendre-voiture-e1582306765810.jpg\",\"contentUrl\":\"https:\/\/www.carideal.com\/blog\/wp-content\/uploads\/2019\/11\/d\u00e9marches-pour-vendre-voiture-e1582306765810.jpg\",\"width\":600,\"height\":397,\"caption\":\"Quelles d\u00e9marches pour vendre une voiture \u00e0 un particulier ?\"},{\"@type\":\"BreadcrumbList\",\"@id\":\"https:\/\/www.carideal.com\/blog\/quelles-demarches-pour-vendre-une-voiture-a-un-particulier\/#breadcrumb\",\"itemListElement\":[{\"@type\":\"ListItem\",\"position\":1,\"name\":\"Blog Carid\u00e9al\",\"item\":\"https:\/\/www.carideal.com\/blog\/\"},{\"@type\":\"ListItem\",\"position\":2,\"name\":\"Quelles d\u00e9marches pour vendre une voiture \u00e0 un particulier ?\"}]},{\"@type\":\"WebSite\",\"@id\":\"https:\/\/www.carideal.com\/blog\/#website\",\"url\":\"https:\/\/www.carideal.com\/blog\/\",\"name\":\"Blog auto Carid\u00e9al\",\"description\":\"Actualit\u00e9 auto par des passionn\u00e9s\",\"publisher\":{\"@id\":\"https:\/\/www.carideal.com\/blog\/#organization\"},\"potentialAction\":[{\"@type\":\"SearchAction\",\"target\":{\"@type\":\"EntryPoint\",\"urlTemplate\":\"https:\/\/www.carideal.com\/blog\/?s={search_term_string}\"},\"query-input\":{\"@type\":\"PropertyValueSpecification\",\"valueRequired\":true,\"valueName\":\"search_term_string\"}}],\"inLanguage\":\"fr-FR\"},{\"@type\":\"Organization\",\"@id\":\"https:\/\/www.carideal.com\/blog\/#organization\",\"name\":\"Carideal\",\"url\":\"https:\/\/www.carideal.com\/blog\/\",\"logo\":{\"@type\":\"ImageObject\",\"inLanguage\":\"fr-FR\",\"@id\":\"https:\/\/www.carideal.com\/blog\/#\/schema\/logo\/image\/\",\"url\":\"http:\/\/www.carideal.com\/blog\/wp-content\/uploads\/2016\/03\/logo-carideal-mandataire-automobile.png\",\"contentUrl\":\"http:\/\/www.carideal.com\/blog\/wp-content\/uploads\/2016\/03\/logo-carideal-mandataire-automobile.png\",\"width\":300,\"height\":300,\"caption\":\"Carideal\"},\"image\":{\"@id\":\"https:\/\/www.carideal.com\/blog\/#\/schema\/logo\/image\/\"},\"sameAs\":[\"https:\/\/www.facebook.com\/Carideal.mandataire.automobile\",\"https:\/\/x.com\/caridealauto\",\"https:\/\/www.instagram.com\/carideal1\/\",\"https:\/\/www.linkedin.com\/company\/carideal.com\",\"https:\/\/fr.pinterest.com\/schiavonsas\/\",\"https:\/\/www.youtube.com\/user\/caridealsas\"]}]}<\/script>\n<!-- \/ Yoast SEO plugin. -->","yoast_head_json":{"title":"Quelles d\u00e9marches pour vendre une voiture \u00e0 un particulier ? - Blog auto Carid\u00e9al","description":"Renseignez-vous sur les papiers et les d\u00e9marches pour vendre une voiture lors de l\u2019immatriculation ou du transfert de propri\u00e9t\u00e9 d\u2019un v\u00e9hicule en France","robots":{"index":"index","follow":"follow","max-snippet":"max-snippet:-1","max-image-preview":"max-image-preview:large","max-video-preview":"max-video-preview:-1"},"canonical":"https:\/\/www.carideal.com\/blog\/quelles-demarches-pour-vendre-une-voiture-a-un-particulier\/","og_locale":"fr_FR","og_type":"article","og_title":"Quelles d\u00e9marches pour vendre une voiture \u00e0 un particulier ? - Blog auto Carid\u00e9al","og_description":"Renseignez-vous sur les papiers et les d\u00e9marches pour vendre une voiture lors de l\u2019immatriculation ou du transfert de propri\u00e9t\u00e9 d\u2019un v\u00e9hicule en France","og_url":"https:\/\/www.carideal.com\/blog\/quelles-demarches-pour-vendre-une-voiture-a-un-particulier\/","og_site_name":"Blog auto Carid\u00e9al","article_publisher":"https:\/\/www.facebook.com\/Carideal.mandataire.automobile","article_modified_time":"2020-04-24T09:59:36+00:00","og_image":[{"width":600,"height":397,"url":"https:\/\/www.carideal.com\/blog\/wp-content\/uploads\/2019\/11\/d\u00e9marches-pour-vendre-voiture-e1582306765810.jpg","type":"image\/jpeg"}],"twitter_card":"summary_large_image","twitter_site":"@caridealauto","twitter_misc":{"Dur\u00e9e de lecture estim\u00e9e":"7 minutes"},"schema":{"@context":"https:\/\/schema.org","@graph":[{"@type":"WebPage","@id":"https:\/\/www.carideal.com\/blog\/quelles-demarches-pour-vendre-une-voiture-a-un-particulier\/","url":"https:\/\/www.carideal.com\/blog\/quelles-demarches-pour-vendre-une-voiture-a-un-particulier\/","name":"Quelles d\u00e9marches pour vendre une voiture \u00e0 un particulier ? - Blog auto Carid\u00e9al","isPartOf":{"@id":"https:\/\/www.carideal.com\/blog\/#website"},"primaryImageOfPage":{"@id":"https:\/\/www.carideal.com\/blog\/quelles-demarches-pour-vendre-une-voiture-a-un-particulier\/#primaryimage"},"image":{"@id":"https:\/\/www.carideal.com\/blog\/quelles-demarches-pour-vendre-une-voiture-a-un-particulier\/#primaryimage"},"thumbnailUrl":"https:\/\/www.carideal.com\/blog\/wp-content\/uploads\/2019\/11\/d\u00e9marches-pour-vendre-voiture-e1582306765810.jpg","datePublished":"2019-11-25T20:18:13+00:00","dateModified":"2020-04-24T09:59:36+00:00","description":"Renseignez-vous sur les papiers et les d\u00e9marches pour vendre une voiture lors de l\u2019immatriculation ou du transfert de propri\u00e9t\u00e9 d\u2019un v\u00e9hicule en France","breadcrumb":{"@id":"https:\/\/www.carideal.com\/blog\/quelles-demarches-pour-vendre-une-voiture-a-un-particulier\/#breadcrumb"},"inLanguage":"fr-FR","potentialAction":[{"@type":"ReadAction","target":["https:\/\/www.carideal.com\/blog\/quelles-demarches-pour-vendre-une-voiture-a-un-particulier\/"]}]},{"@type":"ImageObject","inLanguage":"fr-FR","@id":"https:\/\/www.carideal.com\/blog\/quelles-demarches-pour-vendre-une-voiture-a-un-particulier\/#primaryimage","url":"https:\/\/www.carideal.com\/blog\/wp-content\/uploads\/2019\/11\/d\u00e9marches-pour-vendre-voiture-e1582306765810.jpg","contentUrl":"https:\/\/www.carideal.com\/blog\/wp-content\/uploads\/2019\/11\/d\u00e9marches-pour-vendre-voiture-e1582306765810.jpg","width":600,"height":397,"caption":"Quelles d\u00e9marches pour vendre une voiture \u00e0 un particulier ?"},{"@type":"BreadcrumbList","@id":"https:\/\/www.carideal.com\/blog\/quelles-demarches-pour-vendre-une-voiture-a-un-particulier\/#breadcrumb","itemListElement":[{"@type":"ListItem","position":1,"name":"Blog Carid\u00e9al","item":"https:\/\/www.carideal.com\/blog\/"},{"@type":"ListItem","position":2,"name":"Quelles d\u00e9marches pour vendre une voiture \u00e0 un particulier ?"}]},{"@type":"WebSite","@id":"https:\/\/www.carideal.com\/blog\/#website","url":"https:\/\/www.carideal.com\/blog\/","name":"Blog auto Carid\u00e9al","description":"Actualit\u00e9 auto par des passionn\u00e9s","publisher":{"@id":"https:\/\/www.carideal.com\/blog\/#organization"},"potentialAction":[{"@type":"SearchAction","target":{"@type":"EntryPoint","urlTemplate":"https:\/\/www.carideal.com\/blog\/?s={search_term_string}"},"query-input":{"@type":"PropertyValueSpecification","valueRequired":true,"valueName":"search_term_string"}}],"inLanguage":"fr-FR"},{"@type":"Organization","@id":"https:\/\/www.carideal.com\/blog\/#organization","name":"Carideal","url":"https:\/\/www.carideal.com\/blog\/","logo":{"@type":"ImageObject","inLanguage":"fr-FR","@id":"https:\/\/www.carideal.com\/blog\/#\/schema\/logo\/image\/","url":"http:\/\/www.carideal.com\/blog\/wp-content\/uploads\/2016\/03\/logo-carideal-mandataire-automobile.png","contentUrl":"http:\/\/www.carideal.com\/blog\/wp-content\/uploads\/2016\/03\/logo-carideal-mandataire-automobile.png","width":300,"height":300,"caption":"Carideal"},"image":{"@id":"https:\/\/www.carideal.com\/blog\/#\/schema\/logo\/image\/"},"sameAs":["https:\/\/www.facebook.com\/Carideal.mandataire.automobile","https:\/\/x.com\/caridealauto","https:\/\/www.instagram.com\/carideal1\/","https:\/\/www.linkedin.com\/company\/carideal.com","https:\/\/fr.pinterest.com\/schiavonsas\/","https:\/\/www.youtube.com\/user\/caridealsas"]}]}},"uagb_featured_image_src":{"full":["https:\/\/www.carideal.com\/blog\/wp-content\/uploads\/2019\/11\/d\u00e9marches-pour-vendre-voiture-e1582306765810.jpg",600,397,false],"thumbnail":["https:\/\/www.carideal.com\/blog\/wp-content\/uploads\/2019\/11\/d\u00e9marches-pour-vendre-voiture-150x150.jpg",150,150,true],"medium":["https:\/\/www.carideal.com\/blog\/wp-content\/uploads\/2019\/11\/d\u00e9marches-pour-vendre-voiture-300x199.jpg",300,199,true],"medium_large":["https:\/\/www.carideal.com\/blog\/wp-content\/uploads\/2019\/11\/d\u00e9marches-pour-vendre-voiture-768x509.jpg",768,509,true],"large":["https:\/\/www.carideal.com\/blog\/wp-content\/uploads\/2019\/11\/d\u00e9marches-pour-vendre-voiture-e1582306765810.jpg",600,397,false],"1536x1536":["https:\/\/www.carideal.com\/blog\/wp-content\/uploads\/2019\/11\/d\u00e9marches-pour-vendre-voiture-e1582306765810.jpg",600,397,false],"2048x2048":["https:\/\/www.carideal.com\/blog\/wp-content\/uploads\/2019\/11\/d\u00e9marches-pour-vendre-voiture-e1582306765810.jpg",600,397,false],"wppr-widget":["https:\/\/www.carideal.com\/blog\/wp-content\/uploads\/2019\/11\/d\u00e9marches-pour-vendre-voiture-50x33.jpg",50,33,true]},"uagb_author_info":{"display_name":"Nicolas SCHIAVON","author_link":"https:\/\/www.carideal.com\/blog\/author\/nschiavon\/"},"uagb_comment_info":0,"uagb_excerpt":"Quelles d\u00e9marches pour vendre une voiture \u00e0 un particulier ? Processus d'immatriculation des v\u00e9hicules Transfert de propri\u00e9t\u00e9 du v\u00e9hicule. Quelles sont les d\u00e9marches pour vendre une voiture \u00e0 un particulier ? Comment vendre ma voiture ? 3.1. Certificat d'immatriculation du v\u00e9hicule Lors de la vente ou du transfert de propri\u00e9t\u00e9 d'un v\u00e9hicule d'occasion en France,\u2026","_links":{"self":[{"href":"https:\/\/www.carideal.com\/blog\/wp-json\/wp\/v2\/pages\/20283"}],"collection":[{"href":"https:\/\/www.carideal.com\/blog\/wp-json\/wp\/v2\/pages"}],"about":[{"href":"https:\/\/www.carideal.com\/blog\/wp-json\/wp\/v2\/types\/page"}],"author":[{"embeddable":true,"href":"https:\/\/www.carideal.com\/blog\/wp-json\/wp\/v2\/users\/3"}],"replies":[{"embeddable":true,"href":"https:\/\/www.carideal.com\/blog\/wp-json\/wp\/v2\/comments?post=20283"}],"version-history":[{"count":0,"href":"https:\/\/www.carideal.com\/blog\/wp-json\/wp\/v2\/pages\/20283\/revisions"}],"wp:featuredmedia":[{"embeddable":true,"href":"https:\/\/www.carideal.com\/blog\/wp-json\/wp\/v2\/media\/20286"}],"wp:attachment":[{"href":"https:\/\/www.carideal.com\/blog\/wp-json\/wp\/v2\/media?parent=20283"}],"curies":[{"name":"wp","href":"https:\/\/api.w.org\/{rel}","templated":true}]}}