{"id":20265,"date":"2019-11-23T15:15:42","date_gmt":"2019-11-23T14:15:42","guid":{"rendered":"http:\/\/www.carideal.com\/blog\/?page_id=20265"},"modified":"2020-04-24T11:37:47","modified_gmt":"2020-04-24T09:37:47","slug":"meilleur-site-pour-vendre-voiture","status":"publish","type":"page","link":"https:\/\/www.carideal.com\/blog\/meilleur-site-pour-vendre-voiture\/","title":{"rendered":"Quel est le meilleur site pour vendre une voiture en ligne ?"},"content":{"rendered":"\n<h2 class=\"wp-block-heading\">Quel est le meilleur site pour vendre une voiture en ligne ?<\/h2>\n\n\n\n<p>Lorsqu'il s'agit de vendre une <a href=\"http:\/\/www.carideal.com\/blog\/voitures-occasions\/\">voiture d'occasion<\/a>, vous avez principalement trois options. Vous pouvez soit la vendre \u00e0 un particulier, soit la vendre \u00e0 un concessionnaire, soit l'utiliser comme v\u00e9hicule de reprise contre un <a href=\"http:\/\/www.carideal.com\/blog\/voiture-neuve-region\/\">v\u00e9hicule neuf<\/a>. Ces deux derni\u00e8res options sont peu susceptibles de vous apporter beaucoup d'argent pour votre v\u00e9hicule, et surtout si votre voiture est tr\u00e8s vieille et a beaucoup de kilom\u00e8tres. De nos jours, vous disposez d'une gamme d'options pour vendre votre v\u00e9hicule en priv\u00e9, gr\u00e2ce \u00e0 tous les sites automobiles en ligne comme Lacentrale et Leboncoin parmi d'autres. Ces sites apportent beaucoup de vues \u00e0 votre annonce et augmentent les chances que vous obteniez votre prix demand\u00e9. Alors, quel est le <strong>meilleur site pour vendre une voiture en ligne ?<\/strong> Consid\u00e9rez les cinq sites suivants comme certains des meilleurs sites pour vendre votre voiture en ligne.<\/p>\n\n\n\n<div class=\"wp-block-image size-full wp-image-20267\"><figure class=\"aligncenter size-full\"><img loading=\"lazy\" decoding=\"async\" width=\"600\" height=\"283\" src=\"http:\/\/www.carideal.com\/blog\/wp-content\/uploads\/2019\/11\/meilleur-site-vendre-voiture.jpg\" alt=\"Quel est le meilleur site pour vendre une voiture en ligne ?\" class=\"wp-image-20267\" srcset=\"https:\/\/www.carideal.com\/blog\/wp-content\/uploads\/2019\/11\/meilleur-site-vendre-voiture.jpg 600w, https:\/\/www.carideal.com\/blog\/wp-content\/uploads\/2019\/11\/meilleur-site-vendre-voiture-300x142.jpg 300w, https:\/\/www.carideal.com\/blog\/wp-content\/uploads\/2019\/11\/meilleur-site-vendre-voiture-50x24.jpg 50w, https:\/\/www.carideal.com\/blog\/wp-content\/uploads\/2019\/11\/meilleur-site-vendre-voiture-110x52.jpg 110w, https:\/\/www.carideal.com\/blog\/wp-content\/uploads\/2019\/11\/meilleur-site-vendre-voiture-420x198.jpg 420w\" sizes=\"(max-width: 600px) 100vw, 600px\" \/><figcaption>Quel est le meilleur site pour vendre une voiture en ligne ?<\/figcaption><\/figure><\/div>\n\n\n\n<h2 class=\"wp-block-heading\">1. Carideal<\/h2>\n\n\n\n<p><a href=\"http:\/\/www.carideal.com\/\">Carideal<\/a> est l'un des meilleurs sites pour vendre des voitures en ligne, et pour cause puisqu'il a \u00e9t\u00e9 parmi les premiers site de vente de voiture en ligne. Lorsque vous vous posez la question <a href=\"http:\/\/www.carideal.com\/blog\/comment-vendre-un-vehicule\/\">comment vendre ma voiture<\/a> ? Vous avez deux options lorsque vous vendez un v\u00e9hicule sur Carideal. Le premier est une cotation \u00e0 prix fixe et le second se fait par le biais d'ench\u00e8res. Il est gratuit d'inscrire votre voiture sur Carideal que vous soyez un particulier ou un professionnel. Avec une annonce \u00e0 prix fixe, vous <a href=\"http:\/\/www.carideal.com\/blog\/2016\/01\/15\/vendez-votre-voiture\/\">vendez votre voiture<\/a> d'occasion de la m\u00eame fa\u00e7on que n'importe quelle autre petite annonce. <\/p>\n\n\n\n<p>Affichez votre prix demand\u00e9, puis un bouton pour \"faire une offre\" est \u00e0 la disposition des acheteurs s'ils veulent marchander avec un prix plus bas. Si vous d\u00e9cidez d'utiliser la fonction d'ench\u00e8re, vous aurez des acheteurs qui feront des offres sur votre voiture. Il peut s'agir d'un bon moyen de vendre des voitures classiques ou d'obtenir plus que le prix que vous demandez. Pour r\u00e9duire le risque que vous n'obteniez pas votre r\u00e9sultat net, assurez-vous de fixer un prix \" Achetez maintenant \" et un prix de r\u00e9serve non affich\u00e9, qui est le minimum que vous accepterez. Il faut cependant payer des frais suppl\u00e9mentaires. Carideal a un l\u00e9ger avantage sur d'autre en ce sens qu'il n'est pas enti\u00e8rement anonyme et que l'ensemble de la transaction peut \u00eatre effectu\u00e9e par le biais du site Web.<\/p>\n\n\n\n<h2 class=\"wp-block-heading\">2. Leboncoin<\/h2>\n\n\n\n<p>Probablement le deuxi\u00e8me site le plus populaire pour la vente de voitures est <a href=\"https:\/\/www.leboncoin.fr\/\">Leboncoin<\/a>. C'est gratuit pour les particuliers, et il offre une plateforme massive pour avoir un oeil sur votre annonce. C'est aussi le premier site que les gens v\u00e9rifient lorsqu'ils cherchent une voiture d'occasion dans leur r\u00e9gion. Vous avez beaucoup d'options lorsque vous publiez votre annonce, y compris un nombre important de photos. La mise en garde la plus importante concernant Leboncoin, parce qu'il s'agit traditionnellement d'une liste noire, est qu'elle peut \u00eatre truff\u00e9e d'escroqueries. En avril 2019, le site a annonc\u00e9 qu'il commencerait \u00e0 facturer des services pour les annonces de voitures d'occasion, afin de freiner le pourriel. <\/p>\n\n\n\n<p>Mais il est toujours important d'\u00eatre conscient des techniques utilis\u00e9es par les fraudeurs et de s'assurer que votre annonce est pleine d'informations sur la voiture, ce qui sera plus susceptible d'attirer des acheteurs l\u00e9gitimement int\u00e9ress\u00e9s plut\u00f4t que des fraudeurs. L'arnaque la plus courante des faux acheteurs sur Leboncoin consiste \u00e0 contacter un vendeur et \u00e0 lui dire qu'il paiera le prix fort pour une voiture, mais que le vendeur doit l'envoyer. Ils disent alors qu'ils enverront un ch\u00e8que pour couvrir les deux. Les principaux moyens d'\u00e9viter les escrocs sont de traiter en esp\u00e8ces, de ne jamais accepter de demandes \u00e9tranges et de ne pas r\u00e9pondre \u00e0 des contacts douteux. Ne jamais envoyer de copie de documents officiels qui pourraient servir au fraudeur. Lorsque vous rencontrez quelqu'un pour un essai routier via Leboncoin, c'est une bonne id\u00e9e de regarder d'abord son permis de conduire et aussi de le rencontrer dans un endroit s\u00fbr et neutre.<\/p>\n\n\n\n<h2 class=\"wp-block-heading\">3. Lacentrale<\/h2>\n\n\n\n<p>Lacentrale dispose de plusieurs excellents outils pour les vendeurs, y compris l'analyse des prix, la valeur marchande instantan\u00e9e et l'estimation de la reprise par le concessionnaire. Cela vous permet de voir si votre annonce appara\u00eetra comme une bonne affaire, une affaire \u00e9quitable, un prix \u00e9lev\u00e9 ou une mauvaise affaire. Bien que les concessionnaires utilisent largement ce site, il vous facturent 39.90\u20ac en tant que vendeur priv\u00e9 pour l'inscription de votre voiture. Cependant l'annonce est gratuite si votre voiture vaut moins de 20 000 \u20ac. <\/p>\n\n\n\n<p>Vous pouvez \u00e9galement consulter les v\u00e9hicules qui se vendent dans votre r\u00e9gion et ceux qu'ils mentionnent comme de bonnes affaires. Cela vous permet d'avoir beaucoup plus d'informations sur les prix. En tant que site populaire pour l'achat de voitures, LaCentrale voit plus de 4.8 millions d'acheteurs de voitures par mois. Comme Paruvendu et l'Argus, c'est un site de petites annonces. Cela signifie que vous devrez r\u00e9pondre par vous-m\u00eame aux acheteurs int\u00e9ress\u00e9s et organiser des r\u00e9unions et des essais routiers. De m\u00eame, cela signifie g\u00e9n\u00e9ralement que vous ne devez traiter qu'avec de l'argent comptant ou ch\u00e8que de banque. Lacentrale supprime un peu d'anonymat de la transaction, cependant, car ils exigent des courriels v\u00e9rifi\u00e9s.<\/p>\n\n\n\n<h2 class=\"wp-block-heading\">4. Paruvendu<\/h2>\n\n\n\n<p>Paruvendu est tr\u00e8s bien class\u00e9 car c'est l'un des moyens les plus rapides d'obtenir une estimation du prix d'une voiture d'occasion. En entrant sept articles sur la page principale, vous obtiendrez une fourchette de prix instantan\u00e9e pour la vente par l'interm\u00e9diaire de la partie priv\u00e9e et aussi le d\u00e9tail de revente. Vous pouvez ensuite choisir parmi les trois options suivantes : \u00e9valuation du concessionnaire, offre rapide et placement d'une annonce. Si vous choisissez l'\u00e9valuation du concessionnaire, vous pouvez organiser des visites en personne pour un maximum de trois concessionnaires \u00e0 la fois, sans frais. Si vous utilisez votre propre annonce de vente, vous pouvez vous attendre \u00e0 atteindre environ 10 millions de visiteurs (tout secteur confondu) chaque mois. Votre annonce ne vous co\u00fbtera rien puisqu'elle est gratuite.<\/p>\n\n\n\n<h2 class=\"wp-block-heading\">5. L'Argus<\/h2>\n\n\n\n<p>L'Argus est l'un des plus anciens moyens de vendre et d'acheter une voiture. Avant que les ventes de voitures en ligne ne deviennent populaires, ils vendaient un magazine papier d'<a href=\"http:\/\/www.carideal.com\/blog\/\">actualit\u00e9 automobiles<\/a> et d'<a href=\"http:\/\/www.carideal.com\/blog\/essai\/\">essais<\/a>, rempli d'annonces automobiles. C'\u00e9tait g\u00e9n\u00e9ralement consid\u00e9r\u00e9 comme le meilleur moyen de voir un grand nombre de voitures \u00e0 vendre par rapport au journal. De m\u00eame, le site Web de l'Argus a maintenant combin\u00e9 les meilleures caract\u00e9ristiques du magazine imprim\u00e9 avec tout ce dont vous avez besoin pour vendre votre v\u00e9hicule. <\/p>\n\n\n\n<p>Ils facturent des frais publicitaires aux concessionnaires leurs clients et travaillent en partenariat avec d'autres sites comme Autoreflex. Si vous voulez vendre votre voiture \u00e0 un concessionnaire, il vous permettra d'obtenir une offre au comptant de l'un de ses concessionnaires participants. Un autre avantage est que votre annonce Argus appara\u00eetra \u00e9galement sur Autoreflex et 321auto, ce qui am\u00e8ne plus d'acheteurs potentiels. La longue histoire de l'Argus signifie qu'elle a tendance \u00e0 attirer des acheteurs plus s\u00e9rieux et moins d'escrocs.<\/p>\n\n\n\n<h2 class=\"wp-block-heading\">Les meilleurs sites pour vendre une voiture de collection en ligne ?<\/h2>\n\n\n\n<p>Bien que vous puissiez mettre en vente une voiture de collection sur n'importe lequel des sites populaires ci-dessus, il est g\u00e9n\u00e9ralement plus int\u00e9ressant pour vous de mettre ce type de v\u00e9hicule sur un site sp\u00e9cialis\u00e9 dans la voiture de collection. Erclassic ou LVAauto sont des sites de vente de voiture de collection. Ils ont tendance \u00e0 \u00eatre les meilleurs sites pour vendre des v\u00e9hicules anciens.<\/p>\n\n\n\n<h2 class=\"wp-block-heading\">Carideal vous aide \u00e0 vendre votre voiture en ligne<\/h2>\n\n\n\n<p>Le meilleur site Web pour vendre une voiture d\u00e9pend principalement du type de v\u00e9hicule que vous avez et de ce que vous \u00eates \u00e0 l'aise de faire pendant le processus de vente. <a href=\"http:\/\/www.carideal.com\/blog\/contactez-nous\/\">Contactez-nous<\/a> en ligne pour voir comment Carideal peut vous aider \u00e0 vendre votre voiture en ligne.<\/p>\n","protected":false},"excerpt":{"rendered":"<p>Quel est le meilleur site pour vendre une voiture en ligne ? Lorsqu&rsquo;il s&rsquo;agit de vendre une voiture d&rsquo;occasion, vous avez principalement trois options. Vous pouvez soit la vendre \u00e0 un particulier, soit la vendre \u00e0 un concessionnaire, soit l&rsquo;utiliser comme v\u00e9hicule de reprise contre un v\u00e9hicule neuf. Ces deux derni\u00e8res options sont peu susceptibles &#8230; <a title=\"Quel est le meilleur site pour vendre une voiture en ligne ?\" class=\"read-more\" href=\"https:\/\/www.carideal.com\/blog\/meilleur-site-pour-vendre-voiture\/\" aria-label=\"En savoir plus sur Quel est le meilleur site pour vendre une voiture en ligne ?\">Lire plus<\/a><\/p>\n","protected":false},"author":3,"featured_media":20267,"parent":0,"menu_order":0,"comment_status":"closed","ping_status":"closed","template":"","meta":{"_uag_custom_page_level_css":"","_themeisle_gutenberg_block_has_review":false,"footnotes":""},"class_list":["post-20265","page","type-page","status-publish","has-post-thumbnail"],"wppr_data":{"cwp_meta_box_check":"No"},"yoast_head":"<!-- This site is optimized with the Yoast SEO plugin v24.8.1 - https:\/\/yoast.com\/wordpress\/plugins\/seo\/ -->\n<title>Quel est le meilleur site pour vendre une voiture en ligne ? - Blog auto Carid\u00e9al<\/title>\n<meta name=\"description\" content=\"D\u00e9couvrez le meilleur site pour vendre une voiture en ligne et pourquoi ils sont les plus populaires parmi les vendeurs, y compris des sites tels que Lacentrale, et Leboncoin\" \/>\n<meta name=\"robots\" content=\"index, follow, max-snippet:-1, max-image-preview:large, max-video-preview:-1\" \/>\n<link rel=\"canonical\" href=\"https:\/\/www.carideal.com\/blog\/meilleur-site-pour-vendre-voiture\/\" \/>\n<meta property=\"og:locale\" content=\"fr_FR\" \/>\n<meta property=\"og:type\" content=\"article\" \/>\n<meta property=\"og:title\" content=\"Quel est le meilleur site pour vendre une voiture en ligne ? - Blog auto Carid\u00e9al\" \/>\n<meta property=\"og:description\" content=\"D\u00e9couvrez le meilleur site pour vendre une voiture en ligne et pourquoi ils sont les plus populaires parmi les vendeurs, y compris des sites tels que Lacentrale, et Leboncoin\" \/>\n<meta property=\"og:url\" content=\"https:\/\/www.carideal.com\/blog\/meilleur-site-pour-vendre-voiture\/\" \/>\n<meta property=\"og:site_name\" content=\"Blog auto Carid\u00e9al\" \/>\n<meta property=\"article:publisher\" content=\"https:\/\/www.facebook.com\/Carideal.mandataire.automobile\" \/>\n<meta property=\"article:modified_time\" content=\"2020-04-24T09:37:47+00:00\" \/>\n<meta property=\"og:image\" content=\"https:\/\/www.carideal.com\/blog\/wp-content\/uploads\/2019\/11\/meilleur-site-vendre-voiture.jpg\" \/>\n\t<meta property=\"og:image:width\" content=\"600\" \/>\n\t<meta property=\"og:image:height\" content=\"283\" \/>\n\t<meta property=\"og:image:type\" content=\"image\/jpeg\" \/>\n<meta name=\"twitter:card\" content=\"summary_large_image\" \/>\n<meta name=\"twitter:site\" content=\"@caridealauto\" \/>\n<meta name=\"twitter:label1\" content=\"Dur\u00e9e de lecture estim\u00e9e\" \/>\n\t<meta name=\"twitter:data1\" content=\"7 minutes\" \/>\n<script type=\"application\/ld+json\" class=\"yoast-schema-graph\">{\"@context\":\"https:\/\/schema.org\",\"@graph\":[{\"@type\":\"WebPage\",\"@id\":\"https:\/\/www.carideal.com\/blog\/meilleur-site-pour-vendre-voiture\/\",\"url\":\"https:\/\/www.carideal.com\/blog\/meilleur-site-pour-vendre-voiture\/\",\"name\":\"Quel est le meilleur site pour vendre une voiture en ligne ? - Blog auto Carid\u00e9al\",\"isPartOf\":{\"@id\":\"https:\/\/www.carideal.com\/blog\/#website\"},\"primaryImageOfPage\":{\"@id\":\"https:\/\/www.carideal.com\/blog\/meilleur-site-pour-vendre-voiture\/#primaryimage\"},\"image\":{\"@id\":\"https:\/\/www.carideal.com\/blog\/meilleur-site-pour-vendre-voiture\/#primaryimage\"},\"thumbnailUrl\":\"https:\/\/www.carideal.com\/blog\/wp-content\/uploads\/2019\/11\/meilleur-site-vendre-voiture.jpg\",\"datePublished\":\"2019-11-23T14:15:42+00:00\",\"dateModified\":\"2020-04-24T09:37:47+00:00\",\"description\":\"D\u00e9couvrez le meilleur site pour vendre une voiture en ligne et pourquoi ils sont les plus populaires parmi les vendeurs, y compris des sites tels que Lacentrale, et Leboncoin\",\"breadcrumb\":{\"@id\":\"https:\/\/www.carideal.com\/blog\/meilleur-site-pour-vendre-voiture\/#breadcrumb\"},\"inLanguage\":\"fr-FR\",\"potentialAction\":[{\"@type\":\"ReadAction\",\"target\":[\"https:\/\/www.carideal.com\/blog\/meilleur-site-pour-vendre-voiture\/\"]}]},{\"@type\":\"ImageObject\",\"inLanguage\":\"fr-FR\",\"@id\":\"https:\/\/www.carideal.com\/blog\/meilleur-site-pour-vendre-voiture\/#primaryimage\",\"url\":\"https:\/\/www.carideal.com\/blog\/wp-content\/uploads\/2019\/11\/meilleur-site-vendre-voiture.jpg\",\"contentUrl\":\"https:\/\/www.carideal.com\/blog\/wp-content\/uploads\/2019\/11\/meilleur-site-vendre-voiture.jpg\",\"width\":600,\"height\":283,\"caption\":\"Quel est le meilleur site pour vendre une voiture en ligne ?\"},{\"@type\":\"BreadcrumbList\",\"@id\":\"https:\/\/www.carideal.com\/blog\/meilleur-site-pour-vendre-voiture\/#breadcrumb\",\"itemListElement\":[{\"@type\":\"ListItem\",\"position\":1,\"name\":\"Blog Carid\u00e9al\",\"item\":\"https:\/\/www.carideal.com\/blog\/\"},{\"@type\":\"ListItem\",\"position\":2,\"name\":\"Quel est le meilleur site pour vendre une voiture en ligne ?\"}]},{\"@type\":\"WebSite\",\"@id\":\"https:\/\/www.carideal.com\/blog\/#website\",\"url\":\"https:\/\/www.carideal.com\/blog\/\",\"name\":\"Blog auto Carid\u00e9al\",\"description\":\"Actualit\u00e9 auto par des passionn\u00e9s\",\"publisher\":{\"@id\":\"https:\/\/www.carideal.com\/blog\/#organization\"},\"potentialAction\":[{\"@type\":\"SearchAction\",\"target\":{\"@type\":\"EntryPoint\",\"urlTemplate\":\"https:\/\/www.carideal.com\/blog\/?s={search_term_string}\"},\"query-input\":{\"@type\":\"PropertyValueSpecification\",\"valueRequired\":true,\"valueName\":\"search_term_string\"}}],\"inLanguage\":\"fr-FR\"},{\"@type\":\"Organization\",\"@id\":\"https:\/\/www.carideal.com\/blog\/#organization\",\"name\":\"Carideal\",\"url\":\"https:\/\/www.carideal.com\/blog\/\",\"logo\":{\"@type\":\"ImageObject\",\"inLanguage\":\"fr-FR\",\"@id\":\"https:\/\/www.carideal.com\/blog\/#\/schema\/logo\/image\/\",\"url\":\"http:\/\/www.carideal.com\/blog\/wp-content\/uploads\/2016\/03\/logo-carideal-mandataire-automobile.png\",\"contentUrl\":\"http:\/\/www.carideal.com\/blog\/wp-content\/uploads\/2016\/03\/logo-carideal-mandataire-automobile.png\",\"width\":300,\"height\":300,\"caption\":\"Carideal\"},\"image\":{\"@id\":\"https:\/\/www.carideal.com\/blog\/#\/schema\/logo\/image\/\"},\"sameAs\":[\"https:\/\/www.facebook.com\/Carideal.mandataire.automobile\",\"https:\/\/x.com\/caridealauto\",\"https:\/\/www.instagram.com\/carideal1\/\",\"https:\/\/www.linkedin.com\/company\/carideal.com\",\"https:\/\/fr.pinterest.com\/schiavonsas\/\",\"https:\/\/www.youtube.com\/user\/caridealsas\"]}]}<\/script>\n<!-- \/ Yoast SEO plugin. -->","yoast_head_json":{"title":"Quel est le meilleur site pour vendre une voiture en ligne ? - Blog auto Carid\u00e9al","description":"D\u00e9couvrez le meilleur site pour vendre une voiture en ligne et pourquoi ils sont les plus populaires parmi les vendeurs, y compris des sites tels que Lacentrale, et Leboncoin","robots":{"index":"index","follow":"follow","max-snippet":"max-snippet:-1","max-image-preview":"max-image-preview:large","max-video-preview":"max-video-preview:-1"},"canonical":"https:\/\/www.carideal.com\/blog\/meilleur-site-pour-vendre-voiture\/","og_locale":"fr_FR","og_type":"article","og_title":"Quel est le meilleur site pour vendre une voiture en ligne ? - Blog auto Carid\u00e9al","og_description":"D\u00e9couvrez le meilleur site pour vendre une voiture en ligne et pourquoi ils sont les plus populaires parmi les vendeurs, y compris des sites tels que Lacentrale, et Leboncoin","og_url":"https:\/\/www.carideal.com\/blog\/meilleur-site-pour-vendre-voiture\/","og_site_name":"Blog auto Carid\u00e9al","article_publisher":"https:\/\/www.facebook.com\/Carideal.mandataire.automobile","article_modified_time":"2020-04-24T09:37:47+00:00","og_image":[{"width":600,"height":283,"url":"https:\/\/www.carideal.com\/blog\/wp-content\/uploads\/2019\/11\/meilleur-site-vendre-voiture.jpg","type":"image\/jpeg"}],"twitter_card":"summary_large_image","twitter_site":"@caridealauto","twitter_misc":{"Dur\u00e9e de lecture estim\u00e9e":"7 minutes"},"schema":{"@context":"https:\/\/schema.org","@graph":[{"@type":"WebPage","@id":"https:\/\/www.carideal.com\/blog\/meilleur-site-pour-vendre-voiture\/","url":"https:\/\/www.carideal.com\/blog\/meilleur-site-pour-vendre-voiture\/","name":"Quel est le meilleur site pour vendre une voiture en ligne ? - Blog auto Carid\u00e9al","isPartOf":{"@id":"https:\/\/www.carideal.com\/blog\/#website"},"primaryImageOfPage":{"@id":"https:\/\/www.carideal.com\/blog\/meilleur-site-pour-vendre-voiture\/#primaryimage"},"image":{"@id":"https:\/\/www.carideal.com\/blog\/meilleur-site-pour-vendre-voiture\/#primaryimage"},"thumbnailUrl":"https:\/\/www.carideal.com\/blog\/wp-content\/uploads\/2019\/11\/meilleur-site-vendre-voiture.jpg","datePublished":"2019-11-23T14:15:42+00:00","dateModified":"2020-04-24T09:37:47+00:00","description":"D\u00e9couvrez le meilleur site pour vendre une voiture en ligne et pourquoi ils sont les plus populaires parmi les vendeurs, y compris des sites tels que Lacentrale, et Leboncoin","breadcrumb":{"@id":"https:\/\/www.carideal.com\/blog\/meilleur-site-pour-vendre-voiture\/#breadcrumb"},"inLanguage":"fr-FR","potentialAction":[{"@type":"ReadAction","target":["https:\/\/www.carideal.com\/blog\/meilleur-site-pour-vendre-voiture\/"]}]},{"@type":"ImageObject","inLanguage":"fr-FR","@id":"https:\/\/www.carideal.com\/blog\/meilleur-site-pour-vendre-voiture\/#primaryimage","url":"https:\/\/www.carideal.com\/blog\/wp-content\/uploads\/2019\/11\/meilleur-site-vendre-voiture.jpg","contentUrl":"https:\/\/www.carideal.com\/blog\/wp-content\/uploads\/2019\/11\/meilleur-site-vendre-voiture.jpg","width":600,"height":283,"caption":"Quel est le meilleur site pour vendre une voiture en ligne ?"},{"@type":"BreadcrumbList","@id":"https:\/\/www.carideal.com\/blog\/meilleur-site-pour-vendre-voiture\/#breadcrumb","itemListElement":[{"@type":"ListItem","position":1,"name":"Blog Carid\u00e9al","item":"https:\/\/www.carideal.com\/blog\/"},{"@type":"ListItem","position":2,"name":"Quel est le meilleur site pour vendre une voiture en ligne ?"}]},{"@type":"WebSite","@id":"https:\/\/www.carideal.com\/blog\/#website","url":"https:\/\/www.carideal.com\/blog\/","name":"Blog auto Carid\u00e9al","description":"Actualit\u00e9 auto par des passionn\u00e9s","publisher":{"@id":"https:\/\/www.carideal.com\/blog\/#organization"},"potentialAction":[{"@type":"SearchAction","target":{"@type":"EntryPoint","urlTemplate":"https:\/\/www.carideal.com\/blog\/?s={search_term_string}"},"query-input":{"@type":"PropertyValueSpecification","valueRequired":true,"valueName":"search_term_string"}}],"inLanguage":"fr-FR"},{"@type":"Organization","@id":"https:\/\/www.carideal.com\/blog\/#organization","name":"Carideal","url":"https:\/\/www.carideal.com\/blog\/","logo":{"@type":"ImageObject","inLanguage":"fr-FR","@id":"https:\/\/www.carideal.com\/blog\/#\/schema\/logo\/image\/","url":"http:\/\/www.carideal.com\/blog\/wp-content\/uploads\/2016\/03\/logo-carideal-mandataire-automobile.png","contentUrl":"http:\/\/www.carideal.com\/blog\/wp-content\/uploads\/2016\/03\/logo-carideal-mandataire-automobile.png","width":300,"height":300,"caption":"Carideal"},"image":{"@id":"https:\/\/www.carideal.com\/blog\/#\/schema\/logo\/image\/"},"sameAs":["https:\/\/www.facebook.com\/Carideal.mandataire.automobile","https:\/\/x.com\/caridealauto","https:\/\/www.instagram.com\/carideal1\/","https:\/\/www.linkedin.com\/company\/carideal.com","https:\/\/fr.pinterest.com\/schiavonsas\/","https:\/\/www.youtube.com\/user\/caridealsas"]}]}},"uagb_featured_image_src":{"full":["https:\/\/www.carideal.com\/blog\/wp-content\/uploads\/2019\/11\/meilleur-site-vendre-voiture.jpg",600,283,false],"thumbnail":["https:\/\/www.carideal.com\/blog\/wp-content\/uploads\/2019\/11\/meilleur-site-vendre-voiture-150x150.jpg",150,150,true],"medium":["https:\/\/www.carideal.com\/blog\/wp-content\/uploads\/2019\/11\/meilleur-site-vendre-voiture-300x142.jpg",300,142,true],"medium_large":["https:\/\/www.carideal.com\/blog\/wp-content\/uploads\/2019\/11\/meilleur-site-vendre-voiture.jpg",600,283,false],"large":["https:\/\/www.carideal.com\/blog\/wp-content\/uploads\/2019\/11\/meilleur-site-vendre-voiture.jpg",600,283,false],"1536x1536":["https:\/\/www.carideal.com\/blog\/wp-content\/uploads\/2019\/11\/meilleur-site-vendre-voiture.jpg",600,283,false],"2048x2048":["https:\/\/www.carideal.com\/blog\/wp-content\/uploads\/2019\/11\/meilleur-site-vendre-voiture.jpg",600,283,false],"wppr-widget":["https:\/\/www.carideal.com\/blog\/wp-content\/uploads\/2019\/11\/meilleur-site-vendre-voiture-50x24.jpg",50,24,true]},"uagb_author_info":{"display_name":"Nicolas SCHIAVON","author_link":"https:\/\/www.carideal.com\/blog\/author\/nschiavon\/"},"uagb_comment_info":0,"uagb_excerpt":"Quel est le meilleur site pour vendre une voiture en ligne ? Lorsqu'il s'agit de vendre une voiture d'occasion, vous avez principalement trois options. Vous pouvez soit la vendre \u00e0 un particulier, soit la vendre \u00e0 un concessionnaire, soit l'utiliser comme v\u00e9hicule de reprise contre un v\u00e9hicule neuf. Ces deux derni\u00e8res options sont peu susceptibles\u2026","_links":{"self":[{"href":"https:\/\/www.carideal.com\/blog\/wp-json\/wp\/v2\/pages\/20265"}],"collection":[{"href":"https:\/\/www.carideal.com\/blog\/wp-json\/wp\/v2\/pages"}],"about":[{"href":"https:\/\/www.carideal.com\/blog\/wp-json\/wp\/v2\/types\/page"}],"author":[{"embeddable":true,"href":"https:\/\/www.carideal.com\/blog\/wp-json\/wp\/v2\/users\/3"}],"replies":[{"embeddable":true,"href":"https:\/\/www.carideal.com\/blog\/wp-json\/wp\/v2\/comments?post=20265"}],"version-history":[{"count":0,"href":"https:\/\/www.carideal.com\/blog\/wp-json\/wp\/v2\/pages\/20265\/revisions"}],"wp:featuredmedia":[{"embeddable":true,"href":"https:\/\/www.carideal.com\/blog\/wp-json\/wp\/v2\/media\/20267"}],"wp:attachment":[{"href":"https:\/\/www.carideal.com\/blog\/wp-json\/wp\/v2\/media?parent=20265"}],"curies":[{"name":"wp","href":"https:\/\/api.w.org\/{rel}","templated":true}]}}