{"id":20250,"date":"2019-11-06T13:46:33","date_gmt":"2019-11-06T12:46:33","guid":{"rendered":"http:\/\/www.carideal.com\/blog\/?page_id=20250"},"modified":"2020-02-03T23:24:20","modified_gmt":"2020-02-03T22:24:20","slug":"lamborghini","status":"publish","type":"page","link":"https:\/\/www.carideal.com\/blog\/marque-de-voiture-actualites-essais\/lamborghini\/","title":{"rendered":"LAMBORGHINI : Actualit\u00e9s essais Avis neuve et occasion"},"content":{"rendered":"<h2>LAMBORGHINI : Actualit\u00e9s essais Avis neuve et occasion<\/h2>\n<p><a href=\"http:\/\/www.carideal.com\/blog\/marque-de-voiture-actualites-essais\/lamborghini\/\">Infos sur Lamborghini<\/a>&nbsp;|&nbsp;<a href=\"http:\/\/www.carideal.com\/blog\/constructeur\/actualite-lamborghini\/\">Actualit\u00e9s<\/a>&nbsp;|&nbsp;Essais | Lamborghini occasion | Lamborghini neuve | <a href=\"http:\/\/www.carideal.com\/blog\/credit-auto\/\">Financement<\/a>&nbsp;|&nbsp;<a href=\"http:\/\/www.carideal.com\/blog\/garage-automobile\/\">R\u00e9vision<\/a>&nbsp;|&nbsp;<a href=\"http:\/\/www.carideal.com\/blog\/offres-automobiles\/\">Offres<\/a> | Mandataire Lamborghini | <a href=\"http:\/\/www.carideal.com\/blog\/tag\/guide-achat\/?=lamborghini\">Guide d\u2019achat<\/a><\/p>\n<p>Parmi toutes les marques prestigieuses, Carideal.com se devait de mettre en avant Lamborghini. Vous trouverez sur notre site web les informations sur la marque Lamborghini et ses mod\u00e8les. Vous trouverez les diff\u00e9rents essais, les actualit\u00e9s et fiches techniques de la marque Lamborghini ainsi que les annonces autos de la marque Lamborghini. Nous mettrons tout en \u0153uvre pour vous donner le maximum d'informations sur la marque Lamborghini.<\/p>\n<h2>Liste des mod\u00e8les&nbsp;Lamborghini<\/h2>\n\n<p>&nbsp;<\/p>\n\n\n<figure class=\"wp-block-table is-style-stripes\"><table class=\"\"><tbody><tr><td>LAMBORGHINI AVENTADOR<\/td><td>LAMBORGHINI AVENTADOR SPYDER<\/td><td>LAMBORGHINI DIABLO<\/td><td>LAMBORGHINI GALLARDO<\/td><\/tr><tr><td><\/td><td><\/td><td><\/td><td><\/td><\/tr><tr><td>LAMBORGHINI HURACAN<\/td><td> LAMBORGHINI HURACAN SPYDER<\/td><td>LAMBORGHINI MURCIELAGO<\/td><td>LAMBORGHINI SIAN<\/td><\/tr><tr><td><\/td><td><\/td><td><\/td><td><\/td><\/tr><tr><td>LAMBORGHINI URUS<\/td><td><\/td><td>LAMBORGHINI VENENO<\/td><td>LAMBORGHINI SESTO ELEMENTO<\/td><\/tr><tr><td><img loading=\"lazy\" decoding=\"async\" width=\"150\" height=\"85\" class=\"wp-image-21515\" style=\"width: 150px;\" src=\"http:\/\/www.carideal.com\/blog\/wp-content\/uploads\/2020\/02\/lamborghini-urus-2019-scaled-e1580768610610.jpg\" alt=\"Lamborghini Urus\"><\/td><td><\/td><td><\/td><td><\/td><\/tr><\/tbody><\/table><\/figure>\n\n\n\n<h2 class=\"wp-block-heading\">Actualit\u00e9s&nbsp;Lamborghini<\/h2>\n\n\n<ul class=\"lcp_catlist\" id=\"lcp_instance_0\"><li><a href=\"https:\/\/www.carideal.com\/blog\/2019\/11\/06\/lamborghini-les-plus-cheres\/\">15 Lamborghini les plus ch\u00e8res au monde<\/a><div class=\"lcp_excerpt\">Les 15 Lamborghini les plus ch\u00e8res au monde\nL&rsquo;automobile est \u00e0 la fois une n\u00e9cessit\u00e9 et un luxe dans ce monde en constante \u00e9volution. Elle est indispensable pour les d\u00e9placements sur de longues distances, qu&rsquo;il s&rsquo;agisse de d\u00e9placements personnels ou professionnels. Quelles sont les Lamborghini les plus ch\u00e8res du monde ?\nCertains d&rsquo;entre nous sont satisfaits d&rsquo;un ...<\/div><\/li><li><a href=\"https:\/\/www.carideal.com\/blog\/2016\/12\/20\/lamborghini-aventador-s-2017\/\">Lamborghini Aventador S 2017 &#8211; Pr\u00e9sentation<\/a><div class=\"lcp_excerpt\">Pr\u00e9sentation de la Nouvelle\u00a0Lamborghini Aventador S 2017\u00a0\nOn vous donne plus d&rsquo;info sur la Lamborghini Aventador S 2017. La nouvelle Lamborghini Aventador S 2017 se r\u00e9v\u00e8le\u00a0plus maniable, plus puissante et am\u00e9lior\u00e9e, avec toute une flopp\u00e9 de nouvelles technologies. En vente maintenant pour 281555 \u20acHt soit 337 866 \u20ac TTC en France. Vous devrez payer un malus ...<\/div><\/li><li><a href=\"https:\/\/www.carideal.com\/blog\/2013\/12\/01\/lamborghini-gallardo-lp-570-4-squadra-corse\/\">Lamborghini Gallardo LP 570-4 Squadra Corse<\/a><div class=\"lcp_excerpt\">\nLamborghini Gallardo LP 570-4 Squadra Corse\nCette Lamborghini Gallardo est en vente \u00e0 228556 \u20ac\nElle est \u00e9quip\u00e9 du moteur V10 5.2 de 570 ch. Cette Squadra Corse est \u00e9quip\u00e9 de fibre de carbone, d&rsquo;aluminium et de c\u00e9ramique afin de lui faire gagner 70 kg et abaisser son poids \u00e0 1340 kg. Elle passe de 0 \u00e0 ...<\/div><\/li><li><a href=\"https:\/\/www.carideal.com\/blog\/2013\/09\/27\/une-lamborghini-de-2005-ch-explose-son-moteur-a-402-kmh\/\">Une lamborghini de 2005 ch explose son moteur \u00e0 402 km\/h<\/a><div class=\"lcp_excerpt\">Une Lamborghini Gallardo 2005 ch 402 km\/h explose son moteur\nUne Lamborghini de 2005 ch explose son moteur \u00e0 402 km\/h. \u00c9coutez moi ce bruit !\nCes Russes n&rsquo;ont peur de rien ; fallait il tuner une Lamborghini Gallardo\u00a0de 2005 ch pour atteindre les 400 km\/h ?\nIl voulait atteindre les 400 km\/h !! et son moteur explose ...<\/div><\/li><li><a href=\"https:\/\/www.carideal.com\/blog\/2013\/03\/18\/lamborghini-50-ans\/\">Lamborghini a 50 ans<\/a><div class=\"lcp_excerpt\">\nLamborghini a 50 ans\n\nLamborghini a un demi-si\u00e8cle, et cela se f\u00eate: aux Etats-Unis, sur l&rsquo;a\u00e9roport de Miami, cinq Aventador ont profit\u00e9 de l&rsquo;une des pistes pour faire \u00e9talage de leur acc\u00e9l\u00e9ration foudroyante. M\u00eame le Boeing 777 n&rsquo;a pas pu suivre!\n<\/div><\/li><li><a href=\"https:\/\/www.carideal.com\/blog\/2013\/01\/23\/audi-mercedes-bmw-un-trio-de-luxe\/\">Voiture de luxe le trio Audi Mercedes BMW<\/a><div class=\"lcp_excerpt\">Les trois marques allemandes de voiture de luxe\u00a0ont vendu 4 millions de voitures en 2011, soit 10% du chiffre d&rsquo;affaires de l&rsquo;ensemble des constructeurs automobiles.\nPendant de nombreuses ann\u00e9es, entre 1920 et 1960, le monde automobile \u00e9tait simple. Deux cat\u00e9gories se partageaient\u00a0: les marques populaires, pour le grand nombre, et les luxueuses ou les voitures de ...<\/div><\/li><li><a href=\"https:\/\/www.carideal.com\/blog\/2012\/11\/19\/lamborghini-urus\/\">Lamborghini Urus le monstre<\/a><div class=\"lcp_excerpt\">Le Lamborghini Urus\n\nLe Monstre de Lamborghini \u00ab\u00a0L&rsquo;urus\u00a0\u00bb\nIl a beau poss\u00e9der des lignes ac\u00e9r\u00e9es, celui qui s&rsquo;appelle encore aujourd&rsquo;hui Lamborghini Urus concept sera sans doute un monstre: moteur V8 et plus de 600ch devraient \u00eatre de s\u00e9rie, \u00e0 la seul condition que la marque Italienne prenne la d\u00e9cision de le produire.\n<\/div><\/li><li><a href=\"https:\/\/www.carideal.com\/blog\/2012\/06\/06\/le-concept-car-de-lamborghini\/\">URUS le concept car de Lamborghini<\/a><div class=\"lcp_excerpt\">L&rsquo;urus de Lamborghini avec transmission int\u00e9grale\nLamborghini \u00e0 tr\u00e8s bien ma\u00eetris\u00e9 son v\u00e9hicule de loisir. Ce concept-car tien la lign\u00e9e des confections du constructeur, plus haut que la sportive Aventador ce concept garde parfaitment le style de la marque. L&rsquo;urus adopte des parties sportives gr\u00e2ce a ses 5m de long et 1m66 de haut. La baisse ...<\/div><\/li><li><a href=\"https:\/\/www.carideal.com\/blog\/2012\/04\/24\/video-lamborghini-4x4-urus\/\">Video Lamborghini 4&#215;4 URUS<\/a><div class=\"lcp_excerpt\">Video Lamborghini 4&#215;4 URUS au Salon de\u00a0P\u00e9kin\nLamborghini a pr\u00e9sent\u00e9 au salon de Pekin en Chine son concept car de SUV 4&#215;4 ultra sportif de 600 ch et 5 m de long pour seulement 1.66m de haut, nomm\u00e9 URUS. (Video Lamborghini 4&#215;4 Urus ci-apr\u00e8s)\nLamborghini 4&#215;4 URUS\nLamborghini pr\u00e9sente partout, dans tous les salons automobiles, son futur SUV ...<\/div><\/li><li><a href=\"https:\/\/www.carideal.com\/blog\/2012\/02\/03\/un-suv-chez-lamborghini\/\">SUV Lamborghini pour bient\u00f4t ? Concept car<\/a><div class=\"lcp_excerpt\">&nbsp;\nLamborghini pr\u00e9pare un SUV pour succ\u00e9der au LM002 La photo qui circule en ce moment dans la presse italienne\nUn rempla\u00e7ant pour le LM002 de Lamborghini\u00a0? c&rsquo;est ce qu&rsquo;il semble se dessiner. Les dirigeants de la firme italienne ne pipent mots \u00e0 ce sujet, mais des informations de chez Audi la maison m\u00e8re semblent le confirmer. ...<\/div><\/li><\/ul>\n\n\n\n<p><a href=\"http:\/\/www.carideal.com\/blog\/constructeur\/actualite-lamborghini\/\">TOUTES&nbsp;LES&nbsp;ACTUALIT\u00c9S&nbsp;LAMBORGHINI<\/a><\/p>\n\n\n\n<h2 class=\"wp-block-heading\">Essais Lamborghini<\/h2>\n\n\n\n<p>TOUS&nbsp;LES&nbsp;ESSAIS&nbsp;LAMBORGHINI<\/p>\n","protected":false},"excerpt":{"rendered":"<p>LAMBORGHINI : Actualit\u00e9s essais Avis neuve et occasion Infos sur Lamborghini&nbsp;|&nbsp;Actualit\u00e9s&nbsp;|&nbsp;Essais | Lamborghini occasion | Lamborghini neuve | Financement&nbsp;|&nbsp;R\u00e9vision&nbsp;|&nbsp;Offres | Mandataire Lamborghini | Guide d\u2019achat Parmi toutes les marques prestigieuses, Carideal.com se devait de mettre en avant Lamborghini. Vous trouverez sur notre site web les informations sur la marque Lamborghini et ses mod\u00e8les. Vous trouverez &#8230; <a title=\"LAMBORGHINI : Actualit\u00e9s essais Avis neuve et occasion\" class=\"read-more\" href=\"https:\/\/www.carideal.com\/blog\/marque-de-voiture-actualites-essais\/lamborghini\/\" aria-label=\"En savoir plus sur LAMBORGHINI : Actualit\u00e9s essais Avis neuve et occasion\">Lire plus<\/a><\/p>\n","protected":false},"author":3,"featured_media":20252,"parent":13389,"menu_order":0,"comment_status":"closed","ping_status":"closed","template":"","meta":{"_uag_custom_page_level_css":"","_themeisle_gutenberg_block_has_review":false,"footnotes":""},"class_list":["post-20250","page","type-page","status-publish","has-post-thumbnail"],"wppr_data":{"cwp_meta_box_check":"No"},"yoast_head":"<!-- This site is optimized with the Yoast SEO plugin v24.8.1 - https:\/\/yoast.com\/wordpress\/plugins\/seo\/ -->\n<title>LAMBORGHINI : Actualit\u00e9s essais Avis neuve et occasion - Blog auto Carid\u00e9al<\/title>\n<meta name=\"description\" content=\"Tout ce que vous voulez savoir sur Lamborghini. Les derni\u00e8res actualit\u00e9s des essais de la marque Lamborghini. Toutes les voitures neuves et occasions.\" \/>\n<meta name=\"robots\" content=\"index, follow, max-snippet:-1, max-image-preview:large, max-video-preview:-1\" \/>\n<link rel=\"canonical\" href=\"https:\/\/www.carideal.com\/blog\/marque-de-voiture-actualites-essais\/lamborghini\/\" \/>\n<meta property=\"og:locale\" content=\"fr_FR\" \/>\n<meta property=\"og:type\" content=\"article\" \/>\n<meta property=\"og:title\" content=\"LAMBORGHINI : Actualit\u00e9s essais Avis neuve et occasion - Blog auto Carid\u00e9al\" \/>\n<meta property=\"og:description\" content=\"Tout ce que vous voulez savoir sur Lamborghini. Les derni\u00e8res actualit\u00e9s des essais de la marque Lamborghini. Toutes les voitures neuves et occasions.\" \/>\n<meta property=\"og:url\" content=\"https:\/\/www.carideal.com\/blog\/marque-de-voiture-actualites-essais\/lamborghini\/\" \/>\n<meta property=\"og:site_name\" content=\"Blog auto Carid\u00e9al\" \/>\n<meta property=\"article:publisher\" content=\"https:\/\/www.facebook.com\/Carideal.mandataire.automobile\" \/>\n<meta property=\"article:modified_time\" content=\"2020-02-03T22:24:20+00:00\" \/>\n<meta property=\"og:image\" content=\"https:\/\/www.carideal.com\/blog\/wp-content\/uploads\/2019\/11\/Lamborghini-logo.jpg\" \/>\n\t<meta property=\"og:image:width\" content=\"500\" \/>\n\t<meta property=\"og:image:height\" content=\"281\" \/>\n\t<meta property=\"og:image:type\" content=\"image\/jpeg\" \/>\n<meta name=\"twitter:card\" content=\"summary_large_image\" \/>\n<meta name=\"twitter:site\" content=\"@caridealauto\" \/>\n<meta name=\"twitter:label1\" content=\"Dur\u00e9e de lecture estim\u00e9e\" \/>\n\t<meta name=\"twitter:data1\" content=\"1 minute\" \/>\n<script type=\"application\/ld+json\" class=\"yoast-schema-graph\">{\"@context\":\"https:\/\/schema.org\",\"@graph\":[{\"@type\":\"WebPage\",\"@id\":\"https:\/\/www.carideal.com\/blog\/marque-de-voiture-actualites-essais\/lamborghini\/\",\"url\":\"https:\/\/www.carideal.com\/blog\/marque-de-voiture-actualites-essais\/lamborghini\/\",\"name\":\"LAMBORGHINI : Actualit\u00e9s essais Avis neuve et occasion - Blog auto Carid\u00e9al\",\"isPartOf\":{\"@id\":\"https:\/\/www.carideal.com\/blog\/#website\"},\"primaryImageOfPage\":{\"@id\":\"https:\/\/www.carideal.com\/blog\/marque-de-voiture-actualites-essais\/lamborghini\/#primaryimage\"},\"image\":{\"@id\":\"https:\/\/www.carideal.com\/blog\/marque-de-voiture-actualites-essais\/lamborghini\/#primaryimage\"},\"thumbnailUrl\":\"https:\/\/www.carideal.com\/blog\/wp-content\/uploads\/2019\/11\/Lamborghini-logo.jpg\",\"datePublished\":\"2019-11-06T12:46:33+00:00\",\"dateModified\":\"2020-02-03T22:24:20+00:00\",\"description\":\"Tout ce que vous voulez savoir sur Lamborghini. Les derni\u00e8res actualit\u00e9s des essais de la marque Lamborghini. Toutes les voitures neuves et occasions.\",\"breadcrumb\":{\"@id\":\"https:\/\/www.carideal.com\/blog\/marque-de-voiture-actualites-essais\/lamborghini\/#breadcrumb\"},\"inLanguage\":\"fr-FR\",\"potentialAction\":[{\"@type\":\"ReadAction\",\"target\":[\"https:\/\/www.carideal.com\/blog\/marque-de-voiture-actualites-essais\/lamborghini\/\"]}]},{\"@type\":\"ImageObject\",\"inLanguage\":\"fr-FR\",\"@id\":\"https:\/\/www.carideal.com\/blog\/marque-de-voiture-actualites-essais\/lamborghini\/#primaryimage\",\"url\":\"https:\/\/www.carideal.com\/blog\/wp-content\/uploads\/2019\/11\/Lamborghini-logo.jpg\",\"contentUrl\":\"https:\/\/www.carideal.com\/blog\/wp-content\/uploads\/2019\/11\/Lamborghini-logo.jpg\",\"width\":500,\"height\":281,\"caption\":\"Lamborghini logo\"},{\"@type\":\"BreadcrumbList\",\"@id\":\"https:\/\/www.carideal.com\/blog\/marque-de-voiture-actualites-essais\/lamborghini\/#breadcrumb\",\"itemListElement\":[{\"@type\":\"ListItem\",\"position\":1,\"name\":\"Blog Carid\u00e9al\",\"item\":\"https:\/\/www.carideal.com\/blog\/\"},{\"@type\":\"ListItem\",\"position\":2,\"name\":\"Marque de voiture\",\"item\":\"https:\/\/www.carideal.com\/blog\/marque-de-voiture-actualites-essais\/\"},{\"@type\":\"ListItem\",\"position\":3,\"name\":\"LAMBORGHINI : Actualit\u00e9s essais Avis neuve et occasion\"}]},{\"@type\":\"WebSite\",\"@id\":\"https:\/\/www.carideal.com\/blog\/#website\",\"url\":\"https:\/\/www.carideal.com\/blog\/\",\"name\":\"Blog auto Carid\u00e9al\",\"description\":\"Actualit\u00e9 auto par des passionn\u00e9s\",\"publisher\":{\"@id\":\"https:\/\/www.carideal.com\/blog\/#organization\"},\"potentialAction\":[{\"@type\":\"SearchAction\",\"target\":{\"@type\":\"EntryPoint\",\"urlTemplate\":\"https:\/\/www.carideal.com\/blog\/?s={search_term_string}\"},\"query-input\":{\"@type\":\"PropertyValueSpecification\",\"valueRequired\":true,\"valueName\":\"search_term_string\"}}],\"inLanguage\":\"fr-FR\"},{\"@type\":\"Organization\",\"@id\":\"https:\/\/www.carideal.com\/blog\/#organization\",\"name\":\"Carideal\",\"url\":\"https:\/\/www.carideal.com\/blog\/\",\"logo\":{\"@type\":\"ImageObject\",\"inLanguage\":\"fr-FR\",\"@id\":\"https:\/\/www.carideal.com\/blog\/#\/schema\/logo\/image\/\",\"url\":\"http:\/\/www.carideal.com\/blog\/wp-content\/uploads\/2016\/03\/logo-carideal-mandataire-automobile.png\",\"contentUrl\":\"http:\/\/www.carideal.com\/blog\/wp-content\/uploads\/2016\/03\/logo-carideal-mandataire-automobile.png\",\"width\":300,\"height\":300,\"caption\":\"Carideal\"},\"image\":{\"@id\":\"https:\/\/www.carideal.com\/blog\/#\/schema\/logo\/image\/\"},\"sameAs\":[\"https:\/\/www.facebook.com\/Carideal.mandataire.automobile\",\"https:\/\/x.com\/caridealauto\",\"https:\/\/www.instagram.com\/carideal1\/\",\"https:\/\/www.linkedin.com\/company\/carideal.com\",\"https:\/\/fr.pinterest.com\/schiavonsas\/\",\"https:\/\/www.youtube.com\/user\/caridealsas\"]}]}<\/script>\n<!-- \/ Yoast SEO plugin. -->","yoast_head_json":{"title":"LAMBORGHINI : Actualit\u00e9s essais Avis neuve et occasion - Blog auto Carid\u00e9al","description":"Tout ce que vous voulez savoir sur Lamborghini. Les derni\u00e8res actualit\u00e9s des essais de la marque Lamborghini. Toutes les voitures neuves et occasions.","robots":{"index":"index","follow":"follow","max-snippet":"max-snippet:-1","max-image-preview":"max-image-preview:large","max-video-preview":"max-video-preview:-1"},"canonical":"https:\/\/www.carideal.com\/blog\/marque-de-voiture-actualites-essais\/lamborghini\/","og_locale":"fr_FR","og_type":"article","og_title":"LAMBORGHINI : Actualit\u00e9s essais Avis neuve et occasion - Blog auto Carid\u00e9al","og_description":"Tout ce que vous voulez savoir sur Lamborghini. Les derni\u00e8res actualit\u00e9s des essais de la marque Lamborghini. Toutes les voitures neuves et occasions.","og_url":"https:\/\/www.carideal.com\/blog\/marque-de-voiture-actualites-essais\/lamborghini\/","og_site_name":"Blog auto Carid\u00e9al","article_publisher":"https:\/\/www.facebook.com\/Carideal.mandataire.automobile","article_modified_time":"2020-02-03T22:24:20+00:00","og_image":[{"width":500,"height":281,"url":"https:\/\/www.carideal.com\/blog\/wp-content\/uploads\/2019\/11\/Lamborghini-logo.jpg","type":"image\/jpeg"}],"twitter_card":"summary_large_image","twitter_site":"@caridealauto","twitter_misc":{"Dur\u00e9e de lecture estim\u00e9e":"1 minute"},"schema":{"@context":"https:\/\/schema.org","@graph":[{"@type":"WebPage","@id":"https:\/\/www.carideal.com\/blog\/marque-de-voiture-actualites-essais\/lamborghini\/","url":"https:\/\/www.carideal.com\/blog\/marque-de-voiture-actualites-essais\/lamborghini\/","name":"LAMBORGHINI : Actualit\u00e9s essais Avis neuve et occasion - Blog auto Carid\u00e9al","isPartOf":{"@id":"https:\/\/www.carideal.com\/blog\/#website"},"primaryImageOfPage":{"@id":"https:\/\/www.carideal.com\/blog\/marque-de-voiture-actualites-essais\/lamborghini\/#primaryimage"},"image":{"@id":"https:\/\/www.carideal.com\/blog\/marque-de-voiture-actualites-essais\/lamborghini\/#primaryimage"},"thumbnailUrl":"https:\/\/www.carideal.com\/blog\/wp-content\/uploads\/2019\/11\/Lamborghini-logo.jpg","datePublished":"2019-11-06T12:46:33+00:00","dateModified":"2020-02-03T22:24:20+00:00","description":"Tout ce que vous voulez savoir sur Lamborghini. Les derni\u00e8res actualit\u00e9s des essais de la marque Lamborghini. Toutes les voitures neuves et occasions.","breadcrumb":{"@id":"https:\/\/www.carideal.com\/blog\/marque-de-voiture-actualites-essais\/lamborghini\/#breadcrumb"},"inLanguage":"fr-FR","potentialAction":[{"@type":"ReadAction","target":["https:\/\/www.carideal.com\/blog\/marque-de-voiture-actualites-essais\/lamborghini\/"]}]},{"@type":"ImageObject","inLanguage":"fr-FR","@id":"https:\/\/www.carideal.com\/blog\/marque-de-voiture-actualites-essais\/lamborghini\/#primaryimage","url":"https:\/\/www.carideal.com\/blog\/wp-content\/uploads\/2019\/11\/Lamborghini-logo.jpg","contentUrl":"https:\/\/www.carideal.com\/blog\/wp-content\/uploads\/2019\/11\/Lamborghini-logo.jpg","width":500,"height":281,"caption":"Lamborghini logo"},{"@type":"BreadcrumbList","@id":"https:\/\/www.carideal.com\/blog\/marque-de-voiture-actualites-essais\/lamborghini\/#breadcrumb","itemListElement":[{"@type":"ListItem","position":1,"name":"Blog Carid\u00e9al","item":"https:\/\/www.carideal.com\/blog\/"},{"@type":"ListItem","position":2,"name":"Marque de voiture","item":"https:\/\/www.carideal.com\/blog\/marque-de-voiture-actualites-essais\/"},{"@type":"ListItem","position":3,"name":"LAMBORGHINI : Actualit\u00e9s essais Avis neuve et occasion"}]},{"@type":"WebSite","@id":"https:\/\/www.carideal.com\/blog\/#website","url":"https:\/\/www.carideal.com\/blog\/","name":"Blog auto Carid\u00e9al","description":"Actualit\u00e9 auto par des passionn\u00e9s","publisher":{"@id":"https:\/\/www.carideal.com\/blog\/#organization"},"potentialAction":[{"@type":"SearchAction","target":{"@type":"EntryPoint","urlTemplate":"https:\/\/www.carideal.com\/blog\/?s={search_term_string}"},"query-input":{"@type":"PropertyValueSpecification","valueRequired":true,"valueName":"search_term_string"}}],"inLanguage":"fr-FR"},{"@type":"Organization","@id":"https:\/\/www.carideal.com\/blog\/#organization","name":"Carideal","url":"https:\/\/www.carideal.com\/blog\/","logo":{"@type":"ImageObject","inLanguage":"fr-FR","@id":"https:\/\/www.carideal.com\/blog\/#\/schema\/logo\/image\/","url":"http:\/\/www.carideal.com\/blog\/wp-content\/uploads\/2016\/03\/logo-carideal-mandataire-automobile.png","contentUrl":"http:\/\/www.carideal.com\/blog\/wp-content\/uploads\/2016\/03\/logo-carideal-mandataire-automobile.png","width":300,"height":300,"caption":"Carideal"},"image":{"@id":"https:\/\/www.carideal.com\/blog\/#\/schema\/logo\/image\/"},"sameAs":["https:\/\/www.facebook.com\/Carideal.mandataire.automobile","https:\/\/x.com\/caridealauto","https:\/\/www.instagram.com\/carideal1\/","https:\/\/www.linkedin.com\/company\/carideal.com","https:\/\/fr.pinterest.com\/schiavonsas\/","https:\/\/www.youtube.com\/user\/caridealsas"]}]}},"uagb_featured_image_src":{"full":["https:\/\/www.carideal.com\/blog\/wp-content\/uploads\/2019\/11\/Lamborghini-logo.jpg",500,281,false],"thumbnail":["https:\/\/www.carideal.com\/blog\/wp-content\/uploads\/2019\/11\/Lamborghini-logo-150x150.jpg",150,150,true],"medium":["https:\/\/www.carideal.com\/blog\/wp-content\/uploads\/2019\/11\/Lamborghini-logo-300x169.jpg",300,169,true],"medium_large":["https:\/\/www.carideal.com\/blog\/wp-content\/uploads\/2019\/11\/Lamborghini-logo.jpg",500,281,false],"large":["https:\/\/www.carideal.com\/blog\/wp-content\/uploads\/2019\/11\/Lamborghini-logo.jpg",500,281,false],"1536x1536":["https:\/\/www.carideal.com\/blog\/wp-content\/uploads\/2019\/11\/Lamborghini-logo.jpg",500,281,false],"2048x2048":["https:\/\/www.carideal.com\/blog\/wp-content\/uploads\/2019\/11\/Lamborghini-logo.jpg",500,281,false],"wppr-widget":["https:\/\/www.carideal.com\/blog\/wp-content\/uploads\/2019\/11\/Lamborghini-logo-50x28.jpg",50,28,true]},"uagb_author_info":{"display_name":"Nicolas SCHIAVON","author_link":"https:\/\/www.carideal.com\/blog\/author\/nschiavon\/"},"uagb_comment_info":0,"uagb_excerpt":"LAMBORGHINI : Actualit\u00e9s essais Avis neuve et occasion Infos sur Lamborghini&nbsp;|&nbsp;Actualit\u00e9s&nbsp;|&nbsp;Essais | Lamborghini occasion | Lamborghini neuve | Financement&nbsp;|&nbsp;R\u00e9vision&nbsp;|&nbsp;Offres | Mandataire Lamborghini | Guide d\u2019achat Parmi toutes les marques prestigieuses, Carideal.com se devait de mettre en avant Lamborghini. Vous trouverez sur notre site web les informations sur la marque Lamborghini et ses mod\u00e8les. Vous trouverez\u2026","_links":{"self":[{"href":"https:\/\/www.carideal.com\/blog\/wp-json\/wp\/v2\/pages\/20250"}],"collection":[{"href":"https:\/\/www.carideal.com\/blog\/wp-json\/wp\/v2\/pages"}],"about":[{"href":"https:\/\/www.carideal.com\/blog\/wp-json\/wp\/v2\/types\/page"}],"author":[{"embeddable":true,"href":"https:\/\/www.carideal.com\/blog\/wp-json\/wp\/v2\/users\/3"}],"replies":[{"embeddable":true,"href":"https:\/\/www.carideal.com\/blog\/wp-json\/wp\/v2\/comments?post=20250"}],"version-history":[{"count":0,"href":"https:\/\/www.carideal.com\/blog\/wp-json\/wp\/v2\/pages\/20250\/revisions"}],"up":[{"embeddable":true,"href":"https:\/\/www.carideal.com\/blog\/wp-json\/wp\/v2\/pages\/13389"}],"wp:featuredmedia":[{"embeddable":true,"href":"https:\/\/www.carideal.com\/blog\/wp-json\/wp\/v2\/media\/20252"}],"wp:attachment":[{"href":"https:\/\/www.carideal.com\/blog\/wp-json\/wp\/v2\/media?parent=20250"}],"curies":[{"name":"wp","href":"https:\/\/api.w.org\/{rel}","templated":true}]}}