{"id":17701,"date":"2018-10-15T15:12:37","date_gmt":"2018-10-15T13:12:37","guid":{"rendered":"http:\/\/www.carideal.com\/blog\/?page_id=17701"},"modified":"2021-05-21T10:48:55","modified_gmt":"2021-05-21T08:48:55","slug":"gap","status":"publish","type":"page","link":"https:\/\/www.carideal.com\/blog\/voitures-occasions\/gap\/","title":{"rendered":"Voiture occasion Gap &#8211; Annonces auto"},"content":{"rendered":"\n<h2 class=\"wp-block-heading\">Voitures d'occasions garanties \u00e0 Gap avec Carideal<\/h2>\n\n\n\n<p>Toutes les marques | Peugeot | Citro\u00ebn | Renault | Dacia | Volkswagen | Kia | Land Rover<\/p>\n\n\n\n<p>D\u00e9couvrez l'une des plus grandes collections de <strong>voitures d'occasion garanties \u00e0 Gap<\/strong>. <a href=\"http:\/\/www.carideal.com\/\">Carideal<\/a>, votre mandataire auto vous propose un grand choix de <a href=\"http:\/\/www.carideal.com\/blog\/voitures-occasions\/\">voitures d'occasions<\/a> r\u00e9vis\u00e9es et garanties.<\/p>\n\n\n\n<div class=\"wp-block-image size-full wp-image-17704\"><figure class=\"aligncenter\"><img loading=\"lazy\" decoding=\"async\" width=\"600\" height=\"279\" src=\"http:\/\/www.carideal.com\/blog\/wp-content\/uploads\/2018\/10\/voiture-occasion-Gap-e1580555511694.jpg\" alt=\"Voiture occasion Gap\" class=\"wp-image-17704\"\/><figcaption>Voiture occasion Gap<\/figcaption><\/figure><\/div>\n\n\n\n<p>Vous trouverez vos <a href=\"http:\/\/www.carideal.com\/blog\/voitures-occasions\/\">voitures d'occasions<\/a> sur notre site internet que nos partenaires pourront <a href=\"http:\/\/www.carideal.com\/content\/9-carideal-livraison-partout-en-france\">livrer \u00e0 Gap<\/a>.<\/p>\n\n\n\n<p>Ouvert sept jours par semaine, vous \u00eates invit\u00e9 \u00e0 explorer la gamme des voitures d'occasions le jour qui vous convient le mieux. Pendant la semaine, vous pouvez nous rendre visite entre 8h30 et 18h; le samedi, nous sommes ouverts de 8h30 \u00e0 17h00; dimanche, nous sommes ferm\u00e9s.<\/p>\n\n\n\n<p>En tant que r\u00e9seau national de vente de voiture d'occasion, offrant 24 marques de voiture d'occasion, nous sommes en mesure de nous procurer certaines des meilleures voitures d'occasion en parfait \u00e9tat dans votre ville \u00e0 Gap. Une \u00e9quipe de techniciens exp\u00e9riment\u00e9s v\u00e9rifie minutieusement chaque mod\u00e8le afin de vous donner une id\u00e9e pr\u00e9cise de l\u2019\u00e9tat de sant\u00e9 de chaque voiture avant l\u2019achat pour une <a href=\"http:\/\/www.carideal.com\/blog\/2019\/12\/03\/voitures-doccasion-les-plus-fiables-2019\/\">voiture fiable<\/a>.<\/p>\n\n\n\n<p>Toutes nos voitures d'occasions vendues \u00e0 Gap sont r\u00e9vis\u00e9es et <a href=\"http:\/\/www.carideal.com\/blog\/2015\/06\/03\/garantie-voitures-doccasions\/\">garantie<\/a>. Vous pouvez b\u00e9n\u00e9ficier d'une extension de garantie jusque 5 ans. Carideal.com est un des plus anciens et <a href=\"http:\/\/www.carideal.com\/blog\/meilleur-site-pour-vendre-voiture\/\">meilleurs sites de vente de voiture sur internet<\/a>. Nos clients nous font confiance sur le Web depuis 1997 et l'entreprise existe depuis 1960.<\/p>\n\n\n\n<p>La collection des <a href=\"http:\/\/www.carideal.com\/blog\/voitures-occasions\/\">voitures d'occasions<\/a> propos\u00e9es varie \u00e9norm\u00e9ment, avec des monospaces et des SUV en vente aux c\u00f4t\u00e9s des voitures citadines, des berlines, des berlines avec hayon et des mod\u00e8les de voiture de sport ainsi que des pick-up. Notre centre de voitures d'occasion est l'endroit id\u00e9al pour trouver la meilleure voiture pour vous, gr\u00e2ce \u00e0 notre large gamme et \u00e0 notre personnel comp\u00e9tent.<\/p>\n\n\n\n<p>Si vous avez des questions sur les mod\u00e8les, ou si vous souhaitez en savoir plus sur nos offres de reprise de votre voiture, rendez-vous au centre ou appelez l\u2019\u00e9quipe des ventes au num\u00e9ro ci-dessus.<\/p>\n\n\n\n<h3 class=\"wp-block-heading\">Trouvez votre voiture d'occasion en France<\/h3>\n\n\n\n<ul class=\"wp-block-list\"><li><a href=\"http:\/\/www.carideal.com\/blog\/voitures-occasions\/annecy\/\">Voitures d'occasions \u00e0 Annecy<\/a><\/li><li><a href=\"http:\/\/www.carideal.com\/blog\/voitures-occasions\/bordeaux\/\">Voitures d'occasions \u00e0 Bordeaux<\/a><\/li><li><a href=\"http:\/\/www.carideal.com\/blog\/voitures-occasions\/gap\/\">Voitures d'occasions \u00e0 Gap<\/a><\/li><li><a href=\"http:\/\/www.carideal.com\/blog\/voitures-occasions\/lyon\/\">Voitures d'occasions \u00e0 Lyon<\/a><\/li><li><a href=\"http:\/\/www.carideal.com\/blog\/voitures-occasions\/paris\/\">Voitures d'occasion \u00e0 Paris<\/a><\/li><li><a href=\"http:\/\/www.carideal.com\/blog\/voitures-occasions\/voiture-occasion-macon\/\">Voitures d'occasions \u00e0 M\u00e2con<\/a><\/li><li><a href=\"http:\/\/www.carideal.com\/blog\/voitures-occasions\/marseille\/\">Voitures d'occasion \u00e0 Marseille<\/a><\/li><li><a href=\"http:\/\/www.carideal.com\/blog\/voitures-occasions\/metz\/\">Voitures d'occasions \u00e0 Metz<\/a><\/li><li><a href=\"http:\/\/www.carideal.com\/blog\/voitures-occasions\/metz\/\">Voitures d'occasions \u00e0 Montpellier<\/a><\/li><li><a href=\"http:\/\/www.carideal.com\/blog\/voitures-occasions\/nantes\/\">Voitures d'occasions \u00e0 Nantes<\/a><\/li><\/ul>\n","protected":false},"excerpt":{"rendered":"<p>Voitures d&rsquo;occasions garanties \u00e0 Gap avec Carideal Toutes les marques | Peugeot | Citro\u00ebn | Renault | Dacia | Volkswagen | Kia | Land Rover D\u00e9couvrez l&rsquo;une des plus grandes collections de voitures d&rsquo;occasion garanties \u00e0 Gap. Carideal, votre mandataire auto vous propose un grand choix de voitures d&rsquo;occasions r\u00e9vis\u00e9es et garanties. Vous trouverez vos &#8230; <a title=\"Voiture occasion Gap &#8211; Annonces auto\" class=\"read-more\" href=\"https:\/\/www.carideal.com\/blog\/voitures-occasions\/gap\/\" aria-label=\"En savoir plus sur Voiture occasion Gap &#8211; Annonces auto\">Lire plus<\/a><\/p>\n","protected":false},"author":3,"featured_media":17704,"parent":15469,"menu_order":0,"comment_status":"closed","ping_status":"closed","template":"","meta":{"_uag_custom_page_level_css":"","_themeisle_gutenberg_block_has_review":false,"footnotes":""},"class_list":["post-17701","page","type-page","status-publish","has-post-thumbnail"],"wppr_data":{"cwp_meta_box_check":"No"},"yoast_head":"<!-- This site is optimized with the Yoast SEO plugin v24.8.1 - https:\/\/yoast.com\/wordpress\/plugins\/seo\/ -->\n<title>Voiture occasion Gap - Annonces auto - Blog auto Carid\u00e9al<\/title>\n<meta name=\"description\" content=\"Trouvez votre voiture d&#039;occasion \u00e0 Gap avec l&#039;\u00e9quipe de Carideal. Choisissez l\u00e0 en ligne, r\u00e9servez l\u00e0 avec un accompte et nous vous la livrons chez vous, r\u00e9vis\u00e9e et garantie.\" \/>\n<meta name=\"robots\" content=\"index, follow, max-snippet:-1, max-image-preview:large, max-video-preview:-1\" \/>\n<link rel=\"canonical\" href=\"https:\/\/www.carideal.com\/blog\/voitures-occasions\/gap\/\" \/>\n<meta property=\"og:locale\" content=\"fr_FR\" \/>\n<meta property=\"og:type\" content=\"article\" \/>\n<meta property=\"og:title\" content=\"Voiture occasion Gap - Annonces auto - Blog auto Carid\u00e9al\" \/>\n<meta property=\"og:description\" content=\"Trouvez votre voiture d&#039;occasion \u00e0 Gap avec l&#039;\u00e9quipe de Carideal. Choisissez l\u00e0 en ligne, r\u00e9servez l\u00e0 avec un accompte et nous vous la livrons chez vous, r\u00e9vis\u00e9e et garantie.\" \/>\n<meta property=\"og:url\" content=\"https:\/\/www.carideal.com\/blog\/voitures-occasions\/gap\/\" \/>\n<meta property=\"og:site_name\" content=\"Blog auto Carid\u00e9al\" \/>\n<meta property=\"article:publisher\" content=\"https:\/\/www.facebook.com\/Carideal.mandataire.automobile\" \/>\n<meta property=\"article:modified_time\" content=\"2021-05-21T08:48:55+00:00\" \/>\n<meta property=\"og:image\" content=\"https:\/\/www.carideal.com\/blog\/wp-content\/uploads\/2018\/10\/voiture-occasion-Gap-e1580555511694.jpg\" \/>\n\t<meta property=\"og:image:width\" content=\"600\" \/>\n\t<meta property=\"og:image:height\" content=\"279\" \/>\n\t<meta property=\"og:image:type\" content=\"image\/jpeg\" \/>\n<meta name=\"twitter:card\" content=\"summary_large_image\" \/>\n<meta name=\"twitter:site\" content=\"@caridealauto\" \/>\n<meta name=\"twitter:label1\" content=\"Dur\u00e9e de lecture estim\u00e9e\" \/>\n\t<meta name=\"twitter:data1\" content=\"2 minutes\" \/>\n<script type=\"application\/ld+json\" class=\"yoast-schema-graph\">{\"@context\":\"https:\/\/schema.org\",\"@graph\":[{\"@type\":\"WebPage\",\"@id\":\"https:\/\/www.carideal.com\/blog\/voitures-occasions\/gap\/\",\"url\":\"https:\/\/www.carideal.com\/blog\/voitures-occasions\/gap\/\",\"name\":\"Voiture occasion Gap - Annonces auto - Blog auto Carid\u00e9al\",\"isPartOf\":{\"@id\":\"https:\/\/www.carideal.com\/blog\/#website\"},\"primaryImageOfPage\":{\"@id\":\"https:\/\/www.carideal.com\/blog\/voitures-occasions\/gap\/#primaryimage\"},\"image\":{\"@id\":\"https:\/\/www.carideal.com\/blog\/voitures-occasions\/gap\/#primaryimage\"},\"thumbnailUrl\":\"https:\/\/www.carideal.com\/blog\/wp-content\/uploads\/2018\/10\/voiture-occasion-Gap-e1580555511694.jpg\",\"datePublished\":\"2018-10-15T13:12:37+00:00\",\"dateModified\":\"2021-05-21T08:48:55+00:00\",\"description\":\"Trouvez votre voiture d'occasion \u00e0 Gap avec l'\u00e9quipe de Carideal. Choisissez l\u00e0 en ligne, r\u00e9servez l\u00e0 avec un accompte et nous vous la livrons chez vous, r\u00e9vis\u00e9e et garantie.\",\"breadcrumb\":{\"@id\":\"https:\/\/www.carideal.com\/blog\/voitures-occasions\/gap\/#breadcrumb\"},\"inLanguage\":\"fr-FR\",\"potentialAction\":[{\"@type\":\"ReadAction\",\"target\":[\"https:\/\/www.carideal.com\/blog\/voitures-occasions\/gap\/\"]}]},{\"@type\":\"ImageObject\",\"inLanguage\":\"fr-FR\",\"@id\":\"https:\/\/www.carideal.com\/blog\/voitures-occasions\/gap\/#primaryimage\",\"url\":\"https:\/\/www.carideal.com\/blog\/wp-content\/uploads\/2018\/10\/voiture-occasion-Gap-e1580555511694.jpg\",\"contentUrl\":\"https:\/\/www.carideal.com\/blog\/wp-content\/uploads\/2018\/10\/voiture-occasion-Gap-e1580555511694.jpg\",\"width\":600,\"height\":279,\"caption\":\"Voiture occasion Gap\"},{\"@type\":\"BreadcrumbList\",\"@id\":\"https:\/\/www.carideal.com\/blog\/voitures-occasions\/gap\/#breadcrumb\",\"itemListElement\":[{\"@type\":\"ListItem\",\"position\":1,\"name\":\"Blog Carid\u00e9al\",\"item\":\"https:\/\/www.carideal.com\/blog\/\"},{\"@type\":\"ListItem\",\"position\":2,\"name\":\"Voitures occasions\",\"item\":\"https:\/\/www.carideal.com\/blog\/voitures-occasions\/\"},{\"@type\":\"ListItem\",\"position\":3,\"name\":\"Voiture occasion Gap &#8211; Annonces auto\"}]},{\"@type\":\"WebSite\",\"@id\":\"https:\/\/www.carideal.com\/blog\/#website\",\"url\":\"https:\/\/www.carideal.com\/blog\/\",\"name\":\"Blog auto Carid\u00e9al\",\"description\":\"Actualit\u00e9 auto par des passionn\u00e9s\",\"publisher\":{\"@id\":\"https:\/\/www.carideal.com\/blog\/#organization\"},\"potentialAction\":[{\"@type\":\"SearchAction\",\"target\":{\"@type\":\"EntryPoint\",\"urlTemplate\":\"https:\/\/www.carideal.com\/blog\/?s={search_term_string}\"},\"query-input\":{\"@type\":\"PropertyValueSpecification\",\"valueRequired\":true,\"valueName\":\"search_term_string\"}}],\"inLanguage\":\"fr-FR\"},{\"@type\":\"Organization\",\"@id\":\"https:\/\/www.carideal.com\/blog\/#organization\",\"name\":\"Carideal\",\"url\":\"https:\/\/www.carideal.com\/blog\/\",\"logo\":{\"@type\":\"ImageObject\",\"inLanguage\":\"fr-FR\",\"@id\":\"https:\/\/www.carideal.com\/blog\/#\/schema\/logo\/image\/\",\"url\":\"http:\/\/www.carideal.com\/blog\/wp-content\/uploads\/2016\/03\/logo-carideal-mandataire-automobile.png\",\"contentUrl\":\"http:\/\/www.carideal.com\/blog\/wp-content\/uploads\/2016\/03\/logo-carideal-mandataire-automobile.png\",\"width\":300,\"height\":300,\"caption\":\"Carideal\"},\"image\":{\"@id\":\"https:\/\/www.carideal.com\/blog\/#\/schema\/logo\/image\/\"},\"sameAs\":[\"https:\/\/www.facebook.com\/Carideal.mandataire.automobile\",\"https:\/\/x.com\/caridealauto\",\"https:\/\/www.instagram.com\/carideal1\/\",\"https:\/\/www.linkedin.com\/company\/carideal.com\",\"https:\/\/fr.pinterest.com\/schiavonsas\/\",\"https:\/\/www.youtube.com\/user\/caridealsas\"]}]}<\/script>\n<!-- \/ Yoast SEO plugin. -->","yoast_head_json":{"title":"Voiture occasion Gap - Annonces auto - Blog auto Carid\u00e9al","description":"Trouvez votre voiture d'occasion \u00e0 Gap avec l'\u00e9quipe de Carideal. Choisissez l\u00e0 en ligne, r\u00e9servez l\u00e0 avec un accompte et nous vous la livrons chez vous, r\u00e9vis\u00e9e et garantie.","robots":{"index":"index","follow":"follow","max-snippet":"max-snippet:-1","max-image-preview":"max-image-preview:large","max-video-preview":"max-video-preview:-1"},"canonical":"https:\/\/www.carideal.com\/blog\/voitures-occasions\/gap\/","og_locale":"fr_FR","og_type":"article","og_title":"Voiture occasion Gap - Annonces auto - Blog auto Carid\u00e9al","og_description":"Trouvez votre voiture d'occasion \u00e0 Gap avec l'\u00e9quipe de Carideal. Choisissez l\u00e0 en ligne, r\u00e9servez l\u00e0 avec un accompte et nous vous la livrons chez vous, r\u00e9vis\u00e9e et garantie.","og_url":"https:\/\/www.carideal.com\/blog\/voitures-occasions\/gap\/","og_site_name":"Blog auto Carid\u00e9al","article_publisher":"https:\/\/www.facebook.com\/Carideal.mandataire.automobile","article_modified_time":"2021-05-21T08:48:55+00:00","og_image":[{"width":600,"height":279,"url":"https:\/\/www.carideal.com\/blog\/wp-content\/uploads\/2018\/10\/voiture-occasion-Gap-e1580555511694.jpg","type":"image\/jpeg"}],"twitter_card":"summary_large_image","twitter_site":"@caridealauto","twitter_misc":{"Dur\u00e9e de lecture estim\u00e9e":"2 minutes"},"schema":{"@context":"https:\/\/schema.org","@graph":[{"@type":"WebPage","@id":"https:\/\/www.carideal.com\/blog\/voitures-occasions\/gap\/","url":"https:\/\/www.carideal.com\/blog\/voitures-occasions\/gap\/","name":"Voiture occasion Gap - Annonces auto - Blog auto Carid\u00e9al","isPartOf":{"@id":"https:\/\/www.carideal.com\/blog\/#website"},"primaryImageOfPage":{"@id":"https:\/\/www.carideal.com\/blog\/voitures-occasions\/gap\/#primaryimage"},"image":{"@id":"https:\/\/www.carideal.com\/blog\/voitures-occasions\/gap\/#primaryimage"},"thumbnailUrl":"https:\/\/www.carideal.com\/blog\/wp-content\/uploads\/2018\/10\/voiture-occasion-Gap-e1580555511694.jpg","datePublished":"2018-10-15T13:12:37+00:00","dateModified":"2021-05-21T08:48:55+00:00","description":"Trouvez votre voiture d'occasion \u00e0 Gap avec l'\u00e9quipe de Carideal. Choisissez l\u00e0 en ligne, r\u00e9servez l\u00e0 avec un accompte et nous vous la livrons chez vous, r\u00e9vis\u00e9e et garantie.","breadcrumb":{"@id":"https:\/\/www.carideal.com\/blog\/voitures-occasions\/gap\/#breadcrumb"},"inLanguage":"fr-FR","potentialAction":[{"@type":"ReadAction","target":["https:\/\/www.carideal.com\/blog\/voitures-occasions\/gap\/"]}]},{"@type":"ImageObject","inLanguage":"fr-FR","@id":"https:\/\/www.carideal.com\/blog\/voitures-occasions\/gap\/#primaryimage","url":"https:\/\/www.carideal.com\/blog\/wp-content\/uploads\/2018\/10\/voiture-occasion-Gap-e1580555511694.jpg","contentUrl":"https:\/\/www.carideal.com\/blog\/wp-content\/uploads\/2018\/10\/voiture-occasion-Gap-e1580555511694.jpg","width":600,"height":279,"caption":"Voiture occasion Gap"},{"@type":"BreadcrumbList","@id":"https:\/\/www.carideal.com\/blog\/voitures-occasions\/gap\/#breadcrumb","itemListElement":[{"@type":"ListItem","position":1,"name":"Blog Carid\u00e9al","item":"https:\/\/www.carideal.com\/blog\/"},{"@type":"ListItem","position":2,"name":"Voitures occasions","item":"https:\/\/www.carideal.com\/blog\/voitures-occasions\/"},{"@type":"ListItem","position":3,"name":"Voiture occasion Gap &#8211; Annonces auto"}]},{"@type":"WebSite","@id":"https:\/\/www.carideal.com\/blog\/#website","url":"https:\/\/www.carideal.com\/blog\/","name":"Blog auto Carid\u00e9al","description":"Actualit\u00e9 auto par des passionn\u00e9s","publisher":{"@id":"https:\/\/www.carideal.com\/blog\/#organization"},"potentialAction":[{"@type":"SearchAction","target":{"@type":"EntryPoint","urlTemplate":"https:\/\/www.carideal.com\/blog\/?s={search_term_string}"},"query-input":{"@type":"PropertyValueSpecification","valueRequired":true,"valueName":"search_term_string"}}],"inLanguage":"fr-FR"},{"@type":"Organization","@id":"https:\/\/www.carideal.com\/blog\/#organization","name":"Carideal","url":"https:\/\/www.carideal.com\/blog\/","logo":{"@type":"ImageObject","inLanguage":"fr-FR","@id":"https:\/\/www.carideal.com\/blog\/#\/schema\/logo\/image\/","url":"http:\/\/www.carideal.com\/blog\/wp-content\/uploads\/2016\/03\/logo-carideal-mandataire-automobile.png","contentUrl":"http:\/\/www.carideal.com\/blog\/wp-content\/uploads\/2016\/03\/logo-carideal-mandataire-automobile.png","width":300,"height":300,"caption":"Carideal"},"image":{"@id":"https:\/\/www.carideal.com\/blog\/#\/schema\/logo\/image\/"},"sameAs":["https:\/\/www.facebook.com\/Carideal.mandataire.automobile","https:\/\/x.com\/caridealauto","https:\/\/www.instagram.com\/carideal1\/","https:\/\/www.linkedin.com\/company\/carideal.com","https:\/\/fr.pinterest.com\/schiavonsas\/","https:\/\/www.youtube.com\/user\/caridealsas"]}]}},"uagb_featured_image_src":{"full":["https:\/\/www.carideal.com\/blog\/wp-content\/uploads\/2018\/10\/voiture-occasion-Gap-e1580555511694.jpg",600,279,false],"thumbnail":["https:\/\/www.carideal.com\/blog\/wp-content\/uploads\/2018\/10\/voiture-occasion-Gap-150x150.jpg",150,150,true],"medium":["https:\/\/www.carideal.com\/blog\/wp-content\/uploads\/2018\/10\/voiture-occasion-Gap-300x139.jpg",300,139,true],"medium_large":["https:\/\/www.carideal.com\/blog\/wp-content\/uploads\/2018\/10\/voiture-occasion-Gap-768x357.jpg",768,357,true],"large":["https:\/\/www.carideal.com\/blog\/wp-content\/uploads\/2018\/10\/voiture-occasion-Gap-1024x476.jpg",1024,476,true],"1536x1536":["https:\/\/www.carideal.com\/blog\/wp-content\/uploads\/2018\/10\/voiture-occasion-Gap-e1580555511694.jpg",600,279,false],"2048x2048":["https:\/\/www.carideal.com\/blog\/wp-content\/uploads\/2018\/10\/voiture-occasion-Gap-e1580555511694.jpg",600,279,false],"wppr-widget":["https:\/\/www.carideal.com\/blog\/wp-content\/uploads\/2018\/10\/voiture-occasion-Gap-50x23.jpg",50,23,true]},"uagb_author_info":{"display_name":"Nicolas SCHIAVON","author_link":"https:\/\/www.carideal.com\/blog\/author\/nschiavon\/"},"uagb_comment_info":0,"uagb_excerpt":"Voitures d'occasions garanties \u00e0 Gap avec Carideal Toutes les marques | Peugeot | Citro\u00ebn | Renault | Dacia | Volkswagen | Kia | Land Rover D\u00e9couvrez l'une des plus grandes collections de voitures d'occasion garanties \u00e0 Gap. Carideal, votre mandataire auto vous propose un grand choix de voitures d'occasions r\u00e9vis\u00e9es et garanties. Vous trouverez vos\u2026","_links":{"self":[{"href":"https:\/\/www.carideal.com\/blog\/wp-json\/wp\/v2\/pages\/17701"}],"collection":[{"href":"https:\/\/www.carideal.com\/blog\/wp-json\/wp\/v2\/pages"}],"about":[{"href":"https:\/\/www.carideal.com\/blog\/wp-json\/wp\/v2\/types\/page"}],"author":[{"embeddable":true,"href":"https:\/\/www.carideal.com\/blog\/wp-json\/wp\/v2\/users\/3"}],"replies":[{"embeddable":true,"href":"https:\/\/www.carideal.com\/blog\/wp-json\/wp\/v2\/comments?post=17701"}],"version-history":[{"count":0,"href":"https:\/\/www.carideal.com\/blog\/wp-json\/wp\/v2\/pages\/17701\/revisions"}],"up":[{"embeddable":true,"href":"https:\/\/www.carideal.com\/blog\/wp-json\/wp\/v2\/pages\/15469"}],"wp:featuredmedia":[{"embeddable":true,"href":"https:\/\/www.carideal.com\/blog\/wp-json\/wp\/v2\/media\/17704"}],"wp:attachment":[{"href":"https:\/\/www.carideal.com\/blog\/wp-json\/wp\/v2\/media?parent=17701"}],"curies":[{"name":"wp","href":"https:\/\/api.w.org\/{rel}","templated":true}]}}