{"id":17110,"date":"2018-04-08T18:54:53","date_gmt":"2018-04-08T16:54:53","guid":{"rendered":"http:\/\/www.carideal.com\/blog\/?page_id=17110"},"modified":"2020-01-28T21:49:41","modified_gmt":"2020-01-28T20:49:41","slug":"d3","status":"publish","type":"page","link":"https:\/\/www.carideal.com\/blog\/marque-de-voiture-actualites-essais\/alpina\/d3\/","title":{"rendered":"Alpina D3 &#8211; Actualit\u00e9 Essais Avis neuve et occasion"},"content":{"rendered":"<h2>Alpina D3 - Actualit\u00e9 Essais Avis neuve et occasion<\/h2>\n<p><a href=\"http:\/\/www.carideal.com\/blog\/marque-de-voiture-actualites-essais\/alpina\/d3\/\">Infos sur Alpina D3<\/a> | Actualit\u00e9 | Essais | Voiture d'occasion | Voiture neuve | Prix du neuf | <a href=\"http:\/\/www.carideal.com\/blog\/tag\/guide-achat\/?=alpina\">Guide d'achat<\/a><\/p>\n<p>Vous trouverez toutes les informations sur l'<strong>Alpina D3<\/strong> sur notre site Carideal.com. Vous \u00eates \u00e0 la recherche d'informations sur l'Alpina D3, ses caract\u00e9ristiques techniques, ses <a href=\"http:\/\/www.carideal.com\/blog\/marque-de-voiture-actualites-essais\/\">voitures concurrentes<\/a>, son prix neuf, les avis clients et utilisateurs. Nous faisons des synth\u00e8ses et mettons ces infos \u00e0 votre disposition. Bonne lecture sur l'Alpina D3\u00a0sur Carideal.com.<\/p>\n<figure id=\"attachment_17111\" aria-describedby=\"caption-attachment-17111\" style=\"width: 590px\" class=\"wp-caption aligncenter\"><img loading=\"lazy\" decoding=\"async\" class=\"size-full wp-image-17111\" src=\"http:\/\/www.carideal.com\/blog\/wp-content\/uploads\/2018\/04\/2015-Alpina-D3-Bi-Turbo-update-e1523205651674.jpg\" alt=\"Alpina D3\" width=\"600\" height=\"397\" \/><figcaption id=\"caption-attachment-17111\" class=\"wp-caption-text\">Alpina D3<\/figcaption><\/figure>\n<h2>Histoire Alpina D3<\/h2>\n<p>La premi\u00e8re D3 sortie de Buchloe est apparue en 2005 comme un moteur 4 cylindres turbocompress\u00e9 de 2 litres et a suscit\u00e9 un certain nombre de surprises - ce n'\u00e9tait pas le premier diesel \u00e0 porter le badge <a href=\"http:\/\/www.carideal.com\/blog\/marque-de-voiture-actualites-essais\/alpina\/\">ALPINA<\/a>, mais il \u00e9tait inhabituel qu'Alpina ne soit pas le fer de lance les tables de performance. Au lieu de cela, cette \u00abpetite\u00bb cylindr\u00e9e offrait un couple et une consommation exceptionnelles. Le D3 a ensuite \u00e9volu\u00e9 pour devenir le Bi-Turbo, en acqu\u00e9rant une culture de conduite significativement plus \u00e9lev\u00e9e et une performance accrue dans le processus. Avec une vaste gamme de formes de carrosserie, un ch\u00e2ssis sublime et l'option de manuel ou automatique, ce mod\u00e8le est devenu le BMW ALPINA le plus vendu de tous les temps, avec un total de plus de 2 000 v\u00e9hicules livr\u00e9s aux clients.<\/p>\n<p>Le moteur diesel six cylindres extr\u00eamement performant et \u00e9prouv\u00e9 de 3 litres avec charge bi-turbo, \u00e9galement pr\u00e9sent sur les c\u00e9l\u00e8bres mod\u00e8les D5 Bi-Turbo et XD3 Bi-Turbo, est disponible dans la forme de carrosserie BMW S\u00e9rie 3 depuis 2013. Avec plus de neuf cents unit\u00e9s vendues \u00e0 ce jour, la combinaison d'un moteur puissant et d'une faible consommation de carburant dans une carrosserie compacte a rencontr\u00e9 une r\u00e9ponse extr\u00eamement positive.<\/p>\n<p>Dans la presse, les mod\u00e8les D3 et D4 Bi-Turbo sont souvent consid\u00e9r\u00e9s comme les meilleurs du monde r\u00e9el, en particulier lorsqu'ils sont mont\u00e9s contre des mod\u00e8les d'autres constructeurs de premier ordre \u00e9quip\u00e9s de moteurs \u00e0 essence beaucoup plus gros et plus robustes.<\/p>\n<h2>D3 Bi-Turbo Informations sur le produit<\/h2>\n<p>La BMW ALPINA D3 Bi-Turbo \u00e9tablit de nouveaux standards de performance et d'efficacit\u00e9 dans le segment des v\u00e9hicules sportifs et luxueux fonctionnant au diesel. Le moteur six cylindres en ligne de 3,0 litres avec charge Bi-Turbo produit un couple de 257 kW (350 ch) et un couple de 700 Nm et offre des performances impressionnantes dans le bo\u00eetier compact et agile de la BMW S\u00e9rie 3 aux multiples r\u00e9compenses.<\/p>\n<p>Avec l'introduction de l'ann\u00e9e mod\u00e8le 2016, la BMW ALPINA D3 Bi-Turbo participe \u00e0 la mise \u00e0 jour du mod\u00e8le BMW et voit \u00e9galement un certain nombre de changements sp\u00e9cifiques ALPINA dans la conception et l'\u00e9quipement.<\/p>\n<p>L'avant comporte un nouveau spoiler et un gril de chrome BMW de BMW, les deux accentuent l'aspect dynamique et le design exclusif. Les nouveaux phares \u00e0 LED sont extr\u00eamement efficaces et offrent un meilleur \u00e9clairage de la route, leur design souligne la position sportive et agressive de la D3 Bi-Turbo. Les deux doubles embouts d'\u00e9chappement sont \u00e9l\u00e9gamment int\u00e9gr\u00e9s dans le tablier arri\u00e8re redessin\u00e9, au-dessus duquel les nouveaux feux arri\u00e8re \u00e0 LED sont clairement visibles.<\/p>\n<p>Des mat\u00e9riaux de haute qualit\u00e9, de nouveaux \u00e9l\u00e9ments de surface et de subtils changements de design dominent l'int\u00e9rieur. L'\u00e9quipement de s\u00e9rie comprend maintenant le r\u00e9gulateur de vitesse, le contr\u00f4le de distance et le groupe de rangement pour plus de s\u00e9curit\u00e9 et de confort.<\/p>\n<h2>Gamme de mod\u00e8les D3<\/h2>\n<h3>Berline<\/h3>\n<p>La berline D3 Bi-Turbo acc\u00e9l\u00e8re de 0 \u00e0 100 km \/ h en seulement 4,6 secondes et atteint une vitesse maximale de 278 km \/ h. Avec cette automobile, ALPINA red\u00e9finit \u00e0 nouveau la r\u00e9f\u00e9rence en mati\u00e8re de performance, en combinant une puissance extraordinaire et une excellente efficacit\u00e9 avec les vertus famili\u00e8res d'ALPINA appr\u00e9ci\u00e9es par nos clients dans le monde entier, et pr\u00e9sente une voiture qui ne conna\u00eet actuellement aucun \u00e9gal.<\/p>\n<h3>Break<\/h3>\n<p>Le D3 Bi-Turbo Touring combine une performance extraordinaire et une excellente efficacit\u00e9 avec un haut niveau de polyvalence pour un usage quotidien et familial. Sa large gamme de croisi\u00e8re, ses g\u00e9n\u00e9reuses r\u00e9serves de puissance et son espace de rangement fonctionnel en font un v\u00e9hicule polyvalent sportif et luxueux - disponible en option avec transmission int\u00e9grale. Malgr\u00e9 tout ce c\u00f4t\u00e9 pratique, le D3 Bi-Turbo Touring acc\u00e9l\u00e9rera de 0 \u00e0 100 km \/ h en seulement 4,6 secondes et atteindra une vitesse de pointe de 276 km \/ h.<\/p>\n<h2>Actualit\u00e9s Alpina D3<\/h2>\n<p>TOUTES\u00a0LES\u00a0ACTUALIT\u00c9S ALPINA D3<\/p>\n<h2>Essais Alpina D3<\/h2>\n<p>TOUS\u00a0LES\u00a0ESSAIS ALPINA D3<\/p>\n","protected":false},"excerpt":{"rendered":"<p>Alpina D3 &#8211; Actualit\u00e9 Essais Avis neuve et occasion Infos sur Alpina D3 | Actualit\u00e9 | Essais | Voiture d&rsquo;occasion | Voiture neuve | Prix du neuf | Guide d&rsquo;achat Vous trouverez toutes les informations sur l&rsquo;Alpina D3 sur notre site Carideal.com. Vous \u00eates \u00e0 la recherche d&rsquo;informations sur l&rsquo;Alpina D3, ses caract\u00e9ristiques techniques, ses &#8230; <a title=\"Alpina D3 &#8211; Actualit\u00e9 Essais Avis neuve et occasion\" class=\"read-more\" href=\"https:\/\/www.carideal.com\/blog\/marque-de-voiture-actualites-essais\/alpina\/d3\/\" aria-label=\"En savoir plus sur Alpina D3 &#8211; Actualit\u00e9 Essais Avis neuve et occasion\">Lire plus<\/a><\/p>\n","protected":false},"author":3,"featured_media":17111,"parent":14261,"menu_order":0,"comment_status":"closed","ping_status":"closed","template":"","meta":{"_uag_custom_page_level_css":"","_themeisle_gutenberg_block_has_review":false,"footnotes":""},"class_list":["post-17110","page","type-page","status-publish","has-post-thumbnail"],"wppr_data":{"cwp_meta_box_check":"No"},"yoast_head":"<!-- This site is optimized with the Yoast SEO plugin v24.8.1 - https:\/\/yoast.com\/wordpress\/plugins\/seo\/ -->\n<title>Alpina D3 - Actualit\u00e9 Essais Avis neuve et occasion - Blog auto Carid\u00e9al<\/title>\n<meta name=\"description\" content=\"Carideal vous informe sur toute l&#039;actualit\u00e9 de l&#039;Alpina D3 l&#039;actualit\u00e9 de l&#039;Alpina D3 ses essais les Alpina D3 neuves et d&#039;occasions.\" \/>\n<meta name=\"robots\" content=\"index, follow, max-snippet:-1, max-image-preview:large, max-video-preview:-1\" \/>\n<link rel=\"canonical\" href=\"https:\/\/www.carideal.com\/blog\/marque-de-voiture-actualites-essais\/alpina\/d3\/\" \/>\n<meta property=\"og:locale\" content=\"fr_FR\" \/>\n<meta property=\"og:type\" content=\"article\" \/>\n<meta property=\"og:title\" content=\"Alpina D3 - Actualit\u00e9 Essais Avis neuve et occasion - Blog auto Carid\u00e9al\" \/>\n<meta property=\"og:description\" content=\"Carideal vous informe sur toute l&#039;actualit\u00e9 de l&#039;Alpina D3 l&#039;actualit\u00e9 de l&#039;Alpina D3 ses essais les Alpina D3 neuves et d&#039;occasions.\" \/>\n<meta property=\"og:url\" content=\"https:\/\/www.carideal.com\/blog\/marque-de-voiture-actualites-essais\/alpina\/d3\/\" \/>\n<meta property=\"og:site_name\" content=\"Blog auto Carid\u00e9al\" \/>\n<meta property=\"article:publisher\" content=\"https:\/\/www.facebook.com\/Carideal.mandataire.automobile\" \/>\n<meta property=\"article:modified_time\" content=\"2020-01-28T20:49:41+00:00\" \/>\n<meta property=\"og:image\" content=\"https:\/\/www.carideal.com\/blog\/wp-content\/uploads\/2018\/04\/2015-Alpina-D3-Bi-Turbo-update-e1523205651674.jpg\" \/>\n\t<meta property=\"og:image:width\" content=\"600\" \/>\n\t<meta property=\"og:image:height\" content=\"397\" \/>\n\t<meta property=\"og:image:type\" content=\"image\/jpeg\" \/>\n<meta name=\"twitter:card\" content=\"summary_large_image\" \/>\n<meta name=\"twitter:site\" content=\"@caridealauto\" \/>\n<meta name=\"twitter:label1\" content=\"Dur\u00e9e de lecture estim\u00e9e\" \/>\n\t<meta name=\"twitter:data1\" content=\"4 minutes\" \/>\n<script type=\"application\/ld+json\" class=\"yoast-schema-graph\">{\"@context\":\"https:\/\/schema.org\",\"@graph\":[{\"@type\":\"WebPage\",\"@id\":\"https:\/\/www.carideal.com\/blog\/marque-de-voiture-actualites-essais\/alpina\/d3\/\",\"url\":\"https:\/\/www.carideal.com\/blog\/marque-de-voiture-actualites-essais\/alpina\/d3\/\",\"name\":\"Alpina D3 - Actualit\u00e9 Essais Avis neuve et occasion - Blog auto Carid\u00e9al\",\"isPartOf\":{\"@id\":\"https:\/\/www.carideal.com\/blog\/#website\"},\"primaryImageOfPage\":{\"@id\":\"https:\/\/www.carideal.com\/blog\/marque-de-voiture-actualites-essais\/alpina\/d3\/#primaryimage\"},\"image\":{\"@id\":\"https:\/\/www.carideal.com\/blog\/marque-de-voiture-actualites-essais\/alpina\/d3\/#primaryimage\"},\"thumbnailUrl\":\"https:\/\/www.carideal.com\/blog\/wp-content\/uploads\/2018\/04\/2015-Alpina-D3-Bi-Turbo-update-e1523205651674.jpg\",\"datePublished\":\"2018-04-08T16:54:53+00:00\",\"dateModified\":\"2020-01-28T20:49:41+00:00\",\"description\":\"Carideal vous informe sur toute l'actualit\u00e9 de l'Alpina D3 l'actualit\u00e9 de l'Alpina D3 ses essais les Alpina D3 neuves et d'occasions.\",\"breadcrumb\":{\"@id\":\"https:\/\/www.carideal.com\/blog\/marque-de-voiture-actualites-essais\/alpina\/d3\/#breadcrumb\"},\"inLanguage\":\"fr-FR\",\"potentialAction\":[{\"@type\":\"ReadAction\",\"target\":[\"https:\/\/www.carideal.com\/blog\/marque-de-voiture-actualites-essais\/alpina\/d3\/\"]}]},{\"@type\":\"ImageObject\",\"inLanguage\":\"fr-FR\",\"@id\":\"https:\/\/www.carideal.com\/blog\/marque-de-voiture-actualites-essais\/alpina\/d3\/#primaryimage\",\"url\":\"https:\/\/www.carideal.com\/blog\/wp-content\/uploads\/2018\/04\/2015-Alpina-D3-Bi-Turbo-update-e1523205651674.jpg\",\"contentUrl\":\"https:\/\/www.carideal.com\/blog\/wp-content\/uploads\/2018\/04\/2015-Alpina-D3-Bi-Turbo-update-e1523205651674.jpg\",\"width\":600,\"height\":397,\"caption\":\"Alpina D3\"},{\"@type\":\"BreadcrumbList\",\"@id\":\"https:\/\/www.carideal.com\/blog\/marque-de-voiture-actualites-essais\/alpina\/d3\/#breadcrumb\",\"itemListElement\":[{\"@type\":\"ListItem\",\"position\":1,\"name\":\"Blog Carid\u00e9al\",\"item\":\"https:\/\/www.carideal.com\/blog\/\"},{\"@type\":\"ListItem\",\"position\":2,\"name\":\"Marque de voiture\",\"item\":\"https:\/\/www.carideal.com\/blog\/marque-de-voiture-actualites-essais\/\"},{\"@type\":\"ListItem\",\"position\":3,\"name\":\"Alpina\",\"item\":\"https:\/\/www.carideal.com\/blog\/marque-de-voiture-actualites-essais\/alpina\/\"},{\"@type\":\"ListItem\",\"position\":4,\"name\":\"D3\"}]},{\"@type\":\"WebSite\",\"@id\":\"https:\/\/www.carideal.com\/blog\/#website\",\"url\":\"https:\/\/www.carideal.com\/blog\/\",\"name\":\"Blog auto Carid\u00e9al\",\"description\":\"Actualit\u00e9 auto par des passionn\u00e9s\",\"publisher\":{\"@id\":\"https:\/\/www.carideal.com\/blog\/#organization\"},\"potentialAction\":[{\"@type\":\"SearchAction\",\"target\":{\"@type\":\"EntryPoint\",\"urlTemplate\":\"https:\/\/www.carideal.com\/blog\/?s={search_term_string}\"},\"query-input\":{\"@type\":\"PropertyValueSpecification\",\"valueRequired\":true,\"valueName\":\"search_term_string\"}}],\"inLanguage\":\"fr-FR\"},{\"@type\":\"Organization\",\"@id\":\"https:\/\/www.carideal.com\/blog\/#organization\",\"name\":\"Carideal\",\"url\":\"https:\/\/www.carideal.com\/blog\/\",\"logo\":{\"@type\":\"ImageObject\",\"inLanguage\":\"fr-FR\",\"@id\":\"https:\/\/www.carideal.com\/blog\/#\/schema\/logo\/image\/\",\"url\":\"http:\/\/www.carideal.com\/blog\/wp-content\/uploads\/2016\/03\/logo-carideal-mandataire-automobile.png\",\"contentUrl\":\"http:\/\/www.carideal.com\/blog\/wp-content\/uploads\/2016\/03\/logo-carideal-mandataire-automobile.png\",\"width\":300,\"height\":300,\"caption\":\"Carideal\"},\"image\":{\"@id\":\"https:\/\/www.carideal.com\/blog\/#\/schema\/logo\/image\/\"},\"sameAs\":[\"https:\/\/www.facebook.com\/Carideal.mandataire.automobile\",\"https:\/\/x.com\/caridealauto\",\"https:\/\/www.instagram.com\/carideal1\/\",\"https:\/\/www.linkedin.com\/company\/carideal.com\",\"https:\/\/fr.pinterest.com\/schiavonsas\/\",\"https:\/\/www.youtube.com\/user\/caridealsas\"]}]}<\/script>\n<!-- \/ Yoast SEO plugin. -->","yoast_head_json":{"title":"Alpina D3 - Actualit\u00e9 Essais Avis neuve et occasion - Blog auto Carid\u00e9al","description":"Carideal vous informe sur toute l'actualit\u00e9 de l'Alpina D3 l'actualit\u00e9 de l'Alpina D3 ses essais les Alpina D3 neuves et d'occasions.","robots":{"index":"index","follow":"follow","max-snippet":"max-snippet:-1","max-image-preview":"max-image-preview:large","max-video-preview":"max-video-preview:-1"},"canonical":"https:\/\/www.carideal.com\/blog\/marque-de-voiture-actualites-essais\/alpina\/d3\/","og_locale":"fr_FR","og_type":"article","og_title":"Alpina D3 - Actualit\u00e9 Essais Avis neuve et occasion - Blog auto Carid\u00e9al","og_description":"Carideal vous informe sur toute l'actualit\u00e9 de l'Alpina D3 l'actualit\u00e9 de l'Alpina D3 ses essais les Alpina D3 neuves et d'occasions.","og_url":"https:\/\/www.carideal.com\/blog\/marque-de-voiture-actualites-essais\/alpina\/d3\/","og_site_name":"Blog auto Carid\u00e9al","article_publisher":"https:\/\/www.facebook.com\/Carideal.mandataire.automobile","article_modified_time":"2020-01-28T20:49:41+00:00","og_image":[{"width":600,"height":397,"url":"https:\/\/www.carideal.com\/blog\/wp-content\/uploads\/2018\/04\/2015-Alpina-D3-Bi-Turbo-update-e1523205651674.jpg","type":"image\/jpeg"}],"twitter_card":"summary_large_image","twitter_site":"@caridealauto","twitter_misc":{"Dur\u00e9e de lecture estim\u00e9e":"4 minutes"},"schema":{"@context":"https:\/\/schema.org","@graph":[{"@type":"WebPage","@id":"https:\/\/www.carideal.com\/blog\/marque-de-voiture-actualites-essais\/alpina\/d3\/","url":"https:\/\/www.carideal.com\/blog\/marque-de-voiture-actualites-essais\/alpina\/d3\/","name":"Alpina D3 - Actualit\u00e9 Essais Avis neuve et occasion - Blog auto Carid\u00e9al","isPartOf":{"@id":"https:\/\/www.carideal.com\/blog\/#website"},"primaryImageOfPage":{"@id":"https:\/\/www.carideal.com\/blog\/marque-de-voiture-actualites-essais\/alpina\/d3\/#primaryimage"},"image":{"@id":"https:\/\/www.carideal.com\/blog\/marque-de-voiture-actualites-essais\/alpina\/d3\/#primaryimage"},"thumbnailUrl":"https:\/\/www.carideal.com\/blog\/wp-content\/uploads\/2018\/04\/2015-Alpina-D3-Bi-Turbo-update-e1523205651674.jpg","datePublished":"2018-04-08T16:54:53+00:00","dateModified":"2020-01-28T20:49:41+00:00","description":"Carideal vous informe sur toute l'actualit\u00e9 de l'Alpina D3 l'actualit\u00e9 de l'Alpina D3 ses essais les Alpina D3 neuves et d'occasions.","breadcrumb":{"@id":"https:\/\/www.carideal.com\/blog\/marque-de-voiture-actualites-essais\/alpina\/d3\/#breadcrumb"},"inLanguage":"fr-FR","potentialAction":[{"@type":"ReadAction","target":["https:\/\/www.carideal.com\/blog\/marque-de-voiture-actualites-essais\/alpina\/d3\/"]}]},{"@type":"ImageObject","inLanguage":"fr-FR","@id":"https:\/\/www.carideal.com\/blog\/marque-de-voiture-actualites-essais\/alpina\/d3\/#primaryimage","url":"https:\/\/www.carideal.com\/blog\/wp-content\/uploads\/2018\/04\/2015-Alpina-D3-Bi-Turbo-update-e1523205651674.jpg","contentUrl":"https:\/\/www.carideal.com\/blog\/wp-content\/uploads\/2018\/04\/2015-Alpina-D3-Bi-Turbo-update-e1523205651674.jpg","width":600,"height":397,"caption":"Alpina D3"},{"@type":"BreadcrumbList","@id":"https:\/\/www.carideal.com\/blog\/marque-de-voiture-actualites-essais\/alpina\/d3\/#breadcrumb","itemListElement":[{"@type":"ListItem","position":1,"name":"Blog Carid\u00e9al","item":"https:\/\/www.carideal.com\/blog\/"},{"@type":"ListItem","position":2,"name":"Marque de voiture","item":"https:\/\/www.carideal.com\/blog\/marque-de-voiture-actualites-essais\/"},{"@type":"ListItem","position":3,"name":"Alpina","item":"https:\/\/www.carideal.com\/blog\/marque-de-voiture-actualites-essais\/alpina\/"},{"@type":"ListItem","position":4,"name":"D3"}]},{"@type":"WebSite","@id":"https:\/\/www.carideal.com\/blog\/#website","url":"https:\/\/www.carideal.com\/blog\/","name":"Blog auto Carid\u00e9al","description":"Actualit\u00e9 auto par des passionn\u00e9s","publisher":{"@id":"https:\/\/www.carideal.com\/blog\/#organization"},"potentialAction":[{"@type":"SearchAction","target":{"@type":"EntryPoint","urlTemplate":"https:\/\/www.carideal.com\/blog\/?s={search_term_string}"},"query-input":{"@type":"PropertyValueSpecification","valueRequired":true,"valueName":"search_term_string"}}],"inLanguage":"fr-FR"},{"@type":"Organization","@id":"https:\/\/www.carideal.com\/blog\/#organization","name":"Carideal","url":"https:\/\/www.carideal.com\/blog\/","logo":{"@type":"ImageObject","inLanguage":"fr-FR","@id":"https:\/\/www.carideal.com\/blog\/#\/schema\/logo\/image\/","url":"http:\/\/www.carideal.com\/blog\/wp-content\/uploads\/2016\/03\/logo-carideal-mandataire-automobile.png","contentUrl":"http:\/\/www.carideal.com\/blog\/wp-content\/uploads\/2016\/03\/logo-carideal-mandataire-automobile.png","width":300,"height":300,"caption":"Carideal"},"image":{"@id":"https:\/\/www.carideal.com\/blog\/#\/schema\/logo\/image\/"},"sameAs":["https:\/\/www.facebook.com\/Carideal.mandataire.automobile","https:\/\/x.com\/caridealauto","https:\/\/www.instagram.com\/carideal1\/","https:\/\/www.linkedin.com\/company\/carideal.com","https:\/\/fr.pinterest.com\/schiavonsas\/","https:\/\/www.youtube.com\/user\/caridealsas"]}]}},"uagb_featured_image_src":{"full":["https:\/\/www.carideal.com\/blog\/wp-content\/uploads\/2018\/04\/2015-Alpina-D3-Bi-Turbo-update-e1523205651674.jpg",600,397,false],"thumbnail":["https:\/\/www.carideal.com\/blog\/wp-content\/uploads\/2018\/04\/2015-Alpina-D3-Bi-Turbo-update-150x150.jpg",150,150,true],"medium":["https:\/\/www.carideal.com\/blog\/wp-content\/uploads\/2018\/04\/2015-Alpina-D3-Bi-Turbo-update-300x199.jpg",300,199,true],"medium_large":["https:\/\/www.carideal.com\/blog\/wp-content\/uploads\/2018\/04\/2015-Alpina-D3-Bi-Turbo-update-768x508.jpg",768,508,true],"large":["https:\/\/www.carideal.com\/blog\/wp-content\/uploads\/2018\/04\/2015-Alpina-D3-Bi-Turbo-update-1024x678.jpg",1024,678,true],"1536x1536":["https:\/\/www.carideal.com\/blog\/wp-content\/uploads\/2018\/04\/2015-Alpina-D3-Bi-Turbo-update-e1523205651674.jpg",600,397,false],"2048x2048":["https:\/\/www.carideal.com\/blog\/wp-content\/uploads\/2018\/04\/2015-Alpina-D3-Bi-Turbo-update-e1523205651674.jpg",600,397,false],"wppr-widget":["https:\/\/www.carideal.com\/blog\/wp-content\/uploads\/2018\/04\/2015-Alpina-D3-Bi-Turbo-update-e1523205651674.jpg",50,33,false]},"uagb_author_info":{"display_name":"Nicolas SCHIAVON","author_link":"https:\/\/www.carideal.com\/blog\/author\/nschiavon\/"},"uagb_comment_info":0,"uagb_excerpt":"Alpina D3 - Actualit\u00e9 Essais Avis neuve et occasion Infos sur Alpina D3 | Actualit\u00e9 | Essais | Voiture d'occasion | Voiture neuve | Prix du neuf | Guide d'achat Vous trouverez toutes les informations sur l'Alpina D3 sur notre site Carideal.com. Vous \u00eates \u00e0 la recherche d'informations sur l'Alpina D3, ses caract\u00e9ristiques techniques, ses\u2026","_links":{"self":[{"href":"https:\/\/www.carideal.com\/blog\/wp-json\/wp\/v2\/pages\/17110"}],"collection":[{"href":"https:\/\/www.carideal.com\/blog\/wp-json\/wp\/v2\/pages"}],"about":[{"href":"https:\/\/www.carideal.com\/blog\/wp-json\/wp\/v2\/types\/page"}],"author":[{"embeddable":true,"href":"https:\/\/www.carideal.com\/blog\/wp-json\/wp\/v2\/users\/3"}],"replies":[{"embeddable":true,"href":"https:\/\/www.carideal.com\/blog\/wp-json\/wp\/v2\/comments?post=17110"}],"version-history":[{"count":0,"href":"https:\/\/www.carideal.com\/blog\/wp-json\/wp\/v2\/pages\/17110\/revisions"}],"up":[{"embeddable":true,"href":"https:\/\/www.carideal.com\/blog\/wp-json\/wp\/v2\/pages\/14261"}],"wp:featuredmedia":[{"embeddable":true,"href":"https:\/\/www.carideal.com\/blog\/wp-json\/wp\/v2\/media\/17111"}],"wp:attachment":[{"href":"https:\/\/www.carideal.com\/blog\/wp-json\/wp\/v2\/media?parent=17110"}],"curies":[{"name":"wp","href":"https:\/\/api.w.org\/{rel}","templated":true}]}}