{"id":17098,"date":"2018-04-08T11:42:11","date_gmt":"2018-04-08T09:42:11","guid":{"rendered":"http:\/\/www.carideal.com\/blog\/?page_id=17098"},"modified":"2024-01-22T18:26:49","modified_gmt":"2024-01-22T17:26:49","slug":"metz","status":"publish","type":"page","link":"https:\/\/www.carideal.com\/blog\/voitures-occasions\/metz\/","title":{"rendered":"Voiture occasion Metz &#8211; Annonce Auto"},"content":{"rendered":"\n<h2 class=\"wp-block-heading\">Voiture d'occasion&nbsp;\u00e0&nbsp;Metz Voiture pas ch\u00e8re<\/h2>\n\n\n\n<p>Toutes les Marques&nbsp;|&nbsp;Peugeot&nbsp;|&nbsp;Renault&nbsp;|&nbsp;Citro\u00ebn&nbsp;|&nbsp;Dacia&nbsp;|&nbsp;Volkswagen&nbsp;|&nbsp;Kia&nbsp;|&nbsp;Land Rover | Mandataire auto Metz<\/p>\n\n\n\n<p>Chez Carideal, nos clients sont notre priorit\u00e9 num\u00e9ro un. Si vous souhaitez discuter de votre exp\u00e9rience d'achat de voiture d'occasion \u00e0 Metz chez Carideal, n'h\u00e9sitez pas \u00e0 nous contacter directement en utilisant les liens ci-dessous. Votre <a href=\"http:\/\/www.carideal.com\/blog\/carideal-mandataire-auto-france\/metz\/\">mandataire auto<\/a> propose des centaines de <a href=\"http:\/\/www.carideal.com\/blog\/voitures-occasions\/\">voitures d'occasions<\/a>.<\/p>\n\n\n<div class=\"wp-block-image size-full wp-image-17101\">\n<figure class=\"aligncenter\"><img loading=\"lazy\" decoding=\"async\" width=\"600\" height=\"399\" src=\"http:\/\/www.carideal.com\/blog\/wp-content\/uploads\/2018\/04\/mandataire-automobile-chambery-carron-e1580733808946.jpg\" alt=\"Voiture occasion Metz\" class=\"wp-image-17101\"\/><figcaption class=\"wp-element-caption\">Voiture occasion Metz<\/figcaption><\/figure><\/div>\n\n\n<h2 class=\"wp-block-heading\">\u00c0 propos&nbsp;de Carideal mandataire voiture d'occasion \u00e0 Metz<\/h2>\n\n\n\n<p>Nous sommes passionn\u00e9s par le service client.<br>Les commentaires de nos clients sont essentiels et nous remercions ceux qui ont d\u00e9j\u00e0 pris part \u00e0 notre sondage de satisfaction client en cours. Au cours des trois derniers mois, l'\u00e9quipe de&nbsp;Carideal Metz a obtenu une r\u00e9ponse positive de 97%.<\/p>\n\n\n\n<p>Carideal pour la vente de voiture d'occasion \u00e0 Metz&nbsp;est un e-commer\u00e7ant bien \u00e9tabli sur le web depuis 2003, avec le d\u00e9but de ses activit\u00e9es de mandataire automobile de voiture d'occasion ayant d\u00e9but\u00e9es en 1994.<\/p>\n\n\n\n<p>Carideal propose dans ces centres&nbsp;des&nbsp;showrooms d\u00e9di\u00e9es aux voitures d'occasion \u00e0 Metz, neuves et homologu\u00e9es qui pr\u00e9sentent les plus grandes marques de constructeurs avec des centaines de voitures disponibles en stock, ce qui nous permet de vous livrer votre voiture d'occasion \u00e0 Metz le plus rapidement possible et avec un maximum de garantie.&nbsp;Nous pouvons vous <a href=\"http:\/\/www.carideal.com\/content\/9-carideal-livraison-partout-en-france\">livrer votre voiture<\/a> d'occasion \u00e0 Metz chez vous ou sur votre lieu de travail.<\/p>\n\n\n\n<p>Nous avons \u00e9galement la chance d'\u00eatre l'un des&nbsp;plus grand <a href=\"http:\/\/www.carideal.com\">mandataire de&nbsp;France<\/a>&nbsp;ce qui nous permet de vous proposer une grande offre de voitures d'occasion \u00e0 Metz, toutes r\u00e9vis\u00e9es et garanties. Si vous envisagez la prochaine \u00e9volution du plaisir de conduire, nous avons des experts pour vous guider tout au long du processus d'achat de votre voiture d'occasion \u00e0 Metz. Conduire c'est croire et nous sommes plus qu'heureux de vous aider dans votre recherche de voiture d'occasion \u00e0 Metz.<\/p>\n\n\n\n<p>Notre d\u00e9partement voiture d'occasion est l'un des plus importants pour vous livrer dans la r\u00e9gion de Metz et pour aider nos clients \u00e0 rechercher leur voiture d'occasion \u00e0 Metz, nous avons prolong\u00e9 nos heures d'ouverture jusqu'\u00e0 16H le samedi afin que nos clients puissent profiter de tout ce que les services de Carideal ont a offrir en termes de voiture d'occasion \u00e0 Metz et qu'ils puissent contacter leur conseiller.<\/p>\n\n\n\n<p>En plus du bon fonctionnement m\u00e9canique de votre v\u00e9hicule, nous pouvons aussi prendre soin de tous les accessoires que vous pourriez avoir \u00e0 monter sur votre voiture d'occasion \u00e0 Metz, des jantes en alliage, des crochets d'attelage, des coffres de toit. Peu importe vos besoins, nous serons ravis de vous aider. Nous sommes fiers du service traditionnel dans un environnement moderne en ligne pour trouver votre voiture d'occasion \u00e0 Metz.<\/p>\n\n\n\n<p>Nous sommes impatients de vous accueillir bient\u00f4t en ligne ou au si\u00e8ge. Sinon, pourquoi ne pas commencer votre recherche avec notre service d'aide en direct gratuit et facile ?<\/p>\n\n\n\n<h2 class=\"wp-block-heading\">Voitures d'occasions \u00e0 Metz r\u00e9vis\u00e9es et garanties<\/h2>\n\n\n\n<p>Toutes nos <a href=\"http:\/\/www.carideal.com\/blog\/voitures-occasions\/\">voitures d'occasions<\/a> sont garanties et ont subi plus de 100 contr\u00f4les avant de vous \u00eatre livr\u00e9e. Vous pouvez d\u00e9cider de souscrire une <a href=\"http:\/\/www.carideal.com\/content\/7-extension-garantie\">extension de garantie<\/a>.<br><iframe loading=\"lazy\" src=\"https:\/\/www.youtube.com\/embed\/XkeM_x-xyzQ\" width=\"560\" height=\"315\" frameborder=\"0\" allowfullscreen=\"allowfullscreen\"><\/iframe><\/p>\n\n\n\n<h3 class=\"wp-block-heading\">Adresse<\/h3>\n\n\n\n<p>Metz une seule adresse sur notre centre d'appel<br>France<\/p>\n\n\n\n<h3 class=\"wp-block-heading\">T\u00e9l\u00e9phone<\/h3>\n\n\n\n<p>Ventes:&nbsp;<a href=\"tel:+33479330353\">0479330353<\/a><\/p>\n\n\n\n<h3 class=\"wp-block-heading\">Heures d'ouverture<\/h3>\n\n\n\n<p>Lundi de 08h00 \u00e0 18h00 le mardi de 8h00 \u00e0 18h00<br>Le mercredi de 8h00 \u00e0 18h00 le jeudi de 8h00 \u00e0 18h00<br>Vendredi 08h00 - 18h00 Samedi 09h00 - 12h00<\/p>\n\n\n\n<p><iframe loading=\"lazy\" style=\"border: 0;\" src=\"https:\/\/www.google.com\/maps\/embed?pb=!1m18!1m12!1m3!1d83585.36209939179!2d6.126366367197431!3d49.10483181484525!2m3!1f0!2f0!3f0!3m2!1i1024!2i768!4f13.1!3m3!1m2!1s0x4794dc1b6074b6a9%3A0x596be4b635bba669!2sMetz!5e0!3m2!1sen!2sfr!4v1523172785075\" width=\"600\" height=\"450\" frameborder=\"0\" allowfullscreen=\"allowfullscreen\"><\/p>\n\n\n\n<h3 class=\"wp-block-heading\">Trouvez votre voiture d'occasion en France<\/h3>\n\n\n\n<ul class=\"wp-block-list\">\n<li><a href=\"http:\/\/www.carideal.com\/blog\/voitures-occasions\/annecy\/\">Voitures d'occasions \u00e0 Annecy<\/a><\/li>\n\n\n\n<li><a href=\"http:\/\/www.carideal.com\/blog\/voitures-occasions\/bordeaux\/\">Voitures d'occasions \u00e0 Bordeaux<\/a><\/li>\n\n\n\n<li><a href=\"http:\/\/www.carideal.com\/blog\/voitures-occasions\/gap\/\">Voitures d'occasions \u00e0 Gap<\/a><\/li>\n\n\n\n<li><a href=\"http:\/\/www.carideal.com\/blog\/voitures-occasions\/lyon\/\">Voitures d'occasions \u00e0 Lyon<\/a><\/li>\n\n\n\n<li><a href=\"http:\/\/www.carideal.com\/blog\/voitures-occasions\/paris\/\">Voitures d'occasion \u00e0 Paris<\/a><\/li>\n\n\n\n<li><a href=\"http:\/\/www.carideal.com\/blog\/voitures-occasions\/voiture-occasion-macon\/\">Voitures d'occasions \u00e0 M\u00e2con<\/a><\/li>\n\n\n\n<li><a href=\"http:\/\/www.carideal.com\/blog\/voitures-occasions\/marseille\/\">Voitures d'occasion \u00e0 Marseille<\/a><\/li>\n\n\n\n<li><a href=\"http:\/\/www.carideal.com\/blog\/voitures-occasions\/metz\/\">Voitures d'occasions \u00e0 Metz<\/a><\/li>\n\n\n\n<li><a href=\"http:\/\/www.carideal.com\/blog\/voitures-occasions\/metz\/\">Voitures d'occasions \u00e0 Montpellier<\/a><\/li>\n\n\n\n<li><a href=\"http:\/\/www.carideal.com\/blog\/voitures-occasions\/nantes\/\">Voitures d'occasions \u00e0 Nantes<\/a><\/li>\n\n\n\n<li><a href=\"http:\/\/www.carideal.com\/blog\/voitures-occasions\/nice\/\">Voitures d'occasions \u00e0 Nice<\/a><\/li>\n<\/ul>\n","protected":false},"excerpt":{"rendered":"<p>Voiture d&rsquo;occasion&nbsp;\u00e0&nbsp;Metz Voiture pas ch\u00e8re Toutes les Marques&nbsp;|&nbsp;Peugeot&nbsp;|&nbsp;Renault&nbsp;|&nbsp;Citro\u00ebn&nbsp;|&nbsp;Dacia&nbsp;|&nbsp;Volkswagen&nbsp;|&nbsp;Kia&nbsp;|&nbsp;Land Rover | Mandataire auto Metz Chez Carideal, nos clients sont notre priorit\u00e9 num\u00e9ro un. Si vous souhaitez discuter de votre exp\u00e9rience d&rsquo;achat de voiture d&rsquo;occasion \u00e0 Metz chez Carideal, n&rsquo;h\u00e9sitez pas \u00e0 nous contacter directement en utilisant les liens ci-dessous. Votre mandataire auto propose des centaines de &#8230; <a title=\"Voiture occasion Metz &#8211; Annonce Auto\" class=\"read-more\" href=\"https:\/\/www.carideal.com\/blog\/voitures-occasions\/metz\/\" aria-label=\"En savoir plus sur Voiture occasion Metz &#8211; Annonce Auto\">Lire plus<\/a><\/p>\n","protected":false},"author":3,"featured_media":17101,"parent":15469,"menu_order":0,"comment_status":"closed","ping_status":"closed","template":"","meta":{"_uag_custom_page_level_css":"","_themeisle_gutenberg_block_has_review":false,"footnotes":""},"class_list":["post-17098","page","type-page","status-publish","has-post-thumbnail"],"wppr_data":{"cwp_meta_box_check":"No"},"yoast_head":"<!-- This site is optimized with the Yoast SEO plugin v24.8.1 - https:\/\/yoast.com\/wordpress\/plugins\/seo\/ -->\n<title>Voiture occasion Metz - Annonce Auto - Blog auto Carid\u00e9al<\/title>\n<meta name=\"description\" content=\"Carideal mandataire de voiture d&#039;occasion \u00e0 Metz vous aide \u00e0 trouver votre voiture d&#039;occasion r\u00e9vis\u00e9e et garantie \u00e0 Metz. Notre service de livraison peut se charger de livrer votre voiture devant chez vous ou sur votre lieu de travail.\" \/>\n<meta name=\"robots\" content=\"index, follow, max-snippet:-1, max-image-preview:large, max-video-preview:-1\" \/>\n<link rel=\"canonical\" href=\"https:\/\/www.carideal.com\/blog\/voitures-occasions\/metz\/\" \/>\n<meta property=\"og:locale\" content=\"fr_FR\" \/>\n<meta property=\"og:type\" content=\"article\" \/>\n<meta property=\"og:title\" content=\"Voiture occasion Metz - Annonce Auto - Blog auto Carid\u00e9al\" \/>\n<meta property=\"og:description\" content=\"Carideal mandataire de voiture d&#039;occasion \u00e0 Metz vous aide \u00e0 trouver votre voiture d&#039;occasion r\u00e9vis\u00e9e et garantie \u00e0 Metz. Notre service de livraison peut se charger de livrer votre voiture devant chez vous ou sur votre lieu de travail.\" \/>\n<meta property=\"og:url\" content=\"https:\/\/www.carideal.com\/blog\/voitures-occasions\/metz\/\" \/>\n<meta property=\"og:site_name\" content=\"Blog auto Carid\u00e9al\" \/>\n<meta property=\"article:publisher\" content=\"https:\/\/www.facebook.com\/Carideal.mandataire.automobile\" \/>\n<meta property=\"article:modified_time\" content=\"2024-01-22T17:26:49+00:00\" \/>\n<meta property=\"og:image\" content=\"https:\/\/www.carideal.com\/blog\/wp-content\/uploads\/2018\/04\/mandataire-automobile-chambery-carron-e1580733808946.jpg\" \/>\n\t<meta property=\"og:image:width\" content=\"600\" \/>\n\t<meta property=\"og:image:height\" content=\"399\" \/>\n\t<meta property=\"og:image:type\" content=\"image\/jpeg\" \/>\n<meta name=\"twitter:card\" content=\"summary_large_image\" \/>\n<meta name=\"twitter:site\" content=\"@caridealauto\" \/>\n<meta name=\"twitter:label1\" content=\"Dur\u00e9e de lecture estim\u00e9e\" \/>\n\t<meta name=\"twitter:data1\" content=\"4 minutes\" \/>\n<script type=\"application\/ld+json\" class=\"yoast-schema-graph\">{\"@context\":\"https:\/\/schema.org\",\"@graph\":[{\"@type\":\"WebPage\",\"@id\":\"https:\/\/www.carideal.com\/blog\/voitures-occasions\/metz\/\",\"url\":\"https:\/\/www.carideal.com\/blog\/voitures-occasions\/metz\/\",\"name\":\"Voiture occasion Metz - Annonce Auto - Blog auto Carid\u00e9al\",\"isPartOf\":{\"@id\":\"https:\/\/www.carideal.com\/blog\/#website\"},\"primaryImageOfPage\":{\"@id\":\"https:\/\/www.carideal.com\/blog\/voitures-occasions\/metz\/#primaryimage\"},\"image\":{\"@id\":\"https:\/\/www.carideal.com\/blog\/voitures-occasions\/metz\/#primaryimage\"},\"thumbnailUrl\":\"https:\/\/www.carideal.com\/blog\/wp-content\/uploads\/2018\/04\/mandataire-automobile-chambery-carron-e1580733808946.jpg\",\"datePublished\":\"2018-04-08T09:42:11+00:00\",\"dateModified\":\"2024-01-22T17:26:49+00:00\",\"description\":\"Carideal mandataire de voiture d'occasion \u00e0 Metz vous aide \u00e0 trouver votre voiture d'occasion r\u00e9vis\u00e9e et garantie \u00e0 Metz. Notre service de livraison peut se charger de livrer votre voiture devant chez vous ou sur votre lieu de travail.\",\"breadcrumb\":{\"@id\":\"https:\/\/www.carideal.com\/blog\/voitures-occasions\/metz\/#breadcrumb\"},\"inLanguage\":\"fr-FR\",\"potentialAction\":[{\"@type\":\"ReadAction\",\"target\":[\"https:\/\/www.carideal.com\/blog\/voitures-occasions\/metz\/\"]}]},{\"@type\":\"ImageObject\",\"inLanguage\":\"fr-FR\",\"@id\":\"https:\/\/www.carideal.com\/blog\/voitures-occasions\/metz\/#primaryimage\",\"url\":\"https:\/\/www.carideal.com\/blog\/wp-content\/uploads\/2018\/04\/mandataire-automobile-chambery-carron-e1580733808946.jpg\",\"contentUrl\":\"https:\/\/www.carideal.com\/blog\/wp-content\/uploads\/2018\/04\/mandataire-automobile-chambery-carron-e1580733808946.jpg\",\"width\":600,\"height\":399,\"caption\":\"Voiture occasion Metz\"},{\"@type\":\"BreadcrumbList\",\"@id\":\"https:\/\/www.carideal.com\/blog\/voitures-occasions\/metz\/#breadcrumb\",\"itemListElement\":[{\"@type\":\"ListItem\",\"position\":1,\"name\":\"Blog Carid\u00e9al\",\"item\":\"https:\/\/www.carideal.com\/blog\/\"},{\"@type\":\"ListItem\",\"position\":2,\"name\":\"Voitures occasions\",\"item\":\"https:\/\/www.carideal.com\/blog\/voitures-occasions\/\"},{\"@type\":\"ListItem\",\"position\":3,\"name\":\"Metz\"}]},{\"@type\":\"WebSite\",\"@id\":\"https:\/\/www.carideal.com\/blog\/#website\",\"url\":\"https:\/\/www.carideal.com\/blog\/\",\"name\":\"Blog auto Carid\u00e9al\",\"description\":\"Actualit\u00e9 auto par des passionn\u00e9s\",\"publisher\":{\"@id\":\"https:\/\/www.carideal.com\/blog\/#organization\"},\"potentialAction\":[{\"@type\":\"SearchAction\",\"target\":{\"@type\":\"EntryPoint\",\"urlTemplate\":\"https:\/\/www.carideal.com\/blog\/?s={search_term_string}\"},\"query-input\":{\"@type\":\"PropertyValueSpecification\",\"valueRequired\":true,\"valueName\":\"search_term_string\"}}],\"inLanguage\":\"fr-FR\"},{\"@type\":\"Organization\",\"@id\":\"https:\/\/www.carideal.com\/blog\/#organization\",\"name\":\"Carideal\",\"url\":\"https:\/\/www.carideal.com\/blog\/\",\"logo\":{\"@type\":\"ImageObject\",\"inLanguage\":\"fr-FR\",\"@id\":\"https:\/\/www.carideal.com\/blog\/#\/schema\/logo\/image\/\",\"url\":\"http:\/\/www.carideal.com\/blog\/wp-content\/uploads\/2016\/03\/logo-carideal-mandataire-automobile.png\",\"contentUrl\":\"http:\/\/www.carideal.com\/blog\/wp-content\/uploads\/2016\/03\/logo-carideal-mandataire-automobile.png\",\"width\":300,\"height\":300,\"caption\":\"Carideal\"},\"image\":{\"@id\":\"https:\/\/www.carideal.com\/blog\/#\/schema\/logo\/image\/\"},\"sameAs\":[\"https:\/\/www.facebook.com\/Carideal.mandataire.automobile\",\"https:\/\/x.com\/caridealauto\",\"https:\/\/www.instagram.com\/carideal1\/\",\"https:\/\/www.linkedin.com\/company\/carideal.com\",\"https:\/\/fr.pinterest.com\/schiavonsas\/\",\"https:\/\/www.youtube.com\/user\/caridealsas\"]}]}<\/script>\n<!-- \/ Yoast SEO plugin. -->","yoast_head_json":{"title":"Voiture occasion Metz - Annonce Auto - Blog auto Carid\u00e9al","description":"Carideal mandataire de voiture d'occasion \u00e0 Metz vous aide \u00e0 trouver votre voiture d'occasion r\u00e9vis\u00e9e et garantie \u00e0 Metz. Notre service de livraison peut se charger de livrer votre voiture devant chez vous ou sur votre lieu de travail.","robots":{"index":"index","follow":"follow","max-snippet":"max-snippet:-1","max-image-preview":"max-image-preview:large","max-video-preview":"max-video-preview:-1"},"canonical":"https:\/\/www.carideal.com\/blog\/voitures-occasions\/metz\/","og_locale":"fr_FR","og_type":"article","og_title":"Voiture occasion Metz - Annonce Auto - Blog auto Carid\u00e9al","og_description":"Carideal mandataire de voiture d'occasion \u00e0 Metz vous aide \u00e0 trouver votre voiture d'occasion r\u00e9vis\u00e9e et garantie \u00e0 Metz. Notre service de livraison peut se charger de livrer votre voiture devant chez vous ou sur votre lieu de travail.","og_url":"https:\/\/www.carideal.com\/blog\/voitures-occasions\/metz\/","og_site_name":"Blog auto Carid\u00e9al","article_publisher":"https:\/\/www.facebook.com\/Carideal.mandataire.automobile","article_modified_time":"2024-01-22T17:26:49+00:00","og_image":[{"width":600,"height":399,"url":"https:\/\/www.carideal.com\/blog\/wp-content\/uploads\/2018\/04\/mandataire-automobile-chambery-carron-e1580733808946.jpg","type":"image\/jpeg"}],"twitter_card":"summary_large_image","twitter_site":"@caridealauto","twitter_misc":{"Dur\u00e9e de lecture estim\u00e9e":"4 minutes"},"schema":{"@context":"https:\/\/schema.org","@graph":[{"@type":"WebPage","@id":"https:\/\/www.carideal.com\/blog\/voitures-occasions\/metz\/","url":"https:\/\/www.carideal.com\/blog\/voitures-occasions\/metz\/","name":"Voiture occasion Metz - Annonce Auto - Blog auto Carid\u00e9al","isPartOf":{"@id":"https:\/\/www.carideal.com\/blog\/#website"},"primaryImageOfPage":{"@id":"https:\/\/www.carideal.com\/blog\/voitures-occasions\/metz\/#primaryimage"},"image":{"@id":"https:\/\/www.carideal.com\/blog\/voitures-occasions\/metz\/#primaryimage"},"thumbnailUrl":"https:\/\/www.carideal.com\/blog\/wp-content\/uploads\/2018\/04\/mandataire-automobile-chambery-carron-e1580733808946.jpg","datePublished":"2018-04-08T09:42:11+00:00","dateModified":"2024-01-22T17:26:49+00:00","description":"Carideal mandataire de voiture d'occasion \u00e0 Metz vous aide \u00e0 trouver votre voiture d'occasion r\u00e9vis\u00e9e et garantie \u00e0 Metz. Notre service de livraison peut se charger de livrer votre voiture devant chez vous ou sur votre lieu de travail.","breadcrumb":{"@id":"https:\/\/www.carideal.com\/blog\/voitures-occasions\/metz\/#breadcrumb"},"inLanguage":"fr-FR","potentialAction":[{"@type":"ReadAction","target":["https:\/\/www.carideal.com\/blog\/voitures-occasions\/metz\/"]}]},{"@type":"ImageObject","inLanguage":"fr-FR","@id":"https:\/\/www.carideal.com\/blog\/voitures-occasions\/metz\/#primaryimage","url":"https:\/\/www.carideal.com\/blog\/wp-content\/uploads\/2018\/04\/mandataire-automobile-chambery-carron-e1580733808946.jpg","contentUrl":"https:\/\/www.carideal.com\/blog\/wp-content\/uploads\/2018\/04\/mandataire-automobile-chambery-carron-e1580733808946.jpg","width":600,"height":399,"caption":"Voiture occasion Metz"},{"@type":"BreadcrumbList","@id":"https:\/\/www.carideal.com\/blog\/voitures-occasions\/metz\/#breadcrumb","itemListElement":[{"@type":"ListItem","position":1,"name":"Blog Carid\u00e9al","item":"https:\/\/www.carideal.com\/blog\/"},{"@type":"ListItem","position":2,"name":"Voitures occasions","item":"https:\/\/www.carideal.com\/blog\/voitures-occasions\/"},{"@type":"ListItem","position":3,"name":"Metz"}]},{"@type":"WebSite","@id":"https:\/\/www.carideal.com\/blog\/#website","url":"https:\/\/www.carideal.com\/blog\/","name":"Blog auto Carid\u00e9al","description":"Actualit\u00e9 auto par des passionn\u00e9s","publisher":{"@id":"https:\/\/www.carideal.com\/blog\/#organization"},"potentialAction":[{"@type":"SearchAction","target":{"@type":"EntryPoint","urlTemplate":"https:\/\/www.carideal.com\/blog\/?s={search_term_string}"},"query-input":{"@type":"PropertyValueSpecification","valueRequired":true,"valueName":"search_term_string"}}],"inLanguage":"fr-FR"},{"@type":"Organization","@id":"https:\/\/www.carideal.com\/blog\/#organization","name":"Carideal","url":"https:\/\/www.carideal.com\/blog\/","logo":{"@type":"ImageObject","inLanguage":"fr-FR","@id":"https:\/\/www.carideal.com\/blog\/#\/schema\/logo\/image\/","url":"http:\/\/www.carideal.com\/blog\/wp-content\/uploads\/2016\/03\/logo-carideal-mandataire-automobile.png","contentUrl":"http:\/\/www.carideal.com\/blog\/wp-content\/uploads\/2016\/03\/logo-carideal-mandataire-automobile.png","width":300,"height":300,"caption":"Carideal"},"image":{"@id":"https:\/\/www.carideal.com\/blog\/#\/schema\/logo\/image\/"},"sameAs":["https:\/\/www.facebook.com\/Carideal.mandataire.automobile","https:\/\/x.com\/caridealauto","https:\/\/www.instagram.com\/carideal1\/","https:\/\/www.linkedin.com\/company\/carideal.com","https:\/\/fr.pinterest.com\/schiavonsas\/","https:\/\/www.youtube.com\/user\/caridealsas"]}]}},"uagb_featured_image_src":{"full":["https:\/\/www.carideal.com\/blog\/wp-content\/uploads\/2018\/04\/mandataire-automobile-chambery-carron-e1580733808946.jpg",600,399,false],"thumbnail":["https:\/\/www.carideal.com\/blog\/wp-content\/uploads\/2018\/04\/mandataire-automobile-chambery-carron-150x150.jpg",150,150,true],"medium":["https:\/\/www.carideal.com\/blog\/wp-content\/uploads\/2018\/04\/mandataire-automobile-chambery-carron-300x200.jpg",300,200,true],"medium_large":["https:\/\/www.carideal.com\/blog\/wp-content\/uploads\/2018\/04\/mandataire-automobile-chambery-carron-768x511.jpg",768,511,true],"large":["https:\/\/www.carideal.com\/blog\/wp-content\/uploads\/2018\/04\/mandataire-automobile-chambery-carron-e1580733808946.jpg",600,399,false],"1536x1536":["https:\/\/www.carideal.com\/blog\/wp-content\/uploads\/2018\/04\/mandataire-automobile-chambery-carron-e1580733808946.jpg",600,399,false],"2048x2048":["https:\/\/www.carideal.com\/blog\/wp-content\/uploads\/2018\/04\/mandataire-automobile-chambery-carron-e1580733808946.jpg",600,399,false],"wppr-widget":["https:\/\/www.carideal.com\/blog\/wp-content\/uploads\/2018\/04\/mandataire-automobile-chambery-carron-e1580733808946.jpg",50,33,false]},"uagb_author_info":{"display_name":"Nicolas SCHIAVON","author_link":"https:\/\/www.carideal.com\/blog\/author\/nschiavon\/"},"uagb_comment_info":0,"uagb_excerpt":"Voiture d'occasion&nbsp;\u00e0&nbsp;Metz Voiture pas ch\u00e8re Toutes les Marques&nbsp;|&nbsp;Peugeot&nbsp;|&nbsp;Renault&nbsp;|&nbsp;Citro\u00ebn&nbsp;|&nbsp;Dacia&nbsp;|&nbsp;Volkswagen&nbsp;|&nbsp;Kia&nbsp;|&nbsp;Land Rover | Mandataire auto Metz Chez Carideal, nos clients sont notre priorit\u00e9 num\u00e9ro un. Si vous souhaitez discuter de votre exp\u00e9rience d'achat de voiture d'occasion \u00e0 Metz chez Carideal, n'h\u00e9sitez pas \u00e0 nous contacter directement en utilisant les liens ci-dessous. Votre mandataire auto propose des centaines de\u2026","_links":{"self":[{"href":"https:\/\/www.carideal.com\/blog\/wp-json\/wp\/v2\/pages\/17098"}],"collection":[{"href":"https:\/\/www.carideal.com\/blog\/wp-json\/wp\/v2\/pages"}],"about":[{"href":"https:\/\/www.carideal.com\/blog\/wp-json\/wp\/v2\/types\/page"}],"author":[{"embeddable":true,"href":"https:\/\/www.carideal.com\/blog\/wp-json\/wp\/v2\/users\/3"}],"replies":[{"embeddable":true,"href":"https:\/\/www.carideal.com\/blog\/wp-json\/wp\/v2\/comments?post=17098"}],"version-history":[{"count":0,"href":"https:\/\/www.carideal.com\/blog\/wp-json\/wp\/v2\/pages\/17098\/revisions"}],"up":[{"embeddable":true,"href":"https:\/\/www.carideal.com\/blog\/wp-json\/wp\/v2\/pages\/15469"}],"wp:featuredmedia":[{"embeddable":true,"href":"https:\/\/www.carideal.com\/blog\/wp-json\/wp\/v2\/media\/17101"}],"wp:attachment":[{"href":"https:\/\/www.carideal.com\/blog\/wp-json\/wp\/v2\/media?parent=17098"}],"curies":[{"name":"wp","href":"https:\/\/api.w.org\/{rel}","templated":true}]}}