{"id":17076,"date":"2018-04-08T09:59:08","date_gmt":"2018-04-08T07:59:08","guid":{"rendered":"http:\/\/www.carideal.com\/blog\/?page_id=17076"},"modified":"2020-03-07T16:30:13","modified_gmt":"2020-03-07T15:30:13","slug":"metz","status":"publish","type":"page","link":"https:\/\/www.carideal.com\/blog\/carideal-mandataire-auto-france\/metz\/","title":{"rendered":"Carideal Metz Mandataire automobile"},"content":{"rendered":"<h2>Contactez Carideal Metz Mandataire automobile<\/h2>\n<p><a href=\"http:\/\/www.carideal.com\/blog\/carideal-mandataire-auto-france\/metz\/\">Infos Carideal Metz<\/a> | <a href=\"http:\/\/www.carideal.com\/blog\/constructeur\/\">Actualit\u00e9<\/a> | <a href=\"http:\/\/www.carideal.com\/blog\/essai\/\">Essais<\/a> | <a href=\"http:\/\/www.carideal.com\/blog\/voitures-occasions\/metz\/\">Voiture d\u2019occasion<\/a> | Voiture neuve | <a href=\"http:\/\/www.carideal.com\/blog\/credit-auto\/\">Financement<\/a> | <a href=\"http:\/\/www.carideal.com\/blog\/garage-automobile\/\">R\u00e9vision<\/a> | <a href=\"http:\/\/www.carideal.com\/blog\/offres-automobiles\/\">Offres<\/a> | <a href=\"http:\/\/www.carideal.com\/blog\/carideal-mandataire-auto-france\/\">Contactez nous<\/a> | <a href=\"http:\/\/www.carideal.com\/blog\/tag\/guide-achat\/?=metz\">Guide d\u2019achat<\/a><\/p>\n<p>Chez <strong>Carideal Metz mandataire automobile<\/strong>, notre \u00e9quipe d'experts est passionn\u00e9e par tous les aspects de la propri\u00e9t\u00e9 intelligente, ce qui nous permet d'offrir le meilleur service possible \u00e0 tous nos clients au quotidien.<\/p>\n<figure id=\"attachment_17078\" aria-describedby=\"caption-attachment-17078\" style=\"width: 690px\" class=\"wp-caption aligncenter\"><img loading=\"lazy\" decoding=\"async\" class=\"size-full wp-image-17078\" src=\"http:\/\/www.carideal.com\/blog\/wp-content\/uploads\/2018\/04\/marketing-digital-automobile-e1580056223219.jpg\" alt=\"Mandataire auto Metz\" width=\"700\" height=\"394\" \/><figcaption id=\"caption-attachment-17078\" class=\"wp-caption-text\">Mandataire auto Metz<\/figcaption><\/figure>\n<p>Que vous soyez \u00e0 la recherche d'une toute nouvelle voiture neuve \u00e0 Metz, d'une\u00a0<a href=\"http:\/\/www.carideal.com\/blog\/voitures-occasions\/metz\/\">voiture d'occasion<\/a>\u00a0certifi\u00e9e de notre stock de groupe ou d'un service de suivi intelligent, vous serez accueillis par l'expertise, l'enthousiasme\u00a0de nos conseillers de mandataire automobile \u00e0 Metz.<\/p>\n<h2>Carideal Metz Mandataire auto neuve et d'occasion<\/h2>\n<p>Carideal\u00a0\u00a0comprend que les automobilistes ont des besoins tr\u00e8s sp\u00e9cialis\u00e9s et nous veillons \u00e0 adapter notre service \u00e0 chaque client. Notre objectif principal est de veiller \u00e0 ce que vous trouviez la voiture parfaite pour vous et vos exigences \u00e0 Metz.<\/p>\n<p>Vous trouverez parmi nos offres de voitures neuves de mandataire automobile celle qui vous convient le mieux. Vous aurez le choix entre des <a href=\"http:\/\/www.carideal.com\/blog\/2018\/02\/03\/meilleures-berlines-hayon-2018\/\">Berlines<\/a>, des <a href=\"http:\/\/www.carideal.com\/blog\/2019\/12\/21\/les-meilleurs-suv-a-acheter-maintenant-2019-2020\/\">SUV<\/a>, <a href=\"http:\/\/www.carideal.com\/blog\/2018\/01\/28\/meilleurs-monospaces-2018\/\">monospaces,<\/a> <a href=\"http:\/\/www.carideal.com\/blog\/2019\/12\/26\/meilleurs-petits-suv-et-crossovers-en-vente\/\">crossovers<\/a> et m\u00eame des voitures de luxe sont propos\u00e9es par le mandataire auto Carideal \u00e0 Metz.<\/p>\n<p>Chez Carideal, nos clients sont notre priorit\u00e9 num\u00e9ro un. Si vous souhaitez discuter de votre exp\u00e9rience chez Carideal \u00e0 Metz, n'h\u00e9sitez pas \u00e0 nous contacter directement en utilisant les liens ci-dessous. Trouver une voiture neuve pas ch\u00e8re par mandataire auto \u00e0\u00a0Metz est devenu chose facile. Pour chaque voiture neuve vous avez le choix de nous contacter avec notre formulaire en ligne ou en nous appelant au <a href=\"tel:+33479330353\">04 79 33 03 53<\/a>. Etre un mandataire automobile avec l'exp\u00e9rience\u00a0de Carideal nous permet de vous proposer plusieurs services, car on sait tr\u00e8s bien que les clients y sont attach\u00e9s, tel l'<a href=\"http:\/\/www.carideal.com\/content\/7-extension-garantie\">extension de garantie<\/a> m\u00eame pour une voiture que nous livrons \u00e0 Metz.<\/p>\n<h2>Mandataire voiture d'occasion Chez Carideal Metz<\/h2>\n<p>Chez Carideal mandataire auto d'occasion \u00e0 Metz, nous nous engageons \u00e0 maintenir en tout temps les normes de concession les plus \u00e9lev\u00e9es possibles, garantissant ainsi notre r\u00e9putation de meilleur d\u00e9taillant intelligent. Choisir une bonne voiture d'occasion \u00e0 Metz n'est pas forc\u00e9ment ais\u00e9 et vous ne devez pas vous tromper. C'est pourquoi vous devez jeter un oeil \u00e0 nos <a href=\"http:\/\/www.carideal.com\/blog\/offres-automobiles\/\">offres<\/a>. Carideal met tout en oeuvre pour que l'achat\u00a0d'une\u00a0voiture d'occasion soit p\u00e9renne.<\/p>\n<p>Nous sommes passionn\u00e9s par le service client. Les commentaires de nos clients sont essentiels et nous remercions ceux qui ont d\u00e9j\u00e0 pris part \u00e0 notre sondage de satisfaction client en cours. Au cours des trois derniers mois, l'\u00e9quipe de Carideal mandataire auto d'occasion a obtenu une r\u00e9ponse positive \u00e0 100%. Vous faites appel \u00e0 un mandataire automobile de voiture d'occasion en toute confiance pour vous trouver la meilleure affaire \u00e0 Metz. C'est pourquoi nous mettons tout notre savoir faire \u00e0 votre service pour vous livrer \u00e0 Metz une Voiture en bon \u00e9tat, conforme au descriptif, ayant subi plus de 100 op\u00e9rations de contr\u00f4le et r\u00e9vis\u00e9e et <a href=\"http:\/\/www.carideal.com\/blog\/2007\/09\/03\/garantie-carideal\/\">garantie<\/a>.<br \/>\n<iframe loading=\"lazy\" src=\"https:\/\/www.youtube.com\/embed\/XkeM_x-xyzQ\" width=\"560\" height=\"315\" frameborder=\"0\" allowfullscreen=\"allowfullscreen\"><\/iframe><br \/>\nMandataire automobile Citroen Metz<br \/>\nMandataire automobile Peugeot\u00a0Metz<br \/>\nMandataire automobile Renault\u00a0Metz<br \/>\nMandataire automobile Dacia\u00a0Metz<br \/>\nMandataire automobile Volkswagen\u00a0Metz<br \/>\nMandataire automobile Peugeot 3008\u00a0Metz<\/p>\n<h3>Adresse<\/h3>\n<p>Metz une seule adresse sur notre centre d'appel<br \/>\nFrance<\/p>\n<h3>Contactez Carideal Metz<\/h3>\n<p>Ventes:\u00a0<a href=\"tel:+33479330353\">0479330353<\/a><\/p>\n<h3>Heures d'ouverture de Carideal Metz<\/h3>\n<p>Lundi de 08h00 \u00e0 18h00 le mardi de 8h00 \u00e0 18h00<br \/>\nLe mercredi de 8h00 \u00e0 18h00 le jeudi de 8h00 \u00e0 18h00<br \/>\nVendredi 08h00 - 18h00 Samedi 09h00 - 12h00<\/p>\n<p><iframe loading=\"lazy\" style=\"border: 0;\" src=\"https:\/\/www.google.com\/maps\/embed?pb=!1m18!1m12!1m3!1d83585.36209939179!2d6.126366367197431!3d49.10483181484525!2m3!1f0!2f0!3f0!3m2!1i1024!2i768!4f13.1!3m3!1m2!1s0x4794dc1b6074b6a9%3A0x596be4b635bba669!2sMetz!5e0!3m2!1sen!2sfr!4v1523172785075\" width=\"600\" height=\"450\" frameborder=\"0\" allowfullscreen=\"allowfullscreen\"><\/iframe><\/p>\n","protected":false},"excerpt":{"rendered":"<p>Contactez Carideal Metz Mandataire automobile Infos Carideal Metz | Actualit\u00e9 | Essais | Voiture d\u2019occasion | Voiture neuve | Financement | R\u00e9vision | Offres | Contactez nous | Guide d\u2019achat Chez Carideal Metz mandataire automobile, notre \u00e9quipe d&rsquo;experts est passionn\u00e9e par tous les aspects de la propri\u00e9t\u00e9 intelligente, ce qui nous permet d&rsquo;offrir le meilleur &#8230; <a title=\"Carideal Metz Mandataire automobile\" class=\"read-more\" href=\"https:\/\/www.carideal.com\/blog\/carideal-mandataire-auto-france\/metz\/\" aria-label=\"En savoir plus sur Carideal Metz Mandataire automobile\">Lire plus<\/a><\/p>\n","protected":false},"author":3,"featured_media":17078,"parent":16302,"menu_order":0,"comment_status":"closed","ping_status":"closed","template":"","meta":{"_uag_custom_page_level_css":"","_themeisle_gutenberg_block_has_review":false,"footnotes":""},"class_list":["post-17076","page","type-page","status-publish","has-post-thumbnail"],"wppr_data":{"cwp_meta_box_check":"No"},"yoast_head":"<!-- This site is optimized with the Yoast SEO plugin v24.8.1 - https:\/\/yoast.com\/wordpress\/plugins\/seo\/ -->\n<title>Carideal Metz Mandataire automobile - Blog auto Carid\u00e9al<\/title>\n<meta name=\"description\" content=\"Carideal mandataire automobile \u00e0 Metz trouve votre voiture neuve pas ch\u00e8re au meilleur prix. Nous avons aussi un large choix de voiture d&#039;occasion garantie et s\u00e9lectionn\u00e9es.\" \/>\n<meta name=\"robots\" content=\"index, follow, max-snippet:-1, max-image-preview:large, max-video-preview:-1\" \/>\n<link rel=\"canonical\" href=\"https:\/\/www.carideal.com\/blog\/carideal-mandataire-auto-france\/metz\/\" \/>\n<meta property=\"og:locale\" content=\"fr_FR\" \/>\n<meta property=\"og:type\" content=\"article\" \/>\n<meta property=\"og:title\" content=\"Carideal Metz Mandataire automobile - Blog auto Carid\u00e9al\" \/>\n<meta property=\"og:description\" content=\"Carideal mandataire automobile \u00e0 Metz trouve votre voiture neuve pas ch\u00e8re au meilleur prix. Nous avons aussi un large choix de voiture d&#039;occasion garantie et s\u00e9lectionn\u00e9es.\" \/>\n<meta property=\"og:url\" content=\"https:\/\/www.carideal.com\/blog\/carideal-mandataire-auto-france\/metz\/\" \/>\n<meta property=\"og:site_name\" content=\"Blog auto Carid\u00e9al\" \/>\n<meta property=\"article:publisher\" content=\"https:\/\/www.facebook.com\/Carideal.mandataire.automobile\" \/>\n<meta property=\"article:modified_time\" content=\"2020-03-07T15:30:13+00:00\" \/>\n<meta property=\"og:image\" content=\"https:\/\/www.carideal.com\/blog\/wp-content\/uploads\/2018\/04\/marketing-digital-automobile-e1580056223219.jpg\" \/>\n\t<meta property=\"og:image:width\" content=\"700\" \/>\n\t<meta property=\"og:image:height\" content=\"394\" \/>\n\t<meta property=\"og:image:type\" content=\"image\/jpeg\" \/>\n<meta name=\"twitter:card\" content=\"summary_large_image\" \/>\n<meta name=\"twitter:site\" content=\"@caridealauto\" \/>\n<meta name=\"twitter:label1\" content=\"Dur\u00e9e de lecture estim\u00e9e\" \/>\n\t<meta name=\"twitter:data1\" content=\"3 minutes\" \/>\n<script type=\"application\/ld+json\" class=\"yoast-schema-graph\">{\"@context\":\"https:\/\/schema.org\",\"@graph\":[{\"@type\":\"WebPage\",\"@id\":\"https:\/\/www.carideal.com\/blog\/carideal-mandataire-auto-france\/metz\/\",\"url\":\"https:\/\/www.carideal.com\/blog\/carideal-mandataire-auto-france\/metz\/\",\"name\":\"Carideal Metz Mandataire automobile - Blog auto Carid\u00e9al\",\"isPartOf\":{\"@id\":\"https:\/\/www.carideal.com\/blog\/#website\"},\"primaryImageOfPage\":{\"@id\":\"https:\/\/www.carideal.com\/blog\/carideal-mandataire-auto-france\/metz\/#primaryimage\"},\"image\":{\"@id\":\"https:\/\/www.carideal.com\/blog\/carideal-mandataire-auto-france\/metz\/#primaryimage\"},\"thumbnailUrl\":\"https:\/\/www.carideal.com\/blog\/wp-content\/uploads\/2018\/04\/marketing-digital-automobile-e1580056223219.jpg\",\"datePublished\":\"2018-04-08T07:59:08+00:00\",\"dateModified\":\"2020-03-07T15:30:13+00:00\",\"description\":\"Carideal mandataire automobile \u00e0 Metz trouve votre voiture neuve pas ch\u00e8re au meilleur prix. Nous avons aussi un large choix de voiture d'occasion garantie et s\u00e9lectionn\u00e9es.\",\"breadcrumb\":{\"@id\":\"https:\/\/www.carideal.com\/blog\/carideal-mandataire-auto-france\/metz\/#breadcrumb\"},\"inLanguage\":\"fr-FR\",\"potentialAction\":[{\"@type\":\"ReadAction\",\"target\":[\"https:\/\/www.carideal.com\/blog\/carideal-mandataire-auto-france\/metz\/\"]}]},{\"@type\":\"ImageObject\",\"inLanguage\":\"fr-FR\",\"@id\":\"https:\/\/www.carideal.com\/blog\/carideal-mandataire-auto-france\/metz\/#primaryimage\",\"url\":\"https:\/\/www.carideal.com\/blog\/wp-content\/uploads\/2018\/04\/marketing-digital-automobile-e1580056223219.jpg\",\"contentUrl\":\"https:\/\/www.carideal.com\/blog\/wp-content\/uploads\/2018\/04\/marketing-digital-automobile-e1580056223219.jpg\",\"width\":700,\"height\":394,\"caption\":\"Mandataire auto Metz\"},{\"@type\":\"BreadcrumbList\",\"@id\":\"https:\/\/www.carideal.com\/blog\/carideal-mandataire-auto-france\/metz\/#breadcrumb\",\"itemListElement\":[{\"@type\":\"ListItem\",\"position\":1,\"name\":\"Blog Carid\u00e9al\",\"item\":\"https:\/\/www.carideal.com\/blog\/\"},{\"@type\":\"ListItem\",\"position\":2,\"name\":\"Mandataire Auto en France\",\"item\":\"https:\/\/www.carideal.com\/blog\/carideal-mandataire-auto-france\/\"},{\"@type\":\"ListItem\",\"position\":3,\"name\":\"Metz\"}]},{\"@type\":\"WebSite\",\"@id\":\"https:\/\/www.carideal.com\/blog\/#website\",\"url\":\"https:\/\/www.carideal.com\/blog\/\",\"name\":\"Blog auto Carid\u00e9al\",\"description\":\"Actualit\u00e9 auto par des passionn\u00e9s\",\"publisher\":{\"@id\":\"https:\/\/www.carideal.com\/blog\/#organization\"},\"potentialAction\":[{\"@type\":\"SearchAction\",\"target\":{\"@type\":\"EntryPoint\",\"urlTemplate\":\"https:\/\/www.carideal.com\/blog\/?s={search_term_string}\"},\"query-input\":{\"@type\":\"PropertyValueSpecification\",\"valueRequired\":true,\"valueName\":\"search_term_string\"}}],\"inLanguage\":\"fr-FR\"},{\"@type\":\"Organization\",\"@id\":\"https:\/\/www.carideal.com\/blog\/#organization\",\"name\":\"Carideal\",\"url\":\"https:\/\/www.carideal.com\/blog\/\",\"logo\":{\"@type\":\"ImageObject\",\"inLanguage\":\"fr-FR\",\"@id\":\"https:\/\/www.carideal.com\/blog\/#\/schema\/logo\/image\/\",\"url\":\"http:\/\/www.carideal.com\/blog\/wp-content\/uploads\/2016\/03\/logo-carideal-mandataire-automobile.png\",\"contentUrl\":\"http:\/\/www.carideal.com\/blog\/wp-content\/uploads\/2016\/03\/logo-carideal-mandataire-automobile.png\",\"width\":300,\"height\":300,\"caption\":\"Carideal\"},\"image\":{\"@id\":\"https:\/\/www.carideal.com\/blog\/#\/schema\/logo\/image\/\"},\"sameAs\":[\"https:\/\/www.facebook.com\/Carideal.mandataire.automobile\",\"https:\/\/x.com\/caridealauto\",\"https:\/\/www.instagram.com\/carideal1\/\",\"https:\/\/www.linkedin.com\/company\/carideal.com\",\"https:\/\/fr.pinterest.com\/schiavonsas\/\",\"https:\/\/www.youtube.com\/user\/caridealsas\"]}]}<\/script>\n<!-- \/ Yoast SEO plugin. -->","yoast_head_json":{"title":"Carideal Metz Mandataire automobile - Blog auto Carid\u00e9al","description":"Carideal mandataire automobile \u00e0 Metz trouve votre voiture neuve pas ch\u00e8re au meilleur prix. Nous avons aussi un large choix de voiture d'occasion garantie et s\u00e9lectionn\u00e9es.","robots":{"index":"index","follow":"follow","max-snippet":"max-snippet:-1","max-image-preview":"max-image-preview:large","max-video-preview":"max-video-preview:-1"},"canonical":"https:\/\/www.carideal.com\/blog\/carideal-mandataire-auto-france\/metz\/","og_locale":"fr_FR","og_type":"article","og_title":"Carideal Metz Mandataire automobile - Blog auto Carid\u00e9al","og_description":"Carideal mandataire automobile \u00e0 Metz trouve votre voiture neuve pas ch\u00e8re au meilleur prix. Nous avons aussi un large choix de voiture d'occasion garantie et s\u00e9lectionn\u00e9es.","og_url":"https:\/\/www.carideal.com\/blog\/carideal-mandataire-auto-france\/metz\/","og_site_name":"Blog auto Carid\u00e9al","article_publisher":"https:\/\/www.facebook.com\/Carideal.mandataire.automobile","article_modified_time":"2020-03-07T15:30:13+00:00","og_image":[{"width":700,"height":394,"url":"https:\/\/www.carideal.com\/blog\/wp-content\/uploads\/2018\/04\/marketing-digital-automobile-e1580056223219.jpg","type":"image\/jpeg"}],"twitter_card":"summary_large_image","twitter_site":"@caridealauto","twitter_misc":{"Dur\u00e9e de lecture estim\u00e9e":"3 minutes"},"schema":{"@context":"https:\/\/schema.org","@graph":[{"@type":"WebPage","@id":"https:\/\/www.carideal.com\/blog\/carideal-mandataire-auto-france\/metz\/","url":"https:\/\/www.carideal.com\/blog\/carideal-mandataire-auto-france\/metz\/","name":"Carideal Metz Mandataire automobile - Blog auto Carid\u00e9al","isPartOf":{"@id":"https:\/\/www.carideal.com\/blog\/#website"},"primaryImageOfPage":{"@id":"https:\/\/www.carideal.com\/blog\/carideal-mandataire-auto-france\/metz\/#primaryimage"},"image":{"@id":"https:\/\/www.carideal.com\/blog\/carideal-mandataire-auto-france\/metz\/#primaryimage"},"thumbnailUrl":"https:\/\/www.carideal.com\/blog\/wp-content\/uploads\/2018\/04\/marketing-digital-automobile-e1580056223219.jpg","datePublished":"2018-04-08T07:59:08+00:00","dateModified":"2020-03-07T15:30:13+00:00","description":"Carideal mandataire automobile \u00e0 Metz trouve votre voiture neuve pas ch\u00e8re au meilleur prix. Nous avons aussi un large choix de voiture d'occasion garantie et s\u00e9lectionn\u00e9es.","breadcrumb":{"@id":"https:\/\/www.carideal.com\/blog\/carideal-mandataire-auto-france\/metz\/#breadcrumb"},"inLanguage":"fr-FR","potentialAction":[{"@type":"ReadAction","target":["https:\/\/www.carideal.com\/blog\/carideal-mandataire-auto-france\/metz\/"]}]},{"@type":"ImageObject","inLanguage":"fr-FR","@id":"https:\/\/www.carideal.com\/blog\/carideal-mandataire-auto-france\/metz\/#primaryimage","url":"https:\/\/www.carideal.com\/blog\/wp-content\/uploads\/2018\/04\/marketing-digital-automobile-e1580056223219.jpg","contentUrl":"https:\/\/www.carideal.com\/blog\/wp-content\/uploads\/2018\/04\/marketing-digital-automobile-e1580056223219.jpg","width":700,"height":394,"caption":"Mandataire auto Metz"},{"@type":"BreadcrumbList","@id":"https:\/\/www.carideal.com\/blog\/carideal-mandataire-auto-france\/metz\/#breadcrumb","itemListElement":[{"@type":"ListItem","position":1,"name":"Blog Carid\u00e9al","item":"https:\/\/www.carideal.com\/blog\/"},{"@type":"ListItem","position":2,"name":"Mandataire Auto en France","item":"https:\/\/www.carideal.com\/blog\/carideal-mandataire-auto-france\/"},{"@type":"ListItem","position":3,"name":"Metz"}]},{"@type":"WebSite","@id":"https:\/\/www.carideal.com\/blog\/#website","url":"https:\/\/www.carideal.com\/blog\/","name":"Blog auto Carid\u00e9al","description":"Actualit\u00e9 auto par des passionn\u00e9s","publisher":{"@id":"https:\/\/www.carideal.com\/blog\/#organization"},"potentialAction":[{"@type":"SearchAction","target":{"@type":"EntryPoint","urlTemplate":"https:\/\/www.carideal.com\/blog\/?s={search_term_string}"},"query-input":{"@type":"PropertyValueSpecification","valueRequired":true,"valueName":"search_term_string"}}],"inLanguage":"fr-FR"},{"@type":"Organization","@id":"https:\/\/www.carideal.com\/blog\/#organization","name":"Carideal","url":"https:\/\/www.carideal.com\/blog\/","logo":{"@type":"ImageObject","inLanguage":"fr-FR","@id":"https:\/\/www.carideal.com\/blog\/#\/schema\/logo\/image\/","url":"http:\/\/www.carideal.com\/blog\/wp-content\/uploads\/2016\/03\/logo-carideal-mandataire-automobile.png","contentUrl":"http:\/\/www.carideal.com\/blog\/wp-content\/uploads\/2016\/03\/logo-carideal-mandataire-automobile.png","width":300,"height":300,"caption":"Carideal"},"image":{"@id":"https:\/\/www.carideal.com\/blog\/#\/schema\/logo\/image\/"},"sameAs":["https:\/\/www.facebook.com\/Carideal.mandataire.automobile","https:\/\/x.com\/caridealauto","https:\/\/www.instagram.com\/carideal1\/","https:\/\/www.linkedin.com\/company\/carideal.com","https:\/\/fr.pinterest.com\/schiavonsas\/","https:\/\/www.youtube.com\/user\/caridealsas"]}]}},"uagb_featured_image_src":{"full":["https:\/\/www.carideal.com\/blog\/wp-content\/uploads\/2018\/04\/marketing-digital-automobile-e1580056223219.jpg",700,394,false],"thumbnail":["https:\/\/www.carideal.com\/blog\/wp-content\/uploads\/2018\/04\/marketing-digital-automobile-150x150.jpg",150,150,true],"medium":["https:\/\/www.carideal.com\/blog\/wp-content\/uploads\/2018\/04\/marketing-digital-automobile-300x169.jpg",300,169,true],"medium_large":["https:\/\/www.carideal.com\/blog\/wp-content\/uploads\/2018\/04\/marketing-digital-automobile-768x432.jpg",768,432,true],"large":["https:\/\/www.carideal.com\/blog\/wp-content\/uploads\/2018\/04\/marketing-digital-automobile-e1580056223219.jpg",700,394,false],"1536x1536":["https:\/\/www.carideal.com\/blog\/wp-content\/uploads\/2018\/04\/marketing-digital-automobile-e1580056223219.jpg",700,394,false],"2048x2048":["https:\/\/www.carideal.com\/blog\/wp-content\/uploads\/2018\/04\/marketing-digital-automobile-e1580056223219.jpg",700,394,false],"wppr-widget":["https:\/\/www.carideal.com\/blog\/wp-content\/uploads\/2018\/04\/marketing-digital-automobile-e1580056223219.jpg",50,28,false]},"uagb_author_info":{"display_name":"Nicolas SCHIAVON","author_link":"https:\/\/www.carideal.com\/blog\/author\/nschiavon\/"},"uagb_comment_info":0,"uagb_excerpt":"Contactez Carideal Metz Mandataire automobile Infos Carideal Metz | Actualit\u00e9 | Essais | Voiture d\u2019occasion | Voiture neuve | Financement | R\u00e9vision | Offres | Contactez nous | Guide d\u2019achat Chez Carideal Metz mandataire automobile, notre \u00e9quipe d'experts est passionn\u00e9e par tous les aspects de la propri\u00e9t\u00e9 intelligente, ce qui nous permet d'offrir le meilleur\u2026","_links":{"self":[{"href":"https:\/\/www.carideal.com\/blog\/wp-json\/wp\/v2\/pages\/17076"}],"collection":[{"href":"https:\/\/www.carideal.com\/blog\/wp-json\/wp\/v2\/pages"}],"about":[{"href":"https:\/\/www.carideal.com\/blog\/wp-json\/wp\/v2\/types\/page"}],"author":[{"embeddable":true,"href":"https:\/\/www.carideal.com\/blog\/wp-json\/wp\/v2\/users\/3"}],"replies":[{"embeddable":true,"href":"https:\/\/www.carideal.com\/blog\/wp-json\/wp\/v2\/comments?post=17076"}],"version-history":[{"count":0,"href":"https:\/\/www.carideal.com\/blog\/wp-json\/wp\/v2\/pages\/17076\/revisions"}],"up":[{"embeddable":true,"href":"https:\/\/www.carideal.com\/blog\/wp-json\/wp\/v2\/pages\/16302"}],"wp:featuredmedia":[{"embeddable":true,"href":"https:\/\/www.carideal.com\/blog\/wp-json\/wp\/v2\/media\/17078"}],"wp:attachment":[{"href":"https:\/\/www.carideal.com\/blog\/wp-json\/wp\/v2\/media?parent=17076"}],"curies":[{"name":"wp","href":"https:\/\/api.w.org\/{rel}","templated":true}]}}