{"id":16783,"date":"2017-12-20T18:57:18","date_gmt":"2017-12-20T17:57:18","guid":{"rendered":"http:\/\/www.carideal.com\/blog\/?page_id=16783"},"modified":"2023-01-21T18:30:48","modified_gmt":"2023-01-21T17:30:48","slug":"bordeaux","status":"publish","type":"page","link":"https:\/\/www.carideal.com\/blog\/voitures-occasions\/bordeaux\/","title":{"rendered":"Voiture occasion Bordeaux &#8211; Annonce auto"},"content":{"rendered":"\n<h2 class=\"wp-block-heading\">Trouvez votre voiture d'occasion \u00e0 Bordeaux avec Carideal mandataire auto<\/h2>\n\n\n\n<p>Toutes les marques | Peugeot | Renault | Citro\u00ebn | Dacia | Volkswagen | Kia | Land Rover | Ford<\/p>\n\n\n\n<p><span style=\"font-size: inherit;\">Sur Carideal.com \u00e0 Bordeaux, nous sommes experts dans tout ce qui concerne les <strong>voitures d'occasions \u00e0 Bordeau<\/strong>x : des <\/span><a href=\"http:\/\/www.carideal.com\/blog\/voitures-occasions\/\">voitures d'occasions<\/a> \u00e0 Bordeaux<span style=\"font-size: inherit;\"> r\u00e9vis\u00e9es et garanties en Gironde, aux options de <a href=\"http:\/\/www.carideal.com\/blog\/credit-auto\/\">financement<\/a> et aux <a href=\"http:\/\/www.carideal.com\/blog\/garage-automobile\/revision-voiture\/\">services apr\u00e8s-vente<\/a> de votre <a href=\"http:\/\/www.carideal.com\/blog\/carideal-mandataire-auto-france\/bordeaux\/\">mandataire auto.<\/a> <\/span><\/p>\n\n\n\n<figure class=\"wp-block-image alignnone size-full wp-image-16784\"><img loading=\"lazy\" decoding=\"async\" width=\"600\" height=\"353\" src=\"http:\/\/www.carideal.com\/blog\/wp-content\/uploads\/2017\/12\/voiture-occasion-bordeaux-e1580554481929.jpg\" alt=\"Voiture occasion Bordeaux\" class=\"wp-image-16784\"\/><figcaption class=\"wp-element-caption\">Voiture occasion Bordeaux<\/figcaption><\/figure>\n\n\n\n<p><span style=\"font-size: inherit;\">Rendez-nous visite sur notre site internet ou appelez-nous pour parler \u00e0 l'un des membres de l'\u00e9quipe pour tout conseil sur l'achat de votre voiture d'occasion \u00e0 Bordeaux.<\/span><\/p>\n\n\n\n<p>Ouvert six jours sur sept, vous pouvez visiter&nbsp;Carideal.com le jour qui vous convient le mieux. Choisissez votre&nbsp;voiture d'occasion et faites la livrer \u00e0 Bordeaux, \u00e0 votre <a href=\"http:\/\/www.carideal.com\/content\/9-carideal-livraison-partout-en-france\">domicile<\/a>, ou sur votre lieu de travail, \u00e0 c\u00f4t\u00e9 des villes de&nbsp;Bruges, B\u00e8gles, Merignac, Blanquefort et Pompignac.<\/p>\n\n\n\n<p>Sur notre site internet, vous pouvez voir votre future <a href=\"http:\/\/www.carideal.com\/blog\/voitures-occasions\/bordeaux\/recherche-pas-cheres\/\">voiture d'occasion pas ch\u00e8re \u00e0 Bordeaux<\/a>, et\u00a0choisir les derni\u00e8res Renault Captur d'occasion, des Peugeot 508 d'occasion, des Mini d'occasions\u00a0\u00e0 l'immense Q7 d'occasion et au RCZ d'occasion.<\/p>\n\n\n\n<h2 class=\"wp-block-heading\">Voitures d'occasion r\u00e9vis\u00e9es et garanties \u00e0 Bordeaux<\/h2>\n\n\n\n<p>Avant l'achat d'une voiture d'occasion \u00e0 Bordeaux, pour maintenir votre voiture en excellent \u00e9tat, nous offrons des services, des extensions de garantie, des r\u00e9parations et des&nbsp;r\u00e9visions de notre centre apr\u00e8s-vente. L'atelier est dirig\u00e9 par des techniciens form\u00e9s par&nbsp;les constructeurs automobiles qui utilisent toujours les derniers outils de diagnostic et de r\u00e9paration sp\u00e9cialement con\u00e7us pour les mod\u00e8les&nbsp;de voitures d'occasions r\u00e9centes et plus anciennes afin de s'assurer que votre voiture est entre de bonnes mains \u00e0 tout moment.<\/p>\n\n\n\n<hr class=\"wp-block-separator has-css-opacity\"\/>\n\n\n\n<p>Si nous ne sommes pas ouverts mais que vous souhaitez entrer en contact pour trouver une voiture d'occasion \u00e0 Bordeaux, vous pouvez soumettre un <a href=\"http:\/\/www.carideal.com\/blog\/contactez-nous\/\">formulaire de demande en ligne<\/a> ou utiliser la fonction de chat en direct pour nous envoyer un message et nous vous r\u00e9pondrons dans les plus brefs d\u00e9lais.<\/p>\n\n\n\n<figure class=\"wp-block-embed is-type-video is-provider-youtube wp-block-embed-youtube wp-embed-aspect-16-9 wp-has-aspect-ratio\"><div class=\"wp-block-embed__wrapper\">\n<iframe loading=\"lazy\" title=\"Citro\u00ebn grand C4 Picasso 7 pl occasion Carideal Mandataire auto  Bordeaux\" width=\"1200\" height=\"675\" src=\"https:\/\/www.youtube.com\/embed\/AgCFeDVr9yA?feature=oembed\" frameborder=\"0\" allow=\"accelerometer; autoplay; clipboard-write; encrypted-media; gyroscope; picture-in-picture; web-share\" allowfullscreen><\/iframe>\n<\/div><\/figure>\n\n\n\n<h3 class=\"wp-block-heading\">T\u00e9l\u00e9phone<\/h3>\n\n\n\n<p>Ventes:&nbsp;0479330353<\/p>\n\n\n\n<h3 class=\"wp-block-heading\">Heures d'ouverture<\/h3>\n\n\n\n<p>Ventes<br>- le lundi: de 8h30 \u00e0 19h00 le mardi: de 8h30 \u00e0 19h00<br>- le mercredi: de 8h30 \u00e0 19h00 le jeudi: de 8h30 \u00e0 19h00<br>Vendredi: de 8h30 \u00e0 19h00 le samedi: de 8h30 \u00e0 17h00<br>Dimanche:&nbsp;Non<\/p>\n\n\n\n<hr class=\"wp-block-separator has-css-opacity\"\/>\n\n\n\n<p>Voiture d'occasion \u00e0 la Teste-de-Buch<br><a href=\"https:\/\/www.groupe-deluc.com\/voiture-occasion-perigueux\/\">Voiture d'occasion \u00e0 P\u00e9rigueux<\/a><br>Voiture occasion Libournes<br>Renault d'occasion \u00e0 Bordeaux<br>Citro\u00ebn d'occasion \u00e0 Bordeaux<br>Peugeot d'occasion \u00e0 Bordeaux<br>Volkswagen d'occasion \u00e0 Bordeaux<br>Dacia d'occasion \u00e0 Bordeaux<br>Ford d'occasion \u00e0 Bordeaux<\/p>\n\n\n\n<p><iframe loading=\"lazy\" style=\"border: 0;\" src=\"https:\/\/www.google.com\/maps\/embed?pb=!1m18!1m12!1m3!1d90493.78086053887!2d-0.656180785729957!3d44.86370654564291!2m3!1f0!2f0!3f0!3m2!1i1024!2i768!4f13.1!3m3!1m2!1s0xd5527e8f751ca81%3A0x796386037b397a89!2sBordeaux!5e0!3m2!1sen!2sfr!4v1513791586839\" width=\"600\" height=\"450\" frameborder=\"0\" allowfullscreen=\"allowfullscreen\"><\/p><\/iframe><\/p>\n\n\n\n<figure class=\"wp-block-embed is-type-video is-provider-youtube wp-block-embed-youtube wp-embed-aspect-16-9 wp-has-aspect-ratio\"><div class=\"wp-block-embed__wrapper\">\n<iframe loading=\"lazy\" title=\"Citro\u00ebn DS3 hdi 110 occasion Carideal mandataire auto Bordeaux\" width=\"1200\" height=\"675\" src=\"https:\/\/www.youtube.com\/embed\/0kMQciDQORE?feature=oembed\" frameborder=\"0\" allow=\"accelerometer; autoplay; clipboard-write; encrypted-media; gyroscope; picture-in-picture; web-share\" allowfullscreen><\/iframe>\n<\/div><\/figure>\n\n\n\n<h3 class=\"wp-block-heading\">Trouvez votre voiture d'occasion en France<\/h3>\n\n\n\n<ul class=\"wp-block-list\">\n<li><a href=\"http:\/\/www.carideal.com\/blog\/voitures-occasions\/annecy\/\">Voitures d'occasions \u00e0 Annecy<\/a><\/li>\n\n\n\n<li><a href=\"http:\/\/www.carideal.com\/blog\/voitures-occasions\/bordeaux\/\">Voitures d'occasions \u00e0 Bordeaux<\/a><\/li>\n\n\n\n<li><a href=\"http:\/\/www.carideal.com\/blog\/voitures-occasions\/gap\/\">Voitures d'occasions \u00e0 Gap<\/a><\/li>\n\n\n\n<li><a href=\"http:\/\/www.carideal.com\/blog\/voitures-occasions\/lyon\/\">Voitures d'occasions \u00e0 Lyon<\/a><\/li>\n\n\n\n<li><a href=\"http:\/\/www.carideal.com\/blog\/voitures-occasions\/paris\/\">Voitures d'occasion \u00e0 Paris<\/a><\/li>\n\n\n\n<li><a href=\"http:\/\/www.carideal.com\/blog\/voitures-occasions\/voiture-occasion-macon\/\">Voitures d'occasions \u00e0 M\u00e2con<\/a><\/li>\n\n\n\n<li><a href=\"http:\/\/www.carideal.com\/blog\/voitures-occasions\/marseille\/\">Voitures d'occasion \u00e0 Marseille<\/a><\/li>\n\n\n\n<li><a href=\"http:\/\/www.carideal.com\/blog\/voitures-occasions\/metz\/\">Voitures d'occasions \u00e0 Metz<\/a><\/li>\n\n\n\n<li><a href=\"http:\/\/www.carideal.com\/blog\/voitures-occasions\/metz\/\">Voitures d'occasions \u00e0 Montpellier<\/a><\/li>\n\n\n\n<li><a href=\"http:\/\/www.carideal.com\/blog\/voitures-occasions\/nantes\/\">Voitures d'occasions \u00e0 Nantes<\/a><\/li>\n\n\n\n<li><a href=\"http:\/\/www.carideal.com\/blog\/voitures-occasions\/nice\/\">Voitures d'occasions \u00e0 Nice<\/a><\/li>\n\n\n\n<li><a href=\"http:\/\/www.carideal.com\/blog\/voitures-occasions\/strasbourg\/\">Voitures d'occasions \u00e0 Strasbourg<\/a><\/li>\n\n\n\n<li><a href=\"http:\/\/www.carideal.com\/blog\/voitures-occasions\/toulouse\/\">Voitures d'occasions \u00e0 Toulouse<\/a><\/li>\n<\/ul>\n","protected":false},"excerpt":{"rendered":"<p>Trouvez votre voiture d&rsquo;occasion \u00e0 Bordeaux avec Carideal mandataire auto Toutes les marques | Peugeot | Renault | Citro\u00ebn | Dacia | Volkswagen | Kia | Land Rover | Ford Sur Carideal.com \u00e0 Bordeaux, nous sommes experts dans tout ce qui concerne les voitures d&rsquo;occasions \u00e0 Bordeaux : des voitures d&rsquo;occasions \u00e0 Bordeaux r\u00e9vis\u00e9es et &#8230; <a title=\"Voiture occasion Bordeaux &#8211; Annonce auto\" class=\"read-more\" href=\"https:\/\/www.carideal.com\/blog\/voitures-occasions\/bordeaux\/\" aria-label=\"En savoir plus sur Voiture occasion Bordeaux &#8211; Annonce auto\">Lire plus<\/a><\/p>\n","protected":false},"author":3,"featured_media":16784,"parent":15469,"menu_order":0,"comment_status":"closed","ping_status":"closed","template":"","meta":{"_uag_custom_page_level_css":"","_themeisle_gutenberg_block_has_review":false,"footnotes":""},"class_list":["post-16783","page","type-page","status-publish","has-post-thumbnail"],"wppr_data":{"cwp_meta_box_check":"No"},"yoast_head":"<!-- This site is optimized with the Yoast SEO plugin v24.8.1 - https:\/\/yoast.com\/wordpress\/plugins\/seo\/ -->\n<title>Voiture occasion Bordeaux - Annonce auto - Blog auto Carid\u00e9al<\/title>\n<meta name=\"description\" content=\"Trouvez votre voiture d&#039;occasion \u00e0 Bordeaux avec Carideal mandataire auto d&#039;occasion. Nos conseillers vous aideront dans votre choix et pour le financement\" \/>\n<meta name=\"robots\" content=\"index, follow, max-snippet:-1, max-image-preview:large, max-video-preview:-1\" \/>\n<link rel=\"canonical\" href=\"https:\/\/www.carideal.com\/blog\/voitures-occasions\/bordeaux\/\" \/>\n<meta property=\"og:locale\" content=\"fr_FR\" \/>\n<meta property=\"og:type\" content=\"article\" \/>\n<meta property=\"og:title\" content=\"Voiture occasion Bordeaux - Annonce auto - Blog auto Carid\u00e9al\" \/>\n<meta property=\"og:description\" content=\"Trouvez votre voiture d&#039;occasion \u00e0 Bordeaux avec Carideal mandataire auto d&#039;occasion. Nos conseillers vous aideront dans votre choix et pour le financement\" \/>\n<meta property=\"og:url\" content=\"https:\/\/www.carideal.com\/blog\/voitures-occasions\/bordeaux\/\" \/>\n<meta property=\"og:site_name\" content=\"Blog auto Carid\u00e9al\" \/>\n<meta property=\"article:publisher\" content=\"https:\/\/www.facebook.com\/Carideal.mandataire.automobile\" \/>\n<meta property=\"article:modified_time\" content=\"2023-01-21T17:30:48+00:00\" \/>\n<meta property=\"og:image\" content=\"https:\/\/www.carideal.com\/blog\/wp-content\/uploads\/2017\/12\/voiture-occasion-bordeaux-e1580554481929.jpg\" \/>\n\t<meta property=\"og:image:width\" content=\"600\" \/>\n\t<meta property=\"og:image:height\" content=\"353\" \/>\n\t<meta property=\"og:image:type\" content=\"image\/jpeg\" \/>\n<meta name=\"twitter:card\" content=\"summary_large_image\" \/>\n<meta name=\"twitter:site\" content=\"@caridealauto\" \/>\n<meta name=\"twitter:label1\" content=\"Dur\u00e9e de lecture estim\u00e9e\" \/>\n\t<meta name=\"twitter:data1\" content=\"3 minutes\" \/>\n<script type=\"application\/ld+json\" class=\"yoast-schema-graph\">{\"@context\":\"https:\/\/schema.org\",\"@graph\":[{\"@type\":\"WebPage\",\"@id\":\"https:\/\/www.carideal.com\/blog\/voitures-occasions\/bordeaux\/\",\"url\":\"https:\/\/www.carideal.com\/blog\/voitures-occasions\/bordeaux\/\",\"name\":\"Voiture occasion Bordeaux - Annonce auto - Blog auto Carid\u00e9al\",\"isPartOf\":{\"@id\":\"https:\/\/www.carideal.com\/blog\/#website\"},\"primaryImageOfPage\":{\"@id\":\"https:\/\/www.carideal.com\/blog\/voitures-occasions\/bordeaux\/#primaryimage\"},\"image\":{\"@id\":\"https:\/\/www.carideal.com\/blog\/voitures-occasions\/bordeaux\/#primaryimage\"},\"thumbnailUrl\":\"https:\/\/www.carideal.com\/blog\/wp-content\/uploads\/2017\/12\/voiture-occasion-bordeaux-e1580554481929.jpg\",\"datePublished\":\"2017-12-20T17:57:18+00:00\",\"dateModified\":\"2023-01-21T17:30:48+00:00\",\"description\":\"Trouvez votre voiture d'occasion \u00e0 Bordeaux avec Carideal mandataire auto d'occasion. Nos conseillers vous aideront dans votre choix et pour le financement\",\"breadcrumb\":{\"@id\":\"https:\/\/www.carideal.com\/blog\/voitures-occasions\/bordeaux\/#breadcrumb\"},\"inLanguage\":\"fr-FR\",\"potentialAction\":[{\"@type\":\"ReadAction\",\"target\":[\"https:\/\/www.carideal.com\/blog\/voitures-occasions\/bordeaux\/\"]}]},{\"@type\":\"ImageObject\",\"inLanguage\":\"fr-FR\",\"@id\":\"https:\/\/www.carideal.com\/blog\/voitures-occasions\/bordeaux\/#primaryimage\",\"url\":\"https:\/\/www.carideal.com\/blog\/wp-content\/uploads\/2017\/12\/voiture-occasion-bordeaux-e1580554481929.jpg\",\"contentUrl\":\"https:\/\/www.carideal.com\/blog\/wp-content\/uploads\/2017\/12\/voiture-occasion-bordeaux-e1580554481929.jpg\",\"width\":600,\"height\":353,\"caption\":\"Voiture occasion Bordeaux\"},{\"@type\":\"BreadcrumbList\",\"@id\":\"https:\/\/www.carideal.com\/blog\/voitures-occasions\/bordeaux\/#breadcrumb\",\"itemListElement\":[{\"@type\":\"ListItem\",\"position\":1,\"name\":\"Blog Carid\u00e9al\",\"item\":\"https:\/\/www.carideal.com\/blog\/\"},{\"@type\":\"ListItem\",\"position\":2,\"name\":\"Voitures occasions\",\"item\":\"https:\/\/www.carideal.com\/blog\/voitures-occasions\/\"},{\"@type\":\"ListItem\",\"position\":3,\"name\":\"Bordeaux\"}]},{\"@type\":\"WebSite\",\"@id\":\"https:\/\/www.carideal.com\/blog\/#website\",\"url\":\"https:\/\/www.carideal.com\/blog\/\",\"name\":\"Blog auto Carid\u00e9al\",\"description\":\"Actualit\u00e9 auto par des passionn\u00e9s\",\"publisher\":{\"@id\":\"https:\/\/www.carideal.com\/blog\/#organization\"},\"potentialAction\":[{\"@type\":\"SearchAction\",\"target\":{\"@type\":\"EntryPoint\",\"urlTemplate\":\"https:\/\/www.carideal.com\/blog\/?s={search_term_string}\"},\"query-input\":{\"@type\":\"PropertyValueSpecification\",\"valueRequired\":true,\"valueName\":\"search_term_string\"}}],\"inLanguage\":\"fr-FR\"},{\"@type\":\"Organization\",\"@id\":\"https:\/\/www.carideal.com\/blog\/#organization\",\"name\":\"Carideal\",\"url\":\"https:\/\/www.carideal.com\/blog\/\",\"logo\":{\"@type\":\"ImageObject\",\"inLanguage\":\"fr-FR\",\"@id\":\"https:\/\/www.carideal.com\/blog\/#\/schema\/logo\/image\/\",\"url\":\"http:\/\/www.carideal.com\/blog\/wp-content\/uploads\/2016\/03\/logo-carideal-mandataire-automobile.png\",\"contentUrl\":\"http:\/\/www.carideal.com\/blog\/wp-content\/uploads\/2016\/03\/logo-carideal-mandataire-automobile.png\",\"width\":300,\"height\":300,\"caption\":\"Carideal\"},\"image\":{\"@id\":\"https:\/\/www.carideal.com\/blog\/#\/schema\/logo\/image\/\"},\"sameAs\":[\"https:\/\/www.facebook.com\/Carideal.mandataire.automobile\",\"https:\/\/x.com\/caridealauto\",\"https:\/\/www.instagram.com\/carideal1\/\",\"https:\/\/www.linkedin.com\/company\/carideal.com\",\"https:\/\/fr.pinterest.com\/schiavonsas\/\",\"https:\/\/www.youtube.com\/user\/caridealsas\"]}]}<\/script>\n<!-- \/ Yoast SEO plugin. -->","yoast_head_json":{"title":"Voiture occasion Bordeaux - Annonce auto - Blog auto Carid\u00e9al","description":"Trouvez votre voiture d'occasion \u00e0 Bordeaux avec Carideal mandataire auto d'occasion. Nos conseillers vous aideront dans votre choix et pour le financement","robots":{"index":"index","follow":"follow","max-snippet":"max-snippet:-1","max-image-preview":"max-image-preview:large","max-video-preview":"max-video-preview:-1"},"canonical":"https:\/\/www.carideal.com\/blog\/voitures-occasions\/bordeaux\/","og_locale":"fr_FR","og_type":"article","og_title":"Voiture occasion Bordeaux - Annonce auto - Blog auto Carid\u00e9al","og_description":"Trouvez votre voiture d'occasion \u00e0 Bordeaux avec Carideal mandataire auto d'occasion. Nos conseillers vous aideront dans votre choix et pour le financement","og_url":"https:\/\/www.carideal.com\/blog\/voitures-occasions\/bordeaux\/","og_site_name":"Blog auto Carid\u00e9al","article_publisher":"https:\/\/www.facebook.com\/Carideal.mandataire.automobile","article_modified_time":"2023-01-21T17:30:48+00:00","og_image":[{"width":600,"height":353,"url":"https:\/\/www.carideal.com\/blog\/wp-content\/uploads\/2017\/12\/voiture-occasion-bordeaux-e1580554481929.jpg","type":"image\/jpeg"}],"twitter_card":"summary_large_image","twitter_site":"@caridealauto","twitter_misc":{"Dur\u00e9e de lecture estim\u00e9e":"3 minutes"},"schema":{"@context":"https:\/\/schema.org","@graph":[{"@type":"WebPage","@id":"https:\/\/www.carideal.com\/blog\/voitures-occasions\/bordeaux\/","url":"https:\/\/www.carideal.com\/blog\/voitures-occasions\/bordeaux\/","name":"Voiture occasion Bordeaux - Annonce auto - Blog auto Carid\u00e9al","isPartOf":{"@id":"https:\/\/www.carideal.com\/blog\/#website"},"primaryImageOfPage":{"@id":"https:\/\/www.carideal.com\/blog\/voitures-occasions\/bordeaux\/#primaryimage"},"image":{"@id":"https:\/\/www.carideal.com\/blog\/voitures-occasions\/bordeaux\/#primaryimage"},"thumbnailUrl":"https:\/\/www.carideal.com\/blog\/wp-content\/uploads\/2017\/12\/voiture-occasion-bordeaux-e1580554481929.jpg","datePublished":"2017-12-20T17:57:18+00:00","dateModified":"2023-01-21T17:30:48+00:00","description":"Trouvez votre voiture d'occasion \u00e0 Bordeaux avec Carideal mandataire auto d'occasion. Nos conseillers vous aideront dans votre choix et pour le financement","breadcrumb":{"@id":"https:\/\/www.carideal.com\/blog\/voitures-occasions\/bordeaux\/#breadcrumb"},"inLanguage":"fr-FR","potentialAction":[{"@type":"ReadAction","target":["https:\/\/www.carideal.com\/blog\/voitures-occasions\/bordeaux\/"]}]},{"@type":"ImageObject","inLanguage":"fr-FR","@id":"https:\/\/www.carideal.com\/blog\/voitures-occasions\/bordeaux\/#primaryimage","url":"https:\/\/www.carideal.com\/blog\/wp-content\/uploads\/2017\/12\/voiture-occasion-bordeaux-e1580554481929.jpg","contentUrl":"https:\/\/www.carideal.com\/blog\/wp-content\/uploads\/2017\/12\/voiture-occasion-bordeaux-e1580554481929.jpg","width":600,"height":353,"caption":"Voiture occasion Bordeaux"},{"@type":"BreadcrumbList","@id":"https:\/\/www.carideal.com\/blog\/voitures-occasions\/bordeaux\/#breadcrumb","itemListElement":[{"@type":"ListItem","position":1,"name":"Blog Carid\u00e9al","item":"https:\/\/www.carideal.com\/blog\/"},{"@type":"ListItem","position":2,"name":"Voitures occasions","item":"https:\/\/www.carideal.com\/blog\/voitures-occasions\/"},{"@type":"ListItem","position":3,"name":"Bordeaux"}]},{"@type":"WebSite","@id":"https:\/\/www.carideal.com\/blog\/#website","url":"https:\/\/www.carideal.com\/blog\/","name":"Blog auto Carid\u00e9al","description":"Actualit\u00e9 auto par des passionn\u00e9s","publisher":{"@id":"https:\/\/www.carideal.com\/blog\/#organization"},"potentialAction":[{"@type":"SearchAction","target":{"@type":"EntryPoint","urlTemplate":"https:\/\/www.carideal.com\/blog\/?s={search_term_string}"},"query-input":{"@type":"PropertyValueSpecification","valueRequired":true,"valueName":"search_term_string"}}],"inLanguage":"fr-FR"},{"@type":"Organization","@id":"https:\/\/www.carideal.com\/blog\/#organization","name":"Carideal","url":"https:\/\/www.carideal.com\/blog\/","logo":{"@type":"ImageObject","inLanguage":"fr-FR","@id":"https:\/\/www.carideal.com\/blog\/#\/schema\/logo\/image\/","url":"http:\/\/www.carideal.com\/blog\/wp-content\/uploads\/2016\/03\/logo-carideal-mandataire-automobile.png","contentUrl":"http:\/\/www.carideal.com\/blog\/wp-content\/uploads\/2016\/03\/logo-carideal-mandataire-automobile.png","width":300,"height":300,"caption":"Carideal"},"image":{"@id":"https:\/\/www.carideal.com\/blog\/#\/schema\/logo\/image\/"},"sameAs":["https:\/\/www.facebook.com\/Carideal.mandataire.automobile","https:\/\/x.com\/caridealauto","https:\/\/www.instagram.com\/carideal1\/","https:\/\/www.linkedin.com\/company\/carideal.com","https:\/\/fr.pinterest.com\/schiavonsas\/","https:\/\/www.youtube.com\/user\/caridealsas"]}]}},"uagb_featured_image_src":{"full":["https:\/\/www.carideal.com\/blog\/wp-content\/uploads\/2017\/12\/voiture-occasion-bordeaux-e1580554481929.jpg",600,353,false],"thumbnail":["https:\/\/www.carideal.com\/blog\/wp-content\/uploads\/2017\/12\/voiture-occasion-bordeaux-150x150.jpg",150,150,true],"medium":["https:\/\/www.carideal.com\/blog\/wp-content\/uploads\/2017\/12\/voiture-occasion-bordeaux-300x176.jpg",300,176,true],"medium_large":["https:\/\/www.carideal.com\/blog\/wp-content\/uploads\/2017\/12\/voiture-occasion-bordeaux-768x451.jpg",768,451,true],"large":["https:\/\/www.carideal.com\/blog\/wp-content\/uploads\/2017\/12\/voiture-occasion-bordeaux-e1580554481929.jpg",600,353,false],"1536x1536":["https:\/\/www.carideal.com\/blog\/wp-content\/uploads\/2017\/12\/voiture-occasion-bordeaux-e1580554481929.jpg",600,353,false],"2048x2048":["https:\/\/www.carideal.com\/blog\/wp-content\/uploads\/2017\/12\/voiture-occasion-bordeaux-e1580554481929.jpg",600,353,false],"wppr-widget":["https:\/\/www.carideal.com\/blog\/wp-content\/uploads\/2017\/12\/voiture-occasion-bordeaux-e1580554481929.jpg",50,29,false]},"uagb_author_info":{"display_name":"Nicolas SCHIAVON","author_link":"https:\/\/www.carideal.com\/blog\/author\/nschiavon\/"},"uagb_comment_info":0,"uagb_excerpt":"Trouvez votre voiture d'occasion \u00e0 Bordeaux avec Carideal mandataire auto Toutes les marques | Peugeot | Renault | Citro\u00ebn | Dacia | Volkswagen | Kia | Land Rover | Ford Sur Carideal.com \u00e0 Bordeaux, nous sommes experts dans tout ce qui concerne les voitures d'occasions \u00e0 Bordeaux : des voitures d'occasions \u00e0 Bordeaux r\u00e9vis\u00e9es et\u2026","_links":{"self":[{"href":"https:\/\/www.carideal.com\/blog\/wp-json\/wp\/v2\/pages\/16783"}],"collection":[{"href":"https:\/\/www.carideal.com\/blog\/wp-json\/wp\/v2\/pages"}],"about":[{"href":"https:\/\/www.carideal.com\/blog\/wp-json\/wp\/v2\/types\/page"}],"author":[{"embeddable":true,"href":"https:\/\/www.carideal.com\/blog\/wp-json\/wp\/v2\/users\/3"}],"replies":[{"embeddable":true,"href":"https:\/\/www.carideal.com\/blog\/wp-json\/wp\/v2\/comments?post=16783"}],"version-history":[{"count":0,"href":"https:\/\/www.carideal.com\/blog\/wp-json\/wp\/v2\/pages\/16783\/revisions"}],"up":[{"embeddable":true,"href":"https:\/\/www.carideal.com\/blog\/wp-json\/wp\/v2\/pages\/15469"}],"wp:featuredmedia":[{"embeddable":true,"href":"https:\/\/www.carideal.com\/blog\/wp-json\/wp\/v2\/media\/16784"}],"wp:attachment":[{"href":"https:\/\/www.carideal.com\/blog\/wp-json\/wp\/v2\/media?parent=16783"}],"curies":[{"name":"wp","href":"https:\/\/api.w.org\/{rel}","templated":true}]}}