{"id":16755,"date":"2017-12-16T11:58:17","date_gmt":"2017-12-16T10:58:17","guid":{"rendered":"http:\/\/www.carideal.com\/blog\/?page_id=16755"},"modified":"2021-05-21T11:12:29","modified_gmt":"2021-05-21T09:12:29","slug":"nice","status":"publish","type":"page","link":"https:\/\/www.carideal.com\/blog\/voitures-occasions\/nice\/","title":{"rendered":"Voiture occasion Nice &#8211; Annonce auto"},"content":{"rendered":"\n<h2 class=\"wp-block-heading\">Trouvez une voiture d'occasion \u00e0 Nice avec Carideal<\/h2>\n\n\n\n<p><a href=\"http:\/\/www.carideal.com\/\">Carideal<\/a> vous aide \u00e0 trouver votre <strong>voiture d'occasion \u00e0 Nice<\/strong> dans le Sud-Est.\u00a0Carideal.com est votre\u00a0porte d'entr\u00e9e\u00a0pour trouver votre <a href=\"http:\/\/www.carideal.com\/blog\/voitures-occasions\/\">voiture d'occasion<\/a> dans le Sud-Est pour tous vos besoins d'Audi d'occasion, de Peugeot d'occasion, de Hyundai d'occasion, de Ford d'occasion.<\/p>\n\n\n\n<p>Toutes les marques\u00a0|\u00a0Peugeot\u00a0|\u00a0Renault\u00a0|\u00a0Citro\u00ebn\u00a0|\u00a0Dacia\u00a0|\u00a0Volkswagen\u00a0|\u00a0Kia\u00a0|\u00a0Land Rover\u00a0|\u00a0Mandataire auto Nice<\/p>\n\n\n\n<div class=\"wp-block-image size-full wp-image-16757\"><figure class=\"aligncenter\"><img loading=\"lazy\" decoding=\"async\" width=\"500\" height=\"294\" src=\"http:\/\/www.carideal.com\/blog\/wp-content\/uploads\/2017\/12\/voiture-occasion-nice.jpg\" alt=\"Voiture occasion Nice\" class=\"wp-image-16757\" srcset=\"https:\/\/www.carideal.com\/blog\/wp-content\/uploads\/2017\/12\/voiture-occasion-nice.jpg 500w, https:\/\/www.carideal.com\/blog\/wp-content\/uploads\/2017\/12\/voiture-occasion-nice-300x176.jpg 300w, https:\/\/www.carideal.com\/blog\/wp-content\/uploads\/2017\/12\/voiture-occasion-nice-110x65.jpg 110w, https:\/\/www.carideal.com\/blog\/wp-content\/uploads\/2017\/12\/voiture-occasion-nice-420x247.jpg 420w\" sizes=\"(max-width: 500px) 100vw, 500px\" \/><figcaption>Voiture occasion Nice<\/figcaption><\/figure><\/div>\n\n\n\n<p>Chez Carideal, vous pouvez explorer une gamme de <a href=\"http:\/\/www.carideal.com\/blog\/voitures-occasions\/\">voitures&nbsp;d'occasions<\/a> r\u00e9vis\u00e9es et garanties, et faire r\u00e9parer et entretenir votre v\u00e9hicule par notre centre de service apr\u00e8s-vente.<\/p>\n\n\n\n<p>Carideal investit tout les ans dans ces centre de pr\u00e9paration et de logistique afin que votre achat d'une voiture d'occasion \u00e0 Nice soit sans reproche.<\/p>\n\n\n\n<p>Apr\u00e8s avoir choisi votre voiture d'occasion \u00e0 Nice, Carideal peut se charger de livrer votre voiture \u00e0 votre domicile \u00e0 Nice ou sur votre lieu de travail dans la r\u00e9gion ou dans la belle r\u00e9gion de&nbsp;pr\u00e9fecture du d\u00e9partement des Alpes-Maritimes et deuxi\u00e8me ville de la r\u00e9gion Provence-Alpes-C\u00f4te d'Azur derri\u00e8re <a href=\"http:\/\/www.carideal.com\/blog\/voitures-occasions\/marseille\/\">Marseille<\/a>.<\/p>\n\n\n\n<h2 class=\"wp-block-heading\">Nous trouvons votre voiture d'occasion \u00e0 Nice<\/h2>\n\n\n\n<p>Cliquez sur les liens du Top menu pour trouver votre voiture d'occasion \u00e0 Nice.<\/p>\n\n\n\n<p>Ouvert&nbsp;6 jours sur sept, vous \u00eates invit\u00e9s \u00e0 venir&nbsp;nous rendre visite au si\u00e8ge \u00e0 chaque fois que vous le souhaitez pour d\u00e9couvrir la collection de voiture d'occasion r\u00e9vis\u00e9es et garanties que nous pouvons livrer \u00e0 Nice. L'\u00e9quipe sera sur place pour vous aider en r\u00e9pondant \u00e0 toutes les questions que vous avez sur la gamme, et vous conseiller sur les diff\u00e9rentes options de financement disponibles.<\/p>\n\n\n\n<p>Lorsque votre&nbsp;voiture d'occasion a besoin d'une r\u00e9paration, d'un&nbsp;contr\u00f4le technique ou d'une r\u00e9vision, vous pouvez prendre rendez-vous avec notre centre de service apr\u00e8s-vente. L'atelier est dirig\u00e9 par des techniciens form\u00e9s&nbsp;aux derni\u00e8res techniques apr\u00e8s-ventes qui ont l'exp\u00e9rience de travailler sur tous les mod\u00e8les, y compris ceux qui ne sont plus en production. Nous utilisons les derniers outils de diagnostic et de r\u00e9paration con\u00e7us pour les voitures&nbsp;modernes afin d'assurer un service de haute qualit\u00e9.<\/p>\n\n\n\n<hr class=\"wp-block-separator\"\/>\n\n\n\n<p>Notre chat en direct et <a href=\"http:\/\/www.carideal.com\/blog\/carideal-mandataire-auto-france\/\">formulaire de demande en ligne<\/a> sont disponibles pour utilisation 24\/7. Envoyez-nous simplement une&nbsp;demande et nous reviendrons vers vous sous peu.<\/p>\n\n\n\n<h3 class=\"wp-block-heading\">T\u00e9l\u00e9phone<\/h3>\n\n\n\n<p>Ventes : 0479330353<\/p>\n\n\n\n<h3 class=\"wp-block-heading\">Horaires d'ouverture<\/h3>\n\n\n\n<p>- le lundi : de 8h30 \u00e0 19h00 le mardi: de 8h30 \u00e0 19h00<br>- le mercredi : de 8h30 \u00e0 19h00 le jeudi: de 8h30 \u00e0 19h00<br>Vendredi : de 8h30 \u00e0 19h00 le samedi: de 8h30 \u00e0 17h00<br>Dimanche : Non<br><iframe loading=\"lazy\" style=\"border: 0;\" src=\"https:\/\/www.google.com\/maps\/embed?pb=!1m18!1m12!1m3!1d92299.36306468262!2d7.182777292926091!3d43.7031690673451!2m3!1f0!2f0!3f0!3m2!1i1024!2i768!4f13.1!3m3!1m2!1s0x12cdd0106a852d31%3A0x40819a5fd979a70!2sNice!5e0!3m2!1sen!2sfr!4v1513418552930\" width=\"600\" height=\"450\" frameborder=\"0\" allowfullscreen=\"allowfullscreen\"><\/p>\n\n\n\n<h3 class=\"wp-block-heading\">Trouvez votre voiture d'occasion en France<\/h3>\n\n\n\n<ul class=\"wp-block-list\"><li><a href=\"http:\/\/www.carideal.com\/blog\/voitures-occasions\/annecy\/\">Voitures d'occasions \u00e0 Annecy<\/a><\/li><li><a href=\"http:\/\/www.carideal.com\/blog\/voitures-occasions\/bordeaux\/\">Voitures d'occasions \u00e0 Bordeaux<\/a><\/li><li><a href=\"http:\/\/www.carideal.com\/blog\/voitures-occasions\/gap\/\">Voitures d'occasions \u00e0 Gap<\/a><\/li><li><a href=\"http:\/\/www.carideal.com\/blog\/voitures-occasions\/lyon\/\">Voitures d'occasions \u00e0 Lyon<\/a><\/li><li><a href=\"http:\/\/www.carideal.com\/blog\/voitures-occasions\/paris\/\">Voitures d'occasion \u00e0 Paris<\/a><\/li><li><a href=\"http:\/\/www.carideal.com\/blog\/voitures-occasions\/voiture-occasion-macon\/\">Voitures d'occasions \u00e0 M\u00e2con<\/a><\/li><li><a href=\"http:\/\/www.carideal.com\/blog\/voitures-occasions\/marseille\/\">Voitures d'occasion \u00e0 Marseille<\/a><\/li><li><a href=\"http:\/\/www.carideal.com\/blog\/voitures-occasions\/metz\/\">Voitures d'occasions \u00e0 Metz<\/a><\/li><li><a href=\"http:\/\/www.carideal.com\/blog\/voitures-occasions\/metz\/\">Voitures d'occasions \u00e0 Montpellier<\/a><\/li><li><a href=\"http:\/\/www.carideal.com\/blog\/voitures-occasions\/nantes\/\">Voitures d'occasions \u00e0 Nantes<\/a><\/li><li><a href=\"http:\/\/www.carideal.com\/blog\/voitures-occasions\/nice\/\">Voitures d'occasions \u00e0 Nice<\/a><\/li><li><a href=\"http:\/\/www.carideal.com\/blog\/voitures-occasions\/strasbourg\/\">Voitures d'occasions \u00e0 Strasbourg<\/a><\/li><li><a href=\"http:\/\/www.carideal.com\/blog\/voitures-occasions\/toulouse\/\">Voitures d'occasions \u00e0 Toulouse<\/a><\/li><\/ul>\n","protected":false},"excerpt":{"rendered":"<p>Trouvez une voiture d&rsquo;occasion \u00e0 Nice avec Carideal Carideal vous aide \u00e0 trouver votre voiture d&rsquo;occasion \u00e0 Nice dans le Sud-Est.\u00a0Carideal.com est votre\u00a0porte d&rsquo;entr\u00e9e\u00a0pour trouver votre voiture d&rsquo;occasion dans le Sud-Est pour tous vos besoins d&rsquo;Audi d&rsquo;occasion, de Peugeot d&rsquo;occasion, de Hyundai d&rsquo;occasion, de Ford d&rsquo;occasion. Toutes les marques\u00a0|\u00a0Peugeot\u00a0|\u00a0Renault\u00a0|\u00a0Citro\u00ebn\u00a0|\u00a0Dacia\u00a0|\u00a0Volkswagen\u00a0|\u00a0Kia\u00a0|\u00a0Land Rover\u00a0|\u00a0Mandataire auto Nice Chez Carideal, vous &#8230; <a title=\"Voiture occasion Nice &#8211; Annonce auto\" class=\"read-more\" href=\"https:\/\/www.carideal.com\/blog\/voitures-occasions\/nice\/\" aria-label=\"En savoir plus sur Voiture occasion Nice &#8211; Annonce auto\">Lire plus<\/a><\/p>\n","protected":false},"author":3,"featured_media":16757,"parent":15469,"menu_order":0,"comment_status":"closed","ping_status":"closed","template":"","meta":{"_uag_custom_page_level_css":"","_themeisle_gutenberg_block_has_review":false,"footnotes":""},"class_list":["post-16755","page","type-page","status-publish","has-post-thumbnail"],"wppr_data":{"cwp_meta_box_check":"No"},"yoast_head":"<!-- This site is optimized with the Yoast SEO plugin v24.8.1 - https:\/\/yoast.com\/wordpress\/plugins\/seo\/ -->\n<title>Voiture occasion Nice - Annonce auto - Blog auto Carid\u00e9al<\/title>\n<meta name=\"description\" content=\"Carideal vous aide \u00e0 trouver votre voiture d&#039;occasion \u00e0 Nice. Nos conseillers vous proposeront les meilleurs financement pour l&#039;achat de votre voiture d&#039;occasion.\" \/>\n<meta name=\"robots\" content=\"index, follow, max-snippet:-1, max-image-preview:large, max-video-preview:-1\" \/>\n<link rel=\"canonical\" href=\"https:\/\/www.carideal.com\/blog\/voitures-occasions\/nice\/\" \/>\n<meta property=\"og:locale\" content=\"fr_FR\" \/>\n<meta property=\"og:type\" content=\"article\" \/>\n<meta property=\"og:title\" content=\"Voiture occasion Nice - Annonce auto - Blog auto Carid\u00e9al\" \/>\n<meta property=\"og:description\" content=\"Carideal vous aide \u00e0 trouver votre voiture d&#039;occasion \u00e0 Nice. Nos conseillers vous proposeront les meilleurs financement pour l&#039;achat de votre voiture d&#039;occasion.\" \/>\n<meta property=\"og:url\" content=\"https:\/\/www.carideal.com\/blog\/voitures-occasions\/nice\/\" \/>\n<meta property=\"og:site_name\" content=\"Blog auto Carid\u00e9al\" \/>\n<meta property=\"article:publisher\" content=\"https:\/\/www.facebook.com\/Carideal.mandataire.automobile\" \/>\n<meta property=\"article:modified_time\" content=\"2021-05-21T09:12:29+00:00\" \/>\n<meta property=\"og:image\" content=\"https:\/\/www.carideal.com\/blog\/wp-content\/uploads\/2017\/12\/voiture-occasion-nice.jpg\" \/>\n\t<meta property=\"og:image:width\" content=\"500\" \/>\n\t<meta property=\"og:image:height\" content=\"294\" \/>\n\t<meta property=\"og:image:type\" content=\"image\/jpeg\" \/>\n<meta name=\"twitter:card\" content=\"summary_large_image\" \/>\n<meta name=\"twitter:site\" content=\"@caridealauto\" \/>\n<meta name=\"twitter:label1\" content=\"Dur\u00e9e de lecture estim\u00e9e\" \/>\n\t<meta name=\"twitter:data1\" content=\"3 minutes\" \/>\n<script type=\"application\/ld+json\" class=\"yoast-schema-graph\">{\"@context\":\"https:\/\/schema.org\",\"@graph\":[{\"@type\":\"WebPage\",\"@id\":\"https:\/\/www.carideal.com\/blog\/voitures-occasions\/nice\/\",\"url\":\"https:\/\/www.carideal.com\/blog\/voitures-occasions\/nice\/\",\"name\":\"Voiture occasion Nice - Annonce auto - Blog auto Carid\u00e9al\",\"isPartOf\":{\"@id\":\"https:\/\/www.carideal.com\/blog\/#website\"},\"primaryImageOfPage\":{\"@id\":\"https:\/\/www.carideal.com\/blog\/voitures-occasions\/nice\/#primaryimage\"},\"image\":{\"@id\":\"https:\/\/www.carideal.com\/blog\/voitures-occasions\/nice\/#primaryimage\"},\"thumbnailUrl\":\"https:\/\/www.carideal.com\/blog\/wp-content\/uploads\/2017\/12\/voiture-occasion-nice.jpg\",\"datePublished\":\"2017-12-16T10:58:17+00:00\",\"dateModified\":\"2021-05-21T09:12:29+00:00\",\"description\":\"Carideal vous aide \u00e0 trouver votre voiture d'occasion \u00e0 Nice. Nos conseillers vous proposeront les meilleurs financement pour l'achat de votre voiture d'occasion.\",\"breadcrumb\":{\"@id\":\"https:\/\/www.carideal.com\/blog\/voitures-occasions\/nice\/#breadcrumb\"},\"inLanguage\":\"fr-FR\",\"potentialAction\":[{\"@type\":\"ReadAction\",\"target\":[\"https:\/\/www.carideal.com\/blog\/voitures-occasions\/nice\/\"]}]},{\"@type\":\"ImageObject\",\"inLanguage\":\"fr-FR\",\"@id\":\"https:\/\/www.carideal.com\/blog\/voitures-occasions\/nice\/#primaryimage\",\"url\":\"https:\/\/www.carideal.com\/blog\/wp-content\/uploads\/2017\/12\/voiture-occasion-nice.jpg\",\"contentUrl\":\"https:\/\/www.carideal.com\/blog\/wp-content\/uploads\/2017\/12\/voiture-occasion-nice.jpg\",\"width\":500,\"height\":294,\"caption\":\"Voiture occasion Nice\"},{\"@type\":\"BreadcrumbList\",\"@id\":\"https:\/\/www.carideal.com\/blog\/voitures-occasions\/nice\/#breadcrumb\",\"itemListElement\":[{\"@type\":\"ListItem\",\"position\":1,\"name\":\"Blog Carid\u00e9al\",\"item\":\"https:\/\/www.carideal.com\/blog\/\"},{\"@type\":\"ListItem\",\"position\":2,\"name\":\"Voitures occasions\",\"item\":\"https:\/\/www.carideal.com\/blog\/voitures-occasions\/\"},{\"@type\":\"ListItem\",\"position\":3,\"name\":\"Voiture occasion Nice &#8211; Annonce auto\"}]},{\"@type\":\"WebSite\",\"@id\":\"https:\/\/www.carideal.com\/blog\/#website\",\"url\":\"https:\/\/www.carideal.com\/blog\/\",\"name\":\"Blog auto Carid\u00e9al\",\"description\":\"Actualit\u00e9 auto par des passionn\u00e9s\",\"publisher\":{\"@id\":\"https:\/\/www.carideal.com\/blog\/#organization\"},\"potentialAction\":[{\"@type\":\"SearchAction\",\"target\":{\"@type\":\"EntryPoint\",\"urlTemplate\":\"https:\/\/www.carideal.com\/blog\/?s={search_term_string}\"},\"query-input\":{\"@type\":\"PropertyValueSpecification\",\"valueRequired\":true,\"valueName\":\"search_term_string\"}}],\"inLanguage\":\"fr-FR\"},{\"@type\":\"Organization\",\"@id\":\"https:\/\/www.carideal.com\/blog\/#organization\",\"name\":\"Carideal\",\"url\":\"https:\/\/www.carideal.com\/blog\/\",\"logo\":{\"@type\":\"ImageObject\",\"inLanguage\":\"fr-FR\",\"@id\":\"https:\/\/www.carideal.com\/blog\/#\/schema\/logo\/image\/\",\"url\":\"http:\/\/www.carideal.com\/blog\/wp-content\/uploads\/2016\/03\/logo-carideal-mandataire-automobile.png\",\"contentUrl\":\"http:\/\/www.carideal.com\/blog\/wp-content\/uploads\/2016\/03\/logo-carideal-mandataire-automobile.png\",\"width\":300,\"height\":300,\"caption\":\"Carideal\"},\"image\":{\"@id\":\"https:\/\/www.carideal.com\/blog\/#\/schema\/logo\/image\/\"},\"sameAs\":[\"https:\/\/www.facebook.com\/Carideal.mandataire.automobile\",\"https:\/\/x.com\/caridealauto\",\"https:\/\/www.instagram.com\/carideal1\/\",\"https:\/\/www.linkedin.com\/company\/carideal.com\",\"https:\/\/fr.pinterest.com\/schiavonsas\/\",\"https:\/\/www.youtube.com\/user\/caridealsas\"]}]}<\/script>\n<!-- \/ Yoast SEO plugin. -->","yoast_head_json":{"title":"Voiture occasion Nice - Annonce auto - Blog auto Carid\u00e9al","description":"Carideal vous aide \u00e0 trouver votre voiture d'occasion \u00e0 Nice. Nos conseillers vous proposeront les meilleurs financement pour l'achat de votre voiture d'occasion.","robots":{"index":"index","follow":"follow","max-snippet":"max-snippet:-1","max-image-preview":"max-image-preview:large","max-video-preview":"max-video-preview:-1"},"canonical":"https:\/\/www.carideal.com\/blog\/voitures-occasions\/nice\/","og_locale":"fr_FR","og_type":"article","og_title":"Voiture occasion Nice - Annonce auto - Blog auto Carid\u00e9al","og_description":"Carideal vous aide \u00e0 trouver votre voiture d'occasion \u00e0 Nice. Nos conseillers vous proposeront les meilleurs financement pour l'achat de votre voiture d'occasion.","og_url":"https:\/\/www.carideal.com\/blog\/voitures-occasions\/nice\/","og_site_name":"Blog auto Carid\u00e9al","article_publisher":"https:\/\/www.facebook.com\/Carideal.mandataire.automobile","article_modified_time":"2021-05-21T09:12:29+00:00","og_image":[{"width":500,"height":294,"url":"https:\/\/www.carideal.com\/blog\/wp-content\/uploads\/2017\/12\/voiture-occasion-nice.jpg","type":"image\/jpeg"}],"twitter_card":"summary_large_image","twitter_site":"@caridealauto","twitter_misc":{"Dur\u00e9e de lecture estim\u00e9e":"3 minutes"},"schema":{"@context":"https:\/\/schema.org","@graph":[{"@type":"WebPage","@id":"https:\/\/www.carideal.com\/blog\/voitures-occasions\/nice\/","url":"https:\/\/www.carideal.com\/blog\/voitures-occasions\/nice\/","name":"Voiture occasion Nice - Annonce auto - Blog auto Carid\u00e9al","isPartOf":{"@id":"https:\/\/www.carideal.com\/blog\/#website"},"primaryImageOfPage":{"@id":"https:\/\/www.carideal.com\/blog\/voitures-occasions\/nice\/#primaryimage"},"image":{"@id":"https:\/\/www.carideal.com\/blog\/voitures-occasions\/nice\/#primaryimage"},"thumbnailUrl":"https:\/\/www.carideal.com\/blog\/wp-content\/uploads\/2017\/12\/voiture-occasion-nice.jpg","datePublished":"2017-12-16T10:58:17+00:00","dateModified":"2021-05-21T09:12:29+00:00","description":"Carideal vous aide \u00e0 trouver votre voiture d'occasion \u00e0 Nice. Nos conseillers vous proposeront les meilleurs financement pour l'achat de votre voiture d'occasion.","breadcrumb":{"@id":"https:\/\/www.carideal.com\/blog\/voitures-occasions\/nice\/#breadcrumb"},"inLanguage":"fr-FR","potentialAction":[{"@type":"ReadAction","target":["https:\/\/www.carideal.com\/blog\/voitures-occasions\/nice\/"]}]},{"@type":"ImageObject","inLanguage":"fr-FR","@id":"https:\/\/www.carideal.com\/blog\/voitures-occasions\/nice\/#primaryimage","url":"https:\/\/www.carideal.com\/blog\/wp-content\/uploads\/2017\/12\/voiture-occasion-nice.jpg","contentUrl":"https:\/\/www.carideal.com\/blog\/wp-content\/uploads\/2017\/12\/voiture-occasion-nice.jpg","width":500,"height":294,"caption":"Voiture occasion Nice"},{"@type":"BreadcrumbList","@id":"https:\/\/www.carideal.com\/blog\/voitures-occasions\/nice\/#breadcrumb","itemListElement":[{"@type":"ListItem","position":1,"name":"Blog Carid\u00e9al","item":"https:\/\/www.carideal.com\/blog\/"},{"@type":"ListItem","position":2,"name":"Voitures occasions","item":"https:\/\/www.carideal.com\/blog\/voitures-occasions\/"},{"@type":"ListItem","position":3,"name":"Voiture occasion Nice &#8211; Annonce auto"}]},{"@type":"WebSite","@id":"https:\/\/www.carideal.com\/blog\/#website","url":"https:\/\/www.carideal.com\/blog\/","name":"Blog auto Carid\u00e9al","description":"Actualit\u00e9 auto par des passionn\u00e9s","publisher":{"@id":"https:\/\/www.carideal.com\/blog\/#organization"},"potentialAction":[{"@type":"SearchAction","target":{"@type":"EntryPoint","urlTemplate":"https:\/\/www.carideal.com\/blog\/?s={search_term_string}"},"query-input":{"@type":"PropertyValueSpecification","valueRequired":true,"valueName":"search_term_string"}}],"inLanguage":"fr-FR"},{"@type":"Organization","@id":"https:\/\/www.carideal.com\/blog\/#organization","name":"Carideal","url":"https:\/\/www.carideal.com\/blog\/","logo":{"@type":"ImageObject","inLanguage":"fr-FR","@id":"https:\/\/www.carideal.com\/blog\/#\/schema\/logo\/image\/","url":"http:\/\/www.carideal.com\/blog\/wp-content\/uploads\/2016\/03\/logo-carideal-mandataire-automobile.png","contentUrl":"http:\/\/www.carideal.com\/blog\/wp-content\/uploads\/2016\/03\/logo-carideal-mandataire-automobile.png","width":300,"height":300,"caption":"Carideal"},"image":{"@id":"https:\/\/www.carideal.com\/blog\/#\/schema\/logo\/image\/"},"sameAs":["https:\/\/www.facebook.com\/Carideal.mandataire.automobile","https:\/\/x.com\/caridealauto","https:\/\/www.instagram.com\/carideal1\/","https:\/\/www.linkedin.com\/company\/carideal.com","https:\/\/fr.pinterest.com\/schiavonsas\/","https:\/\/www.youtube.com\/user\/caridealsas"]}]}},"uagb_featured_image_src":{"full":["https:\/\/www.carideal.com\/blog\/wp-content\/uploads\/2017\/12\/voiture-occasion-nice.jpg",500,294,false],"thumbnail":["https:\/\/www.carideal.com\/blog\/wp-content\/uploads\/2017\/12\/voiture-occasion-nice-150x150.jpg",150,150,true],"medium":["https:\/\/www.carideal.com\/blog\/wp-content\/uploads\/2017\/12\/voiture-occasion-nice-300x176.jpg",300,176,true],"medium_large":["https:\/\/www.carideal.com\/blog\/wp-content\/uploads\/2017\/12\/voiture-occasion-nice.jpg",500,294,false],"large":["https:\/\/www.carideal.com\/blog\/wp-content\/uploads\/2017\/12\/voiture-occasion-nice.jpg",500,294,false],"1536x1536":["https:\/\/www.carideal.com\/blog\/wp-content\/uploads\/2017\/12\/voiture-occasion-nice.jpg",500,294,false],"2048x2048":["https:\/\/www.carideal.com\/blog\/wp-content\/uploads\/2017\/12\/voiture-occasion-nice.jpg",500,294,false],"wppr-widget":["https:\/\/www.carideal.com\/blog\/wp-content\/uploads\/2017\/12\/voiture-occasion-nice.jpg",50,29,false]},"uagb_author_info":{"display_name":"Nicolas SCHIAVON","author_link":"https:\/\/www.carideal.com\/blog\/author\/nschiavon\/"},"uagb_comment_info":0,"uagb_excerpt":"Trouvez une voiture d'occasion \u00e0 Nice avec Carideal Carideal vous aide \u00e0 trouver votre voiture d'occasion \u00e0 Nice dans le Sud-Est.\u00a0Carideal.com est votre\u00a0porte d'entr\u00e9e\u00a0pour trouver votre voiture d'occasion dans le Sud-Est pour tous vos besoins d'Audi d'occasion, de Peugeot d'occasion, de Hyundai d'occasion, de Ford d'occasion. Toutes les marques\u00a0|\u00a0Peugeot\u00a0|\u00a0Renault\u00a0|\u00a0Citro\u00ebn\u00a0|\u00a0Dacia\u00a0|\u00a0Volkswagen\u00a0|\u00a0Kia\u00a0|\u00a0Land Rover\u00a0|\u00a0Mandataire auto Nice Chez Carideal, vous\u2026","_links":{"self":[{"href":"https:\/\/www.carideal.com\/blog\/wp-json\/wp\/v2\/pages\/16755"}],"collection":[{"href":"https:\/\/www.carideal.com\/blog\/wp-json\/wp\/v2\/pages"}],"about":[{"href":"https:\/\/www.carideal.com\/blog\/wp-json\/wp\/v2\/types\/page"}],"author":[{"embeddable":true,"href":"https:\/\/www.carideal.com\/blog\/wp-json\/wp\/v2\/users\/3"}],"replies":[{"embeddable":true,"href":"https:\/\/www.carideal.com\/blog\/wp-json\/wp\/v2\/comments?post=16755"}],"version-history":[{"count":0,"href":"https:\/\/www.carideal.com\/blog\/wp-json\/wp\/v2\/pages\/16755\/revisions"}],"up":[{"embeddable":true,"href":"https:\/\/www.carideal.com\/blog\/wp-json\/wp\/v2\/pages\/15469"}],"wp:featuredmedia":[{"embeddable":true,"href":"https:\/\/www.carideal.com\/blog\/wp-json\/wp\/v2\/media\/16757"}],"wp:attachment":[{"href":"https:\/\/www.carideal.com\/blog\/wp-json\/wp\/v2\/media?parent=16755"}],"curies":[{"name":"wp","href":"https:\/\/api.w.org\/{rel}","templated":true}]}}