{"id":16695,"date":"2017-12-10T14:59:29","date_gmt":"2017-12-10T13:59:29","guid":{"rendered":"http:\/\/www.carideal.com\/blog\/?page_id=16695"},"modified":"2021-05-21T10:55:16","modified_gmt":"2021-05-21T08:55:16","slug":"paris","status":"publish","type":"page","link":"https:\/\/www.carideal.com\/blog\/voitures-occasions\/paris\/","title":{"rendered":"Voitures occasions Paris pas ch\u00e8re"},"content":{"rendered":"\n<h2 class=\"wp-block-heading\">Trouvez votre voiture d'occasion \u00e0 Paris<\/h2>\n\n\n\n<p>De\u00a0l'achat de votre <strong>voiture d'occasion\u00a0\u00e0 Paris<\/strong> aux <a href=\"http:\/\/www.carideal.com\/blog\/garage-automobile\/revision-voiture\/\">r\u00e9parations et aux entretiens<\/a>,\u00a0<a href=\"http:\/\/www.carideal.com\/\">Carideal<\/a> votre mandataire auto, est l\u00e0 pour garder votre\u00a0<a href=\"http:\/\/www.carideal.com\/blog\/voitures-occasions\/\">voiture d'occasion<\/a> dans l'excellente condition qu'elle m\u00e9rite.<\/p>\n\n\n\n<p>Toutes les marques\u00a0|\u00a0Peugeot\u00a0|\u00a0Renault\u00a0|\u00a0Citro\u00ebn\u00a0|\u00a0Dacia\u00a0|\u00a0Volkswagen\u00a0|\u00a0Kia\u00a0|\u00a0Land Rover | Mandataire auto Paris<\/p>\n\n\n\n<div class=\"wp-block-image size-full wp-image-16698\"><figure class=\"aligncenter\"><img loading=\"lazy\" decoding=\"async\" width=\"600\" height=\"385\" src=\"http:\/\/www.carideal.com\/blog\/wp-content\/uploads\/2017\/12\/voiture-occasion-paris-2-e1580738532217.jpg\" alt=\"Voiture occasion Paris\" class=\"wp-image-16698\"\/><figcaption>Voiture occasion Paris<\/figcaption><\/figure><\/div>\n\n\n\n<h3 class=\"wp-block-heading\">Renseignez-vous maintenant pour votre voiture d'occasion \u00e0 Paris<\/h3>\n\n\n\n<p>Peu importe o\u00f9 vous avez achet\u00e9 votre pr\u00e9c\u00e9dente voiture ou quel \u00e2ge elle a, nous pouvons la&nbsp;reprendre et vous faire une offre de reprise comme elle le devrait.<\/p>\n\n\n\n<p>Pour r\u00e9server votre voiture d'occasion \u00e0 Paris ou pour vous aider dans votre recherche, consultez un de nos conseillers, ou pour nous parler de ce que nous proposons, visitez notre site internet ou appelez-nous - nous sommes ouverts du lundi au samedi. Pendant la semaine, nous sommes ouverts \u00e0 partir de 8h et le samedi nous ouvrons \u00e0 8h30.<\/p>\n\n\n\n<p>En tant que r\u00e9sidant \u00e0 Paris, vous pourrez vouloir <a href=\"http:\/\/www.carideal.com\/content\/9-carideal-livraison-partout-en-france\">r\u00e9cup\u00e9rer votre voiture d'occasion \u00e0 votre domicile<\/a> ou sur votre lieu de travail dans la r\u00e9gion parisienne, \u00e0 seulement quelques minutes en voiture des villes et villages de Paris et de la r\u00e9gion parisienne, y compris Saint Denis, Boulogne,&nbsp;Cr\u00e9teil et Neuilly sur Seine.<\/p>\n\n\n\n<p>Carideal poss\u00e8de un des plus grands r\u00e9seaux de concessionnaire et de fournisseurs de voiture d'occasion en France et en Europe. Depuis plus de 20 ans, notre m\u00e9tier est de vous satisfaire en vous trouvant la meilleure des voitures d'occasion \u00e0 Paris si vous r\u00e9sidez dans la capitale fran\u00e7aise. Nous proposons un service efficace et de qualit\u00e9. Vous pouvez faire confiance \u00e0 la qualit\u00e9 de notre service de vente de voiture d'occasion \u00e0 Paris en tant que garage de voitures d'occasions garanties.<\/p>\n\n\n\n<p>Notre \u00e9quipe est \u00e9galement compos\u00e9e de techniciens exp\u00e9riment\u00e9s qui sont tous form\u00e9s&nbsp;aux meilleures techniques pour offrir les meilleurs soins pour la pr\u00e9paration de votre voiture d'occasion, avant que celle-ci ne parte chez vous \u00e0 Paris.<br>Si vous souhaitez nous parler en dehors des heures d'ouverture pour choisir votre voiture d'occasion \u00e0 Paris, contactez-nous en ligne via la fonction de chat en direct ou en soumettant une demande et un membre de l'\u00e9quipe vous r\u00e9pondra dans les plus brefs d\u00e9lais.<\/p>\n\n\n\n<p>Apr\u00e8s avoir choisi votre voiture d'occasion \u00e0 Paris, vous pouvez d\u00e9cider de souscrire \u00e0 une <a href=\"http:\/\/www.carideal.com\/content\/7-extension-garantie\">extension de garantie<\/a> avant que celle-ci n'arrive chez vous ou sur votre lieu de travail si vous avez d\u00e9cid\u00e9 de choisir la <a href=\"http:\/\/www.carideal.com\/content\/9-carideal-livraison-partout-en-france\">livraison de votre voiture \u00e0 domicile<\/a><\/p>\n\n\n\n<h3 class=\"wp-block-heading\">Contactez&nbsp;le service des voitures d'occasions \u00e0 Paris de Carideal<\/h3>\n\n\n\n<h3 class=\"wp-block-heading\">T\u00e9l\u00e9phone&nbsp;:<\/h3>\n\n\n\n<p>04 79 33 03 53<\/p>\n\n\n\n<h3 class=\"wp-block-heading\">Heures d'ouverture<\/h3>\n\n\n\n<ul class=\"wp-block-list\"><li>de 8h00 \u00e0 18h00: le mardi: de 8h00 \u00e0 18h00<\/li><li>le mercredi : de 8h00 \u00e0 18h00 le jeudi: de 8h00 \u00e0 18h00<br>Vendredi : de 8h00 \u00e0 18h00 le samedi: de 8h30 \u00e0 12h00<br>Dimanche Ferm\u00e9<\/li><\/ul>\n\n\n\n<p><iframe loading=\"lazy\" style=\"border: 0;\" src=\"https:\/\/www.google.com\/maps\/embed?pb=!1m18!1m12!1m3!1d167998.10803373056!2d2.2069770643680573!3d48.85877410312378!2m3!1f0!2f0!3f0!3m2!1i1024!2i768!4f13.1!3m3!1m2!1s0x47e66e1f06e2b70f%3A0x40b82c3688c9460!2sParis!5e0!3m2!1sen!2sfr!4v1512910953244\" width=\"600\" height=\"450\" frameborder=\"0\" allowfullscreen=\"allowfullscreen\"><\/p>\n\n\n\n<h3 class=\"wp-block-heading\">Trouvez votre voiture d'occasion en France<\/h3>\n\n\n\n<ul class=\"wp-block-list\"><li><a href=\"http:\/\/www.carideal.com\/blog\/voitures-occasions\/annecy\/\">Voitures d'occasions \u00e0 Annecy<\/a><\/li><li><a href=\"http:\/\/www.carideal.com\/blog\/voitures-occasions\/bordeaux\/\">Voitures d'occasions \u00e0 Bordeaux<\/a><\/li><li><a href=\"http:\/\/www.carideal.com\/blog\/voitures-occasions\/gap\/\">Voitures d'occasions \u00e0 Gap<\/a><\/li><li><a href=\"http:\/\/www.carideal.com\/blog\/voitures-occasions\/lyon\/\">Voitures d'occasions \u00e0 Lyon<\/a><\/li><li><a href=\"http:\/\/www.carideal.com\/blog\/voitures-occasions\/paris\/\">Voitures d'occasion \u00e0 Paris<\/a><\/li><li><a href=\"http:\/\/www.carideal.com\/blog\/voitures-occasions\/voiture-occasion-macon\/\">Voitures d'occasions \u00e0 M\u00e2con<\/a><\/li><li><a href=\"http:\/\/www.carideal.com\/blog\/voitures-occasions\/marseille\/\">Voitures d'occasion \u00e0 Marseille<\/a><\/li><li><a href=\"http:\/\/www.carideal.com\/blog\/voitures-occasions\/metz\/\">Voitures d'occasions \u00e0 Metz<\/a><\/li><li><a href=\"http:\/\/www.carideal.com\/blog\/voitures-occasions\/metz\/\">Voitures d'occasions \u00e0 Montpellier<\/a><\/li><li><a href=\"http:\/\/www.carideal.com\/blog\/voitures-occasions\/nantes\/\">Voitures d'occasions \u00e0 Nantes<\/a><\/li><\/ul>\n","protected":false},"excerpt":{"rendered":"<p>Trouvez votre voiture d&rsquo;occasion \u00e0 Paris De\u00a0l&rsquo;achat de votre voiture d&rsquo;occasion\u00a0\u00e0 Paris aux r\u00e9parations et aux entretiens,\u00a0Carideal votre mandataire auto, est l\u00e0 pour garder votre\u00a0voiture d&rsquo;occasion dans l&rsquo;excellente condition qu&rsquo;elle m\u00e9rite. Toutes les marques\u00a0|\u00a0Peugeot\u00a0|\u00a0Renault\u00a0|\u00a0Citro\u00ebn\u00a0|\u00a0Dacia\u00a0|\u00a0Volkswagen\u00a0|\u00a0Kia\u00a0|\u00a0Land Rover | Mandataire auto Paris Renseignez-vous maintenant pour votre voiture d&rsquo;occasion \u00e0 Paris Peu importe o\u00f9 vous avez achet\u00e9 votre pr\u00e9c\u00e9dente &#8230; <a title=\"Voitures occasions Paris pas ch\u00e8re\" class=\"read-more\" href=\"https:\/\/www.carideal.com\/blog\/voitures-occasions\/paris\/\" aria-label=\"En savoir plus sur Voitures occasions Paris pas ch\u00e8re\">Lire plus<\/a><\/p>\n","protected":false},"author":3,"featured_media":16698,"parent":15469,"menu_order":0,"comment_status":"closed","ping_status":"closed","template":"","meta":{"_uag_custom_page_level_css":"","_themeisle_gutenberg_block_has_review":false,"footnotes":""},"class_list":["post-16695","page","type-page","status-publish","has-post-thumbnail"],"wppr_data":{"cwp_meta_box_check":"No"},"yoast_head":"<!-- This site is optimized with the Yoast SEO plugin v24.8.1 - https:\/\/yoast.com\/wordpress\/plugins\/seo\/ -->\n<title>Voitures occasions Paris pas ch\u00e8re - Blog auto Carid\u00e9al<\/title>\n<meta name=\"description\" content=\"Trouvez votre voiture d&#039;occasion \u00e0 Paris avec Carideal mandataire automobile. Notre service de livraison \u00e0 Domicile livrera votre voiture sur Paris\" \/>\n<meta name=\"robots\" content=\"index, follow, max-snippet:-1, max-image-preview:large, max-video-preview:-1\" \/>\n<link rel=\"canonical\" href=\"https:\/\/www.carideal.com\/blog\/voitures-occasions\/paris\/\" \/>\n<meta property=\"og:locale\" content=\"fr_FR\" \/>\n<meta property=\"og:type\" content=\"article\" \/>\n<meta property=\"og:title\" content=\"Voitures occasions Paris pas ch\u00e8re - Blog auto Carid\u00e9al\" \/>\n<meta property=\"og:description\" content=\"Trouvez votre voiture d&#039;occasion \u00e0 Paris avec Carideal mandataire automobile. Notre service de livraison \u00e0 Domicile livrera votre voiture sur Paris\" \/>\n<meta property=\"og:url\" content=\"https:\/\/www.carideal.com\/blog\/voitures-occasions\/paris\/\" \/>\n<meta property=\"og:site_name\" content=\"Blog auto Carid\u00e9al\" \/>\n<meta property=\"article:publisher\" content=\"https:\/\/www.facebook.com\/Carideal.mandataire.automobile\" \/>\n<meta property=\"article:modified_time\" content=\"2021-05-21T08:55:16+00:00\" \/>\n<meta property=\"og:image\" content=\"https:\/\/www.carideal.com\/blog\/wp-content\/uploads\/2017\/12\/voiture-occasion-paris-2-e1580738532217.jpg\" \/>\n\t<meta property=\"og:image:width\" content=\"600\" \/>\n\t<meta property=\"og:image:height\" content=\"385\" \/>\n\t<meta property=\"og:image:type\" content=\"image\/jpeg\" \/>\n<meta name=\"twitter:card\" content=\"summary_large_image\" \/>\n<meta name=\"twitter:site\" content=\"@caridealauto\" \/>\n<meta name=\"twitter:label1\" content=\"Dur\u00e9e de lecture estim\u00e9e\" \/>\n\t<meta name=\"twitter:data1\" content=\"3 minutes\" \/>\n<script type=\"application\/ld+json\" class=\"yoast-schema-graph\">{\"@context\":\"https:\/\/schema.org\",\"@graph\":[{\"@type\":\"WebPage\",\"@id\":\"https:\/\/www.carideal.com\/blog\/voitures-occasions\/paris\/\",\"url\":\"https:\/\/www.carideal.com\/blog\/voitures-occasions\/paris\/\",\"name\":\"Voitures occasions Paris pas ch\u00e8re - Blog auto Carid\u00e9al\",\"isPartOf\":{\"@id\":\"https:\/\/www.carideal.com\/blog\/#website\"},\"primaryImageOfPage\":{\"@id\":\"https:\/\/www.carideal.com\/blog\/voitures-occasions\/paris\/#primaryimage\"},\"image\":{\"@id\":\"https:\/\/www.carideal.com\/blog\/voitures-occasions\/paris\/#primaryimage\"},\"thumbnailUrl\":\"https:\/\/www.carideal.com\/blog\/wp-content\/uploads\/2017\/12\/voiture-occasion-paris-2-e1580738532217.jpg\",\"datePublished\":\"2017-12-10T13:59:29+00:00\",\"dateModified\":\"2021-05-21T08:55:16+00:00\",\"description\":\"Trouvez votre voiture d'occasion \u00e0 Paris avec Carideal mandataire automobile. Notre service de livraison \u00e0 Domicile livrera votre voiture sur Paris\",\"breadcrumb\":{\"@id\":\"https:\/\/www.carideal.com\/blog\/voitures-occasions\/paris\/#breadcrumb\"},\"inLanguage\":\"fr-FR\",\"potentialAction\":[{\"@type\":\"ReadAction\",\"target\":[\"https:\/\/www.carideal.com\/blog\/voitures-occasions\/paris\/\"]}]},{\"@type\":\"ImageObject\",\"inLanguage\":\"fr-FR\",\"@id\":\"https:\/\/www.carideal.com\/blog\/voitures-occasions\/paris\/#primaryimage\",\"url\":\"https:\/\/www.carideal.com\/blog\/wp-content\/uploads\/2017\/12\/voiture-occasion-paris-2-e1580738532217.jpg\",\"contentUrl\":\"https:\/\/www.carideal.com\/blog\/wp-content\/uploads\/2017\/12\/voiture-occasion-paris-2-e1580738532217.jpg\",\"width\":600,\"height\":385,\"caption\":\"Voiture occasion Paris\"},{\"@type\":\"BreadcrumbList\",\"@id\":\"https:\/\/www.carideal.com\/blog\/voitures-occasions\/paris\/#breadcrumb\",\"itemListElement\":[{\"@type\":\"ListItem\",\"position\":1,\"name\":\"Blog Carid\u00e9al\",\"item\":\"https:\/\/www.carideal.com\/blog\/\"},{\"@type\":\"ListItem\",\"position\":2,\"name\":\"Voitures occasions\",\"item\":\"https:\/\/www.carideal.com\/blog\/voitures-occasions\/\"},{\"@type\":\"ListItem\",\"position\":3,\"name\":\"Paris\"}]},{\"@type\":\"WebSite\",\"@id\":\"https:\/\/www.carideal.com\/blog\/#website\",\"url\":\"https:\/\/www.carideal.com\/blog\/\",\"name\":\"Blog auto Carid\u00e9al\",\"description\":\"Actualit\u00e9 auto par des passionn\u00e9s\",\"publisher\":{\"@id\":\"https:\/\/www.carideal.com\/blog\/#organization\"},\"potentialAction\":[{\"@type\":\"SearchAction\",\"target\":{\"@type\":\"EntryPoint\",\"urlTemplate\":\"https:\/\/www.carideal.com\/blog\/?s={search_term_string}\"},\"query-input\":{\"@type\":\"PropertyValueSpecification\",\"valueRequired\":true,\"valueName\":\"search_term_string\"}}],\"inLanguage\":\"fr-FR\"},{\"@type\":\"Organization\",\"@id\":\"https:\/\/www.carideal.com\/blog\/#organization\",\"name\":\"Carideal\",\"url\":\"https:\/\/www.carideal.com\/blog\/\",\"logo\":{\"@type\":\"ImageObject\",\"inLanguage\":\"fr-FR\",\"@id\":\"https:\/\/www.carideal.com\/blog\/#\/schema\/logo\/image\/\",\"url\":\"http:\/\/www.carideal.com\/blog\/wp-content\/uploads\/2016\/03\/logo-carideal-mandataire-automobile.png\",\"contentUrl\":\"http:\/\/www.carideal.com\/blog\/wp-content\/uploads\/2016\/03\/logo-carideal-mandataire-automobile.png\",\"width\":300,\"height\":300,\"caption\":\"Carideal\"},\"image\":{\"@id\":\"https:\/\/www.carideal.com\/blog\/#\/schema\/logo\/image\/\"},\"sameAs\":[\"https:\/\/www.facebook.com\/Carideal.mandataire.automobile\",\"https:\/\/x.com\/caridealauto\",\"https:\/\/www.instagram.com\/carideal1\/\",\"https:\/\/www.linkedin.com\/company\/carideal.com\",\"https:\/\/fr.pinterest.com\/schiavonsas\/\",\"https:\/\/www.youtube.com\/user\/caridealsas\"]}]}<\/script>\n<!-- \/ Yoast SEO plugin. -->","yoast_head_json":{"title":"Voitures occasions Paris pas ch\u00e8re - Blog auto Carid\u00e9al","description":"Trouvez votre voiture d'occasion \u00e0 Paris avec Carideal mandataire automobile. Notre service de livraison \u00e0 Domicile livrera votre voiture sur Paris","robots":{"index":"index","follow":"follow","max-snippet":"max-snippet:-1","max-image-preview":"max-image-preview:large","max-video-preview":"max-video-preview:-1"},"canonical":"https:\/\/www.carideal.com\/blog\/voitures-occasions\/paris\/","og_locale":"fr_FR","og_type":"article","og_title":"Voitures occasions Paris pas ch\u00e8re - Blog auto Carid\u00e9al","og_description":"Trouvez votre voiture d'occasion \u00e0 Paris avec Carideal mandataire automobile. Notre service de livraison \u00e0 Domicile livrera votre voiture sur Paris","og_url":"https:\/\/www.carideal.com\/blog\/voitures-occasions\/paris\/","og_site_name":"Blog auto Carid\u00e9al","article_publisher":"https:\/\/www.facebook.com\/Carideal.mandataire.automobile","article_modified_time":"2021-05-21T08:55:16+00:00","og_image":[{"width":600,"height":385,"url":"https:\/\/www.carideal.com\/blog\/wp-content\/uploads\/2017\/12\/voiture-occasion-paris-2-e1580738532217.jpg","type":"image\/jpeg"}],"twitter_card":"summary_large_image","twitter_site":"@caridealauto","twitter_misc":{"Dur\u00e9e de lecture estim\u00e9e":"3 minutes"},"schema":{"@context":"https:\/\/schema.org","@graph":[{"@type":"WebPage","@id":"https:\/\/www.carideal.com\/blog\/voitures-occasions\/paris\/","url":"https:\/\/www.carideal.com\/blog\/voitures-occasions\/paris\/","name":"Voitures occasions Paris pas ch\u00e8re - Blog auto Carid\u00e9al","isPartOf":{"@id":"https:\/\/www.carideal.com\/blog\/#website"},"primaryImageOfPage":{"@id":"https:\/\/www.carideal.com\/blog\/voitures-occasions\/paris\/#primaryimage"},"image":{"@id":"https:\/\/www.carideal.com\/blog\/voitures-occasions\/paris\/#primaryimage"},"thumbnailUrl":"https:\/\/www.carideal.com\/blog\/wp-content\/uploads\/2017\/12\/voiture-occasion-paris-2-e1580738532217.jpg","datePublished":"2017-12-10T13:59:29+00:00","dateModified":"2021-05-21T08:55:16+00:00","description":"Trouvez votre voiture d'occasion \u00e0 Paris avec Carideal mandataire automobile. Notre service de livraison \u00e0 Domicile livrera votre voiture sur Paris","breadcrumb":{"@id":"https:\/\/www.carideal.com\/blog\/voitures-occasions\/paris\/#breadcrumb"},"inLanguage":"fr-FR","potentialAction":[{"@type":"ReadAction","target":["https:\/\/www.carideal.com\/blog\/voitures-occasions\/paris\/"]}]},{"@type":"ImageObject","inLanguage":"fr-FR","@id":"https:\/\/www.carideal.com\/blog\/voitures-occasions\/paris\/#primaryimage","url":"https:\/\/www.carideal.com\/blog\/wp-content\/uploads\/2017\/12\/voiture-occasion-paris-2-e1580738532217.jpg","contentUrl":"https:\/\/www.carideal.com\/blog\/wp-content\/uploads\/2017\/12\/voiture-occasion-paris-2-e1580738532217.jpg","width":600,"height":385,"caption":"Voiture occasion Paris"},{"@type":"BreadcrumbList","@id":"https:\/\/www.carideal.com\/blog\/voitures-occasions\/paris\/#breadcrumb","itemListElement":[{"@type":"ListItem","position":1,"name":"Blog Carid\u00e9al","item":"https:\/\/www.carideal.com\/blog\/"},{"@type":"ListItem","position":2,"name":"Voitures occasions","item":"https:\/\/www.carideal.com\/blog\/voitures-occasions\/"},{"@type":"ListItem","position":3,"name":"Paris"}]},{"@type":"WebSite","@id":"https:\/\/www.carideal.com\/blog\/#website","url":"https:\/\/www.carideal.com\/blog\/","name":"Blog auto Carid\u00e9al","description":"Actualit\u00e9 auto par des passionn\u00e9s","publisher":{"@id":"https:\/\/www.carideal.com\/blog\/#organization"},"potentialAction":[{"@type":"SearchAction","target":{"@type":"EntryPoint","urlTemplate":"https:\/\/www.carideal.com\/blog\/?s={search_term_string}"},"query-input":{"@type":"PropertyValueSpecification","valueRequired":true,"valueName":"search_term_string"}}],"inLanguage":"fr-FR"},{"@type":"Organization","@id":"https:\/\/www.carideal.com\/blog\/#organization","name":"Carideal","url":"https:\/\/www.carideal.com\/blog\/","logo":{"@type":"ImageObject","inLanguage":"fr-FR","@id":"https:\/\/www.carideal.com\/blog\/#\/schema\/logo\/image\/","url":"http:\/\/www.carideal.com\/blog\/wp-content\/uploads\/2016\/03\/logo-carideal-mandataire-automobile.png","contentUrl":"http:\/\/www.carideal.com\/blog\/wp-content\/uploads\/2016\/03\/logo-carideal-mandataire-automobile.png","width":300,"height":300,"caption":"Carideal"},"image":{"@id":"https:\/\/www.carideal.com\/blog\/#\/schema\/logo\/image\/"},"sameAs":["https:\/\/www.facebook.com\/Carideal.mandataire.automobile","https:\/\/x.com\/caridealauto","https:\/\/www.instagram.com\/carideal1\/","https:\/\/www.linkedin.com\/company\/carideal.com","https:\/\/fr.pinterest.com\/schiavonsas\/","https:\/\/www.youtube.com\/user\/caridealsas"]}]}},"uagb_featured_image_src":{"full":["https:\/\/www.carideal.com\/blog\/wp-content\/uploads\/2017\/12\/voiture-occasion-paris-2-e1580738532217.jpg",600,385,false],"thumbnail":["https:\/\/www.carideal.com\/blog\/wp-content\/uploads\/2017\/12\/voiture-occasion-paris-2-150x150.jpg",150,150,true],"medium":["https:\/\/www.carideal.com\/blog\/wp-content\/uploads\/2017\/12\/voiture-occasion-paris-2-300x193.jpg",300,193,true],"medium_large":["https:\/\/www.carideal.com\/blog\/wp-content\/uploads\/2017\/12\/voiture-occasion-paris-2-e1580738532217.jpg",600,385,false],"large":["https:\/\/www.carideal.com\/blog\/wp-content\/uploads\/2017\/12\/voiture-occasion-paris-2-e1580738532217.jpg",600,385,false],"1536x1536":["https:\/\/www.carideal.com\/blog\/wp-content\/uploads\/2017\/12\/voiture-occasion-paris-2-e1580738532217.jpg",600,385,false],"2048x2048":["https:\/\/www.carideal.com\/blog\/wp-content\/uploads\/2017\/12\/voiture-occasion-paris-2-e1580738532217.jpg",600,385,false],"wppr-widget":["https:\/\/www.carideal.com\/blog\/wp-content\/uploads\/2017\/12\/voiture-occasion-paris-2-e1580738532217.jpg",50,32,false]},"uagb_author_info":{"display_name":"Nicolas SCHIAVON","author_link":"https:\/\/www.carideal.com\/blog\/author\/nschiavon\/"},"uagb_comment_info":0,"uagb_excerpt":"Trouvez votre voiture d'occasion \u00e0 Paris De\u00a0l'achat de votre voiture d'occasion\u00a0\u00e0 Paris aux r\u00e9parations et aux entretiens,\u00a0Carideal votre mandataire auto, est l\u00e0 pour garder votre\u00a0voiture d'occasion dans l'excellente condition qu'elle m\u00e9rite. Toutes les marques\u00a0|\u00a0Peugeot\u00a0|\u00a0Renault\u00a0|\u00a0Citro\u00ebn\u00a0|\u00a0Dacia\u00a0|\u00a0Volkswagen\u00a0|\u00a0Kia\u00a0|\u00a0Land Rover | Mandataire auto Paris Renseignez-vous maintenant pour votre voiture d'occasion \u00e0 Paris Peu importe o\u00f9 vous avez achet\u00e9 votre pr\u00e9c\u00e9dente\u2026","_links":{"self":[{"href":"https:\/\/www.carideal.com\/blog\/wp-json\/wp\/v2\/pages\/16695"}],"collection":[{"href":"https:\/\/www.carideal.com\/blog\/wp-json\/wp\/v2\/pages"}],"about":[{"href":"https:\/\/www.carideal.com\/blog\/wp-json\/wp\/v2\/types\/page"}],"author":[{"embeddable":true,"href":"https:\/\/www.carideal.com\/blog\/wp-json\/wp\/v2\/users\/3"}],"replies":[{"embeddable":true,"href":"https:\/\/www.carideal.com\/blog\/wp-json\/wp\/v2\/comments?post=16695"}],"version-history":[{"count":0,"href":"https:\/\/www.carideal.com\/blog\/wp-json\/wp\/v2\/pages\/16695\/revisions"}],"up":[{"embeddable":true,"href":"https:\/\/www.carideal.com\/blog\/wp-json\/wp\/v2\/pages\/15469"}],"wp:featuredmedia":[{"embeddable":true,"href":"https:\/\/www.carideal.com\/blog\/wp-json\/wp\/v2\/media\/16698"}],"wp:attachment":[{"href":"https:\/\/www.carideal.com\/blog\/wp-json\/wp\/v2\/media?parent=16695"}],"curies":[{"name":"wp","href":"https:\/\/api.w.org\/{rel}","templated":true}]}}