{"id":16690,"date":"2017-12-10T13:49:24","date_gmt":"2017-12-10T12:49:24","guid":{"rendered":"http:\/\/www.carideal.com\/blog\/?page_id=16690"},"modified":"2020-01-27T21:42:19","modified_gmt":"2020-01-27T20:42:19","slug":"reparation-accident","status":"publish","type":"page","link":"https:\/\/www.carideal.com\/blog\/garage-automobile\/reparation-accident\/","title":{"rendered":"R\u00e9paration d&rsquo;accident &#038; carrosserie"},"content":{"rendered":"<h2>R\u00c9PARATIONS D'ACCIDENTS &amp; CARROSSERIES DE CARIDEAL<\/h2>\n<p>Si vous avez eu la malchance d'avoir un accident, appelez-nous d'abord.<br \/>\nNous effectuerons une estimation gratuite pour vous et vous laisserons ensuite d\u00e9cider si vous souhaitez faire cette demande ou non.<\/p>\n<p><img loading=\"lazy\" decoding=\"async\" class=\"size-full wp-image-16691\" src=\"http:\/\/www.carideal.com\/blog\/wp-content\/uploads\/2017\/12\/reparation-accident-e1580157209431.jpg\" alt=\"Reparation Accident\" width=\"700\" height=\"452\" \/><\/p>\n<p>R\u00e9paration Accident<\/p>\n<p>Obtenez un devis<\/p>\n<h2>Pourquoi choisir Carideal ?<\/h2>\n<p>A la\u00a0Carrosserie Carideal, nous offrons des tarifs comp\u00e9titifs et \u00e9conomiques pour toutes les marques de voiture et tous les mod\u00e8les, peu importe si le travail est important ou non.<br \/>\nDes dommages caus\u00e9s par les collisions au <strong>d\u00e9bosselage<\/strong>, des r\u00e9parations intelligentes aux r\u00e9parations de roues en alliage, nos membres du personnel exp\u00e9riment\u00e9s et serviables sont tr\u00e8s dispos\u00e9s \u00e0 fournir des devis sans engagement pour tout type de r\u00e9paration, qu'elle soit d'assurance ou de d\u00e9tail.<br \/>\nPlus de d\u00e9tails<\/p>\n<h3>Nous appr\u00e9cions vos commentaires<\/h3>\n<p>Nous cherchons toujours \u00e0 am\u00e9liorer nos services. Si vous avez des suggestions sur la fa\u00e7on dont nous pouvons mieux faire les choses, sur les bonnes exp\u00e9riences que vous aimeriez partager et sur tout ce qui vous entoure, n'h\u00e9sitez pas \u00e0 laisser vos commentaires via les boutons ci-dessous.<\/p>\n<p>Direction de la\u00a0carrosserie - R\u00e9paration d'accident<br \/>\nJe voudrais laisser un commentaire J'ai une suggestion J'ai une question Toute autre requ\u00eate<\/p>\n<h2>BIENVENUE DANS LES R\u00c9PARATIONS D'ACCIDENTS &amp; CARROSSERIES DE CARIDEAL<\/h2>\n<p>Avec les\u00a0carrosseries pour la\u00a0r\u00e9paration d'accident de Carideal, il ne serait pas plus facile de reprendre la route apr\u00e8s un accident. Nous sommes toujours l\u00e0 pour vous aider et vous pouvez nous rendre visite \u00e0 <a href=\"http:\/\/www.carideal.com\/blog\/2010\/01\/23\/garage-citroen-schiavon-13-av-de-turin-73000-bassens-chambery\/\">Bassens Chamb\u00e9ry.<\/a><\/p>\n<p>Nous allons vous enlever le stress de la r\u00e9paration de votre voiture r\u00e9par\u00e9e. Nous savons \u00e0 quel point les co\u00fbts cach\u00e9s peuvent \u00eatre importants, alors nous promettons de garder tous nos prix transparents. Lorsque vous nous t\u00e9l\u00e9phonez, nous vous offrons un devis gratuit et sans engagement. De l\u00e0, nous communiquerons avec votre compagnie d'assurance et organiserons un v\u00e9hicule de remplacement que vous pourrez utiliser pour vos d\u00e9placements \u00e0 votre domicile ou au travail.<\/p>\n<p>Nos techniciens form\u00e9s par le constructeur offrent des r\u00e9parations importantes. Que vous ayez ray\u00e9 la peinture de votre <a href=\"http:\/\/www.carideal.com\/blog\/2019\/12\/21\/les-meilleurs-suv-a-acheter-maintenant-2019-2020\/\">SUV<\/a> ou que le moteur de votre <a href=\"http:\/\/www.carideal.com\/blog\/2018\/02\/09\/meilleures-citadines-2018\/\">voiture citadine<\/a> soit en surchauffe, nos experts s'en occuperont. Nous utilisons les pi\u00e8ces officielles de 25 constructeurs automobiles pour vous assurer que votre voiture sera s\u00fbre et fiable \u00e0 conduire.<\/p>\n<p>Nos experts travaillent sans rel\u00e2che avec les derniers outils de diagnostic et de r\u00e9paration pour atteindre les standards de qualit\u00e9 que vous attendez de nous. L'excellent niveau de r\u00e9paration que nous maintenons signifie que votre voiture conservera plus longtemps sa valeur et que vous pouvez passer plus de temps sur la route.<\/p>\n<p>Notre personnel exp\u00e9riment\u00e9 et professionnel est fier de r\u00e9soudre votre probl\u00e8me le plus rapidement possible. Notre r\u00e9ceptionnaire sur site confirmera si les r\u00e9parations peuvent \u00eatre effectu\u00e9es en une journ\u00e9e. Nous constatons que 35% de toutes les r\u00e9parations de carrosserie peuvent \u00eatre effectu\u00e9es le jour de votre arriv\u00e9e dans notre \u00e9tablissement de carrosserie.<\/p>\n<p>C'est notre promesse chez Carideal que, quelle que soit la carrosserie que vous choisissez, vous recevrez un service volontaire, attentionn\u00e9 et amical. Nous sommes en mesure d'assurer un service de haute qualit\u00e9 parce que nous suivons les valeurs \u00e9tablies connues qui sont \u00e9num\u00e9r\u00e9es ci-dessous. Celles-ci sont instill\u00e9es dans notre \u00e9quipe qui travaillera sans rel\u00e2che pour remettre votre voiture sur la route, rapidement et en toute s\u00e9curit\u00e9.<\/p>\n<p>Pour un devis sans obligation ou pour prendre rendez-vous avec notre centre de carrosserie et de r\u00e9paration, soumettez un formulaire de demande en ligne ou appelez le centre le plus proche pour parler \u00e0 un membre de l'\u00e9quipe.<\/p>\n","protected":false},"excerpt":{"rendered":"<p>R\u00c9PARATIONS D&rsquo;ACCIDENTS &amp; CARROSSERIES DE CARIDEAL Si vous avez eu la malchance d&rsquo;avoir un accident, appelez-nous d&rsquo;abord. Nous effectuerons une estimation gratuite pour vous et vous laisserons ensuite d\u00e9cider si vous souhaitez faire cette demande ou non. R\u00e9paration Accident Obtenez un devis Pourquoi choisir Carideal ? A la\u00a0Carrosserie Carideal, nous offrons des tarifs comp\u00e9titifs et &#8230; <a title=\"R\u00e9paration d&rsquo;accident &#038; carrosserie\" class=\"read-more\" href=\"https:\/\/www.carideal.com\/blog\/garage-automobile\/reparation-accident\/\" aria-label=\"En savoir plus sur R\u00e9paration d&rsquo;accident &#038; carrosserie\">Lire plus<\/a><\/p>\n","protected":false},"author":3,"featured_media":16691,"parent":13942,"menu_order":0,"comment_status":"closed","ping_status":"closed","template":"","meta":{"_uag_custom_page_level_css":"","_themeisle_gutenberg_block_has_review":false,"footnotes":""},"class_list":["post-16690","page","type-page","status-publish","has-post-thumbnail"],"wppr_data":{"cwp_meta_box_check":"No"},"yoast_head":"<!-- This site is optimized with the Yoast SEO plugin v24.8.1 - https:\/\/yoast.com\/wordpress\/plugins\/seo\/ -->\n<title>R\u00e9paration d&#039;accident &amp; carrosserie - Blog auto Carid\u00e9al<\/title>\n<meta name=\"description\" content=\"Consultez notre service de r\u00e9paration d&#039;accident disponible aupr\u00e8s de la carrosserie de Carideal \u00e0 Bassens Chamb\u00e9ry en Savoie\" \/>\n<meta name=\"robots\" content=\"index, follow, max-snippet:-1, max-image-preview:large, max-video-preview:-1\" \/>\n<link rel=\"canonical\" href=\"https:\/\/www.carideal.com\/blog\/garage-automobile\/reparation-accident\/\" \/>\n<meta property=\"og:locale\" content=\"fr_FR\" \/>\n<meta property=\"og:type\" content=\"article\" \/>\n<meta property=\"og:title\" content=\"R\u00e9paration d&#039;accident &amp; carrosserie - Blog auto Carid\u00e9al\" \/>\n<meta property=\"og:description\" content=\"Consultez notre service de r\u00e9paration d&#039;accident disponible aupr\u00e8s de la carrosserie de Carideal \u00e0 Bassens Chamb\u00e9ry en Savoie\" \/>\n<meta property=\"og:url\" content=\"https:\/\/www.carideal.com\/blog\/garage-automobile\/reparation-accident\/\" \/>\n<meta property=\"og:site_name\" content=\"Blog auto Carid\u00e9al\" \/>\n<meta property=\"article:publisher\" content=\"https:\/\/www.facebook.com\/Carideal.mandataire.automobile\" \/>\n<meta property=\"article:modified_time\" content=\"2020-01-27T20:42:19+00:00\" \/>\n<meta property=\"og:image\" content=\"https:\/\/www.carideal.com\/blog\/wp-content\/uploads\/2017\/12\/reparation-accident-e1580157209431.jpg\" \/>\n\t<meta property=\"og:image:width\" content=\"700\" \/>\n\t<meta property=\"og:image:height\" content=\"452\" \/>\n\t<meta property=\"og:image:type\" content=\"image\/jpeg\" \/>\n<meta name=\"twitter:card\" content=\"summary_large_image\" \/>\n<meta name=\"twitter:site\" content=\"@caridealauto\" \/>\n<meta name=\"twitter:label1\" content=\"Dur\u00e9e de lecture estim\u00e9e\" \/>\n\t<meta name=\"twitter:data1\" content=\"3 minutes\" \/>\n<script type=\"application\/ld+json\" class=\"yoast-schema-graph\">{\"@context\":\"https:\/\/schema.org\",\"@graph\":[{\"@type\":\"WebPage\",\"@id\":\"https:\/\/www.carideal.com\/blog\/garage-automobile\/reparation-accident\/\",\"url\":\"https:\/\/www.carideal.com\/blog\/garage-automobile\/reparation-accident\/\",\"name\":\"R\u00e9paration d'accident & carrosserie - Blog auto Carid\u00e9al\",\"isPartOf\":{\"@id\":\"https:\/\/www.carideal.com\/blog\/#website\"},\"primaryImageOfPage\":{\"@id\":\"https:\/\/www.carideal.com\/blog\/garage-automobile\/reparation-accident\/#primaryimage\"},\"image\":{\"@id\":\"https:\/\/www.carideal.com\/blog\/garage-automobile\/reparation-accident\/#primaryimage\"},\"thumbnailUrl\":\"https:\/\/www.carideal.com\/blog\/wp-content\/uploads\/2017\/12\/reparation-accident-e1580157209431.jpg\",\"datePublished\":\"2017-12-10T12:49:24+00:00\",\"dateModified\":\"2020-01-27T20:42:19+00:00\",\"description\":\"Consultez notre service de r\u00e9paration d'accident disponible aupr\u00e8s de la carrosserie de Carideal \u00e0 Bassens Chamb\u00e9ry en Savoie\",\"breadcrumb\":{\"@id\":\"https:\/\/www.carideal.com\/blog\/garage-automobile\/reparation-accident\/#breadcrumb\"},\"inLanguage\":\"fr-FR\",\"potentialAction\":[{\"@type\":\"ReadAction\",\"target\":[\"https:\/\/www.carideal.com\/blog\/garage-automobile\/reparation-accident\/\"]}]},{\"@type\":\"ImageObject\",\"inLanguage\":\"fr-FR\",\"@id\":\"https:\/\/www.carideal.com\/blog\/garage-automobile\/reparation-accident\/#primaryimage\",\"url\":\"https:\/\/www.carideal.com\/blog\/wp-content\/uploads\/2017\/12\/reparation-accident-e1580157209431.jpg\",\"contentUrl\":\"https:\/\/www.carideal.com\/blog\/wp-content\/uploads\/2017\/12\/reparation-accident-e1580157209431.jpg\",\"width\":700,\"height\":452,\"caption\":\"Reparation Accident\"},{\"@type\":\"BreadcrumbList\",\"@id\":\"https:\/\/www.carideal.com\/blog\/garage-automobile\/reparation-accident\/#breadcrumb\",\"itemListElement\":[{\"@type\":\"ListItem\",\"position\":1,\"name\":\"Blog Carid\u00e9al\",\"item\":\"https:\/\/www.carideal.com\/blog\/\"},{\"@type\":\"ListItem\",\"position\":2,\"name\":\"Garage Automobile\",\"item\":\"https:\/\/www.carideal.com\/blog\/garage-automobile\/\"},{\"@type\":\"ListItem\",\"position\":3,\"name\":\"R\u00e9paration d&rsquo;accident &#038; carrosserie\"}]},{\"@type\":\"WebSite\",\"@id\":\"https:\/\/www.carideal.com\/blog\/#website\",\"url\":\"https:\/\/www.carideal.com\/blog\/\",\"name\":\"Blog auto Carid\u00e9al\",\"description\":\"Actualit\u00e9 auto par des passionn\u00e9s\",\"publisher\":{\"@id\":\"https:\/\/www.carideal.com\/blog\/#organization\"},\"potentialAction\":[{\"@type\":\"SearchAction\",\"target\":{\"@type\":\"EntryPoint\",\"urlTemplate\":\"https:\/\/www.carideal.com\/blog\/?s={search_term_string}\"},\"query-input\":{\"@type\":\"PropertyValueSpecification\",\"valueRequired\":true,\"valueName\":\"search_term_string\"}}],\"inLanguage\":\"fr-FR\"},{\"@type\":\"Organization\",\"@id\":\"https:\/\/www.carideal.com\/blog\/#organization\",\"name\":\"Carideal\",\"url\":\"https:\/\/www.carideal.com\/blog\/\",\"logo\":{\"@type\":\"ImageObject\",\"inLanguage\":\"fr-FR\",\"@id\":\"https:\/\/www.carideal.com\/blog\/#\/schema\/logo\/image\/\",\"url\":\"http:\/\/www.carideal.com\/blog\/wp-content\/uploads\/2016\/03\/logo-carideal-mandataire-automobile.png\",\"contentUrl\":\"http:\/\/www.carideal.com\/blog\/wp-content\/uploads\/2016\/03\/logo-carideal-mandataire-automobile.png\",\"width\":300,\"height\":300,\"caption\":\"Carideal\"},\"image\":{\"@id\":\"https:\/\/www.carideal.com\/blog\/#\/schema\/logo\/image\/\"},\"sameAs\":[\"https:\/\/www.facebook.com\/Carideal.mandataire.automobile\",\"https:\/\/x.com\/caridealauto\",\"https:\/\/www.instagram.com\/carideal1\/\",\"https:\/\/www.linkedin.com\/company\/carideal.com\",\"https:\/\/fr.pinterest.com\/schiavonsas\/\",\"https:\/\/www.youtube.com\/user\/caridealsas\"]}]}<\/script>\n<!-- \/ Yoast SEO plugin. -->","yoast_head_json":{"title":"R\u00e9paration d'accident & carrosserie - Blog auto Carid\u00e9al","description":"Consultez notre service de r\u00e9paration d'accident disponible aupr\u00e8s de la carrosserie de Carideal \u00e0 Bassens Chamb\u00e9ry en Savoie","robots":{"index":"index","follow":"follow","max-snippet":"max-snippet:-1","max-image-preview":"max-image-preview:large","max-video-preview":"max-video-preview:-1"},"canonical":"https:\/\/www.carideal.com\/blog\/garage-automobile\/reparation-accident\/","og_locale":"fr_FR","og_type":"article","og_title":"R\u00e9paration d'accident & carrosserie - Blog auto Carid\u00e9al","og_description":"Consultez notre service de r\u00e9paration d'accident disponible aupr\u00e8s de la carrosserie de Carideal \u00e0 Bassens Chamb\u00e9ry en Savoie","og_url":"https:\/\/www.carideal.com\/blog\/garage-automobile\/reparation-accident\/","og_site_name":"Blog auto Carid\u00e9al","article_publisher":"https:\/\/www.facebook.com\/Carideal.mandataire.automobile","article_modified_time":"2020-01-27T20:42:19+00:00","og_image":[{"width":700,"height":452,"url":"https:\/\/www.carideal.com\/blog\/wp-content\/uploads\/2017\/12\/reparation-accident-e1580157209431.jpg","type":"image\/jpeg"}],"twitter_card":"summary_large_image","twitter_site":"@caridealauto","twitter_misc":{"Dur\u00e9e de lecture estim\u00e9e":"3 minutes"},"schema":{"@context":"https:\/\/schema.org","@graph":[{"@type":"WebPage","@id":"https:\/\/www.carideal.com\/blog\/garage-automobile\/reparation-accident\/","url":"https:\/\/www.carideal.com\/blog\/garage-automobile\/reparation-accident\/","name":"R\u00e9paration d'accident & carrosserie - Blog auto Carid\u00e9al","isPartOf":{"@id":"https:\/\/www.carideal.com\/blog\/#website"},"primaryImageOfPage":{"@id":"https:\/\/www.carideal.com\/blog\/garage-automobile\/reparation-accident\/#primaryimage"},"image":{"@id":"https:\/\/www.carideal.com\/blog\/garage-automobile\/reparation-accident\/#primaryimage"},"thumbnailUrl":"https:\/\/www.carideal.com\/blog\/wp-content\/uploads\/2017\/12\/reparation-accident-e1580157209431.jpg","datePublished":"2017-12-10T12:49:24+00:00","dateModified":"2020-01-27T20:42:19+00:00","description":"Consultez notre service de r\u00e9paration d'accident disponible aupr\u00e8s de la carrosserie de Carideal \u00e0 Bassens Chamb\u00e9ry en Savoie","breadcrumb":{"@id":"https:\/\/www.carideal.com\/blog\/garage-automobile\/reparation-accident\/#breadcrumb"},"inLanguage":"fr-FR","potentialAction":[{"@type":"ReadAction","target":["https:\/\/www.carideal.com\/blog\/garage-automobile\/reparation-accident\/"]}]},{"@type":"ImageObject","inLanguage":"fr-FR","@id":"https:\/\/www.carideal.com\/blog\/garage-automobile\/reparation-accident\/#primaryimage","url":"https:\/\/www.carideal.com\/blog\/wp-content\/uploads\/2017\/12\/reparation-accident-e1580157209431.jpg","contentUrl":"https:\/\/www.carideal.com\/blog\/wp-content\/uploads\/2017\/12\/reparation-accident-e1580157209431.jpg","width":700,"height":452,"caption":"Reparation Accident"},{"@type":"BreadcrumbList","@id":"https:\/\/www.carideal.com\/blog\/garage-automobile\/reparation-accident\/#breadcrumb","itemListElement":[{"@type":"ListItem","position":1,"name":"Blog Carid\u00e9al","item":"https:\/\/www.carideal.com\/blog\/"},{"@type":"ListItem","position":2,"name":"Garage Automobile","item":"https:\/\/www.carideal.com\/blog\/garage-automobile\/"},{"@type":"ListItem","position":3,"name":"R\u00e9paration d&rsquo;accident &#038; carrosserie"}]},{"@type":"WebSite","@id":"https:\/\/www.carideal.com\/blog\/#website","url":"https:\/\/www.carideal.com\/blog\/","name":"Blog auto Carid\u00e9al","description":"Actualit\u00e9 auto par des passionn\u00e9s","publisher":{"@id":"https:\/\/www.carideal.com\/blog\/#organization"},"potentialAction":[{"@type":"SearchAction","target":{"@type":"EntryPoint","urlTemplate":"https:\/\/www.carideal.com\/blog\/?s={search_term_string}"},"query-input":{"@type":"PropertyValueSpecification","valueRequired":true,"valueName":"search_term_string"}}],"inLanguage":"fr-FR"},{"@type":"Organization","@id":"https:\/\/www.carideal.com\/blog\/#organization","name":"Carideal","url":"https:\/\/www.carideal.com\/blog\/","logo":{"@type":"ImageObject","inLanguage":"fr-FR","@id":"https:\/\/www.carideal.com\/blog\/#\/schema\/logo\/image\/","url":"http:\/\/www.carideal.com\/blog\/wp-content\/uploads\/2016\/03\/logo-carideal-mandataire-automobile.png","contentUrl":"http:\/\/www.carideal.com\/blog\/wp-content\/uploads\/2016\/03\/logo-carideal-mandataire-automobile.png","width":300,"height":300,"caption":"Carideal"},"image":{"@id":"https:\/\/www.carideal.com\/blog\/#\/schema\/logo\/image\/"},"sameAs":["https:\/\/www.facebook.com\/Carideal.mandataire.automobile","https:\/\/x.com\/caridealauto","https:\/\/www.instagram.com\/carideal1\/","https:\/\/www.linkedin.com\/company\/carideal.com","https:\/\/fr.pinterest.com\/schiavonsas\/","https:\/\/www.youtube.com\/user\/caridealsas"]}]}},"uagb_featured_image_src":{"full":["https:\/\/www.carideal.com\/blog\/wp-content\/uploads\/2017\/12\/reparation-accident-e1580157209431.jpg",700,452,false],"thumbnail":["https:\/\/www.carideal.com\/blog\/wp-content\/uploads\/2017\/12\/reparation-accident-150x150.jpg",150,150,true],"medium":["https:\/\/www.carideal.com\/blog\/wp-content\/uploads\/2017\/12\/reparation-accident-300x193.jpg",300,193,true],"medium_large":["https:\/\/www.carideal.com\/blog\/wp-content\/uploads\/2017\/12\/reparation-accident-768x495.jpg",768,495,true],"large":["https:\/\/www.carideal.com\/blog\/wp-content\/uploads\/2017\/12\/reparation-accident-1024x660.jpg",1024,660,true],"1536x1536":["https:\/\/www.carideal.com\/blog\/wp-content\/uploads\/2017\/12\/reparation-accident-e1580157209431.jpg",700,452,false],"2048x2048":["https:\/\/www.carideal.com\/blog\/wp-content\/uploads\/2017\/12\/reparation-accident-e1580157209431.jpg",700,452,false],"wppr-widget":["https:\/\/www.carideal.com\/blog\/wp-content\/uploads\/2017\/12\/reparation-accident-e1580157209431.jpg",50,32,false]},"uagb_author_info":{"display_name":"Nicolas SCHIAVON","author_link":"https:\/\/www.carideal.com\/blog\/author\/nschiavon\/"},"uagb_comment_info":0,"uagb_excerpt":"R\u00c9PARATIONS D'ACCIDENTS &amp; CARROSSERIES DE CARIDEAL Si vous avez eu la malchance d'avoir un accident, appelez-nous d'abord. Nous effectuerons une estimation gratuite pour vous et vous laisserons ensuite d\u00e9cider si vous souhaitez faire cette demande ou non. R\u00e9paration Accident Obtenez un devis Pourquoi choisir Carideal ? A la\u00a0Carrosserie Carideal, nous offrons des tarifs comp\u00e9titifs et\u2026","_links":{"self":[{"href":"https:\/\/www.carideal.com\/blog\/wp-json\/wp\/v2\/pages\/16690"}],"collection":[{"href":"https:\/\/www.carideal.com\/blog\/wp-json\/wp\/v2\/pages"}],"about":[{"href":"https:\/\/www.carideal.com\/blog\/wp-json\/wp\/v2\/types\/page"}],"author":[{"embeddable":true,"href":"https:\/\/www.carideal.com\/blog\/wp-json\/wp\/v2\/users\/3"}],"replies":[{"embeddable":true,"href":"https:\/\/www.carideal.com\/blog\/wp-json\/wp\/v2\/comments?post=16690"}],"version-history":[{"count":0,"href":"https:\/\/www.carideal.com\/blog\/wp-json\/wp\/v2\/pages\/16690\/revisions"}],"up":[{"embeddable":true,"href":"https:\/\/www.carideal.com\/blog\/wp-json\/wp\/v2\/pages\/13942"}],"wp:featuredmedia":[{"embeddable":true,"href":"https:\/\/www.carideal.com\/blog\/wp-json\/wp\/v2\/media\/16691"}],"wp:attachment":[{"href":"https:\/\/www.carideal.com\/blog\/wp-json\/wp\/v2\/media?parent=16690"}],"curies":[{"name":"wp","href":"https:\/\/api.w.org\/{rel}","templated":true}]}}