{"id":16462,"date":"2017-09-20T18:43:52","date_gmt":"2017-09-20T16:43:52","guid":{"rendered":"http:\/\/www.carideal.com\/blog\/?page_id=16462"},"modified":"2020-01-26T17:24:54","modified_gmt":"2020-01-26T16:24:54","slug":"macon","status":"publish","type":"page","link":"https:\/\/www.carideal.com\/blog\/carideal-mandataire-auto-france\/macon\/","title":{"rendered":"Carideal M\u00e2con Mandataire automobile Sa\u00f4ne-et-Loire"},"content":{"rendered":"<h2>Contactez Carideal M\u00e2con Mandataire automobile<\/h2>\n<p><a href=\"http:\/\/www.carideal.com\/blog\/carideal-mandataire-auto-france\/macon\/\">Infos Carideal Macon<\/a> | <a href=\"http:\/\/www.carideal.com\/blog\/constructeur\/\">Actualit\u00e9<\/a> | <a href=\"http:\/\/www.carideal.com\/blog\/essai\/\">Essais<\/a> | <a href=\"http:\/\/www.carideal.com\/blog\/voitures-occasions\/voiture-occasion-macon\/\">Voiture d\u2019occasion<\/a> | Voiture neuve | <a href=\"http:\/\/www.carideal.com\/blog\/credit-auto\/\">Financement<\/a> | <a href=\"http:\/\/www.carideal.com\/blog\/garage-automobile\/\">R\u00e9vision<\/a> | <a href=\"http:\/\/www.carideal.com\/blog\/offres-automobiles\/\">Offres<\/a> | <a href=\"http:\/\/www.carideal.com\/blog\/carideal-mandataire-auto-france\/\">Contactez nous<\/a> | <a href=\"http:\/\/www.carideal.com\/blog\/tag\/guide-achat\/?=macon\">Guide d\u2019achat<\/a><\/p>\n<p><strong>Carideal M\u00e2con est un mandataire automobile<\/strong> qui vous propose l'achat d'une voiture neuve pas ch\u00e8re \u00e0 <strong>M\u00e2con<\/strong>.<\/p>\n<figure id=\"attachment_21090\" aria-describedby=\"caption-attachment-21090\" style=\"width: 590px\" class=\"wp-caption aligncenter\"><img loading=\"lazy\" decoding=\"async\" class=\"size-full wp-image-21090\" src=\"http:\/\/www.carideal.com\/blog\/wp-content\/uploads\/2020\/01\/10000-mod\u00e8les-de-voitures-en-France-carideal-mandataire-automobile.jpg\" alt=\"Mandataire automobile Macon\" width=\"600\" height=\"300\" srcset=\"https:\/\/www.carideal.com\/blog\/wp-content\/uploads\/2020\/01\/10000-mod\u00e8les-de-voitures-en-France-carideal-mandataire-automobile.jpg 600w, https:\/\/www.carideal.com\/blog\/wp-content\/uploads\/2020\/01\/10000-mod\u00e8les-de-voitures-en-France-carideal-mandataire-automobile-300x150.jpg 300w, https:\/\/www.carideal.com\/blog\/wp-content\/uploads\/2020\/01\/10000-mod\u00e8les-de-voitures-en-France-carideal-mandataire-automobile-50x25.jpg 50w, https:\/\/www.carideal.com\/blog\/wp-content\/uploads\/2020\/01\/10000-mod\u00e8les-de-voitures-en-France-carideal-mandataire-automobile-110x55.jpg 110w, https:\/\/www.carideal.com\/blog\/wp-content\/uploads\/2020\/01\/10000-mod\u00e8les-de-voitures-en-France-carideal-mandataire-automobile-420x210.jpg 420w\" sizes=\"(max-width: 600px) 100vw, 600px\" \/><figcaption id=\"caption-attachment-21090\" class=\"wp-caption-text\">Mandataire automobile Macon<\/figcaption><\/figure>\n<p>Choisissez sur notre site Carideal.com la voiture qui convient \u00e0 votre besoin et nous vous la livrons sur M\u00e2con et ses alentours voire dans votre cours si la voirie le permet gr\u00e2ce \u00e0 notre <a href=\"http:\/\/www.carideal.com\/content\/9-carideal-livraison-partout-en-france\">service de livraison partout en France<\/a>. Avec un choix de plus de 20 <a href=\"http:\/\/www.carideal.com\/blog\/marque-de-voiture-actualites-essais\/\">marques de voiture<\/a>, nous vous aidons dans l'achat de votre voiture en r\u00e9gion de Bourgogne mais aussi de la Sa\u00f4ne-et-Loire et sa ville phare M\u00e2con.<\/p>\n<h2>Carideal Macon mandataire auto neuve<\/h2>\n<p>Vous pouvez trouver parmi nos offres de voitures neuves de mandataire automobile celle qui vous convient le mieux. Vous aurez le choix entre des <a href=\"http:\/\/www.carideal.com\/blog\/2018\/02\/03\/meilleures-berlines-hayon-2018\/\">Berlines<\/a>, des <a href=\"http:\/\/www.carideal.com\/blog\/2019\/12\/21\/les-meilleurs-suv-a-acheter-maintenant-2019-2020\/\">SUV<\/a>, <a href=\"http:\/\/www.carideal.com\/blog\/2018\/01\/28\/meilleurs-monospaces-2018\/\">monospaces<\/a> et m\u00eame des voitures de luxe sont propos\u00e9es par le mandataire auto Carideal Macon. Trouver une voiture neuve pas ch\u00e8re par mandataire auto \u00e0 Macon est devenu chose facile. Pour chaque voiture neuve vous avez le choix de nous contacter avec notre formulaire en ligne ou en nous appelant au <a href=\"tel:+33479330353\">04 79 33 03 53<\/a>. \u00catre un mandataire automobile avec l'exp\u00e9rience de Carideal nous permet de vous proposer plusieurs services, car on sait tr\u00e8s bien que les clients y sont attach\u00e9s, tel l'<a href=\"http:\/\/www.carideal.com\/content\/7-extension-garantie\">extension de garantie<\/a> m\u00eame pour une voiture que nous livrons \u00e0 M\u00e2con.<\/p>\n<h2>Carideal Macon mandataire voiture d'occasion<\/h2>\n<p>Choisir une bonne voiture d'occasion \u00e0 M\u00e2con n'est pas forc\u00e9ment ais\u00e9 et vous ne devez pas vous tromper. C'est pourquoi vous devez jeter un \u0153il \u00e0 nos <a href=\"http:\/\/www.carideal.com\/blog\/offres-automobiles\/\">offres<\/a>. Carideal M\u00e2con met tout en \u0153uvre pour que l'achat\u00a0d'une\u00a0<a href=\"http:\/\/www.carideal.com\/blog\/voitures-occasions\/voiture-occasion-macon\/\">voiture d'occasion<\/a> soit p\u00e9renne. Vous faites appel \u00e0 un mandataire automobile de voiture d'occasion \u00e0 M\u00e2con en toute confiance pour vous trouver la meilleure affaire. C'est pourquoi nous mettons tout notre savoir faire \u00e0 votre service pour vous livrer \u00e0 M\u00e2con une Voiture en bon \u00e9tat, conforme au descriptif, ayant subi plus de 100 op\u00e9rations de contr\u00f4le et r\u00e9vis\u00e9e et <a href=\"http:\/\/www.carideal.com\/blog\/2007\/09\/03\/garantie-carideal\/\">garantie<\/a>.<br \/>\n<iframe loading=\"lazy\" src=\"https:\/\/www.youtube.com\/embed\/XkeM_x-xyzQ\" width=\"560\" height=\"315\" frameborder=\"0\" allowfullscreen=\"allowfullscreen\"><\/iframe><br \/>\nMandataire automobile Citroen Macon<br \/>\nMandataire automobile Peugeot\u00a0Macon<br \/>\nMandataire automobile Renault\u00a0Macon<br \/>\nMandataire automobile Dacia\u00a0Macon<br \/>\nMandataire automobile Volkswagen\u00a0Macon<br \/>\nMandataire automobile Peugeot 3008\u00a0Macon<\/p>\n","protected":false},"excerpt":{"rendered":"<p>Contactez Carideal M\u00e2con Mandataire automobile Infos Carideal Macon | Actualit\u00e9 | Essais | Voiture d\u2019occasion | Voiture neuve | Financement | R\u00e9vision | Offres | Contactez nous | Guide d\u2019achat Carideal M\u00e2con est un mandataire automobile qui vous propose l&rsquo;achat d&rsquo;une voiture neuve pas ch\u00e8re \u00e0 M\u00e2con. Choisissez sur notre site Carideal.com la voiture qui &#8230; <a title=\"Carideal M\u00e2con Mandataire automobile Sa\u00f4ne-et-Loire\" class=\"read-more\" href=\"https:\/\/www.carideal.com\/blog\/carideal-mandataire-auto-france\/macon\/\" aria-label=\"En savoir plus sur Carideal M\u00e2con Mandataire automobile Sa\u00f4ne-et-Loire\">Lire plus<\/a><\/p>\n","protected":false},"author":3,"featured_media":21090,"parent":16302,"menu_order":0,"comment_status":"closed","ping_status":"closed","template":"","meta":{"_uag_custom_page_level_css":"","_themeisle_gutenberg_block_has_review":false,"footnotes":""},"class_list":["post-16462","page","type-page","status-publish","has-post-thumbnail"],"wppr_data":{"cwp_meta_box_check":"No"},"yoast_head":"<!-- This site is optimized with the Yoast SEO plugin v24.8.1 - https:\/\/yoast.com\/wordpress\/plugins\/seo\/ -->\n<title>Carideal M\u00e2con Mandataire automobile Sa\u00f4ne-et-Loire - Blog auto Carid\u00e9al<\/title>\n<meta name=\"description\" content=\"Carideal mandataire automobile - Macon - Choisissez votre voiture neuve et d&#039;occasion pas ch\u00e8re et nous vous la livrons \u00e0 Macon ou ses alentours.\" \/>\n<meta name=\"robots\" content=\"index, follow, max-snippet:-1, max-image-preview:large, max-video-preview:-1\" \/>\n<link rel=\"canonical\" href=\"https:\/\/www.carideal.com\/blog\/carideal-mandataire-auto-france\/macon\/\" \/>\n<meta property=\"og:locale\" content=\"fr_FR\" \/>\n<meta property=\"og:type\" content=\"article\" \/>\n<meta property=\"og:title\" content=\"Carideal M\u00e2con Mandataire automobile Sa\u00f4ne-et-Loire - Blog auto Carid\u00e9al\" \/>\n<meta property=\"og:description\" content=\"Carideal mandataire automobile - Macon - Choisissez votre voiture neuve et d&#039;occasion pas ch\u00e8re et nous vous la livrons \u00e0 Macon ou ses alentours.\" \/>\n<meta property=\"og:url\" content=\"https:\/\/www.carideal.com\/blog\/carideal-mandataire-auto-france\/macon\/\" \/>\n<meta property=\"og:site_name\" content=\"Blog auto Carid\u00e9al\" \/>\n<meta property=\"article:publisher\" content=\"https:\/\/www.facebook.com\/Carideal.mandataire.automobile\" \/>\n<meta property=\"article:modified_time\" content=\"2020-01-26T16:24:54+00:00\" \/>\n<meta property=\"og:image\" content=\"https:\/\/www.carideal.com\/blog\/wp-content\/uploads\/2020\/01\/10000-mod\u00e8les-de-voitures-en-France-carideal-mandataire-automobile.jpg\" \/>\n\t<meta property=\"og:image:width\" content=\"600\" \/>\n\t<meta property=\"og:image:height\" content=\"300\" \/>\n\t<meta property=\"og:image:type\" content=\"image\/jpeg\" \/>\n<meta name=\"twitter:card\" content=\"summary_large_image\" \/>\n<meta name=\"twitter:site\" content=\"@caridealauto\" \/>\n<meta name=\"twitter:label1\" content=\"Dur\u00e9e de lecture estim\u00e9e\" \/>\n\t<meta name=\"twitter:data1\" content=\"2 minutes\" \/>\n<script type=\"application\/ld+json\" class=\"yoast-schema-graph\">{\"@context\":\"https:\/\/schema.org\",\"@graph\":[{\"@type\":\"WebPage\",\"@id\":\"https:\/\/www.carideal.com\/blog\/carideal-mandataire-auto-france\/macon\/\",\"url\":\"https:\/\/www.carideal.com\/blog\/carideal-mandataire-auto-france\/macon\/\",\"name\":\"Carideal M\u00e2con Mandataire automobile Sa\u00f4ne-et-Loire - Blog auto Carid\u00e9al\",\"isPartOf\":{\"@id\":\"https:\/\/www.carideal.com\/blog\/#website\"},\"primaryImageOfPage\":{\"@id\":\"https:\/\/www.carideal.com\/blog\/carideal-mandataire-auto-france\/macon\/#primaryimage\"},\"image\":{\"@id\":\"https:\/\/www.carideal.com\/blog\/carideal-mandataire-auto-france\/macon\/#primaryimage\"},\"thumbnailUrl\":\"https:\/\/www.carideal.com\/blog\/wp-content\/uploads\/2020\/01\/10000-mod\u00e8les-de-voitures-en-France-carideal-mandataire-automobile.jpg\",\"datePublished\":\"2017-09-20T16:43:52+00:00\",\"dateModified\":\"2020-01-26T16:24:54+00:00\",\"description\":\"Carideal mandataire automobile - Macon - Choisissez votre voiture neuve et d'occasion pas ch\u00e8re et nous vous la livrons \u00e0 Macon ou ses alentours.\",\"breadcrumb\":{\"@id\":\"https:\/\/www.carideal.com\/blog\/carideal-mandataire-auto-france\/macon\/#breadcrumb\"},\"inLanguage\":\"fr-FR\",\"potentialAction\":[{\"@type\":\"ReadAction\",\"target\":[\"https:\/\/www.carideal.com\/blog\/carideal-mandataire-auto-france\/macon\/\"]}]},{\"@type\":\"ImageObject\",\"inLanguage\":\"fr-FR\",\"@id\":\"https:\/\/www.carideal.com\/blog\/carideal-mandataire-auto-france\/macon\/#primaryimage\",\"url\":\"https:\/\/www.carideal.com\/blog\/wp-content\/uploads\/2020\/01\/10000-mod\u00e8les-de-voitures-en-France-carideal-mandataire-automobile.jpg\",\"contentUrl\":\"https:\/\/www.carideal.com\/blog\/wp-content\/uploads\/2020\/01\/10000-mod\u00e8les-de-voitures-en-France-carideal-mandataire-automobile.jpg\",\"width\":600,\"height\":300,\"caption\":\"Mandataire automobile Macon\"},{\"@type\":\"BreadcrumbList\",\"@id\":\"https:\/\/www.carideal.com\/blog\/carideal-mandataire-auto-france\/macon\/#breadcrumb\",\"itemListElement\":[{\"@type\":\"ListItem\",\"position\":1,\"name\":\"Blog Carid\u00e9al\",\"item\":\"https:\/\/www.carideal.com\/blog\/\"},{\"@type\":\"ListItem\",\"position\":2,\"name\":\"Mandataire Auto en France\",\"item\":\"https:\/\/www.carideal.com\/blog\/carideal-mandataire-auto-france\/\"},{\"@type\":\"ListItem\",\"position\":3,\"name\":\"Macon\"}]},{\"@type\":\"WebSite\",\"@id\":\"https:\/\/www.carideal.com\/blog\/#website\",\"url\":\"https:\/\/www.carideal.com\/blog\/\",\"name\":\"Blog auto Carid\u00e9al\",\"description\":\"Actualit\u00e9 auto par des passionn\u00e9s\",\"publisher\":{\"@id\":\"https:\/\/www.carideal.com\/blog\/#organization\"},\"potentialAction\":[{\"@type\":\"SearchAction\",\"target\":{\"@type\":\"EntryPoint\",\"urlTemplate\":\"https:\/\/www.carideal.com\/blog\/?s={search_term_string}\"},\"query-input\":{\"@type\":\"PropertyValueSpecification\",\"valueRequired\":true,\"valueName\":\"search_term_string\"}}],\"inLanguage\":\"fr-FR\"},{\"@type\":\"Organization\",\"@id\":\"https:\/\/www.carideal.com\/blog\/#organization\",\"name\":\"Carideal\",\"url\":\"https:\/\/www.carideal.com\/blog\/\",\"logo\":{\"@type\":\"ImageObject\",\"inLanguage\":\"fr-FR\",\"@id\":\"https:\/\/www.carideal.com\/blog\/#\/schema\/logo\/image\/\",\"url\":\"http:\/\/www.carideal.com\/blog\/wp-content\/uploads\/2016\/03\/logo-carideal-mandataire-automobile.png\",\"contentUrl\":\"http:\/\/www.carideal.com\/blog\/wp-content\/uploads\/2016\/03\/logo-carideal-mandataire-automobile.png\",\"width\":300,\"height\":300,\"caption\":\"Carideal\"},\"image\":{\"@id\":\"https:\/\/www.carideal.com\/blog\/#\/schema\/logo\/image\/\"},\"sameAs\":[\"https:\/\/www.facebook.com\/Carideal.mandataire.automobile\",\"https:\/\/x.com\/caridealauto\",\"https:\/\/www.instagram.com\/carideal1\/\",\"https:\/\/www.linkedin.com\/company\/carideal.com\",\"https:\/\/fr.pinterest.com\/schiavonsas\/\",\"https:\/\/www.youtube.com\/user\/caridealsas\"]}]}<\/script>\n<!-- \/ Yoast SEO plugin. -->","yoast_head_json":{"title":"Carideal M\u00e2con Mandataire automobile Sa\u00f4ne-et-Loire - Blog auto Carid\u00e9al","description":"Carideal mandataire automobile - Macon - Choisissez votre voiture neuve et d'occasion pas ch\u00e8re et nous vous la livrons \u00e0 Macon ou ses alentours.","robots":{"index":"index","follow":"follow","max-snippet":"max-snippet:-1","max-image-preview":"max-image-preview:large","max-video-preview":"max-video-preview:-1"},"canonical":"https:\/\/www.carideal.com\/blog\/carideal-mandataire-auto-france\/macon\/","og_locale":"fr_FR","og_type":"article","og_title":"Carideal M\u00e2con Mandataire automobile Sa\u00f4ne-et-Loire - Blog auto Carid\u00e9al","og_description":"Carideal mandataire automobile - Macon - Choisissez votre voiture neuve et d'occasion pas ch\u00e8re et nous vous la livrons \u00e0 Macon ou ses alentours.","og_url":"https:\/\/www.carideal.com\/blog\/carideal-mandataire-auto-france\/macon\/","og_site_name":"Blog auto Carid\u00e9al","article_publisher":"https:\/\/www.facebook.com\/Carideal.mandataire.automobile","article_modified_time":"2020-01-26T16:24:54+00:00","og_image":[{"width":600,"height":300,"url":"https:\/\/www.carideal.com\/blog\/wp-content\/uploads\/2020\/01\/10000-mod\u00e8les-de-voitures-en-France-carideal-mandataire-automobile.jpg","type":"image\/jpeg"}],"twitter_card":"summary_large_image","twitter_site":"@caridealauto","twitter_misc":{"Dur\u00e9e de lecture estim\u00e9e":"2 minutes"},"schema":{"@context":"https:\/\/schema.org","@graph":[{"@type":"WebPage","@id":"https:\/\/www.carideal.com\/blog\/carideal-mandataire-auto-france\/macon\/","url":"https:\/\/www.carideal.com\/blog\/carideal-mandataire-auto-france\/macon\/","name":"Carideal M\u00e2con Mandataire automobile Sa\u00f4ne-et-Loire - Blog auto Carid\u00e9al","isPartOf":{"@id":"https:\/\/www.carideal.com\/blog\/#website"},"primaryImageOfPage":{"@id":"https:\/\/www.carideal.com\/blog\/carideal-mandataire-auto-france\/macon\/#primaryimage"},"image":{"@id":"https:\/\/www.carideal.com\/blog\/carideal-mandataire-auto-france\/macon\/#primaryimage"},"thumbnailUrl":"https:\/\/www.carideal.com\/blog\/wp-content\/uploads\/2020\/01\/10000-mod\u00e8les-de-voitures-en-France-carideal-mandataire-automobile.jpg","datePublished":"2017-09-20T16:43:52+00:00","dateModified":"2020-01-26T16:24:54+00:00","description":"Carideal mandataire automobile - Macon - Choisissez votre voiture neuve et d'occasion pas ch\u00e8re et nous vous la livrons \u00e0 Macon ou ses alentours.","breadcrumb":{"@id":"https:\/\/www.carideal.com\/blog\/carideal-mandataire-auto-france\/macon\/#breadcrumb"},"inLanguage":"fr-FR","potentialAction":[{"@type":"ReadAction","target":["https:\/\/www.carideal.com\/blog\/carideal-mandataire-auto-france\/macon\/"]}]},{"@type":"ImageObject","inLanguage":"fr-FR","@id":"https:\/\/www.carideal.com\/blog\/carideal-mandataire-auto-france\/macon\/#primaryimage","url":"https:\/\/www.carideal.com\/blog\/wp-content\/uploads\/2020\/01\/10000-mod\u00e8les-de-voitures-en-France-carideal-mandataire-automobile.jpg","contentUrl":"https:\/\/www.carideal.com\/blog\/wp-content\/uploads\/2020\/01\/10000-mod\u00e8les-de-voitures-en-France-carideal-mandataire-automobile.jpg","width":600,"height":300,"caption":"Mandataire automobile Macon"},{"@type":"BreadcrumbList","@id":"https:\/\/www.carideal.com\/blog\/carideal-mandataire-auto-france\/macon\/#breadcrumb","itemListElement":[{"@type":"ListItem","position":1,"name":"Blog Carid\u00e9al","item":"https:\/\/www.carideal.com\/blog\/"},{"@type":"ListItem","position":2,"name":"Mandataire Auto en France","item":"https:\/\/www.carideal.com\/blog\/carideal-mandataire-auto-france\/"},{"@type":"ListItem","position":3,"name":"Macon"}]},{"@type":"WebSite","@id":"https:\/\/www.carideal.com\/blog\/#website","url":"https:\/\/www.carideal.com\/blog\/","name":"Blog auto Carid\u00e9al","description":"Actualit\u00e9 auto par des passionn\u00e9s","publisher":{"@id":"https:\/\/www.carideal.com\/blog\/#organization"},"potentialAction":[{"@type":"SearchAction","target":{"@type":"EntryPoint","urlTemplate":"https:\/\/www.carideal.com\/blog\/?s={search_term_string}"},"query-input":{"@type":"PropertyValueSpecification","valueRequired":true,"valueName":"search_term_string"}}],"inLanguage":"fr-FR"},{"@type":"Organization","@id":"https:\/\/www.carideal.com\/blog\/#organization","name":"Carideal","url":"https:\/\/www.carideal.com\/blog\/","logo":{"@type":"ImageObject","inLanguage":"fr-FR","@id":"https:\/\/www.carideal.com\/blog\/#\/schema\/logo\/image\/","url":"http:\/\/www.carideal.com\/blog\/wp-content\/uploads\/2016\/03\/logo-carideal-mandataire-automobile.png","contentUrl":"http:\/\/www.carideal.com\/blog\/wp-content\/uploads\/2016\/03\/logo-carideal-mandataire-automobile.png","width":300,"height":300,"caption":"Carideal"},"image":{"@id":"https:\/\/www.carideal.com\/blog\/#\/schema\/logo\/image\/"},"sameAs":["https:\/\/www.facebook.com\/Carideal.mandataire.automobile","https:\/\/x.com\/caridealauto","https:\/\/www.instagram.com\/carideal1\/","https:\/\/www.linkedin.com\/company\/carideal.com","https:\/\/fr.pinterest.com\/schiavonsas\/","https:\/\/www.youtube.com\/user\/caridealsas"]}]}},"uagb_featured_image_src":{"full":["https:\/\/www.carideal.com\/blog\/wp-content\/uploads\/2020\/01\/10000-mod\u00e8les-de-voitures-en-France-carideal-mandataire-automobile.jpg",600,300,false],"thumbnail":["https:\/\/www.carideal.com\/blog\/wp-content\/uploads\/2020\/01\/10000-mod\u00e8les-de-voitures-en-France-carideal-mandataire-automobile-150x150.jpg",150,150,true],"medium":["https:\/\/www.carideal.com\/blog\/wp-content\/uploads\/2020\/01\/10000-mod\u00e8les-de-voitures-en-France-carideal-mandataire-automobile-300x150.jpg",300,150,true],"medium_large":["https:\/\/www.carideal.com\/blog\/wp-content\/uploads\/2020\/01\/10000-mod\u00e8les-de-voitures-en-France-carideal-mandataire-automobile.jpg",600,300,false],"large":["https:\/\/www.carideal.com\/blog\/wp-content\/uploads\/2020\/01\/10000-mod\u00e8les-de-voitures-en-France-carideal-mandataire-automobile.jpg",600,300,false],"1536x1536":["https:\/\/www.carideal.com\/blog\/wp-content\/uploads\/2020\/01\/10000-mod\u00e8les-de-voitures-en-France-carideal-mandataire-automobile.jpg",600,300,false],"2048x2048":["https:\/\/www.carideal.com\/blog\/wp-content\/uploads\/2020\/01\/10000-mod\u00e8les-de-voitures-en-France-carideal-mandataire-automobile.jpg",600,300,false],"wppr-widget":["https:\/\/www.carideal.com\/blog\/wp-content\/uploads\/2020\/01\/10000-mod\u00e8les-de-voitures-en-France-carideal-mandataire-automobile-50x25.jpg",50,25,true]},"uagb_author_info":{"display_name":"Nicolas SCHIAVON","author_link":"https:\/\/www.carideal.com\/blog\/author\/nschiavon\/"},"uagb_comment_info":0,"uagb_excerpt":"Contactez Carideal M\u00e2con Mandataire automobile Infos Carideal Macon | Actualit\u00e9 | Essais | Voiture d\u2019occasion | Voiture neuve | Financement | R\u00e9vision | Offres | Contactez nous | Guide d\u2019achat Carideal M\u00e2con est un mandataire automobile qui vous propose l'achat d'une voiture neuve pas ch\u00e8re \u00e0 M\u00e2con. Choisissez sur notre site Carideal.com la voiture qui\u2026","_links":{"self":[{"href":"https:\/\/www.carideal.com\/blog\/wp-json\/wp\/v2\/pages\/16462"}],"collection":[{"href":"https:\/\/www.carideal.com\/blog\/wp-json\/wp\/v2\/pages"}],"about":[{"href":"https:\/\/www.carideal.com\/blog\/wp-json\/wp\/v2\/types\/page"}],"author":[{"embeddable":true,"href":"https:\/\/www.carideal.com\/blog\/wp-json\/wp\/v2\/users\/3"}],"replies":[{"embeddable":true,"href":"https:\/\/www.carideal.com\/blog\/wp-json\/wp\/v2\/comments?post=16462"}],"version-history":[{"count":0,"href":"https:\/\/www.carideal.com\/blog\/wp-json\/wp\/v2\/pages\/16462\/revisions"}],"up":[{"embeddable":true,"href":"https:\/\/www.carideal.com\/blog\/wp-json\/wp\/v2\/pages\/16302"}],"wp:featuredmedia":[{"embeddable":true,"href":"https:\/\/www.carideal.com\/blog\/wp-json\/wp\/v2\/media\/21090"}],"wp:attachment":[{"href":"https:\/\/www.carideal.com\/blog\/wp-json\/wp\/v2\/media?parent=16462"}],"curies":[{"name":"wp","href":"https:\/\/api.w.org\/{rel}","templated":true}]}}