{"id":16440,"date":"2017-09-18T22:08:44","date_gmt":"2017-09-18T20:08:44","guid":{"rendered":"http:\/\/www.carideal.com\/blog\/?page_id=16440"},"modified":"2020-02-01T10:33:29","modified_gmt":"2020-02-01T09:33:29","slug":"peugeot-3008-occasion-macon","status":"publish","type":"page","link":"https:\/\/www.carideal.com\/blog\/peugeot-3008-occasion-macon\/","title":{"rendered":"Peugeot 3008 occasion M\u00e2con Sa\u00f4ne et Loire"},"content":{"rendered":"<h2>Peugeot 3008 occasion \u00e0 M\u00e2con en Sa\u00f4ne-et-Loire<\/h2>\n<p>Le <strong>PEUGEOT 3008 d'occasion \u00e0 M\u00e2con<\/strong> d\u00e9voile sa force et son caract\u00e8re. Dot\u00e9 d'un design \u00e9l\u00e9gant, ce m\u00e9lange distinct combine la robustesse et l'\u00e9l\u00e9gance. Explorez un monde technologique unique \u00e0 bord du nouveau 3008, tout en b\u00e9n\u00e9ficiant d'une exp\u00e9rience de conduite am\u00e9lior\u00e9e.<\/p>\n<figure id=\"attachment_16442\" aria-describedby=\"caption-attachment-16442\" style=\"width: 600px\" class=\"wp-caption aligncenter\"><img loading=\"lazy\" decoding=\"async\" class=\"size-full wp-image-16442\" src=\"http:\/\/www.carideal.com\/blog\/wp-content\/uploads\/2017\/09\/peugeot-3008-2-2016.jpg\" alt=\"Peugeot 3008 occasion Macon\" width=\"610\" height=\"458\" srcset=\"https:\/\/www.carideal.com\/blog\/wp-content\/uploads\/2017\/09\/peugeot-3008-2-2016.jpg 610w, https:\/\/www.carideal.com\/blog\/wp-content\/uploads\/2017\/09\/peugeot-3008-2-2016-300x225.jpg 300w, https:\/\/www.carideal.com\/blog\/wp-content\/uploads\/2017\/09\/peugeot-3008-2-2016-110x83.jpg 110w, https:\/\/www.carideal.com\/blog\/wp-content\/uploads\/2017\/09\/peugeot-3008-2-2016-420x315.jpg 420w, https:\/\/www.carideal.com\/blog\/wp-content\/uploads\/2017\/09\/peugeot-3008-2-2016-573x430.jpg 573w, https:\/\/www.carideal.com\/blog\/wp-content\/uploads\/2017\/09\/peugeot-3008-2-2016-50x38.jpg 50w\" sizes=\"(max-width: 610px) 100vw, 610px\" \/><figcaption id=\"caption-attachment-16442\" class=\"wp-caption-text\">Peugeot 3008 occasion Macon<\/figcaption><\/figure>\n<ul>\n<li><a href=\"http:\/\/www.carideal.com\/blog\/voitures-occasions\/voiture-occasion-macon\/\">Voiture d'occasion \u00e0 M\u00e2con<\/a><\/li>\n<\/ul>\n<p>Amusez-vous avec la puissante fa\u00e7ade\u00a0du nouveau PEUGEOT 3008, avec sa grille \u00e0 carreaux chrom\u00e9s\u00a0et des phares LED int\u00e9gr\u00e9s ajoutant au look \u00e9l\u00e9gant et f\u00e9lin. D\u00e9couvrez les lignes fluides et dynamiques de la voiture, accentu\u00e9es par des inserts \u00e9l\u00e9gants en chrome.<\/p>\n<p>Dot\u00e9 d'un design unique et pointu, le nouveau PEUGEOT 3008 est encore plus frappant gr\u00e2ce \u00e0 son Black Diamond (tooltip: en option ou indisponible, selon le mod\u00e8le), le toit et le panneau arri\u00e8re noir brillant incorporant des feux de jour LED, rappelant trois marques de griffes.<\/p>\n<p><a href=\"http:\/\/www.carideal.com\/blog\/contactez-nous\/\">R\u00c9SERVEZ UN\u00a0ESSAI<\/a><\/p>\n<p>Vous \u00eates \u00e0 la recherche d'un Peugeot 3008 d'occasion \u00e0 M\u00e2con ou ses alentours ? Carideal vous aide et vous la trouve. Que ce soit une premi\u00e8re version ou le nouveau Peugeot 3008 d'occasion 2017, nous vous proposons un grand choix de Peugeot 3008 d'occasion sur M\u00e2con.<\/p>\n<p>Le nouveau PEUGEOT 3008 d'occasion offre instantan\u00e9ment un sentiment d'harmonie avec ses proportions finement \u00e9quilibr\u00e9es.<br \/>\nInspirez-vous de son puissant front vertical et choisissez l'une des options suivantes :<br \/>\n- Une grille de radiateur avec facettes chrom\u00e9es, entour\u00e9e de phares halog\u00e8nes tranchants et lumineux<br \/>\n- Une grille de radiateur \u00e0 carreaux cisel\u00e9 * combin\u00e9e avec LED compl\u00e8te (tootlip : option uniquement disponible sur le mod\u00e8le Allure) pour un look \u00e9l\u00e9gant et f\u00e9lin<br \/>\nLe look robuste du PEUGEOT 3008 d'occasion se poursuit avec son capot horizontal et nervur\u00e9, tandis que les inserts \u00e9l\u00e9gants en chrome (tooltip: standard ou indisponible, selon le mod\u00e8le) et les cales en acier inoxydable soulignent ses lignes fluides et dynamiques.<\/p>\n<p>Avec une position de conduite sur\u00e9lev\u00e9e et une garde au sol accrue, le nouveau PEUGEOT 3008 d'occasion a une conduite pr\u00e9cise et exceptionnelle de la route. Une fois que vous profitez de cette conduite s\u00e9curitaire et lisse sur la route, vous ne pourrez pas arr\u00eater de le conduire\u202f!<br \/>\nLe nouveau PEUGEOT 3008 a obtenu la note la plus \u00e9lev\u00e9e possible de 5 \u00e9toiles dans le programme 2016 Euro NCAP d'\u00e9valuation de la performance de la s\u00e9curit\u00e9 automobile.<\/p>\n<p>Avez-vous les mains pleines ? Gr\u00e2ce au porte-bagages intelligent et ergonomique (info-bulle: optionnel ou non, selon le mod\u00e8le), l'ouverture de la voiture peut s'ouvrir et se fermer lui-m\u00eame pour rendre le chargement sans tracas. D\u00e9placez simplement votre pied sous le pare-chocs pour l'activer ... Et rendez votre vie plus facile.<br \/>\n<iframe loading=\"lazy\" src=\"https:\/\/www.youtube.com\/embed\/UY6QVH6Gq6U\" width=\"560\" height=\"315\" frameborder=\"0\" allowfullscreen=\"allowfullscreen\"><\/iframe><\/p>\n<h2>L'achat d'une Peugeot 3008 d'occasion \u00e0 M\u00e2con<\/h2>\n<p>Profitez de nos offres de Peugeot 3008 d'occasion. \u00c9tablissez un devis pour une 3008 d'occasion puis r\u00e9servez l\u00e0 en ligne et notre service administratif vous contactera afin d'\u00e9tablir le dossier administratif afin d'\u00e9tablir le dossier pour la carte grise. Notre \u00e9quipe se charge des formalit\u00e9s \u00e0 <a href=\"http:\/\/www.carideal.com\/blog\/carideal-mandataire-auto-france\/macon\/\">M\u00e2con<\/a>. Nos conseillers vous proposeront des <a href=\"http:\/\/www.carideal.com\/blog\/credit-auto\/\">offres de financement<\/a> adapt\u00e9es \u00e0 votre besoin pour votre budget. Si vous ne trouvez pas la Peugeot 3008 d'occasion de vos r\u00eaves \u00e0 M\u00e2con, <a href=\"http:\/\/www.carideal.com\/blog\/contactez-nous\/\">contactez-nous<\/a> et nous vous la trouvons. Notre service logistique vous proposera une livraison de votre Peugeot 3008 d'occasion \u00e0 M\u00e2con et ses alentours et si possible devant votre porte.<br \/>\n<iframe loading=\"lazy\" style=\"border: 0;\" src=\"https:\/\/www.google.com\/maps\/embed?pb=!1m18!1m12!1m3!1d88165.11197941889!2d4.738298265852731!3d46.32652256837523!2m3!1f0!2f0!3f0!3m2!1i1024!2i768!4f13.1!3m3!1m2!1s0x47f36e10533fde53%3A0x409ce34b30ee490!2s71000+M%C3%A2con!5e0!3m2!1sen!2sfr!4v1505796473029\" width=\"600\" height=\"450\" frameborder=\"0\" allowfullscreen=\"allowfullscreen\"><\/iframe><br \/>\nPeugeot 3008 occasion HDI Macon<br \/>\nPeugeot 3008 occasion Puretech Macon<br \/>\nPeugeot 3008 occasion GT Line Macon<br \/>\nPeugeot 3008 occasion THP Macon<br \/>\nPeugeot 3008 occasion Allure Macon<\/p>\n","protected":false},"excerpt":{"rendered":"<p>Peugeot 3008 occasion \u00e0 M\u00e2con en Sa\u00f4ne-et-Loire Le PEUGEOT 3008 d&rsquo;occasion \u00e0 M\u00e2con d\u00e9voile sa force et son caract\u00e8re. Dot\u00e9 d&rsquo;un design \u00e9l\u00e9gant, ce m\u00e9lange distinct combine la robustesse et l&rsquo;\u00e9l\u00e9gance. Explorez un monde technologique unique \u00e0 bord du nouveau 3008, tout en b\u00e9n\u00e9ficiant d&rsquo;une exp\u00e9rience de conduite am\u00e9lior\u00e9e. Voiture d&rsquo;occasion \u00e0 M\u00e2con Amusez-vous avec &#8230; <a title=\"Peugeot 3008 occasion M\u00e2con Sa\u00f4ne et Loire\" class=\"read-more\" href=\"https:\/\/www.carideal.com\/blog\/peugeot-3008-occasion-macon\/\" aria-label=\"En savoir plus sur Peugeot 3008 occasion M\u00e2con Sa\u00f4ne et Loire\">Lire plus<\/a><\/p>\n","protected":false},"author":3,"featured_media":16442,"parent":0,"menu_order":0,"comment_status":"closed","ping_status":"closed","template":"","meta":{"_uag_custom_page_level_css":"","_themeisle_gutenberg_block_has_review":false,"footnotes":""},"class_list":["post-16440","page","type-page","status-publish","has-post-thumbnail"],"wppr_data":{"cwp_meta_box_check":"No"},"yoast_head":"<!-- This site is optimized with the Yoast SEO plugin v24.8.1 - https:\/\/yoast.com\/wordpress\/plugins\/seo\/ -->\n<title>Peugeot 3008 occasion M\u00e2con Sa\u00f4ne et Loire - Blog auto Carid\u00e9al<\/title>\n<meta name=\"description\" content=\"Carideal Mandataire automobile d&#039;occasion vous aide dans votre choix \u00e0 trouver votre Peugeot 3008 d&#039;occasion \u00e0 Macon en Sa\u00f4ne et Loire.\" \/>\n<meta name=\"robots\" content=\"index, follow, max-snippet:-1, max-image-preview:large, max-video-preview:-1\" \/>\n<link rel=\"canonical\" href=\"https:\/\/www.carideal.com\/blog\/peugeot-3008-occasion-macon\/\" \/>\n<meta property=\"og:locale\" content=\"fr_FR\" \/>\n<meta property=\"og:type\" content=\"article\" \/>\n<meta property=\"og:title\" content=\"Peugeot 3008 occasion M\u00e2con Sa\u00f4ne et Loire - Blog auto Carid\u00e9al\" \/>\n<meta property=\"og:description\" content=\"Carideal Mandataire automobile d&#039;occasion vous aide dans votre choix \u00e0 trouver votre Peugeot 3008 d&#039;occasion \u00e0 Macon en Sa\u00f4ne et Loire.\" \/>\n<meta property=\"og:url\" content=\"https:\/\/www.carideal.com\/blog\/peugeot-3008-occasion-macon\/\" \/>\n<meta property=\"og:site_name\" content=\"Blog auto Carid\u00e9al\" \/>\n<meta property=\"article:publisher\" content=\"https:\/\/www.facebook.com\/Carideal.mandataire.automobile\" \/>\n<meta property=\"article:modified_time\" content=\"2020-02-01T09:33:29+00:00\" \/>\n<meta property=\"og:image\" content=\"https:\/\/www.carideal.com\/blog\/wp-content\/uploads\/2017\/09\/peugeot-3008-2-2016.jpg\" \/>\n\t<meta property=\"og:image:width\" content=\"610\" \/>\n\t<meta property=\"og:image:height\" content=\"458\" \/>\n\t<meta property=\"og:image:type\" content=\"image\/jpeg\" \/>\n<meta name=\"twitter:card\" content=\"summary_large_image\" \/>\n<meta name=\"twitter:site\" content=\"@caridealauto\" \/>\n<meta name=\"twitter:label1\" content=\"Dur\u00e9e de lecture estim\u00e9e\" \/>\n\t<meta name=\"twitter:data1\" content=\"3 minutes\" \/>\n<script type=\"application\/ld+json\" class=\"yoast-schema-graph\">{\"@context\":\"https:\/\/schema.org\",\"@graph\":[{\"@type\":\"WebPage\",\"@id\":\"https:\/\/www.carideal.com\/blog\/peugeot-3008-occasion-macon\/\",\"url\":\"https:\/\/www.carideal.com\/blog\/peugeot-3008-occasion-macon\/\",\"name\":\"Peugeot 3008 occasion M\u00e2con Sa\u00f4ne et Loire - Blog auto Carid\u00e9al\",\"isPartOf\":{\"@id\":\"https:\/\/www.carideal.com\/blog\/#website\"},\"primaryImageOfPage\":{\"@id\":\"https:\/\/www.carideal.com\/blog\/peugeot-3008-occasion-macon\/#primaryimage\"},\"image\":{\"@id\":\"https:\/\/www.carideal.com\/blog\/peugeot-3008-occasion-macon\/#primaryimage\"},\"thumbnailUrl\":\"https:\/\/www.carideal.com\/blog\/wp-content\/uploads\/2017\/09\/peugeot-3008-2-2016.jpg\",\"datePublished\":\"2017-09-18T20:08:44+00:00\",\"dateModified\":\"2020-02-01T09:33:29+00:00\",\"description\":\"Carideal Mandataire automobile d'occasion vous aide dans votre choix \u00e0 trouver votre Peugeot 3008 d'occasion \u00e0 Macon en Sa\u00f4ne et Loire.\",\"breadcrumb\":{\"@id\":\"https:\/\/www.carideal.com\/blog\/peugeot-3008-occasion-macon\/#breadcrumb\"},\"inLanguage\":\"fr-FR\",\"potentialAction\":[{\"@type\":\"ReadAction\",\"target\":[\"https:\/\/www.carideal.com\/blog\/peugeot-3008-occasion-macon\/\"]}]},{\"@type\":\"ImageObject\",\"inLanguage\":\"fr-FR\",\"@id\":\"https:\/\/www.carideal.com\/blog\/peugeot-3008-occasion-macon\/#primaryimage\",\"url\":\"https:\/\/www.carideal.com\/blog\/wp-content\/uploads\/2017\/09\/peugeot-3008-2-2016.jpg\",\"contentUrl\":\"https:\/\/www.carideal.com\/blog\/wp-content\/uploads\/2017\/09\/peugeot-3008-2-2016.jpg\",\"width\":610,\"height\":458,\"caption\":\"Peugeot 3008 occasion Macon\"},{\"@type\":\"BreadcrumbList\",\"@id\":\"https:\/\/www.carideal.com\/blog\/peugeot-3008-occasion-macon\/#breadcrumb\",\"itemListElement\":[{\"@type\":\"ListItem\",\"position\":1,\"name\":\"Blog Carid\u00e9al\",\"item\":\"https:\/\/www.carideal.com\/blog\/\"},{\"@type\":\"ListItem\",\"position\":2,\"name\":\"Peugeot 3008 occasion M\u00e2con Sa\u00f4ne et Loire\"}]},{\"@type\":\"WebSite\",\"@id\":\"https:\/\/www.carideal.com\/blog\/#website\",\"url\":\"https:\/\/www.carideal.com\/blog\/\",\"name\":\"Blog auto Carid\u00e9al\",\"description\":\"Actualit\u00e9 auto par des passionn\u00e9s\",\"publisher\":{\"@id\":\"https:\/\/www.carideal.com\/blog\/#organization\"},\"potentialAction\":[{\"@type\":\"SearchAction\",\"target\":{\"@type\":\"EntryPoint\",\"urlTemplate\":\"https:\/\/www.carideal.com\/blog\/?s={search_term_string}\"},\"query-input\":{\"@type\":\"PropertyValueSpecification\",\"valueRequired\":true,\"valueName\":\"search_term_string\"}}],\"inLanguage\":\"fr-FR\"},{\"@type\":\"Organization\",\"@id\":\"https:\/\/www.carideal.com\/blog\/#organization\",\"name\":\"Carideal\",\"url\":\"https:\/\/www.carideal.com\/blog\/\",\"logo\":{\"@type\":\"ImageObject\",\"inLanguage\":\"fr-FR\",\"@id\":\"https:\/\/www.carideal.com\/blog\/#\/schema\/logo\/image\/\",\"url\":\"http:\/\/www.carideal.com\/blog\/wp-content\/uploads\/2016\/03\/logo-carideal-mandataire-automobile.png\",\"contentUrl\":\"http:\/\/www.carideal.com\/blog\/wp-content\/uploads\/2016\/03\/logo-carideal-mandataire-automobile.png\",\"width\":300,\"height\":300,\"caption\":\"Carideal\"},\"image\":{\"@id\":\"https:\/\/www.carideal.com\/blog\/#\/schema\/logo\/image\/\"},\"sameAs\":[\"https:\/\/www.facebook.com\/Carideal.mandataire.automobile\",\"https:\/\/x.com\/caridealauto\",\"https:\/\/www.instagram.com\/carideal1\/\",\"https:\/\/www.linkedin.com\/company\/carideal.com\",\"https:\/\/fr.pinterest.com\/schiavonsas\/\",\"https:\/\/www.youtube.com\/user\/caridealsas\"]}]}<\/script>\n<!-- \/ Yoast SEO plugin. -->","yoast_head_json":{"title":"Peugeot 3008 occasion M\u00e2con Sa\u00f4ne et Loire - Blog auto Carid\u00e9al","description":"Carideal Mandataire automobile d'occasion vous aide dans votre choix \u00e0 trouver votre Peugeot 3008 d'occasion \u00e0 Macon en Sa\u00f4ne et Loire.","robots":{"index":"index","follow":"follow","max-snippet":"max-snippet:-1","max-image-preview":"max-image-preview:large","max-video-preview":"max-video-preview:-1"},"canonical":"https:\/\/www.carideal.com\/blog\/peugeot-3008-occasion-macon\/","og_locale":"fr_FR","og_type":"article","og_title":"Peugeot 3008 occasion M\u00e2con Sa\u00f4ne et Loire - Blog auto Carid\u00e9al","og_description":"Carideal Mandataire automobile d'occasion vous aide dans votre choix \u00e0 trouver votre Peugeot 3008 d'occasion \u00e0 Macon en Sa\u00f4ne et Loire.","og_url":"https:\/\/www.carideal.com\/blog\/peugeot-3008-occasion-macon\/","og_site_name":"Blog auto Carid\u00e9al","article_publisher":"https:\/\/www.facebook.com\/Carideal.mandataire.automobile","article_modified_time":"2020-02-01T09:33:29+00:00","og_image":[{"width":610,"height":458,"url":"https:\/\/www.carideal.com\/blog\/wp-content\/uploads\/2017\/09\/peugeot-3008-2-2016.jpg","type":"image\/jpeg"}],"twitter_card":"summary_large_image","twitter_site":"@caridealauto","twitter_misc":{"Dur\u00e9e de lecture estim\u00e9e":"3 minutes"},"schema":{"@context":"https:\/\/schema.org","@graph":[{"@type":"WebPage","@id":"https:\/\/www.carideal.com\/blog\/peugeot-3008-occasion-macon\/","url":"https:\/\/www.carideal.com\/blog\/peugeot-3008-occasion-macon\/","name":"Peugeot 3008 occasion M\u00e2con Sa\u00f4ne et Loire - Blog auto Carid\u00e9al","isPartOf":{"@id":"https:\/\/www.carideal.com\/blog\/#website"},"primaryImageOfPage":{"@id":"https:\/\/www.carideal.com\/blog\/peugeot-3008-occasion-macon\/#primaryimage"},"image":{"@id":"https:\/\/www.carideal.com\/blog\/peugeot-3008-occasion-macon\/#primaryimage"},"thumbnailUrl":"https:\/\/www.carideal.com\/blog\/wp-content\/uploads\/2017\/09\/peugeot-3008-2-2016.jpg","datePublished":"2017-09-18T20:08:44+00:00","dateModified":"2020-02-01T09:33:29+00:00","description":"Carideal Mandataire automobile d'occasion vous aide dans votre choix \u00e0 trouver votre Peugeot 3008 d'occasion \u00e0 Macon en Sa\u00f4ne et Loire.","breadcrumb":{"@id":"https:\/\/www.carideal.com\/blog\/peugeot-3008-occasion-macon\/#breadcrumb"},"inLanguage":"fr-FR","potentialAction":[{"@type":"ReadAction","target":["https:\/\/www.carideal.com\/blog\/peugeot-3008-occasion-macon\/"]}]},{"@type":"ImageObject","inLanguage":"fr-FR","@id":"https:\/\/www.carideal.com\/blog\/peugeot-3008-occasion-macon\/#primaryimage","url":"https:\/\/www.carideal.com\/blog\/wp-content\/uploads\/2017\/09\/peugeot-3008-2-2016.jpg","contentUrl":"https:\/\/www.carideal.com\/blog\/wp-content\/uploads\/2017\/09\/peugeot-3008-2-2016.jpg","width":610,"height":458,"caption":"Peugeot 3008 occasion Macon"},{"@type":"BreadcrumbList","@id":"https:\/\/www.carideal.com\/blog\/peugeot-3008-occasion-macon\/#breadcrumb","itemListElement":[{"@type":"ListItem","position":1,"name":"Blog Carid\u00e9al","item":"https:\/\/www.carideal.com\/blog\/"},{"@type":"ListItem","position":2,"name":"Peugeot 3008 occasion M\u00e2con Sa\u00f4ne et Loire"}]},{"@type":"WebSite","@id":"https:\/\/www.carideal.com\/blog\/#website","url":"https:\/\/www.carideal.com\/blog\/","name":"Blog auto Carid\u00e9al","description":"Actualit\u00e9 auto par des passionn\u00e9s","publisher":{"@id":"https:\/\/www.carideal.com\/blog\/#organization"},"potentialAction":[{"@type":"SearchAction","target":{"@type":"EntryPoint","urlTemplate":"https:\/\/www.carideal.com\/blog\/?s={search_term_string}"},"query-input":{"@type":"PropertyValueSpecification","valueRequired":true,"valueName":"search_term_string"}}],"inLanguage":"fr-FR"},{"@type":"Organization","@id":"https:\/\/www.carideal.com\/blog\/#organization","name":"Carideal","url":"https:\/\/www.carideal.com\/blog\/","logo":{"@type":"ImageObject","inLanguage":"fr-FR","@id":"https:\/\/www.carideal.com\/blog\/#\/schema\/logo\/image\/","url":"http:\/\/www.carideal.com\/blog\/wp-content\/uploads\/2016\/03\/logo-carideal-mandataire-automobile.png","contentUrl":"http:\/\/www.carideal.com\/blog\/wp-content\/uploads\/2016\/03\/logo-carideal-mandataire-automobile.png","width":300,"height":300,"caption":"Carideal"},"image":{"@id":"https:\/\/www.carideal.com\/blog\/#\/schema\/logo\/image\/"},"sameAs":["https:\/\/www.facebook.com\/Carideal.mandataire.automobile","https:\/\/x.com\/caridealauto","https:\/\/www.instagram.com\/carideal1\/","https:\/\/www.linkedin.com\/company\/carideal.com","https:\/\/fr.pinterest.com\/schiavonsas\/","https:\/\/www.youtube.com\/user\/caridealsas"]}]}},"uagb_featured_image_src":{"full":["https:\/\/www.carideal.com\/blog\/wp-content\/uploads\/2017\/09\/peugeot-3008-2-2016.jpg",610,458,false],"thumbnail":["https:\/\/www.carideal.com\/blog\/wp-content\/uploads\/2017\/09\/peugeot-3008-2-2016-150x150.jpg",150,150,true],"medium":["https:\/\/www.carideal.com\/blog\/wp-content\/uploads\/2017\/09\/peugeot-3008-2-2016-300x225.jpg",300,225,true],"medium_large":["https:\/\/www.carideal.com\/blog\/wp-content\/uploads\/2017\/09\/peugeot-3008-2-2016.jpg",610,458,false],"large":["https:\/\/www.carideal.com\/blog\/wp-content\/uploads\/2017\/09\/peugeot-3008-2-2016.jpg",610,458,false],"1536x1536":["https:\/\/www.carideal.com\/blog\/wp-content\/uploads\/2017\/09\/peugeot-3008-2-2016.jpg",610,458,false],"2048x2048":["https:\/\/www.carideal.com\/blog\/wp-content\/uploads\/2017\/09\/peugeot-3008-2-2016.jpg",610,458,false],"wppr-widget":["https:\/\/www.carideal.com\/blog\/wp-content\/uploads\/2017\/09\/peugeot-3008-2-2016.jpg",50,38,false]},"uagb_author_info":{"display_name":"Nicolas SCHIAVON","author_link":"https:\/\/www.carideal.com\/blog\/author\/nschiavon\/"},"uagb_comment_info":0,"uagb_excerpt":"Peugeot 3008 occasion \u00e0 M\u00e2con en Sa\u00f4ne-et-Loire Le PEUGEOT 3008 d'occasion \u00e0 M\u00e2con d\u00e9voile sa force et son caract\u00e8re. Dot\u00e9 d'un design \u00e9l\u00e9gant, ce m\u00e9lange distinct combine la robustesse et l'\u00e9l\u00e9gance. Explorez un monde technologique unique \u00e0 bord du nouveau 3008, tout en b\u00e9n\u00e9ficiant d'une exp\u00e9rience de conduite am\u00e9lior\u00e9e. Voiture d'occasion \u00e0 M\u00e2con Amusez-vous avec\u2026","_links":{"self":[{"href":"https:\/\/www.carideal.com\/blog\/wp-json\/wp\/v2\/pages\/16440"}],"collection":[{"href":"https:\/\/www.carideal.com\/blog\/wp-json\/wp\/v2\/pages"}],"about":[{"href":"https:\/\/www.carideal.com\/blog\/wp-json\/wp\/v2\/types\/page"}],"author":[{"embeddable":true,"href":"https:\/\/www.carideal.com\/blog\/wp-json\/wp\/v2\/users\/3"}],"replies":[{"embeddable":true,"href":"https:\/\/www.carideal.com\/blog\/wp-json\/wp\/v2\/comments?post=16440"}],"version-history":[{"count":0,"href":"https:\/\/www.carideal.com\/blog\/wp-json\/wp\/v2\/pages\/16440\/revisions"}],"wp:featuredmedia":[{"embeddable":true,"href":"https:\/\/www.carideal.com\/blog\/wp-json\/wp\/v2\/media\/16442"}],"wp:attachment":[{"href":"https:\/\/www.carideal.com\/blog\/wp-json\/wp\/v2\/media?parent=16440"}],"curies":[{"name":"wp","href":"https:\/\/api.w.org\/{rel}","templated":true}]}}