{"id":16432,"date":"2017-09-18T20:45:47","date_gmt":"2017-09-18T18:45:47","guid":{"rendered":"http:\/\/www.carideal.com\/blog\/?page_id=16432"},"modified":"2021-05-21T10:58:21","modified_gmt":"2021-05-21T08:58:21","slug":"voiture-occasion-macon","status":"publish","type":"page","link":"https:\/\/www.carideal.com\/blog\/voitures-occasions\/voiture-occasion-macon\/","title":{"rendered":"Voiture occasion M\u00e2con Sa\u00f4ne-et-Loire"},"content":{"rendered":"\n<h2 class=\"wp-block-heading\">Voiture d'occasion \u00e0 M\u00e2con<\/h2>\n\n\n\n<p>Si vous \u00eates \u00e0 la recherche d'une <strong>voiture d'occasion \u00e0 M\u00e2con<\/strong>, restez sur cette page vous \u00eates au bon endroit. <a href=\"http:\/\/www.carideal.com\/\">Carideal<\/a> votre <a href=\"http:\/\/www.carideal.com\/blog\/carideal-mandataire-auto-france\/macon\/\">mandataire auto<\/a> est le leader de la <a href=\"http:\/\/www.carideal.com\/blog\/meilleur-site-pour-vendre-voiture\/\">vente de voiture d'occasion en ligne.<\/a> Nos proposons des centaines de <a href=\"http:\/\/www.carideal.com\/blog\/voitures-occasions\/\">voitures d'occasions<\/a>.<\/p>\n\n\n\n<p>Toutes les marques | Peugeot | Citro\u00ebn | Renault | Dacia | Volkswagen | Kia | Land Rover<\/p>\n\n\n\n<div class=\"wp-block-image size-full wp-image-21431\"><figure class=\"aligncenter\"><img loading=\"lazy\" decoding=\"async\" width=\"600\" height=\"300\" src=\"http:\/\/www.carideal.com\/blog\/wp-content\/uploads\/2020\/02\/10000-mod\u00e8les-de-voitures-en-France-carideal-mandataire-automobile-1.jpg\" alt=\"Voiture occasion M\u00e2con\" class=\"wp-image-21431\" srcset=\"https:\/\/www.carideal.com\/blog\/wp-content\/uploads\/2020\/02\/10000-mod\u00e8les-de-voitures-en-France-carideal-mandataire-automobile-1.jpg 600w, https:\/\/www.carideal.com\/blog\/wp-content\/uploads\/2020\/02\/10000-mod\u00e8les-de-voitures-en-France-carideal-mandataire-automobile-1-300x150.jpg 300w, https:\/\/www.carideal.com\/blog\/wp-content\/uploads\/2020\/02\/10000-mod\u00e8les-de-voitures-en-France-carideal-mandataire-automobile-1-50x25.jpg 50w, https:\/\/www.carideal.com\/blog\/wp-content\/uploads\/2020\/02\/10000-mod\u00e8les-de-voitures-en-France-carideal-mandataire-automobile-1-110x55.jpg 110w, https:\/\/www.carideal.com\/blog\/wp-content\/uploads\/2020\/02\/10000-mod\u00e8les-de-voitures-en-France-carideal-mandataire-automobile-1-420x210.jpg 420w\" sizes=\"(max-width: 600px) 100vw, 600px\" \/><figcaption>Voiture occasion M\u00e2con<\/figcaption><\/figure><\/div>\n\n\n\n<p>M\u00e2con, est une petite ville dans le centre-est de la France. C'est la pr\u00e9fecture du d\u00e9partement de Sa\u00f4ne-et-Loire en Bourgogne-Franche-Comt\u00e9. M\u00e2con abrite plus de 34 000 habitants, dont on parle en fran\u00e7ais comme M\u00e2connais.<\/p>\n\n\n\n<p>La ville se trouve sur la rive ouest de la Sa\u00f4ne, entre Bresse \u00e0 l'est et les collines du Beaujolais au sud. M\u00e2con est la ville la plus m\u00e9ridionale du d\u00e9partement de Sa\u00f4ne-et-Loire et de la r\u00e9gion de Bourgogne-Franche-Comt\u00e9. Il est \u00e0 65 kilom\u00e8tres au nord de Lyon et \u00e0 400 kilom\u00e8tres (249 milles) de Paris.<\/p>\n\n\n\n<ul class=\"wp-block-list\"><li>Achat&nbsp;Voiture d'occasion<\/li><\/ul>\n\n\n\n<p>La rivi\u00e8re Sa\u00f4ne traverse la ville. Le climat est temp\u00e9r\u00e9 avec une l\u00e9g\u00e8re tendance continentale.<\/p>\n\n\n\n<p>La vente de <strong>voiture d'occasion \u00e0 Macon<\/strong> est \u00e0 la hauteur de son nombre d'habitants, pas tr\u00e8s \u00e9lev\u00e9. Vous pouvez consulter toutes nos offres de voiture d'occasion pour trouver celle qui vous convient. Si vous ne trouvez pas votre bonheur parmi notre choix de <a href=\"http:\/\/www.carideal.com\/blog\/voitures-occasions\/\">voiture d'occasion<\/a>, <a href=\"http:\/\/www.carideal.com\/blog\/contactez-nous\/\">contactez-nous<\/a>&nbsp;et nous la trouvons pour vous.<\/p>\n\n\n\n<h3 class=\"wp-block-heading\">Estimer la valeur de votre voiture<\/h3>\n\n\n\n<p>Avant de passer \u00e0 l'acte et de choisir votre voiture d'occasion vous voudrez conna\u00eetre la valeur de la v\u00f4tre : nous vous proposons d'estimer le prix de votre voiture gratuitement pour vous, pour cela il vous suffit de nous contacter. Avant de finaliser l'achat de votre voiture \u00e0 M\u00e2con, nous pouvons vous conseiller un <a href=\"http:\/\/www.carideal.com\/blog\/credit-auto\/\">financement automobile<\/a> afin qu'il vous convienne au mieux suivant vos besoins.<\/p>\n\n\n\n<h3 class=\"wp-block-heading\">Choisissez votre voiture d'occasion et nous la livrons \u00e0 M\u00e2con chez vous<\/h3>\n\n\n\n<p>Vous avez trouv\u00e9 votre voiture sur notre site Carideal.com, mandataire auto d'occasion : nous vous la livrons chez vous \u00e0 M\u00e2con et sa r\u00e9gion. Avec notre programme <a href=\"http:\/\/www.carideal.com\/content\/9-carideal-livraison-partout-en-france\">livraison de votre voiture partout en France<\/a>, notre service logistique vous livre devant votre porte si la voirie le permet.<\/p>\n\n\n\n<p>En effet apr\u00e8s&nbsp;avoir effectu\u00e9 votre devis en ligne sur notre site internet, vous r\u00e9servez votre voiture d'occasion : notre service administratif prend contact avec vous afin d'\u00e9tablir tous les papiers pour l'immatriculation de votre v\u00e9hicule&nbsp;suite \u00e0&nbsp;l'achat de votre voiture d'occasion.<\/p>\n\n\n\n<p>Votre conseiller Carideal vous proposera des <a href=\"http:\/\/www.carideal.com\/blog\/2015\/06\/03\/garantie-voitures-doccasions\/\">extensions de garantie<\/a> et des offres de contrat de maintenance afin de planifier vos r\u00e9visions suivant des forfaits annuel, de sorte que vous n'ayez aucune surprise avec votre achat d'une voiture d'occasion \u00e0 M\u00e2con chez Carideal.<\/p>\n\n\n\n<p>Citroen occasion Macon<br>Peugeot occasion Macon<br>Renault occasion Macon<br>Dacia occasion Macon<br>Volkswagen occasion Macon<br>BMW occasion Macon<br>Audi occasion Macon<br><a href=\"http:\/\/www.carideal.com\/blog\/peugeot-3008-occasion-macon\/\">Peugeot 3008 occasion Macon<\/a><\/p>\n\n\n\n<h3 class=\"wp-block-heading\">Trouvez votre voiture d'occasion en France<\/h3>\n\n\n\n<ul class=\"wp-block-list\"><li><a href=\"http:\/\/www.carideal.com\/blog\/voitures-occasions\/annecy\/\">Voitures d'occasions \u00e0 Annecy<\/a><\/li><li><a href=\"http:\/\/www.carideal.com\/blog\/voitures-occasions\/bordeaux\/\">Voitures d'occasions \u00e0 Bordeaux<\/a><\/li><li><a href=\"http:\/\/www.carideal.com\/blog\/voitures-occasions\/gap\/\">Voitures d'occasions \u00e0 Gap<\/a><\/li><li><a href=\"http:\/\/www.carideal.com\/blog\/voitures-occasions\/lyon\/\">Voitures d'occasions \u00e0 Lyon<\/a><\/li><li><a href=\"http:\/\/www.carideal.com\/blog\/voitures-occasions\/paris\/\">Voitures d'occasion \u00e0 Paris<\/a><\/li><li><a href=\"http:\/\/www.carideal.com\/blog\/voitures-occasions\/voiture-occasion-macon\/\">Voitures d'occasions \u00e0 M\u00e2con<\/a><\/li><li><a href=\"http:\/\/www.carideal.com\/blog\/voitures-occasions\/marseille\/\">Voitures d'occasion \u00e0 Marseille<\/a><\/li><li><a href=\"http:\/\/www.carideal.com\/blog\/voitures-occasions\/metz\/\">Voitures d'occasions \u00e0 Metz<\/a><\/li><li><a href=\"http:\/\/www.carideal.com\/blog\/voitures-occasions\/metz\/\">Voitures d'occasions \u00e0 Montpellier<\/a><\/li><li><a href=\"http:\/\/www.carideal.com\/blog\/voitures-occasions\/nantes\/\">Voitures d'occasions \u00e0 Nantes<\/a><\/li><\/ul>\n","protected":false},"excerpt":{"rendered":"<p>Voiture d&rsquo;occasion \u00e0 M\u00e2con Si vous \u00eates \u00e0 la recherche d&rsquo;une voiture d&rsquo;occasion \u00e0 M\u00e2con, restez sur cette page vous \u00eates au bon endroit. Carideal votre mandataire auto est le leader de la vente de voiture d&rsquo;occasion en ligne. Nos proposons des centaines de voitures d&rsquo;occasions. Toutes les marques | Peugeot | Citro\u00ebn | Renault &#8230; <a title=\"Voiture occasion M\u00e2con Sa\u00f4ne-et-Loire\" class=\"read-more\" href=\"https:\/\/www.carideal.com\/blog\/voitures-occasions\/voiture-occasion-macon\/\" aria-label=\"En savoir plus sur Voiture occasion M\u00e2con Sa\u00f4ne-et-Loire\">Lire plus<\/a><\/p>\n","protected":false},"author":3,"featured_media":21431,"parent":15469,"menu_order":0,"comment_status":"closed","ping_status":"closed","template":"","meta":{"_uag_custom_page_level_css":"","_themeisle_gutenberg_block_has_review":false,"footnotes":""},"class_list":["post-16432","page","type-page","status-publish","has-post-thumbnail"],"wppr_data":{"cwp_meta_box_check":"No"},"yoast_head":"<!-- This site is optimized with the Yoast SEO plugin v24.8.1 - https:\/\/yoast.com\/wordpress\/plugins\/seo\/ -->\n<title>Voiture occasion M\u00e2con Sa\u00f4ne-et-Loire - Blog auto Carid\u00e9al<\/title>\n<meta name=\"description\" content=\"Vous \u00eates \u00e0 la recherche d&#039;une voiture d&#039;occasion \u00e0 Macon Carideal vous aide. Carideal Mandataire auto d&#039;occasion vous trouve la meilleure des occasions\" \/>\n<meta name=\"robots\" content=\"index, follow, max-snippet:-1, max-image-preview:large, max-video-preview:-1\" \/>\n<link rel=\"canonical\" href=\"https:\/\/www.carideal.com\/blog\/voitures-occasions\/voiture-occasion-macon\/\" \/>\n<meta property=\"og:locale\" content=\"fr_FR\" \/>\n<meta property=\"og:type\" content=\"article\" \/>\n<meta property=\"og:title\" content=\"Voiture occasion M\u00e2con Sa\u00f4ne-et-Loire - Blog auto Carid\u00e9al\" \/>\n<meta property=\"og:description\" content=\"Vous \u00eates \u00e0 la recherche d&#039;une voiture d&#039;occasion \u00e0 Macon Carideal vous aide. Carideal Mandataire auto d&#039;occasion vous trouve la meilleure des occasions\" \/>\n<meta property=\"og:url\" content=\"https:\/\/www.carideal.com\/blog\/voitures-occasions\/voiture-occasion-macon\/\" \/>\n<meta property=\"og:site_name\" content=\"Blog auto Carid\u00e9al\" \/>\n<meta property=\"article:publisher\" content=\"https:\/\/www.facebook.com\/Carideal.mandataire.automobile\" \/>\n<meta property=\"article:modified_time\" content=\"2021-05-21T08:58:21+00:00\" \/>\n<meta property=\"og:image\" content=\"https:\/\/www.carideal.com\/blog\/wp-content\/uploads\/2020\/02\/10000-mod\u00e8les-de-voitures-en-France-carideal-mandataire-automobile-1.jpg\" \/>\n\t<meta property=\"og:image:width\" content=\"600\" \/>\n\t<meta property=\"og:image:height\" content=\"300\" \/>\n\t<meta property=\"og:image:type\" content=\"image\/jpeg\" \/>\n<meta name=\"twitter:card\" content=\"summary_large_image\" \/>\n<meta name=\"twitter:site\" content=\"@caridealauto\" \/>\n<meta name=\"twitter:label1\" content=\"Dur\u00e9e de lecture estim\u00e9e\" \/>\n\t<meta name=\"twitter:data1\" content=\"3 minutes\" \/>\n<script type=\"application\/ld+json\" class=\"yoast-schema-graph\">{\"@context\":\"https:\/\/schema.org\",\"@graph\":[{\"@type\":\"WebPage\",\"@id\":\"https:\/\/www.carideal.com\/blog\/voitures-occasions\/voiture-occasion-macon\/\",\"url\":\"https:\/\/www.carideal.com\/blog\/voitures-occasions\/voiture-occasion-macon\/\",\"name\":\"Voiture occasion M\u00e2con Sa\u00f4ne-et-Loire - Blog auto Carid\u00e9al\",\"isPartOf\":{\"@id\":\"https:\/\/www.carideal.com\/blog\/#website\"},\"primaryImageOfPage\":{\"@id\":\"https:\/\/www.carideal.com\/blog\/voitures-occasions\/voiture-occasion-macon\/#primaryimage\"},\"image\":{\"@id\":\"https:\/\/www.carideal.com\/blog\/voitures-occasions\/voiture-occasion-macon\/#primaryimage\"},\"thumbnailUrl\":\"https:\/\/www.carideal.com\/blog\/wp-content\/uploads\/2020\/02\/10000-mod\u00e8les-de-voitures-en-France-carideal-mandataire-automobile-1.jpg\",\"datePublished\":\"2017-09-18T18:45:47+00:00\",\"dateModified\":\"2021-05-21T08:58:21+00:00\",\"description\":\"Vous \u00eates \u00e0 la recherche d'une voiture d'occasion \u00e0 Macon Carideal vous aide. Carideal Mandataire auto d'occasion vous trouve la meilleure des occasions\",\"breadcrumb\":{\"@id\":\"https:\/\/www.carideal.com\/blog\/voitures-occasions\/voiture-occasion-macon\/#breadcrumb\"},\"inLanguage\":\"fr-FR\",\"potentialAction\":[{\"@type\":\"ReadAction\",\"target\":[\"https:\/\/www.carideal.com\/blog\/voitures-occasions\/voiture-occasion-macon\/\"]}]},{\"@type\":\"ImageObject\",\"inLanguage\":\"fr-FR\",\"@id\":\"https:\/\/www.carideal.com\/blog\/voitures-occasions\/voiture-occasion-macon\/#primaryimage\",\"url\":\"https:\/\/www.carideal.com\/blog\/wp-content\/uploads\/2020\/02\/10000-mod\u00e8les-de-voitures-en-France-carideal-mandataire-automobile-1.jpg\",\"contentUrl\":\"https:\/\/www.carideal.com\/blog\/wp-content\/uploads\/2020\/02\/10000-mod\u00e8les-de-voitures-en-France-carideal-mandataire-automobile-1.jpg\",\"width\":600,\"height\":300,\"caption\":\"Voiture occasion M\u00e2con\"},{\"@type\":\"BreadcrumbList\",\"@id\":\"https:\/\/www.carideal.com\/blog\/voitures-occasions\/voiture-occasion-macon\/#breadcrumb\",\"itemListElement\":[{\"@type\":\"ListItem\",\"position\":1,\"name\":\"Blog Carid\u00e9al\",\"item\":\"https:\/\/www.carideal.com\/blog\/\"},{\"@type\":\"ListItem\",\"position\":2,\"name\":\"Voitures occasions\",\"item\":\"https:\/\/www.carideal.com\/blog\/voitures-occasions\/\"},{\"@type\":\"ListItem\",\"position\":3,\"name\":\"Voiture occasion M\u00e2con Sa\u00f4ne-et-Loire\"}]},{\"@type\":\"WebSite\",\"@id\":\"https:\/\/www.carideal.com\/blog\/#website\",\"url\":\"https:\/\/www.carideal.com\/blog\/\",\"name\":\"Blog auto Carid\u00e9al\",\"description\":\"Actualit\u00e9 auto par des passionn\u00e9s\",\"publisher\":{\"@id\":\"https:\/\/www.carideal.com\/blog\/#organization\"},\"potentialAction\":[{\"@type\":\"SearchAction\",\"target\":{\"@type\":\"EntryPoint\",\"urlTemplate\":\"https:\/\/www.carideal.com\/blog\/?s={search_term_string}\"},\"query-input\":{\"@type\":\"PropertyValueSpecification\",\"valueRequired\":true,\"valueName\":\"search_term_string\"}}],\"inLanguage\":\"fr-FR\"},{\"@type\":\"Organization\",\"@id\":\"https:\/\/www.carideal.com\/blog\/#organization\",\"name\":\"Carideal\",\"url\":\"https:\/\/www.carideal.com\/blog\/\",\"logo\":{\"@type\":\"ImageObject\",\"inLanguage\":\"fr-FR\",\"@id\":\"https:\/\/www.carideal.com\/blog\/#\/schema\/logo\/image\/\",\"url\":\"http:\/\/www.carideal.com\/blog\/wp-content\/uploads\/2016\/03\/logo-carideal-mandataire-automobile.png\",\"contentUrl\":\"http:\/\/www.carideal.com\/blog\/wp-content\/uploads\/2016\/03\/logo-carideal-mandataire-automobile.png\",\"width\":300,\"height\":300,\"caption\":\"Carideal\"},\"image\":{\"@id\":\"https:\/\/www.carideal.com\/blog\/#\/schema\/logo\/image\/\"},\"sameAs\":[\"https:\/\/www.facebook.com\/Carideal.mandataire.automobile\",\"https:\/\/x.com\/caridealauto\",\"https:\/\/www.instagram.com\/carideal1\/\",\"https:\/\/www.linkedin.com\/company\/carideal.com\",\"https:\/\/fr.pinterest.com\/schiavonsas\/\",\"https:\/\/www.youtube.com\/user\/caridealsas\"]}]}<\/script>\n<!-- \/ Yoast SEO plugin. -->","yoast_head_json":{"title":"Voiture occasion M\u00e2con Sa\u00f4ne-et-Loire - Blog auto Carid\u00e9al","description":"Vous \u00eates \u00e0 la recherche d'une voiture d'occasion \u00e0 Macon Carideal vous aide. Carideal Mandataire auto d'occasion vous trouve la meilleure des occasions","robots":{"index":"index","follow":"follow","max-snippet":"max-snippet:-1","max-image-preview":"max-image-preview:large","max-video-preview":"max-video-preview:-1"},"canonical":"https:\/\/www.carideal.com\/blog\/voitures-occasions\/voiture-occasion-macon\/","og_locale":"fr_FR","og_type":"article","og_title":"Voiture occasion M\u00e2con Sa\u00f4ne-et-Loire - Blog auto Carid\u00e9al","og_description":"Vous \u00eates \u00e0 la recherche d'une voiture d'occasion \u00e0 Macon Carideal vous aide. Carideal Mandataire auto d'occasion vous trouve la meilleure des occasions","og_url":"https:\/\/www.carideal.com\/blog\/voitures-occasions\/voiture-occasion-macon\/","og_site_name":"Blog auto Carid\u00e9al","article_publisher":"https:\/\/www.facebook.com\/Carideal.mandataire.automobile","article_modified_time":"2021-05-21T08:58:21+00:00","og_image":[{"width":600,"height":300,"url":"https:\/\/www.carideal.com\/blog\/wp-content\/uploads\/2020\/02\/10000-mod\u00e8les-de-voitures-en-France-carideal-mandataire-automobile-1.jpg","type":"image\/jpeg"}],"twitter_card":"summary_large_image","twitter_site":"@caridealauto","twitter_misc":{"Dur\u00e9e de lecture estim\u00e9e":"3 minutes"},"schema":{"@context":"https:\/\/schema.org","@graph":[{"@type":"WebPage","@id":"https:\/\/www.carideal.com\/blog\/voitures-occasions\/voiture-occasion-macon\/","url":"https:\/\/www.carideal.com\/blog\/voitures-occasions\/voiture-occasion-macon\/","name":"Voiture occasion M\u00e2con Sa\u00f4ne-et-Loire - Blog auto Carid\u00e9al","isPartOf":{"@id":"https:\/\/www.carideal.com\/blog\/#website"},"primaryImageOfPage":{"@id":"https:\/\/www.carideal.com\/blog\/voitures-occasions\/voiture-occasion-macon\/#primaryimage"},"image":{"@id":"https:\/\/www.carideal.com\/blog\/voitures-occasions\/voiture-occasion-macon\/#primaryimage"},"thumbnailUrl":"https:\/\/www.carideal.com\/blog\/wp-content\/uploads\/2020\/02\/10000-mod\u00e8les-de-voitures-en-France-carideal-mandataire-automobile-1.jpg","datePublished":"2017-09-18T18:45:47+00:00","dateModified":"2021-05-21T08:58:21+00:00","description":"Vous \u00eates \u00e0 la recherche d'une voiture d'occasion \u00e0 Macon Carideal vous aide. Carideal Mandataire auto d'occasion vous trouve la meilleure des occasions","breadcrumb":{"@id":"https:\/\/www.carideal.com\/blog\/voitures-occasions\/voiture-occasion-macon\/#breadcrumb"},"inLanguage":"fr-FR","potentialAction":[{"@type":"ReadAction","target":["https:\/\/www.carideal.com\/blog\/voitures-occasions\/voiture-occasion-macon\/"]}]},{"@type":"ImageObject","inLanguage":"fr-FR","@id":"https:\/\/www.carideal.com\/blog\/voitures-occasions\/voiture-occasion-macon\/#primaryimage","url":"https:\/\/www.carideal.com\/blog\/wp-content\/uploads\/2020\/02\/10000-mod\u00e8les-de-voitures-en-France-carideal-mandataire-automobile-1.jpg","contentUrl":"https:\/\/www.carideal.com\/blog\/wp-content\/uploads\/2020\/02\/10000-mod\u00e8les-de-voitures-en-France-carideal-mandataire-automobile-1.jpg","width":600,"height":300,"caption":"Voiture occasion M\u00e2con"},{"@type":"BreadcrumbList","@id":"https:\/\/www.carideal.com\/blog\/voitures-occasions\/voiture-occasion-macon\/#breadcrumb","itemListElement":[{"@type":"ListItem","position":1,"name":"Blog Carid\u00e9al","item":"https:\/\/www.carideal.com\/blog\/"},{"@type":"ListItem","position":2,"name":"Voitures occasions","item":"https:\/\/www.carideal.com\/blog\/voitures-occasions\/"},{"@type":"ListItem","position":3,"name":"Voiture occasion M\u00e2con Sa\u00f4ne-et-Loire"}]},{"@type":"WebSite","@id":"https:\/\/www.carideal.com\/blog\/#website","url":"https:\/\/www.carideal.com\/blog\/","name":"Blog auto Carid\u00e9al","description":"Actualit\u00e9 auto par des passionn\u00e9s","publisher":{"@id":"https:\/\/www.carideal.com\/blog\/#organization"},"potentialAction":[{"@type":"SearchAction","target":{"@type":"EntryPoint","urlTemplate":"https:\/\/www.carideal.com\/blog\/?s={search_term_string}"},"query-input":{"@type":"PropertyValueSpecification","valueRequired":true,"valueName":"search_term_string"}}],"inLanguage":"fr-FR"},{"@type":"Organization","@id":"https:\/\/www.carideal.com\/blog\/#organization","name":"Carideal","url":"https:\/\/www.carideal.com\/blog\/","logo":{"@type":"ImageObject","inLanguage":"fr-FR","@id":"https:\/\/www.carideal.com\/blog\/#\/schema\/logo\/image\/","url":"http:\/\/www.carideal.com\/blog\/wp-content\/uploads\/2016\/03\/logo-carideal-mandataire-automobile.png","contentUrl":"http:\/\/www.carideal.com\/blog\/wp-content\/uploads\/2016\/03\/logo-carideal-mandataire-automobile.png","width":300,"height":300,"caption":"Carideal"},"image":{"@id":"https:\/\/www.carideal.com\/blog\/#\/schema\/logo\/image\/"},"sameAs":["https:\/\/www.facebook.com\/Carideal.mandataire.automobile","https:\/\/x.com\/caridealauto","https:\/\/www.instagram.com\/carideal1\/","https:\/\/www.linkedin.com\/company\/carideal.com","https:\/\/fr.pinterest.com\/schiavonsas\/","https:\/\/www.youtube.com\/user\/caridealsas"]}]}},"uagb_featured_image_src":{"full":["https:\/\/www.carideal.com\/blog\/wp-content\/uploads\/2020\/02\/10000-mod\u00e8les-de-voitures-en-France-carideal-mandataire-automobile-1.jpg",600,300,false],"thumbnail":["https:\/\/www.carideal.com\/blog\/wp-content\/uploads\/2020\/02\/10000-mod\u00e8les-de-voitures-en-France-carideal-mandataire-automobile-1-150x150.jpg",150,150,true],"medium":["https:\/\/www.carideal.com\/blog\/wp-content\/uploads\/2020\/02\/10000-mod\u00e8les-de-voitures-en-France-carideal-mandataire-automobile-1-300x150.jpg",300,150,true],"medium_large":["https:\/\/www.carideal.com\/blog\/wp-content\/uploads\/2020\/02\/10000-mod\u00e8les-de-voitures-en-France-carideal-mandataire-automobile-1.jpg",600,300,false],"large":["https:\/\/www.carideal.com\/blog\/wp-content\/uploads\/2020\/02\/10000-mod\u00e8les-de-voitures-en-France-carideal-mandataire-automobile-1.jpg",600,300,false],"1536x1536":["https:\/\/www.carideal.com\/blog\/wp-content\/uploads\/2020\/02\/10000-mod\u00e8les-de-voitures-en-France-carideal-mandataire-automobile-1.jpg",600,300,false],"2048x2048":["https:\/\/www.carideal.com\/blog\/wp-content\/uploads\/2020\/02\/10000-mod\u00e8les-de-voitures-en-France-carideal-mandataire-automobile-1.jpg",600,300,false],"wppr-widget":["https:\/\/www.carideal.com\/blog\/wp-content\/uploads\/2020\/02\/10000-mod\u00e8les-de-voitures-en-France-carideal-mandataire-automobile-1-50x25.jpg",50,25,true]},"uagb_author_info":{"display_name":"Nicolas SCHIAVON","author_link":"https:\/\/www.carideal.com\/blog\/author\/nschiavon\/"},"uagb_comment_info":0,"uagb_excerpt":"Voiture d'occasion \u00e0 M\u00e2con Si vous \u00eates \u00e0 la recherche d'une voiture d'occasion \u00e0 M\u00e2con, restez sur cette page vous \u00eates au bon endroit. Carideal votre mandataire auto est le leader de la vente de voiture d'occasion en ligne. Nos proposons des centaines de voitures d'occasions. Toutes les marques | Peugeot | Citro\u00ebn | Renault\u2026","_links":{"self":[{"href":"https:\/\/www.carideal.com\/blog\/wp-json\/wp\/v2\/pages\/16432"}],"collection":[{"href":"https:\/\/www.carideal.com\/blog\/wp-json\/wp\/v2\/pages"}],"about":[{"href":"https:\/\/www.carideal.com\/blog\/wp-json\/wp\/v2\/types\/page"}],"author":[{"embeddable":true,"href":"https:\/\/www.carideal.com\/blog\/wp-json\/wp\/v2\/users\/3"}],"replies":[{"embeddable":true,"href":"https:\/\/www.carideal.com\/blog\/wp-json\/wp\/v2\/comments?post=16432"}],"version-history":[{"count":0,"href":"https:\/\/www.carideal.com\/blog\/wp-json\/wp\/v2\/pages\/16432\/revisions"}],"up":[{"embeddable":true,"href":"https:\/\/www.carideal.com\/blog\/wp-json\/wp\/v2\/pages\/15469"}],"wp:featuredmedia":[{"embeddable":true,"href":"https:\/\/www.carideal.com\/blog\/wp-json\/wp\/v2\/media\/21431"}],"wp:attachment":[{"href":"https:\/\/www.carideal.com\/blog\/wp-json\/wp\/v2\/media?parent=16432"}],"curies":[{"name":"wp","href":"https:\/\/api.w.org\/{rel}","templated":true}]}}