{"id":16339,"date":"2017-09-12T21:25:30","date_gmt":"2017-09-12T19:25:30","guid":{"rendered":"http:\/\/www.carideal.com\/blog\/?page_id=16339"},"modified":"2020-01-30T10:42:40","modified_gmt":"2020-01-30T09:42:40","slug":"bugatti","status":"publish","type":"page","link":"https:\/\/www.carideal.com\/blog\/marque-de-voiture-actualites-essais\/bugatti\/","title":{"rendered":"BUGATTI &#8211; Actualit\u00e9 Essais Avis neuve et occasion"},"content":{"rendered":"<h2>BUGATTI - Actualit\u00e9 Essais Avis neuve et occasion<\/h2>\n<p><a href=\"http:\/\/www.carideal.com\/blog\/marque-de-voiture-actualites-essais\/bugatti\/\">Infos sur Bugatti<\/a> | <a href=\"http:\/\/www.carideal.com\/blog\/constructeur\/bugatti\/\">Actualit\u00e9<\/a> | Essais | Voiture d'occasion | Voiture neuve | <a href=\"http:\/\/www.carideal.com\/blog\/credit-auto\/\">Financement<\/a> | <a href=\"http:\/\/www.carideal.com\/blog\/garage-automobile\/revision-voiture\/\">R\u00e9vision<\/a> | <a href=\"http:\/\/www.carideal.com\/blog\/offres-automobiles\/\">Offres<\/a> | <a href=\"http:\/\/www.carideal.com\/blog\/tag\/guide-achat\/?=bugatti\">Guide d'achat<\/a><\/p>\n<p>Parmi toutes les marques prestigieuses, Carideal.com se devait de mettre en avant Bugatti. Vous trouverez sur notre site web les informations sur la marque Bugatti et ses mod\u00e8les. Vous trouverez les diff\u00e9rents essais, les actualit\u00e9s et fiches techniques de la marque Bugatti ainsi que les annonces auto de la marque Bugatti. Nous mettrons tout en \u0153uvre pour vous donner le maximum d'informations sur la marque Bugatti.<\/p>\n<h2>Liste des mod\u00e8les\u00a0Bugatti<\/h2>\n\n\n<figure class=\"wp-block-table aligncenter is-style-stripes\"><table class=\"\"><tbody><tr><td>BUGATTI VEYRON<\/td><td>BUGATTI CHIRON<\/td><td>BUGATTI DIVO<\/td><td><\/td><\/tr><tr><td><\/td><td><img loading=\"lazy\" decoding=\"async\" width=\"150\" height=\"100\" class=\"wp-image-16357\" style=\"width: 150px;\" src=\"http:\/\/www.carideal.com\/blog\/wp-content\/uploads\/2017\/09\/Bugatti-chiron-1-e1505249320918.jpg\" alt=\"Bugatti\"><\/td><td><\/td><td><\/td><\/tr><\/tbody><\/table><\/figure>\n\n\n\n<h2 class=\"wp-block-heading\">Actualit\u00e9s&nbsp;Bugatti<\/h2>\n\n\n<ul class=\"lcp_catlist\" id=\"lcp_instance_0\"><li><a href=\"https:\/\/www.carideal.com\/blog\/2015\/09\/13\/voici-la-machine-a-battre-la-bugatti-veyron\/\">Ultima Evolution pour battre la Bugatti Veyron<\/a><div class=\"lcp_excerpt\">Ultima Evolution voici la voiture \u00e0 battre la Bugatti Veyron\nIl ya plusieurs fa\u00e7ons d&rsquo;\u00eatre tr\u00e8s rapide pour relativement peu d&rsquo;argent que dans une Evolution Ultima. Nous le savons d\u00e9j\u00e0.\nMais maintenant voici quelques images du constructeur de voiture de sport britannique qu&rsquo;il a publi\u00e9 de sa b\u00eate de 1020 ch &lsquo;Evo&rsquo; sur certaines des plus belles ...<\/div><\/li><li><a href=\"https:\/\/www.carideal.com\/blog\/2012\/01\/08\/nissan-gtr-vs-bugatti-veyron-nissan-gagne\/\">Nissan GTR VS Bugatti Veyron &#038; Nissan gagne<\/a><div class=\"lcp_excerpt\">Nissan GTR VS Bugatti Veyron &amp; Nissan gagne\nQuelle humiliation pour le proprio de la Bugatti Veyron qui ne sait m\u00eame pas s&rsquo;en servir (il a pas trouv\u00e9 le bouton du launch control !) Cette course d&rsquo;acc\u00e9l\u00e9ration a lieu sur une piste de dragster. La premi\u00e8re fois le feu passe au vert, et papy d\u00e9marre comme ...<\/div><\/li><li><a href=\"https:\/\/www.carideal.com\/blog\/2010\/06\/15\/une-bugatti-veyron-a-293-millions-de-dollars-en-jouet\/\">Une Bugatti Veyron \u00e0 2,93 millions de dollars en jouet<\/a><div class=\"lcp_excerpt\">\nUne Bugatti Veyron \u00e0&nbsp;2,93 millions de dollars en jouet\n\n\nOui c&rsquo;est possible avec cette Bugatti Veyron en or massif, vendue au prix de 2,93 millions de dollars ( au lieu de 1,7 pour une Veyron \u00ab\u00a0normale \u00bb). Ah oui une petite pr\u00e9cision, il s&rsquo;agit simplement d&rsquo;un mod\u00e8le r\u00e9duit \u00e0 l&rsquo;\u00e9chelle 1\/18\u00e8me.\n\n\nBugatti Veyron en Jouet \u00e0 2.93 ...<\/div><\/li><li><a href=\"https:\/\/www.carideal.com\/blog\/2009\/12\/10\/mr-bean-essaye-la-bugatti-veyron-et-la-maclaren-f1\/\">Mr Bean essaye la Bugatti Veyron et la Mclaren F1<\/a><div class=\"lcp_excerpt\">\nMr Bean essaye la Bugatti Veyron et la Mclaren F1\n\n\nMr Bean essaye la Bugatti Veyron et la Mclaren F1\n\n\nLe magazine Octane permet \u00e0 Mr Bean, alias Rowan Atkinson de tester les deux voitures, la sienne une Mclaren F1 contre une Bugatti Veyron sur le circuit de Rockingham. Avec la complicit\u00e9 et les conseils du pilote ...<\/div><\/li><li><a href=\"https:\/\/www.carideal.com\/blog\/2009\/11\/16\/bugatti-veyron-de-1-2-million-de-dollars-dans-un-lac\/\">Bugatti Veyron de 1.2 million de dollars dans un lac<\/a><div class=\"lcp_excerpt\">Une Bugatti Veyron de 1.2 million de dollars termine dans un lac\nLe propri\u00e9taire d&rsquo;une Bugatti Veyron a mis sa voiture dans un lac a Galveston aux Etats Unis. La gerbe d&rsquo;eau masque la Bugatti qui p\u00e9n\u00e8tre dans l&rsquo;eau. Les cisconstances de ce \u00ab\u00a0drame\u00a0\u00bb ne sont pas tr\u00e8s claire. Le propri\u00e9taire dit avoir \u00e9t\u00e9 g\u00e9n\u00e9 par ...<\/div><\/li><\/ul>\n\n\n\n<p><a href=\"http:\/\/www.carideal.com\/blog\/constructeur\/bugatti\/\">TOUTES&nbsp;LES&nbsp;ACTUALIT\u00c9S BUGATTI<\/a><\/p>\n\n\n\n<h2 class=\"wp-block-heading\">Essais&nbsp;Bugatti<\/h2>\n\n\n\n<p>TOUS&nbsp;LES&nbsp;ESSAIS&nbsp;BUGATTI<\/p>\n","protected":false},"excerpt":{"rendered":"<p>BUGATTI &#8211; Actualit\u00e9 Essais Avis neuve et occasion Infos sur Bugatti | Actualit\u00e9 | Essais | Voiture d&rsquo;occasion | Voiture neuve | Financement | R\u00e9vision | Offres | Guide d&rsquo;achat Parmi toutes les marques prestigieuses, Carideal.com se devait de mettre en avant Bugatti. Vous trouverez sur notre site web les informations sur la marque Bugatti &#8230; <a title=\"BUGATTI &#8211; Actualit\u00e9 Essais Avis neuve et occasion\" class=\"read-more\" href=\"https:\/\/www.carideal.com\/blog\/marque-de-voiture-actualites-essais\/bugatti\/\" aria-label=\"En savoir plus sur BUGATTI &#8211; Actualit\u00e9 Essais Avis neuve et occasion\">Lire plus<\/a><\/p>\n","protected":false},"author":3,"featured_media":16356,"parent":13389,"menu_order":0,"comment_status":"closed","ping_status":"closed","template":"","meta":{"_uag_custom_page_level_css":"","_themeisle_gutenberg_block_has_review":false,"footnotes":""},"class_list":["post-16339","page","type-page","status-publish","has-post-thumbnail"],"wppr_data":{"cwp_meta_box_check":"No"},"yoast_head":"<!-- This site is optimized with the Yoast SEO plugin v24.8.1 - https:\/\/yoast.com\/wordpress\/plugins\/seo\/ -->\n<title>BUGATTI - Actualit\u00e9 Essais Avis neuve et occasion - Blog auto Carid\u00e9al<\/title>\n<meta name=\"description\" content=\"Retrouvez toutes les infos sur la marque Bugatti, les actualit\u00e9s les essais des mod\u00e8les Bugatti les prix des Bugatti neuve et d&#039;occasion\" \/>\n<meta name=\"robots\" content=\"index, follow, max-snippet:-1, max-image-preview:large, max-video-preview:-1\" \/>\n<link rel=\"canonical\" href=\"https:\/\/www.carideal.com\/blog\/marque-de-voiture-actualites-essais\/bugatti\/\" \/>\n<meta property=\"og:locale\" content=\"fr_FR\" \/>\n<meta property=\"og:type\" content=\"article\" \/>\n<meta property=\"og:title\" content=\"BUGATTI - Actualit\u00e9 Essais Avis neuve et occasion - Blog auto Carid\u00e9al\" \/>\n<meta property=\"og:description\" content=\"Retrouvez toutes les infos sur la marque Bugatti, les actualit\u00e9s les essais des mod\u00e8les Bugatti les prix des Bugatti neuve et d&#039;occasion\" \/>\n<meta property=\"og:url\" content=\"https:\/\/www.carideal.com\/blog\/marque-de-voiture-actualites-essais\/bugatti\/\" \/>\n<meta property=\"og:site_name\" content=\"Blog auto Carid\u00e9al\" \/>\n<meta property=\"article:publisher\" content=\"https:\/\/www.facebook.com\/Carideal.mandataire.automobile\" \/>\n<meta property=\"article:modified_time\" content=\"2020-01-30T09:42:40+00:00\" \/>\n<meta property=\"og:image\" content=\"https:\/\/www.carideal.com\/blog\/wp-content\/uploads\/2017\/09\/Bugatti-chiron-e1580377015318.jpg\" \/>\n\t<meta property=\"og:image:width\" content=\"700\" \/>\n\t<meta property=\"og:image:height\" content=\"466\" \/>\n\t<meta property=\"og:image:type\" content=\"image\/jpeg\" \/>\n<meta name=\"twitter:card\" content=\"summary_large_image\" \/>\n<meta name=\"twitter:site\" content=\"@caridealauto\" \/>\n<meta name=\"twitter:label1\" content=\"Dur\u00e9e de lecture estim\u00e9e\" \/>\n\t<meta name=\"twitter:data1\" content=\"1 minute\" \/>\n<script type=\"application\/ld+json\" class=\"yoast-schema-graph\">{\"@context\":\"https:\/\/schema.org\",\"@graph\":[{\"@type\":\"WebPage\",\"@id\":\"https:\/\/www.carideal.com\/blog\/marque-de-voiture-actualites-essais\/bugatti\/\",\"url\":\"https:\/\/www.carideal.com\/blog\/marque-de-voiture-actualites-essais\/bugatti\/\",\"name\":\"BUGATTI - Actualit\u00e9 Essais Avis neuve et occasion - Blog auto Carid\u00e9al\",\"isPartOf\":{\"@id\":\"https:\/\/www.carideal.com\/blog\/#website\"},\"primaryImageOfPage\":{\"@id\":\"https:\/\/www.carideal.com\/blog\/marque-de-voiture-actualites-essais\/bugatti\/#primaryimage\"},\"image\":{\"@id\":\"https:\/\/www.carideal.com\/blog\/marque-de-voiture-actualites-essais\/bugatti\/#primaryimage\"},\"thumbnailUrl\":\"https:\/\/www.carideal.com\/blog\/wp-content\/uploads\/2017\/09\/Bugatti-chiron-e1580377015318.jpg\",\"datePublished\":\"2017-09-12T19:25:30+00:00\",\"dateModified\":\"2020-01-30T09:42:40+00:00\",\"description\":\"Retrouvez toutes les infos sur la marque Bugatti, les actualit\u00e9s les essais des mod\u00e8les Bugatti les prix des Bugatti neuve et d'occasion\",\"breadcrumb\":{\"@id\":\"https:\/\/www.carideal.com\/blog\/marque-de-voiture-actualites-essais\/bugatti\/#breadcrumb\"},\"inLanguage\":\"fr-FR\",\"potentialAction\":[{\"@type\":\"ReadAction\",\"target\":[\"https:\/\/www.carideal.com\/blog\/marque-de-voiture-actualites-essais\/bugatti\/\"]}]},{\"@type\":\"ImageObject\",\"inLanguage\":\"fr-FR\",\"@id\":\"https:\/\/www.carideal.com\/blog\/marque-de-voiture-actualites-essais\/bugatti\/#primaryimage\",\"url\":\"https:\/\/www.carideal.com\/blog\/wp-content\/uploads\/2017\/09\/Bugatti-chiron-e1580377015318.jpg\",\"contentUrl\":\"https:\/\/www.carideal.com\/blog\/wp-content\/uploads\/2017\/09\/Bugatti-chiron-e1580377015318.jpg\",\"width\":700,\"height\":466,\"caption\":\"Bugatti Chiron\"},{\"@type\":\"BreadcrumbList\",\"@id\":\"https:\/\/www.carideal.com\/blog\/marque-de-voiture-actualites-essais\/bugatti\/#breadcrumb\",\"itemListElement\":[{\"@type\":\"ListItem\",\"position\":1,\"name\":\"Blog Carid\u00e9al\",\"item\":\"https:\/\/www.carideal.com\/blog\/\"},{\"@type\":\"ListItem\",\"position\":2,\"name\":\"Marque de voiture\",\"item\":\"https:\/\/www.carideal.com\/blog\/marque-de-voiture-actualites-essais\/\"},{\"@type\":\"ListItem\",\"position\":3,\"name\":\"BUGATTI &#8211; Actualit\u00e9 Essais Avis neuve et occasion\"}]},{\"@type\":\"WebSite\",\"@id\":\"https:\/\/www.carideal.com\/blog\/#website\",\"url\":\"https:\/\/www.carideal.com\/blog\/\",\"name\":\"Blog auto Carid\u00e9al\",\"description\":\"Actualit\u00e9 auto par des passionn\u00e9s\",\"publisher\":{\"@id\":\"https:\/\/www.carideal.com\/blog\/#organization\"},\"potentialAction\":[{\"@type\":\"SearchAction\",\"target\":{\"@type\":\"EntryPoint\",\"urlTemplate\":\"https:\/\/www.carideal.com\/blog\/?s={search_term_string}\"},\"query-input\":{\"@type\":\"PropertyValueSpecification\",\"valueRequired\":true,\"valueName\":\"search_term_string\"}}],\"inLanguage\":\"fr-FR\"},{\"@type\":\"Organization\",\"@id\":\"https:\/\/www.carideal.com\/blog\/#organization\",\"name\":\"Carideal\",\"url\":\"https:\/\/www.carideal.com\/blog\/\",\"logo\":{\"@type\":\"ImageObject\",\"inLanguage\":\"fr-FR\",\"@id\":\"https:\/\/www.carideal.com\/blog\/#\/schema\/logo\/image\/\",\"url\":\"http:\/\/www.carideal.com\/blog\/wp-content\/uploads\/2016\/03\/logo-carideal-mandataire-automobile.png\",\"contentUrl\":\"http:\/\/www.carideal.com\/blog\/wp-content\/uploads\/2016\/03\/logo-carideal-mandataire-automobile.png\",\"width\":300,\"height\":300,\"caption\":\"Carideal\"},\"image\":{\"@id\":\"https:\/\/www.carideal.com\/blog\/#\/schema\/logo\/image\/\"},\"sameAs\":[\"https:\/\/www.facebook.com\/Carideal.mandataire.automobile\",\"https:\/\/x.com\/caridealauto\",\"https:\/\/www.instagram.com\/carideal1\/\",\"https:\/\/www.linkedin.com\/company\/carideal.com\",\"https:\/\/fr.pinterest.com\/schiavonsas\/\",\"https:\/\/www.youtube.com\/user\/caridealsas\"]}]}<\/script>\n<!-- \/ Yoast SEO plugin. -->","yoast_head_json":{"title":"BUGATTI - Actualit\u00e9 Essais Avis neuve et occasion - Blog auto Carid\u00e9al","description":"Retrouvez toutes les infos sur la marque Bugatti, les actualit\u00e9s les essais des mod\u00e8les Bugatti les prix des Bugatti neuve et d'occasion","robots":{"index":"index","follow":"follow","max-snippet":"max-snippet:-1","max-image-preview":"max-image-preview:large","max-video-preview":"max-video-preview:-1"},"canonical":"https:\/\/www.carideal.com\/blog\/marque-de-voiture-actualites-essais\/bugatti\/","og_locale":"fr_FR","og_type":"article","og_title":"BUGATTI - Actualit\u00e9 Essais Avis neuve et occasion - Blog auto Carid\u00e9al","og_description":"Retrouvez toutes les infos sur la marque Bugatti, les actualit\u00e9s les essais des mod\u00e8les Bugatti les prix des Bugatti neuve et d'occasion","og_url":"https:\/\/www.carideal.com\/blog\/marque-de-voiture-actualites-essais\/bugatti\/","og_site_name":"Blog auto Carid\u00e9al","article_publisher":"https:\/\/www.facebook.com\/Carideal.mandataire.automobile","article_modified_time":"2020-01-30T09:42:40+00:00","og_image":[{"width":700,"height":466,"url":"https:\/\/www.carideal.com\/blog\/wp-content\/uploads\/2017\/09\/Bugatti-chiron-e1580377015318.jpg","type":"image\/jpeg"}],"twitter_card":"summary_large_image","twitter_site":"@caridealauto","twitter_misc":{"Dur\u00e9e de lecture estim\u00e9e":"1 minute"},"schema":{"@context":"https:\/\/schema.org","@graph":[{"@type":"WebPage","@id":"https:\/\/www.carideal.com\/blog\/marque-de-voiture-actualites-essais\/bugatti\/","url":"https:\/\/www.carideal.com\/blog\/marque-de-voiture-actualites-essais\/bugatti\/","name":"BUGATTI - Actualit\u00e9 Essais Avis neuve et occasion - Blog auto Carid\u00e9al","isPartOf":{"@id":"https:\/\/www.carideal.com\/blog\/#website"},"primaryImageOfPage":{"@id":"https:\/\/www.carideal.com\/blog\/marque-de-voiture-actualites-essais\/bugatti\/#primaryimage"},"image":{"@id":"https:\/\/www.carideal.com\/blog\/marque-de-voiture-actualites-essais\/bugatti\/#primaryimage"},"thumbnailUrl":"https:\/\/www.carideal.com\/blog\/wp-content\/uploads\/2017\/09\/Bugatti-chiron-e1580377015318.jpg","datePublished":"2017-09-12T19:25:30+00:00","dateModified":"2020-01-30T09:42:40+00:00","description":"Retrouvez toutes les infos sur la marque Bugatti, les actualit\u00e9s les essais des mod\u00e8les Bugatti les prix des Bugatti neuve et d'occasion","breadcrumb":{"@id":"https:\/\/www.carideal.com\/blog\/marque-de-voiture-actualites-essais\/bugatti\/#breadcrumb"},"inLanguage":"fr-FR","potentialAction":[{"@type":"ReadAction","target":["https:\/\/www.carideal.com\/blog\/marque-de-voiture-actualites-essais\/bugatti\/"]}]},{"@type":"ImageObject","inLanguage":"fr-FR","@id":"https:\/\/www.carideal.com\/blog\/marque-de-voiture-actualites-essais\/bugatti\/#primaryimage","url":"https:\/\/www.carideal.com\/blog\/wp-content\/uploads\/2017\/09\/Bugatti-chiron-e1580377015318.jpg","contentUrl":"https:\/\/www.carideal.com\/blog\/wp-content\/uploads\/2017\/09\/Bugatti-chiron-e1580377015318.jpg","width":700,"height":466,"caption":"Bugatti Chiron"},{"@type":"BreadcrumbList","@id":"https:\/\/www.carideal.com\/blog\/marque-de-voiture-actualites-essais\/bugatti\/#breadcrumb","itemListElement":[{"@type":"ListItem","position":1,"name":"Blog Carid\u00e9al","item":"https:\/\/www.carideal.com\/blog\/"},{"@type":"ListItem","position":2,"name":"Marque de voiture","item":"https:\/\/www.carideal.com\/blog\/marque-de-voiture-actualites-essais\/"},{"@type":"ListItem","position":3,"name":"BUGATTI &#8211; Actualit\u00e9 Essais Avis neuve et occasion"}]},{"@type":"WebSite","@id":"https:\/\/www.carideal.com\/blog\/#website","url":"https:\/\/www.carideal.com\/blog\/","name":"Blog auto Carid\u00e9al","description":"Actualit\u00e9 auto par des passionn\u00e9s","publisher":{"@id":"https:\/\/www.carideal.com\/blog\/#organization"},"potentialAction":[{"@type":"SearchAction","target":{"@type":"EntryPoint","urlTemplate":"https:\/\/www.carideal.com\/blog\/?s={search_term_string}"},"query-input":{"@type":"PropertyValueSpecification","valueRequired":true,"valueName":"search_term_string"}}],"inLanguage":"fr-FR"},{"@type":"Organization","@id":"https:\/\/www.carideal.com\/blog\/#organization","name":"Carideal","url":"https:\/\/www.carideal.com\/blog\/","logo":{"@type":"ImageObject","inLanguage":"fr-FR","@id":"https:\/\/www.carideal.com\/blog\/#\/schema\/logo\/image\/","url":"http:\/\/www.carideal.com\/blog\/wp-content\/uploads\/2016\/03\/logo-carideal-mandataire-automobile.png","contentUrl":"http:\/\/www.carideal.com\/blog\/wp-content\/uploads\/2016\/03\/logo-carideal-mandataire-automobile.png","width":300,"height":300,"caption":"Carideal"},"image":{"@id":"https:\/\/www.carideal.com\/blog\/#\/schema\/logo\/image\/"},"sameAs":["https:\/\/www.facebook.com\/Carideal.mandataire.automobile","https:\/\/x.com\/caridealauto","https:\/\/www.instagram.com\/carideal1\/","https:\/\/www.linkedin.com\/company\/carideal.com","https:\/\/fr.pinterest.com\/schiavonsas\/","https:\/\/www.youtube.com\/user\/caridealsas"]}]}},"uagb_featured_image_src":{"full":["https:\/\/www.carideal.com\/blog\/wp-content\/uploads\/2017\/09\/Bugatti-chiron-e1580377015318.jpg",700,466,false],"thumbnail":["https:\/\/www.carideal.com\/blog\/wp-content\/uploads\/2017\/09\/Bugatti-chiron-150x150.jpg",150,150,true],"medium":["https:\/\/www.carideal.com\/blog\/wp-content\/uploads\/2017\/09\/Bugatti-chiron-300x200.jpg",300,200,true],"medium_large":["https:\/\/www.carideal.com\/blog\/wp-content\/uploads\/2017\/09\/Bugatti-chiron-768x512.jpg",768,512,true],"large":["https:\/\/www.carideal.com\/blog\/wp-content\/uploads\/2017\/09\/Bugatti-chiron-e1580377015318.jpg",700,466,false],"1536x1536":["https:\/\/www.carideal.com\/blog\/wp-content\/uploads\/2017\/09\/Bugatti-chiron-e1580377015318.jpg",700,466,false],"2048x2048":["https:\/\/www.carideal.com\/blog\/wp-content\/uploads\/2017\/09\/Bugatti-chiron-e1580377015318.jpg",700,466,false],"wppr-widget":["https:\/\/www.carideal.com\/blog\/wp-content\/uploads\/2017\/09\/Bugatti-chiron-e1580377015318.jpg",50,33,false]},"uagb_author_info":{"display_name":"Nicolas SCHIAVON","author_link":"https:\/\/www.carideal.com\/blog\/author\/nschiavon\/"},"uagb_comment_info":0,"uagb_excerpt":"BUGATTI - Actualit\u00e9 Essais Avis neuve et occasion Infos sur Bugatti | Actualit\u00e9 | Essais | Voiture d'occasion | Voiture neuve | Financement | R\u00e9vision | Offres | Guide d'achat Parmi toutes les marques prestigieuses, Carideal.com se devait de mettre en avant Bugatti. Vous trouverez sur notre site web les informations sur la marque Bugatti\u2026","_links":{"self":[{"href":"https:\/\/www.carideal.com\/blog\/wp-json\/wp\/v2\/pages\/16339"}],"collection":[{"href":"https:\/\/www.carideal.com\/blog\/wp-json\/wp\/v2\/pages"}],"about":[{"href":"https:\/\/www.carideal.com\/blog\/wp-json\/wp\/v2\/types\/page"}],"author":[{"embeddable":true,"href":"https:\/\/www.carideal.com\/blog\/wp-json\/wp\/v2\/users\/3"}],"replies":[{"embeddable":true,"href":"https:\/\/www.carideal.com\/blog\/wp-json\/wp\/v2\/comments?post=16339"}],"version-history":[{"count":0,"href":"https:\/\/www.carideal.com\/blog\/wp-json\/wp\/v2\/pages\/16339\/revisions"}],"up":[{"embeddable":true,"href":"https:\/\/www.carideal.com\/blog\/wp-json\/wp\/v2\/pages\/13389"}],"wp:featuredmedia":[{"embeddable":true,"href":"https:\/\/www.carideal.com\/blog\/wp-json\/wp\/v2\/media\/16356"}],"wp:attachment":[{"href":"https:\/\/www.carideal.com\/blog\/wp-json\/wp\/v2\/media?parent=16339"}],"curies":[{"name":"wp","href":"https:\/\/api.w.org\/{rel}","templated":true}]}}