{"id":16281,"date":"2017-08-31T22:23:04","date_gmt":"2017-08-31T20:23:04","guid":{"rendered":"http:\/\/www.carideal.com\/blog\/?page_id=16281"},"modified":"2020-12-15T19:22:08","modified_gmt":"2020-12-15T18:22:08","slug":"aston-martin","status":"publish","type":"page","link":"https:\/\/www.carideal.com\/blog\/marque-de-voiture-actualites-essais\/aston-martin\/","title":{"rendered":"ASTON-MARTIN &#8211; Actualit\u00e9 Essais Avis neuve et occasion"},"content":{"rendered":"\n<h2 class=\"wp-block-heading\">Aston-Martin - Actualit\u00e9 Essais Avis neuve et occasion<\/h2>\n\n\n\n<p><a href=\"http:\/\/www.carideal.com\/blog\/marque-de-voiture-actualites-essais\/aston-martin\/\">Infos sur Aston Martin<\/a> | Actualit\u00e9 | Essais | Voiture d'occasion | Voiture neuve | Prix du neuf | <a href=\"http:\/\/www.carideal.com\/blog\/tag\/guide-achat\/?=aston\">Guide d'achat<\/a><\/p>\n\n\n\n<p>Parmi toutes les <a href=\"http:\/\/www.carideal.com\/blog\/marque-de-voiture-actualites-essais\/\">marques automobiles<\/a>, de <a href=\"http:\/\/www.carideal.com\/blog\/2019\/10\/17\/meilleures-voitures-de-sport\/\">sport<\/a> et prestigieuses, Carideal.com se devait de mettre en avant la <a href=\"http:\/\/www.carideal.com\/blog\/marque-de-voiture-actualites-essais\/marques-de-voitures-britanniques\/\">marque britannique<\/a> <strong>Aston-Martin<\/strong>. Vous trouverez sur notre site web les informations sur la marque Aston-Martin et ses mod\u00e8les. Vous trouverez les diff\u00e9rents essais, les actualit\u00e9s et fiches techniques de la marque Aston-Martin ainsi que les annonces autos de la marque Aston-Martin. Nous mettrons tout en \u0153uvre pour vous donner le maximum d'informations sur la marque Aston-Martin.<\/p>\n\n\n\n<h2 class=\"wp-block-heading\">Liste des mod\u00e8les&nbsp;Aston Martin<\/h2>\n\n\n\n<figure class=\"wp-block-table is-style-stripes\"><table><tbody><tr><td>ASTON-MARTIN CYGNET <\/td><td>ASTON-MARTIN DB9<\/td><td>ASTON-MARTIN DB11<\/td><td>ASTON-MARTIN RAPIDE<\/td><\/tr><tr><td><\/td><td><\/td><td><\/td><td><\/td><\/tr><tr><td>ASTON-MARTIN V12 VANTAGE<\/td><td>ASTON-MARTIN V12 VANTAGE ROADSTER<\/td><td>ASTON-MARTIN VANQUISH<\/td><td>ASTON-MARTIN VANQUISH VOLANTE<\/td><\/tr><tr><td><\/td><td><\/td><td><img loading=\"lazy\" decoding=\"async\" width=\"150\" height=\"100\" class=\"wp-image-16283\" style=\"width: 150px;\" src=\"http:\/\/www.carideal.com\/blog\/wp-content\/uploads\/2017\/08\/aston-martin-vanquish-e1504210812498.jpg\" alt=\"Aston Martin Vanquish\"><\/td><td><\/td><\/tr><tr><td>ASTON-MARTIN VANTAGE<\/td><td><\/td><td><\/td><td><\/td><\/tr><tr><td><\/td><td><\/td><td><\/td><td><\/td><\/tr><\/tbody><\/table><\/figure>\n\n\n\n<h2 class=\"wp-block-heading\">Actualit\u00e9s&nbsp;Aston-Martin<\/h2>\n\n\n<ul class=\"lcp_catlist\" id=\"lcp_instance_0\"><li><a href=\"https:\/\/www.carideal.com\/blog\/2015\/04\/07\/aston-martin-vulcan\/\">Aston Martin Vulcan Hypercar<\/a><div class=\"lcp_excerpt\">Cette Aston Martin Vulcan sortira au printemps 2016 avec un Prix sur mesure&#8230;\nLa confr\u00e9rie des Ferrari FXX K et autres McLaren P1 GTR s&rsquo;ouvre \u00e0 un nouveau membre : l&rsquo;Aston Martin Vulcan. Attention, ce bolide ne sera produit qu&rsquo;\u00e0 24 exemplaires pour 24 chan\u00adceux propri\u00e9taires qui peaufineront eux-m\u00eames la mise au point de leur auto ...<\/div><\/li><li><a href=\"https:\/\/www.carideal.com\/blog\/2015\/03\/29\/aston-martin-vantage-gt3\/\">Aston Martin Vantage GT3<\/a><div class=\"lcp_excerpt\">Aston Martin Vantage GT3\nLors de la sortie de l&rsquo;Aston Martin Vantage\u00a0GT3 en 2006, son r\u00f4le \u00e9tait clair : il lui fallait repr\u00e9senter le mod\u00e8le d&rsquo;acc\u00e8s \u00e0 la famille Aston Martin. D&rsquo;un Gabarit compact de 4,39 m, \u00e9quip\u00e9 d&rsquo;un moteur V8 de 380 ch pour un prix sup\u00e9rieur \u00e0 110 000 \u20ac lui permettait ce statut. ...<\/div><\/li><li><a href=\"https:\/\/www.carideal.com\/blog\/2015\/03\/23\/aston-martin-dbx\/\">Aston Martin DBX salon de Gen\u00e8ve<\/a><div class=\"lcp_excerpt\">Aston Martin DBX, prototype \u00e9lectrique pr\u00e9sent\u00e9 au salon de Gen\u00e8ve\nL&rsquo;Aston Martin DBX, ce prototype de coup\u00e9 haut perch\u00e9 est anim\u00e9 par quatre moteurs \u00e9lectriques plac\u00e9s dans chaque roue et qui offrent ainsi une transmission int\u00e9grale. Avec ce projet, Aston Martin fait donc d&rsquo;une pierre deux coups puisque la marque montre non seulement son intention de ...<\/div><\/li><li><a href=\"https:\/\/www.carideal.com\/blog\/2010\/03\/21\/aston-martin-cygnet\/\">Aston Martin Cygnet<\/a><div class=\"lcp_excerpt\">\nAston Martin Cygnet\n\n\nL&rsquo;Aston Martin Cygnet est une Toyota IQ recarross\u00e9e par Aston Martin et conserve les caract\u00e9ristiques de sa soeur nippone, \u00e0 savoir un habitacle offrant 3+1 places dans un gabarit de 2,99 m. Sur le plan technique elle sera \u00e9quip\u00e9e d&rsquo;un bloc \u00e0 trois cylindres \u00e0 essence 1.0 de 68 ch, qui avec des ...<\/div><\/li><li><a href=\"https:\/\/www.carideal.com\/blog\/2010\/02\/13\/des-aston-martin-pour-la-gendarmerie\/\">Des Aston Martin de Gendarmerie<\/a><div class=\"lcp_excerpt\">Des Aston Martin de\u00a0Gendarmerie\nLes PV sont rentables on le sait, la preuve le gouvernement vient de commander quelques exemplaires de cette magnifique Aston Martin de Gendarmerie, quel g\u00e2chis !! Quand on sait ce qu&rsquo;ils ont fait des Subaru de Gendarmerie ! LOL\nQuelqu&rsquo;un s&rsquo;est amus\u00e9 sur le web \u00e0 nous pr\u00e9parer ce photoshop d&rsquo;une Aston Martin ...<\/div><\/li><li class=\"current\"><a href=\"https:\/\/www.carideal.com\/blog\/marque-de-voiture-actualites-essais\/aston-martin\/\">ASTON-MARTIN &#8211; Actualit\u00e9 Essais Avis neuve et occasion<\/a><div class=\"lcp_excerpt\">\nAston-Martin &#8211; Actualit\u00e9 Essais Avis neuve et occasion\n\n\nInfos sur Aston Martin | Actualit\u00e9 | Essais | Voiture d&rsquo;occasion | Voiture neuve | Prix du neuf | Guide d&rsquo;achat\n\n\nParmi toutes les marques automobiles, de sport et prestigieuses, Carideal.com se devait de mettre en avant la marque britannique Aston-Martin. Vous trouverez sur notre site web les informations ...<\/div><\/li><li><a href=\"https:\/\/www.carideal.com\/blog\/marques-de-supercar\/\">Marques de Supercar<\/a><div class=\"lcp_excerpt\">\nLes meilleures marques de supercars au monde\n\n\nEn ce qui concerne les marques de supercars, il n&rsquo;existe pas de d\u00e9finition fixe de ce qui constitue une hypercar. Une tentative de d\u00e9finition est \u00ab\u00a0une supercar haut de gamme, de production limit\u00e9e, dont le prix est d&rsquo;environ ou de plus d&rsquo;un million d&rsquo;euros\u00a0\u00bb.\n\n\nLes meilleures marques de supercars au ...<\/div><\/li><li><a href=\"https:\/\/www.carideal.com\/blog\/marques-de-voiture-de-sport\/\">Marques de voiture de sport<\/a><div class=\"lcp_excerpt\">\n\n\n\n\nMarques de voiture de sport\n\n\n\n\n\nMarques de voiture de sport, les meilleures voitures de sport du monde\n\n\nLes voitures de sport sont apparues en Europe au d\u00e9but des ann\u00e9es 1900 et sont actuellement produites par de nombreux constructeurs dans le monde entier. Quelles sont ces marques de voiture de sport qui nous font r\u00eaver ?\n\n\n\nLes marques de ...<\/div><\/li><li><a href=\"https:\/\/www.carideal.com\/blog\/marque-de-voiture-actualites-essais\/marques-de-voitures-britanniques\/\">Marques de voiture Britannique<\/a><div class=\"lcp_excerpt\">\nMarques de voitures britanniques\n\n\nQuestion marques de voitures britanniques, l&rsquo;industrie automobile du Royaume-Uni est aujourd&rsquo;hui surtout connue pour ses voitures de luxe et ses marques de sport de luxe, notamment Rolls-Royce, Bentley, Aston Martin, Lagonda, Land Rover, Jaguar, McLaren, Lotus, Mini, MG et Morgan.\n\n\nMarques de voitures Britanniques\n\n\nLa Grande-Bretagne \u00e9tait l&rsquo;un des pays industriels les plus avanc\u00e9s ...<\/div><\/li><li><a href=\"https:\/\/www.carideal.com\/blog\/2020\/03\/02\/voitures-electriques-les-plus-rapides-du-monde\/\">Voitures \u00e9lectriques les plus rapides du monde<\/a><div class=\"lcp_excerpt\">\nVoitures \u00e9lectriques les plus rapides du monde\n\n\nNous choisissons 10 des voitures \u00e9lectriques les plus rapides que le monde ait jamais vues\n\n\nVoitures \u00e9lectriques les plus rapides du monde\n\n\nLes voitures \u00e9lectriques font leur entr\u00e9e dans la domination du moteur \u00e0 combustion interne, et aujourd&rsquo;hui, il y a plus de v\u00e9hicules \u00e9lectriques (VE) en vente que jamais dans ...<\/div><\/li><\/ul>\n\n\n\n<p><a href=\"http:\/\/www.carideal.com\/blog\/constructeur\/aston-martin\/\">TOUTES&nbsp;LES&nbsp;ACTUALIT\u00c9S&nbsp;ASTON-MARTIN<\/a><\/p>\n\n\n\n<h2 class=\"wp-block-heading\">Essais&nbsp;Aston-Martin<\/h2>\n\n\n\n<p>TOUS&nbsp;LES&nbsp;ESSAIS&nbsp;ASTON-MARTIN<\/p>\n","protected":false},"excerpt":{"rendered":"<p>Aston-Martin &#8211; Actualit\u00e9 Essais Avis neuve et occasion Infos sur Aston Martin | Actualit\u00e9 | Essais | Voiture d&rsquo;occasion | Voiture neuve | Prix du neuf | Guide d&rsquo;achat Parmi toutes les marques automobiles, de sport et prestigieuses, Carideal.com se devait de mettre en avant la marque britannique Aston-Martin. Vous trouverez sur notre site web &#8230; <a title=\"ASTON-MARTIN &#8211; Actualit\u00e9 Essais Avis neuve et occasion\" class=\"read-more\" href=\"https:\/\/www.carideal.com\/blog\/marque-de-voiture-actualites-essais\/aston-martin\/\" aria-label=\"En savoir plus sur ASTON-MARTIN &#8211; Actualit\u00e9 Essais Avis neuve et occasion\">Lire plus<\/a><\/p>\n","protected":false},"author":3,"featured_media":16282,"parent":13389,"menu_order":0,"comment_status":"closed","ping_status":"closed","template":"","meta":{"_uag_custom_page_level_css":"","_themeisle_gutenberg_block_has_review":false,"footnotes":""},"class_list":["post-16281","page","type-page","status-publish","has-post-thumbnail"],"wppr_data":{"cwp_meta_box_check":"No"},"yoast_head":"<!-- This site is optimized with the Yoast SEO plugin v24.8.1 - https:\/\/yoast.com\/wordpress\/plugins\/seo\/ -->\n<title>ASTON-MARTIN - Actualit\u00e9 Essais Avis neuve et occasion - Blog auto Carid\u00e9al<\/title>\n<meta name=\"description\" content=\"Retrouvez toutes les infos sur les Aston-Martin, les actualit\u00e9s, les essais les voitures neuves et d&#039;occasion sur le blog de Carideal\" \/>\n<meta name=\"robots\" content=\"index, follow, max-snippet:-1, max-image-preview:large, max-video-preview:-1\" \/>\n<link rel=\"canonical\" href=\"https:\/\/www.carideal.com\/blog\/marque-de-voiture-actualites-essais\/aston-martin\/\" \/>\n<meta property=\"og:locale\" content=\"fr_FR\" \/>\n<meta property=\"og:type\" content=\"article\" \/>\n<meta property=\"og:title\" content=\"ASTON-MARTIN - Actualit\u00e9 Essais Avis neuve et occasion - Blog auto Carid\u00e9al\" \/>\n<meta property=\"og:description\" content=\"Retrouvez toutes les infos sur les Aston-Martin, les actualit\u00e9s, les essais les voitures neuves et d&#039;occasion sur le blog de Carideal\" \/>\n<meta property=\"og:url\" content=\"https:\/\/www.carideal.com\/blog\/marque-de-voiture-actualites-essais\/aston-martin\/\" \/>\n<meta property=\"og:site_name\" content=\"Blog auto Carid\u00e9al\" \/>\n<meta property=\"article:publisher\" content=\"https:\/\/www.facebook.com\/Carideal.mandataire.automobile\" \/>\n<meta property=\"article:modified_time\" content=\"2020-12-15T18:22:08+00:00\" \/>\n<meta property=\"og:image\" content=\"https:\/\/www.carideal.com\/blog\/wp-content\/uploads\/2017\/08\/aston-martin-e1580247212947.jpg\" \/>\n\t<meta property=\"og:image:width\" content=\"700\" \/>\n\t<meta property=\"og:image:height\" content=\"466\" \/>\n\t<meta property=\"og:image:type\" content=\"image\/jpeg\" \/>\n<meta name=\"twitter:card\" content=\"summary_large_image\" \/>\n<meta name=\"twitter:site\" content=\"@caridealauto\" \/>\n<meta name=\"twitter:label1\" content=\"Dur\u00e9e de lecture estim\u00e9e\" \/>\n\t<meta name=\"twitter:data1\" content=\"1 minute\" \/>\n<script type=\"application\/ld+json\" class=\"yoast-schema-graph\">{\"@context\":\"https:\/\/schema.org\",\"@graph\":[{\"@type\":\"WebPage\",\"@id\":\"https:\/\/www.carideal.com\/blog\/marque-de-voiture-actualites-essais\/aston-martin\/\",\"url\":\"https:\/\/www.carideal.com\/blog\/marque-de-voiture-actualites-essais\/aston-martin\/\",\"name\":\"ASTON-MARTIN - Actualit\u00e9 Essais Avis neuve et occasion - Blog auto Carid\u00e9al\",\"isPartOf\":{\"@id\":\"https:\/\/www.carideal.com\/blog\/#website\"},\"primaryImageOfPage\":{\"@id\":\"https:\/\/www.carideal.com\/blog\/marque-de-voiture-actualites-essais\/aston-martin\/#primaryimage\"},\"image\":{\"@id\":\"https:\/\/www.carideal.com\/blog\/marque-de-voiture-actualites-essais\/aston-martin\/#primaryimage\"},\"thumbnailUrl\":\"https:\/\/www.carideal.com\/blog\/wp-content\/uploads\/2017\/08\/aston-martin-e1580247212947.jpg\",\"datePublished\":\"2017-08-31T20:23:04+00:00\",\"dateModified\":\"2020-12-15T18:22:08+00:00\",\"description\":\"Retrouvez toutes les infos sur les Aston-Martin, les actualit\u00e9s, les essais les voitures neuves et d'occasion sur le blog de Carideal\",\"breadcrumb\":{\"@id\":\"https:\/\/www.carideal.com\/blog\/marque-de-voiture-actualites-essais\/aston-martin\/#breadcrumb\"},\"inLanguage\":\"fr-FR\",\"potentialAction\":[{\"@type\":\"ReadAction\",\"target\":[\"https:\/\/www.carideal.com\/blog\/marque-de-voiture-actualites-essais\/aston-martin\/\"]}]},{\"@type\":\"ImageObject\",\"inLanguage\":\"fr-FR\",\"@id\":\"https:\/\/www.carideal.com\/blog\/marque-de-voiture-actualites-essais\/aston-martin\/#primaryimage\",\"url\":\"https:\/\/www.carideal.com\/blog\/wp-content\/uploads\/2017\/08\/aston-martin-e1580247212947.jpg\",\"contentUrl\":\"https:\/\/www.carideal.com\/blog\/wp-content\/uploads\/2017\/08\/aston-martin-e1580247212947.jpg\",\"width\":700,\"height\":466,\"caption\":\"Aston Martin\"},{\"@type\":\"BreadcrumbList\",\"@id\":\"https:\/\/www.carideal.com\/blog\/marque-de-voiture-actualites-essais\/aston-martin\/#breadcrumb\",\"itemListElement\":[{\"@type\":\"ListItem\",\"position\":1,\"name\":\"Blog Carid\u00e9al\",\"item\":\"https:\/\/www.carideal.com\/blog\/\"},{\"@type\":\"ListItem\",\"position\":2,\"name\":\"Marque de voiture\",\"item\":\"https:\/\/www.carideal.com\/blog\/marque-de-voiture-actualites-essais\/\"},{\"@type\":\"ListItem\",\"position\":3,\"name\":\"ASTON-MARTIN &#8211; Actualit\u00e9 Essais Avis neuve et occasion\"}]},{\"@type\":\"WebSite\",\"@id\":\"https:\/\/www.carideal.com\/blog\/#website\",\"url\":\"https:\/\/www.carideal.com\/blog\/\",\"name\":\"Blog auto Carid\u00e9al\",\"description\":\"Actualit\u00e9 auto par des passionn\u00e9s\",\"publisher\":{\"@id\":\"https:\/\/www.carideal.com\/blog\/#organization\"},\"potentialAction\":[{\"@type\":\"SearchAction\",\"target\":{\"@type\":\"EntryPoint\",\"urlTemplate\":\"https:\/\/www.carideal.com\/blog\/?s={search_term_string}\"},\"query-input\":{\"@type\":\"PropertyValueSpecification\",\"valueRequired\":true,\"valueName\":\"search_term_string\"}}],\"inLanguage\":\"fr-FR\"},{\"@type\":\"Organization\",\"@id\":\"https:\/\/www.carideal.com\/blog\/#organization\",\"name\":\"Carideal\",\"url\":\"https:\/\/www.carideal.com\/blog\/\",\"logo\":{\"@type\":\"ImageObject\",\"inLanguage\":\"fr-FR\",\"@id\":\"https:\/\/www.carideal.com\/blog\/#\/schema\/logo\/image\/\",\"url\":\"http:\/\/www.carideal.com\/blog\/wp-content\/uploads\/2016\/03\/logo-carideal-mandataire-automobile.png\",\"contentUrl\":\"http:\/\/www.carideal.com\/blog\/wp-content\/uploads\/2016\/03\/logo-carideal-mandataire-automobile.png\",\"width\":300,\"height\":300,\"caption\":\"Carideal\"},\"image\":{\"@id\":\"https:\/\/www.carideal.com\/blog\/#\/schema\/logo\/image\/\"},\"sameAs\":[\"https:\/\/www.facebook.com\/Carideal.mandataire.automobile\",\"https:\/\/x.com\/caridealauto\",\"https:\/\/www.instagram.com\/carideal1\/\",\"https:\/\/www.linkedin.com\/company\/carideal.com\",\"https:\/\/fr.pinterest.com\/schiavonsas\/\",\"https:\/\/www.youtube.com\/user\/caridealsas\"]}]}<\/script>\n<!-- \/ Yoast SEO plugin. -->","yoast_head_json":{"title":"ASTON-MARTIN - Actualit\u00e9 Essais Avis neuve et occasion - Blog auto Carid\u00e9al","description":"Retrouvez toutes les infos sur les Aston-Martin, les actualit\u00e9s, les essais les voitures neuves et d'occasion sur le blog de Carideal","robots":{"index":"index","follow":"follow","max-snippet":"max-snippet:-1","max-image-preview":"max-image-preview:large","max-video-preview":"max-video-preview:-1"},"canonical":"https:\/\/www.carideal.com\/blog\/marque-de-voiture-actualites-essais\/aston-martin\/","og_locale":"fr_FR","og_type":"article","og_title":"ASTON-MARTIN - Actualit\u00e9 Essais Avis neuve et occasion - Blog auto Carid\u00e9al","og_description":"Retrouvez toutes les infos sur les Aston-Martin, les actualit\u00e9s, les essais les voitures neuves et d'occasion sur le blog de Carideal","og_url":"https:\/\/www.carideal.com\/blog\/marque-de-voiture-actualites-essais\/aston-martin\/","og_site_name":"Blog auto Carid\u00e9al","article_publisher":"https:\/\/www.facebook.com\/Carideal.mandataire.automobile","article_modified_time":"2020-12-15T18:22:08+00:00","og_image":[{"width":700,"height":466,"url":"https:\/\/www.carideal.com\/blog\/wp-content\/uploads\/2017\/08\/aston-martin-e1580247212947.jpg","type":"image\/jpeg"}],"twitter_card":"summary_large_image","twitter_site":"@caridealauto","twitter_misc":{"Dur\u00e9e de lecture estim\u00e9e":"1 minute"},"schema":{"@context":"https:\/\/schema.org","@graph":[{"@type":"WebPage","@id":"https:\/\/www.carideal.com\/blog\/marque-de-voiture-actualites-essais\/aston-martin\/","url":"https:\/\/www.carideal.com\/blog\/marque-de-voiture-actualites-essais\/aston-martin\/","name":"ASTON-MARTIN - Actualit\u00e9 Essais Avis neuve et occasion - Blog auto Carid\u00e9al","isPartOf":{"@id":"https:\/\/www.carideal.com\/blog\/#website"},"primaryImageOfPage":{"@id":"https:\/\/www.carideal.com\/blog\/marque-de-voiture-actualites-essais\/aston-martin\/#primaryimage"},"image":{"@id":"https:\/\/www.carideal.com\/blog\/marque-de-voiture-actualites-essais\/aston-martin\/#primaryimage"},"thumbnailUrl":"https:\/\/www.carideal.com\/blog\/wp-content\/uploads\/2017\/08\/aston-martin-e1580247212947.jpg","datePublished":"2017-08-31T20:23:04+00:00","dateModified":"2020-12-15T18:22:08+00:00","description":"Retrouvez toutes les infos sur les Aston-Martin, les actualit\u00e9s, les essais les voitures neuves et d'occasion sur le blog de Carideal","breadcrumb":{"@id":"https:\/\/www.carideal.com\/blog\/marque-de-voiture-actualites-essais\/aston-martin\/#breadcrumb"},"inLanguage":"fr-FR","potentialAction":[{"@type":"ReadAction","target":["https:\/\/www.carideal.com\/blog\/marque-de-voiture-actualites-essais\/aston-martin\/"]}]},{"@type":"ImageObject","inLanguage":"fr-FR","@id":"https:\/\/www.carideal.com\/blog\/marque-de-voiture-actualites-essais\/aston-martin\/#primaryimage","url":"https:\/\/www.carideal.com\/blog\/wp-content\/uploads\/2017\/08\/aston-martin-e1580247212947.jpg","contentUrl":"https:\/\/www.carideal.com\/blog\/wp-content\/uploads\/2017\/08\/aston-martin-e1580247212947.jpg","width":700,"height":466,"caption":"Aston Martin"},{"@type":"BreadcrumbList","@id":"https:\/\/www.carideal.com\/blog\/marque-de-voiture-actualites-essais\/aston-martin\/#breadcrumb","itemListElement":[{"@type":"ListItem","position":1,"name":"Blog Carid\u00e9al","item":"https:\/\/www.carideal.com\/blog\/"},{"@type":"ListItem","position":2,"name":"Marque de voiture","item":"https:\/\/www.carideal.com\/blog\/marque-de-voiture-actualites-essais\/"},{"@type":"ListItem","position":3,"name":"ASTON-MARTIN &#8211; Actualit\u00e9 Essais Avis neuve et occasion"}]},{"@type":"WebSite","@id":"https:\/\/www.carideal.com\/blog\/#website","url":"https:\/\/www.carideal.com\/blog\/","name":"Blog auto Carid\u00e9al","description":"Actualit\u00e9 auto par des passionn\u00e9s","publisher":{"@id":"https:\/\/www.carideal.com\/blog\/#organization"},"potentialAction":[{"@type":"SearchAction","target":{"@type":"EntryPoint","urlTemplate":"https:\/\/www.carideal.com\/blog\/?s={search_term_string}"},"query-input":{"@type":"PropertyValueSpecification","valueRequired":true,"valueName":"search_term_string"}}],"inLanguage":"fr-FR"},{"@type":"Organization","@id":"https:\/\/www.carideal.com\/blog\/#organization","name":"Carideal","url":"https:\/\/www.carideal.com\/blog\/","logo":{"@type":"ImageObject","inLanguage":"fr-FR","@id":"https:\/\/www.carideal.com\/blog\/#\/schema\/logo\/image\/","url":"http:\/\/www.carideal.com\/blog\/wp-content\/uploads\/2016\/03\/logo-carideal-mandataire-automobile.png","contentUrl":"http:\/\/www.carideal.com\/blog\/wp-content\/uploads\/2016\/03\/logo-carideal-mandataire-automobile.png","width":300,"height":300,"caption":"Carideal"},"image":{"@id":"https:\/\/www.carideal.com\/blog\/#\/schema\/logo\/image\/"},"sameAs":["https:\/\/www.facebook.com\/Carideal.mandataire.automobile","https:\/\/x.com\/caridealauto","https:\/\/www.instagram.com\/carideal1\/","https:\/\/www.linkedin.com\/company\/carideal.com","https:\/\/fr.pinterest.com\/schiavonsas\/","https:\/\/www.youtube.com\/user\/caridealsas"]}]}},"uagb_featured_image_src":{"full":["https:\/\/www.carideal.com\/blog\/wp-content\/uploads\/2017\/08\/aston-martin-e1580247212947.jpg",700,466,false],"thumbnail":["https:\/\/www.carideal.com\/blog\/wp-content\/uploads\/2017\/08\/aston-martin-150x150.jpg",150,150,true],"medium":["https:\/\/www.carideal.com\/blog\/wp-content\/uploads\/2017\/08\/aston-martin-300x200.jpg",300,200,true],"medium_large":["https:\/\/www.carideal.com\/blog\/wp-content\/uploads\/2017\/08\/aston-martin-768x512.jpg",768,512,true],"large":["https:\/\/www.carideal.com\/blog\/wp-content\/uploads\/2017\/08\/aston-martin-e1580247212947.jpg",700,466,false],"1536x1536":["https:\/\/www.carideal.com\/blog\/wp-content\/uploads\/2017\/08\/aston-martin-e1580247212947.jpg",700,466,false],"2048x2048":["https:\/\/www.carideal.com\/blog\/wp-content\/uploads\/2017\/08\/aston-martin-e1580247212947.jpg",700,466,false],"wppr-widget":["https:\/\/www.carideal.com\/blog\/wp-content\/uploads\/2017\/08\/aston-martin-e1580247212947.jpg",50,33,false]},"uagb_author_info":{"display_name":"Nicolas SCHIAVON","author_link":"https:\/\/www.carideal.com\/blog\/author\/nschiavon\/"},"uagb_comment_info":0,"uagb_excerpt":"Aston-Martin - Actualit\u00e9 Essais Avis neuve et occasion Infos sur Aston Martin | Actualit\u00e9 | Essais | Voiture d'occasion | Voiture neuve | Prix du neuf | Guide d'achat Parmi toutes les marques automobiles, de sport et prestigieuses, Carideal.com se devait de mettre en avant la marque britannique Aston-Martin. Vous trouverez sur notre site web\u2026","_links":{"self":[{"href":"https:\/\/www.carideal.com\/blog\/wp-json\/wp\/v2\/pages\/16281"}],"collection":[{"href":"https:\/\/www.carideal.com\/blog\/wp-json\/wp\/v2\/pages"}],"about":[{"href":"https:\/\/www.carideal.com\/blog\/wp-json\/wp\/v2\/types\/page"}],"author":[{"embeddable":true,"href":"https:\/\/www.carideal.com\/blog\/wp-json\/wp\/v2\/users\/3"}],"replies":[{"embeddable":true,"href":"https:\/\/www.carideal.com\/blog\/wp-json\/wp\/v2\/comments?post=16281"}],"version-history":[{"count":0,"href":"https:\/\/www.carideal.com\/blog\/wp-json\/wp\/v2\/pages\/16281\/revisions"}],"up":[{"embeddable":true,"href":"https:\/\/www.carideal.com\/blog\/wp-json\/wp\/v2\/pages\/13389"}],"wp:featuredmedia":[{"embeddable":true,"href":"https:\/\/www.carideal.com\/blog\/wp-json\/wp\/v2\/media\/16282"}],"wp:attachment":[{"href":"https:\/\/www.carideal.com\/blog\/wp-json\/wp\/v2\/media?parent=16281"}],"curies":[{"name":"wp","href":"https:\/\/api.w.org\/{rel}","templated":true}]}}