{"id":16273,"date":"2017-08-31T21:37:16","date_gmt":"2017-08-31T19:37:16","guid":{"rendered":"http:\/\/www.carideal.com\/blog\/?page_id=16273"},"modified":"2020-01-29T15:33:41","modified_gmt":"2020-01-29T14:33:41","slug":"alpine","status":"publish","type":"page","link":"https:\/\/www.carideal.com\/blog\/marque-de-voiture-actualites-essais\/alpine\/","title":{"rendered":"ALPINE &#8211; Actualit\u00e9 essais Avis neuve et occasion"},"content":{"rendered":"<h2>Alpine - Actualit\u00e9 essais Avis neuve et occasion<\/h2>\n<p><a href=\"http:\/\/www.carideal.com\/blog\/marque-de-voiture-actualites-essais\/alpine\/\">Infos sur Alpine<\/a> | Actualit\u00e9 | Essais | Voiture d'occasion | Voiture neuve |Prix du neuf | <a href=\"http:\/\/www.carideal.com\/blog\/tag\/guide-achat\/?=alpine\">Guide d'achat<\/a><\/p>\n<p>Parmi toutes les marques prestigieuses, Carideal.com se devait de mettre en avant <strong>Alpine<\/strong>.<\/p>\n<figure id=\"attachment_16274\" aria-describedby=\"caption-attachment-16274\" style=\"width: 590px\" class=\"wp-caption aligncenter\"><img loading=\"lazy\" decoding=\"async\" class=\"size-full wp-image-16274\" src=\"http:\/\/www.carideal.com\/blog\/wp-content\/uploads\/2017\/08\/alpine-a110-2017-e1580244871933.jpg\" alt=\"Alpine\" width=\"600\" height=\"400\"><figcaption id=\"caption-attachment-16274\" class=\"wp-caption-text\">Alpine<\/figcaption><\/figure>\n<p>Vous trouverez sur notre site web les informations sur la marque Alpine et ses mod\u00e8les. Vous trouverez les diff\u00e9rents essais, les actualit\u00e9s et fiches techniques de la marque Alpine ainsi que les annonces auto de la marque Alpine. Nous mettrons tout en \u0153uvre pour vous donner le maximum d'informations sur la marque Alpine.<\/p>\n<h2>Liste des mod\u00e8les&nbsp;Alpine<\/h2>\n\n\n<figure class=\"wp-block-table is-style-stripes\"><table class=\"\"><tbody><tr><td>Alpine A110<\/td><td>Alpine A310<\/td><td><\/td><td><\/td><\/tr><tr><td><img loading=\"lazy\" decoding=\"async\" width=\"150\" height=\"100\" class=\"wp-image-16275\" style=\"width: 150px;\" src=\"http:\/\/www.carideal.com\/blog\/wp-content\/uploads\/2017\/08\/alpine-a110-2017-1-e1580245331597.jpg\" alt=\"Alpine A110\"><\/td><td><\/td><td><\/td><td><\/td><\/tr><\/tbody><\/table><\/figure>\n\n\n\n<h2 class=\"wp-block-heading\">Actualit\u00e9s&nbsp;Alpine<\/h2>\n\n\n<ul class=\"lcp_catlist\" id=\"lcp_instance_0\"><li><a href=\"https:\/\/www.carideal.com\/blog\/2020\/02\/03\/alpine-a110-sports-x-festival-international-automobile-2020\/\">Alpine A110 Sports X pr\u00e9sent\u00e9e au Festival international de l&rsquo;automobile de 2020<\/a><div class=\"lcp_excerpt\">L&rsquo;Alpine A110 Sports X pr\u00e9sent\u00e9e au Festival international de l&rsquo;automobile de 2020\nAlpine participe au Festival international de l&rsquo;automobile (FAI) en 2020 et pr\u00e9sente une exposition qui met en valeur des mod\u00e8les historiques, actuels et des concepts-car. Parmi les mod\u00e8les que le constructeur automobile pr\u00e9sente au FAI, on trouve un concept car \u00ab\u00a0Crossover\u00a0\u00bb que l&rsquo;on peut ...<\/div><\/li><li><a href=\"https:\/\/www.carideal.com\/blog\/2019\/10\/30\/notre-avis-sur-alpine-a110s-2019\/\">Nouvelle Alpine A110S | Notre avis sur l&rsquo;A110S 2019<\/a><div class=\"lcp_excerpt\">Notre avis sur la nouvelle Alpine A110S 2019\nAvec plus de puissance et des suspensions plus rigides, le coup\u00e9 phare Alpine A110S est-il une bonne affaire ?\nVerdict 4.5*\nSi quelqu&rsquo;un s&rsquo;inqui\u00e9tait qu&rsquo;Alpine ait pu g\u00e2cher l&rsquo;A110 en rendant cette version S encore plus rigide et plus concentr\u00e9e, il n&rsquo;avait pas \u00e0 s&rsquo;inqui\u00e9ter. L&rsquo;A110S s&rsquo;appuie sur la formule ...<\/div><\/li><li><a href=\"https:\/\/www.carideal.com\/blog\/2016\/03\/15\/alpine-est-de-retour\/\">Alpine Vision : le retour d&rsquo;Alpine<\/a><div class=\"lcp_excerpt\">Alpine est de retour avec un nouveau Concept Car Alpine Vision\nIl y a quelques mois en arri\u00e8re Renault nous avait pr\u00e9sent\u00e9 l&rsquo;Alpine C\u00e9l\u00e9bration sous la forme d&rsquo;un concept-car et remet cela aujourd&rsquo;hui avec la Vision\u00a0afin de tester les r\u00e9actions de la client\u00e8le potentielle. On ne remet pas une nouvelle \/ ancienne marque sur le march\u00e9 ...<\/div><\/li><li><a href=\"https:\/\/www.carideal.com\/blog\/2015\/07\/01\/le-retour-de-lalpine-berlinette-celebration\/\">Le retour de l&rsquo;Alpine Berlinette : Celebration<\/a><div class=\"lcp_excerpt\">Le retour de l&rsquo;Alpine Berlinette\nLa Ligne de la nouvelle Berlinette sera n\u00e9o r\u00e9tro en voyant ce prototype. L&rsquo;originale devrait sortir fin 2016. En Octobre de cette ann\u00e9e ce sera l&rsquo;anniversaire de la victoire de la Berlinette au tour de Corse 1973, pilot\u00e9e par Jean-Pierre Nicolas et d\u00e9croche le titre de championne du monde des rallyes.\nCarlos ...<\/div><\/li><\/ul>\n\n\n\n<p><a href=\"http:\/\/www.carideal.com\/blog\/constructeur\/alpine\/\">TOUTES&nbsp;LES&nbsp;ACTUALIT\u00c9S&nbsp;ALPINE<\/a><\/p>\n\n\n\n<h2 class=\"wp-block-heading\">Essais&nbsp;Alpine essais-alpine<\/h2>\n\n\n<ul class=\"lcp_catlist\" id=\"lcp_instance_0\"><li><a href=\"https:\/\/www.carideal.com\/blog\/2020\/01\/29\/avis-nouvelle-alpine-a110-s-2020\/\">Avis nouvelle Alpine A110 S 2020<\/a><div class=\"lcp_excerpt\">Avis nouvelle Alpine A110 S 2020\nNous avons conduit la nouvelle Alpine A110 S sur nos route pour voir si la version plus pointue de notre coup\u00e9 pr\u00e9f\u00e9r\u00e9 est encore meilleure.\nL&rsquo;Alpine A110 S est une voiture de sport plus s\u00e9rieuse et plus concentr\u00e9e. Cela ne la rend pas n\u00e9cessairement meilleure que le mod\u00e8le standard, mais cela ...<\/div><\/li><\/ul>\n\n\n\n<p><a href=\"http:\/\/www.carideal.com\/blog\/essai\/essais-alpine\/\">TOUS&nbsp;LES&nbsp;ESSAIS&nbsp;ALPINE<\/a><\/p>\n","protected":false},"excerpt":{"rendered":"<p>Alpine &#8211; Actualit\u00e9 essais Avis neuve et occasion Infos sur Alpine | Actualit\u00e9 | Essais | Voiture d&rsquo;occasion | Voiture neuve |Prix du neuf | Guide d&rsquo;achat Parmi toutes les marques prestigieuses, Carideal.com se devait de mettre en avant Alpine. Vous trouverez sur notre site web les informations sur la marque Alpine et ses mod\u00e8les. &#8230; <a title=\"ALPINE &#8211; Actualit\u00e9 essais Avis neuve et occasion\" class=\"read-more\" href=\"https:\/\/www.carideal.com\/blog\/marque-de-voiture-actualites-essais\/alpine\/\" aria-label=\"En savoir plus sur ALPINE &#8211; Actualit\u00e9 essais Avis neuve et occasion\">Lire plus<\/a><\/p>\n","protected":false},"author":3,"featured_media":16274,"parent":13389,"menu_order":0,"comment_status":"closed","ping_status":"closed","template":"","meta":{"_uag_custom_page_level_css":"","_themeisle_gutenberg_block_has_review":false,"footnotes":""},"class_list":["post-16273","page","type-page","status-publish","has-post-thumbnail"],"wppr_data":{"cwp_meta_box_check":"No"},"yoast_head":"<!-- This site is optimized with the Yoast SEO plugin v24.8.1 - https:\/\/yoast.com\/wordpress\/plugins\/seo\/ -->\n<title>ALPINE - Actualit\u00e9 essais Avis neuve et occasion - Blog auto Carid\u00e9al<\/title>\n<meta name=\"description\" content=\"Retrouvez toutes les informations et les actualit\u00e9s Alpine les essais et toutes les annonces d&#039;Alpine neuve et d&#039;occasion sur le blog de carideal\" \/>\n<meta name=\"robots\" content=\"index, follow, max-snippet:-1, max-image-preview:large, max-video-preview:-1\" \/>\n<link rel=\"canonical\" href=\"https:\/\/www.carideal.com\/blog\/marque-de-voiture-actualites-essais\/alpine\/\" \/>\n<meta property=\"og:locale\" content=\"fr_FR\" \/>\n<meta property=\"og:type\" content=\"article\" \/>\n<meta property=\"og:title\" content=\"ALPINE - Actualit\u00e9 essais Avis neuve et occasion - Blog auto Carid\u00e9al\" \/>\n<meta property=\"og:description\" content=\"Retrouvez toutes les informations et les actualit\u00e9s Alpine les essais et toutes les annonces d&#039;Alpine neuve et d&#039;occasion sur le blog de carideal\" \/>\n<meta property=\"og:url\" content=\"https:\/\/www.carideal.com\/blog\/marque-de-voiture-actualites-essais\/alpine\/\" \/>\n<meta property=\"og:site_name\" content=\"Blog auto Carid\u00e9al\" \/>\n<meta property=\"article:publisher\" content=\"https:\/\/www.facebook.com\/Carideal.mandataire.automobile\" \/>\n<meta property=\"article:modified_time\" content=\"2020-01-29T14:33:41+00:00\" \/>\n<meta property=\"og:image\" content=\"https:\/\/www.carideal.com\/blog\/wp-content\/uploads\/2017\/08\/alpine-a110-2017-e1580244871933.jpg\" \/>\n\t<meta property=\"og:image:width\" content=\"600\" \/>\n\t<meta property=\"og:image:height\" content=\"400\" \/>\n\t<meta property=\"og:image:type\" content=\"image\/jpeg\" \/>\n<meta name=\"twitter:card\" content=\"summary_large_image\" \/>\n<meta name=\"twitter:site\" content=\"@caridealauto\" \/>\n<meta name=\"twitter:label1\" content=\"Dur\u00e9e de lecture estim\u00e9e\" \/>\n\t<meta name=\"twitter:data1\" content=\"1 minute\" \/>\n<script type=\"application\/ld+json\" class=\"yoast-schema-graph\">{\"@context\":\"https:\/\/schema.org\",\"@graph\":[{\"@type\":\"WebPage\",\"@id\":\"https:\/\/www.carideal.com\/blog\/marque-de-voiture-actualites-essais\/alpine\/\",\"url\":\"https:\/\/www.carideal.com\/blog\/marque-de-voiture-actualites-essais\/alpine\/\",\"name\":\"ALPINE - Actualit\u00e9 essais Avis neuve et occasion - Blog auto Carid\u00e9al\",\"isPartOf\":{\"@id\":\"https:\/\/www.carideal.com\/blog\/#website\"},\"primaryImageOfPage\":{\"@id\":\"https:\/\/www.carideal.com\/blog\/marque-de-voiture-actualites-essais\/alpine\/#primaryimage\"},\"image\":{\"@id\":\"https:\/\/www.carideal.com\/blog\/marque-de-voiture-actualites-essais\/alpine\/#primaryimage\"},\"thumbnailUrl\":\"https:\/\/www.carideal.com\/blog\/wp-content\/uploads\/2017\/08\/alpine-a110-2017-e1580244871933.jpg\",\"datePublished\":\"2017-08-31T19:37:16+00:00\",\"dateModified\":\"2020-01-29T14:33:41+00:00\",\"description\":\"Retrouvez toutes les informations et les actualit\u00e9s Alpine les essais et toutes les annonces d'Alpine neuve et d'occasion sur le blog de carideal\",\"breadcrumb\":{\"@id\":\"https:\/\/www.carideal.com\/blog\/marque-de-voiture-actualites-essais\/alpine\/#breadcrumb\"},\"inLanguage\":\"fr-FR\",\"potentialAction\":[{\"@type\":\"ReadAction\",\"target\":[\"https:\/\/www.carideal.com\/blog\/marque-de-voiture-actualites-essais\/alpine\/\"]}]},{\"@type\":\"ImageObject\",\"inLanguage\":\"fr-FR\",\"@id\":\"https:\/\/www.carideal.com\/blog\/marque-de-voiture-actualites-essais\/alpine\/#primaryimage\",\"url\":\"https:\/\/www.carideal.com\/blog\/wp-content\/uploads\/2017\/08\/alpine-a110-2017-e1580244871933.jpg\",\"contentUrl\":\"https:\/\/www.carideal.com\/blog\/wp-content\/uploads\/2017\/08\/alpine-a110-2017-e1580244871933.jpg\",\"width\":600,\"height\":400,\"caption\":\"Alpine\"},{\"@type\":\"BreadcrumbList\",\"@id\":\"https:\/\/www.carideal.com\/blog\/marque-de-voiture-actualites-essais\/alpine\/#breadcrumb\",\"itemListElement\":[{\"@type\":\"ListItem\",\"position\":1,\"name\":\"Blog Carid\u00e9al\",\"item\":\"https:\/\/www.carideal.com\/blog\/\"},{\"@type\":\"ListItem\",\"position\":2,\"name\":\"Marque de voiture\",\"item\":\"https:\/\/www.carideal.com\/blog\/marque-de-voiture-actualites-essais\/\"},{\"@type\":\"ListItem\",\"position\":3,\"name\":\"ALPINE &#8211; Actualit\u00e9 essais Avis neuve et occasion\"}]},{\"@type\":\"WebSite\",\"@id\":\"https:\/\/www.carideal.com\/blog\/#website\",\"url\":\"https:\/\/www.carideal.com\/blog\/\",\"name\":\"Blog auto Carid\u00e9al\",\"description\":\"Actualit\u00e9 auto par des passionn\u00e9s\",\"publisher\":{\"@id\":\"https:\/\/www.carideal.com\/blog\/#organization\"},\"potentialAction\":[{\"@type\":\"SearchAction\",\"target\":{\"@type\":\"EntryPoint\",\"urlTemplate\":\"https:\/\/www.carideal.com\/blog\/?s={search_term_string}\"},\"query-input\":{\"@type\":\"PropertyValueSpecification\",\"valueRequired\":true,\"valueName\":\"search_term_string\"}}],\"inLanguage\":\"fr-FR\"},{\"@type\":\"Organization\",\"@id\":\"https:\/\/www.carideal.com\/blog\/#organization\",\"name\":\"Carideal\",\"url\":\"https:\/\/www.carideal.com\/blog\/\",\"logo\":{\"@type\":\"ImageObject\",\"inLanguage\":\"fr-FR\",\"@id\":\"https:\/\/www.carideal.com\/blog\/#\/schema\/logo\/image\/\",\"url\":\"http:\/\/www.carideal.com\/blog\/wp-content\/uploads\/2016\/03\/logo-carideal-mandataire-automobile.png\",\"contentUrl\":\"http:\/\/www.carideal.com\/blog\/wp-content\/uploads\/2016\/03\/logo-carideal-mandataire-automobile.png\",\"width\":300,\"height\":300,\"caption\":\"Carideal\"},\"image\":{\"@id\":\"https:\/\/www.carideal.com\/blog\/#\/schema\/logo\/image\/\"},\"sameAs\":[\"https:\/\/www.facebook.com\/Carideal.mandataire.automobile\",\"https:\/\/x.com\/caridealauto\",\"https:\/\/www.instagram.com\/carideal1\/\",\"https:\/\/www.linkedin.com\/company\/carideal.com\",\"https:\/\/fr.pinterest.com\/schiavonsas\/\",\"https:\/\/www.youtube.com\/user\/caridealsas\"]}]}<\/script>\n<!-- \/ Yoast SEO plugin. -->","yoast_head_json":{"title":"ALPINE - Actualit\u00e9 essais Avis neuve et occasion - Blog auto Carid\u00e9al","description":"Retrouvez toutes les informations et les actualit\u00e9s Alpine les essais et toutes les annonces d'Alpine neuve et d'occasion sur le blog de carideal","robots":{"index":"index","follow":"follow","max-snippet":"max-snippet:-1","max-image-preview":"max-image-preview:large","max-video-preview":"max-video-preview:-1"},"canonical":"https:\/\/www.carideal.com\/blog\/marque-de-voiture-actualites-essais\/alpine\/","og_locale":"fr_FR","og_type":"article","og_title":"ALPINE - Actualit\u00e9 essais Avis neuve et occasion - Blog auto Carid\u00e9al","og_description":"Retrouvez toutes les informations et les actualit\u00e9s Alpine les essais et toutes les annonces d'Alpine neuve et d'occasion sur le blog de carideal","og_url":"https:\/\/www.carideal.com\/blog\/marque-de-voiture-actualites-essais\/alpine\/","og_site_name":"Blog auto Carid\u00e9al","article_publisher":"https:\/\/www.facebook.com\/Carideal.mandataire.automobile","article_modified_time":"2020-01-29T14:33:41+00:00","og_image":[{"width":600,"height":400,"url":"https:\/\/www.carideal.com\/blog\/wp-content\/uploads\/2017\/08\/alpine-a110-2017-e1580244871933.jpg","type":"image\/jpeg"}],"twitter_card":"summary_large_image","twitter_site":"@caridealauto","twitter_misc":{"Dur\u00e9e de lecture estim\u00e9e":"1 minute"},"schema":{"@context":"https:\/\/schema.org","@graph":[{"@type":"WebPage","@id":"https:\/\/www.carideal.com\/blog\/marque-de-voiture-actualites-essais\/alpine\/","url":"https:\/\/www.carideal.com\/blog\/marque-de-voiture-actualites-essais\/alpine\/","name":"ALPINE - Actualit\u00e9 essais Avis neuve et occasion - Blog auto Carid\u00e9al","isPartOf":{"@id":"https:\/\/www.carideal.com\/blog\/#website"},"primaryImageOfPage":{"@id":"https:\/\/www.carideal.com\/blog\/marque-de-voiture-actualites-essais\/alpine\/#primaryimage"},"image":{"@id":"https:\/\/www.carideal.com\/blog\/marque-de-voiture-actualites-essais\/alpine\/#primaryimage"},"thumbnailUrl":"https:\/\/www.carideal.com\/blog\/wp-content\/uploads\/2017\/08\/alpine-a110-2017-e1580244871933.jpg","datePublished":"2017-08-31T19:37:16+00:00","dateModified":"2020-01-29T14:33:41+00:00","description":"Retrouvez toutes les informations et les actualit\u00e9s Alpine les essais et toutes les annonces d'Alpine neuve et d'occasion sur le blog de carideal","breadcrumb":{"@id":"https:\/\/www.carideal.com\/blog\/marque-de-voiture-actualites-essais\/alpine\/#breadcrumb"},"inLanguage":"fr-FR","potentialAction":[{"@type":"ReadAction","target":["https:\/\/www.carideal.com\/blog\/marque-de-voiture-actualites-essais\/alpine\/"]}]},{"@type":"ImageObject","inLanguage":"fr-FR","@id":"https:\/\/www.carideal.com\/blog\/marque-de-voiture-actualites-essais\/alpine\/#primaryimage","url":"https:\/\/www.carideal.com\/blog\/wp-content\/uploads\/2017\/08\/alpine-a110-2017-e1580244871933.jpg","contentUrl":"https:\/\/www.carideal.com\/blog\/wp-content\/uploads\/2017\/08\/alpine-a110-2017-e1580244871933.jpg","width":600,"height":400,"caption":"Alpine"},{"@type":"BreadcrumbList","@id":"https:\/\/www.carideal.com\/blog\/marque-de-voiture-actualites-essais\/alpine\/#breadcrumb","itemListElement":[{"@type":"ListItem","position":1,"name":"Blog Carid\u00e9al","item":"https:\/\/www.carideal.com\/blog\/"},{"@type":"ListItem","position":2,"name":"Marque de voiture","item":"https:\/\/www.carideal.com\/blog\/marque-de-voiture-actualites-essais\/"},{"@type":"ListItem","position":3,"name":"ALPINE &#8211; Actualit\u00e9 essais Avis neuve et occasion"}]},{"@type":"WebSite","@id":"https:\/\/www.carideal.com\/blog\/#website","url":"https:\/\/www.carideal.com\/blog\/","name":"Blog auto Carid\u00e9al","description":"Actualit\u00e9 auto par des passionn\u00e9s","publisher":{"@id":"https:\/\/www.carideal.com\/blog\/#organization"},"potentialAction":[{"@type":"SearchAction","target":{"@type":"EntryPoint","urlTemplate":"https:\/\/www.carideal.com\/blog\/?s={search_term_string}"},"query-input":{"@type":"PropertyValueSpecification","valueRequired":true,"valueName":"search_term_string"}}],"inLanguage":"fr-FR"},{"@type":"Organization","@id":"https:\/\/www.carideal.com\/blog\/#organization","name":"Carideal","url":"https:\/\/www.carideal.com\/blog\/","logo":{"@type":"ImageObject","inLanguage":"fr-FR","@id":"https:\/\/www.carideal.com\/blog\/#\/schema\/logo\/image\/","url":"http:\/\/www.carideal.com\/blog\/wp-content\/uploads\/2016\/03\/logo-carideal-mandataire-automobile.png","contentUrl":"http:\/\/www.carideal.com\/blog\/wp-content\/uploads\/2016\/03\/logo-carideal-mandataire-automobile.png","width":300,"height":300,"caption":"Carideal"},"image":{"@id":"https:\/\/www.carideal.com\/blog\/#\/schema\/logo\/image\/"},"sameAs":["https:\/\/www.facebook.com\/Carideal.mandataire.automobile","https:\/\/x.com\/caridealauto","https:\/\/www.instagram.com\/carideal1\/","https:\/\/www.linkedin.com\/company\/carideal.com","https:\/\/fr.pinterest.com\/schiavonsas\/","https:\/\/www.youtube.com\/user\/caridealsas"]}]}},"uagb_featured_image_src":{"full":["https:\/\/www.carideal.com\/blog\/wp-content\/uploads\/2017\/08\/alpine-a110-2017-e1580244871933.jpg",600,400,false],"thumbnail":["https:\/\/www.carideal.com\/blog\/wp-content\/uploads\/2017\/08\/alpine-a110-2017-150x150.jpg",150,150,true],"medium":["https:\/\/www.carideal.com\/blog\/wp-content\/uploads\/2017\/08\/alpine-a110-2017-300x200.jpg",300,200,true],"medium_large":["https:\/\/www.carideal.com\/blog\/wp-content\/uploads\/2017\/08\/alpine-a110-2017-768x512.jpg",768,512,true],"large":["https:\/\/www.carideal.com\/blog\/wp-content\/uploads\/2017\/08\/alpine-a110-2017-1024x683.jpg",1024,683,true],"1536x1536":["https:\/\/www.carideal.com\/blog\/wp-content\/uploads\/2017\/08\/alpine-a110-2017-e1580244871933.jpg",600,400,false],"2048x2048":["https:\/\/www.carideal.com\/blog\/wp-content\/uploads\/2017\/08\/alpine-a110-2017-e1580244871933.jpg",600,400,false],"wppr-widget":["https:\/\/www.carideal.com\/blog\/wp-content\/uploads\/2017\/08\/alpine-a110-2017-e1580244871933.jpg",50,33,false]},"uagb_author_info":{"display_name":"Nicolas SCHIAVON","author_link":"https:\/\/www.carideal.com\/blog\/author\/nschiavon\/"},"uagb_comment_info":0,"uagb_excerpt":"Alpine - Actualit\u00e9 essais Avis neuve et occasion Infos sur Alpine | Actualit\u00e9 | Essais | Voiture d'occasion | Voiture neuve |Prix du neuf | Guide d'achat Parmi toutes les marques prestigieuses, Carideal.com se devait de mettre en avant Alpine. Vous trouverez sur notre site web les informations sur la marque Alpine et ses mod\u00e8les.\u2026","_links":{"self":[{"href":"https:\/\/www.carideal.com\/blog\/wp-json\/wp\/v2\/pages\/16273"}],"collection":[{"href":"https:\/\/www.carideal.com\/blog\/wp-json\/wp\/v2\/pages"}],"about":[{"href":"https:\/\/www.carideal.com\/blog\/wp-json\/wp\/v2\/types\/page"}],"author":[{"embeddable":true,"href":"https:\/\/www.carideal.com\/blog\/wp-json\/wp\/v2\/users\/3"}],"replies":[{"embeddable":true,"href":"https:\/\/www.carideal.com\/blog\/wp-json\/wp\/v2\/comments?post=16273"}],"version-history":[{"count":0,"href":"https:\/\/www.carideal.com\/blog\/wp-json\/wp\/v2\/pages\/16273\/revisions"}],"up":[{"embeddable":true,"href":"https:\/\/www.carideal.com\/blog\/wp-json\/wp\/v2\/pages\/13389"}],"wp:featuredmedia":[{"embeddable":true,"href":"https:\/\/www.carideal.com\/blog\/wp-json\/wp\/v2\/media\/16274"}],"wp:attachment":[{"href":"https:\/\/www.carideal.com\/blog\/wp-json\/wp\/v2\/media?parent=16273"}],"curies":[{"name":"wp","href":"https:\/\/api.w.org\/{rel}","templated":true}]}}