{"id":16261,"date":"2017-08-29T22:00:28","date_gmt":"2017-08-29T20:00:28","guid":{"rendered":"http:\/\/www.carideal.com\/blog\/?page_id=16261"},"modified":"2020-01-29T13:01:12","modified_gmt":"2020-01-29T12:01:12","slug":"bellier","status":"publish","type":"page","link":"https:\/\/www.carideal.com\/blog\/marque-de-voiture-actualites-essais\/bellier\/","title":{"rendered":"Bellier &#8211; Actualit\u00e9 Essais Avis  neuve et occasion"},"content":{"rendered":"<h2>Bellier - Actualit\u00e9 Essais Avis neuve et occasion<\/h2>\n<p><a href=\"http:\/\/www.carideal.com\/blog\/marque-de-voiture-actualites-essais\/bellier\/\">Infos sur Bellier<\/a> | Actualit\u00e9 | Essais | Voiture d'occasion | Voiture neuve |Prix du neuf | <a href=\"http:\/\/www.carideal.com\/blog\/tag\/guide-achat\/?=bellier\">Guide d'achat<\/a><\/p>\n<p>Parmi toutes les marques prestigieuses, Carideal.com se devait de mettre en avant Bellier. Vous trouverez sur notre site web les informations sur la marque Bellier et ses mod\u00e8les. Vous trouverez les diff\u00e9rents essais, les actualit\u00e9s et fiches techniques de la marque Bellier ainsi que les annonces auto de la marque Bellier. Nous mettrons tout en \u0153uvre pour vous donner le maximum d'informations sur la marque Bellier.<\/p>\n<h2>Liste des mod\u00e8les Bellier<\/h2>\n\n\n<figure class=\"wp-block-table is-style-stripes\"><table class=\"\"><tbody><tr><td>Bellier Serie B<\/td><td>Bellier Serie\u00a0C<\/td><td>Bellier Serie\u00a0S<\/td><td>Bellier Serie\u00a0Italia<\/td><\/tr><tr><td><\/td><td><\/td><td><\/td><td><img loading=\"lazy\" decoding=\"async\" width=\"150\" height=\"104\" class=\"wp-image-16262\" style=\"width: 150px;\" src=\"http:\/\/www.carideal.com\/blog\/wp-content\/uploads\/2017\/08\/Italia-avec-ombre-e1580299168462.png\" alt=\"Bellier Italia\"><\/td><\/tr><tr><td>Bellier\u00a0Docker<\/td><td>Bellier Jade<\/td><td><\/td><td><\/td><\/tr><tr><td><\/td><td><\/td><td><\/td><td><\/td><\/tr><\/tbody><\/table><\/figure>\n\n\n\n<p>Aujourd'hui, les voitures qui peuvent \u00eatre conduites&nbsp;sans permis sont de plus en plus populaires dans les pays d\u00e9velopp\u00e9s. L'avantage principal est que vous ne devez passer aucun examen pour pouvoir conduire ce type de v\u00e9hicule. La seule chose requise est un certificat que vous pouvez obtenir d'une \u00e9cole de conduite autoris\u00e9e.<\/p>\n\n\n\n<p>Cependant, les avantages ne s'arr\u00eatent pas ici. Les v\u00e9hicules ont un design agr\u00e9able (m\u00eame si elles&nbsp;ne sont pas les voitures les plus \u00e9l\u00e9gantes sur le march\u00e9), de petite taille et ont un faible impact sur l'environnement. En outre, le niveau de s\u00e9curit\u00e9 offert est sup\u00e9rieur \u00e0 un VTT, scooters ou bicyclettes, alors que le confort est comparable \u00e0 celui d'un v\u00e9hicule standard.<\/p>\n\n\n\n<h2 class=\"wp-block-heading\">Une voiture Bellier, vous pouvez conduire sans permis<\/h2>\n\n\n\n<p>L'\u00e2ge minimum pour conduire un tel v\u00e9hicule est de 16 ans. Cela peut \u00eatre utile pour les adolescents car ils peuvent acqu\u00e9rir plus d'exp\u00e9rience de conduite. En outre, si vous avez d\u00e9j\u00e0 un permis de conduire, une voiture comme celle-ci vous aiderait. Si votre permis de conduire est suspendu, vous pouvez conduire une Bellier.<\/p>\n\n\n\n<h2 class=\"wp-block-heading\">Actualit\u00e9s&nbsp;Bellier<\/h2>\n\n\n\n<p>TOUTES&nbsp;LES&nbsp;ACTUALIT\u00c9S&nbsp;BELLIER<\/p>\n\n\n\n<h2 class=\"wp-block-heading\">Essais&nbsp;Bellier<\/h2>\n\n\n\n<p>TOUS&nbsp;LES&nbsp;ESSAIS&nbsp;BELLIER<\/p>\n","protected":false},"excerpt":{"rendered":"<p>Bellier &#8211; Actualit\u00e9 Essais Avis neuve et occasion Infos sur Bellier | Actualit\u00e9 | Essais | Voiture d&rsquo;occasion | Voiture neuve |Prix du neuf | Guide d&rsquo;achat Parmi toutes les marques prestigieuses, Carideal.com se devait de mettre en avant Bellier. Vous trouverez sur notre site web les informations sur la marque Bellier et ses mod\u00e8les. &#8230; <a title=\"Bellier &#8211; Actualit\u00e9 Essais Avis  neuve et occasion\" class=\"read-more\" href=\"https:\/\/www.carideal.com\/blog\/marque-de-voiture-actualites-essais\/bellier\/\" aria-label=\"En savoir plus sur Bellier &#8211; Actualit\u00e9 Essais Avis  neuve et occasion\">Lire plus<\/a><\/p>\n","protected":false},"author":3,"featured_media":16263,"parent":13389,"menu_order":0,"comment_status":"closed","ping_status":"closed","template":"","meta":{"_uag_custom_page_level_css":"","_themeisle_gutenberg_block_has_review":false,"footnotes":""},"class_list":["post-16261","page","type-page","status-publish","has-post-thumbnail"],"wppr_data":{"cwp_meta_box_check":"No"},"yoast_head":"<!-- This site is optimized with the Yoast SEO plugin v24.8.1 - https:\/\/yoast.com\/wordpress\/plugins\/seo\/ -->\n<title>Bellier - Actualit\u00e9 Essais Avis neuve et occasion - Blog auto Carid\u00e9al<\/title>\n<meta name=\"description\" content=\"On vous dit tout sur les voitures sans permis Bellier. Retrouvez sur Carideal toutes les infos sur Bellier les essais et les Bellier d&#039;occasion\" \/>\n<meta name=\"robots\" content=\"index, follow, max-snippet:-1, max-image-preview:large, max-video-preview:-1\" \/>\n<link rel=\"canonical\" href=\"https:\/\/www.carideal.com\/blog\/marque-de-voiture-actualites-essais\/bellier\/\" \/>\n<meta property=\"og:locale\" content=\"fr_FR\" \/>\n<meta property=\"og:type\" content=\"article\" \/>\n<meta property=\"og:title\" content=\"Bellier - Actualit\u00e9 Essais Avis neuve et occasion - Blog auto Carid\u00e9al\" \/>\n<meta property=\"og:description\" content=\"On vous dit tout sur les voitures sans permis Bellier. Retrouvez sur Carideal toutes les infos sur Bellier les essais et les Bellier d&#039;occasion\" \/>\n<meta property=\"og:url\" content=\"https:\/\/www.carideal.com\/blog\/marque-de-voiture-actualites-essais\/bellier\/\" \/>\n<meta property=\"og:site_name\" content=\"Blog auto Carid\u00e9al\" \/>\n<meta property=\"article:publisher\" content=\"https:\/\/www.facebook.com\/Carideal.mandataire.automobile\" \/>\n<meta property=\"article:modified_time\" content=\"2020-01-29T12:01:12+00:00\" \/>\n<meta property=\"og:image\" content=\"https:\/\/www.carideal.com\/blog\/wp-content\/uploads\/2017\/08\/Italia-avec-ombre-1-e1580298763583.png\" \/>\n\t<meta property=\"og:image:width\" content=\"600\" \/>\n\t<meta property=\"og:image:height\" content=\"413\" \/>\n\t<meta property=\"og:image:type\" content=\"image\/png\" \/>\n<meta name=\"twitter:card\" content=\"summary_large_image\" \/>\n<meta name=\"twitter:site\" content=\"@caridealauto\" \/>\n<meta name=\"twitter:label1\" content=\"Dur\u00e9e de lecture estim\u00e9e\" \/>\n\t<meta name=\"twitter:data1\" content=\"2 minutes\" \/>\n<script type=\"application\/ld+json\" class=\"yoast-schema-graph\">{\"@context\":\"https:\/\/schema.org\",\"@graph\":[{\"@type\":\"WebPage\",\"@id\":\"https:\/\/www.carideal.com\/blog\/marque-de-voiture-actualites-essais\/bellier\/\",\"url\":\"https:\/\/www.carideal.com\/blog\/marque-de-voiture-actualites-essais\/bellier\/\",\"name\":\"Bellier - Actualit\u00e9 Essais Avis neuve et occasion - Blog auto Carid\u00e9al\",\"isPartOf\":{\"@id\":\"https:\/\/www.carideal.com\/blog\/#website\"},\"primaryImageOfPage\":{\"@id\":\"https:\/\/www.carideal.com\/blog\/marque-de-voiture-actualites-essais\/bellier\/#primaryimage\"},\"image\":{\"@id\":\"https:\/\/www.carideal.com\/blog\/marque-de-voiture-actualites-essais\/bellier\/#primaryimage\"},\"thumbnailUrl\":\"https:\/\/www.carideal.com\/blog\/wp-content\/uploads\/2017\/08\/Italia-avec-ombre-1-e1580298763583.png\",\"datePublished\":\"2017-08-29T20:00:28+00:00\",\"dateModified\":\"2020-01-29T12:01:12+00:00\",\"description\":\"On vous dit tout sur les voitures sans permis Bellier. Retrouvez sur Carideal toutes les infos sur Bellier les essais et les Bellier d'occasion\",\"breadcrumb\":{\"@id\":\"https:\/\/www.carideal.com\/blog\/marque-de-voiture-actualites-essais\/bellier\/#breadcrumb\"},\"inLanguage\":\"fr-FR\",\"potentialAction\":[{\"@type\":\"ReadAction\",\"target\":[\"https:\/\/www.carideal.com\/blog\/marque-de-voiture-actualites-essais\/bellier\/\"]}]},{\"@type\":\"ImageObject\",\"inLanguage\":\"fr-FR\",\"@id\":\"https:\/\/www.carideal.com\/blog\/marque-de-voiture-actualites-essais\/bellier\/#primaryimage\",\"url\":\"https:\/\/www.carideal.com\/blog\/wp-content\/uploads\/2017\/08\/Italia-avec-ombre-1-e1580298763583.png\",\"contentUrl\":\"https:\/\/www.carideal.com\/blog\/wp-content\/uploads\/2017\/08\/Italia-avec-ombre-1-e1580298763583.png\",\"width\":600,\"height\":413,\"caption\":\"Bellier\"},{\"@type\":\"BreadcrumbList\",\"@id\":\"https:\/\/www.carideal.com\/blog\/marque-de-voiture-actualites-essais\/bellier\/#breadcrumb\",\"itemListElement\":[{\"@type\":\"ListItem\",\"position\":1,\"name\":\"Blog Carid\u00e9al\",\"item\":\"https:\/\/www.carideal.com\/blog\/\"},{\"@type\":\"ListItem\",\"position\":2,\"name\":\"Marque de voiture\",\"item\":\"https:\/\/www.carideal.com\/blog\/marque-de-voiture-actualites-essais\/\"},{\"@type\":\"ListItem\",\"position\":3,\"name\":\"Bellier &#8211; Actualit\u00e9 Essais Avis neuve et occasion\"}]},{\"@type\":\"WebSite\",\"@id\":\"https:\/\/www.carideal.com\/blog\/#website\",\"url\":\"https:\/\/www.carideal.com\/blog\/\",\"name\":\"Blog auto Carid\u00e9al\",\"description\":\"Actualit\u00e9 auto par des passionn\u00e9s\",\"publisher\":{\"@id\":\"https:\/\/www.carideal.com\/blog\/#organization\"},\"potentialAction\":[{\"@type\":\"SearchAction\",\"target\":{\"@type\":\"EntryPoint\",\"urlTemplate\":\"https:\/\/www.carideal.com\/blog\/?s={search_term_string}\"},\"query-input\":{\"@type\":\"PropertyValueSpecification\",\"valueRequired\":true,\"valueName\":\"search_term_string\"}}],\"inLanguage\":\"fr-FR\"},{\"@type\":\"Organization\",\"@id\":\"https:\/\/www.carideal.com\/blog\/#organization\",\"name\":\"Carideal\",\"url\":\"https:\/\/www.carideal.com\/blog\/\",\"logo\":{\"@type\":\"ImageObject\",\"inLanguage\":\"fr-FR\",\"@id\":\"https:\/\/www.carideal.com\/blog\/#\/schema\/logo\/image\/\",\"url\":\"http:\/\/www.carideal.com\/blog\/wp-content\/uploads\/2016\/03\/logo-carideal-mandataire-automobile.png\",\"contentUrl\":\"http:\/\/www.carideal.com\/blog\/wp-content\/uploads\/2016\/03\/logo-carideal-mandataire-automobile.png\",\"width\":300,\"height\":300,\"caption\":\"Carideal\"},\"image\":{\"@id\":\"https:\/\/www.carideal.com\/blog\/#\/schema\/logo\/image\/\"},\"sameAs\":[\"https:\/\/www.facebook.com\/Carideal.mandataire.automobile\",\"https:\/\/x.com\/caridealauto\",\"https:\/\/www.instagram.com\/carideal1\/\",\"https:\/\/www.linkedin.com\/company\/carideal.com\",\"https:\/\/fr.pinterest.com\/schiavonsas\/\",\"https:\/\/www.youtube.com\/user\/caridealsas\"]}]}<\/script>\n<!-- \/ Yoast SEO plugin. -->","yoast_head_json":{"title":"Bellier - Actualit\u00e9 Essais Avis neuve et occasion - Blog auto Carid\u00e9al","description":"On vous dit tout sur les voitures sans permis Bellier. Retrouvez sur Carideal toutes les infos sur Bellier les essais et les Bellier d'occasion","robots":{"index":"index","follow":"follow","max-snippet":"max-snippet:-1","max-image-preview":"max-image-preview:large","max-video-preview":"max-video-preview:-1"},"canonical":"https:\/\/www.carideal.com\/blog\/marque-de-voiture-actualites-essais\/bellier\/","og_locale":"fr_FR","og_type":"article","og_title":"Bellier - Actualit\u00e9 Essais Avis neuve et occasion - Blog auto Carid\u00e9al","og_description":"On vous dit tout sur les voitures sans permis Bellier. Retrouvez sur Carideal toutes les infos sur Bellier les essais et les Bellier d'occasion","og_url":"https:\/\/www.carideal.com\/blog\/marque-de-voiture-actualites-essais\/bellier\/","og_site_name":"Blog auto Carid\u00e9al","article_publisher":"https:\/\/www.facebook.com\/Carideal.mandataire.automobile","article_modified_time":"2020-01-29T12:01:12+00:00","og_image":[{"width":600,"height":413,"url":"https:\/\/www.carideal.com\/blog\/wp-content\/uploads\/2017\/08\/Italia-avec-ombre-1-e1580298763583.png","type":"image\/png"}],"twitter_card":"summary_large_image","twitter_site":"@caridealauto","twitter_misc":{"Dur\u00e9e de lecture estim\u00e9e":"2 minutes"},"schema":{"@context":"https:\/\/schema.org","@graph":[{"@type":"WebPage","@id":"https:\/\/www.carideal.com\/blog\/marque-de-voiture-actualites-essais\/bellier\/","url":"https:\/\/www.carideal.com\/blog\/marque-de-voiture-actualites-essais\/bellier\/","name":"Bellier - Actualit\u00e9 Essais Avis neuve et occasion - Blog auto Carid\u00e9al","isPartOf":{"@id":"https:\/\/www.carideal.com\/blog\/#website"},"primaryImageOfPage":{"@id":"https:\/\/www.carideal.com\/blog\/marque-de-voiture-actualites-essais\/bellier\/#primaryimage"},"image":{"@id":"https:\/\/www.carideal.com\/blog\/marque-de-voiture-actualites-essais\/bellier\/#primaryimage"},"thumbnailUrl":"https:\/\/www.carideal.com\/blog\/wp-content\/uploads\/2017\/08\/Italia-avec-ombre-1-e1580298763583.png","datePublished":"2017-08-29T20:00:28+00:00","dateModified":"2020-01-29T12:01:12+00:00","description":"On vous dit tout sur les voitures sans permis Bellier. Retrouvez sur Carideal toutes les infos sur Bellier les essais et les Bellier d'occasion","breadcrumb":{"@id":"https:\/\/www.carideal.com\/blog\/marque-de-voiture-actualites-essais\/bellier\/#breadcrumb"},"inLanguage":"fr-FR","potentialAction":[{"@type":"ReadAction","target":["https:\/\/www.carideal.com\/blog\/marque-de-voiture-actualites-essais\/bellier\/"]}]},{"@type":"ImageObject","inLanguage":"fr-FR","@id":"https:\/\/www.carideal.com\/blog\/marque-de-voiture-actualites-essais\/bellier\/#primaryimage","url":"https:\/\/www.carideal.com\/blog\/wp-content\/uploads\/2017\/08\/Italia-avec-ombre-1-e1580298763583.png","contentUrl":"https:\/\/www.carideal.com\/blog\/wp-content\/uploads\/2017\/08\/Italia-avec-ombre-1-e1580298763583.png","width":600,"height":413,"caption":"Bellier"},{"@type":"BreadcrumbList","@id":"https:\/\/www.carideal.com\/blog\/marque-de-voiture-actualites-essais\/bellier\/#breadcrumb","itemListElement":[{"@type":"ListItem","position":1,"name":"Blog Carid\u00e9al","item":"https:\/\/www.carideal.com\/blog\/"},{"@type":"ListItem","position":2,"name":"Marque de voiture","item":"https:\/\/www.carideal.com\/blog\/marque-de-voiture-actualites-essais\/"},{"@type":"ListItem","position":3,"name":"Bellier &#8211; Actualit\u00e9 Essais Avis neuve et occasion"}]},{"@type":"WebSite","@id":"https:\/\/www.carideal.com\/blog\/#website","url":"https:\/\/www.carideal.com\/blog\/","name":"Blog auto Carid\u00e9al","description":"Actualit\u00e9 auto par des passionn\u00e9s","publisher":{"@id":"https:\/\/www.carideal.com\/blog\/#organization"},"potentialAction":[{"@type":"SearchAction","target":{"@type":"EntryPoint","urlTemplate":"https:\/\/www.carideal.com\/blog\/?s={search_term_string}"},"query-input":{"@type":"PropertyValueSpecification","valueRequired":true,"valueName":"search_term_string"}}],"inLanguage":"fr-FR"},{"@type":"Organization","@id":"https:\/\/www.carideal.com\/blog\/#organization","name":"Carideal","url":"https:\/\/www.carideal.com\/blog\/","logo":{"@type":"ImageObject","inLanguage":"fr-FR","@id":"https:\/\/www.carideal.com\/blog\/#\/schema\/logo\/image\/","url":"http:\/\/www.carideal.com\/blog\/wp-content\/uploads\/2016\/03\/logo-carideal-mandataire-automobile.png","contentUrl":"http:\/\/www.carideal.com\/blog\/wp-content\/uploads\/2016\/03\/logo-carideal-mandataire-automobile.png","width":300,"height":300,"caption":"Carideal"},"image":{"@id":"https:\/\/www.carideal.com\/blog\/#\/schema\/logo\/image\/"},"sameAs":["https:\/\/www.facebook.com\/Carideal.mandataire.automobile","https:\/\/x.com\/caridealauto","https:\/\/www.instagram.com\/carideal1\/","https:\/\/www.linkedin.com\/company\/carideal.com","https:\/\/fr.pinterest.com\/schiavonsas\/","https:\/\/www.youtube.com\/user\/caridealsas"]}]}},"uagb_featured_image_src":{"full":["https:\/\/www.carideal.com\/blog\/wp-content\/uploads\/2017\/08\/Italia-avec-ombre-1-e1580298763583.png",600,413,false],"thumbnail":["https:\/\/www.carideal.com\/blog\/wp-content\/uploads\/2017\/08\/Italia-avec-ombre-1-150x150.png",150,150,true],"medium":["https:\/\/www.carideal.com\/blog\/wp-content\/uploads\/2017\/08\/Italia-avec-ombre-1-300x207.png",300,207,true],"medium_large":["https:\/\/www.carideal.com\/blog\/wp-content\/uploads\/2017\/08\/Italia-avec-ombre-1-768x529.png",768,529,true],"large":["https:\/\/www.carideal.com\/blog\/wp-content\/uploads\/2017\/08\/Italia-avec-ombre-1-1024x705.png",1024,705,true],"1536x1536":["https:\/\/www.carideal.com\/blog\/wp-content\/uploads\/2017\/08\/Italia-avec-ombre-1-e1580298763583.png",600,413,false],"2048x2048":["https:\/\/www.carideal.com\/blog\/wp-content\/uploads\/2017\/08\/Italia-avec-ombre-1-e1580298763583.png",600,413,false],"wppr-widget":["https:\/\/www.carideal.com\/blog\/wp-content\/uploads\/2017\/08\/Italia-avec-ombre-1-e1580298763583.png",50,34,false]},"uagb_author_info":{"display_name":"Nicolas SCHIAVON","author_link":"https:\/\/www.carideal.com\/blog\/author\/nschiavon\/"},"uagb_comment_info":0,"uagb_excerpt":"Bellier - Actualit\u00e9 Essais Avis neuve et occasion Infos sur Bellier | Actualit\u00e9 | Essais | Voiture d'occasion | Voiture neuve |Prix du neuf | Guide d'achat Parmi toutes les marques prestigieuses, Carideal.com se devait de mettre en avant Bellier. Vous trouverez sur notre site web les informations sur la marque Bellier et ses mod\u00e8les.\u2026","_links":{"self":[{"href":"https:\/\/www.carideal.com\/blog\/wp-json\/wp\/v2\/pages\/16261"}],"collection":[{"href":"https:\/\/www.carideal.com\/blog\/wp-json\/wp\/v2\/pages"}],"about":[{"href":"https:\/\/www.carideal.com\/blog\/wp-json\/wp\/v2\/types\/page"}],"author":[{"embeddable":true,"href":"https:\/\/www.carideal.com\/blog\/wp-json\/wp\/v2\/users\/3"}],"replies":[{"embeddable":true,"href":"https:\/\/www.carideal.com\/blog\/wp-json\/wp\/v2\/comments?post=16261"}],"version-history":[{"count":0,"href":"https:\/\/www.carideal.com\/blog\/wp-json\/wp\/v2\/pages\/16261\/revisions"}],"up":[{"embeddable":true,"href":"https:\/\/www.carideal.com\/blog\/wp-json\/wp\/v2\/pages\/13389"}],"wp:featuredmedia":[{"embeddable":true,"href":"https:\/\/www.carideal.com\/blog\/wp-json\/wp\/v2\/media\/16263"}],"wp:attachment":[{"href":"https:\/\/www.carideal.com\/blog\/wp-json\/wp\/v2\/media?parent=16261"}],"curies":[{"name":"wp","href":"https:\/\/api.w.org\/{rel}","templated":true}]}}