{"id":16248,"date":"2017-08-26T23:10:23","date_gmt":"2017-08-26T21:10:23","guid":{"rendered":"http:\/\/www.carideal.com\/blog\/?page_id=16248"},"modified":"2020-01-29T12:41:57","modified_gmt":"2020-01-29T11:41:57","slug":"auverland","status":"publish","type":"page","link":"https:\/\/www.carideal.com\/blog\/marque-de-voiture-actualites-essais\/auverland\/","title":{"rendered":"Auverland &#8211; Actualit\u00e9 essais Avis neuve et occasion"},"content":{"rendered":"<h2>Auverland - Actualit\u00e9 essais Avis neuve et occasion<\/h2>\n<p><a href=\"http:\/\/www.carideal.com\/blog\/marque-de-voiture-actualites-essais\/auverland\/\">Infos sur Auverland<\/a> | Actualit\u00e9 | Essais | Voiture d'occasion | Voiture neuve | Prix du neuf | <a href=\"http:\/\/www.carideal.com\/blog\/tag\/guide-achat\/?=auverland\">Guide d'achat<\/a><\/p>\n<p>Parmi toutes les marques prestigieuses, Carideal.com se devait de mettre en avant Auverland. Vous trouverez sur notre site web les informations sur la marque Auverland et ses mod\u00e8les. Vous trouverez les diff\u00e9rents essais, les actualit\u00e9s et fiches techniques de la marque Auverland ainsi que les annonces autos de la marque Auverland. Nous mettrons tout en \u0153uvre pour vous donner le maximum d'informations sur la marque Auverland.<\/p>\n<h2>Liste des mod\u00e8les\u00a0Auverland<\/h2>\n\n\n<figure class=\"wp-block-table is-style-stripes\"><table class=\"\"><tbody><tr><td>Auverland A3<\/td><td>Auverland A<\/td><td>Auverland A2<\/td><td>Auverland A3L\/A3SL<\/td><\/tr><tr><td><img loading=\"lazy\" decoding=\"async\" width=\"150\" height=\"113\" class=\"wp-image-16250\" style=\"width: 150px;\" src=\"http:\/\/www.carideal.com\/blog\/wp-content\/uploads\/2017\/08\/auverland-a3-1-e1503781101321.jpg\" alt=\"Auverland A3\"><\/td><td><\/td><td><\/td><td><\/td><\/tr><tr><td>Auverland A3F<\/td><td>Auverland A4<\/td><td>Auverland A5<\/td><td>Auverland Sovamag TC10<\/td><\/tr><tr><td><\/td><td><\/td><td><\/td><td><\/td><\/tr><tr><td>Auverland Sovamag TC24<\/td><td><\/td><td><\/td><td><\/td><\/tr><tr><td><\/td><td><\/td><td><\/td><td><\/td><\/tr><\/tbody><\/table><\/figure>\n\n\n\n<p> Auverland (Soci\u00e9t\u00e9 nouvelle des automobiles Auverland), maintenant regroup\u00e9 avec Panhard, est un fabricant fran\u00e7ais de v\u00e9hicules de combat \u00e0 quatre roues motrices et blind\u00e9s de type Jeep. Il a achet\u00e9 Panhard \u00e0\u00a0<a href=\"http:\/\/www.carideal.com\/blog\/marque-de-voiture-actualites-essais\/peugeot\/\">Peugeot<\/a> en avril 2005 et, dans le cadre d'une reprise invers\u00e9e, la soci\u00e9t\u00e9 combin\u00e9e utilise d\u00e9sormais le nom de Panhard le mieux connu. <\/p>\n\n\n\n<h2 class=\"wp-block-heading\">Actualit\u00e9s&nbsp;Auverland<\/h2>\n\n\n\n<p>TOUTES&nbsp;LES&nbsp;ACTUALIT\u00c9S&nbsp;AUVERLAND<\/p>\n\n\n\n<h2 class=\"wp-block-heading\">Essais&nbsp;Auverland<\/h2>\n\n\n\n<p>TOUS&nbsp;LES&nbsp;ESSAIS&nbsp;AUVERLAND<\/p>\n","protected":false},"excerpt":{"rendered":"<p>Auverland &#8211; Actualit\u00e9 essais Avis neuve et occasion Infos sur Auverland | Actualit\u00e9 | Essais | Voiture d&rsquo;occasion | Voiture neuve | Prix du neuf | Guide d&rsquo;achat Parmi toutes les marques prestigieuses, Carideal.com se devait de mettre en avant Auverland. Vous trouverez sur notre site web les informations sur la marque Auverland et ses &#8230; <a title=\"Auverland &#8211; Actualit\u00e9 essais Avis neuve et occasion\" class=\"read-more\" href=\"https:\/\/www.carideal.com\/blog\/marque-de-voiture-actualites-essais\/auverland\/\" aria-label=\"En savoir plus sur Auverland &#8211; Actualit\u00e9 essais Avis neuve et occasion\">Lire plus<\/a><\/p>\n","protected":false},"author":3,"featured_media":16249,"parent":13389,"menu_order":0,"comment_status":"closed","ping_status":"closed","template":"","meta":{"_uag_custom_page_level_css":"","_themeisle_gutenberg_block_has_review":false,"footnotes":""},"class_list":["post-16248","page","type-page","status-publish","has-post-thumbnail"],"wppr_data":{"cwp_meta_box_check":"No"},"yoast_head":"<!-- This site is optimized with the Yoast SEO plugin v24.8.1 - https:\/\/yoast.com\/wordpress\/plugins\/seo\/ -->\n<title>Auverland - Actualit\u00e9 essais Avis neuve et occasion - Blog auto Carid\u00e9al<\/title>\n<meta name=\"description\" content=\"Retrouvez toutes les infos sur la marque Auverland sp\u00e9cialis\u00e9 dans les 4x4 sur le blog Carideal : les essais les conseils d&#039;achat, les Auverland d&#039;occasion\" \/>\n<meta name=\"robots\" content=\"index, follow, max-snippet:-1, max-image-preview:large, max-video-preview:-1\" \/>\n<link rel=\"canonical\" href=\"https:\/\/www.carideal.com\/blog\/marque-de-voiture-actualites-essais\/auverland\/\" \/>\n<meta property=\"og:locale\" content=\"fr_FR\" \/>\n<meta property=\"og:type\" content=\"article\" \/>\n<meta property=\"og:title\" content=\"Auverland - Actualit\u00e9 essais Avis neuve et occasion - Blog auto Carid\u00e9al\" \/>\n<meta property=\"og:description\" content=\"Retrouvez toutes les infos sur la marque Auverland sp\u00e9cialis\u00e9 dans les 4x4 sur le blog Carideal : les essais les conseils d&#039;achat, les Auverland d&#039;occasion\" \/>\n<meta property=\"og:url\" content=\"https:\/\/www.carideal.com\/blog\/marque-de-voiture-actualites-essais\/auverland\/\" \/>\n<meta property=\"og:site_name\" content=\"Blog auto Carid\u00e9al\" \/>\n<meta property=\"article:publisher\" content=\"https:\/\/www.facebook.com\/Carideal.mandataire.automobile\" \/>\n<meta property=\"article:modified_time\" content=\"2020-01-29T11:41:57+00:00\" \/>\n<meta property=\"og:image\" content=\"https:\/\/www.carideal.com\/blog\/wp-content\/uploads\/2017\/08\/auverland-a3.jpg\" \/>\n\t<meta property=\"og:image:width\" content=\"635\" \/>\n\t<meta property=\"og:image:height\" content=\"476\" \/>\n\t<meta property=\"og:image:type\" content=\"image\/jpeg\" \/>\n<meta name=\"twitter:card\" content=\"summary_large_image\" \/>\n<meta name=\"twitter:site\" content=\"@caridealauto\" \/>\n<meta name=\"twitter:label1\" content=\"Dur\u00e9e de lecture estim\u00e9e\" \/>\n\t<meta name=\"twitter:data1\" content=\"1 minute\" \/>\n<script type=\"application\/ld+json\" class=\"yoast-schema-graph\">{\"@context\":\"https:\/\/schema.org\",\"@graph\":[{\"@type\":\"WebPage\",\"@id\":\"https:\/\/www.carideal.com\/blog\/marque-de-voiture-actualites-essais\/auverland\/\",\"url\":\"https:\/\/www.carideal.com\/blog\/marque-de-voiture-actualites-essais\/auverland\/\",\"name\":\"Auverland - Actualit\u00e9 essais Avis neuve et occasion - Blog auto Carid\u00e9al\",\"isPartOf\":{\"@id\":\"https:\/\/www.carideal.com\/blog\/#website\"},\"primaryImageOfPage\":{\"@id\":\"https:\/\/www.carideal.com\/blog\/marque-de-voiture-actualites-essais\/auverland\/#primaryimage\"},\"image\":{\"@id\":\"https:\/\/www.carideal.com\/blog\/marque-de-voiture-actualites-essais\/auverland\/#primaryimage\"},\"thumbnailUrl\":\"https:\/\/www.carideal.com\/blog\/wp-content\/uploads\/2017\/08\/auverland-a3.jpg\",\"datePublished\":\"2017-08-26T21:10:23+00:00\",\"dateModified\":\"2020-01-29T11:41:57+00:00\",\"description\":\"Retrouvez toutes les infos sur la marque Auverland sp\u00e9cialis\u00e9 dans les 4x4 sur le blog Carideal : les essais les conseils d'achat, les Auverland d'occasion\",\"breadcrumb\":{\"@id\":\"https:\/\/www.carideal.com\/blog\/marque-de-voiture-actualites-essais\/auverland\/#breadcrumb\"},\"inLanguage\":\"fr-FR\",\"potentialAction\":[{\"@type\":\"ReadAction\",\"target\":[\"https:\/\/www.carideal.com\/blog\/marque-de-voiture-actualites-essais\/auverland\/\"]}]},{\"@type\":\"ImageObject\",\"inLanguage\":\"fr-FR\",\"@id\":\"https:\/\/www.carideal.com\/blog\/marque-de-voiture-actualites-essais\/auverland\/#primaryimage\",\"url\":\"https:\/\/www.carideal.com\/blog\/wp-content\/uploads\/2017\/08\/auverland-a3.jpg\",\"contentUrl\":\"https:\/\/www.carideal.com\/blog\/wp-content\/uploads\/2017\/08\/auverland-a3.jpg\",\"width\":635,\"height\":476,\"caption\":\"Auverland A3\"},{\"@type\":\"BreadcrumbList\",\"@id\":\"https:\/\/www.carideal.com\/blog\/marque-de-voiture-actualites-essais\/auverland\/#breadcrumb\",\"itemListElement\":[{\"@type\":\"ListItem\",\"position\":1,\"name\":\"Blog Carid\u00e9al\",\"item\":\"https:\/\/www.carideal.com\/blog\/\"},{\"@type\":\"ListItem\",\"position\":2,\"name\":\"Marque de voiture\",\"item\":\"https:\/\/www.carideal.com\/blog\/marque-de-voiture-actualites-essais\/\"},{\"@type\":\"ListItem\",\"position\":3,\"name\":\"Auverland &#8211; Actualit\u00e9 essais Avis neuve et occasion\"}]},{\"@type\":\"WebSite\",\"@id\":\"https:\/\/www.carideal.com\/blog\/#website\",\"url\":\"https:\/\/www.carideal.com\/blog\/\",\"name\":\"Blog auto Carid\u00e9al\",\"description\":\"Actualit\u00e9 auto par des passionn\u00e9s\",\"publisher\":{\"@id\":\"https:\/\/www.carideal.com\/blog\/#organization\"},\"potentialAction\":[{\"@type\":\"SearchAction\",\"target\":{\"@type\":\"EntryPoint\",\"urlTemplate\":\"https:\/\/www.carideal.com\/blog\/?s={search_term_string}\"},\"query-input\":{\"@type\":\"PropertyValueSpecification\",\"valueRequired\":true,\"valueName\":\"search_term_string\"}}],\"inLanguage\":\"fr-FR\"},{\"@type\":\"Organization\",\"@id\":\"https:\/\/www.carideal.com\/blog\/#organization\",\"name\":\"Carideal\",\"url\":\"https:\/\/www.carideal.com\/blog\/\",\"logo\":{\"@type\":\"ImageObject\",\"inLanguage\":\"fr-FR\",\"@id\":\"https:\/\/www.carideal.com\/blog\/#\/schema\/logo\/image\/\",\"url\":\"http:\/\/www.carideal.com\/blog\/wp-content\/uploads\/2016\/03\/logo-carideal-mandataire-automobile.png\",\"contentUrl\":\"http:\/\/www.carideal.com\/blog\/wp-content\/uploads\/2016\/03\/logo-carideal-mandataire-automobile.png\",\"width\":300,\"height\":300,\"caption\":\"Carideal\"},\"image\":{\"@id\":\"https:\/\/www.carideal.com\/blog\/#\/schema\/logo\/image\/\"},\"sameAs\":[\"https:\/\/www.facebook.com\/Carideal.mandataire.automobile\",\"https:\/\/x.com\/caridealauto\",\"https:\/\/www.instagram.com\/carideal1\/\",\"https:\/\/www.linkedin.com\/company\/carideal.com\",\"https:\/\/fr.pinterest.com\/schiavonsas\/\",\"https:\/\/www.youtube.com\/user\/caridealsas\"]}]}<\/script>\n<!-- \/ Yoast SEO plugin. -->","yoast_head_json":{"title":"Auverland - Actualit\u00e9 essais Avis neuve et occasion - Blog auto Carid\u00e9al","description":"Retrouvez toutes les infos sur la marque Auverland sp\u00e9cialis\u00e9 dans les 4x4 sur le blog Carideal : les essais les conseils d'achat, les Auverland d'occasion","robots":{"index":"index","follow":"follow","max-snippet":"max-snippet:-1","max-image-preview":"max-image-preview:large","max-video-preview":"max-video-preview:-1"},"canonical":"https:\/\/www.carideal.com\/blog\/marque-de-voiture-actualites-essais\/auverland\/","og_locale":"fr_FR","og_type":"article","og_title":"Auverland - Actualit\u00e9 essais Avis neuve et occasion - Blog auto Carid\u00e9al","og_description":"Retrouvez toutes les infos sur la marque Auverland sp\u00e9cialis\u00e9 dans les 4x4 sur le blog Carideal : les essais les conseils d'achat, les Auverland d'occasion","og_url":"https:\/\/www.carideal.com\/blog\/marque-de-voiture-actualites-essais\/auverland\/","og_site_name":"Blog auto Carid\u00e9al","article_publisher":"https:\/\/www.facebook.com\/Carideal.mandataire.automobile","article_modified_time":"2020-01-29T11:41:57+00:00","og_image":[{"width":635,"height":476,"url":"https:\/\/www.carideal.com\/blog\/wp-content\/uploads\/2017\/08\/auverland-a3.jpg","type":"image\/jpeg"}],"twitter_card":"summary_large_image","twitter_site":"@caridealauto","twitter_misc":{"Dur\u00e9e de lecture estim\u00e9e":"1 minute"},"schema":{"@context":"https:\/\/schema.org","@graph":[{"@type":"WebPage","@id":"https:\/\/www.carideal.com\/blog\/marque-de-voiture-actualites-essais\/auverland\/","url":"https:\/\/www.carideal.com\/blog\/marque-de-voiture-actualites-essais\/auverland\/","name":"Auverland - Actualit\u00e9 essais Avis neuve et occasion - Blog auto Carid\u00e9al","isPartOf":{"@id":"https:\/\/www.carideal.com\/blog\/#website"},"primaryImageOfPage":{"@id":"https:\/\/www.carideal.com\/blog\/marque-de-voiture-actualites-essais\/auverland\/#primaryimage"},"image":{"@id":"https:\/\/www.carideal.com\/blog\/marque-de-voiture-actualites-essais\/auverland\/#primaryimage"},"thumbnailUrl":"https:\/\/www.carideal.com\/blog\/wp-content\/uploads\/2017\/08\/auverland-a3.jpg","datePublished":"2017-08-26T21:10:23+00:00","dateModified":"2020-01-29T11:41:57+00:00","description":"Retrouvez toutes les infos sur la marque Auverland sp\u00e9cialis\u00e9 dans les 4x4 sur le blog Carideal : les essais les conseils d'achat, les Auverland d'occasion","breadcrumb":{"@id":"https:\/\/www.carideal.com\/blog\/marque-de-voiture-actualites-essais\/auverland\/#breadcrumb"},"inLanguage":"fr-FR","potentialAction":[{"@type":"ReadAction","target":["https:\/\/www.carideal.com\/blog\/marque-de-voiture-actualites-essais\/auverland\/"]}]},{"@type":"ImageObject","inLanguage":"fr-FR","@id":"https:\/\/www.carideal.com\/blog\/marque-de-voiture-actualites-essais\/auverland\/#primaryimage","url":"https:\/\/www.carideal.com\/blog\/wp-content\/uploads\/2017\/08\/auverland-a3.jpg","contentUrl":"https:\/\/www.carideal.com\/blog\/wp-content\/uploads\/2017\/08\/auverland-a3.jpg","width":635,"height":476,"caption":"Auverland A3"},{"@type":"BreadcrumbList","@id":"https:\/\/www.carideal.com\/blog\/marque-de-voiture-actualites-essais\/auverland\/#breadcrumb","itemListElement":[{"@type":"ListItem","position":1,"name":"Blog Carid\u00e9al","item":"https:\/\/www.carideal.com\/blog\/"},{"@type":"ListItem","position":2,"name":"Marque de voiture","item":"https:\/\/www.carideal.com\/blog\/marque-de-voiture-actualites-essais\/"},{"@type":"ListItem","position":3,"name":"Auverland &#8211; Actualit\u00e9 essais Avis neuve et occasion"}]},{"@type":"WebSite","@id":"https:\/\/www.carideal.com\/blog\/#website","url":"https:\/\/www.carideal.com\/blog\/","name":"Blog auto Carid\u00e9al","description":"Actualit\u00e9 auto par des passionn\u00e9s","publisher":{"@id":"https:\/\/www.carideal.com\/blog\/#organization"},"potentialAction":[{"@type":"SearchAction","target":{"@type":"EntryPoint","urlTemplate":"https:\/\/www.carideal.com\/blog\/?s={search_term_string}"},"query-input":{"@type":"PropertyValueSpecification","valueRequired":true,"valueName":"search_term_string"}}],"inLanguage":"fr-FR"},{"@type":"Organization","@id":"https:\/\/www.carideal.com\/blog\/#organization","name":"Carideal","url":"https:\/\/www.carideal.com\/blog\/","logo":{"@type":"ImageObject","inLanguage":"fr-FR","@id":"https:\/\/www.carideal.com\/blog\/#\/schema\/logo\/image\/","url":"http:\/\/www.carideal.com\/blog\/wp-content\/uploads\/2016\/03\/logo-carideal-mandataire-automobile.png","contentUrl":"http:\/\/www.carideal.com\/blog\/wp-content\/uploads\/2016\/03\/logo-carideal-mandataire-automobile.png","width":300,"height":300,"caption":"Carideal"},"image":{"@id":"https:\/\/www.carideal.com\/blog\/#\/schema\/logo\/image\/"},"sameAs":["https:\/\/www.facebook.com\/Carideal.mandataire.automobile","https:\/\/x.com\/caridealauto","https:\/\/www.instagram.com\/carideal1\/","https:\/\/www.linkedin.com\/company\/carideal.com","https:\/\/fr.pinterest.com\/schiavonsas\/","https:\/\/www.youtube.com\/user\/caridealsas"]}]}},"uagb_featured_image_src":{"full":["https:\/\/www.carideal.com\/blog\/wp-content\/uploads\/2017\/08\/auverland-a3.jpg",635,476,false],"thumbnail":["https:\/\/www.carideal.com\/blog\/wp-content\/uploads\/2017\/08\/auverland-a3-150x150.jpg",150,150,true],"medium":["https:\/\/www.carideal.com\/blog\/wp-content\/uploads\/2017\/08\/auverland-a3-300x225.jpg",300,225,true],"medium_large":["https:\/\/www.carideal.com\/blog\/wp-content\/uploads\/2017\/08\/auverland-a3.jpg",635,476,false],"large":["https:\/\/www.carideal.com\/blog\/wp-content\/uploads\/2017\/08\/auverland-a3.jpg",635,476,false],"1536x1536":["https:\/\/www.carideal.com\/blog\/wp-content\/uploads\/2017\/08\/auverland-a3.jpg",635,476,false],"2048x2048":["https:\/\/www.carideal.com\/blog\/wp-content\/uploads\/2017\/08\/auverland-a3.jpg",635,476,false],"wppr-widget":["https:\/\/www.carideal.com\/blog\/wp-content\/uploads\/2017\/08\/auverland-a3.jpg",50,37,false]},"uagb_author_info":{"display_name":"Nicolas SCHIAVON","author_link":"https:\/\/www.carideal.com\/blog\/author\/nschiavon\/"},"uagb_comment_info":0,"uagb_excerpt":"Auverland - Actualit\u00e9 essais Avis neuve et occasion Infos sur Auverland | Actualit\u00e9 | Essais | Voiture d'occasion | Voiture neuve | Prix du neuf | Guide d'achat Parmi toutes les marques prestigieuses, Carideal.com se devait de mettre en avant Auverland. Vous trouverez sur notre site web les informations sur la marque Auverland et ses\u2026","_links":{"self":[{"href":"https:\/\/www.carideal.com\/blog\/wp-json\/wp\/v2\/pages\/16248"}],"collection":[{"href":"https:\/\/www.carideal.com\/blog\/wp-json\/wp\/v2\/pages"}],"about":[{"href":"https:\/\/www.carideal.com\/blog\/wp-json\/wp\/v2\/types\/page"}],"author":[{"embeddable":true,"href":"https:\/\/www.carideal.com\/blog\/wp-json\/wp\/v2\/users\/3"}],"replies":[{"embeddable":true,"href":"https:\/\/www.carideal.com\/blog\/wp-json\/wp\/v2\/comments?post=16248"}],"version-history":[{"count":0,"href":"https:\/\/www.carideal.com\/blog\/wp-json\/wp\/v2\/pages\/16248\/revisions"}],"up":[{"embeddable":true,"href":"https:\/\/www.carideal.com\/blog\/wp-json\/wp\/v2\/pages\/13389"}],"wp:featuredmedia":[{"embeddable":true,"href":"https:\/\/www.carideal.com\/blog\/wp-json\/wp\/v2\/media\/16249"}],"wp:attachment":[{"href":"https:\/\/www.carideal.com\/blog\/wp-json\/wp\/v2\/media?parent=16248"}],"curies":[{"name":"wp","href":"https:\/\/api.w.org\/{rel}","templated":true}]}}