{"id":16239,"date":"2017-08-23T22:41:53","date_gmt":"2017-08-23T20:41:53","guid":{"rendered":"http:\/\/www.carideal.com\/blog\/?page_id=16239"},"modified":"2020-01-28T22:32:47","modified_gmt":"2020-01-28T21:32:47","slug":"aro","status":"publish","type":"page","link":"https:\/\/www.carideal.com\/blog\/marque-de-voiture-actualites-essais\/aro\/","title":{"rendered":"Aro &#8211; Actualit\u00e9 Essais Avis Neuve et Occasion"},"content":{"rendered":"<h2>Aro - Actualit\u00e9 Essais Avis Neuve et Occasion<\/h2>\n<p><a href=\"http:\/\/www.carideal.com\/blog\/marque-de-voiture-actualites-essais\/aro\/\">Infos sur Aro<\/a> | Actualit\u00e9 | Essais | Voiture d'occasion | Voiture neuve | Prix du neuf | <a href=\"http:\/\/www.carideal.com\/blog\/tag\/guide-achat\/?=aro\">Guide d'achat<\/a><\/p>\n<p>Parmi toutes les marques prestigieuses, Carideal.com se devait de mettre en avant Aro. Vous trouverez sur notre site web les informations sur la marque Aro et ses mod\u00e8les. Vous trouverez les diff\u00e9rents essais, les actualit\u00e9s et fiches techniques de la marque Aro ainsi que les annonces auto de la marque Aro. Nous mettrons tout en \u0153uvre pour vous donner le maximum d'informations sur la marque Aro.<\/p>\n<h2>Liste des mod\u00e8les\u00a0Aro<\/h2>\n\n\n<figure class=\"wp-block-table is-style-stripes\"><table class=\"\"><tbody><tr><td>Aro 10<\/td><td>Aro 24<\/td><td>Aro Forester<\/td><td>Aro Pick up<\/td><\/tr><tr><td><img loading=\"lazy\" decoding=\"async\" width=\"150\" height=\"94\" class=\"wp-image-16240\" style=\"width: 150px;\" src=\"http:\/\/www.carideal.com\/blog\/wp-content\/uploads\/2017\/08\/ARO_10_Spartana-e1503519848458.jpg\" alt=\"Aro 10\"><\/td><td><\/td><td><\/td><td><\/td><\/tr><tr><td>Aro Spartana<\/td><td><\/td><td><\/td><td><\/td><\/tr><tr><td><\/td><td><\/td><td><\/td><td><\/td><\/tr><\/tbody><\/table><\/figure>\n\n\n\n<p>ARO (abr\u00e9viation de Auto Roumanie) \u00e9tait un fabricant roumain de v\u00e9hicules tout chemin situ\u00e9 \u00e0 C\u00e2mpulung-Muscel. Les premiers v\u00e9hicules ARO ont \u00e9t\u00e9 produits en 1957 et le dernier en 2003. Pendant quelque temps, les ARO Daihatsu ont \u00e9t\u00e9 vendus en Espagne et fabriqu\u00e9s au Portugal sous les marques Hisparo et Portaro, respectivement. En Italie, les ARO de Volkswagen ont \u00e9t\u00e9 produites par ARO-Ciemme et vendues sous la marque ACM.<\/p>\n\n\n\n<p>La production \u00e0 faible volume de v\u00e9hicules ARO a repris sous l'\u00e9gide d'une soci\u00e9t\u00e9 tch\u00e8que appel\u00e9e Auto Max Czech (AMC)<\/p>\n\n\n\n<h2 class=\"wp-block-heading\">Actualit\u00e9s&nbsp;Aro<\/h2>\n\n\n\n\n\n<p>TOUTES&nbsp;LES&nbsp;ACTUALIT\u00c9S&nbsp;ARO<\/p>\n\n\n\n<h2 class=\"wp-block-heading\">Essais&nbsp;Aro<\/h2>\n\n\n\n\n\n<p>TOUS&nbsp;LES&nbsp;ESSAIS&nbsp;ARO<\/p>\n","protected":false},"excerpt":{"rendered":"<p>Aro &#8211; Actualit\u00e9 Essais Avis Neuve et Occasion Infos sur Aro | Actualit\u00e9 | Essais | Voiture d&rsquo;occasion | Voiture neuve | Prix du neuf | Guide d&rsquo;achat Parmi toutes les marques prestigieuses, Carideal.com se devait de mettre en avant Aro. Vous trouverez sur notre site web les informations sur la marque Aro et ses &#8230; <a title=\"Aro &#8211; Actualit\u00e9 Essais Avis Neuve et Occasion\" class=\"read-more\" href=\"https:\/\/www.carideal.com\/blog\/marque-de-voiture-actualites-essais\/aro\/\" aria-label=\"En savoir plus sur Aro &#8211; Actualit\u00e9 Essais Avis Neuve et Occasion\">Lire plus<\/a><\/p>\n","protected":false},"author":3,"featured_media":16242,"parent":13389,"menu_order":0,"comment_status":"closed","ping_status":"closed","template":"","meta":{"_uag_custom_page_level_css":"","_themeisle_gutenberg_block_has_review":false,"footnotes":""},"class_list":["post-16239","page","type-page","status-publish","has-post-thumbnail"],"wppr_data":{"cwp_meta_box_check":"No"},"yoast_head":"<!-- This site is optimized with the Yoast SEO plugin v24.8.1 - https:\/\/yoast.com\/wordpress\/plugins\/seo\/ -->\n<title>Aro - Actualit\u00e9 Essais Avis Neuve et Occasion - Blog auto Carid\u00e9al<\/title>\n<meta name=\"description\" content=\"Retrouvez toutes les infos sur les mod\u00e8les de la marque Aro, les essais les actualit\u00e9s des Aros neuves et d&#039;occasions sur notre Blog\" \/>\n<meta name=\"robots\" content=\"noindex, follow\" \/>\n<meta property=\"og:locale\" content=\"fr_FR\" \/>\n<meta property=\"og:type\" content=\"article\" \/>\n<meta property=\"og:title\" content=\"Aro - Actualit\u00e9 Essais Avis Neuve et Occasion - Blog auto Carid\u00e9al\" \/>\n<meta property=\"og:description\" content=\"Retrouvez toutes les infos sur les mod\u00e8les de la marque Aro, les essais les actualit\u00e9s des Aros neuves et d&#039;occasions sur notre Blog\" \/>\n<meta property=\"og:url\" content=\"https:\/\/www.carideal.com\/blog\/marque-de-voiture-actualites-essais\/aro\/\" \/>\n<meta property=\"og:site_name\" content=\"Blog auto Carid\u00e9al\" \/>\n<meta property=\"article:publisher\" content=\"https:\/\/www.facebook.com\/Carideal.mandataire.automobile\" \/>\n<meta property=\"article:modified_time\" content=\"2020-01-28T21:32:47+00:00\" \/>\n<meta property=\"og:image\" content=\"https:\/\/www.carideal.com\/blog\/wp-content\/uploads\/2017\/08\/2001-aro-10-1.jpg\" \/>\n\t<meta property=\"og:image:width\" content=\"500\" \/>\n\t<meta property=\"og:image:height\" content=\"300\" \/>\n\t<meta property=\"og:image:type\" content=\"image\/jpeg\" \/>\n<meta name=\"twitter:card\" content=\"summary_large_image\" \/>\n<meta name=\"twitter:site\" content=\"@caridealauto\" \/>\n<meta name=\"twitter:label1\" content=\"Dur\u00e9e de lecture estim\u00e9e\" \/>\n\t<meta name=\"twitter:data1\" content=\"1 minute\" \/>\n<script type=\"application\/ld+json\" class=\"yoast-schema-graph\">{\"@context\":\"https:\/\/schema.org\",\"@graph\":[{\"@type\":\"WebPage\",\"@id\":\"https:\/\/www.carideal.com\/blog\/marque-de-voiture-actualites-essais\/aro\/\",\"url\":\"https:\/\/www.carideal.com\/blog\/marque-de-voiture-actualites-essais\/aro\/\",\"name\":\"Aro - Actualit\u00e9 Essais Avis Neuve et Occasion - Blog auto Carid\u00e9al\",\"isPartOf\":{\"@id\":\"https:\/\/www.carideal.com\/blog\/#website\"},\"primaryImageOfPage\":{\"@id\":\"https:\/\/www.carideal.com\/blog\/marque-de-voiture-actualites-essais\/aro\/#primaryimage\"},\"image\":{\"@id\":\"https:\/\/www.carideal.com\/blog\/marque-de-voiture-actualites-essais\/aro\/#primaryimage\"},\"thumbnailUrl\":\"https:\/\/www.carideal.com\/blog\/wp-content\/uploads\/2017\/08\/2001-aro-10-1.jpg\",\"datePublished\":\"2017-08-23T20:41:53+00:00\",\"dateModified\":\"2020-01-28T21:32:47+00:00\",\"description\":\"Retrouvez toutes les infos sur les mod\u00e8les de la marque Aro, les essais les actualit\u00e9s des Aros neuves et d'occasions sur notre Blog\",\"breadcrumb\":{\"@id\":\"https:\/\/www.carideal.com\/blog\/marque-de-voiture-actualites-essais\/aro\/#breadcrumb\"},\"inLanguage\":\"fr-FR\",\"potentialAction\":[{\"@type\":\"ReadAction\",\"target\":[\"https:\/\/www.carideal.com\/blog\/marque-de-voiture-actualites-essais\/aro\/\"]}]},{\"@type\":\"ImageObject\",\"inLanguage\":\"fr-FR\",\"@id\":\"https:\/\/www.carideal.com\/blog\/marque-de-voiture-actualites-essais\/aro\/#primaryimage\",\"url\":\"https:\/\/www.carideal.com\/blog\/wp-content\/uploads\/2017\/08\/2001-aro-10-1.jpg\",\"contentUrl\":\"https:\/\/www.carideal.com\/blog\/wp-content\/uploads\/2017\/08\/2001-aro-10-1.jpg\",\"width\":500,\"height\":300,\"caption\":\"Aro 10 de 2001\"},{\"@type\":\"BreadcrumbList\",\"@id\":\"https:\/\/www.carideal.com\/blog\/marque-de-voiture-actualites-essais\/aro\/#breadcrumb\",\"itemListElement\":[{\"@type\":\"ListItem\",\"position\":1,\"name\":\"Blog Carid\u00e9al\",\"item\":\"https:\/\/www.carideal.com\/blog\/\"},{\"@type\":\"ListItem\",\"position\":2,\"name\":\"Marque de voiture\",\"item\":\"https:\/\/www.carideal.com\/blog\/marque-de-voiture-actualites-essais\/\"},{\"@type\":\"ListItem\",\"position\":3,\"name\":\"Aro &#8211; Actualit\u00e9 Essais Avis Neuve et Occasion\"}]},{\"@type\":\"WebSite\",\"@id\":\"https:\/\/www.carideal.com\/blog\/#website\",\"url\":\"https:\/\/www.carideal.com\/blog\/\",\"name\":\"Blog auto Carid\u00e9al\",\"description\":\"Actualit\u00e9 auto par des passionn\u00e9s\",\"publisher\":{\"@id\":\"https:\/\/www.carideal.com\/blog\/#organization\"},\"potentialAction\":[{\"@type\":\"SearchAction\",\"target\":{\"@type\":\"EntryPoint\",\"urlTemplate\":\"https:\/\/www.carideal.com\/blog\/?s={search_term_string}\"},\"query-input\":{\"@type\":\"PropertyValueSpecification\",\"valueRequired\":true,\"valueName\":\"search_term_string\"}}],\"inLanguage\":\"fr-FR\"},{\"@type\":\"Organization\",\"@id\":\"https:\/\/www.carideal.com\/blog\/#organization\",\"name\":\"Carideal\",\"url\":\"https:\/\/www.carideal.com\/blog\/\",\"logo\":{\"@type\":\"ImageObject\",\"inLanguage\":\"fr-FR\",\"@id\":\"https:\/\/www.carideal.com\/blog\/#\/schema\/logo\/image\/\",\"url\":\"http:\/\/www.carideal.com\/blog\/wp-content\/uploads\/2016\/03\/logo-carideal-mandataire-automobile.png\",\"contentUrl\":\"http:\/\/www.carideal.com\/blog\/wp-content\/uploads\/2016\/03\/logo-carideal-mandataire-automobile.png\",\"width\":300,\"height\":300,\"caption\":\"Carideal\"},\"image\":{\"@id\":\"https:\/\/www.carideal.com\/blog\/#\/schema\/logo\/image\/\"},\"sameAs\":[\"https:\/\/www.facebook.com\/Carideal.mandataire.automobile\",\"https:\/\/x.com\/caridealauto\",\"https:\/\/www.instagram.com\/carideal1\/\",\"https:\/\/www.linkedin.com\/company\/carideal.com\",\"https:\/\/fr.pinterest.com\/schiavonsas\/\",\"https:\/\/www.youtube.com\/user\/caridealsas\"]}]}<\/script>\n<!-- \/ Yoast SEO plugin. -->","yoast_head_json":{"title":"Aro - Actualit\u00e9 Essais Avis Neuve et Occasion - Blog auto Carid\u00e9al","description":"Retrouvez toutes les infos sur les mod\u00e8les de la marque Aro, les essais les actualit\u00e9s des Aros neuves et d'occasions sur notre Blog","robots":{"index":"noindex","follow":"follow"},"og_locale":"fr_FR","og_type":"article","og_title":"Aro - Actualit\u00e9 Essais Avis Neuve et Occasion - Blog auto Carid\u00e9al","og_description":"Retrouvez toutes les infos sur les mod\u00e8les de la marque Aro, les essais les actualit\u00e9s des Aros neuves et d'occasions sur notre Blog","og_url":"https:\/\/www.carideal.com\/blog\/marque-de-voiture-actualites-essais\/aro\/","og_site_name":"Blog auto Carid\u00e9al","article_publisher":"https:\/\/www.facebook.com\/Carideal.mandataire.automobile","article_modified_time":"2020-01-28T21:32:47+00:00","og_image":[{"width":500,"height":300,"url":"https:\/\/www.carideal.com\/blog\/wp-content\/uploads\/2017\/08\/2001-aro-10-1.jpg","type":"image\/jpeg"}],"twitter_card":"summary_large_image","twitter_site":"@caridealauto","twitter_misc":{"Dur\u00e9e de lecture estim\u00e9e":"1 minute"},"schema":{"@context":"https:\/\/schema.org","@graph":[{"@type":"WebPage","@id":"https:\/\/www.carideal.com\/blog\/marque-de-voiture-actualites-essais\/aro\/","url":"https:\/\/www.carideal.com\/blog\/marque-de-voiture-actualites-essais\/aro\/","name":"Aro - Actualit\u00e9 Essais Avis Neuve et Occasion - Blog auto Carid\u00e9al","isPartOf":{"@id":"https:\/\/www.carideal.com\/blog\/#website"},"primaryImageOfPage":{"@id":"https:\/\/www.carideal.com\/blog\/marque-de-voiture-actualites-essais\/aro\/#primaryimage"},"image":{"@id":"https:\/\/www.carideal.com\/blog\/marque-de-voiture-actualites-essais\/aro\/#primaryimage"},"thumbnailUrl":"https:\/\/www.carideal.com\/blog\/wp-content\/uploads\/2017\/08\/2001-aro-10-1.jpg","datePublished":"2017-08-23T20:41:53+00:00","dateModified":"2020-01-28T21:32:47+00:00","description":"Retrouvez toutes les infos sur les mod\u00e8les de la marque Aro, les essais les actualit\u00e9s des Aros neuves et d'occasions sur notre Blog","breadcrumb":{"@id":"https:\/\/www.carideal.com\/blog\/marque-de-voiture-actualites-essais\/aro\/#breadcrumb"},"inLanguage":"fr-FR","potentialAction":[{"@type":"ReadAction","target":["https:\/\/www.carideal.com\/blog\/marque-de-voiture-actualites-essais\/aro\/"]}]},{"@type":"ImageObject","inLanguage":"fr-FR","@id":"https:\/\/www.carideal.com\/blog\/marque-de-voiture-actualites-essais\/aro\/#primaryimage","url":"https:\/\/www.carideal.com\/blog\/wp-content\/uploads\/2017\/08\/2001-aro-10-1.jpg","contentUrl":"https:\/\/www.carideal.com\/blog\/wp-content\/uploads\/2017\/08\/2001-aro-10-1.jpg","width":500,"height":300,"caption":"Aro 10 de 2001"},{"@type":"BreadcrumbList","@id":"https:\/\/www.carideal.com\/blog\/marque-de-voiture-actualites-essais\/aro\/#breadcrumb","itemListElement":[{"@type":"ListItem","position":1,"name":"Blog Carid\u00e9al","item":"https:\/\/www.carideal.com\/blog\/"},{"@type":"ListItem","position":2,"name":"Marque de voiture","item":"https:\/\/www.carideal.com\/blog\/marque-de-voiture-actualites-essais\/"},{"@type":"ListItem","position":3,"name":"Aro &#8211; Actualit\u00e9 Essais Avis Neuve et Occasion"}]},{"@type":"WebSite","@id":"https:\/\/www.carideal.com\/blog\/#website","url":"https:\/\/www.carideal.com\/blog\/","name":"Blog auto Carid\u00e9al","description":"Actualit\u00e9 auto par des passionn\u00e9s","publisher":{"@id":"https:\/\/www.carideal.com\/blog\/#organization"},"potentialAction":[{"@type":"SearchAction","target":{"@type":"EntryPoint","urlTemplate":"https:\/\/www.carideal.com\/blog\/?s={search_term_string}"},"query-input":{"@type":"PropertyValueSpecification","valueRequired":true,"valueName":"search_term_string"}}],"inLanguage":"fr-FR"},{"@type":"Organization","@id":"https:\/\/www.carideal.com\/blog\/#organization","name":"Carideal","url":"https:\/\/www.carideal.com\/blog\/","logo":{"@type":"ImageObject","inLanguage":"fr-FR","@id":"https:\/\/www.carideal.com\/blog\/#\/schema\/logo\/image\/","url":"http:\/\/www.carideal.com\/blog\/wp-content\/uploads\/2016\/03\/logo-carideal-mandataire-automobile.png","contentUrl":"http:\/\/www.carideal.com\/blog\/wp-content\/uploads\/2016\/03\/logo-carideal-mandataire-automobile.png","width":300,"height":300,"caption":"Carideal"},"image":{"@id":"https:\/\/www.carideal.com\/blog\/#\/schema\/logo\/image\/"},"sameAs":["https:\/\/www.facebook.com\/Carideal.mandataire.automobile","https:\/\/x.com\/caridealauto","https:\/\/www.instagram.com\/carideal1\/","https:\/\/www.linkedin.com\/company\/carideal.com","https:\/\/fr.pinterest.com\/schiavonsas\/","https:\/\/www.youtube.com\/user\/caridealsas"]}]}},"uagb_featured_image_src":{"full":["https:\/\/www.carideal.com\/blog\/wp-content\/uploads\/2017\/08\/2001-aro-10-1.jpg",500,300,false],"thumbnail":["https:\/\/www.carideal.com\/blog\/wp-content\/uploads\/2017\/08\/2001-aro-10-1-150x150.jpg",150,150,true],"medium":["https:\/\/www.carideal.com\/blog\/wp-content\/uploads\/2017\/08\/2001-aro-10-1-300x180.jpg",300,180,true],"medium_large":["https:\/\/www.carideal.com\/blog\/wp-content\/uploads\/2017\/08\/2001-aro-10-1.jpg",500,300,false],"large":["https:\/\/www.carideal.com\/blog\/wp-content\/uploads\/2017\/08\/2001-aro-10-1.jpg",500,300,false],"1536x1536":["https:\/\/www.carideal.com\/blog\/wp-content\/uploads\/2017\/08\/2001-aro-10-1.jpg",500,300,false],"2048x2048":["https:\/\/www.carideal.com\/blog\/wp-content\/uploads\/2017\/08\/2001-aro-10-1.jpg",500,300,false],"wppr-widget":["https:\/\/www.carideal.com\/blog\/wp-content\/uploads\/2017\/08\/2001-aro-10-1.jpg",50,30,false]},"uagb_author_info":{"display_name":"Nicolas SCHIAVON","author_link":"https:\/\/www.carideal.com\/blog\/author\/nschiavon\/"},"uagb_comment_info":0,"uagb_excerpt":"Aro - Actualit\u00e9 Essais Avis Neuve et Occasion Infos sur Aro | Actualit\u00e9 | Essais | Voiture d'occasion | Voiture neuve | Prix du neuf | Guide d'achat Parmi toutes les marques prestigieuses, Carideal.com se devait de mettre en avant Aro. Vous trouverez sur notre site web les informations sur la marque Aro et ses\u2026","_links":{"self":[{"href":"https:\/\/www.carideal.com\/blog\/wp-json\/wp\/v2\/pages\/16239"}],"collection":[{"href":"https:\/\/www.carideal.com\/blog\/wp-json\/wp\/v2\/pages"}],"about":[{"href":"https:\/\/www.carideal.com\/blog\/wp-json\/wp\/v2\/types\/page"}],"author":[{"embeddable":true,"href":"https:\/\/www.carideal.com\/blog\/wp-json\/wp\/v2\/users\/3"}],"replies":[{"embeddable":true,"href":"https:\/\/www.carideal.com\/blog\/wp-json\/wp\/v2\/comments?post=16239"}],"version-history":[{"count":0,"href":"https:\/\/www.carideal.com\/blog\/wp-json\/wp\/v2\/pages\/16239\/revisions"}],"up":[{"embeddable":true,"href":"https:\/\/www.carideal.com\/blog\/wp-json\/wp\/v2\/pages\/13389"}],"wp:featuredmedia":[{"embeddable":true,"href":"https:\/\/www.carideal.com\/blog\/wp-json\/wp\/v2\/media\/16242"}],"wp:attachment":[{"href":"https:\/\/www.carideal.com\/blog\/wp-json\/wp\/v2\/media?parent=16239"}],"curies":[{"name":"wp","href":"https:\/\/api.w.org\/{rel}","templated":true}]}}