{"id":16227,"date":"2016-05-09T21:57:14","date_gmt":"2016-05-09T19:57:14","guid":{"rendered":"http:\/\/www.carideal.com\/blog\/?page_id=16227"},"modified":"2021-03-09T09:22:49","modified_gmt":"2021-03-09T08:22:49","slug":"echappement","status":"publish","type":"page","link":"https:\/\/www.carideal.com\/blog\/garage-automobile\/echappement\/","title":{"rendered":"Echappement indispensable au moteur"},"content":{"rendered":"<h2>L'\u00c9CHAPPEMENT NE SERT PAS SEULEMENT A \u00c9VACUER LES GAZ D'\u00c9CHAPPEMENT<\/h2>\n<p>La ligne d'<strong>\u00c9CHAPPEMENT<\/strong> a un r\u00f4le essentiel dans le fonctionnement de votre moteur et de votre voiture, voir de votre confort : elle contribue, \u00e0 la <a href=\"http:\/\/www.carideal.com\/blog\/2014\/11\/30\/consommation-bientot-de-nouvelles-normes\/\">consommation<\/a>, aux performances de votre moteur et \u00e0 son silence.<\/p>\n<figure id=\"attachment_16228\" aria-describedby=\"caption-attachment-16228\" style=\"width: 630px\" class=\"wp-caption aligncenter\"><img loading=\"lazy\" decoding=\"async\" class=\"size-full wp-image-16228\" src=\"http:\/\/www.carideal.com\/blog\/wp-content\/uploads\/2017\/08\/silencieux-echappement.jpg\" alt=\"Silencieux d'\u00e9chappement\" width=\"640\" height=\"360\" srcset=\"https:\/\/www.carideal.com\/blog\/wp-content\/uploads\/2017\/08\/silencieux-echappement.jpg 640w, https:\/\/www.carideal.com\/blog\/wp-content\/uploads\/2017\/08\/silencieux-echappement-300x169.jpg 300w, https:\/\/www.carideal.com\/blog\/wp-content\/uploads\/2017\/08\/silencieux-echappement-110x62.jpg 110w, https:\/\/www.carideal.com\/blog\/wp-content\/uploads\/2017\/08\/silencieux-echappement-420x236.jpg 420w, https:\/\/www.carideal.com\/blog\/wp-content\/uploads\/2017\/08\/silencieux-echappement-50x28.jpg 50w\" sizes=\"(max-width: 640px) 100vw, 640px\" \/><figcaption id=\"caption-attachment-16228\" class=\"wp-caption-text\">Silencieux d'\u00e9chappement<\/figcaption><\/figure>\n<p>Sans vous en rendre compte, <strong>l'\u00e9chappement est loin d'\u00eatre un produit anodin<\/strong>, c'est un produit de haute technicit\u00e9, qui doit r\u00e9pondre \u00e0 des normes s\u00e9v\u00e8res, tr\u00e8s techniques avec un cahier des charges constructeur tr\u00e8s pointu.<\/p>\n<p>Un bon syst\u00e8me d'\u00e9chappement sert \u00e0 \u00e9vacuer les gaz d'\u00e9chappement et \u00e0 les refroidir en m\u00eame temps. Il optimise les performances de votre moteur en optimisant le couple et sa puissance en assurant un bas niveau d'\u00e9missions polluantes.<\/p>\n<h2>A QUOI SERT L'\u00c9CHAPPEMENT ?<\/h2>\n<ul>\n<li>Le syst\u00e8me d'\u00e9chappement sert \u00e0 \u00e9vacuer les gaz chauds du carburant qui a brul\u00e9 dans la chambre de combustion. Ces gaz d'\u00e9chappements passent dans le collecteur \u00e0 la sortie de la culasse, puis sont dirig\u00e9s vers le pot catalytique, le pot de d\u00e9tente et le silencieux d'\u00e9chappement avant d'\u00eatre remis \u00e0 l'air libre.<\/li>\n<li>Le pot catalytique va g\u00e9n\u00e9rer une <a href=\"https:\/\/www.futura-sciences.com\/sciences\/definitions\/chimie-catalyse-1992\/\">catalyse<\/a> gr\u00e2ce aux m\u00e9taux pr\u00e9cieux et \u00e0 la temp\u00e9rature, afin de limiter la production de gaz polluants tels que : monoxyde de carbone, hydrocarbures, oxydes d'azote, particules sp\u00e9cifiques au moteur diesel.<\/li>\n<li>Le syst\u00e8me d'\u00e9chappement sert aussi \u00e0 r\u00e9duire la temp\u00e9rature des gaz de combustion qui peuvent atteindre 900 \u00b0C.<\/li>\n<li>La ligne d'\u00e9chappement sert \u00e0 diminuer le bruit des gaz de combustion, et de leur d\u00e9tente qui rythment les diff\u00e9rentes phases du moteur.<\/li>\n<li>La ligne d'\u00e9chappement est tr\u00e8s importante afin d'optimiser les accords acoustiques entre l'\u00e9chappement et l'admission, d'\u00e9viter les r\u00e9sonances, baisser les consommations et les \u00e9missions de polluants, am\u00e9liorer, le couple et la puissance du moteur.<\/li>\n<\/ul>\n<h2>LA LIGNE D'\u00c9CHAPPEMENT SE COMPOSE COMME SUIT<\/h2>\n<figure id=\"attachment_16229\" aria-describedby=\"caption-attachment-16229\" style=\"width: 480px\" class=\"wp-caption alignnone\"><img loading=\"lazy\" decoding=\"async\" class=\"wp-image-16229 size-full\" src=\"http:\/\/www.carideal.com\/blog\/wp-content\/uploads\/2017\/08\/Ligne-echappement.jpg\" alt=\"Ligne d'\u00e9chappement\" width=\"490\" height=\"276\" srcset=\"https:\/\/www.carideal.com\/blog\/wp-content\/uploads\/2017\/08\/Ligne-echappement.jpg 490w, https:\/\/www.carideal.com\/blog\/wp-content\/uploads\/2017\/08\/Ligne-echappement-300x169.jpg 300w, https:\/\/www.carideal.com\/blog\/wp-content\/uploads\/2017\/08\/Ligne-echappement-110x62.jpg 110w, https:\/\/www.carideal.com\/blog\/wp-content\/uploads\/2017\/08\/Ligne-echappement-420x237.jpg 420w, https:\/\/www.carideal.com\/blog\/wp-content\/uploads\/2017\/08\/Ligne-echappement-50x28.jpg 50w\" sizes=\"(max-width: 490px) 100vw, 490px\" \/><figcaption id=\"caption-attachment-16229\" class=\"wp-caption-text\">Ligne d'\u00e9chappement<\/figcaption><\/figure>\n<p>Un pot catalytique, un pot de d\u00e9tente, un silencieux arri\u00e8re. Le pot catalytique ainsi que le fonctionnement de la ligne sont des \u00e9l\u00e9ments de refus au contr\u00f4le technique. Lors du bilan de conformit\u00e9 r\u00e9alis\u00e9 dans notre atelier au <a href=\"http:\/\/www.carideal.com\/blog\/garage-automobile\/\">garage<\/a> Citro\u00ebn nous pourrons vous conseiller. Bien entendu le contr\u00f4le de ces \u00e9l\u00e9ments fait partie de la pr\u00e9paration de nos <a href=\"http:\/\/www.carideal.com\/blog\/voitures-occasions\/\">voitures d'occasions<\/a>.<\/p>\n<h2>COMMENT FONCTIONNE L'\u00c9CHAPPEMENT ?<\/h2>\n<figure id=\"attachment_16230\" aria-describedby=\"caption-attachment-16230\" style=\"width: 383px\" class=\"wp-caption alignnone\"><img loading=\"lazy\" decoding=\"async\" class=\"wp-image-16230 size-full\" src=\"http:\/\/www.carideal.com\/blog\/wp-content\/uploads\/2017\/08\/pot-catalytique-catalyse-moteur.gif\" alt=\"Le pot catalytique d'un syst\u00e8me d'\u00e9chappement\" width=\"393\" height=\"328\" \/><figcaption id=\"caption-attachment-16230\" class=\"wp-caption-text\">Le pot catalytique d'un syst\u00e8me d'\u00e9chappement<\/figcaption><\/figure>\n<h3>Le pot catalytique.<\/h3>\n<ul>\n<li>Le pot catalytique est con\u00e7u pour \u00e9liminer jusqu'\u00e0 90 % des gaz polluants \u00e0 l'\u00e9chappement.<\/li>\n<li>Le pot catalytique est con\u00e7u en acier inoxydable, d'un support en c\u00e9ramique r\u00e9sistant \u00e0 de hautes temp\u00e9ratures, et de m\u00e9taux pr\u00e9cieux servants de catalyseur.<\/li>\n<li>Au contact des m\u00e9taux pr\u00e9cieux, la catalyse commence et la r\u00e9action chimique transforme les gaz polluants.<\/li>\n<\/ul>\n<p>C'est pour cela entre autre que l'essence avec plomb a \u00e9t\u00e9 supprim\u00e9e, car le plomb recouvrait les m\u00e9taux pr\u00e9cieux et emp\u00eachait la catalyse.<\/p>\n<h3>L'entretien de votre \u00e9chappement<\/h3>\n<p>L'entretien de votre moteur va influer directement sur la long\u00e9vit\u00e9 de votre pot catalytique, il faut bien surveiller l'\u00e9tat des bougies, du filtre \u00e0 air etc. il faut bien veiller \u00e0 effectuer un <a href=\"http:\/\/www.carideal.com\/blog\/2014\/04\/04\/entretien-quel-est-le-cout-reel-de-votre-vehicule\/\">entretien r\u00e9gulier de votre voiture<\/a>, avec des <a href=\"http:\/\/www.carideal.com\/blog\/garage-automobile\/revision-voiture\/\">r\u00e9visions annuelles<\/a>, comprenant imp\u00e9rativement une <a href=\"http:\/\/www.carideal.com\/blog\/garage-automobile\/vidange-voiture\/\">vidange<\/a>, car l'\u00e9tat de l'huile moteur contribue \u00e0 la long\u00e9vit\u00e9 du pot catalytique.<\/p>\n","protected":false},"excerpt":{"rendered":"<p>L&rsquo;\u00c9CHAPPEMENT NE SERT PAS SEULEMENT A \u00c9VACUER LES GAZ D&rsquo;\u00c9CHAPPEMENT La ligne d&rsquo;\u00c9CHAPPEMENT a un r\u00f4le essentiel dans le fonctionnement de votre moteur et de votre voiture, voir de votre confort : elle contribue, \u00e0 la consommation, aux performances de votre moteur et \u00e0 son silence. Sans vous en rendre compte, l&rsquo;\u00e9chappement est loin d&rsquo;\u00eatre &#8230; <a title=\"Echappement indispensable au moteur\" class=\"read-more\" href=\"https:\/\/www.carideal.com\/blog\/garage-automobile\/echappement\/\" aria-label=\"En savoir plus sur Echappement indispensable au moteur\">Lire plus<\/a><\/p>\n","protected":false},"author":3,"featured_media":16228,"parent":13942,"menu_order":0,"comment_status":"closed","ping_status":"closed","template":"","meta":{"_uag_custom_page_level_css":"","_themeisle_gutenberg_block_has_review":false,"footnotes":""},"class_list":["post-16227","page","type-page","status-publish","has-post-thumbnail"],"wppr_data":{"cwp_meta_box_check":"No"},"yoast_head":"<!-- This site is optimized with the Yoast SEO plugin v24.8.1 - https:\/\/yoast.com\/wordpress\/plugins\/seo\/ -->\n<title>Echappement indispensable au moteur - Blog auto Carid\u00e9al<\/title>\n<meta name=\"description\" content=\"L&#039;\u00e9chappement est une pi\u00e8ce ma\u00eetresse du rendement du moteur. Il n&#039;est pas seulement utile pour att\u00e9nuer le bruit mais pour le rendement du moteur et\" \/>\n<meta name=\"robots\" content=\"index, follow, max-snippet:-1, max-image-preview:large, max-video-preview:-1\" \/>\n<link rel=\"canonical\" href=\"https:\/\/www.carideal.com\/blog\/garage-automobile\/echappement\/\" \/>\n<meta property=\"og:locale\" content=\"fr_FR\" \/>\n<meta property=\"og:type\" content=\"article\" \/>\n<meta property=\"og:title\" content=\"Echappement indispensable au moteur - Blog auto Carid\u00e9al\" \/>\n<meta property=\"og:description\" content=\"L&#039;\u00e9chappement est une pi\u00e8ce ma\u00eetresse du rendement du moteur. Il n&#039;est pas seulement utile pour att\u00e9nuer le bruit mais pour le rendement du moteur et\" \/>\n<meta property=\"og:url\" content=\"https:\/\/www.carideal.com\/blog\/garage-automobile\/echappement\/\" \/>\n<meta property=\"og:site_name\" content=\"Blog auto Carid\u00e9al\" \/>\n<meta property=\"article:publisher\" content=\"https:\/\/www.facebook.com\/Carideal.mandataire.automobile\" \/>\n<meta property=\"article:modified_time\" content=\"2021-03-09T08:22:49+00:00\" \/>\n<meta property=\"og:image\" content=\"https:\/\/www.carideal.com\/blog\/wp-content\/uploads\/2017\/08\/silencieux-echappement.jpg\" \/>\n\t<meta property=\"og:image:width\" content=\"640\" \/>\n\t<meta property=\"og:image:height\" content=\"360\" \/>\n\t<meta property=\"og:image:type\" content=\"image\/jpeg\" \/>\n<meta name=\"twitter:card\" content=\"summary_large_image\" \/>\n<meta name=\"twitter:site\" content=\"@caridealauto\" \/>\n<meta name=\"twitter:label1\" content=\"Dur\u00e9e de lecture estim\u00e9e\" \/>\n\t<meta name=\"twitter:data1\" content=\"3 minutes\" \/>\n<script type=\"application\/ld+json\" class=\"yoast-schema-graph\">{\"@context\":\"https:\/\/schema.org\",\"@graph\":[{\"@type\":\"WebPage\",\"@id\":\"https:\/\/www.carideal.com\/blog\/garage-automobile\/echappement\/\",\"url\":\"https:\/\/www.carideal.com\/blog\/garage-automobile\/echappement\/\",\"name\":\"Echappement indispensable au moteur - Blog auto Carid\u00e9al\",\"isPartOf\":{\"@id\":\"https:\/\/www.carideal.com\/blog\/#website\"},\"primaryImageOfPage\":{\"@id\":\"https:\/\/www.carideal.com\/blog\/garage-automobile\/echappement\/#primaryimage\"},\"image\":{\"@id\":\"https:\/\/www.carideal.com\/blog\/garage-automobile\/echappement\/#primaryimage\"},\"thumbnailUrl\":\"https:\/\/www.carideal.com\/blog\/wp-content\/uploads\/2017\/08\/silencieux-echappement.jpg\",\"datePublished\":\"2016-05-09T19:57:14+00:00\",\"dateModified\":\"2021-03-09T08:22:49+00:00\",\"description\":\"L'\u00e9chappement est une pi\u00e8ce ma\u00eetresse du rendement du moteur. Il n'est pas seulement utile pour att\u00e9nuer le bruit mais pour le rendement du moteur et\",\"breadcrumb\":{\"@id\":\"https:\/\/www.carideal.com\/blog\/garage-automobile\/echappement\/#breadcrumb\"},\"inLanguage\":\"fr-FR\",\"potentialAction\":[{\"@type\":\"ReadAction\",\"target\":[\"https:\/\/www.carideal.com\/blog\/garage-automobile\/echappement\/\"]}]},{\"@type\":\"ImageObject\",\"inLanguage\":\"fr-FR\",\"@id\":\"https:\/\/www.carideal.com\/blog\/garage-automobile\/echappement\/#primaryimage\",\"url\":\"https:\/\/www.carideal.com\/blog\/wp-content\/uploads\/2017\/08\/silencieux-echappement.jpg\",\"contentUrl\":\"https:\/\/www.carideal.com\/blog\/wp-content\/uploads\/2017\/08\/silencieux-echappement.jpg\",\"width\":640,\"height\":360,\"caption\":\"Silencieux d'\u00e9chappement\"},{\"@type\":\"BreadcrumbList\",\"@id\":\"https:\/\/www.carideal.com\/blog\/garage-automobile\/echappement\/#breadcrumb\",\"itemListElement\":[{\"@type\":\"ListItem\",\"position\":1,\"name\":\"Blog Carid\u00e9al\",\"item\":\"https:\/\/www.carideal.com\/blog\/\"},{\"@type\":\"ListItem\",\"position\":2,\"name\":\"Garage Automobile\",\"item\":\"https:\/\/www.carideal.com\/blog\/garage-automobile\/\"},{\"@type\":\"ListItem\",\"position\":3,\"name\":\"Echappement indispensable au moteur\"}]},{\"@type\":\"WebSite\",\"@id\":\"https:\/\/www.carideal.com\/blog\/#website\",\"url\":\"https:\/\/www.carideal.com\/blog\/\",\"name\":\"Blog auto Carid\u00e9al\",\"description\":\"Actualit\u00e9 auto par des passionn\u00e9s\",\"publisher\":{\"@id\":\"https:\/\/www.carideal.com\/blog\/#organization\"},\"potentialAction\":[{\"@type\":\"SearchAction\",\"target\":{\"@type\":\"EntryPoint\",\"urlTemplate\":\"https:\/\/www.carideal.com\/blog\/?s={search_term_string}\"},\"query-input\":{\"@type\":\"PropertyValueSpecification\",\"valueRequired\":true,\"valueName\":\"search_term_string\"}}],\"inLanguage\":\"fr-FR\"},{\"@type\":\"Organization\",\"@id\":\"https:\/\/www.carideal.com\/blog\/#organization\",\"name\":\"Carideal\",\"url\":\"https:\/\/www.carideal.com\/blog\/\",\"logo\":{\"@type\":\"ImageObject\",\"inLanguage\":\"fr-FR\",\"@id\":\"https:\/\/www.carideal.com\/blog\/#\/schema\/logo\/image\/\",\"url\":\"http:\/\/www.carideal.com\/blog\/wp-content\/uploads\/2016\/03\/logo-carideal-mandataire-automobile.png\",\"contentUrl\":\"http:\/\/www.carideal.com\/blog\/wp-content\/uploads\/2016\/03\/logo-carideal-mandataire-automobile.png\",\"width\":300,\"height\":300,\"caption\":\"Carideal\"},\"image\":{\"@id\":\"https:\/\/www.carideal.com\/blog\/#\/schema\/logo\/image\/\"},\"sameAs\":[\"https:\/\/www.facebook.com\/Carideal.mandataire.automobile\",\"https:\/\/x.com\/caridealauto\",\"https:\/\/www.instagram.com\/carideal1\/\",\"https:\/\/www.linkedin.com\/company\/carideal.com\",\"https:\/\/fr.pinterest.com\/schiavonsas\/\",\"https:\/\/www.youtube.com\/user\/caridealsas\"]}]}<\/script>\n<!-- \/ Yoast SEO plugin. -->","yoast_head_json":{"title":"Echappement indispensable au moteur - Blog auto Carid\u00e9al","description":"L'\u00e9chappement est une pi\u00e8ce ma\u00eetresse du rendement du moteur. Il n'est pas seulement utile pour att\u00e9nuer le bruit mais pour le rendement du moteur et","robots":{"index":"index","follow":"follow","max-snippet":"max-snippet:-1","max-image-preview":"max-image-preview:large","max-video-preview":"max-video-preview:-1"},"canonical":"https:\/\/www.carideal.com\/blog\/garage-automobile\/echappement\/","og_locale":"fr_FR","og_type":"article","og_title":"Echappement indispensable au moteur - Blog auto Carid\u00e9al","og_description":"L'\u00e9chappement est une pi\u00e8ce ma\u00eetresse du rendement du moteur. Il n'est pas seulement utile pour att\u00e9nuer le bruit mais pour le rendement du moteur et","og_url":"https:\/\/www.carideal.com\/blog\/garage-automobile\/echappement\/","og_site_name":"Blog auto Carid\u00e9al","article_publisher":"https:\/\/www.facebook.com\/Carideal.mandataire.automobile","article_modified_time":"2021-03-09T08:22:49+00:00","og_image":[{"width":640,"height":360,"url":"https:\/\/www.carideal.com\/blog\/wp-content\/uploads\/2017\/08\/silencieux-echappement.jpg","type":"image\/jpeg"}],"twitter_card":"summary_large_image","twitter_site":"@caridealauto","twitter_misc":{"Dur\u00e9e de lecture estim\u00e9e":"3 minutes"},"schema":{"@context":"https:\/\/schema.org","@graph":[{"@type":"WebPage","@id":"https:\/\/www.carideal.com\/blog\/garage-automobile\/echappement\/","url":"https:\/\/www.carideal.com\/blog\/garage-automobile\/echappement\/","name":"Echappement indispensable au moteur - Blog auto Carid\u00e9al","isPartOf":{"@id":"https:\/\/www.carideal.com\/blog\/#website"},"primaryImageOfPage":{"@id":"https:\/\/www.carideal.com\/blog\/garage-automobile\/echappement\/#primaryimage"},"image":{"@id":"https:\/\/www.carideal.com\/blog\/garage-automobile\/echappement\/#primaryimage"},"thumbnailUrl":"https:\/\/www.carideal.com\/blog\/wp-content\/uploads\/2017\/08\/silencieux-echappement.jpg","datePublished":"2016-05-09T19:57:14+00:00","dateModified":"2021-03-09T08:22:49+00:00","description":"L'\u00e9chappement est une pi\u00e8ce ma\u00eetresse du rendement du moteur. Il n'est pas seulement utile pour att\u00e9nuer le bruit mais pour le rendement du moteur et","breadcrumb":{"@id":"https:\/\/www.carideal.com\/blog\/garage-automobile\/echappement\/#breadcrumb"},"inLanguage":"fr-FR","potentialAction":[{"@type":"ReadAction","target":["https:\/\/www.carideal.com\/blog\/garage-automobile\/echappement\/"]}]},{"@type":"ImageObject","inLanguage":"fr-FR","@id":"https:\/\/www.carideal.com\/blog\/garage-automobile\/echappement\/#primaryimage","url":"https:\/\/www.carideal.com\/blog\/wp-content\/uploads\/2017\/08\/silencieux-echappement.jpg","contentUrl":"https:\/\/www.carideal.com\/blog\/wp-content\/uploads\/2017\/08\/silencieux-echappement.jpg","width":640,"height":360,"caption":"Silencieux d'\u00e9chappement"},{"@type":"BreadcrumbList","@id":"https:\/\/www.carideal.com\/blog\/garage-automobile\/echappement\/#breadcrumb","itemListElement":[{"@type":"ListItem","position":1,"name":"Blog Carid\u00e9al","item":"https:\/\/www.carideal.com\/blog\/"},{"@type":"ListItem","position":2,"name":"Garage Automobile","item":"https:\/\/www.carideal.com\/blog\/garage-automobile\/"},{"@type":"ListItem","position":3,"name":"Echappement indispensable au moteur"}]},{"@type":"WebSite","@id":"https:\/\/www.carideal.com\/blog\/#website","url":"https:\/\/www.carideal.com\/blog\/","name":"Blog auto Carid\u00e9al","description":"Actualit\u00e9 auto par des passionn\u00e9s","publisher":{"@id":"https:\/\/www.carideal.com\/blog\/#organization"},"potentialAction":[{"@type":"SearchAction","target":{"@type":"EntryPoint","urlTemplate":"https:\/\/www.carideal.com\/blog\/?s={search_term_string}"},"query-input":{"@type":"PropertyValueSpecification","valueRequired":true,"valueName":"search_term_string"}}],"inLanguage":"fr-FR"},{"@type":"Organization","@id":"https:\/\/www.carideal.com\/blog\/#organization","name":"Carideal","url":"https:\/\/www.carideal.com\/blog\/","logo":{"@type":"ImageObject","inLanguage":"fr-FR","@id":"https:\/\/www.carideal.com\/blog\/#\/schema\/logo\/image\/","url":"http:\/\/www.carideal.com\/blog\/wp-content\/uploads\/2016\/03\/logo-carideal-mandataire-automobile.png","contentUrl":"http:\/\/www.carideal.com\/blog\/wp-content\/uploads\/2016\/03\/logo-carideal-mandataire-automobile.png","width":300,"height":300,"caption":"Carideal"},"image":{"@id":"https:\/\/www.carideal.com\/blog\/#\/schema\/logo\/image\/"},"sameAs":["https:\/\/www.facebook.com\/Carideal.mandataire.automobile","https:\/\/x.com\/caridealauto","https:\/\/www.instagram.com\/carideal1\/","https:\/\/www.linkedin.com\/company\/carideal.com","https:\/\/fr.pinterest.com\/schiavonsas\/","https:\/\/www.youtube.com\/user\/caridealsas"]}]}},"uagb_featured_image_src":{"full":["https:\/\/www.carideal.com\/blog\/wp-content\/uploads\/2017\/08\/silencieux-echappement.jpg",640,360,false],"thumbnail":["https:\/\/www.carideal.com\/blog\/wp-content\/uploads\/2017\/08\/silencieux-echappement-150x150.jpg",150,150,true],"medium":["https:\/\/www.carideal.com\/blog\/wp-content\/uploads\/2017\/08\/silencieux-echappement-300x169.jpg",300,169,true],"medium_large":["https:\/\/www.carideal.com\/blog\/wp-content\/uploads\/2017\/08\/silencieux-echappement.jpg",640,360,false],"large":["https:\/\/www.carideal.com\/blog\/wp-content\/uploads\/2017\/08\/silencieux-echappement.jpg",640,360,false],"1536x1536":["https:\/\/www.carideal.com\/blog\/wp-content\/uploads\/2017\/08\/silencieux-echappement.jpg",640,360,false],"2048x2048":["https:\/\/www.carideal.com\/blog\/wp-content\/uploads\/2017\/08\/silencieux-echappement.jpg",640,360,false],"wppr-widget":["https:\/\/www.carideal.com\/blog\/wp-content\/uploads\/2017\/08\/silencieux-echappement.jpg",50,28,false]},"uagb_author_info":{"display_name":"Nicolas SCHIAVON","author_link":"https:\/\/www.carideal.com\/blog\/author\/nschiavon\/"},"uagb_comment_info":0,"uagb_excerpt":"L'\u00c9CHAPPEMENT NE SERT PAS SEULEMENT A \u00c9VACUER LES GAZ D'\u00c9CHAPPEMENT La ligne d'\u00c9CHAPPEMENT a un r\u00f4le essentiel dans le fonctionnement de votre moteur et de votre voiture, voir de votre confort : elle contribue, \u00e0 la consommation, aux performances de votre moteur et \u00e0 son silence. Sans vous en rendre compte, l'\u00e9chappement est loin d'\u00eatre\u2026","_links":{"self":[{"href":"https:\/\/www.carideal.com\/blog\/wp-json\/wp\/v2\/pages\/16227"}],"collection":[{"href":"https:\/\/www.carideal.com\/blog\/wp-json\/wp\/v2\/pages"}],"about":[{"href":"https:\/\/www.carideal.com\/blog\/wp-json\/wp\/v2\/types\/page"}],"author":[{"embeddable":true,"href":"https:\/\/www.carideal.com\/blog\/wp-json\/wp\/v2\/users\/3"}],"replies":[{"embeddable":true,"href":"https:\/\/www.carideal.com\/blog\/wp-json\/wp\/v2\/comments?post=16227"}],"version-history":[{"count":0,"href":"https:\/\/www.carideal.com\/blog\/wp-json\/wp\/v2\/pages\/16227\/revisions"}],"up":[{"embeddable":true,"href":"https:\/\/www.carideal.com\/blog\/wp-json\/wp\/v2\/pages\/13942"}],"wp:featuredmedia":[{"embeddable":true,"href":"https:\/\/www.carideal.com\/blog\/wp-json\/wp\/v2\/media\/16228"}],"wp:attachment":[{"href":"https:\/\/www.carideal.com\/blog\/wp-json\/wp\/v2\/media?parent=16227"}],"curies":[{"name":"wp","href":"https:\/\/api.w.org\/{rel}","templated":true}]}}