{"id":16214,"date":"2017-08-08T22:07:34","date_gmt":"2017-08-08T20:07:34","guid":{"rendered":"http:\/\/www.carideal.com\/blog\/?page_id=16214"},"modified":"2020-01-30T12:04:19","modified_gmt":"2020-01-30T11:04:19","slug":"offres-citroen","status":"publish","type":"page","link":"https:\/\/www.carideal.com\/blog\/marque-de-voiture-actualites-essais\/citroen\/offres-citroen\/","title":{"rendered":"Offres Citroen Neuve occasion et entretien"},"content":{"rendered":"<h2>OFFRES CITRO\u00cbN\u00a0CARIDEAL<\/h2>\n<figure id=\"attachment_16217\" aria-describedby=\"caption-attachment-16217\" style=\"width: 590px\" class=\"wp-caption alignnone\"><img loading=\"lazy\" decoding=\"async\" class=\"wp-image-16217 size-full\" src=\"http:\/\/www.carideal.com\/blog\/wp-content\/uploads\/2017\/08\/citroen-c4-cactus-rip-curl-e1579878018344.jpg\" alt=\"Offres Citroen\" width=\"600\" height=\"338\" \/><figcaption id=\"caption-attachment-16217\" class=\"wp-caption-text\">Offres Citroen<\/figcaption><\/figure>\n<h3>NOS OFFRES DE VOITURES NEUVES\u00a0CITRO\u00cbN\u00a0D'OCCASIONS ET D'ENTRETIEN<\/h3>\n<p>Rencontrez-nous chez <a href=\"http:\/\/www.carideal.com\/blog\/marque-de-voiture-actualites-essais\/citroen\/\">Citro\u00ebn<\/a> chez <a href=\"http:\/\/www.carideal.com\/blog\/carideal-mandataire-auto-france\/chambery\/\">Carideal \u00e0 Chamb\u00e9ry<\/a> pour obtenir une bonne affaire sur votre prochaine Citro\u00ebn neuve ou d'occasion, ou sur la r\u00e9vision et l'entretien annuel pour votre Citro\u00ebn d'aujourd'hui.<\/p>\n<p>Nous sommes fiers de servir les clients particuliers et les voitures de flottes d'entreprise et proposons souvent des offres de prix tentantes sur nos nouveaux mod\u00e8les et les v\u00e9hicules Citro\u00ebn d'occasion garantis. Nous avons \u00e9galement des offres r\u00e9guli\u00e8res pour les conducteurs qui cherchent \u00e0 acheter \u00e0 une Citro\u00ebn neuve pour des utilisations sp\u00e9cifiques comme les voitures pour les personnes \u00e0 mobilit\u00e9 r\u00e9duite.<\/p>\n<p>De la petite voiture de ville C1 et du nouveau <a href=\"http:\/\/www.carideal.com\/blog\/marque-de-voiture-actualites-essais\/citroen\/c3\/\">C3<\/a> au style funky au Grand C4 Picasso spacieux, il y a une Citro\u00ebn sympa et intelligente que vous adorerez. Quel que soit le mod\u00e8le que vous conduisez, vous pouvez envisager des co\u00fbts de possession abordable gr\u00e2ce \u00e0 des plans d'entretien \u00e0 prix fixe, des pi\u00e8ces de rechange comp\u00e9titives et des offres saisonni\u00e8res sur les pneus d'hiver, les recharges de climatisation et plus encore. Tout est en toute tranquillit\u00e9, car notre garage automobile est approuv\u00e9 par Citro\u00ebn.<\/p>\n<p>Les d\u00e9tails de nos offres actuelles sont disponibles en ligne\u202f; Cliquez pour en savoir plus, puis marquez cette page et visitez-la r\u00e9guli\u00e8rement pour voir les derni\u00e8res mises \u00e0 jour. Contactez votre garage \u00e0 Chamb\u00e9ry aujourd'hui pour profiter de l'une de nos offres sp\u00e9ciales.<\/p>\n\n\n<div class=\"wp-block-image\"><figure class=\"aligncenter size-large\"><img loading=\"lazy\" decoding=\"async\" width=\"200\" height=\"133\" src=\"http:\/\/www.carideal.com\/blog\/wp-content\/uploads\/2017\/08\/citroen-grand-c4-picasso-carideal-e1502223410160.jpg\" alt=\"Offres Citroen neuve\" class=\"wp-image-16218\"\/><figcaption>Offres Citroen neuve<\/figcaption><\/figure><\/div>\n\n\n\n<div class=\"wp-block-image\"><figure class=\"aligncenter size-large\"><img loading=\"lazy\" decoding=\"async\" width=\"200\" height=\"150\" src=\"http:\/\/www.carideal.com\/blog\/wp-content\/uploads\/2017\/08\/citroen-jumper-2015-carideal-mandataire-automobile-e1502223443837.png\" alt=\"Offres camionette Citroen\" class=\"wp-image-16219\"\/><figcaption>Offres camionette Citroen<\/figcaption><\/figure><\/div>\n\n\n\n<div class=\"wp-block-image\"><figure class=\"aligncenter size-full\"><img loading=\"lazy\" decoding=\"async\" width=\"200\" height=\"133\" src=\"http:\/\/www.carideal.com\/blog\/wp-content\/uploads\/2017\/08\/citroen-c4-cactus-rip-curl-8-e1502223484347.jpg\" alt=\"Offres Entreprise\" class=\"wp-image-16220\"\/><figcaption>Offres Entreprise<\/figcaption><\/figure><\/div>\n\n\n\n<div class=\"wp-block-image\"><figure class=\"aligncenter size-large\"><img loading=\"lazy\" decoding=\"async\" width=\"200\" height=\"135\" src=\"http:\/\/www.carideal.com\/blog\/wp-content\/uploads\/2017\/08\/michelin-alpin-5-e1502223524897.jpg\" alt=\"Offres apr\u00e8s-vente Citroen\" class=\"wp-image-16221\"\/><figcaption>Offres apr\u00e8s-vente Citroen<\/figcaption><\/figure><\/div>\n","protected":false},"excerpt":{"rendered":"<p>OFFRES CITRO\u00cbN\u00a0CARIDEAL NOS OFFRES DE VOITURES NEUVES\u00a0CITRO\u00cbN\u00a0D&rsquo;OCCASIONS ET D&rsquo;ENTRETIEN Rencontrez-nous chez Citro\u00ebn chez Carideal \u00e0 Chamb\u00e9ry pour obtenir une bonne affaire sur votre prochaine Citro\u00ebn neuve ou d&rsquo;occasion, ou sur la r\u00e9vision et l&rsquo;entretien annuel pour votre Citro\u00ebn d&rsquo;aujourd&rsquo;hui. Nous sommes fiers de servir les clients particuliers et les voitures de flottes d&rsquo;entreprise et proposons &#8230; <a title=\"Offres Citroen Neuve occasion et entretien\" class=\"read-more\" href=\"https:\/\/www.carideal.com\/blog\/marque-de-voiture-actualites-essais\/citroen\/offres-citroen\/\" aria-label=\"En savoir plus sur Offres Citroen Neuve occasion et entretien\">Lire plus<\/a><\/p>\n","protected":false},"author":3,"featured_media":16217,"parent":13924,"menu_order":0,"comment_status":"closed","ping_status":"closed","template":"","meta":{"_uag_custom_page_level_css":"","_themeisle_gutenberg_block_has_review":false,"footnotes":""},"class_list":["post-16214","page","type-page","status-publish","has-post-thumbnail"],"wppr_data":{"cwp_meta_box_check":"No"},"yoast_head":"<!-- This site is optimized with the Yoast SEO plugin v24.8.1 - https:\/\/yoast.com\/wordpress\/plugins\/seo\/ -->\n<title>Offres Citroen Neuve occasion et entretien - Blog auto Carid\u00e9al<\/title>\n<meta name=\"description\" content=\"Consultez la gamme d&#039;offres disponibles sur les voitures, les pi\u00e8ces et les services de Carideal Citro\u00ebn \u00e0 Chambery en Savoie France\" \/>\n<meta name=\"robots\" content=\"index, follow, max-snippet:-1, max-image-preview:large, max-video-preview:-1\" \/>\n<link rel=\"canonical\" href=\"https:\/\/www.carideal.com\/blog\/marque-de-voiture-actualites-essais\/citroen\/offres-citroen\/\" \/>\n<meta property=\"og:locale\" content=\"fr_FR\" \/>\n<meta property=\"og:type\" content=\"article\" \/>\n<meta property=\"og:title\" content=\"Offres Citroen Neuve occasion et entretien - Blog auto Carid\u00e9al\" \/>\n<meta property=\"og:description\" content=\"Consultez la gamme d&#039;offres disponibles sur les voitures, les pi\u00e8ces et les services de Carideal Citro\u00ebn \u00e0 Chambery en Savoie France\" \/>\n<meta property=\"og:url\" content=\"https:\/\/www.carideal.com\/blog\/marque-de-voiture-actualites-essais\/citroen\/offres-citroen\/\" \/>\n<meta property=\"og:site_name\" content=\"Blog auto Carid\u00e9al\" \/>\n<meta property=\"article:publisher\" content=\"https:\/\/www.facebook.com\/Carideal.mandataire.automobile\" \/>\n<meta property=\"article:modified_time\" content=\"2020-01-30T11:04:19+00:00\" \/>\n<meta property=\"og:image\" content=\"https:\/\/www.carideal.com\/blog\/wp-content\/uploads\/2017\/08\/citroen-c4-cactus-rip-curl-e1579878018344.jpg\" \/>\n\t<meta property=\"og:image:width\" content=\"600\" \/>\n\t<meta property=\"og:image:height\" content=\"338\" \/>\n\t<meta property=\"og:image:type\" content=\"image\/jpeg\" \/>\n<meta name=\"twitter:card\" content=\"summary_large_image\" \/>\n<meta name=\"twitter:site\" content=\"@caridealauto\" \/>\n<meta name=\"twitter:label1\" content=\"Dur\u00e9e de lecture estim\u00e9e\" \/>\n\t<meta name=\"twitter:data1\" content=\"1 minute\" \/>\n<script type=\"application\/ld+json\" class=\"yoast-schema-graph\">{\"@context\":\"https:\/\/schema.org\",\"@graph\":[{\"@type\":\"WebPage\",\"@id\":\"https:\/\/www.carideal.com\/blog\/marque-de-voiture-actualites-essais\/citroen\/offres-citroen\/\",\"url\":\"https:\/\/www.carideal.com\/blog\/marque-de-voiture-actualites-essais\/citroen\/offres-citroen\/\",\"name\":\"Offres Citroen Neuve occasion et entretien - Blog auto Carid\u00e9al\",\"isPartOf\":{\"@id\":\"https:\/\/www.carideal.com\/blog\/#website\"},\"primaryImageOfPage\":{\"@id\":\"https:\/\/www.carideal.com\/blog\/marque-de-voiture-actualites-essais\/citroen\/offres-citroen\/#primaryimage\"},\"image\":{\"@id\":\"https:\/\/www.carideal.com\/blog\/marque-de-voiture-actualites-essais\/citroen\/offres-citroen\/#primaryimage\"},\"thumbnailUrl\":\"https:\/\/www.carideal.com\/blog\/wp-content\/uploads\/2017\/08\/citroen-c4-cactus-rip-curl-e1579878018344.jpg\",\"datePublished\":\"2017-08-08T20:07:34+00:00\",\"dateModified\":\"2020-01-30T11:04:19+00:00\",\"description\":\"Consultez la gamme d'offres disponibles sur les voitures, les pi\u00e8ces et les services de Carideal Citro\u00ebn \u00e0 Chambery en Savoie France\",\"breadcrumb\":{\"@id\":\"https:\/\/www.carideal.com\/blog\/marque-de-voiture-actualites-essais\/citroen\/offres-citroen\/#breadcrumb\"},\"inLanguage\":\"fr-FR\",\"potentialAction\":[{\"@type\":\"ReadAction\",\"target\":[\"https:\/\/www.carideal.com\/blog\/marque-de-voiture-actualites-essais\/citroen\/offres-citroen\/\"]}]},{\"@type\":\"ImageObject\",\"inLanguage\":\"fr-FR\",\"@id\":\"https:\/\/www.carideal.com\/blog\/marque-de-voiture-actualites-essais\/citroen\/offres-citroen\/#primaryimage\",\"url\":\"https:\/\/www.carideal.com\/blog\/wp-content\/uploads\/2017\/08\/citroen-c4-cactus-rip-curl-e1579878018344.jpg\",\"contentUrl\":\"https:\/\/www.carideal.com\/blog\/wp-content\/uploads\/2017\/08\/citroen-c4-cactus-rip-curl-e1579878018344.jpg\",\"width\":600,\"height\":338,\"caption\":\"Offres Citroen\"},{\"@type\":\"BreadcrumbList\",\"@id\":\"https:\/\/www.carideal.com\/blog\/marque-de-voiture-actualites-essais\/citroen\/offres-citroen\/#breadcrumb\",\"itemListElement\":[{\"@type\":\"ListItem\",\"position\":1,\"name\":\"Blog Carid\u00e9al\",\"item\":\"https:\/\/www.carideal.com\/blog\/\"},{\"@type\":\"ListItem\",\"position\":2,\"name\":\"Marque de voiture\",\"item\":\"https:\/\/www.carideal.com\/blog\/marque-de-voiture-actualites-essais\/\"},{\"@type\":\"ListItem\",\"position\":3,\"name\":\"Citroen\",\"item\":\"https:\/\/www.carideal.com\/blog\/marque-de-voiture-actualites-essais\/citroen\/\"},{\"@type\":\"ListItem\",\"position\":4,\"name\":\"Offres Citroen Neuve occasion et entretien\"}]},{\"@type\":\"WebSite\",\"@id\":\"https:\/\/www.carideal.com\/blog\/#website\",\"url\":\"https:\/\/www.carideal.com\/blog\/\",\"name\":\"Blog auto Carid\u00e9al\",\"description\":\"Actualit\u00e9 auto par des passionn\u00e9s\",\"publisher\":{\"@id\":\"https:\/\/www.carideal.com\/blog\/#organization\"},\"potentialAction\":[{\"@type\":\"SearchAction\",\"target\":{\"@type\":\"EntryPoint\",\"urlTemplate\":\"https:\/\/www.carideal.com\/blog\/?s={search_term_string}\"},\"query-input\":{\"@type\":\"PropertyValueSpecification\",\"valueRequired\":true,\"valueName\":\"search_term_string\"}}],\"inLanguage\":\"fr-FR\"},{\"@type\":\"Organization\",\"@id\":\"https:\/\/www.carideal.com\/blog\/#organization\",\"name\":\"Carideal\",\"url\":\"https:\/\/www.carideal.com\/blog\/\",\"logo\":{\"@type\":\"ImageObject\",\"inLanguage\":\"fr-FR\",\"@id\":\"https:\/\/www.carideal.com\/blog\/#\/schema\/logo\/image\/\",\"url\":\"http:\/\/www.carideal.com\/blog\/wp-content\/uploads\/2016\/03\/logo-carideal-mandataire-automobile.png\",\"contentUrl\":\"http:\/\/www.carideal.com\/blog\/wp-content\/uploads\/2016\/03\/logo-carideal-mandataire-automobile.png\",\"width\":300,\"height\":300,\"caption\":\"Carideal\"},\"image\":{\"@id\":\"https:\/\/www.carideal.com\/blog\/#\/schema\/logo\/image\/\"},\"sameAs\":[\"https:\/\/www.facebook.com\/Carideal.mandataire.automobile\",\"https:\/\/x.com\/caridealauto\",\"https:\/\/www.instagram.com\/carideal1\/\",\"https:\/\/www.linkedin.com\/company\/carideal.com\",\"https:\/\/fr.pinterest.com\/schiavonsas\/\",\"https:\/\/www.youtube.com\/user\/caridealsas\"]}]}<\/script>\n<!-- \/ Yoast SEO plugin. -->","yoast_head_json":{"title":"Offres Citroen Neuve occasion et entretien - Blog auto Carid\u00e9al","description":"Consultez la gamme d'offres disponibles sur les voitures, les pi\u00e8ces et les services de Carideal Citro\u00ebn \u00e0 Chambery en Savoie France","robots":{"index":"index","follow":"follow","max-snippet":"max-snippet:-1","max-image-preview":"max-image-preview:large","max-video-preview":"max-video-preview:-1"},"canonical":"https:\/\/www.carideal.com\/blog\/marque-de-voiture-actualites-essais\/citroen\/offres-citroen\/","og_locale":"fr_FR","og_type":"article","og_title":"Offres Citroen Neuve occasion et entretien - Blog auto Carid\u00e9al","og_description":"Consultez la gamme d'offres disponibles sur les voitures, les pi\u00e8ces et les services de Carideal Citro\u00ebn \u00e0 Chambery en Savoie France","og_url":"https:\/\/www.carideal.com\/blog\/marque-de-voiture-actualites-essais\/citroen\/offres-citroen\/","og_site_name":"Blog auto Carid\u00e9al","article_publisher":"https:\/\/www.facebook.com\/Carideal.mandataire.automobile","article_modified_time":"2020-01-30T11:04:19+00:00","og_image":[{"width":600,"height":338,"url":"https:\/\/www.carideal.com\/blog\/wp-content\/uploads\/2017\/08\/citroen-c4-cactus-rip-curl-e1579878018344.jpg","type":"image\/jpeg"}],"twitter_card":"summary_large_image","twitter_site":"@caridealauto","twitter_misc":{"Dur\u00e9e de lecture estim\u00e9e":"1 minute"},"schema":{"@context":"https:\/\/schema.org","@graph":[{"@type":"WebPage","@id":"https:\/\/www.carideal.com\/blog\/marque-de-voiture-actualites-essais\/citroen\/offres-citroen\/","url":"https:\/\/www.carideal.com\/blog\/marque-de-voiture-actualites-essais\/citroen\/offres-citroen\/","name":"Offres Citroen Neuve occasion et entretien - Blog auto Carid\u00e9al","isPartOf":{"@id":"https:\/\/www.carideal.com\/blog\/#website"},"primaryImageOfPage":{"@id":"https:\/\/www.carideal.com\/blog\/marque-de-voiture-actualites-essais\/citroen\/offres-citroen\/#primaryimage"},"image":{"@id":"https:\/\/www.carideal.com\/blog\/marque-de-voiture-actualites-essais\/citroen\/offres-citroen\/#primaryimage"},"thumbnailUrl":"https:\/\/www.carideal.com\/blog\/wp-content\/uploads\/2017\/08\/citroen-c4-cactus-rip-curl-e1579878018344.jpg","datePublished":"2017-08-08T20:07:34+00:00","dateModified":"2020-01-30T11:04:19+00:00","description":"Consultez la gamme d'offres disponibles sur les voitures, les pi\u00e8ces et les services de Carideal Citro\u00ebn \u00e0 Chambery en Savoie France","breadcrumb":{"@id":"https:\/\/www.carideal.com\/blog\/marque-de-voiture-actualites-essais\/citroen\/offres-citroen\/#breadcrumb"},"inLanguage":"fr-FR","potentialAction":[{"@type":"ReadAction","target":["https:\/\/www.carideal.com\/blog\/marque-de-voiture-actualites-essais\/citroen\/offres-citroen\/"]}]},{"@type":"ImageObject","inLanguage":"fr-FR","@id":"https:\/\/www.carideal.com\/blog\/marque-de-voiture-actualites-essais\/citroen\/offres-citroen\/#primaryimage","url":"https:\/\/www.carideal.com\/blog\/wp-content\/uploads\/2017\/08\/citroen-c4-cactus-rip-curl-e1579878018344.jpg","contentUrl":"https:\/\/www.carideal.com\/blog\/wp-content\/uploads\/2017\/08\/citroen-c4-cactus-rip-curl-e1579878018344.jpg","width":600,"height":338,"caption":"Offres Citroen"},{"@type":"BreadcrumbList","@id":"https:\/\/www.carideal.com\/blog\/marque-de-voiture-actualites-essais\/citroen\/offres-citroen\/#breadcrumb","itemListElement":[{"@type":"ListItem","position":1,"name":"Blog Carid\u00e9al","item":"https:\/\/www.carideal.com\/blog\/"},{"@type":"ListItem","position":2,"name":"Marque de voiture","item":"https:\/\/www.carideal.com\/blog\/marque-de-voiture-actualites-essais\/"},{"@type":"ListItem","position":3,"name":"Citroen","item":"https:\/\/www.carideal.com\/blog\/marque-de-voiture-actualites-essais\/citroen\/"},{"@type":"ListItem","position":4,"name":"Offres Citroen Neuve occasion et entretien"}]},{"@type":"WebSite","@id":"https:\/\/www.carideal.com\/blog\/#website","url":"https:\/\/www.carideal.com\/blog\/","name":"Blog auto Carid\u00e9al","description":"Actualit\u00e9 auto par des passionn\u00e9s","publisher":{"@id":"https:\/\/www.carideal.com\/blog\/#organization"},"potentialAction":[{"@type":"SearchAction","target":{"@type":"EntryPoint","urlTemplate":"https:\/\/www.carideal.com\/blog\/?s={search_term_string}"},"query-input":{"@type":"PropertyValueSpecification","valueRequired":true,"valueName":"search_term_string"}}],"inLanguage":"fr-FR"},{"@type":"Organization","@id":"https:\/\/www.carideal.com\/blog\/#organization","name":"Carideal","url":"https:\/\/www.carideal.com\/blog\/","logo":{"@type":"ImageObject","inLanguage":"fr-FR","@id":"https:\/\/www.carideal.com\/blog\/#\/schema\/logo\/image\/","url":"http:\/\/www.carideal.com\/blog\/wp-content\/uploads\/2016\/03\/logo-carideal-mandataire-automobile.png","contentUrl":"http:\/\/www.carideal.com\/blog\/wp-content\/uploads\/2016\/03\/logo-carideal-mandataire-automobile.png","width":300,"height":300,"caption":"Carideal"},"image":{"@id":"https:\/\/www.carideal.com\/blog\/#\/schema\/logo\/image\/"},"sameAs":["https:\/\/www.facebook.com\/Carideal.mandataire.automobile","https:\/\/x.com\/caridealauto","https:\/\/www.instagram.com\/carideal1\/","https:\/\/www.linkedin.com\/company\/carideal.com","https:\/\/fr.pinterest.com\/schiavonsas\/","https:\/\/www.youtube.com\/user\/caridealsas"]}]}},"uagb_featured_image_src":{"full":["https:\/\/www.carideal.com\/blog\/wp-content\/uploads\/2017\/08\/citroen-c4-cactus-rip-curl-e1579878018344.jpg",600,338,false],"thumbnail":["https:\/\/www.carideal.com\/blog\/wp-content\/uploads\/2017\/08\/citroen-c4-cactus-rip-curl-150x150.jpg",150,150,true],"medium":["https:\/\/www.carideal.com\/blog\/wp-content\/uploads\/2017\/08\/citroen-c4-cactus-rip-curl-300x169.jpg",300,169,true],"medium_large":["https:\/\/www.carideal.com\/blog\/wp-content\/uploads\/2017\/08\/citroen-c4-cactus-rip-curl-e1579878018344.jpg",600,338,false],"large":["https:\/\/www.carideal.com\/blog\/wp-content\/uploads\/2017\/08\/citroen-c4-cactus-rip-curl-e1579878018344.jpg",600,338,false],"1536x1536":["https:\/\/www.carideal.com\/blog\/wp-content\/uploads\/2017\/08\/citroen-c4-cactus-rip-curl-e1579878018344.jpg",600,338,false],"2048x2048":["https:\/\/www.carideal.com\/blog\/wp-content\/uploads\/2017\/08\/citroen-c4-cactus-rip-curl-e1579878018344.jpg",600,338,false],"wppr-widget":["https:\/\/www.carideal.com\/blog\/wp-content\/uploads\/2017\/08\/citroen-c4-cactus-rip-curl-e1579878018344.jpg",50,28,false]},"uagb_author_info":{"display_name":"Nicolas SCHIAVON","author_link":"https:\/\/www.carideal.com\/blog\/author\/nschiavon\/"},"uagb_comment_info":0,"uagb_excerpt":"OFFRES CITRO\u00cbN\u00a0CARIDEAL NOS OFFRES DE VOITURES NEUVES\u00a0CITRO\u00cbN\u00a0D'OCCASIONS ET D'ENTRETIEN Rencontrez-nous chez Citro\u00ebn chez Carideal \u00e0 Chamb\u00e9ry pour obtenir une bonne affaire sur votre prochaine Citro\u00ebn neuve ou d'occasion, ou sur la r\u00e9vision et l'entretien annuel pour votre Citro\u00ebn d'aujourd'hui. Nous sommes fiers de servir les clients particuliers et les voitures de flottes d'entreprise et proposons\u2026","_links":{"self":[{"href":"https:\/\/www.carideal.com\/blog\/wp-json\/wp\/v2\/pages\/16214"}],"collection":[{"href":"https:\/\/www.carideal.com\/blog\/wp-json\/wp\/v2\/pages"}],"about":[{"href":"https:\/\/www.carideal.com\/blog\/wp-json\/wp\/v2\/types\/page"}],"author":[{"embeddable":true,"href":"https:\/\/www.carideal.com\/blog\/wp-json\/wp\/v2\/users\/3"}],"replies":[{"embeddable":true,"href":"https:\/\/www.carideal.com\/blog\/wp-json\/wp\/v2\/comments?post=16214"}],"version-history":[{"count":0,"href":"https:\/\/www.carideal.com\/blog\/wp-json\/wp\/v2\/pages\/16214\/revisions"}],"up":[{"embeddable":true,"href":"https:\/\/www.carideal.com\/blog\/wp-json\/wp\/v2\/pages\/13924"}],"wp:featuredmedia":[{"embeddable":true,"href":"https:\/\/www.carideal.com\/blog\/wp-json\/wp\/v2\/media\/16217"}],"wp:attachment":[{"href":"https:\/\/www.carideal.com\/blog\/wp-json\/wp\/v2\/media?parent=16214"}],"curies":[{"name":"wp","href":"https:\/\/api.w.org\/{rel}","templated":true}]}}