{"id":16190,"date":"2017-08-07T22:39:56","date_gmt":"2017-08-07T20:39:56","guid":{"rendered":"http:\/\/www.carideal.com\/blog\/?page_id=16190"},"modified":"2020-01-31T08:55:07","modified_gmt":"2020-01-31T07:55:07","slug":"ferrari","status":"publish","type":"page","link":"https:\/\/www.carideal.com\/blog\/marque-de-voiture-actualites-essais\/ferrari\/","title":{"rendered":"FERRARI &#8211; Actualit\u00e9 essai Avis neuve et occasion"},"content":{"rendered":"<h2>FERRARI - Actualit\u00e9 essai Avis neuve et occasion<\/h2>\n<p><a href=\"http:\/\/www.carideal.com\/blog\/marque-de-voiture-actualites-essais\/ferrari\/\">Infos sur Ferrari<\/a> | <a href=\"http:\/\/www.carideal.com\/blog\/constructeur\/ferrari\/\">Actualit\u00e9<\/a> | <a href=\"http:\/\/www.carideal.com\/blog\/essai\/essai-ferrari\/\">Essais<\/a> | Voiture d'occasion | Voiture neuve | <a href=\"http:\/\/www.carideal.com\/blog\/credit-auto\/\">Financement<\/a> | <a href=\"http:\/\/www.carideal.com\/blog\/garage-automobile\/revision-voiture\/\">R\u00e9vision<\/a> | <a href=\"http:\/\/www.carideal.com\/blog\/offres-automobiles\/\">Offres<\/a> | <a href=\"http:\/\/www.carideal.com\/blog\/tag\/guide-achat\/?=ferrari\">Guide d'achat<\/a><\/p>\n<p>Parmi toutes les marques prestigieuses, Carideal.com se devait de mettre en avant Ferrari. Vous trouverez sur notre site web les informations sur la marque Ferrari et ses mod\u00e8les. Vous trouverez les diff\u00e9rents essais, les actualit\u00e9s et fiches techniques de la marque Ferrari ainsi que les annonces autos de la marque Ferrari. Nous mettrons tout en \u0153uvre pour vous donner le maximum d'informations sur la marque Ferrari.<\/p>\n<h2>Liste des mod\u00e8les\u00a0Ferrari<\/h2>\n\n\n<figure class=\"wp-block-table is-style-stripes\"><table class=\"\"><tbody><tr><td>FERRARI 488 GTB<\/td><td>FERRARI 488 SPIDER<\/td><td>FERRARI 812<\/td><td>FERRARI CALIFORNIA<\/td><\/tr><tr><td><\/td><td><\/td><td><\/td><td><\/td><\/tr><tr><td>FERRARI ENZO<\/td><td>FERRARI F12 BERLINETTA<\/td><td>FERRARI F458 ITALIA<\/td><td>FERRARI F458 SPIDER<\/td><\/tr><tr><td><\/td><td><\/td><td><\/td><td><\/td><\/tr><tr><td>FERRARI FF<\/td><td>FERRARI GTC4 LUSSO<\/td><td>FERRARI LAFERRARI<\/td><td>FERRARI PORTOFINO<\/td><\/tr><tr><td><\/td><td><\/td><td><img loading=\"lazy\" decoding=\"async\" width=\"150\" height=\"92\" class=\"wp-image-16193\" style=\"width: 150px;\" src=\"http:\/\/www.carideal.com\/blog\/wp-content\/uploads\/2017\/08\/ferrari-laferrari-e1580457213928.jpg\" alt=\"Ferrari LaFerrari\"><\/td><td><img loading=\"lazy\" decoding=\"async\" width=\"150\" height=\"100\" class=\"wp-image-16407\" style=\"width: 150px;\" src=\"http:\/\/www.carideal.com\/blog\/wp-content\/uploads\/2017\/08\/ferrari-portofino-2018-e1580457252138.jpg\" alt=\"Ferrari Portofino\"><\/td><\/tr><tr><td>FERRARI F8 TRIBUTO<\/td><td><\/td><td><\/td><td><\/td><\/tr><tr><td><\/td><td><\/td><td><\/td><td><\/td><\/tr><\/tbody><\/table><\/figure>\n\n\n\n<h2 class=\"wp-block-heading\">Actualit\u00e9s&nbsp;Ferrari<\/h2>\n\n\n<ul class=\"lcp_catlist\" id=\"lcp_instance_0\"><li><a href=\"https:\/\/www.carideal.com\/blog\/2018\/10\/10\/cabriolets-ferrari-sp1-sp2-roulent-a-300-km-h\/\">Les cabriolets Ferrari SP1 et SP2 roulent \u00e0 300 km\/h<\/a><div class=\"lcp_excerpt\">Les derniers cabriolets Ferrari SP1 et SP2 roulent \u00e0 300 km\/h et n&rsquo;ont pas de parebrise\n\u00c0 premi\u00e8re vue, ils ressemblent \u00e0 ce que l&rsquo;on pourrait trouver lors d&rsquo;un rallye de voitures anciennes &#8211; et ce n&rsquo;est pas surprenant, puisque Ferrari retourne intentionnellement un demi-si\u00e8cle en arri\u00e8re avec la conception de deux nouveaux mod\u00e8les SP1 et ...<\/div><\/li><li><a href=\"https:\/\/www.carideal.com\/blog\/2017\/09\/16\/ferrari-portofino-vie-apres-california\/\">Ferrari Portofino 2018 : la vie apr\u00e8s la California<\/a><div class=\"lcp_excerpt\">Ferrari Portofino 2018 : pour remplacer la California\nLa nouvelle Ferrari Portofino est arriv\u00e9, en remplacement de la California T. C&rsquo;est le coup\u00e9-d\u00e9capotable motoris\u00e9 par un V8 destin\u00e9 \u00e0 faire ses d\u00e9buts au salon automobile de Francfort 2017.\nLa Ferrari Portofino\u00a0est annonc\u00e9e\n\u25ba C&rsquo;est la nouvelle California\n\u25ba 0-100 km\/h en 3.5sec, toit\u00a0amovible\nNomm\u00e9 comme le\u00a0port de la riviera\u00a0italienne, le ...<\/div><\/li><li><a href=\"https:\/\/www.carideal.com\/blog\/2015\/10\/10\/ferrari-bientot-cote-en-bourse\/\">Ferrari en Bourse c&rsquo;est pour bient\u00f4t<\/a><div class=\"lcp_excerpt\">Ferrari cot\u00e9 en Bourse \u00e0 Wall Street\nFerrari se pr\u00e9pare \u00e0 \u00eatre entrer en bourse \u00e0 Wall Street et devrait bient\u00f4t d\u00e9voiler le prix de son action sur le New York Stock Exchange. Bloomberg, estime que la Marque Ferrari en bourse pourrait \u00eatre valoris\u00e9 11 milliards d&rsquo;euros. Fiat Chrysler Automobiles, qui est propri\u00e9taire de Ferrari souhaite ...<\/div><\/li><li><a href=\"https:\/\/www.carideal.com\/blog\/2015\/04\/08\/ferrari-488-gtb\/\">La nouvelle Ferrari 488 GTB<\/a><div class=\"lcp_excerpt\">La nouvelle Ferrari 488 GTB En Aout 2015 pour 230 000 \u20ac environ\nIl aura fallu quarante ans pour que Ferrari renouvelle cette prestigieuse l&rsquo;appellation Ferrari GTB.\nLa Ferrari 488 GTB est con\u00e7u sur la base de la Ferrari 458 avec des chiffres qi parlent par eux-m\u00eame : 100 ch de plus, 85 kg de moins, a\u00e9rodynamisme ...<\/div><\/li><li><a href=\"https:\/\/www.carideal.com\/blog\/2015\/03\/08\/ferrari-488-gtb-la-marque-renouvelle-le-genre\/\">Ferrari 488 GTB la marque renouvelle le genre<\/a><div class=\"lcp_excerpt\">Ferrari 488 GTB la marque renouvelle le genre\n\u00a0Ferrari renouvelle le nom GTB quarante ans apr\u00e8s la 308. Bas\u00e9e sur la 458, la 488 explose: \u00a0100 ch de plus, 85 kg de moins, une \u00a0l&rsquo;a\u00e9rodynamique redessin\u00e9e, des\u00a0syst\u00e8mes \u00e9lectroniques affut\u00e9s, et des\u00a0turbos &#8230;\nParmi les fans de Ferrari, l&rsquo;anxi\u00e9t\u00e9 \u00e9tait palpable. Apr\u00e8s la California, converti en Turbo, LaFerrari, ...<\/div><\/li><li><a href=\"https:\/\/www.carideal.com\/blog\/2014\/11\/08\/ferrari-toujours-plus-rentable\/\">Ferrari toujours plus rentable<\/a><div class=\"lcp_excerpt\">\nFerrari toujours plus rentable\n\nFerrari toujours plus rentable : Pour gagner de l&rsquo;argent il suffit de baisser la production ! Un axiome que seule une entreprise ultra prestigieuse comme Ferrari peut sans doute se permettre, et que cela fonctionne pour la voiture de luxe.\nEn 2013 le chiffre d&rsquo;affaire de Ferrari a progress\u00e9 de 5% \u00e0 2.3 ...<\/div><\/li><li><a href=\"https:\/\/www.carideal.com\/blog\/2014\/06\/02\/ferrari-laferrari-occasion\/\">Ferrari LaFerrari d&rsquo;occasion<\/a><div class=\"lcp_excerpt\">\n\n&nbsp;\nIl s&rsquo;agit du premier cas de Ferrari LaFerrari d&rsquo;occasion\nLe tout premier exemplaire de Ferrari LaFerrari d&rsquo;occasion est en vente sur le march\u00e9 de l&rsquo;occasion. Elle n&rsquo;affiche que 200 km pour 2.38 millions d&rsquo;euros TTC. Le prix de ce mod\u00e8le neuf ne valait que 1.3 millions d&rsquo;euros. Ce mod\u00e8le n&rsquo;est disponible qu&rsquo;\u00e0 499 exemplaires. Bref il ...<\/div><\/li><li><a href=\"https:\/\/www.carideal.com\/blog\/2013\/11\/28\/ferrari-f458-speciale\/\">Ferrari F458 Speciale<\/a><div class=\"lcp_excerpt\">\nLa Ferrari F458 Sp\u00e9ciale\nLa magnifique Ferrari F458 sp\u00e9ciale devrait \u00eatre commercialis\u00e9e en janvier 2014 \u00e0 partir de 235 000 \u20ac environ. Pour les frustr\u00e9s de la Ferrari F458, les blas\u00e9s de la vie, (et qui ont les moyens) le constructeur de Maranello l&rsquo;a faite pour vous\u00a0: la F458 sp\u00e9ciale. Et elle a quoi de sp\u00e9ciale ...<\/div><\/li><li><a href=\"https:\/\/www.carideal.com\/blog\/2012\/11\/13\/ferrari-f12-berlinetta-2\/\">Ferrari F12 Berlinetta sportive absolue<\/a><div class=\"lcp_excerpt\">Ferrari F12 Berlinetta Sportive absolue\n\nFerrari F12 Berlinetta Sportive Absolue :\nF comme Ferrari et 12 pour le nombre de cylindres dispos\u00e9s en V : la rempla\u00e7ante de la 599 int\u00e8gre un bloc 6.2 de 740 ch, de quoi r\u00e9aliser le 0 \u00e0 100 km\/h en 3.1 sec. et atteindre 340 km\/h en vitesse de pointe&#8230;. Cot\u00e9 ...<\/div><\/li><li><a href=\"https:\/\/www.carideal.com\/blog\/2012\/09\/28\/ferrari-f12-berlinetta-presentee-au-mondial-auto-2012\/\">Ferrari F12 Berlinetta pr\u00e9sent\u00e9e au Mondial Auto 2012<\/a><div class=\"lcp_excerpt\"> Pr\u00e9sent\u00e9e lors du Mondial de l&rsquo;auto, la F12 Berlinetta s&rsquo;inspire du design de la FF et de la 458. Il s&rsquo;agit de la Ferrari la plus puissante jamais produite, gr\u00e2ce \u00e0 son moteur V12 de 740ch.\n\n<\/div><\/li><\/ul>\n\n\n\n<p><a href=\"http:\/\/www.carideal.com\/blog\/constructeur\/ferrari\/\">TOUTES&nbsp;LES&nbsp;ACTUALIT\u00c9S&nbsp;FERRARI<\/a><\/p>\n\n\n\n<h2 class=\"wp-block-heading\">Essais&nbsp;Ferrari<\/h2>\n\n\n<ul class=\"lcp_catlist\" id=\"lcp_instance_0\"><li><a href=\"https:\/\/www.carideal.com\/blog\/2015\/03\/08\/ferrari-488-gtb-la-marque-renouvelle-le-genre\/\">Ferrari 488 GTB la marque renouvelle le genre<\/a><div class=\"lcp_excerpt\">Ferrari 488 GTB la marque renouvelle le genre\n\u00a0Ferrari renouvelle le nom GTB quarante ans apr\u00e8s la 308. Bas\u00e9e sur la 458, la 488 explose: \u00a0100 ch de plus, 85 kg de moins, une \u00a0l&rsquo;a\u00e9rodynamique redessin\u00e9e, des\u00a0syst\u00e8mes \u00e9lectroniques affut\u00e9s, et des\u00a0turbos &#8230;\nParmi les fans de Ferrari, l&rsquo;anxi\u00e9t\u00e9 \u00e9tait palpable. Apr\u00e8s la California, converti en Turbo, LaFerrari, ...<\/div><\/li><li><a href=\"https:\/\/www.carideal.com\/blog\/2012\/03\/21\/ferrari-f12-berlinetta\/\">FERRARI F12 BERLINETTA Essai video<\/a><div class=\"lcp_excerpt\">Essai video de la Ferrari F12 Berlinetta\n\nLa Ferrari F12Berlinetta une des star du salon de Gen\u00e8ve 2012\nLa nouvelle Ferrari F12 Berlinetta est appel\u00e9e \u00e0 remplacer la 599GTB. Longue de 4.61m pour une hauteur de 1.27m, cette nouvelle super car Italienne fait mieux que sa devanci\u00e8re. moins lourde sur la balance, elle p\u00e8se 55 kg de ...<\/div><\/li><\/ul>\n\n\n\n<p><a href=\"http:\/\/www.carideal.com\/blog\/essai\/essai-ferrari\/\">TOUS&nbsp;LES&nbsp;ESSAIS&nbsp;FERRARI<\/a><\/p>\n","protected":false},"excerpt":{"rendered":"<p>FERRARI &#8211; Actualit\u00e9 essai Avis neuve et occasion Infos sur Ferrari | Actualit\u00e9 | Essais | Voiture d&rsquo;occasion | Voiture neuve | Financement | R\u00e9vision | Offres | Guide d&rsquo;achat Parmi toutes les marques prestigieuses, Carideal.com se devait de mettre en avant Ferrari. Vous trouverez sur notre site web les informations sur la marque Ferrari &#8230; <a title=\"FERRARI &#8211; Actualit\u00e9 essai Avis neuve et occasion\" class=\"read-more\" href=\"https:\/\/www.carideal.com\/blog\/marque-de-voiture-actualites-essais\/ferrari\/\" aria-label=\"En savoir plus sur FERRARI &#8211; Actualit\u00e9 essai Avis neuve et occasion\">Lire plus<\/a><\/p>\n","protected":false},"author":3,"featured_media":16399,"parent":13389,"menu_order":0,"comment_status":"closed","ping_status":"closed","template":"","meta":{"_uag_custom_page_level_css":"","_themeisle_gutenberg_block_has_review":false,"footnotes":""},"class_list":["post-16190","page","type-page","status-publish","has-post-thumbnail"],"wppr_data":{"cwp_meta_box_check":"No"},"yoast_head":"<!-- This site is optimized with the Yoast SEO plugin v24.8.1 - https:\/\/yoast.com\/wordpress\/plugins\/seo\/ -->\n<title>FERRARI - Actualit\u00e9 essai Avis neuve et occasion - Blog auto Carid\u00e9al<\/title>\n<meta name=\"description\" content=\"Retrouvez toutes les informations et actualit\u00e9s sur la marque de voiture de sport italienne Ferrari ainsi que les annonces de Ferrari neuves et d&#039;occasions\" \/>\n<meta name=\"robots\" content=\"index, follow, max-snippet:-1, max-image-preview:large, max-video-preview:-1\" \/>\n<link rel=\"canonical\" href=\"https:\/\/www.carideal.com\/blog\/marque-de-voiture-actualites-essais\/ferrari\/\" \/>\n<meta property=\"og:locale\" content=\"fr_FR\" \/>\n<meta property=\"og:type\" content=\"article\" \/>\n<meta property=\"og:title\" content=\"FERRARI - Actualit\u00e9 essai Avis neuve et occasion - Blog auto Carid\u00e9al\" \/>\n<meta property=\"og:description\" content=\"Retrouvez toutes les informations et actualit\u00e9s sur la marque de voiture de sport italienne Ferrari ainsi que les annonces de Ferrari neuves et d&#039;occasions\" \/>\n<meta property=\"og:url\" content=\"https:\/\/www.carideal.com\/blog\/marque-de-voiture-actualites-essais\/ferrari\/\" \/>\n<meta property=\"og:site_name\" content=\"Blog auto Carid\u00e9al\" \/>\n<meta property=\"article:publisher\" content=\"https:\/\/www.facebook.com\/Carideal.mandataire.automobile\" \/>\n<meta property=\"article:modified_time\" content=\"2020-01-31T07:55:07+00:00\" \/>\n<meta property=\"og:image\" content=\"https:\/\/www.carideal.com\/blog\/wp-content\/uploads\/2017\/09\/ferrari-portofino-2018-e1580455603981.jpg\" \/>\n\t<meta property=\"og:image:width\" content=\"700\" \/>\n\t<meta property=\"og:image:height\" content=\"467\" \/>\n\t<meta property=\"og:image:type\" content=\"image\/jpeg\" \/>\n<meta name=\"twitter:card\" content=\"summary_large_image\" \/>\n<meta name=\"twitter:site\" content=\"@caridealauto\" \/>\n<meta name=\"twitter:label1\" content=\"Dur\u00e9e de lecture estim\u00e9e\" \/>\n\t<meta name=\"twitter:data1\" content=\"1 minute\" \/>\n<script type=\"application\/ld+json\" class=\"yoast-schema-graph\">{\"@context\":\"https:\/\/schema.org\",\"@graph\":[{\"@type\":\"WebPage\",\"@id\":\"https:\/\/www.carideal.com\/blog\/marque-de-voiture-actualites-essais\/ferrari\/\",\"url\":\"https:\/\/www.carideal.com\/blog\/marque-de-voiture-actualites-essais\/ferrari\/\",\"name\":\"FERRARI - Actualit\u00e9 essai Avis neuve et occasion - Blog auto Carid\u00e9al\",\"isPartOf\":{\"@id\":\"https:\/\/www.carideal.com\/blog\/#website\"},\"primaryImageOfPage\":{\"@id\":\"https:\/\/www.carideal.com\/blog\/marque-de-voiture-actualites-essais\/ferrari\/#primaryimage\"},\"image\":{\"@id\":\"https:\/\/www.carideal.com\/blog\/marque-de-voiture-actualites-essais\/ferrari\/#primaryimage\"},\"thumbnailUrl\":\"https:\/\/www.carideal.com\/blog\/wp-content\/uploads\/2017\/09\/ferrari-portofino-2018-e1580455603981.jpg\",\"datePublished\":\"2017-08-07T20:39:56+00:00\",\"dateModified\":\"2020-01-31T07:55:07+00:00\",\"description\":\"Retrouvez toutes les informations et actualit\u00e9s sur la marque de voiture de sport italienne Ferrari ainsi que les annonces de Ferrari neuves et d'occasions\",\"breadcrumb\":{\"@id\":\"https:\/\/www.carideal.com\/blog\/marque-de-voiture-actualites-essais\/ferrari\/#breadcrumb\"},\"inLanguage\":\"fr-FR\",\"potentialAction\":[{\"@type\":\"ReadAction\",\"target\":[\"https:\/\/www.carideal.com\/blog\/marque-de-voiture-actualites-essais\/ferrari\/\"]}]},{\"@type\":\"ImageObject\",\"inLanguage\":\"fr-FR\",\"@id\":\"https:\/\/www.carideal.com\/blog\/marque-de-voiture-actualites-essais\/ferrari\/#primaryimage\",\"url\":\"https:\/\/www.carideal.com\/blog\/wp-content\/uploads\/2017\/09\/ferrari-portofino-2018-e1580455603981.jpg\",\"contentUrl\":\"https:\/\/www.carideal.com\/blog\/wp-content\/uploads\/2017\/09\/ferrari-portofino-2018-e1580455603981.jpg\",\"width\":700,\"height\":467,\"caption\":\"Ferrari Portofino 2018\"},{\"@type\":\"BreadcrumbList\",\"@id\":\"https:\/\/www.carideal.com\/blog\/marque-de-voiture-actualites-essais\/ferrari\/#breadcrumb\",\"itemListElement\":[{\"@type\":\"ListItem\",\"position\":1,\"name\":\"Blog Carid\u00e9al\",\"item\":\"https:\/\/www.carideal.com\/blog\/\"},{\"@type\":\"ListItem\",\"position\":2,\"name\":\"Marque de voiture\",\"item\":\"https:\/\/www.carideal.com\/blog\/marque-de-voiture-actualites-essais\/\"},{\"@type\":\"ListItem\",\"position\":3,\"name\":\"FERRARI &#8211; Actualit\u00e9 essai Avis neuve et occasion\"}]},{\"@type\":\"WebSite\",\"@id\":\"https:\/\/www.carideal.com\/blog\/#website\",\"url\":\"https:\/\/www.carideal.com\/blog\/\",\"name\":\"Blog auto Carid\u00e9al\",\"description\":\"Actualit\u00e9 auto par des passionn\u00e9s\",\"publisher\":{\"@id\":\"https:\/\/www.carideal.com\/blog\/#organization\"},\"potentialAction\":[{\"@type\":\"SearchAction\",\"target\":{\"@type\":\"EntryPoint\",\"urlTemplate\":\"https:\/\/www.carideal.com\/blog\/?s={search_term_string}\"},\"query-input\":{\"@type\":\"PropertyValueSpecification\",\"valueRequired\":true,\"valueName\":\"search_term_string\"}}],\"inLanguage\":\"fr-FR\"},{\"@type\":\"Organization\",\"@id\":\"https:\/\/www.carideal.com\/blog\/#organization\",\"name\":\"Carideal\",\"url\":\"https:\/\/www.carideal.com\/blog\/\",\"logo\":{\"@type\":\"ImageObject\",\"inLanguage\":\"fr-FR\",\"@id\":\"https:\/\/www.carideal.com\/blog\/#\/schema\/logo\/image\/\",\"url\":\"http:\/\/www.carideal.com\/blog\/wp-content\/uploads\/2016\/03\/logo-carideal-mandataire-automobile.png\",\"contentUrl\":\"http:\/\/www.carideal.com\/blog\/wp-content\/uploads\/2016\/03\/logo-carideal-mandataire-automobile.png\",\"width\":300,\"height\":300,\"caption\":\"Carideal\"},\"image\":{\"@id\":\"https:\/\/www.carideal.com\/blog\/#\/schema\/logo\/image\/\"},\"sameAs\":[\"https:\/\/www.facebook.com\/Carideal.mandataire.automobile\",\"https:\/\/x.com\/caridealauto\",\"https:\/\/www.instagram.com\/carideal1\/\",\"https:\/\/www.linkedin.com\/company\/carideal.com\",\"https:\/\/fr.pinterest.com\/schiavonsas\/\",\"https:\/\/www.youtube.com\/user\/caridealsas\"]}]}<\/script>\n<!-- \/ Yoast SEO plugin. -->","yoast_head_json":{"title":"FERRARI - Actualit\u00e9 essai Avis neuve et occasion - Blog auto Carid\u00e9al","description":"Retrouvez toutes les informations et actualit\u00e9s sur la marque de voiture de sport italienne Ferrari ainsi que les annonces de Ferrari neuves et d'occasions","robots":{"index":"index","follow":"follow","max-snippet":"max-snippet:-1","max-image-preview":"max-image-preview:large","max-video-preview":"max-video-preview:-1"},"canonical":"https:\/\/www.carideal.com\/blog\/marque-de-voiture-actualites-essais\/ferrari\/","og_locale":"fr_FR","og_type":"article","og_title":"FERRARI - Actualit\u00e9 essai Avis neuve et occasion - Blog auto Carid\u00e9al","og_description":"Retrouvez toutes les informations et actualit\u00e9s sur la marque de voiture de sport italienne Ferrari ainsi que les annonces de Ferrari neuves et d'occasions","og_url":"https:\/\/www.carideal.com\/blog\/marque-de-voiture-actualites-essais\/ferrari\/","og_site_name":"Blog auto Carid\u00e9al","article_publisher":"https:\/\/www.facebook.com\/Carideal.mandataire.automobile","article_modified_time":"2020-01-31T07:55:07+00:00","og_image":[{"width":700,"height":467,"url":"https:\/\/www.carideal.com\/blog\/wp-content\/uploads\/2017\/09\/ferrari-portofino-2018-e1580455603981.jpg","type":"image\/jpeg"}],"twitter_card":"summary_large_image","twitter_site":"@caridealauto","twitter_misc":{"Dur\u00e9e de lecture estim\u00e9e":"1 minute"},"schema":{"@context":"https:\/\/schema.org","@graph":[{"@type":"WebPage","@id":"https:\/\/www.carideal.com\/blog\/marque-de-voiture-actualites-essais\/ferrari\/","url":"https:\/\/www.carideal.com\/blog\/marque-de-voiture-actualites-essais\/ferrari\/","name":"FERRARI - Actualit\u00e9 essai Avis neuve et occasion - Blog auto Carid\u00e9al","isPartOf":{"@id":"https:\/\/www.carideal.com\/blog\/#website"},"primaryImageOfPage":{"@id":"https:\/\/www.carideal.com\/blog\/marque-de-voiture-actualites-essais\/ferrari\/#primaryimage"},"image":{"@id":"https:\/\/www.carideal.com\/blog\/marque-de-voiture-actualites-essais\/ferrari\/#primaryimage"},"thumbnailUrl":"https:\/\/www.carideal.com\/blog\/wp-content\/uploads\/2017\/09\/ferrari-portofino-2018-e1580455603981.jpg","datePublished":"2017-08-07T20:39:56+00:00","dateModified":"2020-01-31T07:55:07+00:00","description":"Retrouvez toutes les informations et actualit\u00e9s sur la marque de voiture de sport italienne Ferrari ainsi que les annonces de Ferrari neuves et d'occasions","breadcrumb":{"@id":"https:\/\/www.carideal.com\/blog\/marque-de-voiture-actualites-essais\/ferrari\/#breadcrumb"},"inLanguage":"fr-FR","potentialAction":[{"@type":"ReadAction","target":["https:\/\/www.carideal.com\/blog\/marque-de-voiture-actualites-essais\/ferrari\/"]}]},{"@type":"ImageObject","inLanguage":"fr-FR","@id":"https:\/\/www.carideal.com\/blog\/marque-de-voiture-actualites-essais\/ferrari\/#primaryimage","url":"https:\/\/www.carideal.com\/blog\/wp-content\/uploads\/2017\/09\/ferrari-portofino-2018-e1580455603981.jpg","contentUrl":"https:\/\/www.carideal.com\/blog\/wp-content\/uploads\/2017\/09\/ferrari-portofino-2018-e1580455603981.jpg","width":700,"height":467,"caption":"Ferrari Portofino 2018"},{"@type":"BreadcrumbList","@id":"https:\/\/www.carideal.com\/blog\/marque-de-voiture-actualites-essais\/ferrari\/#breadcrumb","itemListElement":[{"@type":"ListItem","position":1,"name":"Blog Carid\u00e9al","item":"https:\/\/www.carideal.com\/blog\/"},{"@type":"ListItem","position":2,"name":"Marque de voiture","item":"https:\/\/www.carideal.com\/blog\/marque-de-voiture-actualites-essais\/"},{"@type":"ListItem","position":3,"name":"FERRARI &#8211; Actualit\u00e9 essai Avis neuve et occasion"}]},{"@type":"WebSite","@id":"https:\/\/www.carideal.com\/blog\/#website","url":"https:\/\/www.carideal.com\/blog\/","name":"Blog auto Carid\u00e9al","description":"Actualit\u00e9 auto par des passionn\u00e9s","publisher":{"@id":"https:\/\/www.carideal.com\/blog\/#organization"},"potentialAction":[{"@type":"SearchAction","target":{"@type":"EntryPoint","urlTemplate":"https:\/\/www.carideal.com\/blog\/?s={search_term_string}"},"query-input":{"@type":"PropertyValueSpecification","valueRequired":true,"valueName":"search_term_string"}}],"inLanguage":"fr-FR"},{"@type":"Organization","@id":"https:\/\/www.carideal.com\/blog\/#organization","name":"Carideal","url":"https:\/\/www.carideal.com\/blog\/","logo":{"@type":"ImageObject","inLanguage":"fr-FR","@id":"https:\/\/www.carideal.com\/blog\/#\/schema\/logo\/image\/","url":"http:\/\/www.carideal.com\/blog\/wp-content\/uploads\/2016\/03\/logo-carideal-mandataire-automobile.png","contentUrl":"http:\/\/www.carideal.com\/blog\/wp-content\/uploads\/2016\/03\/logo-carideal-mandataire-automobile.png","width":300,"height":300,"caption":"Carideal"},"image":{"@id":"https:\/\/www.carideal.com\/blog\/#\/schema\/logo\/image\/"},"sameAs":["https:\/\/www.facebook.com\/Carideal.mandataire.automobile","https:\/\/x.com\/caridealauto","https:\/\/www.instagram.com\/carideal1\/","https:\/\/www.linkedin.com\/company\/carideal.com","https:\/\/fr.pinterest.com\/schiavonsas\/","https:\/\/www.youtube.com\/user\/caridealsas"]}]}},"uagb_featured_image_src":{"full":["https:\/\/www.carideal.com\/blog\/wp-content\/uploads\/2017\/09\/ferrari-portofino-2018-e1580455603981.jpg",700,467,false],"thumbnail":["https:\/\/www.carideal.com\/blog\/wp-content\/uploads\/2017\/09\/ferrari-portofino-2018-150x150.jpg",150,150,true],"medium":["https:\/\/www.carideal.com\/blog\/wp-content\/uploads\/2017\/09\/ferrari-portofino-2018-300x200.jpg",300,200,true],"medium_large":["https:\/\/www.carideal.com\/blog\/wp-content\/uploads\/2017\/09\/ferrari-portofino-2018-e1580455603981.jpg",700,467,false],"large":["https:\/\/www.carideal.com\/blog\/wp-content\/uploads\/2017\/09\/ferrari-portofino-2018-e1580455603981.jpg",700,467,false],"1536x1536":["https:\/\/www.carideal.com\/blog\/wp-content\/uploads\/2017\/09\/ferrari-portofino-2018-e1580455603981.jpg",700,467,false],"2048x2048":["https:\/\/www.carideal.com\/blog\/wp-content\/uploads\/2017\/09\/ferrari-portofino-2018-e1580455603981.jpg",700,467,false],"wppr-widget":["https:\/\/www.carideal.com\/blog\/wp-content\/uploads\/2017\/09\/ferrari-portofino-2018-e1580455603981.jpg",50,33,false]},"uagb_author_info":{"display_name":"Nicolas SCHIAVON","author_link":"https:\/\/www.carideal.com\/blog\/author\/nschiavon\/"},"uagb_comment_info":0,"uagb_excerpt":"FERRARI - Actualit\u00e9 essai Avis neuve et occasion Infos sur Ferrari | Actualit\u00e9 | Essais | Voiture d'occasion | Voiture neuve | Financement | R\u00e9vision | Offres | Guide d'achat Parmi toutes les marques prestigieuses, Carideal.com se devait de mettre en avant Ferrari. Vous trouverez sur notre site web les informations sur la marque Ferrari\u2026","_links":{"self":[{"href":"https:\/\/www.carideal.com\/blog\/wp-json\/wp\/v2\/pages\/16190"}],"collection":[{"href":"https:\/\/www.carideal.com\/blog\/wp-json\/wp\/v2\/pages"}],"about":[{"href":"https:\/\/www.carideal.com\/blog\/wp-json\/wp\/v2\/types\/page"}],"author":[{"embeddable":true,"href":"https:\/\/www.carideal.com\/blog\/wp-json\/wp\/v2\/users\/3"}],"replies":[{"embeddable":true,"href":"https:\/\/www.carideal.com\/blog\/wp-json\/wp\/v2\/comments?post=16190"}],"version-history":[{"count":0,"href":"https:\/\/www.carideal.com\/blog\/wp-json\/wp\/v2\/pages\/16190\/revisions"}],"up":[{"embeddable":true,"href":"https:\/\/www.carideal.com\/blog\/wp-json\/wp\/v2\/pages\/13389"}],"wp:featuredmedia":[{"embeddable":true,"href":"https:\/\/www.carideal.com\/blog\/wp-json\/wp\/v2\/media\/16399"}],"wp:attachment":[{"href":"https:\/\/www.carideal.com\/blog\/wp-json\/wp\/v2\/media?parent=16190"}],"curies":[{"name":"wp","href":"https:\/\/api.w.org\/{rel}","templated":true}]}}