{"id":16182,"date":"2017-05-24T20:45:34","date_gmt":"2017-05-24T18:45:34","guid":{"rendered":"http:\/\/www.carideal.com\/blog\/?page_id=16182"},"modified":"2020-01-26T19:55:08","modified_gmt":"2020-01-26T18:55:08","slug":"recharge-climatisation-gaz-r1234yf","status":"publish","type":"page","link":"https:\/\/www.carideal.com\/blog\/garage-automobile\/climatisation-automobile\/recharge-climatisation-gaz-r1234yf\/","title":{"rendered":"Recharge de Climatisation au gaz R1234YF"},"content":{"rendered":"<h2>Recharge de climatisation au Gaz R1234YF<\/h2>\n<p>Depuis 2013 un nouveau Gaz de Climatisation, le R1234YF est commercialis\u00e9, et pr\u00e9sent dans certains v\u00e9hicules.<br \/>\nCe nouveau Gaz R\u00e9frig\u00e9rant n\u00e9cessite une nouvelle machine de <strong>RECHARGE DE CLIMATISATION AU GAZ R1234YF<\/strong> et un \u00e9quipement sp\u00e9cifique.<\/p>\n<figure id=\"attachment_16184\" aria-describedby=\"caption-attachment-16184\" style=\"width: 690px\" class=\"wp-caption aligncenter\"><img loading=\"lazy\" decoding=\"async\" class=\"size-full wp-image-16184\" src=\"http:\/\/www.carideal.com\/blog\/wp-content\/uploads\/2017\/08\/recharge-climatisation-gaz-r1234yf-1-e1580064225511.jpg\" alt=\"Recharge de climatisation au Gaz R1234YF\" width=\"700\" height=\"466\" \/><figcaption id=\"caption-attachment-16184\" class=\"wp-caption-text\">Recharge de climatisation au Gaz R1234YF<\/figcaption><\/figure>\n<p>Certains <a href=\"http:\/\/www.carideal.com\/blog\/garage-automobile\/\">garages automobiles<\/a>\u00a0sont \u00e9quip\u00e9s de cette nouvelle technologie de recharge de climatisation Gaz R1234YF et est en mesure d'entretenir, recharger ou r\u00e9parer la <a href=\"http:\/\/www.carideal.com\/blog\/garage-automobile\/climatisation-automobile\/\">climatisation des v\u00e9hicules<\/a> utilisant le Gaz R-1234YF, suivant la nouvelle r\u00e8glementation en vigueur.<\/p>\n<p><strong>Professionnel ou Particulier, n'h\u00e9sitez pas \u00e0 nous contacter au <a href=\"tel:+33479330353\">04 79 33 03 53<\/a> pour une Recharge de climatisation au Gaz R1234Y\u00a0!<\/strong><\/p>\n<p>Ce gaz R1234Y, est beaucoup plus rare et a \u00e9t\u00e9 choisis car son impact carbone dans l'atmosph\u00e8re est beaucoup plus faible que l'ancien gaz de Climatisation R134A. Il ne d\u00e9truit pas la couche d'ozone et le gaz a une tr\u00e8s faible dur\u00e9e de vie dans l'atmosph\u00e8re. Il remplace donc l'ancien Gaz R134A, qui lui-m\u00eame avait remplac\u00e9 l'ancien Gaz fr\u00e9on qui \u00e9quipait m\u00eame nos r\u00e9frig\u00e9rateurs il y a fort longtemps (quoi que pas temps que \u00e7a ! \ud83d\ude09 )<\/p>\n<figure id=\"attachment_16185\" aria-describedby=\"caption-attachment-16185\" style=\"width: 560px\" class=\"wp-caption alignnone\"><img loading=\"lazy\" decoding=\"async\" class=\"wp-image-16185 size-full\" src=\"http:\/\/www.carideal.com\/blog\/wp-content\/uploads\/2017\/08\/indice-couche-ozone-gaz-clim-r1234yf.jpg\" alt=\"Indice de Couche d'Ozone du Gaz de climatisation R1234YF\" width=\"570\" height=\"190\" srcset=\"https:\/\/www.carideal.com\/blog\/wp-content\/uploads\/2017\/08\/indice-couche-ozone-gaz-clim-r1234yf.jpg 570w, https:\/\/www.carideal.com\/blog\/wp-content\/uploads\/2017\/08\/indice-couche-ozone-gaz-clim-r1234yf-300x100.jpg 300w, https:\/\/www.carideal.com\/blog\/wp-content\/uploads\/2017\/08\/indice-couche-ozone-gaz-clim-r1234yf-110x37.jpg 110w, https:\/\/www.carideal.com\/blog\/wp-content\/uploads\/2017\/08\/indice-couche-ozone-gaz-clim-r1234yf-420x140.jpg 420w, https:\/\/www.carideal.com\/blog\/wp-content\/uploads\/2017\/08\/indice-couche-ozone-gaz-clim-r1234yf-50x17.jpg 50w\" sizes=\"(max-width: 570px) 100vw, 570px\" \/><figcaption id=\"caption-attachment-16185\" class=\"wp-caption-text\">Indice de Couche d'Ozone du Gaz de climatisation R1234YF<\/figcaption><\/figure>\n<p>Son Inconv\u00e9nient ? Son Prix.<\/p>\n<p>Pour autant nous proposons toujours la recharge de climatisation \u00e0 l'ancien gaz R134A et vous pouvez b\u00e9n\u00e9ficier de notre <a href=\"http:\/\/www.carideal.com\/blog\/garage-automobile\/forfait-recharge-climatisation\/\">forfait recharge de climatisation<\/a> en <a href=\"http:\/\/www.carideal.com\/blog\/garage-automobile\/climatisation-automobile\/promotion-recharge-de-clim-59-e\/\">promotion \u00e0 partir de 59 \u20ac<\/a>. Nous effectuons un Bilan clim Gratuit en 12 points. Le <a href=\"http:\/\/www.carideal.com\/blog\/garage-automobile\/climatisation-automobile\/traitement-assainissant-climatisation\/\">forfait assainissant<\/a> est lui ausi en promotion \u00e0 19 \u20ac.<\/p>\n<h2>La liste des voitures n\u00e9cessitant une recharge de climatisation au Gaz R1234YF s'allonge :<\/h2>\n<figure id=\"attachment_16186\" aria-describedby=\"caption-attachment-16186\" style=\"width: 690px\" class=\"wp-caption alignnone\"><img loading=\"lazy\" decoding=\"async\" class=\"wp-image-16186 size-full\" src=\"http:\/\/www.carideal.com\/blog\/wp-content\/uploads\/2017\/08\/recharge-de-clim-gaz-R1234YF-e1580064427433.jpg\" alt=\"Recharge de clim gaz 1234YF\" width=\"700\" height=\"466\" \/><figcaption id=\"caption-attachment-16186\" class=\"wp-caption-text\">Recharge de clim gaz 1234YF<\/figcaption><\/figure>\n<h3>V\u00e9hicules utilisant ce nouveau Gaz de Climatisation R1234YF :<\/h3>\n<p><a href=\"http:\/\/www.carideal.com\/blog\/2014\/08\/30\/la-nouvelle-citroen-c1-plus-joviale\/\">Nouvelle Citro\u00ebn C1<\/a> \/ <a href=\"http:\/\/www.carideal.com\/blog\/2013\/06\/05\/nouveau-citroen-c4-picasso\/\">Nouveau Citro\u00ebn C4 Picasso<\/a> \/ <a href=\"http:\/\/www.carideal.com\/blog\/2014\/03\/15\/ouverture-des-commandes-du-citroen-c4-cactus\/\">Citro\u00ebn C4 Cactus<\/a> \/ <a href=\"http:\/\/www.carideal.com\/blog\/2016\/03\/19\/commercialisation-de-la-citroen-c-elysee\/\">Citroen C-Elys\u00e9e<\/a> \/ <a href=\"http:\/\/www.carideal.com\/blog\/2016\/03\/31\/commercialisation-du-nouveau-citroen-jumpy\/\">Citroen Jumpy<\/a> \/ <a href=\"http:\/\/www.carideal.com\/blog\/2015\/12\/02\/nouveau-citroen-space-tourer\/\">Citroen SpaceTourer<\/a><br \/>\n<a href=\"http:\/\/www.carideal.com\/blog\/2013\/09\/05\/quel-renault-captur-choisir\/\">Renault Captur<\/a> \/ <a href=\"http:\/\/www.carideal.com\/blog\/2013\/04\/12\/essai-video-renault-zoe-voiture-electrique\/\">Renault Zoe<\/a><br \/>\n<a href=\"http:\/\/www.carideal.com\/blog\/2012\/04\/08\/opel-moka\/\">Opel Mokka<\/a><br \/>\n<a href=\"http:\/\/www.carideal.com\/blog\/2012\/03\/22\/hyundai-i30\/\">Hyunda\u00ef I30<\/a> \/ <a href=\"http:\/\/www.carideal.com\/blog\/2013\/09\/17\/hyundai-santa-fe-2013\/\">Hyunda\u00ef Santa Fe<\/a><br \/>\n<a href=\"http:\/\/www.carideal.com\/blog\/2012\/06\/18\/la-ceed-de-kia\/\">Kia Cee'd<\/a> \/ <a href=\"http:\/\/www.carideal.com\/blog\/2015\/02\/22\/kia-sorento-2015\/\">Kia Sorento<\/a><br \/>\n<a href=\"http:\/\/www.carideal.com\/blog\/2015\/09\/09\/nouvelle-toyota-prius-4-presentee-a-las-vegas\/\">Toyota Prius<\/a><br \/>\n<a href=\"http:\/\/www.carideal.com\/blog\/2013\/01\/14\/derniere-technologie\/\">Mazda CX5<\/a><br \/>\n<a href=\"http:\/\/www.carideal.com\/blog\/2015\/05\/30\/nouveau-ford-transit-courier\/\">Ford Transit<\/a><br \/>\n<a href=\"http:\/\/www.carideal.com\/blog\/2013\/01\/10\/land-rover-range-rover-44-de-luxe\/\">Land Rover Range Rover<\/a><br \/>\n<a href=\"http:\/\/www.carideal.com\/blog\/2013\/03\/03\/maserati-quattroporte\/\">Maserati Quattroporte<\/a> et la liste s'allonge tout les mois.<\/p>\n<p>Les prix mentionn\u00e9s ici ne concernent pas la recharge de climatisation au gaz R1234YF, et <a href=\"http:\/\/www.carideal.com\/blog\/contactez-nous\/\">contactez nous<\/a> en ligne.<\/p>\n","protected":false},"excerpt":{"rendered":"<p>Recharge de climatisation au Gaz R1234YF Depuis 2013 un nouveau Gaz de Climatisation, le R1234YF est commercialis\u00e9, et pr\u00e9sent dans certains v\u00e9hicules. Ce nouveau Gaz R\u00e9frig\u00e9rant n\u00e9cessite une nouvelle machine de RECHARGE DE CLIMATISATION AU GAZ R1234YF et un \u00e9quipement sp\u00e9cifique. Certains garages automobiles\u00a0sont \u00e9quip\u00e9s de cette nouvelle technologie de recharge de climatisation Gaz R1234YF &#8230; <a title=\"Recharge de Climatisation au gaz R1234YF\" class=\"read-more\" href=\"https:\/\/www.carideal.com\/blog\/garage-automobile\/climatisation-automobile\/recharge-climatisation-gaz-r1234yf\/\" aria-label=\"En savoir plus sur Recharge de Climatisation au gaz R1234YF\">Lire plus<\/a><\/p>\n","protected":false},"author":3,"featured_media":16184,"parent":15780,"menu_order":0,"comment_status":"closed","ping_status":"closed","template":"","meta":{"_uag_custom_page_level_css":"","_themeisle_gutenberg_block_has_review":false,"footnotes":""},"class_list":["post-16182","page","type-page","status-publish","has-post-thumbnail"],"wppr_data":{"cwp_meta_box_check":"No","cwp_rev_product_name":"Traitement assainissement","cwp_rev_product_image":"http:\/\/www.carideal.com\/blog\/wp-content\/uploads\/2017\/08\/traitement-assainissant-climatisation-1-e1501563720322.jpg","cwp_image_link":"image","cwp_rev_price":"19 \u20ac","wppr_rating":"0.00"},"yoast_head":"<!-- This site is optimized with the Yoast SEO plugin v24.8.1 - https:\/\/yoast.com\/wordpress\/plugins\/seo\/ -->\n<title>Recharge de Climatisation au gaz R1234YF - Blog auto Carid\u00e9al<\/title>\n<meta name=\"description\" content=\"Recharge de climatisation au Gaz R1234YF Depuis 2013 un nouveau Gaz de Climatisation, le R1234YF est commercialis\u00e9, et pr\u00e9sent dans certains v\u00e9hicules.\" \/>\n<meta name=\"robots\" content=\"index, follow, max-snippet:-1, max-image-preview:large, max-video-preview:-1\" \/>\n<link rel=\"canonical\" href=\"https:\/\/www.carideal.com\/blog\/garage-automobile\/climatisation-automobile\/recharge-climatisation-gaz-r1234yf\/\" \/>\n<meta property=\"og:locale\" content=\"fr_FR\" \/>\n<meta property=\"og:type\" content=\"article\" \/>\n<meta property=\"og:title\" content=\"Recharge de Climatisation au gaz R1234YF - Blog auto Carid\u00e9al\" \/>\n<meta property=\"og:description\" content=\"Recharge de climatisation au Gaz R1234YF Depuis 2013 un nouveau Gaz de Climatisation, le R1234YF est commercialis\u00e9, et pr\u00e9sent dans certains v\u00e9hicules.\" \/>\n<meta property=\"og:url\" content=\"https:\/\/www.carideal.com\/blog\/garage-automobile\/climatisation-automobile\/recharge-climatisation-gaz-r1234yf\/\" \/>\n<meta property=\"og:site_name\" content=\"Blog auto Carid\u00e9al\" \/>\n<meta property=\"article:publisher\" content=\"https:\/\/www.facebook.com\/Carideal.mandataire.automobile\" \/>\n<meta property=\"article:modified_time\" content=\"2020-01-26T18:55:08+00:00\" \/>\n<meta property=\"og:image\" content=\"https:\/\/www.carideal.com\/blog\/wp-content\/uploads\/2017\/08\/recharge-climatisation-gaz-r1234yf-1-e1580064225511.jpg\" \/>\n\t<meta property=\"og:image:width\" content=\"700\" \/>\n\t<meta property=\"og:image:height\" content=\"466\" \/>\n\t<meta property=\"og:image:type\" content=\"image\/jpeg\" \/>\n<meta name=\"twitter:card\" content=\"summary_large_image\" \/>\n<meta name=\"twitter:site\" content=\"@caridealauto\" \/>\n<meta name=\"twitter:label1\" content=\"Dur\u00e9e de lecture estim\u00e9e\" \/>\n\t<meta name=\"twitter:data1\" content=\"2 minutes\" \/>\n<script type=\"application\/ld+json\" class=\"yoast-schema-graph\">{\"@context\":\"https:\/\/schema.org\",\"@graph\":[{\"@type\":\"WebPage\",\"@id\":\"https:\/\/www.carideal.com\/blog\/garage-automobile\/climatisation-automobile\/recharge-climatisation-gaz-r1234yf\/\",\"url\":\"https:\/\/www.carideal.com\/blog\/garage-automobile\/climatisation-automobile\/recharge-climatisation-gaz-r1234yf\/\",\"name\":\"Recharge de Climatisation au gaz R1234YF - Blog auto Carid\u00e9al\",\"isPartOf\":{\"@id\":\"https:\/\/www.carideal.com\/blog\/#website\"},\"primaryImageOfPage\":{\"@id\":\"https:\/\/www.carideal.com\/blog\/garage-automobile\/climatisation-automobile\/recharge-climatisation-gaz-r1234yf\/#primaryimage\"},\"image\":{\"@id\":\"https:\/\/www.carideal.com\/blog\/garage-automobile\/climatisation-automobile\/recharge-climatisation-gaz-r1234yf\/#primaryimage\"},\"thumbnailUrl\":\"https:\/\/www.carideal.com\/blog\/wp-content\/uploads\/2017\/08\/recharge-climatisation-gaz-r1234yf-1-e1580064225511.jpg\",\"datePublished\":\"2017-05-24T18:45:34+00:00\",\"dateModified\":\"2020-01-26T18:55:08+00:00\",\"description\":\"Recharge de climatisation au Gaz R1234YF Depuis 2013 un nouveau Gaz de Climatisation, le R1234YF est commercialis\u00e9, et pr\u00e9sent dans certains v\u00e9hicules.\",\"breadcrumb\":{\"@id\":\"https:\/\/www.carideal.com\/blog\/garage-automobile\/climatisation-automobile\/recharge-climatisation-gaz-r1234yf\/#breadcrumb\"},\"inLanguage\":\"fr-FR\",\"potentialAction\":[{\"@type\":\"ReadAction\",\"target\":[\"https:\/\/www.carideal.com\/blog\/garage-automobile\/climatisation-automobile\/recharge-climatisation-gaz-r1234yf\/\"]}]},{\"@type\":\"ImageObject\",\"inLanguage\":\"fr-FR\",\"@id\":\"https:\/\/www.carideal.com\/blog\/garage-automobile\/climatisation-automobile\/recharge-climatisation-gaz-r1234yf\/#primaryimage\",\"url\":\"https:\/\/www.carideal.com\/blog\/wp-content\/uploads\/2017\/08\/recharge-climatisation-gaz-r1234yf-1-e1580064225511.jpg\",\"contentUrl\":\"https:\/\/www.carideal.com\/blog\/wp-content\/uploads\/2017\/08\/recharge-climatisation-gaz-r1234yf-1-e1580064225511.jpg\",\"width\":700,\"height\":466,\"caption\":\"Recharge de climatisation au Gaz R1234YF\"},{\"@type\":\"BreadcrumbList\",\"@id\":\"https:\/\/www.carideal.com\/blog\/garage-automobile\/climatisation-automobile\/recharge-climatisation-gaz-r1234yf\/#breadcrumb\",\"itemListElement\":[{\"@type\":\"ListItem\",\"position\":1,\"name\":\"Blog Carid\u00e9al\",\"item\":\"https:\/\/www.carideal.com\/blog\/\"},{\"@type\":\"ListItem\",\"position\":2,\"name\":\"Garage Automobile\",\"item\":\"https:\/\/www.carideal.com\/blog\/garage-automobile\/\"},{\"@type\":\"ListItem\",\"position\":3,\"name\":\"Climatisation\",\"item\":\"https:\/\/www.carideal.com\/blog\/garage-automobile\/climatisation-automobile\/\"},{\"@type\":\"ListItem\",\"position\":4,\"name\":\"Recharge de Climatisation au gaz R1234YF\"}]},{\"@type\":\"WebSite\",\"@id\":\"https:\/\/www.carideal.com\/blog\/#website\",\"url\":\"https:\/\/www.carideal.com\/blog\/\",\"name\":\"Blog auto Carid\u00e9al\",\"description\":\"Actualit\u00e9 auto par des passionn\u00e9s\",\"publisher\":{\"@id\":\"https:\/\/www.carideal.com\/blog\/#organization\"},\"potentialAction\":[{\"@type\":\"SearchAction\",\"target\":{\"@type\":\"EntryPoint\",\"urlTemplate\":\"https:\/\/www.carideal.com\/blog\/?s={search_term_string}\"},\"query-input\":{\"@type\":\"PropertyValueSpecification\",\"valueRequired\":true,\"valueName\":\"search_term_string\"}}],\"inLanguage\":\"fr-FR\"},{\"@type\":\"Organization\",\"@id\":\"https:\/\/www.carideal.com\/blog\/#organization\",\"name\":\"Carideal\",\"url\":\"https:\/\/www.carideal.com\/blog\/\",\"logo\":{\"@type\":\"ImageObject\",\"inLanguage\":\"fr-FR\",\"@id\":\"https:\/\/www.carideal.com\/blog\/#\/schema\/logo\/image\/\",\"url\":\"http:\/\/www.carideal.com\/blog\/wp-content\/uploads\/2016\/03\/logo-carideal-mandataire-automobile.png\",\"contentUrl\":\"http:\/\/www.carideal.com\/blog\/wp-content\/uploads\/2016\/03\/logo-carideal-mandataire-automobile.png\",\"width\":300,\"height\":300,\"caption\":\"Carideal\"},\"image\":{\"@id\":\"https:\/\/www.carideal.com\/blog\/#\/schema\/logo\/image\/\"},\"sameAs\":[\"https:\/\/www.facebook.com\/Carideal.mandataire.automobile\",\"https:\/\/x.com\/caridealauto\",\"https:\/\/www.instagram.com\/carideal1\/\",\"https:\/\/www.linkedin.com\/company\/carideal.com\",\"https:\/\/fr.pinterest.com\/schiavonsas\/\",\"https:\/\/www.youtube.com\/user\/caridealsas\"]}]}<\/script>\n<!-- \/ Yoast SEO plugin. -->","yoast_head_json":{"title":"Recharge de Climatisation au gaz R1234YF - Blog auto Carid\u00e9al","description":"Recharge de climatisation au Gaz R1234YF Depuis 2013 un nouveau Gaz de Climatisation, le R1234YF est commercialis\u00e9, et pr\u00e9sent dans certains v\u00e9hicules.","robots":{"index":"index","follow":"follow","max-snippet":"max-snippet:-1","max-image-preview":"max-image-preview:large","max-video-preview":"max-video-preview:-1"},"canonical":"https:\/\/www.carideal.com\/blog\/garage-automobile\/climatisation-automobile\/recharge-climatisation-gaz-r1234yf\/","og_locale":"fr_FR","og_type":"article","og_title":"Recharge de Climatisation au gaz R1234YF - Blog auto Carid\u00e9al","og_description":"Recharge de climatisation au Gaz R1234YF Depuis 2013 un nouveau Gaz de Climatisation, le R1234YF est commercialis\u00e9, et pr\u00e9sent dans certains v\u00e9hicules.","og_url":"https:\/\/www.carideal.com\/blog\/garage-automobile\/climatisation-automobile\/recharge-climatisation-gaz-r1234yf\/","og_site_name":"Blog auto Carid\u00e9al","article_publisher":"https:\/\/www.facebook.com\/Carideal.mandataire.automobile","article_modified_time":"2020-01-26T18:55:08+00:00","og_image":[{"width":700,"height":466,"url":"https:\/\/www.carideal.com\/blog\/wp-content\/uploads\/2017\/08\/recharge-climatisation-gaz-r1234yf-1-e1580064225511.jpg","type":"image\/jpeg"}],"twitter_card":"summary_large_image","twitter_site":"@caridealauto","twitter_misc":{"Dur\u00e9e de lecture estim\u00e9e":"2 minutes"},"schema":{"@context":"https:\/\/schema.org","@graph":[{"@type":"WebPage","@id":"https:\/\/www.carideal.com\/blog\/garage-automobile\/climatisation-automobile\/recharge-climatisation-gaz-r1234yf\/","url":"https:\/\/www.carideal.com\/blog\/garage-automobile\/climatisation-automobile\/recharge-climatisation-gaz-r1234yf\/","name":"Recharge de Climatisation au gaz R1234YF - Blog auto Carid\u00e9al","isPartOf":{"@id":"https:\/\/www.carideal.com\/blog\/#website"},"primaryImageOfPage":{"@id":"https:\/\/www.carideal.com\/blog\/garage-automobile\/climatisation-automobile\/recharge-climatisation-gaz-r1234yf\/#primaryimage"},"image":{"@id":"https:\/\/www.carideal.com\/blog\/garage-automobile\/climatisation-automobile\/recharge-climatisation-gaz-r1234yf\/#primaryimage"},"thumbnailUrl":"https:\/\/www.carideal.com\/blog\/wp-content\/uploads\/2017\/08\/recharge-climatisation-gaz-r1234yf-1-e1580064225511.jpg","datePublished":"2017-05-24T18:45:34+00:00","dateModified":"2020-01-26T18:55:08+00:00","description":"Recharge de climatisation au Gaz R1234YF Depuis 2013 un nouveau Gaz de Climatisation, le R1234YF est commercialis\u00e9, et pr\u00e9sent dans certains v\u00e9hicules.","breadcrumb":{"@id":"https:\/\/www.carideal.com\/blog\/garage-automobile\/climatisation-automobile\/recharge-climatisation-gaz-r1234yf\/#breadcrumb"},"inLanguage":"fr-FR","potentialAction":[{"@type":"ReadAction","target":["https:\/\/www.carideal.com\/blog\/garage-automobile\/climatisation-automobile\/recharge-climatisation-gaz-r1234yf\/"]}]},{"@type":"ImageObject","inLanguage":"fr-FR","@id":"https:\/\/www.carideal.com\/blog\/garage-automobile\/climatisation-automobile\/recharge-climatisation-gaz-r1234yf\/#primaryimage","url":"https:\/\/www.carideal.com\/blog\/wp-content\/uploads\/2017\/08\/recharge-climatisation-gaz-r1234yf-1-e1580064225511.jpg","contentUrl":"https:\/\/www.carideal.com\/blog\/wp-content\/uploads\/2017\/08\/recharge-climatisation-gaz-r1234yf-1-e1580064225511.jpg","width":700,"height":466,"caption":"Recharge de climatisation au Gaz R1234YF"},{"@type":"BreadcrumbList","@id":"https:\/\/www.carideal.com\/blog\/garage-automobile\/climatisation-automobile\/recharge-climatisation-gaz-r1234yf\/#breadcrumb","itemListElement":[{"@type":"ListItem","position":1,"name":"Blog Carid\u00e9al","item":"https:\/\/www.carideal.com\/blog\/"},{"@type":"ListItem","position":2,"name":"Garage Automobile","item":"https:\/\/www.carideal.com\/blog\/garage-automobile\/"},{"@type":"ListItem","position":3,"name":"Climatisation","item":"https:\/\/www.carideal.com\/blog\/garage-automobile\/climatisation-automobile\/"},{"@type":"ListItem","position":4,"name":"Recharge de Climatisation au gaz R1234YF"}]},{"@type":"WebSite","@id":"https:\/\/www.carideal.com\/blog\/#website","url":"https:\/\/www.carideal.com\/blog\/","name":"Blog auto Carid\u00e9al","description":"Actualit\u00e9 auto par des passionn\u00e9s","publisher":{"@id":"https:\/\/www.carideal.com\/blog\/#organization"},"potentialAction":[{"@type":"SearchAction","target":{"@type":"EntryPoint","urlTemplate":"https:\/\/www.carideal.com\/blog\/?s={search_term_string}"},"query-input":{"@type":"PropertyValueSpecification","valueRequired":true,"valueName":"search_term_string"}}],"inLanguage":"fr-FR"},{"@type":"Organization","@id":"https:\/\/www.carideal.com\/blog\/#organization","name":"Carideal","url":"https:\/\/www.carideal.com\/blog\/","logo":{"@type":"ImageObject","inLanguage":"fr-FR","@id":"https:\/\/www.carideal.com\/blog\/#\/schema\/logo\/image\/","url":"http:\/\/www.carideal.com\/blog\/wp-content\/uploads\/2016\/03\/logo-carideal-mandataire-automobile.png","contentUrl":"http:\/\/www.carideal.com\/blog\/wp-content\/uploads\/2016\/03\/logo-carideal-mandataire-automobile.png","width":300,"height":300,"caption":"Carideal"},"image":{"@id":"https:\/\/www.carideal.com\/blog\/#\/schema\/logo\/image\/"},"sameAs":["https:\/\/www.facebook.com\/Carideal.mandataire.automobile","https:\/\/x.com\/caridealauto","https:\/\/www.instagram.com\/carideal1\/","https:\/\/www.linkedin.com\/company\/carideal.com","https:\/\/fr.pinterest.com\/schiavonsas\/","https:\/\/www.youtube.com\/user\/caridealsas"]}]}},"uagb_featured_image_src":{"full":["https:\/\/www.carideal.com\/blog\/wp-content\/uploads\/2017\/08\/recharge-climatisation-gaz-r1234yf-1-e1580064225511.jpg",700,466,false],"thumbnail":["https:\/\/www.carideal.com\/blog\/wp-content\/uploads\/2017\/08\/recharge-climatisation-gaz-r1234yf-1-150x150.jpg",150,150,true],"medium":["https:\/\/www.carideal.com\/blog\/wp-content\/uploads\/2017\/08\/recharge-climatisation-gaz-r1234yf-1-300x200.jpg",300,200,true],"medium_large":["https:\/\/www.carideal.com\/blog\/wp-content\/uploads\/2017\/08\/recharge-climatisation-gaz-r1234yf-1-768x511.jpg",768,511,true],"large":["https:\/\/www.carideal.com\/blog\/wp-content\/uploads\/2017\/08\/recharge-climatisation-gaz-r1234yf-1-e1580064225511.jpg",700,466,false],"1536x1536":["https:\/\/www.carideal.com\/blog\/wp-content\/uploads\/2017\/08\/recharge-climatisation-gaz-r1234yf-1-e1580064225511.jpg",700,466,false],"2048x2048":["https:\/\/www.carideal.com\/blog\/wp-content\/uploads\/2017\/08\/recharge-climatisation-gaz-r1234yf-1-e1580064225511.jpg",700,466,false],"wppr-widget":["https:\/\/www.carideal.com\/blog\/wp-content\/uploads\/2017\/08\/recharge-climatisation-gaz-r1234yf-1-e1580064225511.jpg",50,33,false]},"uagb_author_info":{"display_name":"Nicolas SCHIAVON","author_link":"https:\/\/www.carideal.com\/blog\/author\/nschiavon\/"},"uagb_comment_info":0,"uagb_excerpt":"Recharge de climatisation au Gaz R1234YF Depuis 2013 un nouveau Gaz de Climatisation, le R1234YF est commercialis\u00e9, et pr\u00e9sent dans certains v\u00e9hicules. Ce nouveau Gaz R\u00e9frig\u00e9rant n\u00e9cessite une nouvelle machine de RECHARGE DE CLIMATISATION AU GAZ R1234YF et un \u00e9quipement sp\u00e9cifique. Certains garages automobiles\u00a0sont \u00e9quip\u00e9s de cette nouvelle technologie de recharge de climatisation Gaz R1234YF\u2026","_links":{"self":[{"href":"https:\/\/www.carideal.com\/blog\/wp-json\/wp\/v2\/pages\/16182"}],"collection":[{"href":"https:\/\/www.carideal.com\/blog\/wp-json\/wp\/v2\/pages"}],"about":[{"href":"https:\/\/www.carideal.com\/blog\/wp-json\/wp\/v2\/types\/page"}],"author":[{"embeddable":true,"href":"https:\/\/www.carideal.com\/blog\/wp-json\/wp\/v2\/users\/3"}],"replies":[{"embeddable":true,"href":"https:\/\/www.carideal.com\/blog\/wp-json\/wp\/v2\/comments?post=16182"}],"version-history":[{"count":0,"href":"https:\/\/www.carideal.com\/blog\/wp-json\/wp\/v2\/pages\/16182\/revisions"}],"up":[{"embeddable":true,"href":"https:\/\/www.carideal.com\/blog\/wp-json\/wp\/v2\/pages\/15780"}],"wp:featuredmedia":[{"embeddable":true,"href":"https:\/\/www.carideal.com\/blog\/wp-json\/wp\/v2\/media\/16184"}],"wp:attachment":[{"href":"https:\/\/www.carideal.com\/blog\/wp-json\/wp\/v2\/media?parent=16182"}],"curies":[{"name":"wp","href":"https:\/\/api.w.org\/{rel}","templated":true}]}}