{"id":16117,"date":"2012-07-05T09:54:31","date_gmt":"2012-07-05T07:54:31","guid":{"rendered":"http:\/\/www.carideal.com\/blog\/?page_id=16117"},"modified":"2020-01-26T19:40:12","modified_gmt":"2020-01-26T18:40:12","slug":"promotion-recharge-de-clim-59-e","status":"publish","type":"page","link":"https:\/\/www.carideal.com\/blog\/garage-automobile\/climatisation-automobile\/promotion-recharge-de-clim-59-e\/","title":{"rendered":"Promotion recharge de clim 59 \u20ac"},"content":{"rendered":"<h2>PROMOTION RECHARGE DE CLIM<\/h2>\n<p>Notre expertise dans la climatisation nous permet de vous offrir une <strong>PROMOTION RECHARGE DE CLIM<\/strong> \u00e0 59 \u20ac au lieu de 89 \u20ac.<\/p>\n<figure id=\"attachment_16118\" aria-describedby=\"caption-attachment-16118\" style=\"width: 390px\" class=\"wp-caption aligncenter\"><img loading=\"lazy\" decoding=\"async\" class=\"size-full wp-image-16118\" src=\"http:\/\/www.carideal.com\/blog\/wp-content\/uploads\/2017\/05\/promotion-recharge-clim-2016-e1495958656378.jpg\" alt=\"Promotion recharge de Clim\" width=\"400\" height=\"555\" \/><figcaption id=\"caption-attachment-16118\" class=\"wp-caption-text\">Promotion recharge de Clim<\/figcaption><\/figure>\n<p>Nous sommes un garage agr\u00e9\u00e9 <a href=\"http:\/\/www.carideal.com\/blog\/garage-automobile\/climatisation-automobile\/\">climatisation<\/a> suivant la r\u00e9glementation en vigueur.<\/p>\n<p>Votre voiture prend de l'\u00e2ge et le gaz r\u00e9frig\u00e9rant de votre climatisation automobile est extr\u00eamement volatile. Il est donc normal que votre climatisation perde de son efficacit\u00e9 apr\u00e8s quelques ann\u00e9es, il faut donc effectuer une recharge de clim.<\/p>\n<p>Notre <a href=\"http:\/\/www.carideal.com\/blog\/garage-automobile\/\">garage automobile<\/a>\u00a0s'est pour cela \u00e9quip\u00e9 de plusieurs appareils de recharge de clim, afin de g\u00e9rer au mieux les quantit\u00e9s de gaz r\u00e9cup\u00e9r\u00e9s, trait\u00e9s et inject\u00e9s dans votre climatisation.<\/p>\n<p>La prix de l'ancien gaz de climatisation R134A ayant bien baiss\u00e9, et la technique nous permettant d'utiliser moins de gaz et de le recycler, nous vous proposons une PROMOTION RECHARGE DE CLIM \u00e0 59 \u20ac.<\/p>\n<p><strong><a href=\"http:\/\/www.carideal.com\/blog\/contactez-nous\/\">CONTACTEZ NOUS<\/a> POUR LA PROMOTION RECHARGE DE CLIM 04 79 33 03 53<\/strong><\/p>\n<p>En Mai le Bilan Climatisation est offert et la recharge est propos\u00e9e \u00e0 59 \u20ac au lieu de 89 \u20ac !<\/p>\n<h2>Contr\u00f4les Visuels et dynamiques lors de la promotion recharge de clim<\/h2>\n<ul>\n<li>Fonctionnement de l'embrayage du compresseur de climatisation<\/li>\n<li>\u00c9tat de la courroie du compresseur de climatisation<\/li>\n<li>\u00c9tat g\u00e9n\u00e9ral des canalisations<\/li>\n<li>\u00c9tat de la face avant du v\u00e9hicule, groupe motoventilateur, condenseur, etc.<\/li>\n<li>Contr\u00f4le du filtre \u00e0 pollen.<\/li>\n<li>Mesure de la temp\u00e9rature de sortie de bouche de Climatisation apr\u00e8s la promotion recharge de climatisation.<\/li>\n<li>Mesure de l'efficacit\u00e9 de la climatisation apr\u00e8s la promotion recharge de climatisation.<\/li>\n<\/ul>\n<h2>Pr\u00e9conisations suite \u00e0 la promotion recharge de clim et son bilan offert<\/h2>\n<ul>\n<li>Remplacement du filtre \u00e0 Pollen si besoin<\/li>\n<li><a href=\"http:\/\/www.carideal.com\/blog\/garage-automobile\/climatisation-automobile\/traitement-assainissant-climatisation\/\">Traitement antibact\u00e9rien du circuit de climatisation<\/a><\/li>\n<li>Recherche de panne dans le circuit de climatisation<\/li>\n<\/ul>\n<figure id=\"attachment_16119\" aria-describedby=\"caption-attachment-16119\" style=\"width: 590px\" class=\"wp-caption alignleft\"><img loading=\"lazy\" decoding=\"async\" class=\"wp-image-16119 size-full\" src=\"http:\/\/www.carideal.com\/blog\/wp-content\/uploads\/2017\/05\/CLIM-BANDEROLE-2016-e1495958765877.jpg\" alt=\"Promotion recharge de Clim\" width=\"600\" height=\"137\" \/><figcaption id=\"caption-attachment-16119\" class=\"wp-caption-text\">Promotion recharge de Clim<\/figcaption><\/figure>\n<p>Attention cette offre ne couvre pas les nouveaux <a href=\"http:\/\/www.carideal.com\/blog\/garage-automobile\/climatisation-automobile\/recharge-climatisation-gaz-r1234yf\/\">gaz R1234yf<\/a>. Nous nous sommes \u00e9quip\u00e9 d'un appareil de recharge de climatisation pour ce nouveau gaz.<\/p>\n","protected":false},"excerpt":{"rendered":"<p>PROMOTION RECHARGE DE CLIM Notre expertise dans la climatisation nous permet de vous offrir une PROMOTION RECHARGE DE CLIM \u00e0 59 \u20ac au lieu de 89 \u20ac. Nous sommes un garage agr\u00e9\u00e9 climatisation suivant la r\u00e9glementation en vigueur. Votre voiture prend de l&rsquo;\u00e2ge et le gaz r\u00e9frig\u00e9rant de votre climatisation automobile est extr\u00eamement volatile. Il &#8230; <a title=\"Promotion recharge de clim 59 \u20ac\" class=\"read-more\" href=\"https:\/\/www.carideal.com\/blog\/garage-automobile\/climatisation-automobile\/promotion-recharge-de-clim-59-e\/\" aria-label=\"En savoir plus sur Promotion recharge de clim 59 \u20ac\">Lire plus<\/a><\/p>\n","protected":false},"author":3,"featured_media":16118,"parent":15780,"menu_order":0,"comment_status":"closed","ping_status":"closed","template":"","meta":{"_uag_custom_page_level_css":"","_themeisle_gutenberg_block_has_review":false,"footnotes":""},"class_list":["post-16117","page","type-page","status-publish","has-post-thumbnail"],"wppr_data":{"cwp_meta_box_check":"No"},"yoast_head":"<!-- This site is optimized with the Yoast SEO plugin v24.8.1 - https:\/\/yoast.com\/wordpress\/plugins\/seo\/ -->\n<title>Promotion recharge de clim 59 \u20ac - Blog auto Carid\u00e9al<\/title>\n<meta name=\"description\" content=\"Notre expertise dans l&#039;entretien de la climatisation vousnous permet de vous offrir une PROMOTION RECHARGE DE CLIM \u00e0 59 \u20ac au lieu de 89 \u20ac\" \/>\n<meta name=\"robots\" content=\"index, follow, max-snippet:-1, max-image-preview:large, max-video-preview:-1\" \/>\n<link rel=\"canonical\" href=\"https:\/\/www.carideal.com\/blog\/garage-automobile\/climatisation-automobile\/promotion-recharge-de-clim-59-e\/\" \/>\n<meta property=\"og:locale\" content=\"fr_FR\" \/>\n<meta property=\"og:type\" content=\"article\" \/>\n<meta property=\"og:title\" content=\"Promotion recharge de clim 59 \u20ac - Blog auto Carid\u00e9al\" \/>\n<meta property=\"og:description\" content=\"Notre expertise dans l&#039;entretien de la climatisation vousnous permet de vous offrir une PROMOTION RECHARGE DE CLIM \u00e0 59 \u20ac au lieu de 89 \u20ac\" \/>\n<meta property=\"og:url\" content=\"https:\/\/www.carideal.com\/blog\/garage-automobile\/climatisation-automobile\/promotion-recharge-de-clim-59-e\/\" \/>\n<meta property=\"og:site_name\" content=\"Blog auto Carid\u00e9al\" \/>\n<meta property=\"article:publisher\" content=\"https:\/\/www.facebook.com\/Carideal.mandataire.automobile\" \/>\n<meta property=\"article:modified_time\" content=\"2020-01-26T18:40:12+00:00\" \/>\n<meta property=\"og:image\" content=\"https:\/\/www.carideal.com\/blog\/wp-content\/uploads\/2017\/05\/promotion-recharge-clim-2016-e1495958656378.jpg\" \/>\n\t<meta property=\"og:image:width\" content=\"400\" \/>\n\t<meta property=\"og:image:height\" content=\"555\" \/>\n\t<meta property=\"og:image:type\" content=\"image\/jpeg\" \/>\n<meta name=\"twitter:card\" content=\"summary_large_image\" \/>\n<meta name=\"twitter:site\" content=\"@caridealauto\" \/>\n<meta name=\"twitter:label1\" content=\"Dur\u00e9e de lecture estim\u00e9e\" \/>\n\t<meta name=\"twitter:data1\" content=\"2 minutes\" \/>\n<script type=\"application\/ld+json\" class=\"yoast-schema-graph\">{\"@context\":\"https:\/\/schema.org\",\"@graph\":[{\"@type\":\"WebPage\",\"@id\":\"https:\/\/www.carideal.com\/blog\/garage-automobile\/climatisation-automobile\/promotion-recharge-de-clim-59-e\/\",\"url\":\"https:\/\/www.carideal.com\/blog\/garage-automobile\/climatisation-automobile\/promotion-recharge-de-clim-59-e\/\",\"name\":\"Promotion recharge de clim 59 \u20ac - Blog auto Carid\u00e9al\",\"isPartOf\":{\"@id\":\"https:\/\/www.carideal.com\/blog\/#website\"},\"primaryImageOfPage\":{\"@id\":\"https:\/\/www.carideal.com\/blog\/garage-automobile\/climatisation-automobile\/promotion-recharge-de-clim-59-e\/#primaryimage\"},\"image\":{\"@id\":\"https:\/\/www.carideal.com\/blog\/garage-automobile\/climatisation-automobile\/promotion-recharge-de-clim-59-e\/#primaryimage\"},\"thumbnailUrl\":\"https:\/\/www.carideal.com\/blog\/wp-content\/uploads\/2017\/05\/promotion-recharge-clim-2016-e1495958656378.jpg\",\"datePublished\":\"2012-07-05T07:54:31+00:00\",\"dateModified\":\"2020-01-26T18:40:12+00:00\",\"description\":\"Notre expertise dans l'entretien de la climatisation vousnous permet de vous offrir une PROMOTION RECHARGE DE CLIM \u00e0 59 \u20ac au lieu de 89 \u20ac\",\"breadcrumb\":{\"@id\":\"https:\/\/www.carideal.com\/blog\/garage-automobile\/climatisation-automobile\/promotion-recharge-de-clim-59-e\/#breadcrumb\"},\"inLanguage\":\"fr-FR\",\"potentialAction\":[{\"@type\":\"ReadAction\",\"target\":[\"https:\/\/www.carideal.com\/blog\/garage-automobile\/climatisation-automobile\/promotion-recharge-de-clim-59-e\/\"]}]},{\"@type\":\"ImageObject\",\"inLanguage\":\"fr-FR\",\"@id\":\"https:\/\/www.carideal.com\/blog\/garage-automobile\/climatisation-automobile\/promotion-recharge-de-clim-59-e\/#primaryimage\",\"url\":\"https:\/\/www.carideal.com\/blog\/wp-content\/uploads\/2017\/05\/promotion-recharge-clim-2016-e1495958656378.jpg\",\"contentUrl\":\"https:\/\/www.carideal.com\/blog\/wp-content\/uploads\/2017\/05\/promotion-recharge-clim-2016-e1495958656378.jpg\",\"width\":400,\"height\":555,\"caption\":\"Promotion recharge de Clim\"},{\"@type\":\"BreadcrumbList\",\"@id\":\"https:\/\/www.carideal.com\/blog\/garage-automobile\/climatisation-automobile\/promotion-recharge-de-clim-59-e\/#breadcrumb\",\"itemListElement\":[{\"@type\":\"ListItem\",\"position\":1,\"name\":\"Blog Carid\u00e9al\",\"item\":\"https:\/\/www.carideal.com\/blog\/\"},{\"@type\":\"ListItem\",\"position\":2,\"name\":\"Garage Automobile\",\"item\":\"https:\/\/www.carideal.com\/blog\/garage-automobile\/\"},{\"@type\":\"ListItem\",\"position\":3,\"name\":\"Climatisation\",\"item\":\"https:\/\/www.carideal.com\/blog\/garage-automobile\/climatisation-automobile\/\"},{\"@type\":\"ListItem\",\"position\":4,\"name\":\"Promotion recharge de clim 59 \u20ac\"}]},{\"@type\":\"WebSite\",\"@id\":\"https:\/\/www.carideal.com\/blog\/#website\",\"url\":\"https:\/\/www.carideal.com\/blog\/\",\"name\":\"Blog auto Carid\u00e9al\",\"description\":\"Actualit\u00e9 auto par des passionn\u00e9s\",\"publisher\":{\"@id\":\"https:\/\/www.carideal.com\/blog\/#organization\"},\"potentialAction\":[{\"@type\":\"SearchAction\",\"target\":{\"@type\":\"EntryPoint\",\"urlTemplate\":\"https:\/\/www.carideal.com\/blog\/?s={search_term_string}\"},\"query-input\":{\"@type\":\"PropertyValueSpecification\",\"valueRequired\":true,\"valueName\":\"search_term_string\"}}],\"inLanguage\":\"fr-FR\"},{\"@type\":\"Organization\",\"@id\":\"https:\/\/www.carideal.com\/blog\/#organization\",\"name\":\"Carideal\",\"url\":\"https:\/\/www.carideal.com\/blog\/\",\"logo\":{\"@type\":\"ImageObject\",\"inLanguage\":\"fr-FR\",\"@id\":\"https:\/\/www.carideal.com\/blog\/#\/schema\/logo\/image\/\",\"url\":\"http:\/\/www.carideal.com\/blog\/wp-content\/uploads\/2016\/03\/logo-carideal-mandataire-automobile.png\",\"contentUrl\":\"http:\/\/www.carideal.com\/blog\/wp-content\/uploads\/2016\/03\/logo-carideal-mandataire-automobile.png\",\"width\":300,\"height\":300,\"caption\":\"Carideal\"},\"image\":{\"@id\":\"https:\/\/www.carideal.com\/blog\/#\/schema\/logo\/image\/\"},\"sameAs\":[\"https:\/\/www.facebook.com\/Carideal.mandataire.automobile\",\"https:\/\/x.com\/caridealauto\",\"https:\/\/www.instagram.com\/carideal1\/\",\"https:\/\/www.linkedin.com\/company\/carideal.com\",\"https:\/\/fr.pinterest.com\/schiavonsas\/\",\"https:\/\/www.youtube.com\/user\/caridealsas\"]}]}<\/script>\n<!-- \/ Yoast SEO plugin. -->","yoast_head_json":{"title":"Promotion recharge de clim 59 \u20ac - Blog auto Carid\u00e9al","description":"Notre expertise dans l'entretien de la climatisation vousnous permet de vous offrir une PROMOTION RECHARGE DE CLIM \u00e0 59 \u20ac au lieu de 89 \u20ac","robots":{"index":"index","follow":"follow","max-snippet":"max-snippet:-1","max-image-preview":"max-image-preview:large","max-video-preview":"max-video-preview:-1"},"canonical":"https:\/\/www.carideal.com\/blog\/garage-automobile\/climatisation-automobile\/promotion-recharge-de-clim-59-e\/","og_locale":"fr_FR","og_type":"article","og_title":"Promotion recharge de clim 59 \u20ac - Blog auto Carid\u00e9al","og_description":"Notre expertise dans l'entretien de la climatisation vousnous permet de vous offrir une PROMOTION RECHARGE DE CLIM \u00e0 59 \u20ac au lieu de 89 \u20ac","og_url":"https:\/\/www.carideal.com\/blog\/garage-automobile\/climatisation-automobile\/promotion-recharge-de-clim-59-e\/","og_site_name":"Blog auto Carid\u00e9al","article_publisher":"https:\/\/www.facebook.com\/Carideal.mandataire.automobile","article_modified_time":"2020-01-26T18:40:12+00:00","og_image":[{"width":400,"height":555,"url":"https:\/\/www.carideal.com\/blog\/wp-content\/uploads\/2017\/05\/promotion-recharge-clim-2016-e1495958656378.jpg","type":"image\/jpeg"}],"twitter_card":"summary_large_image","twitter_site":"@caridealauto","twitter_misc":{"Dur\u00e9e de lecture estim\u00e9e":"2 minutes"},"schema":{"@context":"https:\/\/schema.org","@graph":[{"@type":"WebPage","@id":"https:\/\/www.carideal.com\/blog\/garage-automobile\/climatisation-automobile\/promotion-recharge-de-clim-59-e\/","url":"https:\/\/www.carideal.com\/blog\/garage-automobile\/climatisation-automobile\/promotion-recharge-de-clim-59-e\/","name":"Promotion recharge de clim 59 \u20ac - Blog auto Carid\u00e9al","isPartOf":{"@id":"https:\/\/www.carideal.com\/blog\/#website"},"primaryImageOfPage":{"@id":"https:\/\/www.carideal.com\/blog\/garage-automobile\/climatisation-automobile\/promotion-recharge-de-clim-59-e\/#primaryimage"},"image":{"@id":"https:\/\/www.carideal.com\/blog\/garage-automobile\/climatisation-automobile\/promotion-recharge-de-clim-59-e\/#primaryimage"},"thumbnailUrl":"https:\/\/www.carideal.com\/blog\/wp-content\/uploads\/2017\/05\/promotion-recharge-clim-2016-e1495958656378.jpg","datePublished":"2012-07-05T07:54:31+00:00","dateModified":"2020-01-26T18:40:12+00:00","description":"Notre expertise dans l'entretien de la climatisation vousnous permet de vous offrir une PROMOTION RECHARGE DE CLIM \u00e0 59 \u20ac au lieu de 89 \u20ac","breadcrumb":{"@id":"https:\/\/www.carideal.com\/blog\/garage-automobile\/climatisation-automobile\/promotion-recharge-de-clim-59-e\/#breadcrumb"},"inLanguage":"fr-FR","potentialAction":[{"@type":"ReadAction","target":["https:\/\/www.carideal.com\/blog\/garage-automobile\/climatisation-automobile\/promotion-recharge-de-clim-59-e\/"]}]},{"@type":"ImageObject","inLanguage":"fr-FR","@id":"https:\/\/www.carideal.com\/blog\/garage-automobile\/climatisation-automobile\/promotion-recharge-de-clim-59-e\/#primaryimage","url":"https:\/\/www.carideal.com\/blog\/wp-content\/uploads\/2017\/05\/promotion-recharge-clim-2016-e1495958656378.jpg","contentUrl":"https:\/\/www.carideal.com\/blog\/wp-content\/uploads\/2017\/05\/promotion-recharge-clim-2016-e1495958656378.jpg","width":400,"height":555,"caption":"Promotion recharge de Clim"},{"@type":"BreadcrumbList","@id":"https:\/\/www.carideal.com\/blog\/garage-automobile\/climatisation-automobile\/promotion-recharge-de-clim-59-e\/#breadcrumb","itemListElement":[{"@type":"ListItem","position":1,"name":"Blog Carid\u00e9al","item":"https:\/\/www.carideal.com\/blog\/"},{"@type":"ListItem","position":2,"name":"Garage Automobile","item":"https:\/\/www.carideal.com\/blog\/garage-automobile\/"},{"@type":"ListItem","position":3,"name":"Climatisation","item":"https:\/\/www.carideal.com\/blog\/garage-automobile\/climatisation-automobile\/"},{"@type":"ListItem","position":4,"name":"Promotion recharge de clim 59 \u20ac"}]},{"@type":"WebSite","@id":"https:\/\/www.carideal.com\/blog\/#website","url":"https:\/\/www.carideal.com\/blog\/","name":"Blog auto Carid\u00e9al","description":"Actualit\u00e9 auto par des passionn\u00e9s","publisher":{"@id":"https:\/\/www.carideal.com\/blog\/#organization"},"potentialAction":[{"@type":"SearchAction","target":{"@type":"EntryPoint","urlTemplate":"https:\/\/www.carideal.com\/blog\/?s={search_term_string}"},"query-input":{"@type":"PropertyValueSpecification","valueRequired":true,"valueName":"search_term_string"}}],"inLanguage":"fr-FR"},{"@type":"Organization","@id":"https:\/\/www.carideal.com\/blog\/#organization","name":"Carideal","url":"https:\/\/www.carideal.com\/blog\/","logo":{"@type":"ImageObject","inLanguage":"fr-FR","@id":"https:\/\/www.carideal.com\/blog\/#\/schema\/logo\/image\/","url":"http:\/\/www.carideal.com\/blog\/wp-content\/uploads\/2016\/03\/logo-carideal-mandataire-automobile.png","contentUrl":"http:\/\/www.carideal.com\/blog\/wp-content\/uploads\/2016\/03\/logo-carideal-mandataire-automobile.png","width":300,"height":300,"caption":"Carideal"},"image":{"@id":"https:\/\/www.carideal.com\/blog\/#\/schema\/logo\/image\/"},"sameAs":["https:\/\/www.facebook.com\/Carideal.mandataire.automobile","https:\/\/x.com\/caridealauto","https:\/\/www.instagram.com\/carideal1\/","https:\/\/www.linkedin.com\/company\/carideal.com","https:\/\/fr.pinterest.com\/schiavonsas\/","https:\/\/www.youtube.com\/user\/caridealsas"]}]}},"uagb_featured_image_src":{"full":["https:\/\/www.carideal.com\/blog\/wp-content\/uploads\/2017\/05\/promotion-recharge-clim-2016-e1495958656378.jpg",400,555,false],"thumbnail":["https:\/\/www.carideal.com\/blog\/wp-content\/uploads\/2017\/05\/promotion-recharge-clim-2016-150x150.jpg",150,150,true],"medium":["https:\/\/www.carideal.com\/blog\/wp-content\/uploads\/2017\/05\/promotion-recharge-clim-2016-216x300.jpg",216,300,true],"medium_large":["https:\/\/www.carideal.com\/blog\/wp-content\/uploads\/2017\/05\/promotion-recharge-clim-2016-e1495958656378.jpg",400,555,false],"large":["https:\/\/www.carideal.com\/blog\/wp-content\/uploads\/2017\/05\/promotion-recharge-clim-2016-e1495958656378.jpg",400,555,false],"1536x1536":["https:\/\/www.carideal.com\/blog\/wp-content\/uploads\/2017\/05\/promotion-recharge-clim-2016-e1495958656378.jpg",400,555,false],"2048x2048":["https:\/\/www.carideal.com\/blog\/wp-content\/uploads\/2017\/05\/promotion-recharge-clim-2016-e1495958656378.jpg",400,555,false],"wppr-widget":["https:\/\/www.carideal.com\/blog\/wp-content\/uploads\/2017\/05\/promotion-recharge-clim-2016-e1495958656378.jpg",36,50,false]},"uagb_author_info":{"display_name":"Nicolas SCHIAVON","author_link":"https:\/\/www.carideal.com\/blog\/author\/nschiavon\/"},"uagb_comment_info":0,"uagb_excerpt":"PROMOTION RECHARGE DE CLIM Notre expertise dans la climatisation nous permet de vous offrir une PROMOTION RECHARGE DE CLIM \u00e0 59 \u20ac au lieu de 89 \u20ac. Nous sommes un garage agr\u00e9\u00e9 climatisation suivant la r\u00e9glementation en vigueur. Votre voiture prend de l'\u00e2ge et le gaz r\u00e9frig\u00e9rant de votre climatisation automobile est extr\u00eamement volatile. Il\u2026","_links":{"self":[{"href":"https:\/\/www.carideal.com\/blog\/wp-json\/wp\/v2\/pages\/16117"}],"collection":[{"href":"https:\/\/www.carideal.com\/blog\/wp-json\/wp\/v2\/pages"}],"about":[{"href":"https:\/\/www.carideal.com\/blog\/wp-json\/wp\/v2\/types\/page"}],"author":[{"embeddable":true,"href":"https:\/\/www.carideal.com\/blog\/wp-json\/wp\/v2\/users\/3"}],"replies":[{"embeddable":true,"href":"https:\/\/www.carideal.com\/blog\/wp-json\/wp\/v2\/comments?post=16117"}],"version-history":[{"count":0,"href":"https:\/\/www.carideal.com\/blog\/wp-json\/wp\/v2\/pages\/16117\/revisions"}],"up":[{"embeddable":true,"href":"https:\/\/www.carideal.com\/blog\/wp-json\/wp\/v2\/pages\/15780"}],"wp:featuredmedia":[{"embeddable":true,"href":"https:\/\/www.carideal.com\/blog\/wp-json\/wp\/v2\/media\/16118"}],"wp:attachment":[{"href":"https:\/\/www.carideal.com\/blog\/wp-json\/wp\/v2\/media?parent=16117"}],"curies":[{"name":"wp","href":"https:\/\/api.w.org\/{rel}","templated":true}]}}