{"id":16004,"date":"2017-04-10T17:14:11","date_gmt":"2017-04-10T15:14:11","guid":{"rendered":"http:\/\/www.carideal.com\/blog\/?page_id=16004"},"modified":"2020-01-28T08:24:11","modified_gmt":"2020-01-28T07:24:11","slug":"reparation-ou-remplacement-de-pare-brise","status":"publish","type":"page","link":"https:\/\/www.carideal.com\/blog\/garage-automobile\/reparation-ou-remplacement-de-pare-brise\/","title":{"rendered":"R\u00e9paration ou remplacement de Pare-brise"},"content":{"rendered":"<h2>Forfait r\u00e9paration impact Pare-brise : 69 \u20ac<br \/>\n<strong> 2 Impacts 94 \u20ac<\/strong><\/h2>\n<p>Nous utilisons pour la <strong>r\u00e9paration des impacts de pare-brise<\/strong> une r\u00e9sine sp\u00e9cifique que nous injectons dans le verre afin de le consolider et de faire dispara\u00eetre la trace de l'impact. Ainsi que de tous vos vitrages.<\/p>\n<figure id=\"attachment_16005\" aria-describedby=\"caption-attachment-16005\" style=\"width: 365px\" class=\"wp-caption aligncenter\"><img loading=\"lazy\" decoding=\"async\" class=\"size-full wp-image-16005\" src=\"http:\/\/www.carideal.com\/blog\/wp-content\/uploads\/2017\/04\/impactparebrise500.jpg\" alt=\"R\u00e9paration pare-brise Forfait \u00e0 partir de 64 \u20ac\" width=\"375\" height=\"500\" srcset=\"https:\/\/www.carideal.com\/blog\/wp-content\/uploads\/2017\/04\/impactparebrise500.jpg 375w, https:\/\/www.carideal.com\/blog\/wp-content\/uploads\/2017\/04\/impactparebrise500-225x300.jpg 225w, https:\/\/www.carideal.com\/blog\/wp-content\/uploads\/2017\/04\/impactparebrise500-83x110.jpg 83w, https:\/\/www.carideal.com\/blog\/wp-content\/uploads\/2017\/04\/impactparebrise500-315x420.jpg 315w, https:\/\/www.carideal.com\/blog\/wp-content\/uploads\/2017\/04\/impactparebrise500-323x430.jpg 323w, https:\/\/www.carideal.com\/blog\/wp-content\/uploads\/2017\/04\/impactparebrise500-38x50.jpg 38w\" sizes=\"(max-width: 375px) 100vw, 375px\" \/><figcaption id=\"caption-attachment-16005\" class=\"wp-caption-text\">R\u00e9paration pare-brise Forfait \u00e0 partir de 64 \u20ac<\/figcaption><\/figure>\n<p>Quels que soient les dommages subis sur votre pare-brise, choisissez le garage <a href=\"http:\/\/www.carideal.com\/blog\/2010\/01\/23\/garage-citroen-schiavon-13-av-de-turin-73000-bassens-chambery\/\">Citroen Schiavon<\/a> pour la r\u00e9paration des impacts sur votre parebrise ou le remplacement de votre pare-brise. Nous r\u00e9parons ou rempla\u00e7ons tout type de pare-brise, quelle que soit la marque, le mod\u00e8le ou l\u2019\u00e2ge de votre v\u00e9hicule. (Sauf mod\u00e8le sp\u00e9cifique \u2013 <a href=\"http:\/\/www.carideal.com\/blog\/contactez-nous\/\">nous consulter<\/a>).<\/p>\n<p><strong><a href=\"http:\/\/www.carideal.com\/blog\/contactez-nous\/\">Demandez-nous un devis<\/a>, vous\u00a0pouvez prendre rendez-vous au t\u00e9l\u00e9phone au 04 79 33 03 53.<\/strong><\/p>\n<p>R\u00e9paration impact pare-brise avec le <a href=\"http:\/\/www.carideal.com\/blog\/2010\/01\/23\/garage-citroen-schiavon-13-av-de-turin-73000-bassens-chambery\/\">Garage Schiavon<\/a>.<\/p>\n<p>Nous essayons toujours de r\u00e9parer votre pare-brise avant de vous proposer son remplacement.<\/p>\n<p>La r\u00e9paration d'impact de pare-brise, ne prend que 30 minutes environ, nous tenterons de r\u00e9parer votre pare-brise et si cela n'est pas possible le remplacement sera indispensable.<\/p>\n<p>Nous pouvons \u00e9galement vous faciliter les d\u00e9marches et la gestion de votre d\u00e9claration de sinistre aupr\u00e8s de votre compagnie d'assurance.<\/p>\n<h2>R\u00e9paration impact pare-brise ou remplacement de pare-brise<\/h2>\n<p>\u00c0 l\u2019origine d\u2019une fissure se trouve presque toujours un impact, et cette fissure va se produire juste au moment o\u00f9 vous vous y attendez le moins. Imaginez ce qui risque de se passer si cela se produit lorsque vous conduisez, vous risquez d\u2019avoir un choc, et d'avoir un mauvais r\u00e9flexe. Le pare-brise de votre voiture retrouvera toute sa solidit\u00e9, une fois l\u2019impact de parebrise r\u00e9par\u00e9.<\/p>\n<p>La r\u00e9paration d'un \u00e9clat de pare-brise est prioritaire avant d'envisager son remplacement.<\/p>\n<p>Si par malheur l\u2019impact pare-brise se transforme en une fissure de plus de 30 cm, le contr\u00f4le technique de votre v\u00e9hicule sera refus\u00e9.<\/p>\n<h3>R\u00e9parer ou remplacer ?<\/h3>\n<p>Vous avez l'assurance compl\u00e8te que, dans la mesure du possible, nous r\u00e9parons le pare-brise de votre voiture, plut\u00f4t que de le remplacer. Mais si votre pare-brise ne peut \u00eatre r\u00e9par\u00e9 - nous allons le remplacer par l'un des pare-brise de remplacement de qualit\u00e9 que nous stockons. Quand il s'agit de d\u00e9cider de r\u00e9parer ou de remplacer votre pare-brise endommag\u00e9, nous vous conseillons toujours sur la meilleure option pour vous et votre v\u00e9hicule. Pour plus d'informations, contactez-nous.<\/p>\n<h3>Qu'est-ce que la r\u00e9paration d'un pare-brise ?<\/h3>\n<p>La r\u00e9paration implique le nettoyage et le s\u00e9chage de la zone endommag\u00e9e et le remplissage d'une r\u00e9sine transparente avec des propri\u00e9t\u00e9s optiques presque identiques au verre. Les dommages ne dispara\u00eetront pas compl\u00e8tement, mais dans la plupart des cas, ils seront beaucoup moins visibles.<\/p>\n<p>La zone r\u00e9par\u00e9e sera lisse et structurellement sonore - r\u00e9duisant le risque d'autres dommages \u00e0 l'\u00e9cran et l'usure de l'essuie-glace. Laiss\u00e9\u00a0sans rien faire, les petits impacts\u00a0peuvent grandir et devenir non r\u00e9parables, car les fissures secondaires se forment sous l'effet combin\u00e9 de la chaleur, l'humidit\u00e9, du\u00a0gel, de la salet\u00e9 et des vibrations. Toute salet\u00e9 ou humidit\u00e9 entrant dans l'impact\u00a0rendra plus difficile une r\u00e9paration visuellement acceptable.<\/p>\n<p>Contactez votre <a href=\"http:\/\/www.carideal.com\/blog\/garage-automobile\/\">garage<\/a> pour en savoir plus sur la r\u00e9paration de parebrise et prendre un rendez-vous.<\/p>\n","protected":false},"excerpt":{"rendered":"<p>Forfait r\u00e9paration impact Pare-brise : 69 \u20ac 2 Impacts 94 \u20ac Nous utilisons pour la r\u00e9paration des impacts de pare-brise une r\u00e9sine sp\u00e9cifique que nous injectons dans le verre afin de le consolider et de faire dispara\u00eetre la trace de l&rsquo;impact. Ainsi que de tous vos vitrages. Quels que soient les dommages subis sur votre &#8230; <a title=\"R\u00e9paration ou remplacement de Pare-brise\" class=\"read-more\" href=\"https:\/\/www.carideal.com\/blog\/garage-automobile\/reparation-ou-remplacement-de-pare-brise\/\" aria-label=\"En savoir plus sur R\u00e9paration ou remplacement de Pare-brise\">Lire plus<\/a><\/p>\n","protected":false},"author":3,"featured_media":16005,"parent":13942,"menu_order":0,"comment_status":"closed","ping_status":"closed","template":"","meta":{"_uag_custom_page_level_css":"","_themeisle_gutenberg_block_has_review":false,"footnotes":""},"class_list":["post-16004","page","type-page","status-publish","has-post-thumbnail"],"wppr_data":{"cwp_meta_box_check":"No"},"yoast_head":"<!-- This site is optimized with the Yoast SEO plugin v24.8.1 - https:\/\/yoast.com\/wordpress\/plugins\/seo\/ -->\n<title>R\u00e9paration ou remplacement de Pare-brise - Blog auto Carid\u00e9al<\/title>\n<meta name=\"description\" content=\"Le garage Citroen Schiavon vous propose son forfait r\u00e9paration de pare-brise pour 69 \u20ac et deux impacts pour 94\u20ac. Nous pouvons aussi le remplacer.\" \/>\n<meta name=\"robots\" content=\"index, follow, max-snippet:-1, max-image-preview:large, max-video-preview:-1\" \/>\n<link rel=\"canonical\" href=\"https:\/\/www.carideal.com\/blog\/garage-automobile\/reparation-ou-remplacement-de-pare-brise\/\" \/>\n<meta property=\"og:locale\" content=\"fr_FR\" \/>\n<meta property=\"og:type\" content=\"article\" \/>\n<meta property=\"og:title\" content=\"R\u00e9paration ou remplacement de Pare-brise - Blog auto Carid\u00e9al\" \/>\n<meta property=\"og:description\" content=\"Le garage Citroen Schiavon vous propose son forfait r\u00e9paration de pare-brise pour 69 \u20ac et deux impacts pour 94\u20ac. Nous pouvons aussi le remplacer.\" \/>\n<meta property=\"og:url\" content=\"https:\/\/www.carideal.com\/blog\/garage-automobile\/reparation-ou-remplacement-de-pare-brise\/\" \/>\n<meta property=\"og:site_name\" content=\"Blog auto Carid\u00e9al\" \/>\n<meta property=\"article:publisher\" content=\"https:\/\/www.facebook.com\/Carideal.mandataire.automobile\" \/>\n<meta property=\"article:modified_time\" content=\"2020-01-28T07:24:11+00:00\" \/>\n<meta property=\"og:image\" content=\"https:\/\/www.carideal.com\/blog\/wp-content\/uploads\/2017\/04\/impactparebrise500.jpg\" \/>\n\t<meta property=\"og:image:width\" content=\"375\" \/>\n\t<meta property=\"og:image:height\" content=\"500\" \/>\n\t<meta property=\"og:image:type\" content=\"image\/jpeg\" \/>\n<meta name=\"twitter:card\" content=\"summary_large_image\" \/>\n<meta name=\"twitter:site\" content=\"@caridealauto\" \/>\n<meta name=\"twitter:label1\" content=\"Dur\u00e9e de lecture estim\u00e9e\" \/>\n\t<meta name=\"twitter:data1\" content=\"3 minutes\" \/>\n<script type=\"application\/ld+json\" class=\"yoast-schema-graph\">{\"@context\":\"https:\/\/schema.org\",\"@graph\":[{\"@type\":\"WebPage\",\"@id\":\"https:\/\/www.carideal.com\/blog\/garage-automobile\/reparation-ou-remplacement-de-pare-brise\/\",\"url\":\"https:\/\/www.carideal.com\/blog\/garage-automobile\/reparation-ou-remplacement-de-pare-brise\/\",\"name\":\"R\u00e9paration ou remplacement de Pare-brise - Blog auto Carid\u00e9al\",\"isPartOf\":{\"@id\":\"https:\/\/www.carideal.com\/blog\/#website\"},\"primaryImageOfPage\":{\"@id\":\"https:\/\/www.carideal.com\/blog\/garage-automobile\/reparation-ou-remplacement-de-pare-brise\/#primaryimage\"},\"image\":{\"@id\":\"https:\/\/www.carideal.com\/blog\/garage-automobile\/reparation-ou-remplacement-de-pare-brise\/#primaryimage\"},\"thumbnailUrl\":\"https:\/\/www.carideal.com\/blog\/wp-content\/uploads\/2017\/04\/impactparebrise500.jpg\",\"datePublished\":\"2017-04-10T15:14:11+00:00\",\"dateModified\":\"2020-01-28T07:24:11+00:00\",\"description\":\"Le garage Citroen Schiavon vous propose son forfait r\u00e9paration de pare-brise pour 69 \u20ac et deux impacts pour 94\u20ac. Nous pouvons aussi le remplacer.\",\"breadcrumb\":{\"@id\":\"https:\/\/www.carideal.com\/blog\/garage-automobile\/reparation-ou-remplacement-de-pare-brise\/#breadcrumb\"},\"inLanguage\":\"fr-FR\",\"potentialAction\":[{\"@type\":\"ReadAction\",\"target\":[\"https:\/\/www.carideal.com\/blog\/garage-automobile\/reparation-ou-remplacement-de-pare-brise\/\"]}]},{\"@type\":\"ImageObject\",\"inLanguage\":\"fr-FR\",\"@id\":\"https:\/\/www.carideal.com\/blog\/garage-automobile\/reparation-ou-remplacement-de-pare-brise\/#primaryimage\",\"url\":\"https:\/\/www.carideal.com\/blog\/wp-content\/uploads\/2017\/04\/impactparebrise500.jpg\",\"contentUrl\":\"https:\/\/www.carideal.com\/blog\/wp-content\/uploads\/2017\/04\/impactparebrise500.jpg\",\"width\":\"375\",\"height\":\"500\",\"caption\":\"R\u00e9paration pare-brise Forfait \u00e0 partir de 64 \u20ac\"},{\"@type\":\"BreadcrumbList\",\"@id\":\"https:\/\/www.carideal.com\/blog\/garage-automobile\/reparation-ou-remplacement-de-pare-brise\/#breadcrumb\",\"itemListElement\":[{\"@type\":\"ListItem\",\"position\":1,\"name\":\"Blog Carid\u00e9al\",\"item\":\"https:\/\/www.carideal.com\/blog\/\"},{\"@type\":\"ListItem\",\"position\":2,\"name\":\"Garage Automobile\",\"item\":\"https:\/\/www.carideal.com\/blog\/garage-automobile\/\"},{\"@type\":\"ListItem\",\"position\":3,\"name\":\"R\u00e9paration ou remplacement de Pare-brise\"}]},{\"@type\":\"WebSite\",\"@id\":\"https:\/\/www.carideal.com\/blog\/#website\",\"url\":\"https:\/\/www.carideal.com\/blog\/\",\"name\":\"Blog auto Carid\u00e9al\",\"description\":\"Actualit\u00e9 auto par des passionn\u00e9s\",\"publisher\":{\"@id\":\"https:\/\/www.carideal.com\/blog\/#organization\"},\"potentialAction\":[{\"@type\":\"SearchAction\",\"target\":{\"@type\":\"EntryPoint\",\"urlTemplate\":\"https:\/\/www.carideal.com\/blog\/?s={search_term_string}\"},\"query-input\":{\"@type\":\"PropertyValueSpecification\",\"valueRequired\":true,\"valueName\":\"search_term_string\"}}],\"inLanguage\":\"fr-FR\"},{\"@type\":\"Organization\",\"@id\":\"https:\/\/www.carideal.com\/blog\/#organization\",\"name\":\"Carideal\",\"url\":\"https:\/\/www.carideal.com\/blog\/\",\"logo\":{\"@type\":\"ImageObject\",\"inLanguage\":\"fr-FR\",\"@id\":\"https:\/\/www.carideal.com\/blog\/#\/schema\/logo\/image\/\",\"url\":\"http:\/\/www.carideal.com\/blog\/wp-content\/uploads\/2016\/03\/logo-carideal-mandataire-automobile.png\",\"contentUrl\":\"http:\/\/www.carideal.com\/blog\/wp-content\/uploads\/2016\/03\/logo-carideal-mandataire-automobile.png\",\"width\":300,\"height\":300,\"caption\":\"Carideal\"},\"image\":{\"@id\":\"https:\/\/www.carideal.com\/blog\/#\/schema\/logo\/image\/\"},\"sameAs\":[\"https:\/\/www.facebook.com\/Carideal.mandataire.automobile\",\"https:\/\/x.com\/caridealauto\",\"https:\/\/www.instagram.com\/carideal1\/\",\"https:\/\/www.linkedin.com\/company\/carideal.com\",\"https:\/\/fr.pinterest.com\/schiavonsas\/\",\"https:\/\/www.youtube.com\/user\/caridealsas\"]}]}<\/script>\n<!-- \/ Yoast SEO plugin. -->","yoast_head_json":{"title":"R\u00e9paration ou remplacement de Pare-brise - Blog auto Carid\u00e9al","description":"Le garage Citroen Schiavon vous propose son forfait r\u00e9paration de pare-brise pour 69 \u20ac et deux impacts pour 94\u20ac. Nous pouvons aussi le remplacer.","robots":{"index":"index","follow":"follow","max-snippet":"max-snippet:-1","max-image-preview":"max-image-preview:large","max-video-preview":"max-video-preview:-1"},"canonical":"https:\/\/www.carideal.com\/blog\/garage-automobile\/reparation-ou-remplacement-de-pare-brise\/","og_locale":"fr_FR","og_type":"article","og_title":"R\u00e9paration ou remplacement de Pare-brise - Blog auto Carid\u00e9al","og_description":"Le garage Citroen Schiavon vous propose son forfait r\u00e9paration de pare-brise pour 69 \u20ac et deux impacts pour 94\u20ac. Nous pouvons aussi le remplacer.","og_url":"https:\/\/www.carideal.com\/blog\/garage-automobile\/reparation-ou-remplacement-de-pare-brise\/","og_site_name":"Blog auto Carid\u00e9al","article_publisher":"https:\/\/www.facebook.com\/Carideal.mandataire.automobile","article_modified_time":"2020-01-28T07:24:11+00:00","og_image":[{"width":375,"height":500,"url":"https:\/\/www.carideal.com\/blog\/wp-content\/uploads\/2017\/04\/impactparebrise500.jpg","type":"image\/jpeg"}],"twitter_card":"summary_large_image","twitter_site":"@caridealauto","twitter_misc":{"Dur\u00e9e de lecture estim\u00e9e":"3 minutes"},"schema":{"@context":"https:\/\/schema.org","@graph":[{"@type":"WebPage","@id":"https:\/\/www.carideal.com\/blog\/garage-automobile\/reparation-ou-remplacement-de-pare-brise\/","url":"https:\/\/www.carideal.com\/blog\/garage-automobile\/reparation-ou-remplacement-de-pare-brise\/","name":"R\u00e9paration ou remplacement de Pare-brise - Blog auto Carid\u00e9al","isPartOf":{"@id":"https:\/\/www.carideal.com\/blog\/#website"},"primaryImageOfPage":{"@id":"https:\/\/www.carideal.com\/blog\/garage-automobile\/reparation-ou-remplacement-de-pare-brise\/#primaryimage"},"image":{"@id":"https:\/\/www.carideal.com\/blog\/garage-automobile\/reparation-ou-remplacement-de-pare-brise\/#primaryimage"},"thumbnailUrl":"https:\/\/www.carideal.com\/blog\/wp-content\/uploads\/2017\/04\/impactparebrise500.jpg","datePublished":"2017-04-10T15:14:11+00:00","dateModified":"2020-01-28T07:24:11+00:00","description":"Le garage Citroen Schiavon vous propose son forfait r\u00e9paration de pare-brise pour 69 \u20ac et deux impacts pour 94\u20ac. Nous pouvons aussi le remplacer.","breadcrumb":{"@id":"https:\/\/www.carideal.com\/blog\/garage-automobile\/reparation-ou-remplacement-de-pare-brise\/#breadcrumb"},"inLanguage":"fr-FR","potentialAction":[{"@type":"ReadAction","target":["https:\/\/www.carideal.com\/blog\/garage-automobile\/reparation-ou-remplacement-de-pare-brise\/"]}]},{"@type":"ImageObject","inLanguage":"fr-FR","@id":"https:\/\/www.carideal.com\/blog\/garage-automobile\/reparation-ou-remplacement-de-pare-brise\/#primaryimage","url":"https:\/\/www.carideal.com\/blog\/wp-content\/uploads\/2017\/04\/impactparebrise500.jpg","contentUrl":"https:\/\/www.carideal.com\/blog\/wp-content\/uploads\/2017\/04\/impactparebrise500.jpg","width":"375","height":"500","caption":"R\u00e9paration pare-brise Forfait \u00e0 partir de 64 \u20ac"},{"@type":"BreadcrumbList","@id":"https:\/\/www.carideal.com\/blog\/garage-automobile\/reparation-ou-remplacement-de-pare-brise\/#breadcrumb","itemListElement":[{"@type":"ListItem","position":1,"name":"Blog Carid\u00e9al","item":"https:\/\/www.carideal.com\/blog\/"},{"@type":"ListItem","position":2,"name":"Garage Automobile","item":"https:\/\/www.carideal.com\/blog\/garage-automobile\/"},{"@type":"ListItem","position":3,"name":"R\u00e9paration ou remplacement de Pare-brise"}]},{"@type":"WebSite","@id":"https:\/\/www.carideal.com\/blog\/#website","url":"https:\/\/www.carideal.com\/blog\/","name":"Blog auto Carid\u00e9al","description":"Actualit\u00e9 auto par des passionn\u00e9s","publisher":{"@id":"https:\/\/www.carideal.com\/blog\/#organization"},"potentialAction":[{"@type":"SearchAction","target":{"@type":"EntryPoint","urlTemplate":"https:\/\/www.carideal.com\/blog\/?s={search_term_string}"},"query-input":{"@type":"PropertyValueSpecification","valueRequired":true,"valueName":"search_term_string"}}],"inLanguage":"fr-FR"},{"@type":"Organization","@id":"https:\/\/www.carideal.com\/blog\/#organization","name":"Carideal","url":"https:\/\/www.carideal.com\/blog\/","logo":{"@type":"ImageObject","inLanguage":"fr-FR","@id":"https:\/\/www.carideal.com\/blog\/#\/schema\/logo\/image\/","url":"http:\/\/www.carideal.com\/blog\/wp-content\/uploads\/2016\/03\/logo-carideal-mandataire-automobile.png","contentUrl":"http:\/\/www.carideal.com\/blog\/wp-content\/uploads\/2016\/03\/logo-carideal-mandataire-automobile.png","width":300,"height":300,"caption":"Carideal"},"image":{"@id":"https:\/\/www.carideal.com\/blog\/#\/schema\/logo\/image\/"},"sameAs":["https:\/\/www.facebook.com\/Carideal.mandataire.automobile","https:\/\/x.com\/caridealauto","https:\/\/www.instagram.com\/carideal1\/","https:\/\/www.linkedin.com\/company\/carideal.com","https:\/\/fr.pinterest.com\/schiavonsas\/","https:\/\/www.youtube.com\/user\/caridealsas"]}]}},"uagb_featured_image_src":{"full":["https:\/\/www.carideal.com\/blog\/wp-content\/uploads\/2017\/04\/impactparebrise500.jpg",375,500,false],"thumbnail":["https:\/\/www.carideal.com\/blog\/wp-content\/uploads\/2017\/04\/impactparebrise500-150x150.jpg",150,150,true],"medium":["https:\/\/www.carideal.com\/blog\/wp-content\/uploads\/2017\/04\/impactparebrise500-225x300.jpg",225,300,true],"medium_large":["https:\/\/www.carideal.com\/blog\/wp-content\/uploads\/2017\/04\/impactparebrise500.jpg",375,500,false],"large":["https:\/\/www.carideal.com\/blog\/wp-content\/uploads\/2017\/04\/impactparebrise500.jpg",375,500,false],"1536x1536":["https:\/\/www.carideal.com\/blog\/wp-content\/uploads\/2017\/04\/impactparebrise500.jpg",375,500,false],"2048x2048":["https:\/\/www.carideal.com\/blog\/wp-content\/uploads\/2017\/04\/impactparebrise500.jpg",375,500,false],"wppr-widget":["https:\/\/www.carideal.com\/blog\/wp-content\/uploads\/2017\/04\/impactparebrise500.jpg",38,50,false]},"uagb_author_info":{"display_name":"Nicolas SCHIAVON","author_link":"https:\/\/www.carideal.com\/blog\/author\/nschiavon\/"},"uagb_comment_info":0,"uagb_excerpt":"Forfait r\u00e9paration impact Pare-brise : 69 \u20ac 2 Impacts 94 \u20ac Nous utilisons pour la r\u00e9paration des impacts de pare-brise une r\u00e9sine sp\u00e9cifique que nous injectons dans le verre afin de le consolider et de faire dispara\u00eetre la trace de l'impact. Ainsi que de tous vos vitrages. Quels que soient les dommages subis sur votre\u2026","_links":{"self":[{"href":"https:\/\/www.carideal.com\/blog\/wp-json\/wp\/v2\/pages\/16004"}],"collection":[{"href":"https:\/\/www.carideal.com\/blog\/wp-json\/wp\/v2\/pages"}],"about":[{"href":"https:\/\/www.carideal.com\/blog\/wp-json\/wp\/v2\/types\/page"}],"author":[{"embeddable":true,"href":"https:\/\/www.carideal.com\/blog\/wp-json\/wp\/v2\/users\/3"}],"replies":[{"embeddable":true,"href":"https:\/\/www.carideal.com\/blog\/wp-json\/wp\/v2\/comments?post=16004"}],"version-history":[{"count":0,"href":"https:\/\/www.carideal.com\/blog\/wp-json\/wp\/v2\/pages\/16004\/revisions"}],"up":[{"embeddable":true,"href":"https:\/\/www.carideal.com\/blog\/wp-json\/wp\/v2\/pages\/13942"}],"wp:featuredmedia":[{"embeddable":true,"href":"https:\/\/www.carideal.com\/blog\/wp-json\/wp\/v2\/media\/16005"}],"wp:attachment":[{"href":"https:\/\/www.carideal.com\/blog\/wp-json\/wp\/v2\/media?parent=16004"}],"curies":[{"name":"wp","href":"https:\/\/api.w.org\/{rel}","templated":true}]}}