{"id":15983,"date":"2017-04-08T09:42:25","date_gmt":"2017-04-08T07:42:25","guid":{"rendered":"http:\/\/www.carideal.com\/blog\/?page_id=15983"},"modified":"2020-12-16T08:43:37","modified_gmt":"2020-12-16T07:43:37","slug":"guide-pratique-portage-et-remorquage","status":"publish","type":"page","link":"https:\/\/www.carideal.com\/blog\/conseils-de-conduite\/guide-pratique-portage-et-remorquage\/","title":{"rendered":"Guide pratique du portage et remorquage"},"content":{"rendered":"\n<h2 class=\"wp-block-heading\">Guide pratique du portage, chargement et remorquage<\/h2>\n\n\n\n<p><strong>Un coffre est toujours trop pe\u00adtit pour emporter, en vacances, toutes les affaires que l'on souhai\u00adterait... Il faut souvent placer cer\u00adtains bagages sur le toit dans un coffre ou installer une remorque. Mais chargement, comme remorquage, demandent de suivre quelques petites r\u00e8gles pour des trajets sans mauvaises surprises. Nos conseils pour le portage et le remorquage.<\/strong><\/p>\n\n\n\n<figure class=\"wp-block-image alignnone wp-image-15984 size-full\"><img loading=\"lazy\" decoding=\"async\" width=\"700\" height=\"467\" src=\"http:\/\/www.carideal.com\/blog\/wp-content\/uploads\/2017\/04\/coffre-de-toit-e1580052011376.jpg\" alt=\"Guide pratique du Portage et remorquage\" class=\"wp-image-15984\"\/><figcaption>Guide pratique du Portage et remorquage<\/figcaption><\/figure>\n\n\n\n<p>Il faut privil\u00e9gier les <a href=\"http:\/\/www.carideal.com\/blog\/garage-automobile\/pieces-auto-neuves-au-meilleur-prix\/\">accessoires<\/a> pour transporter et porter les bagages.<\/p>\n\n\n\n<p>Il faut pr\u00e9voir les maillots, les chaussures de marche ou la tente pour camper, ne pas ou\u00adblier les v\u00e9los et les poussettes : les bagages s'entassent et pour \u00e9viter de se retrouver avec les raquettes de tennis en guise de dossier : un minimum d'organisation est \u00e0 pr\u00e9voir. At\u00adtention tout de m\u00eame, une voiture plus lourde entra\u00eene une conduite de route diff\u00e9rente, prenez-le en compte et suivez tous nos <a href=\"http:\/\/www.carideal.com\/blog\/conseils-de-conduite\/\">conseils de conduite<\/a>.<\/p>\n\n\n\n<p>Si cela para\u00eet \u00e9vident, il est important de le rappeler : les bagages les plus volumineux sont \u00e0 placer au fond du coffre ! Inutile de se pr\u00e9cipiter en tentant de tout jeter, le coffre prend l'allure d'un camion de d\u00e9m\u00e9nagement qu'il faut ordonner comme une partie de T\u00e9tris. Sur la banquette arri\u00e8re : pr\u00e9voyez de poser tout ce qui pourra \u00eatre utile durant le trajet. Sinon vous devrez vous arr\u00ea\u00adter toutes les cinq minutes pour boire, manger, bouquiner, vous couvrir, etc.<\/p>\n\n\n\n<p>Quand le coffre est plein, l'habitacle peut \u00eatre exploit\u00e9 sans concessions. La glaci\u00e8re ou les valises souples pourront se placer \u00e0 l'avant, tandis que les boites \u00e0 jouets se glisseront sous les si\u00e8ges autos \u00e0 l'arri\u00e8re. Si vous em\u00admenez Brutus ou la minette, choisissez une cage ou un panier pour \u00e9viter un accident et une crise de nerfs par la m\u00eame occasion... Enfin, votre toit pourra entasser de nombreux bagages volumineux : v\u00e9los, skis.., mais la prise au vent fera cro\u00eetre les consommations. Mieux vaut, alors, miser sur le remorquage.<\/p>\n\n\n\n<h2 class=\"wp-block-heading\">Privil\u00e9giez la s\u00e9curit\u00e9 pour le portage de votre chargement et le remorquage<\/h2>\n\n\n\n<p>En toutes circonstances, la plaque d'immatri\u00adculation \u00e0 l'arri\u00e8re, comme les feux de signa\u00adlisation devront rester visibles. \u00c0 l'int\u00e9rieur, le conducteur devra veiller \u00e0 bien y voir dans ses r\u00e9troviseurs. Si vous avez choisi cette option pour emmener votre cheval, votre bateau ou votre jet ski, veillez \u00e0 respecter scrupuleusement le poids tractable. La charge de remorquage est cruciale : mesurer avec un point&nbsp;bascule le poids total.<\/p>\n\n\n\n<h2 class=\"wp-block-heading\">Veillez \u00e0 votre vitesse en cas de portage de chargement et de remorquage<\/h2>\n\n\n\n<p>Le centre de gravit\u00e9 devra \u00eatre positionn\u00e9 \u00e0 l'avant de la remorque pour voiture (\u00e0 environ 10 cm de l'essieu). Il faudra mettre un peu plus de poids sur cette partie-l\u00e0 et faire en sorte que la barre d'attelage ne penche pas en arri\u00e8re. Pour votre s\u00e9curit\u00e9, utilisez des \u0153illets d'arrimage. Avant de partir jetez, un dernier coup d'\u0153il au crochet d'attelage qui fera le lien avec la voiture. C\u00f4t\u00e9 conduite, il ne faudra pas trop appuyer sur le champignon et pr\u00e9f\u00e9\u00adrez une conduite souple et anticip\u00e9e : prenez vos virages tr\u00e8s larges et anticipez toutes vos man\u0153uvres bien en amont. Enfin, gonflez un peu plus vos <a href=\"http:\/\/www.carideal.com\/blog\/garage-automobile\/pneu\/\">pneus arri\u00e8re<\/a>.<\/p>\n\n\n\n<h4 class=\"wp-block-heading\">Pages similaires<\/h4>\n\n\n\n\n\n<h3 class=\"wp-block-heading\">Tous nos conseils de conduite<\/h3>\n\n\n\n<ul class=\"wp-block-list\"><li><a href=\"http:\/\/www.carideal.com\/blog\/conseils-de-conduite\/conseils-de-conduite-en-hiver\/\">Conseils de conduite en hiver<\/a><\/li><li><a href=\"http:\/\/www.carideal.com\/blog\/conseils-de-conduite\/conseils-de-conduite-pour-ete\/\">Conseils de conduite en \u00e9t\u00e9<\/a><\/li><li>Conduite \u00e0 l\u2019\u00e9tranger<\/li><li><a href=\"http:\/\/www.carideal.com\/blog\/conseils-de-conduite\/conseils-conduite-pluie\/\">Conduire par&nbsp;temps humide<\/a><\/li><li>Conduite par grands&nbsp;vents<\/li><li>Conduite dans des conditions de brouillard<\/li><li>Erreur de&nbsp;carburant<\/li><li><a href=\"http:\/\/www.carideal.com\/blog\/conseils-de-conduite\/preparez-votre-voiture-pour-les-vacances\/\">Conseils pr\u00e9parer sa voiture pour les vacances<\/a><\/li><li><a href=\"http:\/\/www.carideal.com\/blog\/conseils-de-conduite\/guide-pratique-portage-et-remorquage\/\">Guide du portage et du remorquage<\/a><\/li><\/ul>\n","protected":false},"excerpt":{"rendered":"<p>Guide pratique du portage, chargement et remorquage Un coffre est toujours trop pe\u00adtit pour emporter, en vacances, toutes les affaires que l&rsquo;on souhai\u00adterait&#8230; Il faut souvent placer cer\u00adtains bagages sur le toit dans un coffre ou installer une remorque. Mais chargement, comme remorquage, demandent de suivre quelques petites r\u00e8gles pour des trajets sans mauvaises surprises. &#8230; <a title=\"Guide pratique du portage et remorquage\" class=\"read-more\" href=\"https:\/\/www.carideal.com\/blog\/conseils-de-conduite\/guide-pratique-portage-et-remorquage\/\" aria-label=\"En savoir plus sur Guide pratique du portage et remorquage\">Lire plus<\/a><\/p>\n","protected":false},"author":3,"featured_media":15984,"parent":15571,"menu_order":0,"comment_status":"closed","ping_status":"closed","template":"","meta":{"_uag_custom_page_level_css":"","_themeisle_gutenberg_block_has_review":false,"footnotes":""},"class_list":["post-15983","page","type-page","status-publish","has-post-thumbnail"],"wppr_data":{"cwp_meta_box_check":"No"},"yoast_head":"<!-- This site is optimized with the Yoast SEO plugin v24.8.1 - https:\/\/yoast.com\/wordpress\/plugins\/seo\/ -->\n<title>Guide pratique du portage et remorquage - Blog auto Carid\u00e9al<\/title>\n<meta name=\"description\" content=\"Guide pratique du Portage chargement et remorquage afin de bien partir en vacance le coffre est souvent trop petit et il faut ajouter un coffre de toit\" \/>\n<meta name=\"robots\" content=\"index, follow, max-snippet:-1, max-image-preview:large, max-video-preview:-1\" \/>\n<link rel=\"canonical\" href=\"https:\/\/www.carideal.com\/blog\/conseils-de-conduite\/guide-pratique-portage-et-remorquage\/\" \/>\n<meta property=\"og:locale\" content=\"fr_FR\" \/>\n<meta property=\"og:type\" content=\"article\" \/>\n<meta property=\"og:title\" content=\"Guide pratique du portage et remorquage - Blog auto Carid\u00e9al\" \/>\n<meta property=\"og:description\" content=\"Guide pratique du Portage chargement et remorquage afin de bien partir en vacance le coffre est souvent trop petit et il faut ajouter un coffre de toit\" \/>\n<meta property=\"og:url\" content=\"https:\/\/www.carideal.com\/blog\/conseils-de-conduite\/guide-pratique-portage-et-remorquage\/\" \/>\n<meta property=\"og:site_name\" content=\"Blog auto Carid\u00e9al\" \/>\n<meta property=\"article:publisher\" content=\"https:\/\/www.facebook.com\/Carideal.mandataire.automobile\" \/>\n<meta property=\"article:modified_time\" content=\"2020-12-16T07:43:37+00:00\" \/>\n<meta property=\"og:image\" content=\"https:\/\/www.carideal.com\/blog\/wp-content\/uploads\/2017\/04\/coffre-de-toit-e1580052011376.jpg\" \/>\n\t<meta property=\"og:image:width\" content=\"700\" \/>\n\t<meta property=\"og:image:height\" content=\"467\" \/>\n\t<meta property=\"og:image:type\" content=\"image\/jpeg\" \/>\n<meta name=\"twitter:card\" content=\"summary_large_image\" \/>\n<meta name=\"twitter:site\" content=\"@caridealauto\" \/>\n<meta name=\"twitter:label1\" content=\"Dur\u00e9e de lecture estim\u00e9e\" \/>\n\t<meta name=\"twitter:data1\" content=\"3 minutes\" \/>\n<script type=\"application\/ld+json\" class=\"yoast-schema-graph\">{\"@context\":\"https:\/\/schema.org\",\"@graph\":[{\"@type\":\"WebPage\",\"@id\":\"https:\/\/www.carideal.com\/blog\/conseils-de-conduite\/guide-pratique-portage-et-remorquage\/\",\"url\":\"https:\/\/www.carideal.com\/blog\/conseils-de-conduite\/guide-pratique-portage-et-remorquage\/\",\"name\":\"Guide pratique du portage et remorquage - Blog auto Carid\u00e9al\",\"isPartOf\":{\"@id\":\"https:\/\/www.carideal.com\/blog\/#website\"},\"primaryImageOfPage\":{\"@id\":\"https:\/\/www.carideal.com\/blog\/conseils-de-conduite\/guide-pratique-portage-et-remorquage\/#primaryimage\"},\"image\":{\"@id\":\"https:\/\/www.carideal.com\/blog\/conseils-de-conduite\/guide-pratique-portage-et-remorquage\/#primaryimage\"},\"thumbnailUrl\":\"https:\/\/www.carideal.com\/blog\/wp-content\/uploads\/2017\/04\/coffre-de-toit-e1580052011376.jpg\",\"datePublished\":\"2017-04-08T07:42:25+00:00\",\"dateModified\":\"2020-12-16T07:43:37+00:00\",\"description\":\"Guide pratique du Portage chargement et remorquage afin de bien partir en vacance le coffre est souvent trop petit et il faut ajouter un coffre de toit\",\"breadcrumb\":{\"@id\":\"https:\/\/www.carideal.com\/blog\/conseils-de-conduite\/guide-pratique-portage-et-remorquage\/#breadcrumb\"},\"inLanguage\":\"fr-FR\",\"potentialAction\":[{\"@type\":\"ReadAction\",\"target\":[\"https:\/\/www.carideal.com\/blog\/conseils-de-conduite\/guide-pratique-portage-et-remorquage\/\"]}]},{\"@type\":\"ImageObject\",\"inLanguage\":\"fr-FR\",\"@id\":\"https:\/\/www.carideal.com\/blog\/conseils-de-conduite\/guide-pratique-portage-et-remorquage\/#primaryimage\",\"url\":\"https:\/\/www.carideal.com\/blog\/wp-content\/uploads\/2017\/04\/coffre-de-toit-e1580052011376.jpg\",\"contentUrl\":\"https:\/\/www.carideal.com\/blog\/wp-content\/uploads\/2017\/04\/coffre-de-toit-e1580052011376.jpg\",\"width\":700,\"height\":467,\"caption\":\"Guide pratique Portage et remorquage\"},{\"@type\":\"BreadcrumbList\",\"@id\":\"https:\/\/www.carideal.com\/blog\/conseils-de-conduite\/guide-pratique-portage-et-remorquage\/#breadcrumb\",\"itemListElement\":[{\"@type\":\"ListItem\",\"position\":1,\"name\":\"Blog Carid\u00e9al\",\"item\":\"https:\/\/www.carideal.com\/blog\/\"},{\"@type\":\"ListItem\",\"position\":2,\"name\":\"Conseils de conduite\",\"item\":\"https:\/\/www.carideal.com\/blog\/conseils-de-conduite\/\"},{\"@type\":\"ListItem\",\"position\":3,\"name\":\"Guide pratique du portage et remorquage\"}]},{\"@type\":\"WebSite\",\"@id\":\"https:\/\/www.carideal.com\/blog\/#website\",\"url\":\"https:\/\/www.carideal.com\/blog\/\",\"name\":\"Blog auto Carid\u00e9al\",\"description\":\"Actualit\u00e9 auto par des passionn\u00e9s\",\"publisher\":{\"@id\":\"https:\/\/www.carideal.com\/blog\/#organization\"},\"potentialAction\":[{\"@type\":\"SearchAction\",\"target\":{\"@type\":\"EntryPoint\",\"urlTemplate\":\"https:\/\/www.carideal.com\/blog\/?s={search_term_string}\"},\"query-input\":{\"@type\":\"PropertyValueSpecification\",\"valueRequired\":true,\"valueName\":\"search_term_string\"}}],\"inLanguage\":\"fr-FR\"},{\"@type\":\"Organization\",\"@id\":\"https:\/\/www.carideal.com\/blog\/#organization\",\"name\":\"Carideal\",\"url\":\"https:\/\/www.carideal.com\/blog\/\",\"logo\":{\"@type\":\"ImageObject\",\"inLanguage\":\"fr-FR\",\"@id\":\"https:\/\/www.carideal.com\/blog\/#\/schema\/logo\/image\/\",\"url\":\"http:\/\/www.carideal.com\/blog\/wp-content\/uploads\/2016\/03\/logo-carideal-mandataire-automobile.png\",\"contentUrl\":\"http:\/\/www.carideal.com\/blog\/wp-content\/uploads\/2016\/03\/logo-carideal-mandataire-automobile.png\",\"width\":300,\"height\":300,\"caption\":\"Carideal\"},\"image\":{\"@id\":\"https:\/\/www.carideal.com\/blog\/#\/schema\/logo\/image\/\"},\"sameAs\":[\"https:\/\/www.facebook.com\/Carideal.mandataire.automobile\",\"https:\/\/x.com\/caridealauto\",\"https:\/\/www.instagram.com\/carideal1\/\",\"https:\/\/www.linkedin.com\/company\/carideal.com\",\"https:\/\/fr.pinterest.com\/schiavonsas\/\",\"https:\/\/www.youtube.com\/user\/caridealsas\"]}]}<\/script>\n<!-- \/ Yoast SEO plugin. -->","yoast_head_json":{"title":"Guide pratique du portage et remorquage - Blog auto Carid\u00e9al","description":"Guide pratique du Portage chargement et remorquage afin de bien partir en vacance le coffre est souvent trop petit et il faut ajouter un coffre de toit","robots":{"index":"index","follow":"follow","max-snippet":"max-snippet:-1","max-image-preview":"max-image-preview:large","max-video-preview":"max-video-preview:-1"},"canonical":"https:\/\/www.carideal.com\/blog\/conseils-de-conduite\/guide-pratique-portage-et-remorquage\/","og_locale":"fr_FR","og_type":"article","og_title":"Guide pratique du portage et remorquage - Blog auto Carid\u00e9al","og_description":"Guide pratique du Portage chargement et remorquage afin de bien partir en vacance le coffre est souvent trop petit et il faut ajouter un coffre de toit","og_url":"https:\/\/www.carideal.com\/blog\/conseils-de-conduite\/guide-pratique-portage-et-remorquage\/","og_site_name":"Blog auto Carid\u00e9al","article_publisher":"https:\/\/www.facebook.com\/Carideal.mandataire.automobile","article_modified_time":"2020-12-16T07:43:37+00:00","og_image":[{"width":700,"height":467,"url":"https:\/\/www.carideal.com\/blog\/wp-content\/uploads\/2017\/04\/coffre-de-toit-e1580052011376.jpg","type":"image\/jpeg"}],"twitter_card":"summary_large_image","twitter_site":"@caridealauto","twitter_misc":{"Dur\u00e9e de lecture estim\u00e9e":"3 minutes"},"schema":{"@context":"https:\/\/schema.org","@graph":[{"@type":"WebPage","@id":"https:\/\/www.carideal.com\/blog\/conseils-de-conduite\/guide-pratique-portage-et-remorquage\/","url":"https:\/\/www.carideal.com\/blog\/conseils-de-conduite\/guide-pratique-portage-et-remorquage\/","name":"Guide pratique du portage et remorquage - Blog auto Carid\u00e9al","isPartOf":{"@id":"https:\/\/www.carideal.com\/blog\/#website"},"primaryImageOfPage":{"@id":"https:\/\/www.carideal.com\/blog\/conseils-de-conduite\/guide-pratique-portage-et-remorquage\/#primaryimage"},"image":{"@id":"https:\/\/www.carideal.com\/blog\/conseils-de-conduite\/guide-pratique-portage-et-remorquage\/#primaryimage"},"thumbnailUrl":"https:\/\/www.carideal.com\/blog\/wp-content\/uploads\/2017\/04\/coffre-de-toit-e1580052011376.jpg","datePublished":"2017-04-08T07:42:25+00:00","dateModified":"2020-12-16T07:43:37+00:00","description":"Guide pratique du Portage chargement et remorquage afin de bien partir en vacance le coffre est souvent trop petit et il faut ajouter un coffre de toit","breadcrumb":{"@id":"https:\/\/www.carideal.com\/blog\/conseils-de-conduite\/guide-pratique-portage-et-remorquage\/#breadcrumb"},"inLanguage":"fr-FR","potentialAction":[{"@type":"ReadAction","target":["https:\/\/www.carideal.com\/blog\/conseils-de-conduite\/guide-pratique-portage-et-remorquage\/"]}]},{"@type":"ImageObject","inLanguage":"fr-FR","@id":"https:\/\/www.carideal.com\/blog\/conseils-de-conduite\/guide-pratique-portage-et-remorquage\/#primaryimage","url":"https:\/\/www.carideal.com\/blog\/wp-content\/uploads\/2017\/04\/coffre-de-toit-e1580052011376.jpg","contentUrl":"https:\/\/www.carideal.com\/blog\/wp-content\/uploads\/2017\/04\/coffre-de-toit-e1580052011376.jpg","width":700,"height":467,"caption":"Guide pratique Portage et remorquage"},{"@type":"BreadcrumbList","@id":"https:\/\/www.carideal.com\/blog\/conseils-de-conduite\/guide-pratique-portage-et-remorquage\/#breadcrumb","itemListElement":[{"@type":"ListItem","position":1,"name":"Blog Carid\u00e9al","item":"https:\/\/www.carideal.com\/blog\/"},{"@type":"ListItem","position":2,"name":"Conseils de conduite","item":"https:\/\/www.carideal.com\/blog\/conseils-de-conduite\/"},{"@type":"ListItem","position":3,"name":"Guide pratique du portage et remorquage"}]},{"@type":"WebSite","@id":"https:\/\/www.carideal.com\/blog\/#website","url":"https:\/\/www.carideal.com\/blog\/","name":"Blog auto Carid\u00e9al","description":"Actualit\u00e9 auto par des passionn\u00e9s","publisher":{"@id":"https:\/\/www.carideal.com\/blog\/#organization"},"potentialAction":[{"@type":"SearchAction","target":{"@type":"EntryPoint","urlTemplate":"https:\/\/www.carideal.com\/blog\/?s={search_term_string}"},"query-input":{"@type":"PropertyValueSpecification","valueRequired":true,"valueName":"search_term_string"}}],"inLanguage":"fr-FR"},{"@type":"Organization","@id":"https:\/\/www.carideal.com\/blog\/#organization","name":"Carideal","url":"https:\/\/www.carideal.com\/blog\/","logo":{"@type":"ImageObject","inLanguage":"fr-FR","@id":"https:\/\/www.carideal.com\/blog\/#\/schema\/logo\/image\/","url":"http:\/\/www.carideal.com\/blog\/wp-content\/uploads\/2016\/03\/logo-carideal-mandataire-automobile.png","contentUrl":"http:\/\/www.carideal.com\/blog\/wp-content\/uploads\/2016\/03\/logo-carideal-mandataire-automobile.png","width":300,"height":300,"caption":"Carideal"},"image":{"@id":"https:\/\/www.carideal.com\/blog\/#\/schema\/logo\/image\/"},"sameAs":["https:\/\/www.facebook.com\/Carideal.mandataire.automobile","https:\/\/x.com\/caridealauto","https:\/\/www.instagram.com\/carideal1\/","https:\/\/www.linkedin.com\/company\/carideal.com","https:\/\/fr.pinterest.com\/schiavonsas\/","https:\/\/www.youtube.com\/user\/caridealsas"]}]}},"uagb_featured_image_src":{"full":["https:\/\/www.carideal.com\/blog\/wp-content\/uploads\/2017\/04\/coffre-de-toit-e1580052011376.jpg",700,467,false],"thumbnail":["https:\/\/www.carideal.com\/blog\/wp-content\/uploads\/2017\/04\/coffre-de-toit-150x150.jpg",150,150,true],"medium":["https:\/\/www.carideal.com\/blog\/wp-content\/uploads\/2017\/04\/coffre-de-toit-300x200.jpg",300,200,true],"medium_large":["https:\/\/www.carideal.com\/blog\/wp-content\/uploads\/2017\/04\/coffre-de-toit-768x512.jpg",768,512,true],"large":["https:\/\/www.carideal.com\/blog\/wp-content\/uploads\/2017\/04\/coffre-de-toit-e1580052011376.jpg",700,467,false],"1536x1536":["https:\/\/www.carideal.com\/blog\/wp-content\/uploads\/2017\/04\/coffre-de-toit-e1580052011376.jpg",700,467,false],"2048x2048":["https:\/\/www.carideal.com\/blog\/wp-content\/uploads\/2017\/04\/coffre-de-toit-e1580052011376.jpg",700,467,false],"wppr-widget":["https:\/\/www.carideal.com\/blog\/wp-content\/uploads\/2017\/04\/coffre-de-toit-e1580052011376.jpg",50,33,false]},"uagb_author_info":{"display_name":"Nicolas SCHIAVON","author_link":"https:\/\/www.carideal.com\/blog\/author\/nschiavon\/"},"uagb_comment_info":0,"uagb_excerpt":"Guide pratique du portage, chargement et remorquage Un coffre est toujours trop pe\u00adtit pour emporter, en vacances, toutes les affaires que l'on souhai\u00adterait... Il faut souvent placer cer\u00adtains bagages sur le toit dans un coffre ou installer une remorque. Mais chargement, comme remorquage, demandent de suivre quelques petites r\u00e8gles pour des trajets sans mauvaises surprises.\u2026","_links":{"self":[{"href":"https:\/\/www.carideal.com\/blog\/wp-json\/wp\/v2\/pages\/15983"}],"collection":[{"href":"https:\/\/www.carideal.com\/blog\/wp-json\/wp\/v2\/pages"}],"about":[{"href":"https:\/\/www.carideal.com\/blog\/wp-json\/wp\/v2\/types\/page"}],"author":[{"embeddable":true,"href":"https:\/\/www.carideal.com\/blog\/wp-json\/wp\/v2\/users\/3"}],"replies":[{"embeddable":true,"href":"https:\/\/www.carideal.com\/blog\/wp-json\/wp\/v2\/comments?post=15983"}],"version-history":[{"count":0,"href":"https:\/\/www.carideal.com\/blog\/wp-json\/wp\/v2\/pages\/15983\/revisions"}],"up":[{"embeddable":true,"href":"https:\/\/www.carideal.com\/blog\/wp-json\/wp\/v2\/pages\/15571"}],"wp:featuredmedia":[{"embeddable":true,"href":"https:\/\/www.carideal.com\/blog\/wp-json\/wp\/v2\/media\/15984"}],"wp:attachment":[{"href":"https:\/\/www.carideal.com\/blog\/wp-json\/wp\/v2\/media?parent=15983"}],"curies":[{"name":"wp","href":"https:\/\/api.w.org\/{rel}","templated":true}]}}