{"id":15948,"date":"2017-04-05T18:12:21","date_gmt":"2017-04-05T16:12:21","guid":{"rendered":"http:\/\/www.carideal.com\/blog\/?page_id=15948"},"modified":"2020-01-27T07:51:30","modified_gmt":"2020-01-27T06:51:30","slug":"forfait-vidange","status":"publish","type":"page","link":"https:\/\/www.carideal.com\/blog\/garage-automobile\/forfait-vidange\/","title":{"rendered":"Forfait Vidange voiture &#8211; Devis rapide"},"content":{"rendered":"<h2>FORFAIT VIDANGE<\/h2>\n<p><strong>FORFAIT VIDANGE<\/strong> dans notre atelier Citro\u00ebn chrono service du <a href=\"http:\/\/www.carideal.com\/blog\/2010\/01\/23\/garage-citroen-schiavon-13-av-de-turin-73000-bassens-chambery\/\">Garage Schiavon Citroen Chamb\u00e9ry<\/a> \u00e0 <strong>64\u20ac<\/strong> correspondant \u00e0 une vidange avec changement de filtre \u00e0 huile et huile Total Activa 10W40\u00a0semi-synth\u00e9tique. (suivant pr\u00e9conisation constructeur en vigueur).<\/p>\n<figure id=\"attachment_15949\" aria-describedby=\"caption-attachment-15949\" style=\"width: 690px\" class=\"wp-caption alignnone\"><img loading=\"lazy\" decoding=\"async\" class=\"wp-image-15949 size-full\" src=\"http:\/\/www.carideal.com\/blog\/wp-content\/uploads\/2017\/04\/forfait-vidange-e1580107707313.jpg\" alt=\"Forfait Vidange\" width=\"700\" height=\"509\" \/><figcaption id=\"caption-attachment-15949\" class=\"wp-caption-text\">Forfait Vidange<\/figcaption><\/figure>\n<p>Prix sp\u00e9cial du forfait vidange pour les\u00a0v\u00e9hicules anciens de 5 ans et plus\u00a0\u00e0 partir de\u00a0<strong>54 \u20ac<\/strong>, suivant les pr\u00e9conisations constructeur.<\/p>\n<p><strong><a href=\"http:\/\/www.carideal.com\/blog\/contactez-nous\/\">CONTACTEZ-NOUS<\/a> POUR LE FORFAIT VIDANGE AU 04 79 33 03 53<\/strong><\/p>\n<p>Le forfait Vidange comprend la vidange du moteur de votre voiture avec une huile homologu\u00e9e constructeur et adapt\u00e9e \u00e0 votre motorisation et le remplacement du filtre \u00e0 huile.<\/p>\n<p>+ 15 contr\u00f4les visuels*<\/p>\n<ul>\n<li>La conformit\u00e9 des pneus<\/li>\n<li>Niveau d\u2019usure des <a href=\"http:\/\/www.carideal.com\/blog\/garage-automobile\/pneu\/\">pneumatiques<\/a><\/li>\n<li>Pression des pneumatiques et de la roue de secours (si accessible)<\/li>\n<li>G\u00e9om\u00e9trie : contr\u00f4le visuel<\/li>\n<li>Vidange : \u00e9tiquette et niveau<\/li>\n<li>Plaquettes de frein si roue d\u00e9pos\u00e9e (niveau d\u2019usure)<\/li>\n<li>Disques de frein si roue d\u00e9pos\u00e9e (niveau d\u2019usure)<\/li>\n<li>Test du liquide de frein<\/li>\n<li><a href=\"http:\/\/www.carideal.com\/blog\/amortisseurs\/\">Amortisseurs<\/a> (pr\u00e9sence de fuite)<\/li>\n<li>Climatisation (date de la derni\u00e8re <a href=\"http:\/\/www.carideal.com\/blog\/garage-automobile\/forfait-recharge-climatisation\/\">recharge de climatisation<\/a>)<\/li>\n<li>Essuie-glaces (lamelles d\u00e9chir\u00e9es)<\/li>\n<li>Lave-glace (1litre)<\/li>\n<li>Mise \u00e0 la pression des 4 pneus<\/li>\n<li>Mise \u00e0 la pression de la roue de secours (si accessible)<\/li>\n<\/ul>\n<p>Consultez notre <a href=\"http:\/\/www.carideal.com\/blog\/garage-automobile\/vidange-voiture\/\">guide<\/a> sur la Vidange pour tout savoir. Le Forfait Vidange est \u00e0 r\u00e9aliser une fois par an pour prendre soin correctement de votre moteur. Il faut bien veiller \u00e0 ne pas l'oublier surtout pour les petits rouleurs, ou les conducteurs faisant de petits parcours \u00e0 froid, ou avec des arr\u00eats fr\u00e9quents. Le Forfait Vidange est une op\u00e9ration d'entretien rapide de votre voiture qui peut facilement se caser dans un planing hebdomadaire.<\/p>\n<p>Nous avons list\u00e9 plus haut la liste de tous les contr\u00f4les visuels effectu\u00e9s en m\u00eame temps que le Forfait Vidange. De plus notre\u00a0<a href=\"http:\/\/www.carideal.com\/blog\/garage-automobile\/\">GARAGE<\/a> poss\u00e8de les agr\u00e9ments qualit\u00e9 &amp; service client OSMOSE, nous faisons syst\u00e9matiquement le tour de votre voiture avec vous, afin de constater les d\u00e9fauts visuels apparents.<\/p>\n","protected":false},"excerpt":{"rendered":"<p>FORFAIT VIDANGE FORFAIT VIDANGE dans notre atelier Citro\u00ebn chrono service du Garage Schiavon Citroen Chamb\u00e9ry \u00e0 64\u20ac correspondant \u00e0 une vidange avec changement de filtre \u00e0 huile et huile Total Activa 10W40\u00a0semi-synth\u00e9tique. (suivant pr\u00e9conisation constructeur en vigueur). Prix sp\u00e9cial du forfait vidange pour les\u00a0v\u00e9hicules anciens de 5 ans et plus\u00a0\u00e0 partir de\u00a054 \u20ac, suivant les &#8230; <a title=\"Forfait Vidange voiture &#8211; Devis rapide\" class=\"read-more\" href=\"https:\/\/www.carideal.com\/blog\/garage-automobile\/forfait-vidange\/\" aria-label=\"En savoir plus sur Forfait Vidange voiture &#8211; Devis rapide\">Lire plus<\/a><\/p>\n","protected":false},"author":3,"featured_media":15949,"parent":13942,"menu_order":0,"comment_status":"closed","ping_status":"closed","template":"","meta":{"_uag_custom_page_level_css":"","_themeisle_gutenberg_block_has_review":false,"footnotes":""},"class_list":["post-15948","page","type-page","status-publish","has-post-thumbnail"],"wppr_data":{"cwp_meta_box_check":"No"},"yoast_head":"<!-- This site is optimized with the Yoast SEO plugin v24.8.1 - https:\/\/yoast.com\/wordpress\/plugins\/seo\/ -->\n<title>Forfait Vidange voiture - Devis rapide - Blog auto Carid\u00e9al<\/title>\n<meta name=\"description\" content=\"D\u00e9couvrez nos forfaits vidange pour v\u00e9hicules diesel ou essence. Choisissez le forfait adapt\u00e9 et obtenez un devis.\" \/>\n<meta name=\"robots\" content=\"index, follow, max-snippet:-1, max-image-preview:large, max-video-preview:-1\" \/>\n<link rel=\"canonical\" href=\"https:\/\/www.carideal.com\/blog\/garage-automobile\/forfait-vidange\/\" \/>\n<meta property=\"og:locale\" content=\"fr_FR\" \/>\n<meta property=\"og:type\" content=\"article\" \/>\n<meta property=\"og:title\" content=\"Forfait Vidange voiture - Devis rapide - Blog auto Carid\u00e9al\" \/>\n<meta property=\"og:description\" content=\"D\u00e9couvrez nos forfaits vidange pour v\u00e9hicules diesel ou essence. Choisissez le forfait adapt\u00e9 et obtenez un devis.\" \/>\n<meta property=\"og:url\" content=\"https:\/\/www.carideal.com\/blog\/garage-automobile\/forfait-vidange\/\" \/>\n<meta property=\"og:site_name\" content=\"Blog auto Carid\u00e9al\" \/>\n<meta property=\"article:publisher\" content=\"https:\/\/www.facebook.com\/Carideal.mandataire.automobile\" \/>\n<meta property=\"article:modified_time\" content=\"2020-01-27T06:51:30+00:00\" \/>\n<meta property=\"og:image\" content=\"https:\/\/www.carideal.com\/blog\/wp-content\/uploads\/2017\/04\/forfait-vidange-e1580107707313.jpg\" \/>\n\t<meta property=\"og:image:width\" content=\"700\" \/>\n\t<meta property=\"og:image:height\" content=\"509\" \/>\n\t<meta property=\"og:image:type\" content=\"image\/jpeg\" \/>\n<meta name=\"twitter:card\" content=\"summary_large_image\" \/>\n<meta name=\"twitter:site\" content=\"@caridealauto\" \/>\n<meta name=\"twitter:label1\" content=\"Dur\u00e9e de lecture estim\u00e9e\" \/>\n\t<meta name=\"twitter:data1\" content=\"2 minutes\" \/>\n<script type=\"application\/ld+json\" class=\"yoast-schema-graph\">{\"@context\":\"https:\/\/schema.org\",\"@graph\":[{\"@type\":\"WebPage\",\"@id\":\"https:\/\/www.carideal.com\/blog\/garage-automobile\/forfait-vidange\/\",\"url\":\"https:\/\/www.carideal.com\/blog\/garage-automobile\/forfait-vidange\/\",\"name\":\"Forfait Vidange voiture - Devis rapide - Blog auto Carid\u00e9al\",\"isPartOf\":{\"@id\":\"https:\/\/www.carideal.com\/blog\/#website\"},\"primaryImageOfPage\":{\"@id\":\"https:\/\/www.carideal.com\/blog\/garage-automobile\/forfait-vidange\/#primaryimage\"},\"image\":{\"@id\":\"https:\/\/www.carideal.com\/blog\/garage-automobile\/forfait-vidange\/#primaryimage\"},\"thumbnailUrl\":\"https:\/\/www.carideal.com\/blog\/wp-content\/uploads\/2017\/04\/forfait-vidange-e1580107707313.jpg\",\"datePublished\":\"2017-04-05T16:12:21+00:00\",\"dateModified\":\"2020-01-27T06:51:30+00:00\",\"description\":\"D\u00e9couvrez nos forfaits vidange pour v\u00e9hicules diesel ou essence. Choisissez le forfait adapt\u00e9 et obtenez un devis.\",\"breadcrumb\":{\"@id\":\"https:\/\/www.carideal.com\/blog\/garage-automobile\/forfait-vidange\/#breadcrumb\"},\"inLanguage\":\"fr-FR\",\"potentialAction\":[{\"@type\":\"ReadAction\",\"target\":[\"https:\/\/www.carideal.com\/blog\/garage-automobile\/forfait-vidange\/\"]}]},{\"@type\":\"ImageObject\",\"inLanguage\":\"fr-FR\",\"@id\":\"https:\/\/www.carideal.com\/blog\/garage-automobile\/forfait-vidange\/#primaryimage\",\"url\":\"https:\/\/www.carideal.com\/blog\/wp-content\/uploads\/2017\/04\/forfait-vidange-e1580107707313.jpg\",\"contentUrl\":\"https:\/\/www.carideal.com\/blog\/wp-content\/uploads\/2017\/04\/forfait-vidange-e1580107707313.jpg\",\"width\":700,\"height\":509,\"caption\":\"Forfait Vidange\"},{\"@type\":\"BreadcrumbList\",\"@id\":\"https:\/\/www.carideal.com\/blog\/garage-automobile\/forfait-vidange\/#breadcrumb\",\"itemListElement\":[{\"@type\":\"ListItem\",\"position\":1,\"name\":\"Blog Carid\u00e9al\",\"item\":\"https:\/\/www.carideal.com\/blog\/\"},{\"@type\":\"ListItem\",\"position\":2,\"name\":\"Garage Automobile\",\"item\":\"https:\/\/www.carideal.com\/blog\/garage-automobile\/\"},{\"@type\":\"ListItem\",\"position\":3,\"name\":\"Forfait Vidange voiture &#8211; Devis rapide\"}]},{\"@type\":\"WebSite\",\"@id\":\"https:\/\/www.carideal.com\/blog\/#website\",\"url\":\"https:\/\/www.carideal.com\/blog\/\",\"name\":\"Blog auto Carid\u00e9al\",\"description\":\"Actualit\u00e9 auto par des passionn\u00e9s\",\"publisher\":{\"@id\":\"https:\/\/www.carideal.com\/blog\/#organization\"},\"potentialAction\":[{\"@type\":\"SearchAction\",\"target\":{\"@type\":\"EntryPoint\",\"urlTemplate\":\"https:\/\/www.carideal.com\/blog\/?s={search_term_string}\"},\"query-input\":{\"@type\":\"PropertyValueSpecification\",\"valueRequired\":true,\"valueName\":\"search_term_string\"}}],\"inLanguage\":\"fr-FR\"},{\"@type\":\"Organization\",\"@id\":\"https:\/\/www.carideal.com\/blog\/#organization\",\"name\":\"Carideal\",\"url\":\"https:\/\/www.carideal.com\/blog\/\",\"logo\":{\"@type\":\"ImageObject\",\"inLanguage\":\"fr-FR\",\"@id\":\"https:\/\/www.carideal.com\/blog\/#\/schema\/logo\/image\/\",\"url\":\"http:\/\/www.carideal.com\/blog\/wp-content\/uploads\/2016\/03\/logo-carideal-mandataire-automobile.png\",\"contentUrl\":\"http:\/\/www.carideal.com\/blog\/wp-content\/uploads\/2016\/03\/logo-carideal-mandataire-automobile.png\",\"width\":300,\"height\":300,\"caption\":\"Carideal\"},\"image\":{\"@id\":\"https:\/\/www.carideal.com\/blog\/#\/schema\/logo\/image\/\"},\"sameAs\":[\"https:\/\/www.facebook.com\/Carideal.mandataire.automobile\",\"https:\/\/x.com\/caridealauto\",\"https:\/\/www.instagram.com\/carideal1\/\",\"https:\/\/www.linkedin.com\/company\/carideal.com\",\"https:\/\/fr.pinterest.com\/schiavonsas\/\",\"https:\/\/www.youtube.com\/user\/caridealsas\"]}]}<\/script>\n<!-- \/ Yoast SEO plugin. -->","yoast_head_json":{"title":"Forfait Vidange voiture - Devis rapide - Blog auto Carid\u00e9al","description":"D\u00e9couvrez nos forfaits vidange pour v\u00e9hicules diesel ou essence. Choisissez le forfait adapt\u00e9 et obtenez un devis.","robots":{"index":"index","follow":"follow","max-snippet":"max-snippet:-1","max-image-preview":"max-image-preview:large","max-video-preview":"max-video-preview:-1"},"canonical":"https:\/\/www.carideal.com\/blog\/garage-automobile\/forfait-vidange\/","og_locale":"fr_FR","og_type":"article","og_title":"Forfait Vidange voiture - Devis rapide - Blog auto Carid\u00e9al","og_description":"D\u00e9couvrez nos forfaits vidange pour v\u00e9hicules diesel ou essence. Choisissez le forfait adapt\u00e9 et obtenez un devis.","og_url":"https:\/\/www.carideal.com\/blog\/garage-automobile\/forfait-vidange\/","og_site_name":"Blog auto Carid\u00e9al","article_publisher":"https:\/\/www.facebook.com\/Carideal.mandataire.automobile","article_modified_time":"2020-01-27T06:51:30+00:00","og_image":[{"width":700,"height":509,"url":"https:\/\/www.carideal.com\/blog\/wp-content\/uploads\/2017\/04\/forfait-vidange-e1580107707313.jpg","type":"image\/jpeg"}],"twitter_card":"summary_large_image","twitter_site":"@caridealauto","twitter_misc":{"Dur\u00e9e de lecture estim\u00e9e":"2 minutes"},"schema":{"@context":"https:\/\/schema.org","@graph":[{"@type":"WebPage","@id":"https:\/\/www.carideal.com\/blog\/garage-automobile\/forfait-vidange\/","url":"https:\/\/www.carideal.com\/blog\/garage-automobile\/forfait-vidange\/","name":"Forfait Vidange voiture - Devis rapide - Blog auto Carid\u00e9al","isPartOf":{"@id":"https:\/\/www.carideal.com\/blog\/#website"},"primaryImageOfPage":{"@id":"https:\/\/www.carideal.com\/blog\/garage-automobile\/forfait-vidange\/#primaryimage"},"image":{"@id":"https:\/\/www.carideal.com\/blog\/garage-automobile\/forfait-vidange\/#primaryimage"},"thumbnailUrl":"https:\/\/www.carideal.com\/blog\/wp-content\/uploads\/2017\/04\/forfait-vidange-e1580107707313.jpg","datePublished":"2017-04-05T16:12:21+00:00","dateModified":"2020-01-27T06:51:30+00:00","description":"D\u00e9couvrez nos forfaits vidange pour v\u00e9hicules diesel ou essence. Choisissez le forfait adapt\u00e9 et obtenez un devis.","breadcrumb":{"@id":"https:\/\/www.carideal.com\/blog\/garage-automobile\/forfait-vidange\/#breadcrumb"},"inLanguage":"fr-FR","potentialAction":[{"@type":"ReadAction","target":["https:\/\/www.carideal.com\/blog\/garage-automobile\/forfait-vidange\/"]}]},{"@type":"ImageObject","inLanguage":"fr-FR","@id":"https:\/\/www.carideal.com\/blog\/garage-automobile\/forfait-vidange\/#primaryimage","url":"https:\/\/www.carideal.com\/blog\/wp-content\/uploads\/2017\/04\/forfait-vidange-e1580107707313.jpg","contentUrl":"https:\/\/www.carideal.com\/blog\/wp-content\/uploads\/2017\/04\/forfait-vidange-e1580107707313.jpg","width":700,"height":509,"caption":"Forfait Vidange"},{"@type":"BreadcrumbList","@id":"https:\/\/www.carideal.com\/blog\/garage-automobile\/forfait-vidange\/#breadcrumb","itemListElement":[{"@type":"ListItem","position":1,"name":"Blog Carid\u00e9al","item":"https:\/\/www.carideal.com\/blog\/"},{"@type":"ListItem","position":2,"name":"Garage Automobile","item":"https:\/\/www.carideal.com\/blog\/garage-automobile\/"},{"@type":"ListItem","position":3,"name":"Forfait Vidange voiture &#8211; Devis rapide"}]},{"@type":"WebSite","@id":"https:\/\/www.carideal.com\/blog\/#website","url":"https:\/\/www.carideal.com\/blog\/","name":"Blog auto Carid\u00e9al","description":"Actualit\u00e9 auto par des passionn\u00e9s","publisher":{"@id":"https:\/\/www.carideal.com\/blog\/#organization"},"potentialAction":[{"@type":"SearchAction","target":{"@type":"EntryPoint","urlTemplate":"https:\/\/www.carideal.com\/blog\/?s={search_term_string}"},"query-input":{"@type":"PropertyValueSpecification","valueRequired":true,"valueName":"search_term_string"}}],"inLanguage":"fr-FR"},{"@type":"Organization","@id":"https:\/\/www.carideal.com\/blog\/#organization","name":"Carideal","url":"https:\/\/www.carideal.com\/blog\/","logo":{"@type":"ImageObject","inLanguage":"fr-FR","@id":"https:\/\/www.carideal.com\/blog\/#\/schema\/logo\/image\/","url":"http:\/\/www.carideal.com\/blog\/wp-content\/uploads\/2016\/03\/logo-carideal-mandataire-automobile.png","contentUrl":"http:\/\/www.carideal.com\/blog\/wp-content\/uploads\/2016\/03\/logo-carideal-mandataire-automobile.png","width":300,"height":300,"caption":"Carideal"},"image":{"@id":"https:\/\/www.carideal.com\/blog\/#\/schema\/logo\/image\/"},"sameAs":["https:\/\/www.facebook.com\/Carideal.mandataire.automobile","https:\/\/x.com\/caridealauto","https:\/\/www.instagram.com\/carideal1\/","https:\/\/www.linkedin.com\/company\/carideal.com","https:\/\/fr.pinterest.com\/schiavonsas\/","https:\/\/www.youtube.com\/user\/caridealsas"]}]}},"uagb_featured_image_src":{"full":["https:\/\/www.carideal.com\/blog\/wp-content\/uploads\/2017\/04\/forfait-vidange-e1580107707313.jpg",700,509,false],"thumbnail":["https:\/\/www.carideal.com\/blog\/wp-content\/uploads\/2017\/04\/forfait-vidange-150x150.jpg",150,150,true],"medium":["https:\/\/www.carideal.com\/blog\/wp-content\/uploads\/2017\/04\/forfait-vidange-300x218.jpg",300,218,true],"medium_large":["https:\/\/www.carideal.com\/blog\/wp-content\/uploads\/2017\/04\/forfait-vidange-768x558.jpg",768,558,true],"large":["https:\/\/www.carideal.com\/blog\/wp-content\/uploads\/2017\/04\/forfait-vidange-e1580107707313.jpg",700,509,false],"1536x1536":["https:\/\/www.carideal.com\/blog\/wp-content\/uploads\/2017\/04\/forfait-vidange-e1580107707313.jpg",700,509,false],"2048x2048":["https:\/\/www.carideal.com\/blog\/wp-content\/uploads\/2017\/04\/forfait-vidange-e1580107707313.jpg",700,509,false],"wppr-widget":["https:\/\/www.carideal.com\/blog\/wp-content\/uploads\/2017\/04\/forfait-vidange-e1580107707313.jpg",50,36,false]},"uagb_author_info":{"display_name":"Nicolas SCHIAVON","author_link":"https:\/\/www.carideal.com\/blog\/author\/nschiavon\/"},"uagb_comment_info":0,"uagb_excerpt":"FORFAIT VIDANGE FORFAIT VIDANGE dans notre atelier Citro\u00ebn chrono service du Garage Schiavon Citroen Chamb\u00e9ry \u00e0 64\u20ac correspondant \u00e0 une vidange avec changement de filtre \u00e0 huile et huile Total Activa 10W40\u00a0semi-synth\u00e9tique. (suivant pr\u00e9conisation constructeur en vigueur). Prix sp\u00e9cial du forfait vidange pour les\u00a0v\u00e9hicules anciens de 5 ans et plus\u00a0\u00e0 partir de\u00a054 \u20ac, suivant les\u2026","_links":{"self":[{"href":"https:\/\/www.carideal.com\/blog\/wp-json\/wp\/v2\/pages\/15948"}],"collection":[{"href":"https:\/\/www.carideal.com\/blog\/wp-json\/wp\/v2\/pages"}],"about":[{"href":"https:\/\/www.carideal.com\/blog\/wp-json\/wp\/v2\/types\/page"}],"author":[{"embeddable":true,"href":"https:\/\/www.carideal.com\/blog\/wp-json\/wp\/v2\/users\/3"}],"replies":[{"embeddable":true,"href":"https:\/\/www.carideal.com\/blog\/wp-json\/wp\/v2\/comments?post=15948"}],"version-history":[{"count":0,"href":"https:\/\/www.carideal.com\/blog\/wp-json\/wp\/v2\/pages\/15948\/revisions"}],"up":[{"embeddable":true,"href":"https:\/\/www.carideal.com\/blog\/wp-json\/wp\/v2\/pages\/13942"}],"wp:featuredmedia":[{"embeddable":true,"href":"https:\/\/www.carideal.com\/blog\/wp-json\/wp\/v2\/media\/15949"}],"wp:attachment":[{"href":"https:\/\/www.carideal.com\/blog\/wp-json\/wp\/v2\/media?parent=15948"}],"curies":[{"name":"wp","href":"https:\/\/api.w.org\/{rel}","templated":true}]}}