{"id":15932,"date":"2017-04-05T15:21:10","date_gmt":"2017-04-05T13:21:10","guid":{"rendered":"http:\/\/www.carideal.com\/blog\/?page_id=15932"},"modified":"2024-01-20T21:01:36","modified_gmt":"2024-01-20T20:01:36","slug":"prix-vidange","status":"publish","type":"page","link":"https:\/\/www.carideal.com\/blog\/garage-automobile\/prix-vidange\/","title":{"rendered":"Prix vidange : des forfaits pour l&rsquo;entretien de votre voiture"},"content":{"rendered":"\n<h2 class=\"wp-block-heading\">LE PRIX DE LA VIDANGE A PARTIR DE 64 \u20ac<\/h2>\n\n\n\n<p><strong>PRIX VIDANGE<\/strong> avec changement de Filtre et Huile TOTAL ACTIVA 10W-40 huile semi synth\u00e9tique norm\u00e9e constructeur pour la vidange. 02\/2013<\/p>\n\n\n\n<figure class=\"wp-block-image alignnone wp-image-15934 size-full\"><img loading=\"lazy\" decoding=\"async\" width=\"700\" height=\"312\" src=\"http:\/\/www.carideal.com\/blog\/wp-content\/uploads\/2017\/04\/prix-vidange-1-e1580156619443.jpg\" alt=\"Prix Vidange\" class=\"wp-image-15934\"\/><figcaption class=\"wp-element-caption\">Prix Vidange<\/figcaption><\/figure>\n\n\n\n<p><strong><a href=\"http:\/\/www.carideal.com\/blog\/contactez-nous\/\">CONTACTEZ-NOUS<\/a> POUR UN PRIX DE VIDANGE AU 04 79 33 03 53<\/strong><\/p>\n\n\n\n<h2 class=\"wp-block-heading\"><strong>LA VIDANGE UNE OPERATION ESSENTIELLE POUR VOTRE VEHICULE<\/strong><\/h2>\n\n\n\n<p>Remplacer r\u00e9guli\u00e8rement l'huile de votre moteur par un lubrifiant neuf r\u00e9pondant aux normes constructeur&nbsp;est une n\u00e9cessit\u00e9. La vidange \u00e9limine toutes les impuret\u00e9s dues \u00e0 l'activit\u00e9 de votre v\u00e9hicule et garantie la long\u00e9vit\u00e9 de votre moteur et de l'\u00e9chappement.<br>\n<strong>Une Huile neuve est l'assurance d'un parfait Fonctionnement.<\/strong><\/p>\n\n\n\n<p>Offre uniquement cumulable avec les offres du Flyer en vigueur r\u00e9serv\u00e9es aux particuliers valables pour la p\u00e9riode cit\u00e9e sur remise du coupon dans le r\u00e9seau CARIDEAL pour 5L d'huile maximum.<\/p>\n\n\n\n<h2 class=\"wp-block-heading\">DE QUOI D\u00c9PEND LE PRIX DE VOTRE VIDANGE ?<\/h2>\n\n\n\n<p>Le Prix de la vidange d\u00e9pend bien sur en premier lieu des huiles que le garage va utiliser pour votre voiture. Les voitures sont de plus en plus sophistiqu\u00e9es, avec des syst\u00e8mes de d\u00e9pollution plus draconiens, on en est aux normes&nbsp;<a href=\"http:\/\/www.carideal.com\/blog\/2014\/09\/24\/euro-6-le-diesel-qui-ne-pollue-plus\/\">EURO 6<\/a> \u00e0 ce jour, les espacements des vidanges sont de plus en plus important. Vous pouvez lire notre <a href=\"http:\/\/www.carideal.com\/blog\/garage-automobile\/vidange-voiture\/\">guide de la vidange<\/a> \u00e0 ce sujet.<\/p>\n\n\n\n<p>Le Prix de la vidange d\u00e9pend donc de la qualit\u00e9 de l'huile et de sa Viscosit\u00e9, 0W30, 10W40, 15W30 etc. de la marque de l'huile et de ses adjuvants et aussi de ses <a href=\"http:\/\/leslubrifiants.com\/2014\/08\/28\/lubrifiants-la-classification-des-huiles-moteur-fluidite-niveau-de-performance\/\">normes lubrifiant<\/a>.<\/p>\n\n\n\n<p>Le prix de la Vidange va aussi d\u00e9pendre de la qualit\u00e9 du filtre \u00e0 huile utilis\u00e9. Par exemple, tous les filtres \u00e0 huile constructeur sont \u00e9quip\u00e9 d'un clapet anti-retour pour emp\u00eacher que le filtre \u00e0 huile ne se vide lors de l'arr\u00eat du moteur. Certain filtre \u00e0 huile pas cher, n'en sont pas \u00e9quip\u00e9s, afin de faire des \u00e9conomies, ce qui peut expliquer certain prix de vidange pas cher. Ils sont de moins bonne qualit\u00e9 et sont \u00e0 \u00e9viter.<\/p>\n\n\n\n<p>Pensez \u00e0 v\u00e9rifier le niveau de l'huile entre deux vidanges.<\/p>\n","protected":false},"excerpt":{"rendered":"<p>LE PRIX DE LA VIDANGE A PARTIR DE 64 \u20ac PRIX VIDANGE avec changement de Filtre et Huile TOTAL ACTIVA 10W-40 huile semi synth\u00e9tique norm\u00e9e constructeur pour la vidange. 02\/2013 CONTACTEZ-NOUS POUR UN PRIX DE VIDANGE AU 04 79 33 03 53 LA VIDANGE UNE OPERATION ESSENTIELLE POUR VOTRE VEHICULE Remplacer r\u00e9guli\u00e8rement l&rsquo;huile de votre &#8230; <a title=\"Prix vidange : des forfaits pour l&rsquo;entretien de votre voiture\" class=\"read-more\" href=\"https:\/\/www.carideal.com\/blog\/garage-automobile\/prix-vidange\/\" aria-label=\"En savoir plus sur Prix vidange : des forfaits pour l&rsquo;entretien de votre voiture\">Lire plus<\/a><\/p>\n","protected":false},"author":3,"featured_media":15934,"parent":13942,"menu_order":0,"comment_status":"closed","ping_status":"closed","template":"","meta":{"_uag_custom_page_level_css":"","_themeisle_gutenberg_block_has_review":false,"footnotes":""},"class_list":["post-15932","page","type-page","status-publish","has-post-thumbnail"],"wppr_data":{"cwp_meta_box_check":"No"},"yoast_head":"<!-- This site is optimized with the Yoast SEO plugin v24.8.1 - https:\/\/yoast.com\/wordpress\/plugins\/seo\/ -->\n<title>Prix vidange : des forfaits pour l&#039;entretien de votre voiture - Blog auto Carid\u00e9al<\/title>\n<meta name=\"description\" content=\"Le prix d&#039;une vidange automobile d\u00e9pend du type de forfait souhait\u00e9. Nous vous proposons diverses offres pour vidanger votre v\u00e9hicule diesel ou essence\" \/>\n<meta name=\"robots\" content=\"index, follow, max-snippet:-1, max-image-preview:large, max-video-preview:-1\" \/>\n<link rel=\"canonical\" href=\"https:\/\/www.carideal.com\/blog\/garage-automobile\/prix-vidange\/\" \/>\n<meta property=\"og:locale\" content=\"fr_FR\" \/>\n<meta property=\"og:type\" content=\"article\" \/>\n<meta property=\"og:title\" content=\"Prix vidange : des forfaits pour l&#039;entretien de votre voiture - Blog auto Carid\u00e9al\" \/>\n<meta property=\"og:description\" content=\"Le prix d&#039;une vidange automobile d\u00e9pend du type de forfait souhait\u00e9. Nous vous proposons diverses offres pour vidanger votre v\u00e9hicule diesel ou essence\" \/>\n<meta property=\"og:url\" content=\"https:\/\/www.carideal.com\/blog\/garage-automobile\/prix-vidange\/\" \/>\n<meta property=\"og:site_name\" content=\"Blog auto Carid\u00e9al\" \/>\n<meta property=\"article:publisher\" content=\"https:\/\/www.facebook.com\/Carideal.mandataire.automobile\" \/>\n<meta property=\"article:modified_time\" content=\"2024-01-20T20:01:36+00:00\" \/>\n<meta property=\"og:image\" content=\"https:\/\/www.carideal.com\/blog\/wp-content\/uploads\/2017\/04\/prix-vidange-1-e1580156619443.jpg\" \/>\n\t<meta property=\"og:image:width\" content=\"700\" \/>\n\t<meta property=\"og:image:height\" content=\"312\" \/>\n\t<meta property=\"og:image:type\" content=\"image\/jpeg\" \/>\n<meta name=\"twitter:card\" content=\"summary_large_image\" \/>\n<meta name=\"twitter:site\" content=\"@caridealauto\" \/>\n<meta name=\"twitter:label1\" content=\"Dur\u00e9e de lecture estim\u00e9e\" \/>\n\t<meta name=\"twitter:data1\" content=\"3 minutes\" \/>\n<script type=\"application\/ld+json\" class=\"yoast-schema-graph\">{\"@context\":\"https:\/\/schema.org\",\"@graph\":[{\"@type\":\"WebPage\",\"@id\":\"https:\/\/www.carideal.com\/blog\/garage-automobile\/prix-vidange\/\",\"url\":\"https:\/\/www.carideal.com\/blog\/garage-automobile\/prix-vidange\/\",\"name\":\"Prix vidange : des forfaits pour l'entretien de votre voiture - Blog auto Carid\u00e9al\",\"isPartOf\":{\"@id\":\"https:\/\/www.carideal.com\/blog\/#website\"},\"primaryImageOfPage\":{\"@id\":\"https:\/\/www.carideal.com\/blog\/garage-automobile\/prix-vidange\/#primaryimage\"},\"image\":{\"@id\":\"https:\/\/www.carideal.com\/blog\/garage-automobile\/prix-vidange\/#primaryimage\"},\"thumbnailUrl\":\"https:\/\/www.carideal.com\/blog\/wp-content\/uploads\/2017\/04\/prix-vidange-1-e1580156619443.jpg\",\"datePublished\":\"2017-04-05T13:21:10+00:00\",\"dateModified\":\"2024-01-20T20:01:36+00:00\",\"description\":\"Le prix d'une vidange automobile d\u00e9pend du type de forfait souhait\u00e9. Nous vous proposons diverses offres pour vidanger votre v\u00e9hicule diesel ou essence\",\"breadcrumb\":{\"@id\":\"https:\/\/www.carideal.com\/blog\/garage-automobile\/prix-vidange\/#breadcrumb\"},\"inLanguage\":\"fr-FR\",\"potentialAction\":[{\"@type\":\"ReadAction\",\"target\":[\"https:\/\/www.carideal.com\/blog\/garage-automobile\/prix-vidange\/\"]}]},{\"@type\":\"ImageObject\",\"inLanguage\":\"fr-FR\",\"@id\":\"https:\/\/www.carideal.com\/blog\/garage-automobile\/prix-vidange\/#primaryimage\",\"url\":\"https:\/\/www.carideal.com\/blog\/wp-content\/uploads\/2017\/04\/prix-vidange-1-e1580156619443.jpg\",\"contentUrl\":\"https:\/\/www.carideal.com\/blog\/wp-content\/uploads\/2017\/04\/prix-vidange-1-e1580156619443.jpg\",\"width\":700,\"height\":312,\"caption\":\"Prix Vidange\"},{\"@type\":\"BreadcrumbList\",\"@id\":\"https:\/\/www.carideal.com\/blog\/garage-automobile\/prix-vidange\/#breadcrumb\",\"itemListElement\":[{\"@type\":\"ListItem\",\"position\":1,\"name\":\"Blog Carid\u00e9al\",\"item\":\"https:\/\/www.carideal.com\/blog\/\"},{\"@type\":\"ListItem\",\"position\":2,\"name\":\"Garage Automobile\",\"item\":\"https:\/\/www.carideal.com\/blog\/garage-automobile\/\"},{\"@type\":\"ListItem\",\"position\":3,\"name\":\"Prix Vidange\"}]},{\"@type\":\"WebSite\",\"@id\":\"https:\/\/www.carideal.com\/blog\/#website\",\"url\":\"https:\/\/www.carideal.com\/blog\/\",\"name\":\"Blog auto Carid\u00e9al\",\"description\":\"Actualit\u00e9 auto par des passionn\u00e9s\",\"publisher\":{\"@id\":\"https:\/\/www.carideal.com\/blog\/#organization\"},\"potentialAction\":[{\"@type\":\"SearchAction\",\"target\":{\"@type\":\"EntryPoint\",\"urlTemplate\":\"https:\/\/www.carideal.com\/blog\/?s={search_term_string}\"},\"query-input\":{\"@type\":\"PropertyValueSpecification\",\"valueRequired\":true,\"valueName\":\"search_term_string\"}}],\"inLanguage\":\"fr-FR\"},{\"@type\":\"Organization\",\"@id\":\"https:\/\/www.carideal.com\/blog\/#organization\",\"name\":\"Carideal\",\"url\":\"https:\/\/www.carideal.com\/blog\/\",\"logo\":{\"@type\":\"ImageObject\",\"inLanguage\":\"fr-FR\",\"@id\":\"https:\/\/www.carideal.com\/blog\/#\/schema\/logo\/image\/\",\"url\":\"http:\/\/www.carideal.com\/blog\/wp-content\/uploads\/2016\/03\/logo-carideal-mandataire-automobile.png\",\"contentUrl\":\"http:\/\/www.carideal.com\/blog\/wp-content\/uploads\/2016\/03\/logo-carideal-mandataire-automobile.png\",\"width\":300,\"height\":300,\"caption\":\"Carideal\"},\"image\":{\"@id\":\"https:\/\/www.carideal.com\/blog\/#\/schema\/logo\/image\/\"},\"sameAs\":[\"https:\/\/www.facebook.com\/Carideal.mandataire.automobile\",\"https:\/\/x.com\/caridealauto\",\"https:\/\/www.instagram.com\/carideal1\/\",\"https:\/\/www.linkedin.com\/company\/carideal.com\",\"https:\/\/fr.pinterest.com\/schiavonsas\/\",\"https:\/\/www.youtube.com\/user\/caridealsas\"]}]}<\/script>\n<!-- \/ Yoast SEO plugin. -->","yoast_head_json":{"title":"Prix vidange : des forfaits pour l'entretien de votre voiture - Blog auto Carid\u00e9al","description":"Le prix d'une vidange automobile d\u00e9pend du type de forfait souhait\u00e9. Nous vous proposons diverses offres pour vidanger votre v\u00e9hicule diesel ou essence","robots":{"index":"index","follow":"follow","max-snippet":"max-snippet:-1","max-image-preview":"max-image-preview:large","max-video-preview":"max-video-preview:-1"},"canonical":"https:\/\/www.carideal.com\/blog\/garage-automobile\/prix-vidange\/","og_locale":"fr_FR","og_type":"article","og_title":"Prix vidange : des forfaits pour l'entretien de votre voiture - Blog auto Carid\u00e9al","og_description":"Le prix d'une vidange automobile d\u00e9pend du type de forfait souhait\u00e9. Nous vous proposons diverses offres pour vidanger votre v\u00e9hicule diesel ou essence","og_url":"https:\/\/www.carideal.com\/blog\/garage-automobile\/prix-vidange\/","og_site_name":"Blog auto Carid\u00e9al","article_publisher":"https:\/\/www.facebook.com\/Carideal.mandataire.automobile","article_modified_time":"2024-01-20T20:01:36+00:00","og_image":[{"width":700,"height":312,"url":"https:\/\/www.carideal.com\/blog\/wp-content\/uploads\/2017\/04\/prix-vidange-1-e1580156619443.jpg","type":"image\/jpeg"}],"twitter_card":"summary_large_image","twitter_site":"@caridealauto","twitter_misc":{"Dur\u00e9e de lecture estim\u00e9e":"3 minutes"},"schema":{"@context":"https:\/\/schema.org","@graph":[{"@type":"WebPage","@id":"https:\/\/www.carideal.com\/blog\/garage-automobile\/prix-vidange\/","url":"https:\/\/www.carideal.com\/blog\/garage-automobile\/prix-vidange\/","name":"Prix vidange : des forfaits pour l'entretien de votre voiture - Blog auto Carid\u00e9al","isPartOf":{"@id":"https:\/\/www.carideal.com\/blog\/#website"},"primaryImageOfPage":{"@id":"https:\/\/www.carideal.com\/blog\/garage-automobile\/prix-vidange\/#primaryimage"},"image":{"@id":"https:\/\/www.carideal.com\/blog\/garage-automobile\/prix-vidange\/#primaryimage"},"thumbnailUrl":"https:\/\/www.carideal.com\/blog\/wp-content\/uploads\/2017\/04\/prix-vidange-1-e1580156619443.jpg","datePublished":"2017-04-05T13:21:10+00:00","dateModified":"2024-01-20T20:01:36+00:00","description":"Le prix d'une vidange automobile d\u00e9pend du type de forfait souhait\u00e9. Nous vous proposons diverses offres pour vidanger votre v\u00e9hicule diesel ou essence","breadcrumb":{"@id":"https:\/\/www.carideal.com\/blog\/garage-automobile\/prix-vidange\/#breadcrumb"},"inLanguage":"fr-FR","potentialAction":[{"@type":"ReadAction","target":["https:\/\/www.carideal.com\/blog\/garage-automobile\/prix-vidange\/"]}]},{"@type":"ImageObject","inLanguage":"fr-FR","@id":"https:\/\/www.carideal.com\/blog\/garage-automobile\/prix-vidange\/#primaryimage","url":"https:\/\/www.carideal.com\/blog\/wp-content\/uploads\/2017\/04\/prix-vidange-1-e1580156619443.jpg","contentUrl":"https:\/\/www.carideal.com\/blog\/wp-content\/uploads\/2017\/04\/prix-vidange-1-e1580156619443.jpg","width":700,"height":312,"caption":"Prix Vidange"},{"@type":"BreadcrumbList","@id":"https:\/\/www.carideal.com\/blog\/garage-automobile\/prix-vidange\/#breadcrumb","itemListElement":[{"@type":"ListItem","position":1,"name":"Blog Carid\u00e9al","item":"https:\/\/www.carideal.com\/blog\/"},{"@type":"ListItem","position":2,"name":"Garage Automobile","item":"https:\/\/www.carideal.com\/blog\/garage-automobile\/"},{"@type":"ListItem","position":3,"name":"Prix Vidange"}]},{"@type":"WebSite","@id":"https:\/\/www.carideal.com\/blog\/#website","url":"https:\/\/www.carideal.com\/blog\/","name":"Blog auto Carid\u00e9al","description":"Actualit\u00e9 auto par des passionn\u00e9s","publisher":{"@id":"https:\/\/www.carideal.com\/blog\/#organization"},"potentialAction":[{"@type":"SearchAction","target":{"@type":"EntryPoint","urlTemplate":"https:\/\/www.carideal.com\/blog\/?s={search_term_string}"},"query-input":{"@type":"PropertyValueSpecification","valueRequired":true,"valueName":"search_term_string"}}],"inLanguage":"fr-FR"},{"@type":"Organization","@id":"https:\/\/www.carideal.com\/blog\/#organization","name":"Carideal","url":"https:\/\/www.carideal.com\/blog\/","logo":{"@type":"ImageObject","inLanguage":"fr-FR","@id":"https:\/\/www.carideal.com\/blog\/#\/schema\/logo\/image\/","url":"http:\/\/www.carideal.com\/blog\/wp-content\/uploads\/2016\/03\/logo-carideal-mandataire-automobile.png","contentUrl":"http:\/\/www.carideal.com\/blog\/wp-content\/uploads\/2016\/03\/logo-carideal-mandataire-automobile.png","width":300,"height":300,"caption":"Carideal"},"image":{"@id":"https:\/\/www.carideal.com\/blog\/#\/schema\/logo\/image\/"},"sameAs":["https:\/\/www.facebook.com\/Carideal.mandataire.automobile","https:\/\/x.com\/caridealauto","https:\/\/www.instagram.com\/carideal1\/","https:\/\/www.linkedin.com\/company\/carideal.com","https:\/\/fr.pinterest.com\/schiavonsas\/","https:\/\/www.youtube.com\/user\/caridealsas"]}]}},"uagb_featured_image_src":{"full":["https:\/\/www.carideal.com\/blog\/wp-content\/uploads\/2017\/04\/prix-vidange-1-e1580156619443.jpg",700,312,false],"thumbnail":["https:\/\/www.carideal.com\/blog\/wp-content\/uploads\/2017\/04\/prix-vidange-1-150x150.jpg",150,150,true],"medium":["https:\/\/www.carideal.com\/blog\/wp-content\/uploads\/2017\/04\/prix-vidange-1-300x133.jpg",300,133,true],"medium_large":["https:\/\/www.carideal.com\/blog\/wp-content\/uploads\/2017\/04\/prix-vidange-1-768x341.jpg",768,341,true],"large":["https:\/\/www.carideal.com\/blog\/wp-content\/uploads\/2017\/04\/prix-vidange-1-e1580156619443.jpg",700,312,false],"1536x1536":["https:\/\/www.carideal.com\/blog\/wp-content\/uploads\/2017\/04\/prix-vidange-1-e1580156619443.jpg",700,312,false],"2048x2048":["https:\/\/www.carideal.com\/blog\/wp-content\/uploads\/2017\/04\/prix-vidange-1-e1580156619443.jpg",700,312,false],"wppr-widget":["https:\/\/www.carideal.com\/blog\/wp-content\/uploads\/2017\/04\/prix-vidange-1-e1580156619443.jpg",50,22,false]},"uagb_author_info":{"display_name":"Nicolas SCHIAVON","author_link":"https:\/\/www.carideal.com\/blog\/author\/nschiavon\/"},"uagb_comment_info":0,"uagb_excerpt":"LE PRIX DE LA VIDANGE A PARTIR DE 64 \u20ac PRIX VIDANGE avec changement de Filtre et Huile TOTAL ACTIVA 10W-40 huile semi synth\u00e9tique norm\u00e9e constructeur pour la vidange. 02\/2013 CONTACTEZ-NOUS POUR UN PRIX DE VIDANGE AU 04 79 33 03 53 LA VIDANGE UNE OPERATION ESSENTIELLE POUR VOTRE VEHICULE Remplacer r\u00e9guli\u00e8rement l'huile de votre\u2026","_links":{"self":[{"href":"https:\/\/www.carideal.com\/blog\/wp-json\/wp\/v2\/pages\/15932"}],"collection":[{"href":"https:\/\/www.carideal.com\/blog\/wp-json\/wp\/v2\/pages"}],"about":[{"href":"https:\/\/www.carideal.com\/blog\/wp-json\/wp\/v2\/types\/page"}],"author":[{"embeddable":true,"href":"https:\/\/www.carideal.com\/blog\/wp-json\/wp\/v2\/users\/3"}],"replies":[{"embeddable":true,"href":"https:\/\/www.carideal.com\/blog\/wp-json\/wp\/v2\/comments?post=15932"}],"version-history":[{"count":0,"href":"https:\/\/www.carideal.com\/blog\/wp-json\/wp\/v2\/pages\/15932\/revisions"}],"up":[{"embeddable":true,"href":"https:\/\/www.carideal.com\/blog\/wp-json\/wp\/v2\/pages\/13942"}],"wp:featuredmedia":[{"embeddable":true,"href":"https:\/\/www.carideal.com\/blog\/wp-json\/wp\/v2\/media\/15934"}],"wp:attachment":[{"href":"https:\/\/www.carideal.com\/blog\/wp-json\/wp\/v2\/media?parent=15932"}],"curies":[{"name":"wp","href":"https:\/\/api.w.org\/{rel}","templated":true}]}}