{"id":15855,"date":"2017-03-30T17:51:13","date_gmt":"2017-03-30T15:51:13","guid":{"rendered":"http:\/\/www.carideal.com\/blog\/?page_id=15855"},"modified":"2020-03-07T16:30:46","modified_gmt":"2020-03-07T15:30:46","slug":"forfait-recharge-climatisation","status":"publish","type":"page","link":"https:\/\/www.carideal.com\/blog\/garage-automobile\/forfait-recharge-climatisation\/","title":{"rendered":"Forfait recharge de climatisation"},"content":{"rendered":"<h2>FORFAIT RECHARGE CLIMATISATION A PARTIR DE 59 \u20ac<\/h2>\n<h3><strong>+ BILAN GRATUIT au lieu de 89 \u20ac<\/strong><\/h3>\n<p>Bilan climatisation gratuit du<strong>\u00a003\/05\/2016 au 31\/05\/2016<\/strong><br \/>\n<strong>Forfait recharge climatisation promotionnel<\/strong>. Pensez aussi au traitement assainissant.<\/p>\n<figure id=\"attachment_15856\" aria-describedby=\"caption-attachment-15856\" style=\"width: 290px\" class=\"wp-caption aligncenter\"><img loading=\"lazy\" decoding=\"async\" class=\"size-full wp-image-15856\" src=\"http:\/\/www.carideal.com\/blog\/wp-content\/uploads\/2017\/03\/forfait-recharge-climatisation-2016-e1490888419949.jpg\" alt=\"Forfait recharge de climatisation\" width=\"300\" height=\"416\" \/><figcaption id=\"caption-attachment-15856\" class=\"wp-caption-text\">Forfait recharge de climatisation<\/figcaption><\/figure>\n<p>Le bilan de <a href=\"http:\/\/www.carideal.com\/blog\/garage-automobile\/climatisation-automobile\/\">climatisation<\/a> comprend un contr\u00f4le visuel, des canalisations, de l'embrayage du compresseur, des motos-ventilateurs, du condenseur et de la v\u00e9rification de la temp\u00e9rature de l'air en sortie des a\u00e9rateurs. \u00c0 l'issu de ce bilan gratuit nous saurons vous pr\u00e9coniser des op\u00e9rations n\u00e9cessaire au bon fonctionnement de votre syst\u00e8me de climatisation en sus du forfait recharge de climatisation.<\/p>\n<p><strong><a href=\"http:\/\/www.carideal.com\/blog\/contactez-nous\/\">CONTACTEZ NOUS<\/a> POUR LE FORFAIT RECHARGE DE CLIMATISATION 04 79 33 03 53<\/strong><\/p>\n<h2>Quand faut-il effectuer une recharge de climatisation ?<\/h2>\n<p>Afin d'assurer la long\u00e9vit\u00e9 du syst\u00e8me de climatisation, de garantir un rafra\u00eechissement optimal de l'habitacle et de ma\u00eetriser la consommation de carburant, il est recommand\u00e9 de proc\u00e9der \u00e0 un bilan climatisation tous les ans et \u00e0 un forfait recharge de climatisation tous les deux ans.<\/p>\n<p>Il est pr\u00e9f\u00e9rable pour prendre la route des vacances ou des ponts du mois de Mai de le faire en confort lors d'une longue route des vacances fra\u00eeche et confortable. Cela diminue la fatigue du conducteur.<\/p>\n<p>Pensez \u00e0 Changer le filtre \u00e0 pollen ou d'habitacle en m\u00eame temps que nous proc\u00e9dons au forfait recharge climatisation, il bloque la majorit\u00e9 des poussi\u00e8res et particules en suspension dans l'air jusqu'\u00e0 1 micron de diam\u00e8tre. Il filtre \u00e9galement pollens, bact\u00e9ries et suies, r\u00e9duisant ainsi consid\u00e9rablement les risques d'allergie, d'infection ou d'irritations. De m\u00eame lors du forfait recharge de climatisation, il est fortement conseiller d'effectuer un <a href=\"http:\/\/www.carideal.com\/blog\/garage-automobile\/climatisation-automobile\/traitement-assainissant-climatisation\/\">assainissement antibact\u00e9rien<\/a> de votre syst\u00e8me de climatisation.<\/p>\n<p>Notre <a href=\"http:\/\/www.carideal.com\/blog\/garage-automobile\/\">Garage<\/a> \u00e0\u00a0Chamb\u00e9ry est habilit\u00e9 \u00e0 op\u00e9rer un forfait recharge de climatisation sur votre voiture. Nous sommes certifi\u00e9 gaz de climatisation suivant la r\u00e8glementation en vigueur.<\/p>\n<p>Les v\u00e9hicules \u00e9quip\u00e9s du <a href=\"http:\/\/www.carideal.com\/blog\/garage-automobile\/climatisation-automobile\/recharge-climatisation-gaz-r1234yf\/\">nouveau gaz R1234yf<\/a> comme le nouveau Citroen C4 Picasso ne peuvent pas profiter de ce forfait recharge climatisation.<\/p>\n","protected":false},"excerpt":{"rendered":"<p>FORFAIT RECHARGE CLIMATISATION A PARTIR DE 59 \u20ac + BILAN GRATUIT au lieu de 89 \u20ac Bilan climatisation gratuit du\u00a003\/05\/2016 au 31\/05\/2016 Forfait recharge climatisation promotionnel. Pensez aussi au traitement assainissant. Le bilan de climatisation comprend un contr\u00f4le visuel, des canalisations, de l&#8217;embrayage du compresseur, des motos-ventilateurs, du condenseur et de la v\u00e9rification de la &#8230; <a title=\"Forfait recharge de climatisation\" class=\"read-more\" href=\"https:\/\/www.carideal.com\/blog\/garage-automobile\/forfait-recharge-climatisation\/\" aria-label=\"En savoir plus sur Forfait recharge de climatisation\">Lire plus<\/a><\/p>\n","protected":false},"author":3,"featured_media":15857,"parent":13942,"menu_order":0,"comment_status":"closed","ping_status":"closed","template":"","meta":{"_uag_custom_page_level_css":"","_themeisle_gutenberg_block_has_review":false,"footnotes":""},"class_list":["post-15855","page","type-page","status-publish","has-post-thumbnail"],"wppr_data":{"cwp_meta_box_check":"No"},"yoast_head":"<!-- This site is optimized with the Yoast SEO plugin v24.8.1 - https:\/\/yoast.com\/wordpress\/plugins\/seo\/ -->\n<title>Forfait recharge de climatisation - Blog auto Carid\u00e9al<\/title>\n<meta name=\"description\" content=\"Forfait recharge de climatisation promotionnel. Pensez aussi au traitement assainissant et au bilan de climatisation avec Carideal.\" \/>\n<meta name=\"robots\" content=\"index, follow, max-snippet:-1, max-image-preview:large, max-video-preview:-1\" \/>\n<link rel=\"canonical\" href=\"https:\/\/www.carideal.com\/blog\/garage-automobile\/forfait-recharge-climatisation\/\" \/>\n<meta property=\"og:locale\" content=\"fr_FR\" \/>\n<meta property=\"og:type\" content=\"article\" \/>\n<meta property=\"og:title\" content=\"Forfait recharge de climatisation - Blog auto Carid\u00e9al\" \/>\n<meta property=\"og:description\" content=\"Forfait recharge de climatisation promotionnel. Pensez aussi au traitement assainissant et au bilan de climatisation avec Carideal.\" \/>\n<meta property=\"og:url\" content=\"https:\/\/www.carideal.com\/blog\/garage-automobile\/forfait-recharge-climatisation\/\" \/>\n<meta property=\"og:site_name\" content=\"Blog auto Carid\u00e9al\" \/>\n<meta property=\"article:publisher\" content=\"https:\/\/www.facebook.com\/Carideal.mandataire.automobile\" \/>\n<meta property=\"article:modified_time\" content=\"2020-03-07T15:30:46+00:00\" \/>\n<meta property=\"og:image\" content=\"https:\/\/www.carideal.com\/blog\/wp-content\/uploads\/2017\/03\/forfait-recharge-climatisation-2016-1-e1490888594129.jpg\" \/>\n\t<meta property=\"og:image:width\" content=\"432\" \/>\n\t<meta property=\"og:image:height\" content=\"600\" \/>\n\t<meta property=\"og:image:type\" content=\"image\/jpeg\" \/>\n<meta name=\"twitter:card\" content=\"summary_large_image\" \/>\n<meta name=\"twitter:site\" content=\"@caridealauto\" \/>\n<meta name=\"twitter:label1\" content=\"Dur\u00e9e de lecture estim\u00e9e\" \/>\n\t<meta name=\"twitter:data1\" content=\"2 minutes\" \/>\n<script type=\"application\/ld+json\" class=\"yoast-schema-graph\">{\"@context\":\"https:\/\/schema.org\",\"@graph\":[{\"@type\":\"WebPage\",\"@id\":\"https:\/\/www.carideal.com\/blog\/garage-automobile\/forfait-recharge-climatisation\/\",\"url\":\"https:\/\/www.carideal.com\/blog\/garage-automobile\/forfait-recharge-climatisation\/\",\"name\":\"Forfait recharge de climatisation - Blog auto Carid\u00e9al\",\"isPartOf\":{\"@id\":\"https:\/\/www.carideal.com\/blog\/#website\"},\"primaryImageOfPage\":{\"@id\":\"https:\/\/www.carideal.com\/blog\/garage-automobile\/forfait-recharge-climatisation\/#primaryimage\"},\"image\":{\"@id\":\"https:\/\/www.carideal.com\/blog\/garage-automobile\/forfait-recharge-climatisation\/#primaryimage\"},\"thumbnailUrl\":\"https:\/\/www.carideal.com\/blog\/wp-content\/uploads\/2017\/03\/forfait-recharge-climatisation-2016-1-e1490888594129.jpg\",\"datePublished\":\"2017-03-30T15:51:13+00:00\",\"dateModified\":\"2020-03-07T15:30:46+00:00\",\"description\":\"Forfait recharge de climatisation promotionnel. Pensez aussi au traitement assainissant et au bilan de climatisation avec Carideal.\",\"breadcrumb\":{\"@id\":\"https:\/\/www.carideal.com\/blog\/garage-automobile\/forfait-recharge-climatisation\/#breadcrumb\"},\"inLanguage\":\"fr-FR\",\"potentialAction\":[{\"@type\":\"ReadAction\",\"target\":[\"https:\/\/www.carideal.com\/blog\/garage-automobile\/forfait-recharge-climatisation\/\"]}]},{\"@type\":\"ImageObject\",\"inLanguage\":\"fr-FR\",\"@id\":\"https:\/\/www.carideal.com\/blog\/garage-automobile\/forfait-recharge-climatisation\/#primaryimage\",\"url\":\"https:\/\/www.carideal.com\/blog\/wp-content\/uploads\/2017\/03\/forfait-recharge-climatisation-2016-1-e1490888594129.jpg\",\"contentUrl\":\"https:\/\/www.carideal.com\/blog\/wp-content\/uploads\/2017\/03\/forfait-recharge-climatisation-2016-1-e1490888594129.jpg\",\"width\":432,\"height\":600,\"caption\":\"Forfait recharge de climatisation\"},{\"@type\":\"BreadcrumbList\",\"@id\":\"https:\/\/www.carideal.com\/blog\/garage-automobile\/forfait-recharge-climatisation\/#breadcrumb\",\"itemListElement\":[{\"@type\":\"ListItem\",\"position\":1,\"name\":\"Blog Carid\u00e9al\",\"item\":\"https:\/\/www.carideal.com\/blog\/\"},{\"@type\":\"ListItem\",\"position\":2,\"name\":\"Garage Automobile\",\"item\":\"https:\/\/www.carideal.com\/blog\/garage-automobile\/\"},{\"@type\":\"ListItem\",\"position\":3,\"name\":\"Forfait recharge de climatisation\"}]},{\"@type\":\"WebSite\",\"@id\":\"https:\/\/www.carideal.com\/blog\/#website\",\"url\":\"https:\/\/www.carideal.com\/blog\/\",\"name\":\"Blog auto Carid\u00e9al\",\"description\":\"Actualit\u00e9 auto par des passionn\u00e9s\",\"publisher\":{\"@id\":\"https:\/\/www.carideal.com\/blog\/#organization\"},\"potentialAction\":[{\"@type\":\"SearchAction\",\"target\":{\"@type\":\"EntryPoint\",\"urlTemplate\":\"https:\/\/www.carideal.com\/blog\/?s={search_term_string}\"},\"query-input\":{\"@type\":\"PropertyValueSpecification\",\"valueRequired\":true,\"valueName\":\"search_term_string\"}}],\"inLanguage\":\"fr-FR\"},{\"@type\":\"Organization\",\"@id\":\"https:\/\/www.carideal.com\/blog\/#organization\",\"name\":\"Carideal\",\"url\":\"https:\/\/www.carideal.com\/blog\/\",\"logo\":{\"@type\":\"ImageObject\",\"inLanguage\":\"fr-FR\",\"@id\":\"https:\/\/www.carideal.com\/blog\/#\/schema\/logo\/image\/\",\"url\":\"http:\/\/www.carideal.com\/blog\/wp-content\/uploads\/2016\/03\/logo-carideal-mandataire-automobile.png\",\"contentUrl\":\"http:\/\/www.carideal.com\/blog\/wp-content\/uploads\/2016\/03\/logo-carideal-mandataire-automobile.png\",\"width\":300,\"height\":300,\"caption\":\"Carideal\"},\"image\":{\"@id\":\"https:\/\/www.carideal.com\/blog\/#\/schema\/logo\/image\/\"},\"sameAs\":[\"https:\/\/www.facebook.com\/Carideal.mandataire.automobile\",\"https:\/\/x.com\/caridealauto\",\"https:\/\/www.instagram.com\/carideal1\/\",\"https:\/\/www.linkedin.com\/company\/carideal.com\",\"https:\/\/fr.pinterest.com\/schiavonsas\/\",\"https:\/\/www.youtube.com\/user\/caridealsas\"]}]}<\/script>\n<!-- \/ Yoast SEO plugin. -->","yoast_head_json":{"title":"Forfait recharge de climatisation - Blog auto Carid\u00e9al","description":"Forfait recharge de climatisation promotionnel. Pensez aussi au traitement assainissant et au bilan de climatisation avec Carideal.","robots":{"index":"index","follow":"follow","max-snippet":"max-snippet:-1","max-image-preview":"max-image-preview:large","max-video-preview":"max-video-preview:-1"},"canonical":"https:\/\/www.carideal.com\/blog\/garage-automobile\/forfait-recharge-climatisation\/","og_locale":"fr_FR","og_type":"article","og_title":"Forfait recharge de climatisation - Blog auto Carid\u00e9al","og_description":"Forfait recharge de climatisation promotionnel. Pensez aussi au traitement assainissant et au bilan de climatisation avec Carideal.","og_url":"https:\/\/www.carideal.com\/blog\/garage-automobile\/forfait-recharge-climatisation\/","og_site_name":"Blog auto Carid\u00e9al","article_publisher":"https:\/\/www.facebook.com\/Carideal.mandataire.automobile","article_modified_time":"2020-03-07T15:30:46+00:00","og_image":[{"width":432,"height":600,"url":"https:\/\/www.carideal.com\/blog\/wp-content\/uploads\/2017\/03\/forfait-recharge-climatisation-2016-1-e1490888594129.jpg","type":"image\/jpeg"}],"twitter_card":"summary_large_image","twitter_site":"@caridealauto","twitter_misc":{"Dur\u00e9e de lecture estim\u00e9e":"2 minutes"},"schema":{"@context":"https:\/\/schema.org","@graph":[{"@type":"WebPage","@id":"https:\/\/www.carideal.com\/blog\/garage-automobile\/forfait-recharge-climatisation\/","url":"https:\/\/www.carideal.com\/blog\/garage-automobile\/forfait-recharge-climatisation\/","name":"Forfait recharge de climatisation - Blog auto Carid\u00e9al","isPartOf":{"@id":"https:\/\/www.carideal.com\/blog\/#website"},"primaryImageOfPage":{"@id":"https:\/\/www.carideal.com\/blog\/garage-automobile\/forfait-recharge-climatisation\/#primaryimage"},"image":{"@id":"https:\/\/www.carideal.com\/blog\/garage-automobile\/forfait-recharge-climatisation\/#primaryimage"},"thumbnailUrl":"https:\/\/www.carideal.com\/blog\/wp-content\/uploads\/2017\/03\/forfait-recharge-climatisation-2016-1-e1490888594129.jpg","datePublished":"2017-03-30T15:51:13+00:00","dateModified":"2020-03-07T15:30:46+00:00","description":"Forfait recharge de climatisation promotionnel. Pensez aussi au traitement assainissant et au bilan de climatisation avec Carideal.","breadcrumb":{"@id":"https:\/\/www.carideal.com\/blog\/garage-automobile\/forfait-recharge-climatisation\/#breadcrumb"},"inLanguage":"fr-FR","potentialAction":[{"@type":"ReadAction","target":["https:\/\/www.carideal.com\/blog\/garage-automobile\/forfait-recharge-climatisation\/"]}]},{"@type":"ImageObject","inLanguage":"fr-FR","@id":"https:\/\/www.carideal.com\/blog\/garage-automobile\/forfait-recharge-climatisation\/#primaryimage","url":"https:\/\/www.carideal.com\/blog\/wp-content\/uploads\/2017\/03\/forfait-recharge-climatisation-2016-1-e1490888594129.jpg","contentUrl":"https:\/\/www.carideal.com\/blog\/wp-content\/uploads\/2017\/03\/forfait-recharge-climatisation-2016-1-e1490888594129.jpg","width":432,"height":600,"caption":"Forfait recharge de climatisation"},{"@type":"BreadcrumbList","@id":"https:\/\/www.carideal.com\/blog\/garage-automobile\/forfait-recharge-climatisation\/#breadcrumb","itemListElement":[{"@type":"ListItem","position":1,"name":"Blog Carid\u00e9al","item":"https:\/\/www.carideal.com\/blog\/"},{"@type":"ListItem","position":2,"name":"Garage Automobile","item":"https:\/\/www.carideal.com\/blog\/garage-automobile\/"},{"@type":"ListItem","position":3,"name":"Forfait recharge de climatisation"}]},{"@type":"WebSite","@id":"https:\/\/www.carideal.com\/blog\/#website","url":"https:\/\/www.carideal.com\/blog\/","name":"Blog auto Carid\u00e9al","description":"Actualit\u00e9 auto par des passionn\u00e9s","publisher":{"@id":"https:\/\/www.carideal.com\/blog\/#organization"},"potentialAction":[{"@type":"SearchAction","target":{"@type":"EntryPoint","urlTemplate":"https:\/\/www.carideal.com\/blog\/?s={search_term_string}"},"query-input":{"@type":"PropertyValueSpecification","valueRequired":true,"valueName":"search_term_string"}}],"inLanguage":"fr-FR"},{"@type":"Organization","@id":"https:\/\/www.carideal.com\/blog\/#organization","name":"Carideal","url":"https:\/\/www.carideal.com\/blog\/","logo":{"@type":"ImageObject","inLanguage":"fr-FR","@id":"https:\/\/www.carideal.com\/blog\/#\/schema\/logo\/image\/","url":"http:\/\/www.carideal.com\/blog\/wp-content\/uploads\/2016\/03\/logo-carideal-mandataire-automobile.png","contentUrl":"http:\/\/www.carideal.com\/blog\/wp-content\/uploads\/2016\/03\/logo-carideal-mandataire-automobile.png","width":300,"height":300,"caption":"Carideal"},"image":{"@id":"https:\/\/www.carideal.com\/blog\/#\/schema\/logo\/image\/"},"sameAs":["https:\/\/www.facebook.com\/Carideal.mandataire.automobile","https:\/\/x.com\/caridealauto","https:\/\/www.instagram.com\/carideal1\/","https:\/\/www.linkedin.com\/company\/carideal.com","https:\/\/fr.pinterest.com\/schiavonsas\/","https:\/\/www.youtube.com\/user\/caridealsas"]}]}},"uagb_featured_image_src":{"full":["https:\/\/www.carideal.com\/blog\/wp-content\/uploads\/2017\/03\/forfait-recharge-climatisation-2016-1-e1490888594129.jpg",432,600,false],"thumbnail":["https:\/\/www.carideal.com\/blog\/wp-content\/uploads\/2017\/03\/forfait-recharge-climatisation-2016-1-150x150.jpg",150,150,true],"medium":["https:\/\/www.carideal.com\/blog\/wp-content\/uploads\/2017\/03\/forfait-recharge-climatisation-2016-1-216x300.jpg",216,300,true],"medium_large":["https:\/\/www.carideal.com\/blog\/wp-content\/uploads\/2017\/03\/forfait-recharge-climatisation-2016-1-e1490888594129.jpg",432,600,false],"large":["https:\/\/www.carideal.com\/blog\/wp-content\/uploads\/2017\/03\/forfait-recharge-climatisation-2016-1-e1490888594129.jpg",432,600,false],"1536x1536":["https:\/\/www.carideal.com\/blog\/wp-content\/uploads\/2017\/03\/forfait-recharge-climatisation-2016-1-e1490888594129.jpg",432,600,false],"2048x2048":["https:\/\/www.carideal.com\/blog\/wp-content\/uploads\/2017\/03\/forfait-recharge-climatisation-2016-1-e1490888594129.jpg",432,600,false],"wppr-widget":["https:\/\/www.carideal.com\/blog\/wp-content\/uploads\/2017\/03\/forfait-recharge-climatisation-2016-1-e1490888594129.jpg",36,50,false]},"uagb_author_info":{"display_name":"Nicolas SCHIAVON","author_link":"https:\/\/www.carideal.com\/blog\/author\/nschiavon\/"},"uagb_comment_info":0,"uagb_excerpt":"FORFAIT RECHARGE CLIMATISATION A PARTIR DE 59 \u20ac + BILAN GRATUIT au lieu de 89 \u20ac Bilan climatisation gratuit du\u00a003\/05\/2016 au 31\/05\/2016 Forfait recharge climatisation promotionnel. Pensez aussi au traitement assainissant. Le bilan de climatisation comprend un contr\u00f4le visuel, des canalisations, de l'embrayage du compresseur, des motos-ventilateurs, du condenseur et de la v\u00e9rification de la\u2026","_links":{"self":[{"href":"https:\/\/www.carideal.com\/blog\/wp-json\/wp\/v2\/pages\/15855"}],"collection":[{"href":"https:\/\/www.carideal.com\/blog\/wp-json\/wp\/v2\/pages"}],"about":[{"href":"https:\/\/www.carideal.com\/blog\/wp-json\/wp\/v2\/types\/page"}],"author":[{"embeddable":true,"href":"https:\/\/www.carideal.com\/blog\/wp-json\/wp\/v2\/users\/3"}],"replies":[{"embeddable":true,"href":"https:\/\/www.carideal.com\/blog\/wp-json\/wp\/v2\/comments?post=15855"}],"version-history":[{"count":0,"href":"https:\/\/www.carideal.com\/blog\/wp-json\/wp\/v2\/pages\/15855\/revisions"}],"up":[{"embeddable":true,"href":"https:\/\/www.carideal.com\/blog\/wp-json\/wp\/v2\/pages\/13942"}],"wp:featuredmedia":[{"embeddable":true,"href":"https:\/\/www.carideal.com\/blog\/wp-json\/wp\/v2\/media\/15857"}],"wp:attachment":[{"href":"https:\/\/www.carideal.com\/blog\/wp-json\/wp\/v2\/media?parent=15855"}],"curies":[{"name":"wp","href":"https:\/\/api.w.org\/{rel}","templated":true}]}}