{"id":15780,"date":"2017-03-26T16:02:32","date_gmt":"2017-03-26T14:02:32","guid":{"rendered":"http:\/\/www.carideal.com\/blog\/?page_id=15780"},"modified":"2020-01-26T19:19:19","modified_gmt":"2020-01-26T18:19:19","slug":"climatisation-automobile","status":"publish","type":"page","link":"https:\/\/www.carideal.com\/blog\/garage-automobile\/climatisation-automobile\/","title":{"rendered":"Climatisation automobile : le Guide"},"content":{"rendered":"<h2><strong>Fonctionnement de la climatisation automobile<\/strong><\/h2>\n<p><strong>1- Le Condenseur de la climatisation automobile<\/strong> sert \u00e0 \u00e9vacuer la chaleur du gaz Frigorog\u00e8ne dans l'air qui le traverse afin de le fair passer de l'\u00e9tat gazeux \u00e0 liquide.<br \/>\n<strong>2- Bouteille D\u00e9shydratante<\/strong> Elle filtre les impuret\u00e9s et l'humidit\u00e9 afin d'\u00e9viter la corrosion de la <strong>climatisation automobile<\/strong>.<br \/>\n<strong>3- Compresseur<\/strong> Il fait monter en pression le gaz Frigorig\u00e8ne afin de le faire circuler entre l'\u00e9vaporateur 5 et le condenseur 1<br \/>\n<strong>4- D\u00e9tendeur de la climatisation automobile<\/strong> il permet d'abaisser la pression dans le circuit et r\u00e9gule le d\u00e9bit.<br \/>\n<strong>5- Evaporateur de la climatisation automobile<\/strong>\u00a0le gaz d\u00e9tendu se refroidit dans l'\u00e9vaporateur, la chute de pression fait baisser les temp\u00e9ratures. L'air qui traverse l'\u00e9vaporateur est donc refroidit, il peut m\u00eame se former du givre ou de la glace.<br \/>\n<strong>6- Pulseur<\/strong> Il souffle l'air climatis\u00e9 dans l'habitacle de la voiture.<br \/>\n<strong>7<\/strong>- <strong>Filtre d'habitacle<\/strong> Il filtre l'air entrant dans l'habitacle de la voiture, stoppe les pollens, poussi\u00e8res, particules, cendres, et certaines bact\u00e9ries si pr\u00e9sence de charbons actifs.<\/p>\n<figure id=\"attachment_15781\" aria-describedby=\"caption-attachment-15781\" style=\"width: 790px\" class=\"wp-caption alignnone\"><a href=\"http:\/\/www.carideal.com\/blog\/wp-content\/uploads\/2017\/03\/fonctionnement-climatisation-automobile-e1490536087161.jpg\"><img loading=\"lazy\" decoding=\"async\" class=\"wp-image-15781 size-full\" title=\"Le fonctionnement de la climatisation automobile\" src=\"http:\/\/www.carideal.com\/blog\/wp-content\/uploads\/2017\/03\/fonctionnement-climatisation-automobile-e1490536087161.jpg\" alt=\"Le fonctionnement de la climatisation automobile\" width=\"800\" height=\"601\" \/><\/a><figcaption id=\"caption-attachment-15781\" class=\"wp-caption-text\">Le fonctionnement de la climatisation automobile<\/figcaption><\/figure>\n<p>La climatisation automobile sert le plus en \u00e9t\u00e9 me direz-vous ? Et c'est en plus \u00e0 ce moment l\u00e0 qu'on se rend compte qu'elle ne fonctionne pas, ou mal ? Mais cela est faux, elle sert aussi bien en hiver car elle produit de l'air sec qui permet de d\u00e9sembuer les vitres de votre voiture tr\u00e8s vite.<\/p>\n<h2><strong>Entretien de la climatisation automobile<\/strong><\/h2>\n<p>La climatisation automobile n\u00e9cessite donc un entretien rigoureux. Mais derni\u00e8rement gr\u00e2ce \u00e0 la baisse du prix du gaz de Climatisation, le prix de la <a href=\"http:\/\/www.carideal.com\/blog\/garage-automobile\/climatisation-automobile\/recharge-climatisation-gaz-r1234yf\/\">recharge de climatisation<\/a> a pu baisser en promotion \u00e0 <a href=\"http:\/\/www.carideal.com\/blog\/garage-automobile\/climatisation-automobile\/promotion-recharge-de-clim-59-e\/\">59 \u20ac<\/a>.<\/p>\n<ul>\n<li><a href=\"http:\/\/www.carideal.com\/blog\/garage-automobile\/climatisation-automobile\/recharge-climatisation-gaz-r1234yf\/\">Recharge de climatisation au gaz R1234YF<\/a><\/li>\n<\/ul>\n<p>Comme on l'a expliqu\u00e9 le filtre d'habitacle filtre l'air et stoppe les particules allergisantes, il est donc n\u00e9cessaire de le changer tous les ans \u00e0 minima voir plusieurs fois par an en fonction des conditions d'utilisations. Ne pas le changer peut avoir l'effet inverse, et d'\u00e9l\u00e9ment filtrant il peut stocker les bact\u00e9ries et favoriser les allergies. En se colmatant il ne laissera plus l'air passer non plus. Ne pas le changer va revenir \u00e0 obtenir tout l'effet inverse. Prenez rendez-vous au garage <a href=\"http:\/\/www.carideal.com\/blog\/2010\/01\/23\/garage-citroen-schiavon-13-av-de-turin-73000-bassens-chambery\/\">Citroen Schiavon \u00e0 Chamb\u00e9ry<\/a>.<\/p>\n<p><strong>CONTACTEZ VOTRE <a href=\"http:\/\/www.carideal.com\/blog\/garage-automobile\/\">GARAGE<\/a> POUR TOUT RENSEIGNEMENT SUR LA CLIMATISATION<\/strong><\/p>\n<p>Le risque ? Bronchite, l\u00e9gionellose... <strong>Alors pour quelques dizaines d'euros il ne faut pas h\u00e9siter \u00e0 le changer.<\/strong><\/p>\n<p>De plus les bact\u00e9ries peuvent se d\u00e9poser sur les \u00e9l\u00e9ments de la climatisation automobile et \u00eatre donc respir\u00e9s. Les sympt\u00f4mes ? La mauvaise odeur qui se d\u00e9gage de votre climatisation automobile. Pour \u00e9viter cela il faut effectuer une fois par an un <a href=\"http:\/\/www.carideal.com\/blog\/garage-automobile\/climatisation-automobile\/traitement-assainissant-climatisation\/\">traitement anti-bact\u00e9rien<\/a>.<\/p>\n<h2>Toutes nos offres pour l'entretien de la climatisation<\/h2>\n<ul class=\"lcp_catlist\" id=\"lcp_instance_0\"><li><a href=\"https:\/\/www.carideal.com\/blog\/garage-automobile\/climatisation-automobile\/traitement-assainissant-climatisation\/\">Traitement assainissant climatisation 19\u20ac<\/a><div class=\"lcp_excerpt\">Traitement assainissant de Climatisation 19 \u20ac au lieu de 24 \u20ac\nDans le cadre de votre entretien annuel, votre\u00a0garage automobile doit remplacer votre filtre d\u2019habitacle. En fonction des conditions d&rsquo;utilisations, il est parfois n\u00e9cessaire de le remplacer plus d&rsquo;une fois par an, en cas de fortes poussi\u00e8res, ou pollens. Nous vous proposons d\u2019en profiter pour nettoyer ...<\/div><\/li><li><a href=\"https:\/\/www.carideal.com\/blog\/garage-automobile\/climatisation-automobile\/recharge-climatisation-gaz-r1234yf\/\">Recharge de Climatisation au gaz R1234YF<\/a><div class=\"lcp_excerpt\">Recharge de climatisation au Gaz R1234YF\nDepuis 2013 un nouveau Gaz de Climatisation, le R1234YF est commercialis\u00e9, et pr\u00e9sent dans certains v\u00e9hicules.\nCe nouveau Gaz R\u00e9frig\u00e9rant n\u00e9cessite une nouvelle machine de RECHARGE DE CLIMATISATION AU GAZ R1234YF et un \u00e9quipement sp\u00e9cifique.\nCertains garages automobiles\u00a0sont \u00e9quip\u00e9s de cette nouvelle technologie de recharge de climatisation Gaz R1234YF et est en ...<\/div><\/li><li><a href=\"https:\/\/www.carideal.com\/blog\/garage-automobile\/forfait-recharge-climatisation\/\">Forfait recharge de climatisation<\/a><div class=\"lcp_excerpt\">FORFAIT RECHARGE CLIMATISATION A PARTIR DE 59 \u20ac\n+ BILAN GRATUIT au lieu de 89 \u20ac\nBilan climatisation gratuit du\u00a003\/05\/2016 au 31\/05\/2016\nForfait recharge climatisation promotionnel. Pensez aussi au traitement assainissant.\nLe bilan de climatisation comprend un contr\u00f4le visuel, des canalisations, de l&#8217;embrayage du compresseur, des motos-ventilateurs, du condenseur et de la v\u00e9rification de la temp\u00e9rature de l&rsquo;air en ...<\/div><\/li><li class=\"current\"><a href=\"https:\/\/www.carideal.com\/blog\/garage-automobile\/climatisation-automobile\/\">Climatisation automobile : le Guide<\/a><div class=\"lcp_excerpt\">Fonctionnement de la climatisation automobile\n1- Le Condenseur de la climatisation automobile sert \u00e0 \u00e9vacuer la chaleur du gaz Frigorog\u00e8ne dans l&rsquo;air qui le traverse afin de le fair passer de l&rsquo;\u00e9tat gazeux \u00e0 liquide.\n2- Bouteille D\u00e9shydratante Elle filtre les impuret\u00e9s et l&rsquo;humidit\u00e9 afin d&rsquo;\u00e9viter la corrosion de la climatisation automobile.\n3- Compresseur Il fait monter en ...<\/div><\/li><li><a href=\"https:\/\/www.carideal.com\/blog\/2013\/07\/30\/les-constructeurs-allemands-preparent-la-climatisation-au-co2\/\">les constructeurs allemands preparent la climatisation au co2<\/a><div class=\"lcp_excerpt\">\nLes constructeurs allemands pr\u00e9parent la climatisation au CO2\n\nLes constructeurs allemands pr\u00e9parent la climatisation au CO2. C&rsquo;est Mercedes qui est dans la tourmente avec ses voitures bloqu\u00e9es en France, certes, mais le constructeurs allemand a annonc\u00e9 qu&rsquo;il \u00e9tait sur le point de mettre au point la climatisation utilisant le CO2 comme gaz r\u00e9frig\u00e9rant. Mercedes refuse d&rsquo;utiliser ...<\/div><\/li><li><a href=\"https:\/\/www.carideal.com\/blog\/2013\/02\/05\/du-rififi-dans-la-climatisation\/\">Le futur Gaz de Climatisation 1234yf est dangereux<\/a><div class=\"lcp_excerpt\">\nLe futur Gaz de Climatisation 1234yf est dangereux\n\nMais pourquoi des constructeurs qui ont valid\u00e9s le nouveau gaz employ\u00e9 dans les climatisations font-ils marche arri\u00e8re ? Le futur gaz de climatisation 1234yf est-il dangereux ?\nLes esprits commencent \u00e0 s&rsquo;\u00e9chauffer pour ce qui est de la climatisation automobile&#8230; Le groupe Daimler (Mercedes) avait d\u00e9j\u00e0 publiquement fait savoir ...<\/div><\/li><li><a href=\"https:\/\/www.carideal.com\/blog\/2008\/05\/29\/entretenir-sa-climatisation\/\">Bien entretenir sa Climatisation<\/a><div class=\"lcp_excerpt\">\n\n&nbsp;\nBien entretenir sa Climatisation\nLa climatisation c&rsquo;est un \u00e9quipement de confort et de s\u00e9curit\u00e9 qui s&rsquo;est g\u00e9n\u00e9ralis\u00e9 fortement ces derni\u00e8res ann\u00e9es. Autrefois r\u00e9serv\u00e9e au tr\u00e8s haut de gamme, elle \u00e9quipe d\u00e9sormais 80 % des voitures neuves vendues en France. Bon nombre de petite citadine en sont maintenant \u00e9quip\u00e9es. Elle permet de regler la temp\u00e9ture au degr\u00e9 ...<\/div><\/li><li><a href=\"https:\/\/www.carideal.com\/blog\/2025\/10\/09\/comment-utiliser-une-valise-diagnostic-auto-decouvrez\/\">Comment utiliser une valise diagnostic auto ? D\u00e9couvrez<\/a><div class=\"lcp_excerpt\">\nComment utiliser une valise diagnostic auto ? D\u00e9couvrez\n\n\nVous avez besoin de savoir rapidement comment utiliser une valise de diagnostic auto pour trouver l\u2019origine du probl\u00e8me d\u2019un voyant allum\u00e9 ou d\u2019un rat\u00e9 moteur ? Voici la m\u00e9thode claire et directe pour utiliser une valise multimarques, faire une analyse approfondie et comprendre l\u2019\u00e9tat de votre v\u00e9hicule. Avec ...<\/div><\/li><li><a href=\"https:\/\/www.carideal.com\/blog\/2025\/03\/20\/faut-il-choisir-un-scooter-a-3-roues-ou-une-voiture-citadine\/\">Faut-il choisir un scooter \u00e0 3 roues ou une voiture citadine ?<\/a><div class=\"lcp_excerpt\">\nFaut-il choisir un scooter \u00e0 3 roues ou une voiture citadine ?\n\n\nLe guide complet pour faire le bon choix en milieu urbain\n\n\nLorsqu\u2019on habite en ville ou qu\u2019on circule fr\u00e9quemment en zone urbaine, la question de la mobilit\u00e9 est essentielle. Faut-il mieux opter pour un scooter \u00e0 trois roues pratique et agile, ou pour une voiture ...<\/div><\/li><li><a href=\"https:\/\/www.carideal.com\/blog\/2025\/03\/05\/6-tresors-caches-de-citroen-bientot-aux-encheres-ne-ratez-pas-ces-modeles-dexception\/\">6 Tr\u00e9sors Cach\u00e9s de Citro\u00ebn Bient\u00f4t aux Ench\u00e8res \u2013 Ne Ratez Pas Ces Mod\u00e8les d&rsquo;Exception !<\/a><div class=\"lcp_excerpt\">\n6 Tr\u00e9sors Cach\u00e9s de Citro\u00ebn Bient\u00f4t aux Ench\u00e8res \u2013 Ne Ratez Pas Ces Mod\u00e8les d&rsquo;Exception !\n\n\nLe dimanche 16 mars 2025, les amateurs de voitures anciennes et les passionn\u00e9s de la marque aux chevrons ont rendez-vous \u00e0 l\u2019Espace Champerret, dans le 17e arrondissement de Paris, pour une vente aux ench\u00e8res exceptionnelle organis\u00e9e par la maison Aguttes. ...<\/div><\/li><\/ul>\n","protected":false},"excerpt":{"rendered":"<p>Fonctionnement de la climatisation automobile 1- Le Condenseur de la climatisation automobile sert \u00e0 \u00e9vacuer la chaleur du gaz Frigorog\u00e8ne dans l&rsquo;air qui le traverse afin de le fair passer de l&rsquo;\u00e9tat gazeux \u00e0 liquide. 2- Bouteille D\u00e9shydratante Elle filtre les impuret\u00e9s et l&rsquo;humidit\u00e9 afin d&rsquo;\u00e9viter la corrosion de la climatisation automobile. 3- Compresseur Il &#8230; <a title=\"Climatisation automobile : le Guide\" class=\"read-more\" href=\"https:\/\/www.carideal.com\/blog\/garage-automobile\/climatisation-automobile\/\" aria-label=\"En savoir plus sur Climatisation automobile : le Guide\">Lire plus<\/a><\/p>\n","protected":false},"author":3,"featured_media":15781,"parent":13942,"menu_order":0,"comment_status":"closed","ping_status":"closed","template":"","meta":{"_uag_custom_page_level_css":"","_themeisle_gutenberg_block_has_review":false,"footnotes":""},"class_list":["post-15780","page","type-page","status-publish","has-post-thumbnail"],"wppr_data":{"cwp_meta_box_check":"No"},"yoast_head":"<!-- This site is optimized with the Yoast SEO plugin v24.8.1 - https:\/\/yoast.com\/wordpress\/plugins\/seo\/ -->\n<title>Climatisation automobile : le Guide - Blog auto Carid\u00e9al<\/title>\n<meta name=\"description\" content=\"La climatisation automobile sert le plus en \u00e9t\u00e9 me direz vous ? Et c&#039;est en plus \u00e0 ce moment l\u00e0 qu&#039;on se rend compte qu&#039;elle ne fonctionne pas , ou mal ?\" \/>\n<meta name=\"robots\" content=\"index, follow, max-snippet:-1, max-image-preview:large, max-video-preview:-1\" \/>\n<link rel=\"canonical\" href=\"https:\/\/www.carideal.com\/blog\/garage-automobile\/climatisation-automobile\/\" \/>\n<meta property=\"og:locale\" content=\"fr_FR\" \/>\n<meta property=\"og:type\" content=\"article\" \/>\n<meta property=\"og:title\" content=\"Climatisation automobile : le Guide - Blog auto Carid\u00e9al\" \/>\n<meta property=\"og:description\" content=\"La climatisation automobile sert le plus en \u00e9t\u00e9 me direz vous ? Et c&#039;est en plus \u00e0 ce moment l\u00e0 qu&#039;on se rend compte qu&#039;elle ne fonctionne pas , ou mal ?\" \/>\n<meta property=\"og:url\" content=\"https:\/\/www.carideal.com\/blog\/garage-automobile\/climatisation-automobile\/\" \/>\n<meta property=\"og:site_name\" content=\"Blog auto Carid\u00e9al\" \/>\n<meta property=\"article:publisher\" content=\"https:\/\/www.facebook.com\/Carideal.mandataire.automobile\" \/>\n<meta property=\"article:modified_time\" content=\"2020-01-26T18:19:19+00:00\" \/>\n<meta property=\"og:image\" content=\"https:\/\/www.carideal.com\/blog\/wp-content\/uploads\/2017\/03\/fonctionnement-climatisation-automobile-e1490536087161.jpg\" \/>\n\t<meta property=\"og:image:width\" content=\"800\" \/>\n\t<meta property=\"og:image:height\" content=\"601\" \/>\n\t<meta property=\"og:image:type\" content=\"image\/jpeg\" \/>\n<meta name=\"twitter:card\" content=\"summary_large_image\" \/>\n<meta name=\"twitter:site\" content=\"@caridealauto\" \/>\n<meta name=\"twitter:label1\" content=\"Dur\u00e9e de lecture estim\u00e9e\" \/>\n\t<meta name=\"twitter:data1\" content=\"2 minutes\" \/>\n<script type=\"application\/ld+json\" class=\"yoast-schema-graph\">{\"@context\":\"https:\/\/schema.org\",\"@graph\":[{\"@type\":\"WebPage\",\"@id\":\"https:\/\/www.carideal.com\/blog\/garage-automobile\/climatisation-automobile\/\",\"url\":\"https:\/\/www.carideal.com\/blog\/garage-automobile\/climatisation-automobile\/\",\"name\":\"Climatisation automobile : le Guide - Blog auto Carid\u00e9al\",\"isPartOf\":{\"@id\":\"https:\/\/www.carideal.com\/blog\/#website\"},\"primaryImageOfPage\":{\"@id\":\"https:\/\/www.carideal.com\/blog\/garage-automobile\/climatisation-automobile\/#primaryimage\"},\"image\":{\"@id\":\"https:\/\/www.carideal.com\/blog\/garage-automobile\/climatisation-automobile\/#primaryimage\"},\"thumbnailUrl\":\"https:\/\/www.carideal.com\/blog\/wp-content\/uploads\/2017\/03\/fonctionnement-climatisation-automobile-e1490536087161.jpg\",\"datePublished\":\"2017-03-26T14:02:32+00:00\",\"dateModified\":\"2020-01-26T18:19:19+00:00\",\"description\":\"La climatisation automobile sert le plus en \u00e9t\u00e9 me direz vous ? Et c'est en plus \u00e0 ce moment l\u00e0 qu'on se rend compte qu'elle ne fonctionne pas , ou mal ?\",\"breadcrumb\":{\"@id\":\"https:\/\/www.carideal.com\/blog\/garage-automobile\/climatisation-automobile\/#breadcrumb\"},\"inLanguage\":\"fr-FR\",\"potentialAction\":[{\"@type\":\"ReadAction\",\"target\":[\"https:\/\/www.carideal.com\/blog\/garage-automobile\/climatisation-automobile\/\"]}]},{\"@type\":\"ImageObject\",\"inLanguage\":\"fr-FR\",\"@id\":\"https:\/\/www.carideal.com\/blog\/garage-automobile\/climatisation-automobile\/#primaryimage\",\"url\":\"https:\/\/www.carideal.com\/blog\/wp-content\/uploads\/2017\/03\/fonctionnement-climatisation-automobile-e1490536087161.jpg\",\"contentUrl\":\"https:\/\/www.carideal.com\/blog\/wp-content\/uploads\/2017\/03\/fonctionnement-climatisation-automobile-e1490536087161.jpg\",\"width\":800,\"height\":601,\"caption\":\"Le fonctionnement de la climatisation automobile\"},{\"@type\":\"BreadcrumbList\",\"@id\":\"https:\/\/www.carideal.com\/blog\/garage-automobile\/climatisation-automobile\/#breadcrumb\",\"itemListElement\":[{\"@type\":\"ListItem\",\"position\":1,\"name\":\"Blog Carid\u00e9al\",\"item\":\"https:\/\/www.carideal.com\/blog\/\"},{\"@type\":\"ListItem\",\"position\":2,\"name\":\"Garage Automobile\",\"item\":\"https:\/\/www.carideal.com\/blog\/garage-automobile\/\"},{\"@type\":\"ListItem\",\"position\":3,\"name\":\"Climatisation\"}]},{\"@type\":\"WebSite\",\"@id\":\"https:\/\/www.carideal.com\/blog\/#website\",\"url\":\"https:\/\/www.carideal.com\/blog\/\",\"name\":\"Blog auto Carid\u00e9al\",\"description\":\"Actualit\u00e9 auto par des passionn\u00e9s\",\"publisher\":{\"@id\":\"https:\/\/www.carideal.com\/blog\/#organization\"},\"potentialAction\":[{\"@type\":\"SearchAction\",\"target\":{\"@type\":\"EntryPoint\",\"urlTemplate\":\"https:\/\/www.carideal.com\/blog\/?s={search_term_string}\"},\"query-input\":{\"@type\":\"PropertyValueSpecification\",\"valueRequired\":true,\"valueName\":\"search_term_string\"}}],\"inLanguage\":\"fr-FR\"},{\"@type\":\"Organization\",\"@id\":\"https:\/\/www.carideal.com\/blog\/#organization\",\"name\":\"Carideal\",\"url\":\"https:\/\/www.carideal.com\/blog\/\",\"logo\":{\"@type\":\"ImageObject\",\"inLanguage\":\"fr-FR\",\"@id\":\"https:\/\/www.carideal.com\/blog\/#\/schema\/logo\/image\/\",\"url\":\"http:\/\/www.carideal.com\/blog\/wp-content\/uploads\/2016\/03\/logo-carideal-mandataire-automobile.png\",\"contentUrl\":\"http:\/\/www.carideal.com\/blog\/wp-content\/uploads\/2016\/03\/logo-carideal-mandataire-automobile.png\",\"width\":300,\"height\":300,\"caption\":\"Carideal\"},\"image\":{\"@id\":\"https:\/\/www.carideal.com\/blog\/#\/schema\/logo\/image\/\"},\"sameAs\":[\"https:\/\/www.facebook.com\/Carideal.mandataire.automobile\",\"https:\/\/x.com\/caridealauto\",\"https:\/\/www.instagram.com\/carideal1\/\",\"https:\/\/www.linkedin.com\/company\/carideal.com\",\"https:\/\/fr.pinterest.com\/schiavonsas\/\",\"https:\/\/www.youtube.com\/user\/caridealsas\"]}]}<\/script>\n<!-- \/ Yoast SEO plugin. -->","yoast_head_json":{"title":"Climatisation automobile : le Guide - Blog auto Carid\u00e9al","description":"La climatisation automobile sert le plus en \u00e9t\u00e9 me direz vous ? Et c'est en plus \u00e0 ce moment l\u00e0 qu'on se rend compte qu'elle ne fonctionne pas , ou mal ?","robots":{"index":"index","follow":"follow","max-snippet":"max-snippet:-1","max-image-preview":"max-image-preview:large","max-video-preview":"max-video-preview:-1"},"canonical":"https:\/\/www.carideal.com\/blog\/garage-automobile\/climatisation-automobile\/","og_locale":"fr_FR","og_type":"article","og_title":"Climatisation automobile : le Guide - Blog auto Carid\u00e9al","og_description":"La climatisation automobile sert le plus en \u00e9t\u00e9 me direz vous ? Et c'est en plus \u00e0 ce moment l\u00e0 qu'on se rend compte qu'elle ne fonctionne pas , ou mal ?","og_url":"https:\/\/www.carideal.com\/blog\/garage-automobile\/climatisation-automobile\/","og_site_name":"Blog auto Carid\u00e9al","article_publisher":"https:\/\/www.facebook.com\/Carideal.mandataire.automobile","article_modified_time":"2020-01-26T18:19:19+00:00","og_image":[{"width":800,"height":601,"url":"https:\/\/www.carideal.com\/blog\/wp-content\/uploads\/2017\/03\/fonctionnement-climatisation-automobile-e1490536087161.jpg","type":"image\/jpeg"}],"twitter_card":"summary_large_image","twitter_site":"@caridealauto","twitter_misc":{"Dur\u00e9e de lecture estim\u00e9e":"2 minutes"},"schema":{"@context":"https:\/\/schema.org","@graph":[{"@type":"WebPage","@id":"https:\/\/www.carideal.com\/blog\/garage-automobile\/climatisation-automobile\/","url":"https:\/\/www.carideal.com\/blog\/garage-automobile\/climatisation-automobile\/","name":"Climatisation automobile : le Guide - Blog auto Carid\u00e9al","isPartOf":{"@id":"https:\/\/www.carideal.com\/blog\/#website"},"primaryImageOfPage":{"@id":"https:\/\/www.carideal.com\/blog\/garage-automobile\/climatisation-automobile\/#primaryimage"},"image":{"@id":"https:\/\/www.carideal.com\/blog\/garage-automobile\/climatisation-automobile\/#primaryimage"},"thumbnailUrl":"https:\/\/www.carideal.com\/blog\/wp-content\/uploads\/2017\/03\/fonctionnement-climatisation-automobile-e1490536087161.jpg","datePublished":"2017-03-26T14:02:32+00:00","dateModified":"2020-01-26T18:19:19+00:00","description":"La climatisation automobile sert le plus en \u00e9t\u00e9 me direz vous ? Et c'est en plus \u00e0 ce moment l\u00e0 qu'on se rend compte qu'elle ne fonctionne pas , ou mal ?","breadcrumb":{"@id":"https:\/\/www.carideal.com\/blog\/garage-automobile\/climatisation-automobile\/#breadcrumb"},"inLanguage":"fr-FR","potentialAction":[{"@type":"ReadAction","target":["https:\/\/www.carideal.com\/blog\/garage-automobile\/climatisation-automobile\/"]}]},{"@type":"ImageObject","inLanguage":"fr-FR","@id":"https:\/\/www.carideal.com\/blog\/garage-automobile\/climatisation-automobile\/#primaryimage","url":"https:\/\/www.carideal.com\/blog\/wp-content\/uploads\/2017\/03\/fonctionnement-climatisation-automobile-e1490536087161.jpg","contentUrl":"https:\/\/www.carideal.com\/blog\/wp-content\/uploads\/2017\/03\/fonctionnement-climatisation-automobile-e1490536087161.jpg","width":800,"height":601,"caption":"Le fonctionnement de la climatisation automobile"},{"@type":"BreadcrumbList","@id":"https:\/\/www.carideal.com\/blog\/garage-automobile\/climatisation-automobile\/#breadcrumb","itemListElement":[{"@type":"ListItem","position":1,"name":"Blog Carid\u00e9al","item":"https:\/\/www.carideal.com\/blog\/"},{"@type":"ListItem","position":2,"name":"Garage Automobile","item":"https:\/\/www.carideal.com\/blog\/garage-automobile\/"},{"@type":"ListItem","position":3,"name":"Climatisation"}]},{"@type":"WebSite","@id":"https:\/\/www.carideal.com\/blog\/#website","url":"https:\/\/www.carideal.com\/blog\/","name":"Blog auto Carid\u00e9al","description":"Actualit\u00e9 auto par des passionn\u00e9s","publisher":{"@id":"https:\/\/www.carideal.com\/blog\/#organization"},"potentialAction":[{"@type":"SearchAction","target":{"@type":"EntryPoint","urlTemplate":"https:\/\/www.carideal.com\/blog\/?s={search_term_string}"},"query-input":{"@type":"PropertyValueSpecification","valueRequired":true,"valueName":"search_term_string"}}],"inLanguage":"fr-FR"},{"@type":"Organization","@id":"https:\/\/www.carideal.com\/blog\/#organization","name":"Carideal","url":"https:\/\/www.carideal.com\/blog\/","logo":{"@type":"ImageObject","inLanguage":"fr-FR","@id":"https:\/\/www.carideal.com\/blog\/#\/schema\/logo\/image\/","url":"http:\/\/www.carideal.com\/blog\/wp-content\/uploads\/2016\/03\/logo-carideal-mandataire-automobile.png","contentUrl":"http:\/\/www.carideal.com\/blog\/wp-content\/uploads\/2016\/03\/logo-carideal-mandataire-automobile.png","width":300,"height":300,"caption":"Carideal"},"image":{"@id":"https:\/\/www.carideal.com\/blog\/#\/schema\/logo\/image\/"},"sameAs":["https:\/\/www.facebook.com\/Carideal.mandataire.automobile","https:\/\/x.com\/caridealauto","https:\/\/www.instagram.com\/carideal1\/","https:\/\/www.linkedin.com\/company\/carideal.com","https:\/\/fr.pinterest.com\/schiavonsas\/","https:\/\/www.youtube.com\/user\/caridealsas"]}]}},"uagb_featured_image_src":{"full":["https:\/\/www.carideal.com\/blog\/wp-content\/uploads\/2017\/03\/fonctionnement-climatisation-automobile-e1490536087161.jpg",800,601,false],"thumbnail":["https:\/\/www.carideal.com\/blog\/wp-content\/uploads\/2017\/03\/fonctionnement-climatisation-automobile-150x150.jpg",150,150,true],"medium":["https:\/\/www.carideal.com\/blog\/wp-content\/uploads\/2017\/03\/fonctionnement-climatisation-automobile-300x225.jpg",300,225,true],"medium_large":["https:\/\/www.carideal.com\/blog\/wp-content\/uploads\/2017\/03\/fonctionnement-climatisation-automobile-768x577.jpg",768,577,true],"large":["https:\/\/www.carideal.com\/blog\/wp-content\/uploads\/2017\/03\/fonctionnement-climatisation-automobile-1024x769.jpg",1024,769,true],"1536x1536":["https:\/\/www.carideal.com\/blog\/wp-content\/uploads\/2017\/03\/fonctionnement-climatisation-automobile-e1490536087161.jpg",800,601,false],"2048x2048":["https:\/\/www.carideal.com\/blog\/wp-content\/uploads\/2017\/03\/fonctionnement-climatisation-automobile-e1490536087161.jpg",800,601,false],"wppr-widget":["https:\/\/www.carideal.com\/blog\/wp-content\/uploads\/2017\/03\/fonctionnement-climatisation-automobile-e1490536087161.jpg",50,38,false]},"uagb_author_info":{"display_name":"Nicolas SCHIAVON","author_link":"https:\/\/www.carideal.com\/blog\/author\/nschiavon\/"},"uagb_comment_info":0,"uagb_excerpt":"Fonctionnement de la climatisation automobile 1- Le Condenseur de la climatisation automobile sert \u00e0 \u00e9vacuer la chaleur du gaz Frigorog\u00e8ne dans l'air qui le traverse afin de le fair passer de l'\u00e9tat gazeux \u00e0 liquide. 2- Bouteille D\u00e9shydratante Elle filtre les impuret\u00e9s et l'humidit\u00e9 afin d'\u00e9viter la corrosion de la climatisation automobile. 3- Compresseur Il\u2026","_links":{"self":[{"href":"https:\/\/www.carideal.com\/blog\/wp-json\/wp\/v2\/pages\/15780"}],"collection":[{"href":"https:\/\/www.carideal.com\/blog\/wp-json\/wp\/v2\/pages"}],"about":[{"href":"https:\/\/www.carideal.com\/blog\/wp-json\/wp\/v2\/types\/page"}],"author":[{"embeddable":true,"href":"https:\/\/www.carideal.com\/blog\/wp-json\/wp\/v2\/users\/3"}],"replies":[{"embeddable":true,"href":"https:\/\/www.carideal.com\/blog\/wp-json\/wp\/v2\/comments?post=15780"}],"version-history":[{"count":0,"href":"https:\/\/www.carideal.com\/blog\/wp-json\/wp\/v2\/pages\/15780\/revisions"}],"up":[{"embeddable":true,"href":"https:\/\/www.carideal.com\/blog\/wp-json\/wp\/v2\/pages\/13942"}],"wp:featuredmedia":[{"embeddable":true,"href":"https:\/\/www.carideal.com\/blog\/wp-json\/wp\/v2\/media\/15781"}],"wp:attachment":[{"href":"https:\/\/www.carideal.com\/blog\/wp-json\/wp\/v2\/media?parent=15780"}],"curies":[{"name":"wp","href":"https:\/\/api.w.org\/{rel}","templated":true}]}}