{"id":15594,"date":"2017-03-09T09:32:41","date_gmt":"2017-03-09T08:32:41","guid":{"rendered":"http:\/\/www.carideal.com\/blog\/?page_id=15594"},"modified":"2020-12-16T08:41:47","modified_gmt":"2020-12-16T07:41:47","slug":"conseils-de-conduite-pour-ete","status":"publish","type":"page","link":"https:\/\/www.carideal.com\/blog\/conseils-de-conduite\/conseils-de-conduite-pour-ete\/","title":{"rendered":"Conseils de conduite pour l&rsquo;\u00e9t\u00e9"},"content":{"rendered":"\n<h2 class=\"wp-block-heading\">CONSEILS DE CONDUITE POUR L'\u00c9T\u00c9<\/h2>\n\n\n\n<p>L'\u00e9t\u00e9 peut sembler le bon moment de l'ann\u00e9e pour l'automobile, car les <strong>routes sont g\u00e9n\u00e9ralement s\u00e8ches<\/strong> et la plupart des trajets ont lieu alors que le soleil est encore dans le ciel. Cependant, il y a quand m\u00eame des risques que vous n'avez peut-\u00eatre pas envisag\u00e9s, suivez nos <strong>conseils de conduite en \u00e9t\u00e9.<\/strong><\/p>\n\n\n\n<figure class=\"wp-block-image alignnone wp-image-15595 size-full\"><img loading=\"lazy\" decoding=\"async\" width=\"427\" height=\"236\" src=\"http:\/\/www.carideal.com\/blog\/wp-content\/uploads\/2017\/03\/conseils-conduite-ete-1.jpg\" alt=\"Conseils de conduite pour l'\u00e9t\u00e9\" class=\"wp-image-15595\" srcset=\"https:\/\/www.carideal.com\/blog\/wp-content\/uploads\/2017\/03\/conseils-conduite-ete-1.jpg 427w, https:\/\/www.carideal.com\/blog\/wp-content\/uploads\/2017\/03\/conseils-conduite-ete-1-300x166.jpg 300w, https:\/\/www.carideal.com\/blog\/wp-content\/uploads\/2017\/03\/conseils-conduite-ete-1-110x61.jpg 110w, https:\/\/www.carideal.com\/blog\/wp-content\/uploads\/2017\/03\/conseils-conduite-ete-1-420x232.jpg 420w, https:\/\/www.carideal.com\/blog\/wp-content\/uploads\/2017\/03\/conseils-conduite-ete-1-248x138.jpg 248w, https:\/\/www.carideal.com\/blog\/wp-content\/uploads\/2017\/03\/conseils-conduite-ete-1-50x28.jpg 50w\" sizes=\"(max-width: 427px) 100vw, 427px\" \/><figcaption>Conseils de conduite pour l'\u00e9t\u00e9<\/figcaption><\/figure>\n\n\n\n<h2 class=\"wp-block-heading\">Risques&nbsp;par fortes temp\u00e9ratures<\/h2>\n\n\n\n<h3 class=\"wp-block-heading\">Surchauffe<\/h3>\n\n\n\n<p>Les conditions de temp\u00e9ratures \u00e9lev\u00e9es peuvent exacerber tous les probl\u00e8mes avec le syst\u00e8me de refroidissement de votre voiture, augmentant ainsi les risques de panne. Gardez un \u0153il sur le niveau de liquide de refroidissement et v\u00e9rifier les tuyaux pour trouver les taches humides ou de coloration blanche, qui sont des signes de fuites.<\/p>\n\n\n\n<p>Vous devriez \u00e9galement v\u00e9rifier que le ventilateur du radiateur fonctionne correctement en laissant la voiture tourner au ralenti pendant cinq \u00e0 dix minutes apr\u00e8s un trajet normal, pour voir si le ventilateur fonctionne correctement en se mettant en marche et s'arr\u00eatant automatiquement.<\/p>\n\n\n\n<h3 class=\"wp-block-heading\">Pneus<\/h3>\n\n\n\n<p>Le temps chaud peut \u00e9galement causer des dommages aux <a href=\"http:\/\/www.carideal.com\/blog\/garage-automobile\/pneu\/\">pneus<\/a>, \u00e0 les d\u00e9t\u00e9riorer plus rapidement, en particulier s'il y a des dommages existants. V\u00e9rifiez la pression des pneus et leur \u00e9tat g\u00e9n\u00e9ral avant de partir en voyage, car les coupures, les d\u00e9chirures ou les renflements augmentent le risque d'une crevaison, ou d'un \u00e9clatement dangereux.<\/p>\n\n\n\n<h3 class=\"wp-block-heading\">Fatigue du conducteur<\/h3>\n\n\n\n<p>\u00c9vitez la fatigue en vous assurant d'avoir suffisamment d'eau potable \u00e0 bord et que le syst\u00e8me de climatisation fonctionne correctement. Il est \u00e9galement int\u00e9ressant de prendre fr\u00e9quemment des pauses courtes lors de voyages plus longs plut\u00f4t que d'un arr\u00eat de longue dur\u00e9e.<\/p>\n\n\n\n<h3 class=\"wp-block-heading\">\u00c9clat du soleil<\/h3>\n\n\n\n<p>L'\u00e9blouissement du soleil quand il est&nbsp;bas dans le ciel provoque de nombreux accidents, alors assurez-vous de porter une paire de lunettes de soleil dans la voiture \u00e0 tout moment. Les lentilles qui s'obscurcissent \u00e0 la lumi\u00e8re du soleil doivent \u00eatre \u00e9vit\u00e9es et les taches&nbsp;de chaque c\u00f4t\u00e9 du pare-brise doivent \u00e9galement \u00eatre nettoy\u00e9s compl\u00e8tement car ceux-ci peuvent r\u00e9fl\u00e9chir&nbsp;le soleil et nuire \u00e0 votre vision.<\/p>\n\n\n\n<h3 class=\"wp-block-heading\">Interruption de voyage<\/h3>\n\n\n\n<p>Le beau temps est id\u00e9al et agr\u00e9able pour prendre la route, l'inconv\u00e9nient c'est qu'il am\u00e8ne g\u00e9n\u00e9ralement plus de personnes sur la route, ce qui signifie une plus grande chance de rencontrer des bouchons et d'\u00eatre en retard. Pour les \u00e9viter, planifiez votre voyage bien \u00e0 l'avance, gardez un \u0153il sur les nouvelles de la circulation pour \u00eatre inform\u00e9 sur les perturbations. Il serait sage de planifier un deuxi\u00e8me itin\u00e9raire qui \u00e9vite les autoroutes, afin que vous puissiez atteindre votre destination en temps utile et en toute s\u00e9curit\u00e9.<\/p>\n\n\n\n<p><strong>Prenez rendez-vous avec votre <a href=\"http:\/\/www.carideal.com\/blog\/garage-automobile\/\">Garage automobile<\/a> pour&nbsp;obtenir des conseils de conduite plus utiles et pour r\u00e9server un rendez-vous apr\u00e8s-vente.<\/strong><\/p>\n\n\n\n<h2 class=\"wp-block-heading\">Conseils pour rester en s\u00e9curit\u00e9 pendant la saison de conduite estivale<\/h2>\n\n\n\n<p>Selon les donn\u00e9es r\u00e9centes du minist\u00e8re des Transports, l'\u00e9t\u00e9 - et non l'hiver comme on pourrait s'y attendre - est la saison de conduite la plus dangereuse. Dix-huit pour cent de plus d'accidents mortels ont eu lieu durant les mois d'\u00e9t\u00e9 de juin \u00e0 ao\u00fbt par rapport aux mois d'hiver de d\u00e9cembre \u00e0 f\u00e9vrier. Plusieurs facteurs contribuent \u00e0 cette augmentation des accidents, notamment une augmentation de la congestion routi\u00e8re due aux d\u00e9placements des vacances et une augmentation des travaux routiers.<\/p>\n\n\n\n<p>Pour vous aider \u00e0 pr\u00e9parer cette saison de conduite d'\u00e9t\u00e9, voici quelques <a href=\"http:\/\/www.carideal.com\/blog\/conseils-de-conduite\/\">conseils de conduite<\/a> pour vous assurer que votre prochain voyage en voiture est s\u00e9curitaire.<\/p>\n\n\n\n<p>1. Comme dis plus haut, <strong>v\u00e9rifiez vos pneus<\/strong> pour rester s\u00fbr et \u00e9conomiser de l'argent. Des pneus bien entretenus offrent une protection contre les pannes et les accidents \u00e9vitables, une meilleure maniabilit\u00e9 du v\u00e9hicule, une meilleure \u00e9conomie de carburant et une dur\u00e9e de vie accrue des pneus. Maintenir la pression des pneus au niveau recommand\u00e9 par le fabricant augmente l'efficacit\u00e9 du carburant d'un 0.5 L\/ 100 km&nbsp;- quelque chose qui est encore plus important en \u00e9t\u00e9, lorsque les prix du carburant&nbsp;augmente (souvent). (<strong>Astuce<\/strong>) Pour v\u00e9rifier si vos pneus doivent \u00eatre remplac\u00e9s, ins\u00e9rez une pi\u00e8ce de 1 Euro&nbsp;dans la bande de roulement du pneu, avec les \u00e9toiles vers vous. Si les \u00e9toiles du bord sont d\u00e9couvertes, la bande de roulement est inf\u00e9rieure \u00e0 2 mm&nbsp;et vous devriez envisager de remplacer vos pneus.<\/p>\n\n\n\n<p>2. <strong>Lorsque vous faites vos bagages pour un voyage, ne d\u00e9passez pas la capacit\u00e9 de charge utile de votre voiture<\/strong>. Le manuel du propri\u00e9taire contient des informations sur le poids maximal de tout le chargement et des passagers que votre v\u00e9hicule peut transporter en toute s\u00e9curit\u00e9. Avant de partir, v\u00e9rifiez \u00e9galement que vous pouvez clairement voir \u00e0 travers toutes vos fen\u00eatres.<\/p>\n\n\n\n<p>3. <strong>G\u00e9rer l'\u00e9blouissement et la chaleur<\/strong>. Gardez les lunettes de soleil \u00e0 port\u00e9e de main et utilisez un pare-soleil sous votre pare-brise lorsque vous \u00eates gar\u00e9 pour \u00e9viter que votre voiture ne chauffe trop \u00e0 l'int\u00e9rieure. Ne jamais laisser un enfant ou un animal sans surveillance dans un v\u00e9hicule. Le soleil d'\u00e9t\u00e9 peut \u00e9galement vous d\u00e9shydrater pendant les longs trajets&nbsp;donc toujours voyager avec beaucoup d'eau.<\/p>\n\n\n\n<p>4. <strong>G\u00e9rer les allergies estivales<\/strong>. Selon l'OMS, 25 \u00e0 30 % des Fran\u00e7ais souffre d'une allergie qui affecte leur vie quotidienne. Conduire avec des sympt\u00f4mes d'allergie distrayants tels que les yeux qui coulent, les \u00e9ternuements fr\u00e9quents, une congestion et l'\u00e9puisement qui en d\u00e9coule peut-\u00eatre dangereux. De plus, de nombreux m\u00e9dicaments sans ordonnance et les m\u00e9dicaments contre les allergies avec prescription contiennent des ingr\u00e9dients qui vous rendent somnolent. Si vous envisagez de conduire, consultez votre m\u00e9decin ou votre pharmacien pour vous assurer que vos m\u00e9dicaments contre les allergies n'auront aucune incidence sur votre vigilance ou votre \u00e9nergie. Isoler votre voiture autant que possible, nettoyer et changer les filtres \u00e0 pollen r\u00e9guli\u00e8rement et envisager d'utiliser des tapis de sol en plastique lavable au lieu de tissus pour un nettoyage plus facile et moins de r\u00e9tention d'humidit\u00e9 afin d'\u00e9viter les sympt\u00f4mes d'allergie.<\/p>\n\n\n\n<p>5. <strong>Les temp\u00eates d'\u00e9t\u00e9&nbsp;exigent une extr\u00eame prudence<\/strong>. Les routes deviennent tr\u00e8s glissantes dans les premi\u00e8res minutes de pluie, car la pluie se m\u00e9lange avec l'huile et la salet\u00e9 sur la route. Il faut environ 30 minutes de pluie r\u00e9guli\u00e8re pour laver l'huile et la salet\u00e9 de la route.<\/p>\n\n\n\n<p>6. <strong>Partager la route<\/strong>. Le temps chaud signifie plus de bicyclettes et de moto sur la route et un pic dans le travail routier. La s\u00e9curit\u00e9 routi\u00e8re recommande ces conseils pour \u00e9viter les collisions :<\/p>\n\n\n\n<ul class=\"wp-block-list\"><li>Ne partagez jamais les voies avec les motos, car elles utilisent \u00e9galement la voie de circulation compl\u00e8te.<\/li><li>Augmenter votre distance \u00e0 quatre secondes ou plus quand vous roulez derri\u00e8re des motos.<\/li><li>Observez constamment la route devant, \u00e0 l'arri\u00e8re, et sur les c\u00f4t\u00e9s de votre v\u00e9hicule pour observer les motos et les cyclistes.<\/li><li>Lorsque vous traversez des zones de travaux, faites preuve d'une extr\u00eame prudence, suivez tous les panneaux routiers et observez les pi\u00e9tons ou les travailleurs.<\/li><\/ul>\n\n\n\n<p>O\u00f9 allez-vous voyager cet \u00e9t\u00e9 ? Faites-nous part de vos destinations d'\u00e9t\u00e9 pr\u00e9f\u00e9r\u00e9es et de vos meilleurs conseils pour y arriver en toute s\u00e9curit\u00e9.<\/p>\n\n\n\n<p>Pour obtenir plus de conseils sur la fa\u00e7on de rester en s\u00e9curit\u00e9 et \u00e9conomiser de l'argent sur les routes, Suivez nos conseils de conduite pour l'\u00e9t\u00e9, roulez en toute s\u00e9curit\u00e9, faites entretenir votre voiture, et n'oubliez pas que les bons conducteurs b\u00e9n\u00e9ficient de&nbsp;r\u00e9duction d'assurance \ud83d\ude09<\/p>\n\n\n\n<p>Bon voyage\u202f!<\/p>\n\n\n\n<h4 class=\"wp-block-heading\">Pages similaires<\/h4>\n\n\n\n\n\n<h3 class=\"wp-block-heading\">Tous nos conseils de conduite<\/h3>\n\n\n\n<ul class=\"wp-block-list\"><li><a href=\"http:\/\/www.carideal.com\/blog\/conseils-de-conduite\/conseils-de-conduite-en-hiver\/\">Conseils de conduite en hiver<\/a><\/li><li><a href=\"http:\/\/www.carideal.com\/blog\/conseils-de-conduite\/conseils-de-conduite-pour-ete\/\">Conseils de conduite en \u00e9t\u00e9<\/a><\/li><li>Conduite \u00e0 l\u2019\u00e9tranger<\/li><li><a href=\"http:\/\/www.carideal.com\/blog\/conseils-de-conduite\/conseils-conduite-pluie\/\">Conduire par&nbsp;temps humide<\/a><\/li><li>Conduite par grands&nbsp;vents<\/li><li>Conduite dans des conditions de brouillard<\/li><li>Erreur de&nbsp;carburant<\/li><li><a href=\"http:\/\/www.carideal.com\/blog\/conseils-de-conduite\/preparez-votre-voiture-pour-les-vacances\/\">Conseils pr\u00e9parer sa voiture pour les vacances<\/a><\/li><li><a href=\"http:\/\/www.carideal.com\/blog\/conseils-de-conduite\/guide-pratique-portage-et-remorquage\/\">Guide du portage et du remorquage<\/a><\/li><\/ul>\n","protected":false},"excerpt":{"rendered":"<p>CONSEILS DE CONDUITE POUR L&rsquo;\u00c9T\u00c9 L&rsquo;\u00e9t\u00e9 peut sembler le bon moment de l&rsquo;ann\u00e9e pour l&rsquo;automobile, car les routes sont g\u00e9n\u00e9ralement s\u00e8ches et la plupart des trajets ont lieu alors que le soleil est encore dans le ciel. Cependant, il y a quand m\u00eame des risques que vous n&rsquo;avez peut-\u00eatre pas envisag\u00e9s, suivez nos conseils de &#8230; <a title=\"Conseils de conduite pour l&rsquo;\u00e9t\u00e9\" class=\"read-more\" href=\"https:\/\/www.carideal.com\/blog\/conseils-de-conduite\/conseils-de-conduite-pour-ete\/\" aria-label=\"En savoir plus sur Conseils de conduite pour l&rsquo;\u00e9t\u00e9\">Lire plus<\/a><\/p>\n","protected":false},"author":3,"featured_media":15595,"parent":15571,"menu_order":0,"comment_status":"closed","ping_status":"closed","template":"","meta":{"_uag_custom_page_level_css":"","_themeisle_gutenberg_block_has_review":false,"footnotes":""},"class_list":["post-15594","page","type-page","status-publish","has-post-thumbnail"],"wppr_data":{"cwp_meta_box_check":"No"},"yoast_head":"<!-- This site is optimized with the Yoast SEO plugin v24.8.1 - https:\/\/yoast.com\/wordpress\/plugins\/seo\/ -->\n<title>Conseils de conduite pour l&#039;\u00e9t\u00e9 - Blog auto Carid\u00e9al<\/title>\n<meta name=\"description\" content=\"Conseils de conduite pour l&#039;\u00e9t\u00e9. L&#039;\u00e9t\u00e9 peut sembler le bon moment de l&#039;ann\u00e9e pour l&#039;automobile, car les routes sont g\u00e9n\u00e9ralement s\u00e9ches et le temps propice\" \/>\n<meta name=\"robots\" content=\"index, follow, max-snippet:-1, max-image-preview:large, max-video-preview:-1\" \/>\n<link rel=\"canonical\" href=\"https:\/\/www.carideal.com\/blog\/conseils-de-conduite\/conseils-de-conduite-pour-ete\/\" \/>\n<meta property=\"og:locale\" content=\"fr_FR\" \/>\n<meta property=\"og:type\" content=\"article\" \/>\n<meta property=\"og:title\" content=\"Conseils de conduite pour l&#039;\u00e9t\u00e9 - Blog auto Carid\u00e9al\" \/>\n<meta property=\"og:description\" content=\"Conseils de conduite pour l&#039;\u00e9t\u00e9. L&#039;\u00e9t\u00e9 peut sembler le bon moment de l&#039;ann\u00e9e pour l&#039;automobile, car les routes sont g\u00e9n\u00e9ralement s\u00e9ches et le temps propice\" \/>\n<meta property=\"og:url\" content=\"https:\/\/www.carideal.com\/blog\/conseils-de-conduite\/conseils-de-conduite-pour-ete\/\" \/>\n<meta property=\"og:site_name\" content=\"Blog auto Carid\u00e9al\" \/>\n<meta property=\"article:publisher\" content=\"https:\/\/www.facebook.com\/Carideal.mandataire.automobile\" \/>\n<meta property=\"article:modified_time\" content=\"2020-12-16T07:41:47+00:00\" \/>\n<meta property=\"og:image\" content=\"https:\/\/www.carideal.com\/blog\/wp-content\/uploads\/2017\/03\/conseils-conduite-ete-1.jpg\" \/>\n\t<meta property=\"og:image:width\" content=\"427\" \/>\n\t<meta property=\"og:image:height\" content=\"236\" \/>\n\t<meta property=\"og:image:type\" content=\"image\/jpeg\" \/>\n<meta name=\"twitter:card\" content=\"summary_large_image\" \/>\n<meta name=\"twitter:site\" content=\"@caridealauto\" \/>\n<meta name=\"twitter:label1\" content=\"Dur\u00e9e de lecture estim\u00e9e\" \/>\n\t<meta name=\"twitter:data1\" content=\"7 minutes\" \/>\n<script type=\"application\/ld+json\" class=\"yoast-schema-graph\">{\"@context\":\"https:\/\/schema.org\",\"@graph\":[{\"@type\":\"WebPage\",\"@id\":\"https:\/\/www.carideal.com\/blog\/conseils-de-conduite\/conseils-de-conduite-pour-ete\/\",\"url\":\"https:\/\/www.carideal.com\/blog\/conseils-de-conduite\/conseils-de-conduite-pour-ete\/\",\"name\":\"Conseils de conduite pour l'\u00e9t\u00e9 - Blog auto Carid\u00e9al\",\"isPartOf\":{\"@id\":\"https:\/\/www.carideal.com\/blog\/#website\"},\"primaryImageOfPage\":{\"@id\":\"https:\/\/www.carideal.com\/blog\/conseils-de-conduite\/conseils-de-conduite-pour-ete\/#primaryimage\"},\"image\":{\"@id\":\"https:\/\/www.carideal.com\/blog\/conseils-de-conduite\/conseils-de-conduite-pour-ete\/#primaryimage\"},\"thumbnailUrl\":\"https:\/\/www.carideal.com\/blog\/wp-content\/uploads\/2017\/03\/conseils-conduite-ete-1.jpg\",\"datePublished\":\"2017-03-09T08:32:41+00:00\",\"dateModified\":\"2020-12-16T07:41:47+00:00\",\"description\":\"Conseils de conduite pour l'\u00e9t\u00e9. L'\u00e9t\u00e9 peut sembler le bon moment de l'ann\u00e9e pour l'automobile, car les routes sont g\u00e9n\u00e9ralement s\u00e9ches et le temps propice\",\"breadcrumb\":{\"@id\":\"https:\/\/www.carideal.com\/blog\/conseils-de-conduite\/conseils-de-conduite-pour-ete\/#breadcrumb\"},\"inLanguage\":\"fr-FR\",\"potentialAction\":[{\"@type\":\"ReadAction\",\"target\":[\"https:\/\/www.carideal.com\/blog\/conseils-de-conduite\/conseils-de-conduite-pour-ete\/\"]}]},{\"@type\":\"ImageObject\",\"inLanguage\":\"fr-FR\",\"@id\":\"https:\/\/www.carideal.com\/blog\/conseils-de-conduite\/conseils-de-conduite-pour-ete\/#primaryimage\",\"url\":\"https:\/\/www.carideal.com\/blog\/wp-content\/uploads\/2017\/03\/conseils-conduite-ete-1.jpg\",\"contentUrl\":\"https:\/\/www.carideal.com\/blog\/wp-content\/uploads\/2017\/03\/conseils-conduite-ete-1.jpg\",\"width\":427,\"height\":236,\"caption\":\"Conseils de conduite pour l'\u00e9t\u00e9\"},{\"@type\":\"BreadcrumbList\",\"@id\":\"https:\/\/www.carideal.com\/blog\/conseils-de-conduite\/conseils-de-conduite-pour-ete\/#breadcrumb\",\"itemListElement\":[{\"@type\":\"ListItem\",\"position\":1,\"name\":\"Blog Carid\u00e9al\",\"item\":\"https:\/\/www.carideal.com\/blog\/\"},{\"@type\":\"ListItem\",\"position\":2,\"name\":\"Conseils de conduite\",\"item\":\"https:\/\/www.carideal.com\/blog\/conseils-de-conduite\/\"},{\"@type\":\"ListItem\",\"position\":3,\"name\":\"\u00c9t\u00e9\"}]},{\"@type\":\"WebSite\",\"@id\":\"https:\/\/www.carideal.com\/blog\/#website\",\"url\":\"https:\/\/www.carideal.com\/blog\/\",\"name\":\"Blog auto Carid\u00e9al\",\"description\":\"Actualit\u00e9 auto par des passionn\u00e9s\",\"publisher\":{\"@id\":\"https:\/\/www.carideal.com\/blog\/#organization\"},\"potentialAction\":[{\"@type\":\"SearchAction\",\"target\":{\"@type\":\"EntryPoint\",\"urlTemplate\":\"https:\/\/www.carideal.com\/blog\/?s={search_term_string}\"},\"query-input\":{\"@type\":\"PropertyValueSpecification\",\"valueRequired\":true,\"valueName\":\"search_term_string\"}}],\"inLanguage\":\"fr-FR\"},{\"@type\":\"Organization\",\"@id\":\"https:\/\/www.carideal.com\/blog\/#organization\",\"name\":\"Carideal\",\"url\":\"https:\/\/www.carideal.com\/blog\/\",\"logo\":{\"@type\":\"ImageObject\",\"inLanguage\":\"fr-FR\",\"@id\":\"https:\/\/www.carideal.com\/blog\/#\/schema\/logo\/image\/\",\"url\":\"http:\/\/www.carideal.com\/blog\/wp-content\/uploads\/2016\/03\/logo-carideal-mandataire-automobile.png\",\"contentUrl\":\"http:\/\/www.carideal.com\/blog\/wp-content\/uploads\/2016\/03\/logo-carideal-mandataire-automobile.png\",\"width\":300,\"height\":300,\"caption\":\"Carideal\"},\"image\":{\"@id\":\"https:\/\/www.carideal.com\/blog\/#\/schema\/logo\/image\/\"},\"sameAs\":[\"https:\/\/www.facebook.com\/Carideal.mandataire.automobile\",\"https:\/\/x.com\/caridealauto\",\"https:\/\/www.instagram.com\/carideal1\/\",\"https:\/\/www.linkedin.com\/company\/carideal.com\",\"https:\/\/fr.pinterest.com\/schiavonsas\/\",\"https:\/\/www.youtube.com\/user\/caridealsas\"]}]}<\/script>\n<!-- \/ Yoast SEO plugin. -->","yoast_head_json":{"title":"Conseils de conduite pour l'\u00e9t\u00e9 - Blog auto Carid\u00e9al","description":"Conseils de conduite pour l'\u00e9t\u00e9. L'\u00e9t\u00e9 peut sembler le bon moment de l'ann\u00e9e pour l'automobile, car les routes sont g\u00e9n\u00e9ralement s\u00e9ches et le temps propice","robots":{"index":"index","follow":"follow","max-snippet":"max-snippet:-1","max-image-preview":"max-image-preview:large","max-video-preview":"max-video-preview:-1"},"canonical":"https:\/\/www.carideal.com\/blog\/conseils-de-conduite\/conseils-de-conduite-pour-ete\/","og_locale":"fr_FR","og_type":"article","og_title":"Conseils de conduite pour l'\u00e9t\u00e9 - Blog auto Carid\u00e9al","og_description":"Conseils de conduite pour l'\u00e9t\u00e9. L'\u00e9t\u00e9 peut sembler le bon moment de l'ann\u00e9e pour l'automobile, car les routes sont g\u00e9n\u00e9ralement s\u00e9ches et le temps propice","og_url":"https:\/\/www.carideal.com\/blog\/conseils-de-conduite\/conseils-de-conduite-pour-ete\/","og_site_name":"Blog auto Carid\u00e9al","article_publisher":"https:\/\/www.facebook.com\/Carideal.mandataire.automobile","article_modified_time":"2020-12-16T07:41:47+00:00","og_image":[{"width":427,"height":236,"url":"https:\/\/www.carideal.com\/blog\/wp-content\/uploads\/2017\/03\/conseils-conduite-ete-1.jpg","type":"image\/jpeg"}],"twitter_card":"summary_large_image","twitter_site":"@caridealauto","twitter_misc":{"Dur\u00e9e de lecture estim\u00e9e":"7 minutes"},"schema":{"@context":"https:\/\/schema.org","@graph":[{"@type":"WebPage","@id":"https:\/\/www.carideal.com\/blog\/conseils-de-conduite\/conseils-de-conduite-pour-ete\/","url":"https:\/\/www.carideal.com\/blog\/conseils-de-conduite\/conseils-de-conduite-pour-ete\/","name":"Conseils de conduite pour l'\u00e9t\u00e9 - Blog auto Carid\u00e9al","isPartOf":{"@id":"https:\/\/www.carideal.com\/blog\/#website"},"primaryImageOfPage":{"@id":"https:\/\/www.carideal.com\/blog\/conseils-de-conduite\/conseils-de-conduite-pour-ete\/#primaryimage"},"image":{"@id":"https:\/\/www.carideal.com\/blog\/conseils-de-conduite\/conseils-de-conduite-pour-ete\/#primaryimage"},"thumbnailUrl":"https:\/\/www.carideal.com\/blog\/wp-content\/uploads\/2017\/03\/conseils-conduite-ete-1.jpg","datePublished":"2017-03-09T08:32:41+00:00","dateModified":"2020-12-16T07:41:47+00:00","description":"Conseils de conduite pour l'\u00e9t\u00e9. L'\u00e9t\u00e9 peut sembler le bon moment de l'ann\u00e9e pour l'automobile, car les routes sont g\u00e9n\u00e9ralement s\u00e9ches et le temps propice","breadcrumb":{"@id":"https:\/\/www.carideal.com\/blog\/conseils-de-conduite\/conseils-de-conduite-pour-ete\/#breadcrumb"},"inLanguage":"fr-FR","potentialAction":[{"@type":"ReadAction","target":["https:\/\/www.carideal.com\/blog\/conseils-de-conduite\/conseils-de-conduite-pour-ete\/"]}]},{"@type":"ImageObject","inLanguage":"fr-FR","@id":"https:\/\/www.carideal.com\/blog\/conseils-de-conduite\/conseils-de-conduite-pour-ete\/#primaryimage","url":"https:\/\/www.carideal.com\/blog\/wp-content\/uploads\/2017\/03\/conseils-conduite-ete-1.jpg","contentUrl":"https:\/\/www.carideal.com\/blog\/wp-content\/uploads\/2017\/03\/conseils-conduite-ete-1.jpg","width":427,"height":236,"caption":"Conseils de conduite pour l'\u00e9t\u00e9"},{"@type":"BreadcrumbList","@id":"https:\/\/www.carideal.com\/blog\/conseils-de-conduite\/conseils-de-conduite-pour-ete\/#breadcrumb","itemListElement":[{"@type":"ListItem","position":1,"name":"Blog Carid\u00e9al","item":"https:\/\/www.carideal.com\/blog\/"},{"@type":"ListItem","position":2,"name":"Conseils de conduite","item":"https:\/\/www.carideal.com\/blog\/conseils-de-conduite\/"},{"@type":"ListItem","position":3,"name":"\u00c9t\u00e9"}]},{"@type":"WebSite","@id":"https:\/\/www.carideal.com\/blog\/#website","url":"https:\/\/www.carideal.com\/blog\/","name":"Blog auto Carid\u00e9al","description":"Actualit\u00e9 auto par des passionn\u00e9s","publisher":{"@id":"https:\/\/www.carideal.com\/blog\/#organization"},"potentialAction":[{"@type":"SearchAction","target":{"@type":"EntryPoint","urlTemplate":"https:\/\/www.carideal.com\/blog\/?s={search_term_string}"},"query-input":{"@type":"PropertyValueSpecification","valueRequired":true,"valueName":"search_term_string"}}],"inLanguage":"fr-FR"},{"@type":"Organization","@id":"https:\/\/www.carideal.com\/blog\/#organization","name":"Carideal","url":"https:\/\/www.carideal.com\/blog\/","logo":{"@type":"ImageObject","inLanguage":"fr-FR","@id":"https:\/\/www.carideal.com\/blog\/#\/schema\/logo\/image\/","url":"http:\/\/www.carideal.com\/blog\/wp-content\/uploads\/2016\/03\/logo-carideal-mandataire-automobile.png","contentUrl":"http:\/\/www.carideal.com\/blog\/wp-content\/uploads\/2016\/03\/logo-carideal-mandataire-automobile.png","width":300,"height":300,"caption":"Carideal"},"image":{"@id":"https:\/\/www.carideal.com\/blog\/#\/schema\/logo\/image\/"},"sameAs":["https:\/\/www.facebook.com\/Carideal.mandataire.automobile","https:\/\/x.com\/caridealauto","https:\/\/www.instagram.com\/carideal1\/","https:\/\/www.linkedin.com\/company\/carideal.com","https:\/\/fr.pinterest.com\/schiavonsas\/","https:\/\/www.youtube.com\/user\/caridealsas"]}]}},"uagb_featured_image_src":{"full":["https:\/\/www.carideal.com\/blog\/wp-content\/uploads\/2017\/03\/conseils-conduite-ete-1.jpg",427,236,false],"thumbnail":["https:\/\/www.carideal.com\/blog\/wp-content\/uploads\/2017\/03\/conseils-conduite-ete-1-150x150.jpg",150,150,true],"medium":["https:\/\/www.carideal.com\/blog\/wp-content\/uploads\/2017\/03\/conseils-conduite-ete-1-300x166.jpg",300,166,true],"medium_large":["https:\/\/www.carideal.com\/blog\/wp-content\/uploads\/2017\/03\/conseils-conduite-ete-1.jpg",427,236,false],"large":["https:\/\/www.carideal.com\/blog\/wp-content\/uploads\/2017\/03\/conseils-conduite-ete-1.jpg",427,236,false],"1536x1536":["https:\/\/www.carideal.com\/blog\/wp-content\/uploads\/2017\/03\/conseils-conduite-ete-1.jpg",427,236,false],"2048x2048":["https:\/\/www.carideal.com\/blog\/wp-content\/uploads\/2017\/03\/conseils-conduite-ete-1.jpg",427,236,false],"wppr-widget":["https:\/\/www.carideal.com\/blog\/wp-content\/uploads\/2017\/03\/conseils-conduite-ete-1.jpg",50,28,false]},"uagb_author_info":{"display_name":"Nicolas SCHIAVON","author_link":"https:\/\/www.carideal.com\/blog\/author\/nschiavon\/"},"uagb_comment_info":0,"uagb_excerpt":"CONSEILS DE CONDUITE POUR L'\u00c9T\u00c9 L'\u00e9t\u00e9 peut sembler le bon moment de l'ann\u00e9e pour l'automobile, car les routes sont g\u00e9n\u00e9ralement s\u00e8ches et la plupart des trajets ont lieu alors que le soleil est encore dans le ciel. Cependant, il y a quand m\u00eame des risques que vous n'avez peut-\u00eatre pas envisag\u00e9s, suivez nos conseils de\u2026","_links":{"self":[{"href":"https:\/\/www.carideal.com\/blog\/wp-json\/wp\/v2\/pages\/15594"}],"collection":[{"href":"https:\/\/www.carideal.com\/blog\/wp-json\/wp\/v2\/pages"}],"about":[{"href":"https:\/\/www.carideal.com\/blog\/wp-json\/wp\/v2\/types\/page"}],"author":[{"embeddable":true,"href":"https:\/\/www.carideal.com\/blog\/wp-json\/wp\/v2\/users\/3"}],"replies":[{"embeddable":true,"href":"https:\/\/www.carideal.com\/blog\/wp-json\/wp\/v2\/comments?post=15594"}],"version-history":[{"count":0,"href":"https:\/\/www.carideal.com\/blog\/wp-json\/wp\/v2\/pages\/15594\/revisions"}],"up":[{"embeddable":true,"href":"https:\/\/www.carideal.com\/blog\/wp-json\/wp\/v2\/pages\/15571"}],"wp:featuredmedia":[{"embeddable":true,"href":"https:\/\/www.carideal.com\/blog\/wp-json\/wp\/v2\/media\/15595"}],"wp:attachment":[{"href":"https:\/\/www.carideal.com\/blog\/wp-json\/wp\/v2\/media?parent=15594"}],"curies":[{"name":"wp","href":"https:\/\/api.w.org\/{rel}","templated":true}]}}