{"id":15521,"date":"2017-03-01T10:44:17","date_gmt":"2017-03-01T09:44:17","guid":{"rendered":"http:\/\/www.carideal.com\/blog\/?page_id=15521"},"modified":"2020-02-01T13:19:44","modified_gmt":"2020-02-01T12:19:44","slug":"voiture-occasion-isere","status":"publish","type":"page","link":"https:\/\/www.carideal.com\/blog\/voitures-occasions\/voiture-occasion-isere\/","title":{"rendered":"Voiture occasion Is\u00e8re &#8211; Annonces auto"},"content":{"rendered":"<h2>Voitures d'occasion en Is\u00e8re<\/h2>\n<p><a href=\"http:\/\/www.carideal.com\/blog\/marque-de-voiture-actualites-essais\/\">Toutes les marques<\/a> | <a href=\"http:\/\/www.carideal.com\/blog\/marque-de-voiture-actualites-essais\/peugeot\/\">Peugeot<\/a> | <a href=\"http:\/\/www.carideal.com\/blog\/marque-de-voiture-actualites-essais\/renault\/\">Renault<\/a> | <a href=\"http:\/\/www.carideal.com\/blog\/marque-de-voiture-actualites-essais\/citroen\/\">Citro\u00ebn<\/a> | <a href=\"http:\/\/www.carideal.com\/blog\/marque-de-voiture-actualites-essais\/dacia\/\">Dacia<\/a> | <a href=\"http:\/\/www.carideal.com\/blog\/marque-de-voiture-actualites-essais\/volkswagen\/\">Volkswagen<\/a> | <a href=\"http:\/\/www.carideal.com\/blog\/marque-de-voiture-actualites-essais\/kia\/\">Kia<\/a> | <a href=\"http:\/\/www.carideal.com\/blog\/marque-de-voiture-actualites-essais\/land-rover\/\">Land Rover<\/a><\/p>\n<p>Trouvez votre <strong>voiture d'occasion en Is\u00e8re<\/strong> sur Carideal.com.<\/p>\n<figure id=\"attachment_21427\" aria-describedby=\"caption-attachment-21427\" style=\"width: 590px\" class=\"wp-caption aligncenter\"><img loading=\"lazy\" decoding=\"async\" class=\"size-full wp-image-21427\" src=\"http:\/\/www.carideal.com\/blog\/wp-content\/uploads\/2020\/02\/10000-mod\u00e8les-de-voitures-en-France-carideal-mandataire-automobile.jpg\" alt=\"Voitures occasions Is\u00e8re\" width=\"600\" height=\"300\" srcset=\"https:\/\/www.carideal.com\/blog\/wp-content\/uploads\/2020\/02\/10000-mod\u00e8les-de-voitures-en-France-carideal-mandataire-automobile.jpg 600w, https:\/\/www.carideal.com\/blog\/wp-content\/uploads\/2020\/02\/10000-mod\u00e8les-de-voitures-en-France-carideal-mandataire-automobile-300x150.jpg 300w, https:\/\/www.carideal.com\/blog\/wp-content\/uploads\/2020\/02\/10000-mod\u00e8les-de-voitures-en-France-carideal-mandataire-automobile-50x25.jpg 50w, https:\/\/www.carideal.com\/blog\/wp-content\/uploads\/2020\/02\/10000-mod\u00e8les-de-voitures-en-France-carideal-mandataire-automobile-110x55.jpg 110w, https:\/\/www.carideal.com\/blog\/wp-content\/uploads\/2020\/02\/10000-mod\u00e8les-de-voitures-en-France-carideal-mandataire-automobile-420x210.jpg 420w\" sizes=\"(max-width: 600px) 100vw, 600px\" \/><figcaption id=\"caption-attachment-21427\" class=\"wp-caption-text\">Voitures occasions Is\u00e8re<\/figcaption><\/figure>\n<p>La recherche de voiture d'occasion en Is\u00e8re comprend les villes de :<\/p>\n<ul>\n<li>Grenoble<\/li>\n<li>Gresse-en-Vercors<\/li>\n<li>Mens<\/li>\n<li>La C\u00f4te-Saint-Andr\u00e9<\/li>\n<li>Bourgoin-Jallieu<\/li>\n<li>Moirans<\/li>\n<li>Voiron<\/li>\n<li>La Tour du Pin<\/li>\n<\/ul>\n<p>L'Is\u00e8re est l'un des 83 premiers d\u00e9partements cr\u00e9\u00e9s lors de la R\u00e9volution fran\u00e7aise le 4 mars 1790. Il a \u00e9t\u00e9 cr\u00e9\u00e9 \u00e0 partir d'une partie de l'ancienne province du Dauphin\u00e9. Sa superficie a \u00e9t\u00e9 r\u00e9duite deux fois, en 1852 et de nouveau en 1967, \u00e0 deux reprises perdant du territoire au profit du d\u00e9partement du Rh\u00f4ne.<\/p>\n<p>Le d\u00e9partement de L'Is\u00e8re est entour\u00e9 de massif montagneux avec le Vercors et la Chartreuse au nord, l'Is\u00e8re est l'un des comt\u00e9s les plus verts et les plus expansibles de France. En fait, elle est si peu peupl\u00e9e que 75% de la population de l'Is\u00e8re vit dans seulement 25% de la r\u00e9gion. Une grande partie de cette population est centr\u00e9e autour de sa ville principale : Grenoble.<\/p>\n<figure id=\"attachment_15523\" aria-describedby=\"caption-attachment-15523\" style=\"width: 590px\" class=\"wp-caption alignnone\"><a href=\"http:\/\/www.carideal.com\/blog\/wp-content\/uploads\/2017\/03\/10000-mod\u00e8les-de-voitures-en-France-carideal-mandataire-automobile-1-e1488361310384.png\"><img loading=\"lazy\" decoding=\"async\" class=\"wp-image-15523 size-full\" title=\"Voitures d'occasions \u00e0 vendre en Is\u00e8re\" src=\"http:\/\/www.carideal.com\/blog\/wp-content\/uploads\/2017\/03\/10000-mod\u00e8les-de-voitures-en-France-carideal-mandataire-automobile-1-e1488361310384.png\" alt=\"Voitures d'occasions \u00e0 vendre en Is\u00e8re\" width=\"600\" height=\"300\" \/><\/a><figcaption id=\"caption-attachment-15523\" class=\"wp-caption-text\">Voitures d'occasions \u00e0 vendre en Is\u00e8re<\/figcaption><\/figure>\n<p>Certaines des plus belles parties des Alpes, sur la rive gauche de l'Is\u00e8re, les massifs de Belledonne, des Grandes Rousses et des \u00c9crins, qui constitue le point culminant du d\u00e9partement \u00e0 4 088 m au pic Lory, la Meige 4000 m, ant\u00e9c\u00e9dent de la Barre des \u00c9crins (4 102 m, elle-m\u00eame Situ\u00e9 dans le d\u00e9partement des Hautes-Alpes), et du Vercors \u00e0 l'ouest.<\/p>\n<p>L'Is\u00e8re est entour\u00e9e de la Savoie \u00e0 un bout avec Chamb\u00e9ry et le d\u00e9partement du Rh\u00f4ne, entre autre. Les deux sous-pr\u00e9fectures du d\u00e9partement sont La tour du Pin et Vienne. Grenoble est le c\u0153ur du sillon alpin et de sa vall\u00e9e du Gr\u00e9sivaudan, perp\u00e9tuel n\u0153ud de circulation avec le croisement de ses autoroutes allant vers le sud et les montagnes et leurs stations de ski. Longtemps \u00e0 l\u2019\u00e9cart du r\u00e9seau autoroutier fran\u00e7ais, Grenoble y occupe d\u00e9sormais une place de choix. La ville est le carrefour de trois autoroutes : l\u2019A41 (vers Chamb\u00e9ry, la <a href=\"http:\/\/www.carideal.com\/blog\/voitures-occasions\/voitures-occasions-en-savoie\/\">Savoie<\/a>\u00a0la <a href=\"http:\/\/www.carideal.com\/blog\/voitures-occasions\/voitures-occasions-haute-savoie\/\">Haute-Savoie<\/a> et la Suisse), l\u2019A48 (vers Lyon et Paris) et l\u2019A51, surnomm\u00e9e l\u2019Autoroute du Tri\u00e8ves (vers le Parc naturel r\u00e9gional du Vercors et Marseille). L\u2019autoroute A48 permet de r\u00e9cup\u00e9rer l\u2019A49 au niveau de Voreppe et ainsi de rallier Valence.<\/p>\n<p>Le d\u00e9partement de l'is\u00e8re \u00e9tant fortement peupl\u00e9 Les ventes de voitures d'occasions y sont donc plus nombreuses. 33% des annonces de voitures d'occasion en\u00a0Is\u00e8re ont un prix sup\u00e9rieur \u00e0 la moyenne nationale. Cela indique qu'il pourrait y avoir de la marge de n\u00e9gociation pour tout accord.<\/p>\n<p>Carideal vous propose ses <a href=\"http:\/\/www.carideal.com\/blog\/voitures-occasions\/\">voitures d'occasions<\/a> sur son site internet. Par la proximit\u00e9 de son <a href=\"http:\/\/www.carideal.com\/blog\/carideal-mandataire-auto-france\/chambery\/\">agence de Chamb\u00e9ry<\/a> il sera tr\u00e8s facile aux acheteurs potentiels is\u00e9rois de venir r\u00e9cup\u00e9rer la voiture sur son site de Bassens apr\u00e8s l'avoir vu et r\u00e9serv\u00e9e sur notre site d'annonces d'occasions.<\/p>\n<h2>Nous pouvons vous aider \u00e0 trouver votre voiture d\u2019occasion en\u00a0Is\u00e8re<\/h2>\n<div id=\"contact-form-15469\"><\/div>\n<p>[contact-form to='nicolas@carideal.com' subject='Recherche de voiture d%26#039;occasion Is\u00e8re'][contact-field label='Nom' type='name' required='1'\/][contact-field label='E-mail' type='email' required='1'\/][contact-field label='T\u00e9l\u00e9phone' type='text' required='1'\/][contact-field label='Mod\u00e8le de voiture d%26#039;occasion recherch\u00e9e' type='textarea' required='1'\/][\/contact-form]<\/p>\n<p><strong>ou t\u00e9l\u00e9phonez-nous au\u00a004 79 33 83 95<\/strong><\/p>\n","protected":false},"excerpt":{"rendered":"<p>Voitures d&rsquo;occasion en Is\u00e8re Toutes les marques | Peugeot | Renault | Citro\u00ebn | Dacia | Volkswagen | Kia | Land Rover Trouvez votre voiture d&rsquo;occasion en Is\u00e8re sur Carideal.com. La recherche de voiture d&rsquo;occasion en Is\u00e8re comprend les villes de : Grenoble Gresse-en-Vercors Mens La C\u00f4te-Saint-Andr\u00e9 Bourgoin-Jallieu Moirans Voiron La Tour du Pin L&rsquo;Is\u00e8re &#8230; <a title=\"Voiture occasion Is\u00e8re &#8211; Annonces auto\" class=\"read-more\" href=\"https:\/\/www.carideal.com\/blog\/voitures-occasions\/voiture-occasion-isere\/\" aria-label=\"En savoir plus sur Voiture occasion Is\u00e8re &#8211; Annonces auto\">Lire plus<\/a><\/p>\n","protected":false},"author":3,"featured_media":21427,"parent":15469,"menu_order":0,"comment_status":"closed","ping_status":"closed","template":"","meta":{"_uag_custom_page_level_css":"","_themeisle_gutenberg_block_has_review":false,"footnotes":""},"class_list":["post-15521","page","type-page","status-publish","has-post-thumbnail"],"wppr_data":{"cwp_meta_box_check":"No"},"yoast_head":"<!-- This site is optimized with the Yoast SEO plugin v24.8.1 - https:\/\/yoast.com\/wordpress\/plugins\/seo\/ -->\n<title>Voiture occasion Is\u00e8re - Annonces auto - Blog auto Carid\u00e9al<\/title>\n<meta name=\"description\" content=\"Le d\u00e9partement de l&#039;is\u00e8re \u00e9tant fortement peupl\u00e9 les voitures d&#039;occasions \u00e0 vendre en Is\u00e8re y sont donc plus nombreuses Carideal vous propose ses offres\" \/>\n<meta name=\"robots\" content=\"index, follow, max-snippet:-1, max-image-preview:large, max-video-preview:-1\" \/>\n<link rel=\"canonical\" href=\"https:\/\/www.carideal.com\/blog\/voitures-occasions\/voiture-occasion-isere\/\" \/>\n<meta property=\"og:locale\" content=\"fr_FR\" \/>\n<meta property=\"og:type\" content=\"article\" \/>\n<meta property=\"og:title\" content=\"Voiture occasion Is\u00e8re - Annonces auto - Blog auto Carid\u00e9al\" \/>\n<meta property=\"og:description\" content=\"Le d\u00e9partement de l&#039;is\u00e8re \u00e9tant fortement peupl\u00e9 les voitures d&#039;occasions \u00e0 vendre en Is\u00e8re y sont donc plus nombreuses Carideal vous propose ses offres\" \/>\n<meta property=\"og:url\" content=\"https:\/\/www.carideal.com\/blog\/voitures-occasions\/voiture-occasion-isere\/\" \/>\n<meta property=\"og:site_name\" content=\"Blog auto Carid\u00e9al\" \/>\n<meta property=\"article:publisher\" content=\"https:\/\/www.facebook.com\/Carideal.mandataire.automobile\" \/>\n<meta property=\"article:modified_time\" content=\"2020-02-01T12:19:44+00:00\" \/>\n<meta property=\"og:image\" content=\"https:\/\/www.carideal.com\/blog\/wp-content\/uploads\/2020\/02\/10000-mod\u00e8les-de-voitures-en-France-carideal-mandataire-automobile.jpg\" \/>\n\t<meta property=\"og:image:width\" content=\"600\" \/>\n\t<meta property=\"og:image:height\" content=\"300\" \/>\n\t<meta property=\"og:image:type\" content=\"image\/jpeg\" \/>\n<meta name=\"twitter:card\" content=\"summary_large_image\" \/>\n<meta name=\"twitter:site\" content=\"@caridealauto\" \/>\n<meta name=\"twitter:label1\" content=\"Dur\u00e9e de lecture estim\u00e9e\" \/>\n\t<meta name=\"twitter:data1\" content=\"3 minutes\" \/>\n<script type=\"application\/ld+json\" class=\"yoast-schema-graph\">{\"@context\":\"https:\/\/schema.org\",\"@graph\":[{\"@type\":\"WebPage\",\"@id\":\"https:\/\/www.carideal.com\/blog\/voitures-occasions\/voiture-occasion-isere\/\",\"url\":\"https:\/\/www.carideal.com\/blog\/voitures-occasions\/voiture-occasion-isere\/\",\"name\":\"Voiture occasion Is\u00e8re - Annonces auto - Blog auto Carid\u00e9al\",\"isPartOf\":{\"@id\":\"https:\/\/www.carideal.com\/blog\/#website\"},\"primaryImageOfPage\":{\"@id\":\"https:\/\/www.carideal.com\/blog\/voitures-occasions\/voiture-occasion-isere\/#primaryimage\"},\"image\":{\"@id\":\"https:\/\/www.carideal.com\/blog\/voitures-occasions\/voiture-occasion-isere\/#primaryimage\"},\"thumbnailUrl\":\"https:\/\/www.carideal.com\/blog\/wp-content\/uploads\/2020\/02\/10000-mod\u00e8les-de-voitures-en-France-carideal-mandataire-automobile.jpg\",\"datePublished\":\"2017-03-01T09:44:17+00:00\",\"dateModified\":\"2020-02-01T12:19:44+00:00\",\"description\":\"Le d\u00e9partement de l'is\u00e8re \u00e9tant fortement peupl\u00e9 les voitures d'occasions \u00e0 vendre en Is\u00e8re y sont donc plus nombreuses Carideal vous propose ses offres\",\"breadcrumb\":{\"@id\":\"https:\/\/www.carideal.com\/blog\/voitures-occasions\/voiture-occasion-isere\/#breadcrumb\"},\"inLanguage\":\"fr-FR\",\"potentialAction\":[{\"@type\":\"ReadAction\",\"target\":[\"https:\/\/www.carideal.com\/blog\/voitures-occasions\/voiture-occasion-isere\/\"]}]},{\"@type\":\"ImageObject\",\"inLanguage\":\"fr-FR\",\"@id\":\"https:\/\/www.carideal.com\/blog\/voitures-occasions\/voiture-occasion-isere\/#primaryimage\",\"url\":\"https:\/\/www.carideal.com\/blog\/wp-content\/uploads\/2020\/02\/10000-mod\u00e8les-de-voitures-en-France-carideal-mandataire-automobile.jpg\",\"contentUrl\":\"https:\/\/www.carideal.com\/blog\/wp-content\/uploads\/2020\/02\/10000-mod\u00e8les-de-voitures-en-France-carideal-mandataire-automobile.jpg\",\"width\":600,\"height\":300,\"caption\":\"Voitures occasions Is\u00e8re\"},{\"@type\":\"BreadcrumbList\",\"@id\":\"https:\/\/www.carideal.com\/blog\/voitures-occasions\/voiture-occasion-isere\/#breadcrumb\",\"itemListElement\":[{\"@type\":\"ListItem\",\"position\":1,\"name\":\"Blog Carid\u00e9al\",\"item\":\"https:\/\/www.carideal.com\/blog\/\"},{\"@type\":\"ListItem\",\"position\":2,\"name\":\"Voitures occasions\",\"item\":\"https:\/\/www.carideal.com\/blog\/voitures-occasions\/\"},{\"@type\":\"ListItem\",\"position\":3,\"name\":\"Is\u00e8re\"}]},{\"@type\":\"WebSite\",\"@id\":\"https:\/\/www.carideal.com\/blog\/#website\",\"url\":\"https:\/\/www.carideal.com\/blog\/\",\"name\":\"Blog auto Carid\u00e9al\",\"description\":\"Actualit\u00e9 auto par des passionn\u00e9s\",\"publisher\":{\"@id\":\"https:\/\/www.carideal.com\/blog\/#organization\"},\"potentialAction\":[{\"@type\":\"SearchAction\",\"target\":{\"@type\":\"EntryPoint\",\"urlTemplate\":\"https:\/\/www.carideal.com\/blog\/?s={search_term_string}\"},\"query-input\":{\"@type\":\"PropertyValueSpecification\",\"valueRequired\":true,\"valueName\":\"search_term_string\"}}],\"inLanguage\":\"fr-FR\"},{\"@type\":\"Organization\",\"@id\":\"https:\/\/www.carideal.com\/blog\/#organization\",\"name\":\"Carideal\",\"url\":\"https:\/\/www.carideal.com\/blog\/\",\"logo\":{\"@type\":\"ImageObject\",\"inLanguage\":\"fr-FR\",\"@id\":\"https:\/\/www.carideal.com\/blog\/#\/schema\/logo\/image\/\",\"url\":\"http:\/\/www.carideal.com\/blog\/wp-content\/uploads\/2016\/03\/logo-carideal-mandataire-automobile.png\",\"contentUrl\":\"http:\/\/www.carideal.com\/blog\/wp-content\/uploads\/2016\/03\/logo-carideal-mandataire-automobile.png\",\"width\":300,\"height\":300,\"caption\":\"Carideal\"},\"image\":{\"@id\":\"https:\/\/www.carideal.com\/blog\/#\/schema\/logo\/image\/\"},\"sameAs\":[\"https:\/\/www.facebook.com\/Carideal.mandataire.automobile\",\"https:\/\/x.com\/caridealauto\",\"https:\/\/www.instagram.com\/carideal1\/\",\"https:\/\/www.linkedin.com\/company\/carideal.com\",\"https:\/\/fr.pinterest.com\/schiavonsas\/\",\"https:\/\/www.youtube.com\/user\/caridealsas\"]}]}<\/script>\n<!-- \/ Yoast SEO plugin. -->","yoast_head_json":{"title":"Voiture occasion Is\u00e8re - Annonces auto - Blog auto Carid\u00e9al","description":"Le d\u00e9partement de l'is\u00e8re \u00e9tant fortement peupl\u00e9 les voitures d'occasions \u00e0 vendre en Is\u00e8re y sont donc plus nombreuses Carideal vous propose ses offres","robots":{"index":"index","follow":"follow","max-snippet":"max-snippet:-1","max-image-preview":"max-image-preview:large","max-video-preview":"max-video-preview:-1"},"canonical":"https:\/\/www.carideal.com\/blog\/voitures-occasions\/voiture-occasion-isere\/","og_locale":"fr_FR","og_type":"article","og_title":"Voiture occasion Is\u00e8re - Annonces auto - Blog auto Carid\u00e9al","og_description":"Le d\u00e9partement de l'is\u00e8re \u00e9tant fortement peupl\u00e9 les voitures d'occasions \u00e0 vendre en Is\u00e8re y sont donc plus nombreuses Carideal vous propose ses offres","og_url":"https:\/\/www.carideal.com\/blog\/voitures-occasions\/voiture-occasion-isere\/","og_site_name":"Blog auto Carid\u00e9al","article_publisher":"https:\/\/www.facebook.com\/Carideal.mandataire.automobile","article_modified_time":"2020-02-01T12:19:44+00:00","og_image":[{"width":600,"height":300,"url":"https:\/\/www.carideal.com\/blog\/wp-content\/uploads\/2020\/02\/10000-mod\u00e8les-de-voitures-en-France-carideal-mandataire-automobile.jpg","type":"image\/jpeg"}],"twitter_card":"summary_large_image","twitter_site":"@caridealauto","twitter_misc":{"Dur\u00e9e de lecture estim\u00e9e":"3 minutes"},"schema":{"@context":"https:\/\/schema.org","@graph":[{"@type":"WebPage","@id":"https:\/\/www.carideal.com\/blog\/voitures-occasions\/voiture-occasion-isere\/","url":"https:\/\/www.carideal.com\/blog\/voitures-occasions\/voiture-occasion-isere\/","name":"Voiture occasion Is\u00e8re - Annonces auto - Blog auto Carid\u00e9al","isPartOf":{"@id":"https:\/\/www.carideal.com\/blog\/#website"},"primaryImageOfPage":{"@id":"https:\/\/www.carideal.com\/blog\/voitures-occasions\/voiture-occasion-isere\/#primaryimage"},"image":{"@id":"https:\/\/www.carideal.com\/blog\/voitures-occasions\/voiture-occasion-isere\/#primaryimage"},"thumbnailUrl":"https:\/\/www.carideal.com\/blog\/wp-content\/uploads\/2020\/02\/10000-mod\u00e8les-de-voitures-en-France-carideal-mandataire-automobile.jpg","datePublished":"2017-03-01T09:44:17+00:00","dateModified":"2020-02-01T12:19:44+00:00","description":"Le d\u00e9partement de l'is\u00e8re \u00e9tant fortement peupl\u00e9 les voitures d'occasions \u00e0 vendre en Is\u00e8re y sont donc plus nombreuses Carideal vous propose ses offres","breadcrumb":{"@id":"https:\/\/www.carideal.com\/blog\/voitures-occasions\/voiture-occasion-isere\/#breadcrumb"},"inLanguage":"fr-FR","potentialAction":[{"@type":"ReadAction","target":["https:\/\/www.carideal.com\/blog\/voitures-occasions\/voiture-occasion-isere\/"]}]},{"@type":"ImageObject","inLanguage":"fr-FR","@id":"https:\/\/www.carideal.com\/blog\/voitures-occasions\/voiture-occasion-isere\/#primaryimage","url":"https:\/\/www.carideal.com\/blog\/wp-content\/uploads\/2020\/02\/10000-mod\u00e8les-de-voitures-en-France-carideal-mandataire-automobile.jpg","contentUrl":"https:\/\/www.carideal.com\/blog\/wp-content\/uploads\/2020\/02\/10000-mod\u00e8les-de-voitures-en-France-carideal-mandataire-automobile.jpg","width":600,"height":300,"caption":"Voitures occasions Is\u00e8re"},{"@type":"BreadcrumbList","@id":"https:\/\/www.carideal.com\/blog\/voitures-occasions\/voiture-occasion-isere\/#breadcrumb","itemListElement":[{"@type":"ListItem","position":1,"name":"Blog Carid\u00e9al","item":"https:\/\/www.carideal.com\/blog\/"},{"@type":"ListItem","position":2,"name":"Voitures occasions","item":"https:\/\/www.carideal.com\/blog\/voitures-occasions\/"},{"@type":"ListItem","position":3,"name":"Is\u00e8re"}]},{"@type":"WebSite","@id":"https:\/\/www.carideal.com\/blog\/#website","url":"https:\/\/www.carideal.com\/blog\/","name":"Blog auto Carid\u00e9al","description":"Actualit\u00e9 auto par des passionn\u00e9s","publisher":{"@id":"https:\/\/www.carideal.com\/blog\/#organization"},"potentialAction":[{"@type":"SearchAction","target":{"@type":"EntryPoint","urlTemplate":"https:\/\/www.carideal.com\/blog\/?s={search_term_string}"},"query-input":{"@type":"PropertyValueSpecification","valueRequired":true,"valueName":"search_term_string"}}],"inLanguage":"fr-FR"},{"@type":"Organization","@id":"https:\/\/www.carideal.com\/blog\/#organization","name":"Carideal","url":"https:\/\/www.carideal.com\/blog\/","logo":{"@type":"ImageObject","inLanguage":"fr-FR","@id":"https:\/\/www.carideal.com\/blog\/#\/schema\/logo\/image\/","url":"http:\/\/www.carideal.com\/blog\/wp-content\/uploads\/2016\/03\/logo-carideal-mandataire-automobile.png","contentUrl":"http:\/\/www.carideal.com\/blog\/wp-content\/uploads\/2016\/03\/logo-carideal-mandataire-automobile.png","width":300,"height":300,"caption":"Carideal"},"image":{"@id":"https:\/\/www.carideal.com\/blog\/#\/schema\/logo\/image\/"},"sameAs":["https:\/\/www.facebook.com\/Carideal.mandataire.automobile","https:\/\/x.com\/caridealauto","https:\/\/www.instagram.com\/carideal1\/","https:\/\/www.linkedin.com\/company\/carideal.com","https:\/\/fr.pinterest.com\/schiavonsas\/","https:\/\/www.youtube.com\/user\/caridealsas"]}]}},"uagb_featured_image_src":{"full":["https:\/\/www.carideal.com\/blog\/wp-content\/uploads\/2020\/02\/10000-mod\u00e8les-de-voitures-en-France-carideal-mandataire-automobile.jpg",600,300,false],"thumbnail":["https:\/\/www.carideal.com\/blog\/wp-content\/uploads\/2020\/02\/10000-mod\u00e8les-de-voitures-en-France-carideal-mandataire-automobile-150x150.jpg",150,150,true],"medium":["https:\/\/www.carideal.com\/blog\/wp-content\/uploads\/2020\/02\/10000-mod\u00e8les-de-voitures-en-France-carideal-mandataire-automobile-300x150.jpg",300,150,true],"medium_large":["https:\/\/www.carideal.com\/blog\/wp-content\/uploads\/2020\/02\/10000-mod\u00e8les-de-voitures-en-France-carideal-mandataire-automobile.jpg",600,300,false],"large":["https:\/\/www.carideal.com\/blog\/wp-content\/uploads\/2020\/02\/10000-mod\u00e8les-de-voitures-en-France-carideal-mandataire-automobile.jpg",600,300,false],"1536x1536":["https:\/\/www.carideal.com\/blog\/wp-content\/uploads\/2020\/02\/10000-mod\u00e8les-de-voitures-en-France-carideal-mandataire-automobile.jpg",600,300,false],"2048x2048":["https:\/\/www.carideal.com\/blog\/wp-content\/uploads\/2020\/02\/10000-mod\u00e8les-de-voitures-en-France-carideal-mandataire-automobile.jpg",600,300,false],"wppr-widget":["https:\/\/www.carideal.com\/blog\/wp-content\/uploads\/2020\/02\/10000-mod\u00e8les-de-voitures-en-France-carideal-mandataire-automobile-50x25.jpg",50,25,true]},"uagb_author_info":{"display_name":"Nicolas SCHIAVON","author_link":"https:\/\/www.carideal.com\/blog\/author\/nschiavon\/"},"uagb_comment_info":0,"uagb_excerpt":"Voitures d'occasion en Is\u00e8re Toutes les marques | Peugeot | Renault | Citro\u00ebn | Dacia | Volkswagen | Kia | Land Rover Trouvez votre voiture d'occasion en Is\u00e8re sur Carideal.com. La recherche de voiture d'occasion en Is\u00e8re comprend les villes de : Grenoble Gresse-en-Vercors Mens La C\u00f4te-Saint-Andr\u00e9 Bourgoin-Jallieu Moirans Voiron La Tour du Pin L'Is\u00e8re\u2026","_links":{"self":[{"href":"https:\/\/www.carideal.com\/blog\/wp-json\/wp\/v2\/pages\/15521"}],"collection":[{"href":"https:\/\/www.carideal.com\/blog\/wp-json\/wp\/v2\/pages"}],"about":[{"href":"https:\/\/www.carideal.com\/blog\/wp-json\/wp\/v2\/types\/page"}],"author":[{"embeddable":true,"href":"https:\/\/www.carideal.com\/blog\/wp-json\/wp\/v2\/users\/3"}],"replies":[{"embeddable":true,"href":"https:\/\/www.carideal.com\/blog\/wp-json\/wp\/v2\/comments?post=15521"}],"version-history":[{"count":0,"href":"https:\/\/www.carideal.com\/blog\/wp-json\/wp\/v2\/pages\/15521\/revisions"}],"up":[{"embeddable":true,"href":"https:\/\/www.carideal.com\/blog\/wp-json\/wp\/v2\/pages\/15469"}],"wp:featuredmedia":[{"embeddable":true,"href":"https:\/\/www.carideal.com\/blog\/wp-json\/wp\/v2\/media\/21427"}],"wp:attachment":[{"href":"https:\/\/www.carideal.com\/blog\/wp-json\/wp\/v2\/media?parent=15521"}],"curies":[{"name":"wp","href":"https:\/\/api.w.org\/{rel}","templated":true}]}}