{"id":15461,"date":"2017-02-26T16:55:17","date_gmt":"2017-02-26T15:55:17","guid":{"rendered":"http:\/\/www.carideal.com\/blog\/?page_id=15461"},"modified":"2020-02-03T14:30:25","modified_gmt":"2020-02-03T13:30:25","slug":"voitures-occasions-en-savoie","status":"publish","type":"page","link":"https:\/\/www.carideal.com\/blog\/voitures-occasions\/voitures-occasions-en-savoie\/","title":{"rendered":"Voiture occasion Savoie &#8211; Annonce auto"},"content":{"rendered":"<h2>Voitures d'occasions en Savoie<\/h2>\n<p>Avec pr\u00e8s de 430000 personnes, la Savoie est class\u00e9e \u00e0 la 57\u00b0 place en France en termes de taille, La Savoie poss\u00e8de 71 habitants au km\u00b2, les grandes villes sont Albertville, St Jean de Maurienne, Aix les bains et la capitale Chamb\u00e9ry. De quoi trouver une <strong>voiture d'occasion en Savoie<\/strong>.<\/p>\n<p><a href=\"http:\/\/www.carideal.com\/blog\/marque-de-voiture-actualites-essais\/\">Toutes les marques<\/a>\u00a0|\u00a0<a href=\"http:\/\/www.carideal.com\/blog\/marque-de-voiture-actualites-essais\/peugeot\/\">Peugeot<\/a>\u00a0|\u00a0<a href=\"http:\/\/www.carideal.com\/blog\/marque-de-voiture-actualites-essais\/renault\/\">Renault<\/a>\u00a0|\u00a0<a href=\"http:\/\/www.carideal.com\/blog\/marque-de-voiture-actualites-essais\/citroen\/\">Citro\u00ebn<\/a>\u00a0|\u00a0<a href=\"http:\/\/www.carideal.com\/blog\/marque-de-voiture-actualites-essais\/dacia\/\">Dacia<\/a>\u00a0|\u00a0<a href=\"http:\/\/www.carideal.com\/blog\/marque-de-voiture-actualites-essais\/volkswagen\/\">Volkswagen<\/a>\u00a0|\u00a0<a href=\"http:\/\/www.carideal.com\/blog\/marque-de-voiture-actualites-essais\/kia\/\">Kia<\/a>\u00a0|\u00a0<a href=\"http:\/\/www.carideal.com\/blog\/marque-de-voiture-actualites-essais\/land-rover\/\">Land Rover<\/a>\u00a0|\u00a0<a href=\"http:\/\/www.carideal.com\/blog\/carideal-mandataire-auto-france\/chambery\/\">Mandataire auto Savoie<\/a><\/p>\n<figure id=\"attachment_15466\" aria-describedby=\"caption-attachment-15466\" style=\"width: 590px\" class=\"wp-caption alignnone\"><img loading=\"lazy\" decoding=\"async\" class=\"wp-image-15466 size-full\" src=\"http:\/\/www.carideal.com\/blog\/wp-content\/uploads\/2017\/02\/Voiture-neuve-vs-voiture-occasion-carideal-mandataire-automobile-e1488124204712.jpg\" alt=\"Voitures d'occasions en Savoie\" width=\"600\" height=\"387\" \/><figcaption id=\"caption-attachment-15466\" class=\"wp-caption-text\">Voitures d'occasions en Savoie<\/figcaption><\/figure>\n<h2>Annonces Auto Savoie<\/h2>\n<p>Liste des annonces auto livrables en Savoie<\/p>\n<p>Les acheteurs potentiels de voiture sont g\u00e2t\u00e9s pour le choix en Savoie. Ceux qui recherchent l'achat le plus rapide possible, et esp\u00e9rant \u00e9viter de se d\u00e9placer dans les autres grandes villes des d\u00e9partements voisins, devraient nous rendre visite \u00e0 Chambery.<\/p>\n<p>Les autres grandes villes savoyardes ont tous un nombre important de concessionnaires. Il y a un ou m\u00eame plusieurs concessionnaires de la m\u00eame marque dans certaines des villes savoyardes ou dans des villes \u00e9loign\u00e9es de seulement 15 km, avec Carideal vous avez en fait le choix de toutes les marques\u00a0au m\u00eame endroit\u00a0pour leur voiture d'occasion en Savoie \u00e0\u00a0Chamb\u00e9ry, ou m\u00eame sur notre <a href=\"http:\/\/www.carideal.com\">site de vente de voiture en ligne<\/a>.<\/p>\n<p>Il y a deux p\u00f4les de <a href=\"http:\/\/www.carideal.com\/blog\/garage-automobile\/\">concessionnaires automobiles<\/a> vendant des voitures d'occasions \u00e0 Chamb\u00e9ry en Savoie, La zone des Landiers au Nord de Chamb\u00e9ry et La zone du Pradian au Sud de Chamb\u00e9ry. Une des particularit\u00e9s automobiles de Chamb\u00e9ry est la scission de la ville en deux, ce qui am\u00e8ne les concessionnaires de pratiquement chaque marque de voiture \u00e0 avoir deux points de ventes.<\/p>\n<ul>\n<li><a href=\"http:\/\/www.carideal.com\">Vente de voitures d'occasions en ligne<\/a><\/li>\n<\/ul>\n<h2>Achetez votre voiture d'occasion en Savoie<\/h2>\n<p>Vous recherchez une voiture en Savoie ? Parlez-nous-en :<\/p>\n<p>[contact-form to='nicolas@carideal.com' subject='Recherche voiture en Savoie #voitureSavoie'][contact-field label='Nom' type='name' required='1'\/][contact-field label='E-mail' type='email' required='1'\/][contact-field label='T\u00e9l\u00e9phone' type='text' required='1'\/][contact-field label='Quelles voiture recherchez vous ?' type='textarea' required='1'\/][\/contact-form]<\/p>\n<h3>D'autres villes en Savoie pour trouver votre voiture d'occasion<\/h3>\n<ul>\n<li>Voiture d'occasion Albertville<\/li>\n<li>Voiture d'occasion Aix les bains<\/li>\n<li>Voiture d'occasion Saint jean de maurienne<\/li>\n<li><a href=\"http:\/\/www.carideal.com\/blog\/voitures-occasions\/voiture-occasion-chambery\/\">Voiture d'occasion \u00e0 Chambery<\/a><\/li>\n<\/ul>\n<p><strong>Vous pouvez nous appeler au\u00a004 79 33 83 95<\/strong><\/p>\n<p>Si vous souhaitez profiter des services d'un bon garage automobile, en Savoie, vous serez bien avis\u00e9 de contacter le <a href=\"http:\/\/www.carideal.com\/blog\/2010\/01\/23\/garage-citroen-schiavon-13-av-de-turin-73000-bassens-chambery\/\">Garage Schiavon Citroen<\/a> \u00e0 Bassens\u00a0qui ont \u00e9t\u00e9 au service du d\u00e9partement\u00a0depuis 1960.<br \/>\nEn Savoie, il y a en a pour toutes les bourses\u00a0et, \u00e0 part dans\u00a0les hautes vall\u00e9es, un concessionnaire n'est jamais plus loin que 15\u00a0\u00e0 30\u00a0km de distance.<\/p>\n<p>Toutes nos voitures d'occasions en Savoie sont r\u00e9vis\u00e9es suivant plus de 100 points de contr\u00f4les et garantie pi\u00e8ces et main d'\u0153uvre. Certaines <a href=\"http:\/\/www.carideal.com\/blog\/voitures-occasions\/\">voitures d'occasions<\/a> sont encore sous garantie constructeur et sont donc \u00e9ligible \u00e0 une <a href=\"http:\/\/www.carideal.com\/content\/7-extension-garantie\">extension de garantie jusque 5 ans<\/a>.<\/p>\n<h2>D'autres villes en Savoie o\u00f9 nous pouvons vous livrer votre voiture d'occasion<\/h2>\n<p>Vous pouvez choisir de vous faire livrer votre voiture d'occasion en Savoie sur notre point de livraison de Chamb\u00e9ry, qui dessert tout le d\u00e9partement de la Savoie. Si vous \u00eates plus \u00e9loign\u00e9, sachez que notre service de <a href=\"http:\/\/www.carideal.com\/content\/9-carideal-livraison-partout-en-france\">livraison \u00e0 domicile<\/a> peut vous livrer partout en France.<\/p>\n","protected":false},"excerpt":{"rendered":"<p>Voitures d&rsquo;occasions en Savoie Avec pr\u00e8s de 430000 personnes, la Savoie est class\u00e9e \u00e0 la 57\u00b0 place en France en termes de taille, La Savoie poss\u00e8de 71 habitants au km\u00b2, les grandes villes sont Albertville, St Jean de Maurienne, Aix les bains et la capitale Chamb\u00e9ry. De quoi trouver une voiture d&rsquo;occasion en Savoie. Toutes &#8230; <a title=\"Voiture occasion Savoie &#8211; Annonce auto\" class=\"read-more\" href=\"https:\/\/www.carideal.com\/blog\/voitures-occasions\/voitures-occasions-en-savoie\/\" aria-label=\"En savoir plus sur Voiture occasion Savoie &#8211; Annonce auto\">Lire plus<\/a><\/p>\n","protected":false},"author":3,"featured_media":15466,"parent":15469,"menu_order":0,"comment_status":"closed","ping_status":"closed","template":"","meta":{"_uag_custom_page_level_css":"","_themeisle_gutenberg_block_has_review":false,"footnotes":""},"class_list":["post-15461","page","type-page","status-publish","has-post-thumbnail"],"wppr_data":{"cwp_meta_box_check":"No"},"yoast_head":"<!-- This site is optimized with the Yoast SEO plugin v24.8.1 - https:\/\/yoast.com\/wordpress\/plugins\/seo\/ -->\n<title>Voiture occasion Savoie - Annonce auto - Blog auto Carid\u00e9al<\/title>\n<meta name=\"description\" content=\"Les acheteurs potentiels de voitures d&#039;occasions en Savoie sont g\u00e2t\u00e9s pour le choix \u00e0 Chambery avec l&#039;agence Carideal \u00e0 Bassens\" \/>\n<meta name=\"robots\" content=\"index, follow, max-snippet:-1, max-image-preview:large, max-video-preview:-1\" \/>\n<link rel=\"canonical\" href=\"https:\/\/www.carideal.com\/blog\/voitures-occasions\/voitures-occasions-en-savoie\/\" \/>\n<meta property=\"og:locale\" content=\"fr_FR\" \/>\n<meta property=\"og:type\" content=\"article\" \/>\n<meta property=\"og:title\" content=\"Voiture occasion Savoie - Annonce auto - Blog auto Carid\u00e9al\" \/>\n<meta property=\"og:description\" content=\"Les acheteurs potentiels de voitures d&#039;occasions en Savoie sont g\u00e2t\u00e9s pour le choix \u00e0 Chambery avec l&#039;agence Carideal \u00e0 Bassens\" \/>\n<meta property=\"og:url\" content=\"https:\/\/www.carideal.com\/blog\/voitures-occasions\/voitures-occasions-en-savoie\/\" \/>\n<meta property=\"og:site_name\" content=\"Blog auto Carid\u00e9al\" \/>\n<meta property=\"article:publisher\" content=\"https:\/\/www.facebook.com\/Carideal.mandataire.automobile\" \/>\n<meta property=\"article:modified_time\" content=\"2020-02-03T13:30:25+00:00\" \/>\n<meta property=\"og:image\" content=\"https:\/\/www.carideal.com\/blog\/wp-content\/uploads\/2017\/02\/Voiture-neuve-vs-voiture-occasion-carideal-mandataire-automobile-e1488124204712.jpg\" \/>\n\t<meta property=\"og:image:width\" content=\"600\" \/>\n\t<meta property=\"og:image:height\" content=\"387\" \/>\n\t<meta property=\"og:image:type\" content=\"image\/jpeg\" \/>\n<meta name=\"twitter:card\" content=\"summary_large_image\" \/>\n<meta name=\"twitter:site\" content=\"@caridealauto\" \/>\n<meta name=\"twitter:label1\" content=\"Dur\u00e9e de lecture estim\u00e9e\" \/>\n\t<meta name=\"twitter:data1\" content=\"3 minutes\" \/>\n<script type=\"application\/ld+json\" class=\"yoast-schema-graph\">{\"@context\":\"https:\/\/schema.org\",\"@graph\":[{\"@type\":\"WebPage\",\"@id\":\"https:\/\/www.carideal.com\/blog\/voitures-occasions\/voitures-occasions-en-savoie\/\",\"url\":\"https:\/\/www.carideal.com\/blog\/voitures-occasions\/voitures-occasions-en-savoie\/\",\"name\":\"Voiture occasion Savoie - Annonce auto - Blog auto Carid\u00e9al\",\"isPartOf\":{\"@id\":\"https:\/\/www.carideal.com\/blog\/#website\"},\"primaryImageOfPage\":{\"@id\":\"https:\/\/www.carideal.com\/blog\/voitures-occasions\/voitures-occasions-en-savoie\/#primaryimage\"},\"image\":{\"@id\":\"https:\/\/www.carideal.com\/blog\/voitures-occasions\/voitures-occasions-en-savoie\/#primaryimage\"},\"thumbnailUrl\":\"https:\/\/www.carideal.com\/blog\/wp-content\/uploads\/2017\/02\/Voiture-neuve-vs-voiture-occasion-carideal-mandataire-automobile-e1488124204712.jpg\",\"datePublished\":\"2017-02-26T15:55:17+00:00\",\"dateModified\":\"2020-02-03T13:30:25+00:00\",\"description\":\"Les acheteurs potentiels de voitures d'occasions en Savoie sont g\u00e2t\u00e9s pour le choix \u00e0 Chambery avec l'agence Carideal \u00e0 Bassens\",\"breadcrumb\":{\"@id\":\"https:\/\/www.carideal.com\/blog\/voitures-occasions\/voitures-occasions-en-savoie\/#breadcrumb\"},\"inLanguage\":\"fr-FR\",\"potentialAction\":[{\"@type\":\"ReadAction\",\"target\":[\"https:\/\/www.carideal.com\/blog\/voitures-occasions\/voitures-occasions-en-savoie\/\"]}]},{\"@type\":\"ImageObject\",\"inLanguage\":\"fr-FR\",\"@id\":\"https:\/\/www.carideal.com\/blog\/voitures-occasions\/voitures-occasions-en-savoie\/#primaryimage\",\"url\":\"https:\/\/www.carideal.com\/blog\/wp-content\/uploads\/2017\/02\/Voiture-neuve-vs-voiture-occasion-carideal-mandataire-automobile-e1488124204712.jpg\",\"contentUrl\":\"https:\/\/www.carideal.com\/blog\/wp-content\/uploads\/2017\/02\/Voiture-neuve-vs-voiture-occasion-carideal-mandataire-automobile-e1488124204712.jpg\",\"width\":600,\"height\":387,\"caption\":\"Voitures d'occasions en Savoie\"},{\"@type\":\"BreadcrumbList\",\"@id\":\"https:\/\/www.carideal.com\/blog\/voitures-occasions\/voitures-occasions-en-savoie\/#breadcrumb\",\"itemListElement\":[{\"@type\":\"ListItem\",\"position\":1,\"name\":\"Blog Carid\u00e9al\",\"item\":\"https:\/\/www.carideal.com\/blog\/\"},{\"@type\":\"ListItem\",\"position\":2,\"name\":\"Voitures occasions\",\"item\":\"https:\/\/www.carideal.com\/blog\/voitures-occasions\/\"},{\"@type\":\"ListItem\",\"position\":3,\"name\":\"Savoie\"}]},{\"@type\":\"WebSite\",\"@id\":\"https:\/\/www.carideal.com\/blog\/#website\",\"url\":\"https:\/\/www.carideal.com\/blog\/\",\"name\":\"Blog auto Carid\u00e9al\",\"description\":\"Actualit\u00e9 auto par des passionn\u00e9s\",\"publisher\":{\"@id\":\"https:\/\/www.carideal.com\/blog\/#organization\"},\"potentialAction\":[{\"@type\":\"SearchAction\",\"target\":{\"@type\":\"EntryPoint\",\"urlTemplate\":\"https:\/\/www.carideal.com\/blog\/?s={search_term_string}\"},\"query-input\":{\"@type\":\"PropertyValueSpecification\",\"valueRequired\":true,\"valueName\":\"search_term_string\"}}],\"inLanguage\":\"fr-FR\"},{\"@type\":\"Organization\",\"@id\":\"https:\/\/www.carideal.com\/blog\/#organization\",\"name\":\"Carideal\",\"url\":\"https:\/\/www.carideal.com\/blog\/\",\"logo\":{\"@type\":\"ImageObject\",\"inLanguage\":\"fr-FR\",\"@id\":\"https:\/\/www.carideal.com\/blog\/#\/schema\/logo\/image\/\",\"url\":\"http:\/\/www.carideal.com\/blog\/wp-content\/uploads\/2016\/03\/logo-carideal-mandataire-automobile.png\",\"contentUrl\":\"http:\/\/www.carideal.com\/blog\/wp-content\/uploads\/2016\/03\/logo-carideal-mandataire-automobile.png\",\"width\":300,\"height\":300,\"caption\":\"Carideal\"},\"image\":{\"@id\":\"https:\/\/www.carideal.com\/blog\/#\/schema\/logo\/image\/\"},\"sameAs\":[\"https:\/\/www.facebook.com\/Carideal.mandataire.automobile\",\"https:\/\/x.com\/caridealauto\",\"https:\/\/www.instagram.com\/carideal1\/\",\"https:\/\/www.linkedin.com\/company\/carideal.com\",\"https:\/\/fr.pinterest.com\/schiavonsas\/\",\"https:\/\/www.youtube.com\/user\/caridealsas\"]}]}<\/script>\n<!-- \/ Yoast SEO plugin. -->","yoast_head_json":{"title":"Voiture occasion Savoie - Annonce auto - Blog auto Carid\u00e9al","description":"Les acheteurs potentiels de voitures d'occasions en Savoie sont g\u00e2t\u00e9s pour le choix \u00e0 Chambery avec l'agence Carideal \u00e0 Bassens","robots":{"index":"index","follow":"follow","max-snippet":"max-snippet:-1","max-image-preview":"max-image-preview:large","max-video-preview":"max-video-preview:-1"},"canonical":"https:\/\/www.carideal.com\/blog\/voitures-occasions\/voitures-occasions-en-savoie\/","og_locale":"fr_FR","og_type":"article","og_title":"Voiture occasion Savoie - Annonce auto - Blog auto Carid\u00e9al","og_description":"Les acheteurs potentiels de voitures d'occasions en Savoie sont g\u00e2t\u00e9s pour le choix \u00e0 Chambery avec l'agence Carideal \u00e0 Bassens","og_url":"https:\/\/www.carideal.com\/blog\/voitures-occasions\/voitures-occasions-en-savoie\/","og_site_name":"Blog auto Carid\u00e9al","article_publisher":"https:\/\/www.facebook.com\/Carideal.mandataire.automobile","article_modified_time":"2020-02-03T13:30:25+00:00","og_image":[{"width":600,"height":387,"url":"https:\/\/www.carideal.com\/blog\/wp-content\/uploads\/2017\/02\/Voiture-neuve-vs-voiture-occasion-carideal-mandataire-automobile-e1488124204712.jpg","type":"image\/jpeg"}],"twitter_card":"summary_large_image","twitter_site":"@caridealauto","twitter_misc":{"Dur\u00e9e de lecture estim\u00e9e":"3 minutes"},"schema":{"@context":"https:\/\/schema.org","@graph":[{"@type":"WebPage","@id":"https:\/\/www.carideal.com\/blog\/voitures-occasions\/voitures-occasions-en-savoie\/","url":"https:\/\/www.carideal.com\/blog\/voitures-occasions\/voitures-occasions-en-savoie\/","name":"Voiture occasion Savoie - Annonce auto - Blog auto Carid\u00e9al","isPartOf":{"@id":"https:\/\/www.carideal.com\/blog\/#website"},"primaryImageOfPage":{"@id":"https:\/\/www.carideal.com\/blog\/voitures-occasions\/voitures-occasions-en-savoie\/#primaryimage"},"image":{"@id":"https:\/\/www.carideal.com\/blog\/voitures-occasions\/voitures-occasions-en-savoie\/#primaryimage"},"thumbnailUrl":"https:\/\/www.carideal.com\/blog\/wp-content\/uploads\/2017\/02\/Voiture-neuve-vs-voiture-occasion-carideal-mandataire-automobile-e1488124204712.jpg","datePublished":"2017-02-26T15:55:17+00:00","dateModified":"2020-02-03T13:30:25+00:00","description":"Les acheteurs potentiels de voitures d'occasions en Savoie sont g\u00e2t\u00e9s pour le choix \u00e0 Chambery avec l'agence Carideal \u00e0 Bassens","breadcrumb":{"@id":"https:\/\/www.carideal.com\/blog\/voitures-occasions\/voitures-occasions-en-savoie\/#breadcrumb"},"inLanguage":"fr-FR","potentialAction":[{"@type":"ReadAction","target":["https:\/\/www.carideal.com\/blog\/voitures-occasions\/voitures-occasions-en-savoie\/"]}]},{"@type":"ImageObject","inLanguage":"fr-FR","@id":"https:\/\/www.carideal.com\/blog\/voitures-occasions\/voitures-occasions-en-savoie\/#primaryimage","url":"https:\/\/www.carideal.com\/blog\/wp-content\/uploads\/2017\/02\/Voiture-neuve-vs-voiture-occasion-carideal-mandataire-automobile-e1488124204712.jpg","contentUrl":"https:\/\/www.carideal.com\/blog\/wp-content\/uploads\/2017\/02\/Voiture-neuve-vs-voiture-occasion-carideal-mandataire-automobile-e1488124204712.jpg","width":600,"height":387,"caption":"Voitures d'occasions en Savoie"},{"@type":"BreadcrumbList","@id":"https:\/\/www.carideal.com\/blog\/voitures-occasions\/voitures-occasions-en-savoie\/#breadcrumb","itemListElement":[{"@type":"ListItem","position":1,"name":"Blog Carid\u00e9al","item":"https:\/\/www.carideal.com\/blog\/"},{"@type":"ListItem","position":2,"name":"Voitures occasions","item":"https:\/\/www.carideal.com\/blog\/voitures-occasions\/"},{"@type":"ListItem","position":3,"name":"Savoie"}]},{"@type":"WebSite","@id":"https:\/\/www.carideal.com\/blog\/#website","url":"https:\/\/www.carideal.com\/blog\/","name":"Blog auto Carid\u00e9al","description":"Actualit\u00e9 auto par des passionn\u00e9s","publisher":{"@id":"https:\/\/www.carideal.com\/blog\/#organization"},"potentialAction":[{"@type":"SearchAction","target":{"@type":"EntryPoint","urlTemplate":"https:\/\/www.carideal.com\/blog\/?s={search_term_string}"},"query-input":{"@type":"PropertyValueSpecification","valueRequired":true,"valueName":"search_term_string"}}],"inLanguage":"fr-FR"},{"@type":"Organization","@id":"https:\/\/www.carideal.com\/blog\/#organization","name":"Carideal","url":"https:\/\/www.carideal.com\/blog\/","logo":{"@type":"ImageObject","inLanguage":"fr-FR","@id":"https:\/\/www.carideal.com\/blog\/#\/schema\/logo\/image\/","url":"http:\/\/www.carideal.com\/blog\/wp-content\/uploads\/2016\/03\/logo-carideal-mandataire-automobile.png","contentUrl":"http:\/\/www.carideal.com\/blog\/wp-content\/uploads\/2016\/03\/logo-carideal-mandataire-automobile.png","width":300,"height":300,"caption":"Carideal"},"image":{"@id":"https:\/\/www.carideal.com\/blog\/#\/schema\/logo\/image\/"},"sameAs":["https:\/\/www.facebook.com\/Carideal.mandataire.automobile","https:\/\/x.com\/caridealauto","https:\/\/www.instagram.com\/carideal1\/","https:\/\/www.linkedin.com\/company\/carideal.com","https:\/\/fr.pinterest.com\/schiavonsas\/","https:\/\/www.youtube.com\/user\/caridealsas"]}]}},"uagb_featured_image_src":{"full":["https:\/\/www.carideal.com\/blog\/wp-content\/uploads\/2017\/02\/Voiture-neuve-vs-voiture-occasion-carideal-mandataire-automobile-e1488124204712.jpg",600,387,false],"thumbnail":["https:\/\/www.carideal.com\/blog\/wp-content\/uploads\/2017\/02\/Voiture-neuve-vs-voiture-occasion-carideal-mandataire-automobile-150x150.jpg",150,150,true],"medium":["https:\/\/www.carideal.com\/blog\/wp-content\/uploads\/2017\/02\/Voiture-neuve-vs-voiture-occasion-carideal-mandataire-automobile-300x194.jpg",300,194,true],"medium_large":["https:\/\/www.carideal.com\/blog\/wp-content\/uploads\/2017\/02\/Voiture-neuve-vs-voiture-occasion-carideal-mandataire-automobile-e1488124204712.jpg",600,387,false],"large":["https:\/\/www.carideal.com\/blog\/wp-content\/uploads\/2017\/02\/Voiture-neuve-vs-voiture-occasion-carideal-mandataire-automobile-e1488124204712.jpg",600,387,false],"1536x1536":["https:\/\/www.carideal.com\/blog\/wp-content\/uploads\/2017\/02\/Voiture-neuve-vs-voiture-occasion-carideal-mandataire-automobile-e1488124204712.jpg",600,387,false],"2048x2048":["https:\/\/www.carideal.com\/blog\/wp-content\/uploads\/2017\/02\/Voiture-neuve-vs-voiture-occasion-carideal-mandataire-automobile-e1488124204712.jpg",600,387,false],"wppr-widget":["https:\/\/www.carideal.com\/blog\/wp-content\/uploads\/2017\/02\/Voiture-neuve-vs-voiture-occasion-carideal-mandataire-automobile-e1488124204712.jpg",50,32,false]},"uagb_author_info":{"display_name":"Nicolas SCHIAVON","author_link":"https:\/\/www.carideal.com\/blog\/author\/nschiavon\/"},"uagb_comment_info":0,"uagb_excerpt":"Voitures d'occasions en Savoie Avec pr\u00e8s de 430000 personnes, la Savoie est class\u00e9e \u00e0 la 57\u00b0 place en France en termes de taille, La Savoie poss\u00e8de 71 habitants au km\u00b2, les grandes villes sont Albertville, St Jean de Maurienne, Aix les bains et la capitale Chamb\u00e9ry. De quoi trouver une voiture d'occasion en Savoie. Toutes\u2026","_links":{"self":[{"href":"https:\/\/www.carideal.com\/blog\/wp-json\/wp\/v2\/pages\/15461"}],"collection":[{"href":"https:\/\/www.carideal.com\/blog\/wp-json\/wp\/v2\/pages"}],"about":[{"href":"https:\/\/www.carideal.com\/blog\/wp-json\/wp\/v2\/types\/page"}],"author":[{"embeddable":true,"href":"https:\/\/www.carideal.com\/blog\/wp-json\/wp\/v2\/users\/3"}],"replies":[{"embeddable":true,"href":"https:\/\/www.carideal.com\/blog\/wp-json\/wp\/v2\/comments?post=15461"}],"version-history":[{"count":0,"href":"https:\/\/www.carideal.com\/blog\/wp-json\/wp\/v2\/pages\/15461\/revisions"}],"up":[{"embeddable":true,"href":"https:\/\/www.carideal.com\/blog\/wp-json\/wp\/v2\/pages\/15469"}],"wp:featuredmedia":[{"embeddable":true,"href":"https:\/\/www.carideal.com\/blog\/wp-json\/wp\/v2\/media\/15466"}],"wp:attachment":[{"href":"https:\/\/www.carideal.com\/blog\/wp-json\/wp\/v2\/media?parent=15461"}],"curies":[{"name":"wp","href":"https:\/\/api.w.org\/{rel}","templated":true}]}}