{"id":15234,"date":"2017-02-03T08:39:22","date_gmt":"2017-02-03T07:39:22","guid":{"rendered":"http:\/\/www.carideal.com\/blog\/?page_id=15234"},"modified":"2020-12-15T20:22:12","modified_gmt":"2020-12-15T19:22:12","slug":"rolls-royce","status":"publish","type":"page","link":"https:\/\/www.carideal.com\/blog\/marque-de-voiture-actualites-essais\/rolls-royce\/","title":{"rendered":"ROLLS ROYCE &#8211; Actualit\u00e9 essais neuve et occasion"},"content":{"rendered":"\n<h2 class=\"wp-block-heading\"><strong>ROLLS ROYCE<\/strong><\/h2>\n\n\n\n<figure class=\"wp-block-table is-style-stripes\"><table><tbody><tr><td><a href=\"http:\/\/www.carideal.com\/blog\/marque-de-voiture-actualites-essais\/rolls-royce\/\">Infos sur&nbsp;Rolls Royce<\/a><\/td><td><a href=\"http:\/\/www.carideal.com\/blog\/constructeur\/rolls-royce\/\">Actualit\u00e9<\/a><\/td><td>Essais<\/td><td>Voiture d'occasion<\/td><td>Voiture neuve<\/td><td>Prix du neuf<\/td><td><a href=\"http:\/\/www.carideal.com\/blog\/tag\/guide-achat\/?=rolls royce\">Guide d'achat<\/a><\/td><\/tr><\/tbody><\/table><\/figure>\n\n\n\n<p>Parmi toutes les <a href=\"http:\/\/www.carideal.com\/blog\/marque-de-voiture-actualites-essais\/\">marques automobiles<\/a> dont les plus prestigieuses, Carideal.com se devait de mettre en avant la <a href=\"http:\/\/www.carideal.com\/blog\/marque-de-voiture-actualites-essais\/marques-de-voitures-britanniques\/\">marque anglaise<\/a> Rolls Royce. Vous trouvrez sur notre site web les informations sur la marque Rolls Royce et ses mod\u00e8les. Vous trouvrez les diff\u00e9rents essais, les actualit\u00e9s et fiches techniques de la marque Rolls Royce ainsi que les annonces auto de la marque Rolls Royce. Nous mettrons tout en oeuvre pour vous donner le maximum d'informations sur la marque Rolls Royce.<\/p>\n\n\n\n<h2 class=\"wp-block-heading\">Liste des mod\u00e8les&nbsp;Rolls Royce<\/h2>\n\n\n\n<figure class=\"wp-block-table is-style-stripes\"><table><tbody><tr><td>&nbsp;<\/td><td>&nbsp;<\/td><td>&nbsp;<\/td><td>&nbsp;<\/td><\/tr><tr><td>&nbsp;Rolls-Royce Corniche<\/td><td>&nbsp;Rolls-Royce Dawn<\/td><td>&nbsp;Rolls-Royce Ghost<\/td><td>&nbsp;Rolls-Royce Park Ward<\/td><td>&nbsp;<\/td><\/tr><tr><td>&nbsp;<\/td><td>&nbsp;<\/td><td>&nbsp;<\/td><td>&nbsp;<\/td><\/tr><tr><td>&nbsp;Rolls-Royce Phantom<\/td><td>&nbsp;Rolls-Royce Silver<\/td><td>&nbsp;Rolls-Royce Silver Seraph<\/td><td>&nbsp;Rolls-Royce Silver Spirit<\/td><td>&nbsp;<\/td><\/tr><tr><td>&nbsp;<\/td><td>\n<\/td><\/tr><\/tbody><\/table><\/figure>\n\n\n\n<div class=\"wp-block-image\"><figure class=\"aligncenter\"><a href=\"http:\/\/www.carideal.com\/blog\/wp-content\/uploads\/2017\/02\/rolls-royce-wraith-e1486107390448.jpg\"><img loading=\"lazy\" decoding=\"async\" width=\"200\" height=\"112\" src=\"http:\/\/www.carideal.com\/blog\/wp-content\/uploads\/2017\/02\/rolls-royce-wraith-e1486107390448.jpg\" alt=\"Rolls Royce Wraith\" class=\"wp-image-15235\"\/><\/a><figcaption>Rolls Royce Wraith<\/figcaption><\/figure><\/div>\n\n\n\n<p>\n\n&nbsp;\n&nbsp;\n\n\n&nbsp;Rolls-Royce Silver Spur\n&nbsp;Rolls-Royce Wraith\n&nbsp;\n&nbsp;\n\n\n&nbsp;\n&nbsp;\n&nbsp;\n&nbsp;\n\n\n&nbsp;\n&nbsp;\n&nbsp;\n&nbsp;\n\n\n&nbsp;\n&nbsp;\n\n\n&nbsp;\n&nbsp;\n&nbsp;\n&nbsp;\n\n\n&nbsp;\n&nbsp;\n&nbsp;\n&nbsp;\n\n\n&nbsp;\n&nbsp;\n&nbsp;\n&nbsp;\n\n\n\n<\/p>\n\n\n\n<h2 class=\"wp-block-heading\">Actualit\u00e9s&nbsp;Rolls Royce<\/h2>\n\n\n<ul class=\"lcp_catlist\" id=\"lcp_instance_0\"><li><a href=\"https:\/\/www.carideal.com\/blog\/2013\/12\/31\/rolls-royce-rajeunit-sa-clientele\/\">Rolls Royce rajeunit sa client\u00e8le<\/a><div class=\"lcp_excerpt\">Rolls Royce rajeunit sa client\u00e8le\nRolls Royce rajeunit sa client\u00e8le. Partout dans le monde l&rsquo;\u00e2ge moyen du possesseur d&rsquo;une Rolls Royce est en moyenne de 63 ans sauf&#8230;. en Chine et en Russie. Dans ces deux pays on poss\u00e8de une Rolls d\u00e8s 40 ans.\n<\/div><\/li><li><a href=\"https:\/\/www.carideal.com\/blog\/2013\/07\/23\/rolls-royce-wraith\/\">Rolls Royce Wraith<\/a><div class=\"lcp_excerpt\">Rolls Royce Wraith\nRolls Royce est bien connu pour ses voitures de luxe et s&rsquo;appr\u00eate \u00e0 commercialiser un coup\u00e9 \u00e0 toit fuyant aussi appel\u00e9 Fastback qui poss\u00e8dera les m\u00eames bases techniques que le coup\u00e9 Phantom. D&rsquo;une longueur de 5.61 m, elle sera mu par un moteur de 500 ch pour un prix avoisinant les 500000\u20ac.\nRappelons que ...<\/div><\/li><\/ul>\n\n\n\n<p><a href=\"http:\/\/www.carideal.com\/blog\/constructeur\/rolls-royce\/\">TOUTES&nbsp;LES&nbsp;ACTUALIT\u00c9S&nbsp;ROLLS ROYCE<\/a><\/p>\n\n\n\n<h2 class=\"wp-block-heading\">Essais&nbsp;Rolls Royce<\/h2>\n\n\n\n<p>TOUS&nbsp;LES&nbsp;ESSAIS&nbsp;ROLLS ROYCE<\/p>\n","protected":false},"excerpt":{"rendered":"<p>ROLLS ROYCE Infos sur&nbsp;Rolls Royce Actualit\u00e9 Essais Voiture d&rsquo;occasion Voiture neuve Prix du neuf Guide d&rsquo;achat Parmi toutes les marques automobiles dont les plus prestigieuses, Carideal.com se devait de mettre en avant la marque anglaise Rolls Royce. Vous trouvrez sur notre site web les informations sur la marque Rolls Royce et ses mod\u00e8les. Vous trouvrez &#8230; <a title=\"ROLLS ROYCE &#8211; Actualit\u00e9 essais neuve et occasion\" class=\"read-more\" href=\"https:\/\/www.carideal.com\/blog\/marque-de-voiture-actualites-essais\/rolls-royce\/\" aria-label=\"En savoir plus sur ROLLS ROYCE &#8211; Actualit\u00e9 essais neuve et occasion\">Lire plus<\/a><\/p>\n","protected":false},"author":3,"featured_media":25999,"parent":13389,"menu_order":0,"comment_status":"closed","ping_status":"closed","template":"","meta":{"_uag_custom_page_level_css":"","_themeisle_gutenberg_block_has_review":false,"footnotes":""},"class_list":["post-15234","page","type-page","status-publish","has-post-thumbnail"],"wppr_data":{"cwp_meta_box_check":"No"},"yoast_head":"<!-- This site is optimized with the Yoast SEO plugin v24.8.1 - https:\/\/yoast.com\/wordpress\/plugins\/seo\/ -->\n<title>ROLLS ROYCE - Actualit\u00e9 essais neuve et occasion - Blog auto Carid\u00e9al<\/title>\n<meta name=\"description\" content=\"Parmi toutes les marques prestigieuses, Carideal.com se devait de mettre en avant Rolls Royce. Vous trouvrez sur notre site web les informations\" \/>\n<meta name=\"robots\" content=\"index, follow, max-snippet:-1, max-image-preview:large, max-video-preview:-1\" \/>\n<link rel=\"canonical\" href=\"https:\/\/www.carideal.com\/blog\/marque-de-voiture-actualites-essais\/rolls-royce\/\" \/>\n<meta property=\"og:locale\" content=\"fr_FR\" \/>\n<meta property=\"og:type\" content=\"article\" \/>\n<meta property=\"og:title\" content=\"ROLLS ROYCE - Actualit\u00e9 essais neuve et occasion - Blog auto Carid\u00e9al\" \/>\n<meta property=\"og:description\" content=\"Parmi toutes les marques prestigieuses, Carideal.com se devait de mettre en avant Rolls Royce. Vous trouvrez sur notre site web les informations\" \/>\n<meta property=\"og:url\" content=\"https:\/\/www.carideal.com\/blog\/marque-de-voiture-actualites-essais\/rolls-royce\/\" \/>\n<meta property=\"og:site_name\" content=\"Blog auto Carid\u00e9al\" \/>\n<meta property=\"article:publisher\" content=\"https:\/\/www.facebook.com\/Carideal.mandataire.automobile\" \/>\n<meta property=\"article:modified_time\" content=\"2020-12-15T19:22:12+00:00\" \/>\n<meta property=\"og:image\" content=\"https:\/\/www.carideal.com\/blog\/wp-content\/uploads\/2020\/12\/rolls-royce-phantom-2.jpg\" \/>\n\t<meta property=\"og:image:width\" content=\"600\" \/>\n\t<meta property=\"og:image:height\" content=\"338\" \/>\n\t<meta property=\"og:image:type\" content=\"image\/jpeg\" \/>\n<meta name=\"twitter:card\" content=\"summary_large_image\" \/>\n<meta name=\"twitter:site\" content=\"@caridealauto\" \/>\n<meta name=\"twitter:label1\" content=\"Dur\u00e9e de lecture estim\u00e9e\" \/>\n\t<meta name=\"twitter:data1\" content=\"1 minute\" \/>\n<script type=\"application\/ld+json\" class=\"yoast-schema-graph\">{\"@context\":\"https:\/\/schema.org\",\"@graph\":[{\"@type\":\"WebPage\",\"@id\":\"https:\/\/www.carideal.com\/blog\/marque-de-voiture-actualites-essais\/rolls-royce\/\",\"url\":\"https:\/\/www.carideal.com\/blog\/marque-de-voiture-actualites-essais\/rolls-royce\/\",\"name\":\"ROLLS ROYCE - Actualit\u00e9 essais neuve et occasion - Blog auto Carid\u00e9al\",\"isPartOf\":{\"@id\":\"https:\/\/www.carideal.com\/blog\/#website\"},\"primaryImageOfPage\":{\"@id\":\"https:\/\/www.carideal.com\/blog\/marque-de-voiture-actualites-essais\/rolls-royce\/#primaryimage\"},\"image\":{\"@id\":\"https:\/\/www.carideal.com\/blog\/marque-de-voiture-actualites-essais\/rolls-royce\/#primaryimage\"},\"thumbnailUrl\":\"https:\/\/www.carideal.com\/blog\/wp-content\/uploads\/2020\/12\/rolls-royce-phantom-2.jpg\",\"datePublished\":\"2017-02-03T07:39:22+00:00\",\"dateModified\":\"2020-12-15T19:22:12+00:00\",\"description\":\"Parmi toutes les marques prestigieuses, Carideal.com se devait de mettre en avant Rolls Royce. Vous trouvrez sur notre site web les informations\",\"breadcrumb\":{\"@id\":\"https:\/\/www.carideal.com\/blog\/marque-de-voiture-actualites-essais\/rolls-royce\/#breadcrumb\"},\"inLanguage\":\"fr-FR\",\"potentialAction\":[{\"@type\":\"ReadAction\",\"target\":[\"https:\/\/www.carideal.com\/blog\/marque-de-voiture-actualites-essais\/rolls-royce\/\"]}]},{\"@type\":\"ImageObject\",\"inLanguage\":\"fr-FR\",\"@id\":\"https:\/\/www.carideal.com\/blog\/marque-de-voiture-actualites-essais\/rolls-royce\/#primaryimage\",\"url\":\"https:\/\/www.carideal.com\/blog\/wp-content\/uploads\/2020\/12\/rolls-royce-phantom-2.jpg\",\"contentUrl\":\"https:\/\/www.carideal.com\/blog\/wp-content\/uploads\/2020\/12\/rolls-royce-phantom-2.jpg\",\"width\":600,\"height\":338,\"caption\":\"Rolls Royce\"},{\"@type\":\"BreadcrumbList\",\"@id\":\"https:\/\/www.carideal.com\/blog\/marque-de-voiture-actualites-essais\/rolls-royce\/#breadcrumb\",\"itemListElement\":[{\"@type\":\"ListItem\",\"position\":1,\"name\":\"Blog Carid\u00e9al\",\"item\":\"https:\/\/www.carideal.com\/blog\/\"},{\"@type\":\"ListItem\",\"position\":2,\"name\":\"Marque de voiture\",\"item\":\"https:\/\/www.carideal.com\/blog\/marque-de-voiture-actualites-essais\/\"},{\"@type\":\"ListItem\",\"position\":3,\"name\":\"Rolls Royce\"}]},{\"@type\":\"WebSite\",\"@id\":\"https:\/\/www.carideal.com\/blog\/#website\",\"url\":\"https:\/\/www.carideal.com\/blog\/\",\"name\":\"Blog auto Carid\u00e9al\",\"description\":\"Actualit\u00e9 auto par des passionn\u00e9s\",\"publisher\":{\"@id\":\"https:\/\/www.carideal.com\/blog\/#organization\"},\"potentialAction\":[{\"@type\":\"SearchAction\",\"target\":{\"@type\":\"EntryPoint\",\"urlTemplate\":\"https:\/\/www.carideal.com\/blog\/?s={search_term_string}\"},\"query-input\":{\"@type\":\"PropertyValueSpecification\",\"valueRequired\":true,\"valueName\":\"search_term_string\"}}],\"inLanguage\":\"fr-FR\"},{\"@type\":\"Organization\",\"@id\":\"https:\/\/www.carideal.com\/blog\/#organization\",\"name\":\"Carideal\",\"url\":\"https:\/\/www.carideal.com\/blog\/\",\"logo\":{\"@type\":\"ImageObject\",\"inLanguage\":\"fr-FR\",\"@id\":\"https:\/\/www.carideal.com\/blog\/#\/schema\/logo\/image\/\",\"url\":\"http:\/\/www.carideal.com\/blog\/wp-content\/uploads\/2016\/03\/logo-carideal-mandataire-automobile.png\",\"contentUrl\":\"http:\/\/www.carideal.com\/blog\/wp-content\/uploads\/2016\/03\/logo-carideal-mandataire-automobile.png\",\"width\":300,\"height\":300,\"caption\":\"Carideal\"},\"image\":{\"@id\":\"https:\/\/www.carideal.com\/blog\/#\/schema\/logo\/image\/\"},\"sameAs\":[\"https:\/\/www.facebook.com\/Carideal.mandataire.automobile\",\"https:\/\/x.com\/caridealauto\",\"https:\/\/www.instagram.com\/carideal1\/\",\"https:\/\/www.linkedin.com\/company\/carideal.com\",\"https:\/\/fr.pinterest.com\/schiavonsas\/\",\"https:\/\/www.youtube.com\/user\/caridealsas\"]}]}<\/script>\n<!-- \/ Yoast SEO plugin. -->","yoast_head_json":{"title":"ROLLS ROYCE - Actualit\u00e9 essais neuve et occasion - Blog auto Carid\u00e9al","description":"Parmi toutes les marques prestigieuses, Carideal.com se devait de mettre en avant Rolls Royce. Vous trouvrez sur notre site web les informations","robots":{"index":"index","follow":"follow","max-snippet":"max-snippet:-1","max-image-preview":"max-image-preview:large","max-video-preview":"max-video-preview:-1"},"canonical":"https:\/\/www.carideal.com\/blog\/marque-de-voiture-actualites-essais\/rolls-royce\/","og_locale":"fr_FR","og_type":"article","og_title":"ROLLS ROYCE - Actualit\u00e9 essais neuve et occasion - Blog auto Carid\u00e9al","og_description":"Parmi toutes les marques prestigieuses, Carideal.com se devait de mettre en avant Rolls Royce. Vous trouvrez sur notre site web les informations","og_url":"https:\/\/www.carideal.com\/blog\/marque-de-voiture-actualites-essais\/rolls-royce\/","og_site_name":"Blog auto Carid\u00e9al","article_publisher":"https:\/\/www.facebook.com\/Carideal.mandataire.automobile","article_modified_time":"2020-12-15T19:22:12+00:00","og_image":[{"width":600,"height":338,"url":"https:\/\/www.carideal.com\/blog\/wp-content\/uploads\/2020\/12\/rolls-royce-phantom-2.jpg","type":"image\/jpeg"}],"twitter_card":"summary_large_image","twitter_site":"@caridealauto","twitter_misc":{"Dur\u00e9e de lecture estim\u00e9e":"1 minute"},"schema":{"@context":"https:\/\/schema.org","@graph":[{"@type":"WebPage","@id":"https:\/\/www.carideal.com\/blog\/marque-de-voiture-actualites-essais\/rolls-royce\/","url":"https:\/\/www.carideal.com\/blog\/marque-de-voiture-actualites-essais\/rolls-royce\/","name":"ROLLS ROYCE - Actualit\u00e9 essais neuve et occasion - Blog auto Carid\u00e9al","isPartOf":{"@id":"https:\/\/www.carideal.com\/blog\/#website"},"primaryImageOfPage":{"@id":"https:\/\/www.carideal.com\/blog\/marque-de-voiture-actualites-essais\/rolls-royce\/#primaryimage"},"image":{"@id":"https:\/\/www.carideal.com\/blog\/marque-de-voiture-actualites-essais\/rolls-royce\/#primaryimage"},"thumbnailUrl":"https:\/\/www.carideal.com\/blog\/wp-content\/uploads\/2020\/12\/rolls-royce-phantom-2.jpg","datePublished":"2017-02-03T07:39:22+00:00","dateModified":"2020-12-15T19:22:12+00:00","description":"Parmi toutes les marques prestigieuses, Carideal.com se devait de mettre en avant Rolls Royce. Vous trouvrez sur notre site web les informations","breadcrumb":{"@id":"https:\/\/www.carideal.com\/blog\/marque-de-voiture-actualites-essais\/rolls-royce\/#breadcrumb"},"inLanguage":"fr-FR","potentialAction":[{"@type":"ReadAction","target":["https:\/\/www.carideal.com\/blog\/marque-de-voiture-actualites-essais\/rolls-royce\/"]}]},{"@type":"ImageObject","inLanguage":"fr-FR","@id":"https:\/\/www.carideal.com\/blog\/marque-de-voiture-actualites-essais\/rolls-royce\/#primaryimage","url":"https:\/\/www.carideal.com\/blog\/wp-content\/uploads\/2020\/12\/rolls-royce-phantom-2.jpg","contentUrl":"https:\/\/www.carideal.com\/blog\/wp-content\/uploads\/2020\/12\/rolls-royce-phantom-2.jpg","width":600,"height":338,"caption":"Rolls Royce"},{"@type":"BreadcrumbList","@id":"https:\/\/www.carideal.com\/blog\/marque-de-voiture-actualites-essais\/rolls-royce\/#breadcrumb","itemListElement":[{"@type":"ListItem","position":1,"name":"Blog Carid\u00e9al","item":"https:\/\/www.carideal.com\/blog\/"},{"@type":"ListItem","position":2,"name":"Marque de voiture","item":"https:\/\/www.carideal.com\/blog\/marque-de-voiture-actualites-essais\/"},{"@type":"ListItem","position":3,"name":"Rolls Royce"}]},{"@type":"WebSite","@id":"https:\/\/www.carideal.com\/blog\/#website","url":"https:\/\/www.carideal.com\/blog\/","name":"Blog auto Carid\u00e9al","description":"Actualit\u00e9 auto par des passionn\u00e9s","publisher":{"@id":"https:\/\/www.carideal.com\/blog\/#organization"},"potentialAction":[{"@type":"SearchAction","target":{"@type":"EntryPoint","urlTemplate":"https:\/\/www.carideal.com\/blog\/?s={search_term_string}"},"query-input":{"@type":"PropertyValueSpecification","valueRequired":true,"valueName":"search_term_string"}}],"inLanguage":"fr-FR"},{"@type":"Organization","@id":"https:\/\/www.carideal.com\/blog\/#organization","name":"Carideal","url":"https:\/\/www.carideal.com\/blog\/","logo":{"@type":"ImageObject","inLanguage":"fr-FR","@id":"https:\/\/www.carideal.com\/blog\/#\/schema\/logo\/image\/","url":"http:\/\/www.carideal.com\/blog\/wp-content\/uploads\/2016\/03\/logo-carideal-mandataire-automobile.png","contentUrl":"http:\/\/www.carideal.com\/blog\/wp-content\/uploads\/2016\/03\/logo-carideal-mandataire-automobile.png","width":300,"height":300,"caption":"Carideal"},"image":{"@id":"https:\/\/www.carideal.com\/blog\/#\/schema\/logo\/image\/"},"sameAs":["https:\/\/www.facebook.com\/Carideal.mandataire.automobile","https:\/\/x.com\/caridealauto","https:\/\/www.instagram.com\/carideal1\/","https:\/\/www.linkedin.com\/company\/carideal.com","https:\/\/fr.pinterest.com\/schiavonsas\/","https:\/\/www.youtube.com\/user\/caridealsas"]}]}},"uagb_featured_image_src":{"full":["https:\/\/www.carideal.com\/blog\/wp-content\/uploads\/2020\/12\/rolls-royce-phantom-2.jpg",600,338,false],"thumbnail":["https:\/\/www.carideal.com\/blog\/wp-content\/uploads\/2020\/12\/rolls-royce-phantom-2-150x150.jpg",150,150,true],"medium":["https:\/\/www.carideal.com\/blog\/wp-content\/uploads\/2020\/12\/rolls-royce-phantom-2-300x169.jpg",300,169,true],"medium_large":["https:\/\/www.carideal.com\/blog\/wp-content\/uploads\/2020\/12\/rolls-royce-phantom-2.jpg",600,338,false],"large":["https:\/\/www.carideal.com\/blog\/wp-content\/uploads\/2020\/12\/rolls-royce-phantom-2.jpg",600,338,false],"1536x1536":["https:\/\/www.carideal.com\/blog\/wp-content\/uploads\/2020\/12\/rolls-royce-phantom-2.jpg",600,338,false],"2048x2048":["https:\/\/www.carideal.com\/blog\/wp-content\/uploads\/2020\/12\/rolls-royce-phantom-2.jpg",600,338,false],"wppr-widget":["https:\/\/www.carideal.com\/blog\/wp-content\/uploads\/2020\/12\/rolls-royce-phantom-2-50x28.jpg",50,28,true]},"uagb_author_info":{"display_name":"Nicolas SCHIAVON","author_link":"https:\/\/www.carideal.com\/blog\/author\/nschiavon\/"},"uagb_comment_info":0,"uagb_excerpt":"ROLLS ROYCE Infos sur&nbsp;Rolls Royce Actualit\u00e9 Essais Voiture d'occasion Voiture neuve Prix du neuf Guide d'achat Parmi toutes les marques automobiles dont les plus prestigieuses, Carideal.com se devait de mettre en avant la marque anglaise Rolls Royce. Vous trouvrez sur notre site web les informations sur la marque Rolls Royce et ses mod\u00e8les. Vous trouvrez\u2026","_links":{"self":[{"href":"https:\/\/www.carideal.com\/blog\/wp-json\/wp\/v2\/pages\/15234"}],"collection":[{"href":"https:\/\/www.carideal.com\/blog\/wp-json\/wp\/v2\/pages"}],"about":[{"href":"https:\/\/www.carideal.com\/blog\/wp-json\/wp\/v2\/types\/page"}],"author":[{"embeddable":true,"href":"https:\/\/www.carideal.com\/blog\/wp-json\/wp\/v2\/users\/3"}],"replies":[{"embeddable":true,"href":"https:\/\/www.carideal.com\/blog\/wp-json\/wp\/v2\/comments?post=15234"}],"version-history":[{"count":0,"href":"https:\/\/www.carideal.com\/blog\/wp-json\/wp\/v2\/pages\/15234\/revisions"}],"up":[{"embeddable":true,"href":"https:\/\/www.carideal.com\/blog\/wp-json\/wp\/v2\/pages\/13389"}],"wp:featuredmedia":[{"embeddable":true,"href":"https:\/\/www.carideal.com\/blog\/wp-json\/wp\/v2\/media\/25999"}],"wp:attachment":[{"href":"https:\/\/www.carideal.com\/blog\/wp-json\/wp\/v2\/media?parent=15234"}],"curies":[{"name":"wp","href":"https:\/\/api.w.org\/{rel}","templated":true}]}}