{"id":15185,"date":"2017-02-01T13:36:23","date_gmt":"2017-02-01T12:36:23","guid":{"rendered":"http:\/\/www.carideal.com\/blog\/?page_id=15185"},"modified":"2020-03-07T16:30:45","modified_gmt":"2020-03-07T15:30:45","slug":"vidange-voiture","status":"publish","type":"page","link":"https:\/\/www.carideal.com\/blog\/garage-automobile\/vidange-voiture\/","title":{"rendered":"VIDANGE VOITURE &#8211; Conseils m\u00e9caniques"},"content":{"rendered":"<h2>GUIDE DE LA VIDANGE POUR VOTRE VOITURE<\/h2>\n<p>LA VIDANGE EST UNE OP\u00c9RATION ESSENTIELLE POUR VOTRE VOITURE<\/p>\n<figure id=\"attachment_11961\" aria-describedby=\"caption-attachment-11961\" style=\"width: 690px\" class=\"wp-caption aligncenter\"><img loading=\"lazy\" decoding=\"async\" class=\"size-full wp-image-11961\" src=\"http:\/\/www.carideal.com\/blog\/wp-content\/uploads\/2016\/09\/Vidange-moteur-de-votre-voiture-e1580198233243.jpg\" alt=\"Vidange moteur de votre voiture\" width=\"700\" height=\"383\" \/><figcaption id=\"caption-attachment-11961\" class=\"wp-caption-text\">Vidange moteur de votre voiture<\/figcaption><\/figure>\n<h2><span style=\"color: #ff0000;\">POURQUOI R\u00c9ALISER UNE VIDANGE DE VOTRE VOITURE ?<\/span><\/h2>\n<p>Remplacer r\u00e9guli\u00e8rement l'huile de votre moteur, en effectuant une <strong>VIDANGE<\/strong> de votre voiture, par un Lubrifiant neuf r\u00e9pondant aux normes du constructeur de votre voiture\u00a0est une n\u00e9cessit\u00e9. Cela \u00e9limine toutes les impuret\u00e9s dues \u00e0 l'activit\u00e9\u00a0de votre v\u00e9hicule et garantit la long\u00e9vit\u00e9 de votre moteur et de l'\u00e9chappement.<br \/>\n<strong>Une huile neuve :\u00a0L'assurance d'un parfait fonctionnement.<\/strong><br \/>\n&gt; LE R\u00c9FLEXE ENTRETIEN<br \/>\nBien lubrifier votre moteur, c'est l'entretenir, prolonger sa dur\u00e9e de vie et maintenir ses performances. La <strong>VIDANGE<\/strong>\u00a0MOTEUR est essentielle. Pensez \u00e0 faire remplacer l'huile de votre moteur \u00e0 intervalles r\u00e9guliers et faites changer le filtre \u00e0 huile \u00e0 chaque vidange.<\/p>\n<ul>\n<li>Retrouvez nos <a href=\"http:\/\/www.carideal.com\/blog\/garage-automobile\/promo-vidange\/\">promos sur la vidange<\/a><\/li>\n<\/ul>\n<h2>A QUOI SERT LA LUBRIFICATION DE VOTRE MOTEUR ?<\/h2>\n<h3><span style=\"color: #ff0000;\">1. L'HUILE\u00a0DE MARQUE<\/span><\/h3>\n<p>R\u00e9duit les frottements.<br \/>\nLimite l'usure des pi\u00e8ces en mouvement dans votre moteur, bielles, pistons...).<br \/>\nPermet le bon refroidissement de votre moteur.<br \/>\nMaintient la propret\u00e9 du moteur.<br \/>\nContribue \u00e0 l'\u00e9tanch\u00e9it\u00e9 entre le cylindre et le piston.<br \/>\nProt\u00e8ge contre la corrosion.<br \/>\nAssure le d\u00e9marrage par toute temp\u00e9rature.<br \/>\nLes huiles de technologie de synth\u00e8se de nouvelle g\u00e9n\u00e9ration vous permettent \u00e9galement de :<\/p>\n<h3><span style=\"color: #ff0000; font-size: 1.17em;\">2. LE FILTRE \u00c0 HUILE<\/span><\/h3>\n<p>Permet de maintenir l'huile aussi propre que possible entre les vidanges de votre voiture.\u00a0Retient toutes les poussi\u00e8res, r\u00e9sidus de la combustion et\u00a0particules abrasives dues \u00e0 l'usure normale des pi\u00e8ces.<\/p>\n<p>Contribue au refroidissement de votre huile.<\/p>\n<figure id=\"attachment_15186\" aria-describedby=\"caption-attachment-15186\" style=\"width: 341px\" class=\"wp-caption alignnone\"><img loading=\"lazy\" decoding=\"async\" class=\"wp-image-15186 size-full\" title=\"Remplacer le filtre \u00e0 huile pendant la vidange\" src=\"http:\/\/www.carideal.com\/blog\/wp-content\/uploads\/2017\/02\/filtre-a-huile-vidange-citroen.jpg\" alt=\"Remplacer le filtre \u00e0 huile pendant la vidange\" width=\"351\" height=\"304\" srcset=\"https:\/\/www.carideal.com\/blog\/wp-content\/uploads\/2017\/02\/filtre-a-huile-vidange-citroen.jpg 351w, https:\/\/www.carideal.com\/blog\/wp-content\/uploads\/2017\/02\/filtre-a-huile-vidange-citroen-300x260.jpg 300w, https:\/\/www.carideal.com\/blog\/wp-content\/uploads\/2017\/02\/filtre-a-huile-vidange-citroen-110x95.jpg 110w, https:\/\/www.carideal.com\/blog\/wp-content\/uploads\/2017\/02\/filtre-a-huile-vidange-citroen-50x43.jpg 50w\" sizes=\"(max-width: 351px) 100vw, 351px\" \/><figcaption id=\"caption-attachment-15186\" class=\"wp-caption-text\">Remplacer le filtre \u00e0 huile pendant la vidange<\/figcaption><\/figure>\n<p>&gt; LE R\u00c9FLEXE ENTRETIEN<br \/>\n<strong>Il est indispensable de changer le filtre \u00e0 huile \u00e0 chaque vidange de votre voiture<\/strong>, pour assurer la long\u00e9vit\u00e9 de votre moteur.<\/p>\n<p><em>*Attention, il existe des conditions particuli\u00e8res d'utilisation des huiles selon la motorisation de votre VOITURE. Contactez votre <a href=\"http:\/\/www.carideal.com\/blog\/garage-automobile\/\">Garage Automobile<\/a>\u00a0pour plus d'informations ou reportez-vous au carnet d'entretien de votre v\u00e9hicule.<\/em><\/p>\n<h2>AVEC NOTRE\u00a0GARAGE AUTOMOBILE\u00a0LE <a href=\"http:\/\/www.carideal.com\/blog\/garage-automobile\/prix-vidange\/\">PRIX<\/a> DE LA VIDANGE AU PLUS BAS<\/h2>\n<h3>LA S\u00c9CURIT\u00c9 DES NORMES\u00a0CONSTRUCTEURS<\/h3>\n<p>Les nouvelles normes europ\u00e9ennes Euro V sur les \u00e9missions polluantes imposent des plafonds \u00e0 respecter scrupuleusement la vidange. Pour assurer toujours plus de qualit\u00e9 dans l'entretien de votre VOITURE, en fonction de sa motorisation, le Constructeur impose ses normes sp\u00e9cifiques pour les lubrifiants moteur, et la vidange,\u00a0plus s\u00e9v\u00e8res que Les normes europ\u00e9ennes.<\/p>\n<p>&gt; LE R\u00c9FLEXE ENTRETIEN<br \/>\n<strong>Pour votre vidange, choisissez exclusivement un lubrifiant r\u00e9pondant aux normes sp\u00e9cifiques CITRO\u00cbN<\/strong>. Vous gagnerez un meilleur rendement, une am\u00e9lioration de la dur\u00e9e de vie de votre moteur et du <a href=\"http:\/\/www.carideal.com\/blog\/2017\/01\/19\/selon-psa-filtre-a-particules-purification-de-lair\/\">Filtre \u00e0 Particules<\/a>, et des \u00e9conomies de carburant,<\/p>\n<figure id=\"attachment_15187\" aria-describedby=\"caption-attachment-15187\" style=\"width: 163px\" class=\"wp-caption alignleft\"><img loading=\"lazy\" decoding=\"async\" class=\"wp-image-15187 size-full\" title=\"Vidange voiture : Des grandes huiles sont pr\u00e9connis\u00e9es par les constructeurs automobiles\" src=\"http:\/\/www.carideal.com\/blog\/wp-content\/uploads\/2017\/02\/huiles-Total-Vidange-Citroen.png\" alt=\"Vidange voiture : Des grandes huiles sont pr\u00e9connis\u00e9es par les constructeurs automobiles\" width=\"173\" height=\"61\" srcset=\"https:\/\/www.carideal.com\/blog\/wp-content\/uploads\/2017\/02\/huiles-Total-Vidange-Citroen.png 173w, https:\/\/www.carideal.com\/blog\/wp-content\/uploads\/2017\/02\/huiles-Total-Vidange-Citroen-110x39.png 110w, https:\/\/www.carideal.com\/blog\/wp-content\/uploads\/2017\/02\/huiles-Total-Vidange-Citroen-50x18.png 50w\" sizes=\"(max-width: 173px) 100vw, 173px\" \/><figcaption id=\"caption-attachment-15187\" class=\"wp-caption-text\">Vidange voiture : Des grandes huiles sont pr\u00e9conis\u00e9es par les constructeurs automobiles<\/figcaption><\/figure>\n<h3><span style=\"color: #ff0000;\">LES NORMES CONSTRUCTEURS\u00a0R\u00c9SOLUMENT TOURN\u00c9ES VERS L'AVENIR<\/span><\/h3>\n<p>Compatibles avec les bio-carburants, les lubrifiants r\u00e9pondant aux normes sp\u00e9cifiques des constructeurs\u00a0contribuent activement \u00e0 la r\u00e9duction des \u00e9missions polluantes, en permettant le bon fonctionnement des organes de post-traitement :<\/p>\n<ul>\n<li>Le Filtre \u00e0 Particules qui r\u00e9duit les \u00e9missions de \"particules\",<\/li>\n<li>Le catalyseur 3 voies qui r\u00e9duit les \u00e9missions d'oxydes d'azote (Nox, d'Hydrocarbures imbrut\u00e9s (HC) et de Monoxydes de carbone (CO),<\/li>\n<li>Le catalyseur d'oxydation qui, coupl\u00e9 au Filtre \u00e0 Particules, r\u00e9duit aussi les \u00e9missions d'HC et de CO.<\/li>\n<\/ul>\n<h2>LES CARACT\u00c9RISTIQUES D'UN LUBRIFIANT POUR VOTRE VIDANGE\u00a0VOITURE<\/h2>\n<h3><span style=\"color: #ff0000;\">LE GRADE DE VISCOSIT\u00c9<\/span><\/h3>\n<p><strong>Les chiffres pr\u00e9c\u00e9dant le \"W\"<\/strong> indiquent La fluidit\u00e9 \u00e0 basse temp\u00e9rature. Plus ce chiffre est bas, plus l'huile est fluide \u00e0 froid et peut \u00eatre utilis\u00e9e \u00e0 basse temp\u00e9rature.<br \/>\n<strong>Les chiffres suivant le \"W\"<\/strong> indiquent la viscosit\u00e9 \u00e0 haute temp\u00e9rature. Plus ce chiffre est \u00e9lev\u00e9, plus l'huile est visqueuse \u00e0 chaud.<\/p>\n<h3><span style=\"color: #ff0000;\">NOUVELLE MOTORISATION, NOUVELLE HUILE...<\/span><\/h3>\n<p>Pour certains v\u00e9hicules de motorisation r\u00e9cente, les constructeurs\u00a0recommandent la <strong>nouvelle huile moteur TOTAL QUARTZ INEO FIRST 0W30<\/strong>.<br \/>\n<strong>Plus fluide et plus performante, elle vous permet de b\u00e9n\u00e9ficier :<\/strong><br \/>\nDu meilleur niveau de protection moteur pour les nouvelles motorisations,<br \/>\nDe consommations de carburant r\u00e9duites favorisant la r\u00e9duction d'\u00e9missions de CO2.<br \/>\nVotre v\u00e9hicule peut peut-\u00eatre en b\u00e9n\u00e9ficier. Demandez conseil \u00e0 votre technicien automobile.<\/p>\n<h3>CREENPACT<\/h3>\n<p>Depuis 2008, le R\u00e9seau <a href=\"http:\/\/www.carideal.com\/blog\/marque-de-voiture-actualites-essais\/citroen\/\">CITRO\u00cbN<\/a>, comme d'autres, s'est engag\u00e9 dans la d\u00e9marche de d\u00e9veloppement durable GREENPACT, qui repose sur<br \/>\n3 engagements :<br \/>\nLe tri s\u00e9lectif des d\u00e9chets automobiles\u00a0et leur collecte via des organismes agr\u00e9\u00e9s,<br \/>\nLa conformit\u00e9 des sites avec les r\u00e9glementations nationales et europ\u00e9ennes,<br \/>\nLa tra\u00e7abilit\u00e9 des d\u00e9chets et des pi\u00e8ces hors d'usage dans le cadre de leur recyclage m\u00eame dans le cas d'une vidange de votre voiture.<\/p>\n<h3>D\u00c9COUVREZ L'APPLICATION MON ENTRETIEN, UN CONCENTR\u00c9 D'INFORMATIONS AU SERVICE DE VOTRE V\u00c9HICULE.<\/h3>\n<p>L'application MON ENTRETIEN vous offre la possibilit\u00e9 de tout savoir sur l'entretien de votre v\u00e9hicule, Les gammes et les actualit\u00e9s de votre constructeur, ou de votre garage automobile, de trouver un r\u00e9parateur de la marque de votre voiture. D\u00e9couvrez \u00e9galement des vid\u00e9os pratiques et des aides \u00e0 la prise en main de votre v\u00e9hicule, des conseils d'utilisations de votre voiture, des offres apr\u00e8s-vente etc.<\/p>\n<p>Confier l'entretien annuel ou la <a href=\"http:\/\/www.carideal.com\/blog\/garage-automobile\/revision-voiture\/\">r\u00e9vision de votre voiture<\/a> \u00e0 un sp\u00e9cialiste comme le garage Schiavon \u00e0 <a href=\"http:\/\/www.carideal.com\/blog\/2010\/01\/23\/garage-citroen-schiavon-13-av-de-turin-73000-bassens-chambery\/\">Chamb\u00e9ry<\/a>, vous permettra de rouler en toute s\u00e9r\u00e9nit\u00e9. Bient\u00f4t les vacances ! Si vous n'avez pas encore fait votre r\u00e9vision, prenez vite rendez-vous chez votre garagiste pour cette r\u00e9vision. Pour toute vidange moteur avec une bonne huile :<\/p>\n<h3>Retrouvez toutes nos offres apr\u00e8s-vente :<\/h3>\n","protected":false},"excerpt":{"rendered":"<p>GUIDE DE LA VIDANGE POUR VOTRE VOITURE LA VIDANGE EST UNE OP\u00c9RATION ESSENTIELLE POUR VOTRE VOITURE POURQUOI R\u00c9ALISER UNE VIDANGE DE VOTRE VOITURE ? Remplacer r\u00e9guli\u00e8rement l&rsquo;huile de votre moteur, en effectuant une VIDANGE de votre voiture, par un Lubrifiant neuf r\u00e9pondant aux normes du constructeur de votre voiture\u00a0est une n\u00e9cessit\u00e9. Cela \u00e9limine toutes les &#8230; <a title=\"VIDANGE VOITURE &#8211; Conseils m\u00e9caniques\" class=\"read-more\" href=\"https:\/\/www.carideal.com\/blog\/garage-automobile\/vidange-voiture\/\" aria-label=\"En savoir plus sur VIDANGE VOITURE &#8211; Conseils m\u00e9caniques\">Lire plus<\/a><\/p>\n","protected":false},"author":3,"featured_media":11961,"parent":13942,"menu_order":0,"comment_status":"closed","ping_status":"closed","template":"","meta":{"_uag_custom_page_level_css":"","_themeisle_gutenberg_block_has_review":false,"footnotes":""},"class_list":["post-15185","page","type-page","status-publish","has-post-thumbnail"],"wppr_data":{"cwp_meta_box_check":"No"},"yoast_head":"<!-- This site is optimized with the Yoast SEO plugin v24.8.1 - https:\/\/yoast.com\/wordpress\/plugins\/seo\/ -->\n<title>VIDANGE VOITURE - Conseils m\u00e9caniques - Blog auto Carid\u00e9al<\/title>\n<meta name=\"description\" content=\"Guide la vidange pour votre voiture : la vidange est op\u00e9ration essentielle pour votre v\u00e9hicule et la long\u00e9vit\u00e9 des organes de son moteur.\" \/>\n<meta name=\"robots\" content=\"index, follow, max-snippet:-1, max-image-preview:large, max-video-preview:-1\" \/>\n<link rel=\"canonical\" href=\"https:\/\/www.carideal.com\/blog\/garage-automobile\/vidange-voiture\/\" \/>\n<meta property=\"og:locale\" content=\"fr_FR\" \/>\n<meta property=\"og:type\" content=\"article\" \/>\n<meta property=\"og:title\" content=\"VIDANGE VOITURE - Conseils m\u00e9caniques - Blog auto Carid\u00e9al\" \/>\n<meta property=\"og:description\" content=\"Guide la vidange pour votre voiture : la vidange est op\u00e9ration essentielle pour votre v\u00e9hicule et la long\u00e9vit\u00e9 des organes de son moteur.\" \/>\n<meta property=\"og:url\" content=\"https:\/\/www.carideal.com\/blog\/garage-automobile\/vidange-voiture\/\" \/>\n<meta property=\"og:site_name\" content=\"Blog auto Carid\u00e9al\" \/>\n<meta property=\"article:publisher\" content=\"https:\/\/www.facebook.com\/Carideal.mandataire.automobile\" \/>\n<meta property=\"article:modified_time\" content=\"2020-03-07T15:30:45+00:00\" \/>\n<meta property=\"og:image\" content=\"https:\/\/www.carideal.com\/blog\/wp-content\/uploads\/2016\/09\/Vidange-moteur-de-votre-voiture-e1580198233243.jpg\" \/>\n\t<meta property=\"og:image:width\" content=\"700\" \/>\n\t<meta property=\"og:image:height\" content=\"383\" \/>\n\t<meta property=\"og:image:type\" content=\"image\/jpeg\" \/>\n<meta name=\"twitter:card\" content=\"summary_large_image\" \/>\n<meta name=\"twitter:site\" content=\"@caridealauto\" \/>\n<meta name=\"twitter:label1\" content=\"Dur\u00e9e de lecture estim\u00e9e\" \/>\n\t<meta name=\"twitter:data1\" content=\"5 minutes\" \/>\n<script type=\"application\/ld+json\" class=\"yoast-schema-graph\">{\"@context\":\"https:\/\/schema.org\",\"@graph\":[{\"@type\":\"WebPage\",\"@id\":\"https:\/\/www.carideal.com\/blog\/garage-automobile\/vidange-voiture\/\",\"url\":\"https:\/\/www.carideal.com\/blog\/garage-automobile\/vidange-voiture\/\",\"name\":\"VIDANGE VOITURE - Conseils m\u00e9caniques - Blog auto Carid\u00e9al\",\"isPartOf\":{\"@id\":\"https:\/\/www.carideal.com\/blog\/#website\"},\"primaryImageOfPage\":{\"@id\":\"https:\/\/www.carideal.com\/blog\/garage-automobile\/vidange-voiture\/#primaryimage\"},\"image\":{\"@id\":\"https:\/\/www.carideal.com\/blog\/garage-automobile\/vidange-voiture\/#primaryimage\"},\"thumbnailUrl\":\"https:\/\/www.carideal.com\/blog\/wp-content\/uploads\/2016\/09\/Vidange-moteur-de-votre-voiture-e1580198233243.jpg\",\"datePublished\":\"2017-02-01T12:36:23+00:00\",\"dateModified\":\"2020-03-07T15:30:45+00:00\",\"description\":\"Guide la vidange pour votre voiture : la vidange est op\u00e9ration essentielle pour votre v\u00e9hicule et la long\u00e9vit\u00e9 des organes de son moteur.\",\"breadcrumb\":{\"@id\":\"https:\/\/www.carideal.com\/blog\/garage-automobile\/vidange-voiture\/#breadcrumb\"},\"inLanguage\":\"fr-FR\",\"potentialAction\":[{\"@type\":\"ReadAction\",\"target\":[\"https:\/\/www.carideal.com\/blog\/garage-automobile\/vidange-voiture\/\"]}]},{\"@type\":\"ImageObject\",\"inLanguage\":\"fr-FR\",\"@id\":\"https:\/\/www.carideal.com\/blog\/garage-automobile\/vidange-voiture\/#primaryimage\",\"url\":\"https:\/\/www.carideal.com\/blog\/wp-content\/uploads\/2016\/09\/Vidange-moteur-de-votre-voiture-e1580198233243.jpg\",\"contentUrl\":\"https:\/\/www.carideal.com\/blog\/wp-content\/uploads\/2016\/09\/Vidange-moteur-de-votre-voiture-e1580198233243.jpg\",\"width\":700,\"height\":383,\"caption\":\"Vidange moteur de votre voiture\"},{\"@type\":\"BreadcrumbList\",\"@id\":\"https:\/\/www.carideal.com\/blog\/garage-automobile\/vidange-voiture\/#breadcrumb\",\"itemListElement\":[{\"@type\":\"ListItem\",\"position\":1,\"name\":\"Blog Carid\u00e9al\",\"item\":\"https:\/\/www.carideal.com\/blog\/\"},{\"@type\":\"ListItem\",\"position\":2,\"name\":\"Garage Automobile\",\"item\":\"https:\/\/www.carideal.com\/blog\/garage-automobile\/\"},{\"@type\":\"ListItem\",\"position\":3,\"name\":\"Vidange\"}]},{\"@type\":\"WebSite\",\"@id\":\"https:\/\/www.carideal.com\/blog\/#website\",\"url\":\"https:\/\/www.carideal.com\/blog\/\",\"name\":\"Blog auto Carid\u00e9al\",\"description\":\"Actualit\u00e9 auto par des passionn\u00e9s\",\"publisher\":{\"@id\":\"https:\/\/www.carideal.com\/blog\/#organization\"},\"potentialAction\":[{\"@type\":\"SearchAction\",\"target\":{\"@type\":\"EntryPoint\",\"urlTemplate\":\"https:\/\/www.carideal.com\/blog\/?s={search_term_string}\"},\"query-input\":{\"@type\":\"PropertyValueSpecification\",\"valueRequired\":true,\"valueName\":\"search_term_string\"}}],\"inLanguage\":\"fr-FR\"},{\"@type\":\"Organization\",\"@id\":\"https:\/\/www.carideal.com\/blog\/#organization\",\"name\":\"Carideal\",\"url\":\"https:\/\/www.carideal.com\/blog\/\",\"logo\":{\"@type\":\"ImageObject\",\"inLanguage\":\"fr-FR\",\"@id\":\"https:\/\/www.carideal.com\/blog\/#\/schema\/logo\/image\/\",\"url\":\"http:\/\/www.carideal.com\/blog\/wp-content\/uploads\/2016\/03\/logo-carideal-mandataire-automobile.png\",\"contentUrl\":\"http:\/\/www.carideal.com\/blog\/wp-content\/uploads\/2016\/03\/logo-carideal-mandataire-automobile.png\",\"width\":300,\"height\":300,\"caption\":\"Carideal\"},\"image\":{\"@id\":\"https:\/\/www.carideal.com\/blog\/#\/schema\/logo\/image\/\"},\"sameAs\":[\"https:\/\/www.facebook.com\/Carideal.mandataire.automobile\",\"https:\/\/x.com\/caridealauto\",\"https:\/\/www.instagram.com\/carideal1\/\",\"https:\/\/www.linkedin.com\/company\/carideal.com\",\"https:\/\/fr.pinterest.com\/schiavonsas\/\",\"https:\/\/www.youtube.com\/user\/caridealsas\"]}]}<\/script>\n<!-- \/ Yoast SEO plugin. -->","yoast_head_json":{"title":"VIDANGE VOITURE - Conseils m\u00e9caniques - Blog auto Carid\u00e9al","description":"Guide la vidange pour votre voiture : la vidange est op\u00e9ration essentielle pour votre v\u00e9hicule et la long\u00e9vit\u00e9 des organes de son moteur.","robots":{"index":"index","follow":"follow","max-snippet":"max-snippet:-1","max-image-preview":"max-image-preview:large","max-video-preview":"max-video-preview:-1"},"canonical":"https:\/\/www.carideal.com\/blog\/garage-automobile\/vidange-voiture\/","og_locale":"fr_FR","og_type":"article","og_title":"VIDANGE VOITURE - Conseils m\u00e9caniques - Blog auto Carid\u00e9al","og_description":"Guide la vidange pour votre voiture : la vidange est op\u00e9ration essentielle pour votre v\u00e9hicule et la long\u00e9vit\u00e9 des organes de son moteur.","og_url":"https:\/\/www.carideal.com\/blog\/garage-automobile\/vidange-voiture\/","og_site_name":"Blog auto Carid\u00e9al","article_publisher":"https:\/\/www.facebook.com\/Carideal.mandataire.automobile","article_modified_time":"2020-03-07T15:30:45+00:00","og_image":[{"width":700,"height":383,"url":"https:\/\/www.carideal.com\/blog\/wp-content\/uploads\/2016\/09\/Vidange-moteur-de-votre-voiture-e1580198233243.jpg","type":"image\/jpeg"}],"twitter_card":"summary_large_image","twitter_site":"@caridealauto","twitter_misc":{"Dur\u00e9e de lecture estim\u00e9e":"5 minutes"},"schema":{"@context":"https:\/\/schema.org","@graph":[{"@type":"WebPage","@id":"https:\/\/www.carideal.com\/blog\/garage-automobile\/vidange-voiture\/","url":"https:\/\/www.carideal.com\/blog\/garage-automobile\/vidange-voiture\/","name":"VIDANGE VOITURE - Conseils m\u00e9caniques - Blog auto Carid\u00e9al","isPartOf":{"@id":"https:\/\/www.carideal.com\/blog\/#website"},"primaryImageOfPage":{"@id":"https:\/\/www.carideal.com\/blog\/garage-automobile\/vidange-voiture\/#primaryimage"},"image":{"@id":"https:\/\/www.carideal.com\/blog\/garage-automobile\/vidange-voiture\/#primaryimage"},"thumbnailUrl":"https:\/\/www.carideal.com\/blog\/wp-content\/uploads\/2016\/09\/Vidange-moteur-de-votre-voiture-e1580198233243.jpg","datePublished":"2017-02-01T12:36:23+00:00","dateModified":"2020-03-07T15:30:45+00:00","description":"Guide la vidange pour votre voiture : la vidange est op\u00e9ration essentielle pour votre v\u00e9hicule et la long\u00e9vit\u00e9 des organes de son moteur.","breadcrumb":{"@id":"https:\/\/www.carideal.com\/blog\/garage-automobile\/vidange-voiture\/#breadcrumb"},"inLanguage":"fr-FR","potentialAction":[{"@type":"ReadAction","target":["https:\/\/www.carideal.com\/blog\/garage-automobile\/vidange-voiture\/"]}]},{"@type":"ImageObject","inLanguage":"fr-FR","@id":"https:\/\/www.carideal.com\/blog\/garage-automobile\/vidange-voiture\/#primaryimage","url":"https:\/\/www.carideal.com\/blog\/wp-content\/uploads\/2016\/09\/Vidange-moteur-de-votre-voiture-e1580198233243.jpg","contentUrl":"https:\/\/www.carideal.com\/blog\/wp-content\/uploads\/2016\/09\/Vidange-moteur-de-votre-voiture-e1580198233243.jpg","width":700,"height":383,"caption":"Vidange moteur de votre voiture"},{"@type":"BreadcrumbList","@id":"https:\/\/www.carideal.com\/blog\/garage-automobile\/vidange-voiture\/#breadcrumb","itemListElement":[{"@type":"ListItem","position":1,"name":"Blog Carid\u00e9al","item":"https:\/\/www.carideal.com\/blog\/"},{"@type":"ListItem","position":2,"name":"Garage Automobile","item":"https:\/\/www.carideal.com\/blog\/garage-automobile\/"},{"@type":"ListItem","position":3,"name":"Vidange"}]},{"@type":"WebSite","@id":"https:\/\/www.carideal.com\/blog\/#website","url":"https:\/\/www.carideal.com\/blog\/","name":"Blog auto Carid\u00e9al","description":"Actualit\u00e9 auto par des passionn\u00e9s","publisher":{"@id":"https:\/\/www.carideal.com\/blog\/#organization"},"potentialAction":[{"@type":"SearchAction","target":{"@type":"EntryPoint","urlTemplate":"https:\/\/www.carideal.com\/blog\/?s={search_term_string}"},"query-input":{"@type":"PropertyValueSpecification","valueRequired":true,"valueName":"search_term_string"}}],"inLanguage":"fr-FR"},{"@type":"Organization","@id":"https:\/\/www.carideal.com\/blog\/#organization","name":"Carideal","url":"https:\/\/www.carideal.com\/blog\/","logo":{"@type":"ImageObject","inLanguage":"fr-FR","@id":"https:\/\/www.carideal.com\/blog\/#\/schema\/logo\/image\/","url":"http:\/\/www.carideal.com\/blog\/wp-content\/uploads\/2016\/03\/logo-carideal-mandataire-automobile.png","contentUrl":"http:\/\/www.carideal.com\/blog\/wp-content\/uploads\/2016\/03\/logo-carideal-mandataire-automobile.png","width":300,"height":300,"caption":"Carideal"},"image":{"@id":"https:\/\/www.carideal.com\/blog\/#\/schema\/logo\/image\/"},"sameAs":["https:\/\/www.facebook.com\/Carideal.mandataire.automobile","https:\/\/x.com\/caridealauto","https:\/\/www.instagram.com\/carideal1\/","https:\/\/www.linkedin.com\/company\/carideal.com","https:\/\/fr.pinterest.com\/schiavonsas\/","https:\/\/www.youtube.com\/user\/caridealsas"]}]}},"uagb_featured_image_src":{"full":["https:\/\/www.carideal.com\/blog\/wp-content\/uploads\/2016\/09\/Vidange-moteur-de-votre-voiture-e1580198233243.jpg",700,383,false],"thumbnail":["https:\/\/www.carideal.com\/blog\/wp-content\/uploads\/2016\/09\/Vidange-moteur-de-votre-voiture-150x150.jpg",150,150,true],"medium":["https:\/\/www.carideal.com\/blog\/wp-content\/uploads\/2016\/09\/Vidange-moteur-de-votre-voiture-300x164.jpg",300,164,true],"medium_large":["https:\/\/www.carideal.com\/blog\/wp-content\/uploads\/2016\/09\/Vidange-moteur-de-votre-voiture-e1580198233243.jpg",700,383,false],"large":["https:\/\/www.carideal.com\/blog\/wp-content\/uploads\/2016\/09\/Vidange-moteur-de-votre-voiture-e1580198233243.jpg",700,383,false],"1536x1536":["https:\/\/www.carideal.com\/blog\/wp-content\/uploads\/2016\/09\/Vidange-moteur-de-votre-voiture-e1580198233243.jpg",700,383,false],"2048x2048":["https:\/\/www.carideal.com\/blog\/wp-content\/uploads\/2016\/09\/Vidange-moteur-de-votre-voiture-e1580198233243.jpg",700,383,false],"wppr-widget":["https:\/\/www.carideal.com\/blog\/wp-content\/uploads\/2016\/09\/Vidange-moteur-de-votre-voiture-e1580198233243.jpg",50,27,false]},"uagb_author_info":{"display_name":"Nicolas SCHIAVON","author_link":"https:\/\/www.carideal.com\/blog\/author\/nschiavon\/"},"uagb_comment_info":0,"uagb_excerpt":"GUIDE DE LA VIDANGE POUR VOTRE VOITURE LA VIDANGE EST UNE OP\u00c9RATION ESSENTIELLE POUR VOTRE VOITURE POURQUOI R\u00c9ALISER UNE VIDANGE DE VOTRE VOITURE ? Remplacer r\u00e9guli\u00e8rement l'huile de votre moteur, en effectuant une VIDANGE de votre voiture, par un Lubrifiant neuf r\u00e9pondant aux normes du constructeur de votre voiture\u00a0est une n\u00e9cessit\u00e9. Cela \u00e9limine toutes les\u2026","_links":{"self":[{"href":"https:\/\/www.carideal.com\/blog\/wp-json\/wp\/v2\/pages\/15185"}],"collection":[{"href":"https:\/\/www.carideal.com\/blog\/wp-json\/wp\/v2\/pages"}],"about":[{"href":"https:\/\/www.carideal.com\/blog\/wp-json\/wp\/v2\/types\/page"}],"author":[{"embeddable":true,"href":"https:\/\/www.carideal.com\/blog\/wp-json\/wp\/v2\/users\/3"}],"replies":[{"embeddable":true,"href":"https:\/\/www.carideal.com\/blog\/wp-json\/wp\/v2\/comments?post=15185"}],"version-history":[{"count":0,"href":"https:\/\/www.carideal.com\/blog\/wp-json\/wp\/v2\/pages\/15185\/revisions"}],"up":[{"embeddable":true,"href":"https:\/\/www.carideal.com\/blog\/wp-json\/wp\/v2\/pages\/13942"}],"wp:featuredmedia":[{"embeddable":true,"href":"https:\/\/www.carideal.com\/blog\/wp-json\/wp\/v2\/media\/11961"}],"wp:attachment":[{"href":"https:\/\/www.carideal.com\/blog\/wp-json\/wp\/v2\/media?parent=15185"}],"curies":[{"name":"wp","href":"https:\/\/api.w.org\/{rel}","templated":true}]}}