{"id":14988,"date":"2017-01-26T09:24:52","date_gmt":"2017-01-26T08:24:52","guid":{"rendered":"http:\/\/www.carideal.com\/blog\/?page_id=14988"},"modified":"2020-02-03T23:05:35","modified_gmt":"2020-02-03T22:05:35","slug":"jeep","status":"publish","type":"page","link":"https:\/\/www.carideal.com\/blog\/marque-de-voiture-actualites-essais\/jeep\/","title":{"rendered":"JEEP &#8211; Actualit\u00e9 essais Avis neuve et occasion"},"content":{"rendered":"<h2>JEEP - Actualit\u00e9 essais Avis neuve et occasion<\/h2>\n<p><a href=\"http:\/\/www.carideal.com\/blog\/marque-de-voiture-actualites-essais\/jeep\/\">Infos sur Jeep<\/a> | <a href=\"http:\/\/www.carideal.com\/blog\/constructeur\/jeep\/\">Actualit\u00e9s<\/a> | <a href=\"http:\/\/www.carideal.com\/blog\/essai\/essais-jeep\/\">Essais<\/a> | Jeep occasion | Jeep neuve | <a href=\"http:\/\/www.carideal.com\/blog\/credit-auto\/\">Financement<\/a>\u00a0|\u00a0<a href=\"http:\/\/www.carideal.com\/blog\/garage-automobile\/\">R\u00e9vision<\/a>\u00a0|\u00a0<a href=\"http:\/\/www.carideal.com\/blog\/offres-automobiles\/\">Offres<\/a> | Mandataire Jeep | <a href=\"http:\/\/www.carideal.com\/blog\/tag\/guide-achat\/?=jeep\">Guide d\u2019achat<\/a><\/p>\n<p>Parmi toutes les marques prestigieuses, Carideal.com se devait de mettre en avant Jeep. Vous trouverez sur notre site web les informations sur la marque Jeep et ses mod\u00e8les. Vous trouverez les diff\u00e9rents essais, les actualit\u00e9s et fiches techniques de la marque Jeep ainsi que les annonces autos de la marque Jeep. Nous mettrons tout en \u0153uvre pour vous donner le maximum d'informations sur la marque Jeep.<\/p>\n<h2>Liste des mod\u00e8les\u00a0Jeep<\/h2>\n\n\n<figure class=\"wp-block-table is-style-stripes\"><table class=\"\"><tbody><tr><td>JEEP CHEROKEE<\/td><td>JEEP COMMANDER<\/td><td>JEEP COMPASS<\/td><td>JEEP GRAND CHEROKEE<\/td><\/tr><tr><td><\/td><td><\/td><td><\/td><td><img loading=\"lazy\" decoding=\"async\" width=\"150\" height=\"93\" class=\"wp-image-14989\" style=\"width: 150px;\" src=\"http:\/\/www.carideal.com\/blog\/wp-content\/uploads\/2017\/01\/jeep-grand-cherokee-srt-e1485418914847.jpg\" alt=\"Jeep Grand Cherokee SRT\"><\/td><\/tr><tr><td>JEEP PATRIOT<\/td><td>JEEP RENEGADE<\/td><td>JEEP WILLYS<\/td><td>JEEP WRANGLER  <\/td><\/tr><tr><td><\/td><td><\/td><td><\/td><td><\/td><\/tr><\/tbody><\/table><\/figure>\n\n\n\n<h2 class=\"wp-block-heading\">Actualit\u00e9s&nbsp;Jeep<\/h2>\n\n\n<ul class=\"lcp_catlist\" id=\"lcp_instance_0\"><li><a href=\"https:\/\/www.carideal.com\/blog\/2024\/01\/25\/le-jeep-wagoneer-s-divulgue-par-la-societe-mere-de-la-marque\/\">Le Jeep Wagoneer S divulgu\u00e9 par la soci\u00e9t\u00e9 m\u00e8re de la marque<\/a><div class=\"lcp_excerpt\">\nJeep Wagoneer S : Un Futur Incontournable Dans le Monde des SUV \u00c9lectriques\n\n\nLe monde des v\u00e9hicules utilitaires sportifs (SUV) \u00e9lectriques s&rsquo;appr\u00eate \u00e0 accueillir un nouveau concurrent de taille : le Jeep Wagoneer S. Avec des promesses de performance impressionnantes et un design avant-gardiste, le Wagoneer S est en passe de red\u00e9finir les standards dans ce ...<\/div><\/li><li><a href=\"https:\/\/www.carideal.com\/blog\/2017\/01\/26\/jeep-grand-wagoneer-attaquera-range-pour-115-000-e\/\">Jeep Grand Wagoneer s&rsquo;attaquera au Range pour 115 000 \u20ac<\/a><div class=\"lcp_excerpt\">\nJeep Grand Wagoneer s&rsquo;attaquera au\u00a0Range Rover \u00e0 un prix de\u00a0115 000 \u20ac\n\n\nLe Jeep Grand Wagoneer&nbsp;futur concurrent du Range Rover est pr\u00e9vu pour \u00eatre commercialis\u00e9&nbsp;en 2018 et pourrait pousser Jeep \u00e0 atteindre la fourchette de prix&nbsp;de 115 000 \u20ac.\n\n\nLe SUV de luxe Jeep Grand Wagoneer SUV a \u00e9t\u00e9 confirm\u00e9, avec Jeep a pr\u00e9vu de pousser sa ...<\/div><\/li><li><a href=\"https:\/\/www.carideal.com\/blog\/2015\/06\/04\/renegade-la-jeep-qui-change-jeep\/\">Jeep Renegade la Jeep qui change Jeep<\/a><div class=\"lcp_excerpt\">Jeep Renegade la Jeep qui change Jeep\nPremier bilan six mois apr\u00e8s. Plus qu&rsquo;un succ\u00e8s, \u00e0 l&rsquo;\u00e9chelle de Jeep, c&rsquo;est une d\u00e9ferlante ! Le Jeep Renegade ne renie rien des valeurs de Jeep. Il les adapte \u00e0 l&rsquo;univers des SUV urbains et porte ainsi la marque m\u00e8re de tous les 4&#215;4 vers une autre plan\u00e8te. Le ...<\/div><\/li><li><a href=\"https:\/\/www.carideal.com\/blog\/2015\/03\/11\/jeep-renegade-renegat-mais-fidele\/\">Jeep Renegade Ren\u00e9gat mais fid\u00e8le<\/a><div class=\"lcp_excerpt\">Jeep Renegade Ren\u00e9gat mais fid\u00e8le\n\nMalgr\u00e9 une plateforme partag\u00e9e avec la 500X et des moteurs issus du groupe Fiat, le Renegade par\u00advient \u00e0 se d\u00e9marquer en affirmant sa personnalit\u00e9 de Jeep. Ce vrai 4&#215;4 bourr\u00e9 de d\u00e9tails amusants se montre vite attachant.\nUn randonneur escalade la lunette arri\u00e8re tandis qu&rsquo;une Willys grimpe dans l&rsquo;angle du pare-brise. Dans ...<\/div><\/li><li><a href=\"https:\/\/www.carideal.com\/blog\/2014\/11\/26\/jeep-renegade-mini-format-maxi-usage\/\">Jeep Renegade mini format maxi Usage<\/a><div class=\"lcp_excerpt\">\nJeep Renegade Mini Format Maxi Usage\n\nJeep descend en gamme avec la Renegade. Son petit format de 4.23m s&rsquo;adapte \u00e0 la ville mais elle pourra aussi s&rsquo;aventurer hors bitume. B\u00e2tie en partenariat avec Fiat, la Renegade est un mod\u00e8le de conqu\u00eate.\nJeep s&rsquo;aventure sur le segment tr\u00e8s porteur des v\u00e9hicules de loisirs de format court. Avec une ...<\/div><\/li><li><a href=\"https:\/\/www.carideal.com\/blog\/2013\/12\/01\/jeep-cherokee-2014\/\">Jeep Cherokee 2014<\/a><div class=\"lcp_excerpt\">\nJeep Cherokee 2014\nPour la premi\u00e8re fois le Jeep Cherokee passe au 4&#215;2. Il devrait \u00eatre commercialis\u00e9 en Janvier 2014 pour 30000 \u20ac environ. Une gueule tr\u00e8s agressive avec ses sept barrettes de calandre. il prend un look moderne, avec un int\u00e9rieur tr\u00e8s moderne. Plus long de 13 cm \u00e0 4.62 m, Jeep l&rsquo;a aussi rabaiss\u00e9 ...<\/div><\/li><li><a href=\"https:\/\/www.carideal.com\/blog\/2013\/10\/05\/le-nouveau-jeep-cherokee-2014\/\">Le nouveau Jeep Cherokee 2014<\/a><div class=\"lcp_excerpt\">\nLe Nouveau Jeep Cherokee 2014\n\nLe Nouveau Jeep Cherokee 2014. Jeep renouvelle son Cherokee et rompt radicalement avec l&rsquo;ancienne version, plus moderne, son esth\u00e9tique radicale, l&rsquo;\u00e9clairage est r\u00e9parti sur trois niveaux, et sa calandre \u00e0 sept barres conserve le cot\u00e9 historique, tandis que les feux fins lui donnent un look tr\u00e8s futuriste. Il se distingue surement ...<\/div><\/li><li><a href=\"https:\/\/www.carideal.com\/blog\/2013\/06\/03\/jeep-grand-cherokee\/\">Jeep Grand Cherokee 2013<\/a><div class=\"lcp_excerpt\">Ce Nouveau Jeep Grand Cherokee 2013 sera commercialis\u00e9 en Juillet\nCe nouveau Jeep Grand Cherokee sera disponible en Juillet \u00e0 partir de 47000 \u20ac avec 2 moteurs \u00e0 essence de 286 et 468 ch et deux moteurs diesels de 190 et 241 ch. Le Grand Cherokee datait de 2010 et il avait besoin d&rsquo;un coup de ...<\/div><\/li><li><a href=\"https:\/\/www.carideal.com\/blog\/2012\/06\/25\/jeep-wrangler\/\">Jeep Wrangler<\/a><div class=\"lcp_excerpt\">&nbsp;\nS\u00e9rie sp\u00e9ciale Mountain Pour le Wrangler de Jeep\nCette version sp\u00e9ciale Mountain fait que la Jeep Wrangler prend de la hauteur. D\u00e9vi\u00e9e de la finition Sport, elle oblige le diesel 2.8 CRD 200 ch et la bo\u00eete \u00e0 6 rapports.Cette version Mountain dispose de trois coloris de carroserie (blanc,noir, vert fonc\u00e9), cette s\u00e9rie est identifiable gr\u00e2ce ...<\/div><\/li><li><a href=\"https:\/\/www.carideal.com\/blog\/2011\/01\/14\/jeep-grand-cherokee-2011\/\">Jeep Grand Cherokee 2011 en d\u00e9tails<\/a><div class=\"lcp_excerpt\">Jeep Grand Cherokee 2011\nLa version 2011 de la Jeep Grand Cherokee\nLa version diesel du Jeep Grand Cherokee 2011, largement majoritaire en Europe, sera disponible d\u00e8s le mois de Mars \u00e0 partir de 44500 \u20ac. Il est d&rsquo;ores et d\u00e9j\u00e0 disponible en motorisation V8 5.7 de 352 ch et V6 3.6 de 280ch, le futur Grand ...<\/div><\/li><\/ul>\n\n\n\n<p><a href=\"http:\/\/www.carideal.com\/blog\/constructeur\/jeep\/\">TOUTES&nbsp;LES&nbsp;ACTUALIT\u00c9S&nbsp;JEEP<\/a><\/p>\n\n\n\n<h2 class=\"wp-block-heading\">Essais&nbsp;Jeep<\/h2>\n\n\n<ul class=\"lcp_catlist\" id=\"lcp_instance_0\"><li><a href=\"https:\/\/www.carideal.com\/blog\/2018\/01\/07\/10-meilleurs-suv-neige\/\">Les 10 meilleurs SUV dans la neige<\/a><div class=\"lcp_excerpt\">Les 10 meilleurs\u00a0SUV dans la neige\nEst-ce encore cette p\u00e9riode de l&rsquo;ann\u00e9e ? Vous savez, quand le sol dans les Alpes devient blanc et que les routes deviennent un peu plus glissantes que ce qu&rsquo;elles devraient vraiment \u00eatre. Il ne fait aucun doute que la traction int\u00e9grale peut faire une grande diff\u00e9rence dans vos d\u00e9placements quotidiens ...<\/div><\/li><li><a href=\"https:\/\/www.carideal.com\/blog\/2015\/06\/04\/renegade-la-jeep-qui-change-jeep\/\">Jeep Renegade la Jeep qui change Jeep<\/a><div class=\"lcp_excerpt\">Jeep Renegade la Jeep qui change Jeep\nPremier bilan six mois apr\u00e8s. Plus qu&rsquo;un succ\u00e8s, \u00e0 l&rsquo;\u00e9chelle de Jeep, c&rsquo;est une d\u00e9ferlante ! Le Jeep Renegade ne renie rien des valeurs de Jeep. Il les adapte \u00e0 l&rsquo;univers des SUV urbains et porte ainsi la marque m\u00e8re de tous les 4&#215;4 vers une autre plan\u00e8te. Le ...<\/div><\/li><li><a href=\"https:\/\/www.carideal.com\/blog\/2015\/03\/11\/jeep-renegade-renegat-mais-fidele\/\">Jeep Renegade Ren\u00e9gat mais fid\u00e8le<\/a><div class=\"lcp_excerpt\">Jeep Renegade Ren\u00e9gat mais fid\u00e8le\n\nMalgr\u00e9 une plateforme partag\u00e9e avec la 500X et des moteurs issus du groupe Fiat, le Renegade par\u00advient \u00e0 se d\u00e9marquer en affirmant sa personnalit\u00e9 de Jeep. Ce vrai 4&#215;4 bourr\u00e9 de d\u00e9tails amusants se montre vite attachant.\nUn randonneur escalade la lunette arri\u00e8re tandis qu&rsquo;une Willys grimpe dans l&rsquo;angle du pare-brise. Dans ...<\/div><\/li><\/ul>\n\n\n\n<p><a href=\"http:\/\/www.carideal.com\/blog\/essai\/essais-jeep\/\">TOUS&nbsp;LES&nbsp;ESSAIS&nbsp;JEEP<\/a><\/p>\n","protected":false},"excerpt":{"rendered":"<p>JEEP &#8211; Actualit\u00e9 essais Avis neuve et occasion Infos sur Jeep | Actualit\u00e9s | Essais | Jeep occasion | Jeep neuve | Financement\u00a0|\u00a0R\u00e9vision\u00a0|\u00a0Offres | Mandataire Jeep | Guide d\u2019achat Parmi toutes les marques prestigieuses, Carideal.com se devait de mettre en avant Jeep. Vous trouverez sur notre site web les informations sur la marque Jeep et &#8230; <a title=\"JEEP &#8211; Actualit\u00e9 essais Avis neuve et occasion\" class=\"read-more\" href=\"https:\/\/www.carideal.com\/blog\/marque-de-voiture-actualites-essais\/jeep\/\" aria-label=\"En savoir plus sur JEEP &#8211; Actualit\u00e9 essais Avis neuve et occasion\">Lire plus<\/a><\/p>\n","protected":false},"author":3,"featured_media":0,"parent":13389,"menu_order":0,"comment_status":"closed","ping_status":"closed","template":"","meta":{"_uag_custom_page_level_css":"","_themeisle_gutenberg_block_has_review":false,"footnotes":""},"class_list":["post-14988","page","type-page","status-publish"],"wppr_data":{"cwp_meta_box_check":"No"},"yoast_head":"<!-- This site is optimized with the Yoast SEO plugin v24.8.1 - https:\/\/yoast.com\/wordpress\/plugins\/seo\/ -->\n<title>JEEP - Actualit\u00e9 essais Avis neuve et occasion - Blog auto Carid\u00e9al<\/title>\n<meta name=\"description\" content=\"Parmi toutes les marques prestigieuses, Carideal.com se devait de mettre en avant Jeep. Vous trouvrez sur notre site web les informations sur la marque Jeep\" \/>\n<meta name=\"robots\" content=\"index, follow, max-snippet:-1, max-image-preview:large, max-video-preview:-1\" \/>\n<link rel=\"canonical\" href=\"https:\/\/www.carideal.com\/blog\/marque-de-voiture-actualites-essais\/jeep\/\" \/>\n<meta property=\"og:locale\" content=\"fr_FR\" \/>\n<meta property=\"og:type\" content=\"article\" \/>\n<meta property=\"og:title\" content=\"JEEP - Actualit\u00e9 essais Avis neuve et occasion - Blog auto Carid\u00e9al\" \/>\n<meta property=\"og:description\" content=\"Parmi toutes les marques prestigieuses, Carideal.com se devait de mettre en avant Jeep. Vous trouvrez sur notre site web les informations sur la marque Jeep\" \/>\n<meta property=\"og:url\" content=\"https:\/\/www.carideal.com\/blog\/marque-de-voiture-actualites-essais\/jeep\/\" \/>\n<meta property=\"og:site_name\" content=\"Blog auto Carid\u00e9al\" \/>\n<meta property=\"article:publisher\" content=\"https:\/\/www.facebook.com\/Carideal.mandataire.automobile\" \/>\n<meta property=\"article:modified_time\" content=\"2020-02-03T22:05:35+00:00\" \/>\n<meta property=\"og:image\" content=\"http:\/\/www.carideal.com\/blog\/wp-content\/uploads\/2017\/01\/jeep-grand-cherokee-srt-e1485418914847.jpg\" \/>\n<meta name=\"twitter:card\" content=\"summary_large_image\" \/>\n<meta name=\"twitter:site\" content=\"@caridealauto\" \/>\n<meta name=\"twitter:label1\" content=\"Dur\u00e9e de lecture estim\u00e9e\" \/>\n\t<meta name=\"twitter:data1\" content=\"1 minute\" \/>\n<script type=\"application\/ld+json\" class=\"yoast-schema-graph\">{\"@context\":\"https:\/\/schema.org\",\"@graph\":[{\"@type\":\"WebPage\",\"@id\":\"https:\/\/www.carideal.com\/blog\/marque-de-voiture-actualites-essais\/jeep\/\",\"url\":\"https:\/\/www.carideal.com\/blog\/marque-de-voiture-actualites-essais\/jeep\/\",\"name\":\"JEEP - Actualit\u00e9 essais Avis neuve et occasion - Blog auto Carid\u00e9al\",\"isPartOf\":{\"@id\":\"https:\/\/www.carideal.com\/blog\/#website\"},\"primaryImageOfPage\":{\"@id\":\"https:\/\/www.carideal.com\/blog\/marque-de-voiture-actualites-essais\/jeep\/#primaryimage\"},\"image\":{\"@id\":\"https:\/\/www.carideal.com\/blog\/marque-de-voiture-actualites-essais\/jeep\/#primaryimage\"},\"thumbnailUrl\":\"http:\/\/www.carideal.com\/blog\/wp-content\/uploads\/2017\/01\/jeep-grand-cherokee-srt-e1485418914847.jpg\",\"datePublished\":\"2017-01-26T08:24:52+00:00\",\"dateModified\":\"2020-02-03T22:05:35+00:00\",\"description\":\"Parmi toutes les marques prestigieuses, Carideal.com se devait de mettre en avant Jeep. Vous trouvrez sur notre site web les informations sur la marque Jeep\",\"breadcrumb\":{\"@id\":\"https:\/\/www.carideal.com\/blog\/marque-de-voiture-actualites-essais\/jeep\/#breadcrumb\"},\"inLanguage\":\"fr-FR\",\"potentialAction\":[{\"@type\":\"ReadAction\",\"target\":[\"https:\/\/www.carideal.com\/blog\/marque-de-voiture-actualites-essais\/jeep\/\"]}]},{\"@type\":\"ImageObject\",\"inLanguage\":\"fr-FR\",\"@id\":\"https:\/\/www.carideal.com\/blog\/marque-de-voiture-actualites-essais\/jeep\/#primaryimage\",\"url\":\"http:\/\/www.carideal.com\/blog\/wp-content\/uploads\/2017\/01\/jeep-grand-cherokee-srt-e1485418914847.jpg\",\"contentUrl\":\"http:\/\/www.carideal.com\/blog\/wp-content\/uploads\/2017\/01\/jeep-grand-cherokee-srt-e1485418914847.jpg\"},{\"@type\":\"BreadcrumbList\",\"@id\":\"https:\/\/www.carideal.com\/blog\/marque-de-voiture-actualites-essais\/jeep\/#breadcrumb\",\"itemListElement\":[{\"@type\":\"ListItem\",\"position\":1,\"name\":\"Blog Carid\u00e9al\",\"item\":\"https:\/\/www.carideal.com\/blog\/\"},{\"@type\":\"ListItem\",\"position\":2,\"name\":\"Marque de voiture\",\"item\":\"https:\/\/www.carideal.com\/blog\/marque-de-voiture-actualites-essais\/\"},{\"@type\":\"ListItem\",\"position\":3,\"name\":\"JEEP &#8211; Actualit\u00e9 essais Avis neuve et occasion\"}]},{\"@type\":\"WebSite\",\"@id\":\"https:\/\/www.carideal.com\/blog\/#website\",\"url\":\"https:\/\/www.carideal.com\/blog\/\",\"name\":\"Blog auto Carid\u00e9al\",\"description\":\"Actualit\u00e9 auto par des passionn\u00e9s\",\"publisher\":{\"@id\":\"https:\/\/www.carideal.com\/blog\/#organization\"},\"potentialAction\":[{\"@type\":\"SearchAction\",\"target\":{\"@type\":\"EntryPoint\",\"urlTemplate\":\"https:\/\/www.carideal.com\/blog\/?s={search_term_string}\"},\"query-input\":{\"@type\":\"PropertyValueSpecification\",\"valueRequired\":true,\"valueName\":\"search_term_string\"}}],\"inLanguage\":\"fr-FR\"},{\"@type\":\"Organization\",\"@id\":\"https:\/\/www.carideal.com\/blog\/#organization\",\"name\":\"Carideal\",\"url\":\"https:\/\/www.carideal.com\/blog\/\",\"logo\":{\"@type\":\"ImageObject\",\"inLanguage\":\"fr-FR\",\"@id\":\"https:\/\/www.carideal.com\/blog\/#\/schema\/logo\/image\/\",\"url\":\"http:\/\/www.carideal.com\/blog\/wp-content\/uploads\/2016\/03\/logo-carideal-mandataire-automobile.png\",\"contentUrl\":\"http:\/\/www.carideal.com\/blog\/wp-content\/uploads\/2016\/03\/logo-carideal-mandataire-automobile.png\",\"width\":300,\"height\":300,\"caption\":\"Carideal\"},\"image\":{\"@id\":\"https:\/\/www.carideal.com\/blog\/#\/schema\/logo\/image\/\"},\"sameAs\":[\"https:\/\/www.facebook.com\/Carideal.mandataire.automobile\",\"https:\/\/x.com\/caridealauto\",\"https:\/\/www.instagram.com\/carideal1\/\",\"https:\/\/www.linkedin.com\/company\/carideal.com\",\"https:\/\/fr.pinterest.com\/schiavonsas\/\",\"https:\/\/www.youtube.com\/user\/caridealsas\"]}]}<\/script>\n<!-- \/ Yoast SEO plugin. -->","yoast_head_json":{"title":"JEEP - Actualit\u00e9 essais Avis neuve et occasion - Blog auto Carid\u00e9al","description":"Parmi toutes les marques prestigieuses, Carideal.com se devait de mettre en avant Jeep. Vous trouvrez sur notre site web les informations sur la marque Jeep","robots":{"index":"index","follow":"follow","max-snippet":"max-snippet:-1","max-image-preview":"max-image-preview:large","max-video-preview":"max-video-preview:-1"},"canonical":"https:\/\/www.carideal.com\/blog\/marque-de-voiture-actualites-essais\/jeep\/","og_locale":"fr_FR","og_type":"article","og_title":"JEEP - Actualit\u00e9 essais Avis neuve et occasion - Blog auto Carid\u00e9al","og_description":"Parmi toutes les marques prestigieuses, Carideal.com se devait de mettre en avant Jeep. Vous trouvrez sur notre site web les informations sur la marque Jeep","og_url":"https:\/\/www.carideal.com\/blog\/marque-de-voiture-actualites-essais\/jeep\/","og_site_name":"Blog auto Carid\u00e9al","article_publisher":"https:\/\/www.facebook.com\/Carideal.mandataire.automobile","article_modified_time":"2020-02-03T22:05:35+00:00","og_image":[{"url":"http:\/\/www.carideal.com\/blog\/wp-content\/uploads\/2017\/01\/jeep-grand-cherokee-srt-e1485418914847.jpg","type":"","width":"","height":""}],"twitter_card":"summary_large_image","twitter_site":"@caridealauto","twitter_misc":{"Dur\u00e9e de lecture estim\u00e9e":"1 minute"},"schema":{"@context":"https:\/\/schema.org","@graph":[{"@type":"WebPage","@id":"https:\/\/www.carideal.com\/blog\/marque-de-voiture-actualites-essais\/jeep\/","url":"https:\/\/www.carideal.com\/blog\/marque-de-voiture-actualites-essais\/jeep\/","name":"JEEP - Actualit\u00e9 essais Avis neuve et occasion - Blog auto Carid\u00e9al","isPartOf":{"@id":"https:\/\/www.carideal.com\/blog\/#website"},"primaryImageOfPage":{"@id":"https:\/\/www.carideal.com\/blog\/marque-de-voiture-actualites-essais\/jeep\/#primaryimage"},"image":{"@id":"https:\/\/www.carideal.com\/blog\/marque-de-voiture-actualites-essais\/jeep\/#primaryimage"},"thumbnailUrl":"http:\/\/www.carideal.com\/blog\/wp-content\/uploads\/2017\/01\/jeep-grand-cherokee-srt-e1485418914847.jpg","datePublished":"2017-01-26T08:24:52+00:00","dateModified":"2020-02-03T22:05:35+00:00","description":"Parmi toutes les marques prestigieuses, Carideal.com se devait de mettre en avant Jeep. Vous trouvrez sur notre site web les informations sur la marque Jeep","breadcrumb":{"@id":"https:\/\/www.carideal.com\/blog\/marque-de-voiture-actualites-essais\/jeep\/#breadcrumb"},"inLanguage":"fr-FR","potentialAction":[{"@type":"ReadAction","target":["https:\/\/www.carideal.com\/blog\/marque-de-voiture-actualites-essais\/jeep\/"]}]},{"@type":"ImageObject","inLanguage":"fr-FR","@id":"https:\/\/www.carideal.com\/blog\/marque-de-voiture-actualites-essais\/jeep\/#primaryimage","url":"http:\/\/www.carideal.com\/blog\/wp-content\/uploads\/2017\/01\/jeep-grand-cherokee-srt-e1485418914847.jpg","contentUrl":"http:\/\/www.carideal.com\/blog\/wp-content\/uploads\/2017\/01\/jeep-grand-cherokee-srt-e1485418914847.jpg"},{"@type":"BreadcrumbList","@id":"https:\/\/www.carideal.com\/blog\/marque-de-voiture-actualites-essais\/jeep\/#breadcrumb","itemListElement":[{"@type":"ListItem","position":1,"name":"Blog Carid\u00e9al","item":"https:\/\/www.carideal.com\/blog\/"},{"@type":"ListItem","position":2,"name":"Marque de voiture","item":"https:\/\/www.carideal.com\/blog\/marque-de-voiture-actualites-essais\/"},{"@type":"ListItem","position":3,"name":"JEEP &#8211; Actualit\u00e9 essais Avis neuve et occasion"}]},{"@type":"WebSite","@id":"https:\/\/www.carideal.com\/blog\/#website","url":"https:\/\/www.carideal.com\/blog\/","name":"Blog auto Carid\u00e9al","description":"Actualit\u00e9 auto par des passionn\u00e9s","publisher":{"@id":"https:\/\/www.carideal.com\/blog\/#organization"},"potentialAction":[{"@type":"SearchAction","target":{"@type":"EntryPoint","urlTemplate":"https:\/\/www.carideal.com\/blog\/?s={search_term_string}"},"query-input":{"@type":"PropertyValueSpecification","valueRequired":true,"valueName":"search_term_string"}}],"inLanguage":"fr-FR"},{"@type":"Organization","@id":"https:\/\/www.carideal.com\/blog\/#organization","name":"Carideal","url":"https:\/\/www.carideal.com\/blog\/","logo":{"@type":"ImageObject","inLanguage":"fr-FR","@id":"https:\/\/www.carideal.com\/blog\/#\/schema\/logo\/image\/","url":"http:\/\/www.carideal.com\/blog\/wp-content\/uploads\/2016\/03\/logo-carideal-mandataire-automobile.png","contentUrl":"http:\/\/www.carideal.com\/blog\/wp-content\/uploads\/2016\/03\/logo-carideal-mandataire-automobile.png","width":300,"height":300,"caption":"Carideal"},"image":{"@id":"https:\/\/www.carideal.com\/blog\/#\/schema\/logo\/image\/"},"sameAs":["https:\/\/www.facebook.com\/Carideal.mandataire.automobile","https:\/\/x.com\/caridealauto","https:\/\/www.instagram.com\/carideal1\/","https:\/\/www.linkedin.com\/company\/carideal.com","https:\/\/fr.pinterest.com\/schiavonsas\/","https:\/\/www.youtube.com\/user\/caridealsas"]}]}},"uagb_featured_image_src":{"full":false,"thumbnail":false,"medium":false,"medium_large":false,"large":false,"1536x1536":false,"2048x2048":false,"wppr-widget":false},"uagb_author_info":{"display_name":"Nicolas SCHIAVON","author_link":"https:\/\/www.carideal.com\/blog\/author\/nschiavon\/"},"uagb_comment_info":0,"uagb_excerpt":"JEEP - Actualit\u00e9 essais Avis neuve et occasion Infos sur Jeep | Actualit\u00e9s | Essais | Jeep occasion | Jeep neuve | Financement\u00a0|\u00a0R\u00e9vision\u00a0|\u00a0Offres | Mandataire Jeep | Guide d\u2019achat Parmi toutes les marques prestigieuses, Carideal.com se devait de mettre en avant Jeep. Vous trouverez sur notre site web les informations sur la marque Jeep et\u2026","_links":{"self":[{"href":"https:\/\/www.carideal.com\/blog\/wp-json\/wp\/v2\/pages\/14988"}],"collection":[{"href":"https:\/\/www.carideal.com\/blog\/wp-json\/wp\/v2\/pages"}],"about":[{"href":"https:\/\/www.carideal.com\/blog\/wp-json\/wp\/v2\/types\/page"}],"author":[{"embeddable":true,"href":"https:\/\/www.carideal.com\/blog\/wp-json\/wp\/v2\/users\/3"}],"replies":[{"embeddable":true,"href":"https:\/\/www.carideal.com\/blog\/wp-json\/wp\/v2\/comments?post=14988"}],"version-history":[{"count":0,"href":"https:\/\/www.carideal.com\/blog\/wp-json\/wp\/v2\/pages\/14988\/revisions"}],"up":[{"embeddable":true,"href":"https:\/\/www.carideal.com\/blog\/wp-json\/wp\/v2\/pages\/13389"}],"wp:attachment":[{"href":"https:\/\/www.carideal.com\/blog\/wp-json\/wp\/v2\/media?parent=14988"}],"curies":[{"name":"wp","href":"https:\/\/api.w.org\/{rel}","templated":true}]}}