{"id":14815,"date":"2017-01-12T18:21:40","date_gmt":"2017-01-12T17:21:40","guid":{"rendered":"http:\/\/www.carideal.com\/blog\/?page_id=14815"},"modified":"2020-02-03T15:27:01","modified_gmt":"2020-02-03T14:27:01","slug":"honda","status":"publish","type":"page","link":"https:\/\/www.carideal.com\/blog\/marque-de-voiture-actualites-essais\/honda\/","title":{"rendered":"HONDA &#8211; Actualit\u00e9 essais Avis neuve et occasion"},"content":{"rendered":"<h2>HONDA - Actualit\u00e9 essais Avis neuve et occasion<\/h2>\n<p><a href=\"http:\/\/www.carideal.com\/blog\/marque-de-voiture-actualites-essais\/honda\/\">Infos sur Honda<\/a>&nbsp;|&nbsp;<a href=\"http:\/\/www.carideal.com\/blog\/constructeur\/honda\/\">Actualit\u00e9s<\/a>&nbsp;|&nbsp;<a href=\"http:\/\/www.carideal.com\/blog\/essai\/essais-honda\/\">Essais<\/a> | Honda occasion | Honda neuve | <a href=\"http:\/\/www.carideal.com\/blog\/credit-auto\/\">Financement<\/a>&nbsp;|&nbsp;<a href=\"http:\/\/www.carideal.com\/blog\/garage-automobile\/\">R\u00e9vision<\/a>&nbsp;|&nbsp;<a href=\"http:\/\/www.carideal.com\/blog\/offres-automobiles\/\">Offres<\/a> | Mandataire Honda | <a href=\"http:\/\/www.carideal.com\/blog\/tag\/guide-achat\/?=honda\">Guide d\u2019achat<\/a><\/p>\n<p>Parmi toutes les marques prestigieuses, Carideal.com se devait de mettre en avant Honda. Vous trouverez sur notre site web les informations sur la marque Honda et ses mod\u00e8les. Vous trouverez les diff\u00e9rents essais, les actualit\u00e9s et fiches techniques de la marque Honda ainsi que les annonces autos de la marque Honda. Nous mettrons tout en \u0153uvre pour vous donner le maximum d'informations sur la marque Honda.<\/p>\n<h2>Liste des mod\u00e8les&nbsp;Honda<\/h2>\n\n<p>&nbsp;<\/p>\n\n\n<figure class=\"wp-block-table is-style-stripes\"><table class=\"\"><tbody><tr><td>HONDA ACCORD<\/td><td>HONDA AERODECK<\/td><td>HONDA CR-V<\/td><td>HONDA CR-Z<\/td><\/tr><tr><td><\/td><td><\/td><td><img loading=\"lazy\" decoding=\"async\" width=\"150\" height=\"76\" class=\"wp-image-14816\" style=\"width: 150px;\" src=\"http:\/\/www.carideal.com\/blog\/wp-content\/uploads\/2017\/01\/Honda-CR-V-e1484241562228.jpg\" alt=\"Honda CR-V\"><\/td><td><\/td><\/tr><tr><td>HONDA CRX<\/td><td>HONDA CIVIC<\/td><td>HONDA CONCERTO<\/td><td>HONDA FR-V<\/td><\/tr><tr><td><\/td><td><\/td><td><\/td><td><\/td><\/tr><tr><td>HONDA HR-V<\/td><td>HONDA INSIGHT<\/td><td>HONDA INTEGRA<\/td><td>HONDA JAZZ<\/td><\/tr><tr><td><\/td><td><\/td><td><\/td><td><\/td><\/tr><tr><td>HONDA LEGEND<\/td><td>HONDA LOGO<\/td><td>HONDA NSX<\/td><td>HONDA PRELUDE<\/td><\/tr><tr><td><\/td><td><\/td><td><\/td><td><\/td><\/tr><tr><td>HONDA QUINTET<\/td><td>HONDA S2000<\/td><td>HONDA SHUTTLE<\/td><td>HONDA STREAM<\/td><\/tr><tr><td><\/td><td><\/td><td><\/td><td><\/td><\/tr><\/tbody><\/table><\/figure>\n\n\n\n<h2 class=\"wp-block-heading\">Actualit\u00e9s&nbsp;Honda<\/h2>\n\n\n<ul class=\"lcp_catlist\" id=\"lcp_instance_0\"><li><a href=\"https:\/\/www.carideal.com\/blog\/2016\/11\/24\/honda-clarity-la-voiture-a-hydrogene\/\">Honda Clarity la voiture \u00e0 Hydrog\u00e8ne arrive en Europe<\/a><div class=\"lcp_excerpt\">La pile \u00e0 combustible Honda Clarity \u00e0 hydrog\u00e8ne arrive en Europe\nJe ne me souviens plus si cela fait 10, 15 ou 20 ans qu&rsquo;on parle de la voiture \u00e0 Hydrog\u00e8ne et de sa pile \u00e0 combustible ? La solution miracle pour la voiture \u00e9cologique est l\u00e0. Toyota, BMW Honda s&rsquo;y sont essay\u00e9s. Mais voil\u00e0 que ...<\/div><\/li><li><a href=\"https:\/\/www.carideal.com\/blog\/2015\/10\/04\/nouvelle-honda-jazz-2016\/\">Nouvelle Honda Jazz 2016<\/a><div class=\"lcp_excerpt\">Nouvelle Honda Jazz 2016\nHonda a tout chang\u00e9 dans la nouvelle Jazz 2016\u00a0: ch\u00e2ssis, moteur, boite de vitesses m\u00e9canique \u00e0\u00a0six\u00a0rapports ou \u00e0\u00a0variation continue. Elle a encore gagn\u00e9 en espace int\u00e9rieur avec 9 cm de plus en longueur dont 3 proviennent de l&#8217;empattement.\u00a0 A 16 100\u20ac, la version \u00e9l\u00e9gance de la Jazz ne transpire pas le haut ...<\/div><\/li><li><a href=\"https:\/\/www.carideal.com\/blog\/2015\/03\/25\/honda-hr-v-2015\/\">Honda HR-V 2015 pr\u00e9sentation prix<\/a><div class=\"lcp_excerpt\">Honda HR-V 2015\u00a0le petit SUV\u00a0fait des progr\u00e8s en toute confiance dans un segment plein\u00a0de m&rsquo;as tu vu.\nPour son retour sur le segment des petits SUV, Le constructeur japonais\u00a0pr\u00e9sente un Honda HR-V 2015 \u00e0 la ligne originale, entre 4&#215;4 et coup\u00e9, dans un gabarit de 4,30 m. Un diesel de 120 ch et un nouveau moteur ...<\/div><\/li><li><a href=\"https:\/\/www.carideal.com\/blog\/2015\/03\/08\/essai-du-nouveau-honda-cr-v\/\">Essai du nouveau Honda CR-V 2015<\/a><div class=\"lcp_excerpt\">Essai du nouveau Honda CR-V 2015\nLe lifting du CR-V Honda ne fait pas les choses \u00e0 moiti\u00e9: quatre rapports suppl\u00e9mentaires en boite automatique, 40 ch supl\u00e9mentaires sur le 1.6 i-DTEC diesel et le malus dix fois moins! Le Tout enrob\u00e9 dans un style plus haut de gamme.\n\nFa\u00e7onner le Honda CR-V avec une nouvelle calandre, pare-chocs ...<\/div><\/li><li><a href=\"https:\/\/www.carideal.com\/blog\/2015\/01\/31\/honda-nsx-2015-le-retour\/\">Honda NSX 2015 le retour de la m\u00e9chante<\/a><div class=\"lcp_excerpt\">Honda NSX 2015 le retour de la m\u00e9chante\nHonda nous aura fait patienter 10 ans avant de nous ressortir une rempla\u00e7ante de sa supercar NSX. NSX veut dire New Sport eXperience. Cette NSX a \u00e9t\u00e9 con\u00e7u et sera fabriqu\u00e9e aux Etats-Unis ou elle sera commercialis\u00e9e en premier fin 2015, puis courant 2016 pour le march\u00e9 europ\u00e9en. ...<\/div><\/li><li><a href=\"https:\/\/www.carideal.com\/blog\/2014\/06\/20\/10-compacte-a-moins-de-12-000e-en-occasion\/\">Voiture occasion \u00e0 12000 euros<\/a><div class=\"lcp_excerpt\">Voiture occasion \u00e0 12000 euros : la concurrence est rude chez les compactes\nLa concurrence fait rage dans la cat\u00e9gorie voiture d&rsquo;occasion \u00e0 12000 euros berline et compacte. Il faut ajouter \u00e9galement une saturation de l\u2019offre sur le march\u00e9 de la voiture d\u2019occasion alors que la demande ralentie au profit d\u2019autres types de v\u00e9hicules, les SUV ...<\/div><\/li><li><a href=\"https:\/\/www.carideal.com\/blog\/2014\/06\/12\/la-honda-civic-tourer\/\">Honda Civic Tourer 2014<\/a><div class=\"lcp_excerpt\">Honda Civic Tourer 2014\nC&rsquo;est le grand retour de Honda dans le secteur des breaks apr\u00e8s 10 ans d&rsquo;absence avec sa Honda Civic Tourer 2014. La modularit\u00e9 est importante dans ce v\u00e9hicule car c&rsquo;est lui qui a la capacit\u00e9 de chargement record, de 624 l \u00e0 1668 litres. Une cavit\u00e9 est pr\u00e9sente sous le plancher et ...<\/div><\/li><li><a href=\"https:\/\/www.carideal.com\/blog\/2013\/11\/30\/civic-tourer\/\">Honda Civic Tourer : Confort et polyvalence r\u00e9volutionnaires gr\u00e2ce \u00e0 l&rsquo;amortissement adaptatif<\/a><div class=\"lcp_excerpt\">\nHonda Civic Tourer : Confort et polyvalence r\u00e9volutionnaires gr\u00e2ce \u00e0 l&rsquo;amortissement adaptatif\n\n\nLa Honda Civic Tourer sera commercialis\u00e9e en F\u00e9vrier 2014, pour environ 22000 \u20ac prix de d\u00e9part. Cela fait 10 ans que Honda avait disparu du segment des breaks compacts, il revient avec un style tr\u00e8s marqu\u00e9 et une grosse capacit\u00e9 de chargement. Le Tourer ...<\/div><\/li><li><a href=\"https:\/\/www.carideal.com\/blog\/2013\/11\/18\/essai-honda-cr-v-1-6-i-dtec-120-ch\/\">Essai Honda CR-V 1.6 i-DTEC 120 ch<\/a><div class=\"lcp_excerpt\">Essai Honda CR-V 1.6 i-DTEC 120 ch\nLe Honda CRV est enfin \u00e9quip\u00e9e du nouveau moteur diesel quatre cylindres 1.6 de 120 ch qui a tout d&rsquo;abord \u00e9quip\u00e9 la Civic. Honda r\u00e9duit le\u00a0poids de son SUV de 116 kg et son prix de 4000 \u20ac par rapport \u00e0 l&rsquo;ancien 2.2 de 150 ch. Donc le Honda ...<\/div><\/li><li><a href=\"https:\/\/www.carideal.com\/blog\/2013\/10\/21\/le-son-du-nouveau-moteur-honda-de-f1\/\">Le son du nouveau moteur Honda de F1<\/a><div class=\"lcp_excerpt\">Le son du moteur Honda de F1 2015\nLe partenariat Honda F1 et McLaren\nAujourd&rsquo;hui, Honda a publi\u00e9 un enregistrement sonore de son nouveau moteur de F1, un V6 de 1.6 L Turbo, qui vient juste de tourner pour la premi\u00e8re fois. Le moteur est en cours d&rsquo;\u00e9laboration pour la saison 2015 o\u00f9 Honda participera en tant ...<\/div><\/li><\/ul>\n\n\n\n<p><a href=\"http:\/\/www.carideal.com\/blog\/constructeur\/honda\/\">TOUTES&nbsp;LES&nbsp;ACTUALIT\u00c9S&nbsp;HONDA<\/a><\/p>\n\n\n\n<h2 class=\"wp-block-heading\">Essais&nbsp;Honda<\/h2>\n\n\n<ul class=\"lcp_catlist\" id=\"lcp_instance_0\"><li><a href=\"https:\/\/www.carideal.com\/blog\/2024\/02\/11\/la-honda-cr-v-1997-2001-un-pionnier-des-suv-compacts\/\">Honda CR-V (1997-2001) : Un Pionnier des SUV Compacts<\/a><div class=\"lcp_excerpt\">\nLa Honda CR-V (1997-2001) : Un Pionnier des SUV Compacts\n\n\nLa Honda CR-V Mk1, lanc\u00e9e entre 1997 et 2001, a marqu\u00e9 une r\u00e9volution dans le monde des SUV compacts. Avec son design utilitaire et ses fonctionnalit\u00e9s orient\u00e9es vers la praticit\u00e9, cette Honda s&rsquo;est impos\u00e9e comme un choix incontournable pour ceux qui recherchent un v\u00e9hicule \u00e0 la ...<\/div><\/li><li><a href=\"https:\/\/www.carideal.com\/blog\/2016\/11\/24\/honda-clarity-la-voiture-a-hydrogene\/\">Honda Clarity la voiture \u00e0 Hydrog\u00e8ne arrive en Europe<\/a><div class=\"lcp_excerpt\">La pile \u00e0 combustible Honda Clarity \u00e0 hydrog\u00e8ne arrive en Europe\nJe ne me souviens plus si cela fait 10, 15 ou 20 ans qu&rsquo;on parle de la voiture \u00e0 Hydrog\u00e8ne et de sa pile \u00e0 combustible ? La solution miracle pour la voiture \u00e9cologique est l\u00e0. Toyota, BMW Honda s&rsquo;y sont essay\u00e9s. Mais voil\u00e0 que ...<\/div><\/li><li><a href=\"https:\/\/www.carideal.com\/blog\/2015\/03\/08\/essai-du-nouveau-honda-cr-v\/\">Essai du nouveau Honda CR-V 2015<\/a><div class=\"lcp_excerpt\">Essai du nouveau Honda CR-V 2015\nLe lifting du CR-V Honda ne fait pas les choses \u00e0 moiti\u00e9: quatre rapports suppl\u00e9mentaires en boite automatique, 40 ch supl\u00e9mentaires sur le 1.6 i-DTEC diesel et le malus dix fois moins! Le Tout enrob\u00e9 dans un style plus haut de gamme.\n\nFa\u00e7onner le Honda CR-V avec une nouvelle calandre, pare-chocs ...<\/div><\/li><li><a href=\"https:\/\/www.carideal.com\/blog\/2014\/06\/12\/la-honda-civic-tourer\/\">Honda Civic Tourer 2014<\/a><div class=\"lcp_excerpt\">Honda Civic Tourer 2014\nC&rsquo;est le grand retour de Honda dans le secteur des breaks apr\u00e8s 10 ans d&rsquo;absence avec sa Honda Civic Tourer 2014. La modularit\u00e9 est importante dans ce v\u00e9hicule car c&rsquo;est lui qui a la capacit\u00e9 de chargement record, de 624 l \u00e0 1668 litres. Une cavit\u00e9 est pr\u00e9sente sous le plancher et ...<\/div><\/li><li><a href=\"https:\/\/www.carideal.com\/blog\/2013\/11\/18\/essai-honda-cr-v-1-6-i-dtec-120-ch\/\">Essai Honda CR-V 1.6 i-DTEC 120 ch<\/a><div class=\"lcp_excerpt\">Essai Honda CR-V 1.6 i-DTEC 120 ch\nLe Honda CRV est enfin \u00e9quip\u00e9e du nouveau moteur diesel quatre cylindres 1.6 de 120 ch qui a tout d&rsquo;abord \u00e9quip\u00e9 la Civic. Honda r\u00e9duit le\u00a0poids de son SUV de 116 kg et son prix de 4000 \u20ac par rapport \u00e0 l&rsquo;ancien 2.2 de 150 ch. Donc le Honda ...<\/div><\/li><li><a href=\"https:\/\/www.carideal.com\/blog\/2013\/08\/24\/honda-crv-doccasion\/\">Honda CRV d&rsquo;occasion &#8211; Essais<\/a><div class=\"lcp_excerpt\">Honda CR-V d&rsquo;occasion\nOn n&rsquo;a pas trop le choix de motorisation avec ce Honda CRV d&rsquo;occasion, un seul moteur diesel 2.2 i CTDI de 140 ch, pour la France, les moteurs essence ne se vendant pas. Mais nous avons l\u00e0 un SUV de qualit\u00e9 m\u00e9connu du grand public.\nLa vie \u00e0 Bord du Honda CRV d&rsquo;occasion\nTout d&rsquo;abord ...<\/div><\/li><li><a href=\"https:\/\/www.carideal.com\/blog\/2008\/08\/20\/honda-civic-2001-2005-d-occasion\/\">Honda Civic 2001-2005 d&rsquo;occasion \u00e0 l&rsquo;essai<\/a><div class=\"lcp_excerpt\">Honda Civic 2001-2005 d&rsquo;occasion \u00e0 l&rsquo;essai\n\nAvec cette g\u00e9n\u00e9ration de Honda Civic 2011 d&rsquo;occasion, pas de gros d\u00e9fauts, ni de r\u00e9el plaisir de conduite. Voici en quelques mots, une description sommaire de la Honda Civic septi\u00e8me du nom. Car au fil des ann\u00e9es, cette compacte qui a \u00e9t\u00e9 tr\u00e8s longtemps une des japonaises les plus populaires ...<\/div><\/li><\/ul>\n\n\n\n<p><a href=\"http:\/\/www.carideal.com\/blog\/essai\/essais-honda\/\">TOUS&nbsp;LES&nbsp;ESSAIS&nbsp;HONDA<\/a><\/p>\n","protected":false},"excerpt":{"rendered":"<p>HONDA &#8211; Actualit\u00e9 essais Avis neuve et occasion Infos sur Honda&nbsp;|&nbsp;Actualit\u00e9s&nbsp;|&nbsp;Essais | Honda occasion | Honda neuve | Financement&nbsp;|&nbsp;R\u00e9vision&nbsp;|&nbsp;Offres | Mandataire Honda | Guide d\u2019achat Parmi toutes les marques prestigieuses, Carideal.com se devait de mettre en avant Honda. Vous trouverez sur notre site web les informations sur la marque Honda et ses mod\u00e8les. Vous trouverez &#8230; <a title=\"HONDA &#8211; Actualit\u00e9 essais Avis neuve et occasion\" class=\"read-more\" href=\"https:\/\/www.carideal.com\/blog\/marque-de-voiture-actualites-essais\/honda\/\" aria-label=\"En savoir plus sur HONDA &#8211; Actualit\u00e9 essais Avis neuve et occasion\">Lire plus<\/a><\/p>\n","protected":false},"author":3,"featured_media":0,"parent":13389,"menu_order":0,"comment_status":"closed","ping_status":"closed","template":"","meta":{"_uag_custom_page_level_css":"","_themeisle_gutenberg_block_has_review":false,"footnotes":""},"class_list":["post-14815","page","type-page","status-publish"],"wppr_data":{"cwp_meta_box_check":"No"},"yoast_head":"<!-- This site is optimized with the Yoast SEO plugin v24.8.1 - https:\/\/yoast.com\/wordpress\/plugins\/seo\/ -->\n<title>HONDA - Actualit\u00e9 essais Avis neuve et occasion - Blog auto Carid\u00e9al<\/title>\n<meta name=\"description\" content=\"Parmi toutes les marques prestigieuses, Carideal.com se devait de mettre en avant Honda. Vous trouvrez sur notre site web les informations sur la marque\" \/>\n<meta name=\"robots\" content=\"index, follow, max-snippet:-1, max-image-preview:large, max-video-preview:-1\" \/>\n<link rel=\"canonical\" href=\"https:\/\/www.carideal.com\/blog\/marque-de-voiture-actualites-essais\/honda\/\" \/>\n<meta property=\"og:locale\" content=\"fr_FR\" \/>\n<meta property=\"og:type\" content=\"article\" \/>\n<meta property=\"og:title\" content=\"HONDA - Actualit\u00e9 essais Avis neuve et occasion - Blog auto Carid\u00e9al\" \/>\n<meta property=\"og:description\" content=\"Parmi toutes les marques prestigieuses, Carideal.com se devait de mettre en avant Honda. Vous trouvrez sur notre site web les informations sur la marque\" \/>\n<meta property=\"og:url\" content=\"https:\/\/www.carideal.com\/blog\/marque-de-voiture-actualites-essais\/honda\/\" \/>\n<meta property=\"og:site_name\" content=\"Blog auto Carid\u00e9al\" \/>\n<meta property=\"article:publisher\" content=\"https:\/\/www.facebook.com\/Carideal.mandataire.automobile\" \/>\n<meta property=\"article:modified_time\" content=\"2020-02-03T14:27:01+00:00\" \/>\n<meta property=\"og:image\" content=\"http:\/\/www.carideal.com\/blog\/wp-content\/uploads\/2017\/01\/Honda-CR-V-e1484241562228.jpg\" \/>\n<meta name=\"twitter:card\" content=\"summary_large_image\" \/>\n<meta name=\"twitter:site\" content=\"@caridealauto\" \/>\n<meta name=\"twitter:label1\" content=\"Dur\u00e9e de lecture estim\u00e9e\" \/>\n\t<meta name=\"twitter:data1\" content=\"1 minute\" \/>\n<script type=\"application\/ld+json\" class=\"yoast-schema-graph\">{\"@context\":\"https:\/\/schema.org\",\"@graph\":[{\"@type\":\"WebPage\",\"@id\":\"https:\/\/www.carideal.com\/blog\/marque-de-voiture-actualites-essais\/honda\/\",\"url\":\"https:\/\/www.carideal.com\/blog\/marque-de-voiture-actualites-essais\/honda\/\",\"name\":\"HONDA - Actualit\u00e9 essais Avis neuve et occasion - Blog auto Carid\u00e9al\",\"isPartOf\":{\"@id\":\"https:\/\/www.carideal.com\/blog\/#website\"},\"primaryImageOfPage\":{\"@id\":\"https:\/\/www.carideal.com\/blog\/marque-de-voiture-actualites-essais\/honda\/#primaryimage\"},\"image\":{\"@id\":\"https:\/\/www.carideal.com\/blog\/marque-de-voiture-actualites-essais\/honda\/#primaryimage\"},\"thumbnailUrl\":\"http:\/\/www.carideal.com\/blog\/wp-content\/uploads\/2017\/01\/Honda-CR-V-e1484241562228.jpg\",\"datePublished\":\"2017-01-12T17:21:40+00:00\",\"dateModified\":\"2020-02-03T14:27:01+00:00\",\"description\":\"Parmi toutes les marques prestigieuses, Carideal.com se devait de mettre en avant Honda. Vous trouvrez sur notre site web les informations sur la marque\",\"breadcrumb\":{\"@id\":\"https:\/\/www.carideal.com\/blog\/marque-de-voiture-actualites-essais\/honda\/#breadcrumb\"},\"inLanguage\":\"fr-FR\",\"potentialAction\":[{\"@type\":\"ReadAction\",\"target\":[\"https:\/\/www.carideal.com\/blog\/marque-de-voiture-actualites-essais\/honda\/\"]}]},{\"@type\":\"ImageObject\",\"inLanguage\":\"fr-FR\",\"@id\":\"https:\/\/www.carideal.com\/blog\/marque-de-voiture-actualites-essais\/honda\/#primaryimage\",\"url\":\"http:\/\/www.carideal.com\/blog\/wp-content\/uploads\/2017\/01\/Honda-CR-V-e1484241562228.jpg\",\"contentUrl\":\"http:\/\/www.carideal.com\/blog\/wp-content\/uploads\/2017\/01\/Honda-CR-V-e1484241562228.jpg\"},{\"@type\":\"BreadcrumbList\",\"@id\":\"https:\/\/www.carideal.com\/blog\/marque-de-voiture-actualites-essais\/honda\/#breadcrumb\",\"itemListElement\":[{\"@type\":\"ListItem\",\"position\":1,\"name\":\"Blog Carid\u00e9al\",\"item\":\"https:\/\/www.carideal.com\/blog\/\"},{\"@type\":\"ListItem\",\"position\":2,\"name\":\"Marque de voiture\",\"item\":\"https:\/\/www.carideal.com\/blog\/marque-de-voiture-actualites-essais\/\"},{\"@type\":\"ListItem\",\"position\":3,\"name\":\"HONDA &#8211; Actualit\u00e9 essais Avis neuve et occasion\"}]},{\"@type\":\"WebSite\",\"@id\":\"https:\/\/www.carideal.com\/blog\/#website\",\"url\":\"https:\/\/www.carideal.com\/blog\/\",\"name\":\"Blog auto Carid\u00e9al\",\"description\":\"Actualit\u00e9 auto par des passionn\u00e9s\",\"publisher\":{\"@id\":\"https:\/\/www.carideal.com\/blog\/#organization\"},\"potentialAction\":[{\"@type\":\"SearchAction\",\"target\":{\"@type\":\"EntryPoint\",\"urlTemplate\":\"https:\/\/www.carideal.com\/blog\/?s={search_term_string}\"},\"query-input\":{\"@type\":\"PropertyValueSpecification\",\"valueRequired\":true,\"valueName\":\"search_term_string\"}}],\"inLanguage\":\"fr-FR\"},{\"@type\":\"Organization\",\"@id\":\"https:\/\/www.carideal.com\/blog\/#organization\",\"name\":\"Carideal\",\"url\":\"https:\/\/www.carideal.com\/blog\/\",\"logo\":{\"@type\":\"ImageObject\",\"inLanguage\":\"fr-FR\",\"@id\":\"https:\/\/www.carideal.com\/blog\/#\/schema\/logo\/image\/\",\"url\":\"http:\/\/www.carideal.com\/blog\/wp-content\/uploads\/2016\/03\/logo-carideal-mandataire-automobile.png\",\"contentUrl\":\"http:\/\/www.carideal.com\/blog\/wp-content\/uploads\/2016\/03\/logo-carideal-mandataire-automobile.png\",\"width\":300,\"height\":300,\"caption\":\"Carideal\"},\"image\":{\"@id\":\"https:\/\/www.carideal.com\/blog\/#\/schema\/logo\/image\/\"},\"sameAs\":[\"https:\/\/www.facebook.com\/Carideal.mandataire.automobile\",\"https:\/\/x.com\/caridealauto\",\"https:\/\/www.instagram.com\/carideal1\/\",\"https:\/\/www.linkedin.com\/company\/carideal.com\",\"https:\/\/fr.pinterest.com\/schiavonsas\/\",\"https:\/\/www.youtube.com\/user\/caridealsas\"]}]}<\/script>\n<!-- \/ Yoast SEO plugin. -->","yoast_head_json":{"title":"HONDA - Actualit\u00e9 essais Avis neuve et occasion - Blog auto Carid\u00e9al","description":"Parmi toutes les marques prestigieuses, Carideal.com se devait de mettre en avant Honda. Vous trouvrez sur notre site web les informations sur la marque","robots":{"index":"index","follow":"follow","max-snippet":"max-snippet:-1","max-image-preview":"max-image-preview:large","max-video-preview":"max-video-preview:-1"},"canonical":"https:\/\/www.carideal.com\/blog\/marque-de-voiture-actualites-essais\/honda\/","og_locale":"fr_FR","og_type":"article","og_title":"HONDA - Actualit\u00e9 essais Avis neuve et occasion - Blog auto Carid\u00e9al","og_description":"Parmi toutes les marques prestigieuses, Carideal.com se devait de mettre en avant Honda. Vous trouvrez sur notre site web les informations sur la marque","og_url":"https:\/\/www.carideal.com\/blog\/marque-de-voiture-actualites-essais\/honda\/","og_site_name":"Blog auto Carid\u00e9al","article_publisher":"https:\/\/www.facebook.com\/Carideal.mandataire.automobile","article_modified_time":"2020-02-03T14:27:01+00:00","og_image":[{"url":"http:\/\/www.carideal.com\/blog\/wp-content\/uploads\/2017\/01\/Honda-CR-V-e1484241562228.jpg","type":"","width":"","height":""}],"twitter_card":"summary_large_image","twitter_site":"@caridealauto","twitter_misc":{"Dur\u00e9e de lecture estim\u00e9e":"1 minute"},"schema":{"@context":"https:\/\/schema.org","@graph":[{"@type":"WebPage","@id":"https:\/\/www.carideal.com\/blog\/marque-de-voiture-actualites-essais\/honda\/","url":"https:\/\/www.carideal.com\/blog\/marque-de-voiture-actualites-essais\/honda\/","name":"HONDA - Actualit\u00e9 essais Avis neuve et occasion - Blog auto Carid\u00e9al","isPartOf":{"@id":"https:\/\/www.carideal.com\/blog\/#website"},"primaryImageOfPage":{"@id":"https:\/\/www.carideal.com\/blog\/marque-de-voiture-actualites-essais\/honda\/#primaryimage"},"image":{"@id":"https:\/\/www.carideal.com\/blog\/marque-de-voiture-actualites-essais\/honda\/#primaryimage"},"thumbnailUrl":"http:\/\/www.carideal.com\/blog\/wp-content\/uploads\/2017\/01\/Honda-CR-V-e1484241562228.jpg","datePublished":"2017-01-12T17:21:40+00:00","dateModified":"2020-02-03T14:27:01+00:00","description":"Parmi toutes les marques prestigieuses, Carideal.com se devait de mettre en avant Honda. Vous trouvrez sur notre site web les informations sur la marque","breadcrumb":{"@id":"https:\/\/www.carideal.com\/blog\/marque-de-voiture-actualites-essais\/honda\/#breadcrumb"},"inLanguage":"fr-FR","potentialAction":[{"@type":"ReadAction","target":["https:\/\/www.carideal.com\/blog\/marque-de-voiture-actualites-essais\/honda\/"]}]},{"@type":"ImageObject","inLanguage":"fr-FR","@id":"https:\/\/www.carideal.com\/blog\/marque-de-voiture-actualites-essais\/honda\/#primaryimage","url":"http:\/\/www.carideal.com\/blog\/wp-content\/uploads\/2017\/01\/Honda-CR-V-e1484241562228.jpg","contentUrl":"http:\/\/www.carideal.com\/blog\/wp-content\/uploads\/2017\/01\/Honda-CR-V-e1484241562228.jpg"},{"@type":"BreadcrumbList","@id":"https:\/\/www.carideal.com\/blog\/marque-de-voiture-actualites-essais\/honda\/#breadcrumb","itemListElement":[{"@type":"ListItem","position":1,"name":"Blog Carid\u00e9al","item":"https:\/\/www.carideal.com\/blog\/"},{"@type":"ListItem","position":2,"name":"Marque de voiture","item":"https:\/\/www.carideal.com\/blog\/marque-de-voiture-actualites-essais\/"},{"@type":"ListItem","position":3,"name":"HONDA &#8211; Actualit\u00e9 essais Avis neuve et occasion"}]},{"@type":"WebSite","@id":"https:\/\/www.carideal.com\/blog\/#website","url":"https:\/\/www.carideal.com\/blog\/","name":"Blog auto Carid\u00e9al","description":"Actualit\u00e9 auto par des passionn\u00e9s","publisher":{"@id":"https:\/\/www.carideal.com\/blog\/#organization"},"potentialAction":[{"@type":"SearchAction","target":{"@type":"EntryPoint","urlTemplate":"https:\/\/www.carideal.com\/blog\/?s={search_term_string}"},"query-input":{"@type":"PropertyValueSpecification","valueRequired":true,"valueName":"search_term_string"}}],"inLanguage":"fr-FR"},{"@type":"Organization","@id":"https:\/\/www.carideal.com\/blog\/#organization","name":"Carideal","url":"https:\/\/www.carideal.com\/blog\/","logo":{"@type":"ImageObject","inLanguage":"fr-FR","@id":"https:\/\/www.carideal.com\/blog\/#\/schema\/logo\/image\/","url":"http:\/\/www.carideal.com\/blog\/wp-content\/uploads\/2016\/03\/logo-carideal-mandataire-automobile.png","contentUrl":"http:\/\/www.carideal.com\/blog\/wp-content\/uploads\/2016\/03\/logo-carideal-mandataire-automobile.png","width":300,"height":300,"caption":"Carideal"},"image":{"@id":"https:\/\/www.carideal.com\/blog\/#\/schema\/logo\/image\/"},"sameAs":["https:\/\/www.facebook.com\/Carideal.mandataire.automobile","https:\/\/x.com\/caridealauto","https:\/\/www.instagram.com\/carideal1\/","https:\/\/www.linkedin.com\/company\/carideal.com","https:\/\/fr.pinterest.com\/schiavonsas\/","https:\/\/www.youtube.com\/user\/caridealsas"]}]}},"uagb_featured_image_src":{"full":false,"thumbnail":false,"medium":false,"medium_large":false,"large":false,"1536x1536":false,"2048x2048":false,"wppr-widget":false},"uagb_author_info":{"display_name":"Nicolas SCHIAVON","author_link":"https:\/\/www.carideal.com\/blog\/author\/nschiavon\/"},"uagb_comment_info":0,"uagb_excerpt":"HONDA - Actualit\u00e9 essais Avis neuve et occasion Infos sur Honda&nbsp;|&nbsp;Actualit\u00e9s&nbsp;|&nbsp;Essais | Honda occasion | Honda neuve | Financement&nbsp;|&nbsp;R\u00e9vision&nbsp;|&nbsp;Offres | Mandataire Honda | Guide d\u2019achat Parmi toutes les marques prestigieuses, Carideal.com se devait de mettre en avant Honda. Vous trouverez sur notre site web les informations sur la marque Honda et ses mod\u00e8les. Vous trouverez\u2026","_links":{"self":[{"href":"https:\/\/www.carideal.com\/blog\/wp-json\/wp\/v2\/pages\/14815"}],"collection":[{"href":"https:\/\/www.carideal.com\/blog\/wp-json\/wp\/v2\/pages"}],"about":[{"href":"https:\/\/www.carideal.com\/blog\/wp-json\/wp\/v2\/types\/page"}],"author":[{"embeddable":true,"href":"https:\/\/www.carideal.com\/blog\/wp-json\/wp\/v2\/users\/3"}],"replies":[{"embeddable":true,"href":"https:\/\/www.carideal.com\/blog\/wp-json\/wp\/v2\/comments?post=14815"}],"version-history":[{"count":0,"href":"https:\/\/www.carideal.com\/blog\/wp-json\/wp\/v2\/pages\/14815\/revisions"}],"up":[{"embeddable":true,"href":"https:\/\/www.carideal.com\/blog\/wp-json\/wp\/v2\/pages\/13389"}],"wp:attachment":[{"href":"https:\/\/www.carideal.com\/blog\/wp-json\/wp\/v2\/media?parent=14815"}],"curies":[{"name":"wp","href":"https:\/\/api.w.org\/{rel}","templated":true}]}}